{"id":15761,"date":"2023-07-15T07:43:13","date_gmt":"2023-07-15T07:43:13","guid":{"rendered":"https:\/\/www.ticketswhales.com\/santo-domingo-city-tour-from-punta-cana-all-inclusive-day-trip\/"},"modified":"2023-07-15T07:43:13","modified_gmt":"2023-07-15T07:43:13","slug":"santo-domingo-city-tour-from-punta-cana-all-inclusive-day-trip","status":"publish","type":"page","link":"https:\/\/www.boattoursamana.com\/ar\/%d8%ac%d9%88%d9%84%d8%a9-%d9%85%d8%af%d9%8a%d9%86%d8%a9-%d8%b3%d8%a7%d9%86%d8%aa%d9%88-%d8%af%d9%88%d9%85%d9%8a%d9%86%d8%ba%d9%88-%d9%85%d9%86-%d8%a8%d9%88%d9%86%d8%aa%d8%a7-%d9%83%d8%a7%d9%86%d8%a7","title":{"rendered":"\u062c\u0648\u0644\u0629 \u0641\u064a \u0645\u062f\u064a\u0646\u0629 \u0633\u0627\u0646\u062a\u0648 \u062f\u0648\u0645\u064a\u0646\u063a\u0648 \u0645\u0646 \u0628\u0648\u0646\u062a\u0627 \u0643\u0627\u0646\u0627. \u0631\u062d\u0644\u0629 \u0646\u0647\u0627\u0631\u064a\u0629 \u0634\u0627\u0645\u0644\u0629."},"content":{"rendered":"<p><span style=\"vertical-align: inherit;\"><span style=\"vertical-align: inherit;\">Para trialar verdaderamente la rica historyia and Cultura de la Rep\u00fablica Dominicana\u060c \u00fanase a nosotros en un recorrido de todo el d\u00eda por Santo Domingo\u060c la ciudad m\u00e1s Antigua de Am\u00e9rica. <\/span><span style=\"vertical-align: inherit;\">Viajando en un autob\u00fas moderno\u060c limpio y c\u00f3modo\u060c ser\u00e1 entretenido por un gu\u00eda profesional que har\u00e1 que este viaje sea a la vez animado e informativo.<\/span><\/span><br \/>\n\u0646<br \/>\n\u0646<span style=\"vertical-align: inherit;\"><span style=\"vertical-align: inherit;\">Ver\u00e1 muchos sitios interesantes en el camino\u060c incluido el r\u00edo Chav\u00f3n\u060c que ha aparecido en pel\u00edculas\u060c como Apocalypse Now y Rambo. <\/span><span style=\"vertical-align: inherit;\">Visitando el Parque Nacional Los Tres Ojos y la Zona Colonial completea luego de un Almuerzo T\u00edpico Buffet.<\/span><\/span><br \/>\n\u0646<br \/>\n\u0646&\u0646bsp;<br \/>\n\u0646<br \/>\n\u0646<strong><span style=\"vertical-align: inherit;\"><span style=\"vertical-align: inherit;\">\u062c\u0648\u0644\u0629 Seleccione la fecha para el City:\u00a0<\/span><\/span><\/strong><\/p>\n<p>&nbsp;<\/p>\n<div class=\"vc_row wpb_row vc_row-fluid\" ><div class=\"wpb_column vc_column_container vc_col-sm-12\"><div class=\"vc_column-inner\"><div class=\"wpb_wrapper\"><div class=\"mkdf-section-title-holder\" style=\"text-align: left\">\n\t<div class=\"mkdf-st-inner\">\n\t\t\t\t\t<h5 class=\"mkdf-st-subtitle\" >\n\t\t\t\t\u064a\u0634\u0645\u0644 \u0627\u0644\u0646\u0642\u0644 \u0648\u0627\u0644\u063a\u062f\u0627\u0621\t\t\t<\/h5>\n\t\t\t\t\t\t\t<h3 class=\"mkdf-st-title\" >\n\t\t\t\t\u062c\u0648\u0644\u0629 \u0641\u064a \u0645\u062f\u064a\u0646\u0629 \u0633\u0627\u0646\u062a\u0648 \u062f\u0648\u0645\u064a\u0646\u063a\u0648 \u0645\u0646 \u0628\u0648\u0646\u062a\u0627 \u0643\u0627\u0646\u0627. \u0631\u062d\u0644\u0629 \u0646\u0647\u0627\u0631\u064a\u0629 \u0634\u0627\u0645\u0644\u0629.\t\t\t<\/h3>\n\t\t\t\t\t<\/div>\n<\/div><\/div><\/div><\/div><\/div><div class=\"vc_row wpb_row vc_row-fluid\" ><div class=\"wpb_column vc_column_container vc_col-sm-12\"><div class=\"vc_column-inner\"><div class=\"wpb_wrapper\"><div class=\"vc_btn3-container vc_btn3-inline\" ><button class=\"vc_general vc_btn3 vc_btn3-size-md vc_btn3-shape-rounded vc_btn3-style-modern vc_btn3-color-green\">\u0627\u062d\u062c\u0632 \u0627\u0644\u0622\u0646<\/button><\/div>\n\t<div class=\"wpb_text_column wpb_content_element\" >\n\t\t<div class=\"wpb_wrapper\">\n\t\t\t<p>\n\u0646<\/p>\n<h3 class=\"ui_header h1 attractions-product-info-ProductTitle__title--1qM0o\"><\/h3>\n<p>\u0646<\/p>\n<h4><b><i>\u0645\u0644\u062e\u0635 <\/i><\/b><\/h4>\n<p>\u0627\u0642\u0636\u064a \u064a\u0648\u0645\u064b\u0627 \u0641\u064a \u0627\u0644\u0645\u0646\u0637\u0642\u0629 \u0627\u0644\u062a\u0627\u0631\u064a\u062e\u064a\u0629 \u0627\u0644\u0627\u0633\u062a\u0639\u0645\u0627\u0631\u064a\u0629 \u0644\u0623\u0642\u062f\u0645 \u0645\u062f\u064a\u0646\u0629 \u0641\u064a \u0623\u0645\u0631\u064a\u0643\u0627 \u0627\u0644\u0644\u0627\u062a\u064a\u0646\u064a\u0629. \u0627\u0633\u062a\u0643\u0634\u0641 \u0627\u0644\u0645\u0639\u0627\u0644\u0645 \u0648\u0627\u0644\u0645\u0639\u0627\u0644\u0645 \u0627\u0644\u0628\u0627\u0631\u0632\u0629 \u0645\u062b\u0644 \u0633\u0627\u062d\u0629 \u0625\u0633\u0628\u0627\u0646\u064a\u0627 \u0648\u0627\u0644\u0642\u0635\u0631 \u0627\u0644\u0648\u0637\u0646\u064a \u0648\u0645\u0646\u0627\u0631\u0629 \u0643\u0648\u0644\u0648\u0645\u0628\u0648\u0633 \u0648\u0627\u0644\u0645\u0646\u0637\u0642\u0629 \u0627\u0644\u0627\u0633\u062a\u0639\u0645\u0627\u0631\u064a\u0629.<br \/>\n\u0646<br \/>\n\u062a\u0648\u0642\u0641 \u0639\u0646\u062f \u062d\u062f\u064a\u0642\u0629 Tree Eyes \u0627\u0644\u0648\u0637\u0646\u064a\u0629 \u0648\u0634\u0627\u0647\u062f \u0627\u0644\u0643\u0647\u0648\u0641 \u062a\u062d\u062a \u0627\u0644\u0623\u0631\u0636 \u0648\u0627\u0644\u0623\u062d\u0648\u0627\u0636 \u0627\u0644\u062a\u064a \u064a\u0633\u062a\u062e\u062f\u0645\u0647\u0627 Taino Indians. \u0641\u064a \u0627\u0644\u0628\u062f\u0627\u064a\u0629 \u0633\u064a\u062a\u0645 \u0627\u0635\u0637\u062d\u0627\u0628\u0643 \u0645\u0646 \u0641\u0646\u062f\u0642\u0643 \u0628\u0627\u0644\u062d\u0627\u0641\u0644\u0629.<br \/>\n\u0646<br \/>\n\u0633\u062a\u0628\u062f\u0623 \u0627\u0644\u062c\u0648\u0644\u0629 \u0628\u0644\u0642\u0627\u0621 \u0645\u0631\u0634\u062f \u0645\u062d\u062a\u0631\u0641 \u0633\u064a\u0648\u0641\u0631 \u0644\u0643 \u0628\u0639\u0636 \u0627\u0644\u0645\u0639\u0644\u0648\u0645\u0627\u062a \u0627\u0644\u0645\u062a\u0639\u0644\u0642\u0629 \u0628\u0627\u0644\u062c\u0632\u064a\u0631\u0629 \u0648\u062b\u0642\u0627\u0641\u0629 \u0627\u0644\u062f\u0648\u0645\u064a\u0646\u064a\u0643\u0627\u0646 \u0648\u0627\u0644\u0637\u0639\u0627\u0645 \u0648\u0627\u0644\u0645\u0648\u0633\u064a\u0642\u0649 \u0648\u063a\u064a\u0631 \u0630\u0644\u0643 \u0627\u0644\u0643\u062b\u064a\u0631. \u063a\u062f\u0627\u0621 \u0641\u064a \u0645\u0637\u0639\u0645 \u062f\u0648\u0645\u064a\u0646\u064a\u0643\u064a \u0646\u0645\u0648\u0630\u062c\u064a \u0645\u0634\u0645\u0648\u0644. \u0633\u062a\u0639\u0637\u064a\u0643 \u0647\u0630\u0647 \u0627\u0644\u062c\u0648\u0644\u0629 \u0628\u0627\u0644\u062a\u0623\u0643\u064a\u062f \u0627\u0644\u062a\u0627\u0631\u064a\u062e \u0627\u0644\u062d\u0642\u064a\u0642\u064a \u0644\u0647\u0630\u0647 \u0627\u0644\u062c\u0632\u064a\u0631\u0629!<br \/>\n\u0646<br \/>\n\u0628\u0639\u062f \u0647\u0630\u0647 \u0627\u0644\u062a\u062c\u0631\u0628\u0629 \u060c \u0633\u062a\u0639\u0648\u062f \u0625\u0644\u0649 \u0627\u0644\u0645\u0648\u0642\u0639 \u0627\u0644\u0630\u064a \u062a\u0642\u0627\u0628\u0644 \u0641\u064a\u0647 \u0627\u0644\u0645\u0631\u0634\u062f \u0627\u0644\u0633\u064a\u0627\u062d\u064a.<br \/>\n\u0646<br \/>\n\u0646&\u0646bsp;<br \/>\n\u0646<\/p>\n<h4><b>\u0627\u0644\u0627\u062f\u0631\u0627\u062c \u0648\u0627\u0644\u0627\u0633\u062a\u062b\u0646\u0627\u0621\u0627\u062a<\/b><\/h4>\n<p>\u0646<b>\u0627\u0644\u0627\u062f\u0631\u0627\u062c<\/b><br \/>\n\u0646<\/p>\n<ol>\n\u0646 \t<\/p>\n<li>\u0628\u0648\u0641\u064a\u0647 \u0627\u0644\u063a\u062f\u0627\u0621<\/li>\n<p>\u0646 \t<\/p>\n<li>\u0645\u0646\u0627\u0631\u0629 \u0643\u0648\u0644\u0648\u0645\u0628\u0648\u0633<\/li>\n<p>\u0646 \t<\/p>\n<li>\u0631\u062d\u0644\u0629 \u0646\u0647\u0627\u0631\u064a\u0629 \u0625\u0644\u0649 \u0633\u0627\u0646\u062a\u0648 \u062f\u0648\u0645\u064a\u0646\u063a\u0648<\/li>\n<p>\u0646 \t<\/p>\n<li>\u062d\u062f\u064a\u0642\u0629 \u0644\u0648\u0633 \u062a\u0631\u064a\u0633 \u0623\u0648\u062c\u0648\u0633 \u0627\u0644\u0648\u0637\u0646\u064a\u0629<\/li>\n<p>\u0646 \t<\/p>\n<li>\u0645\u0645\u0634\u0649 \u0627\u0644\u0645\u0646\u0637\u0642\u0629 \u0627\u0644\u0627\u0633\u062a\u0639\u0645\u0627\u0631\u064a\u0629<\/li>\n<p>\u0646 \t<\/p>\n<li>\u0627\u0644\u0642\u0635\u0631 \u0627\u0644\u0648\u0637\u0646\u064a<\/li>\n<p>\u0646 \t<\/p>\n<li>\u00a0\u0628\u0644\u0627\u0632\u0627 \u062f\u064a \u0625\u0633\u0628\u0627\u0646\u064a\u0627<\/li>\n<p>\u0646 \t<\/p>\n<li style=\"font-weight: 400;\"><span style=\"font-weight: 400;\">\u062c\u0645\u064a\u0639 \u0627\u0644\u0636\u0631\u0627\u0626\u0628 \u0648\u0627\u0644\u0631\u0633\u0648\u0645 \u0648\u0631\u0633\u0648\u0645 \u0627\u0644\u0645\u0646\u0627\u0648\u0644\u0629<\/span><\/li>\n<p>\u0646 \t<\/p>\n<li style=\"font-weight: 400;\"><span style=\"font-weight: 400;\">\u0627\u0644\u0636\u0631\u0627\u0626\u0628 \u0627\u0644\u0645\u062d\u0644\u064a\u0629<\/span><\/li>\n<p>\u0646 \t<\/p>\n<li style=\"font-weight: 400;\"><span style=\"font-weight: 400;\">\u0627\u0644\u0645\u0634\u0631\u0648\u0628\u0627\u062a<\/span><\/li>\n<p>\u0646 \t<\/p>\n<li>\u0648\u062c\u0628\u0627\u062a \u062e\u0641\u064a\u0641\u0629<\/li>\n<p>\u0646 \t<\/p>\n<li style=\"font-weight: 400;\"><span style=\"font-weight: 400;\">\u062f\u0644\u064a\u0644 \u0645\u062d\u0644\u064a<\/span><\/li>\n<p>\u0646<\/ol>\n<p>\u0646<b> \u0627\u0644\u0627\u0633\u062a\u062b\u0646\u0627\u0621\u0627\u062a<\/b><br \/>\n\u0646<\/p>\n<ol>\n\u0646 \t<\/p>\n<li style=\"font-weight: 400;\"><span style=\"font-weight: 400;\">\u0627\u0644\u0625\u0643\u0631\u0627\u0645\u064a\u0627\u062a<\/span><\/li>\n<p>\u0646 \t<\/p>\n<li style=\"font-weight: 400;\"><span style=\"font-weight: 400;\">\u0645\u0634\u0631\u0648\u0628\u0627\u062a \u0643\u062d\u0648\u0644\u064a\u0629<\/span><\/li>\n<p>\u0646<\/ol>\n<p>\u0646&\u0646bsp;<br \/>\n\u0646<\/p>\n<h4><em><strong>\u0631\u062d\u064a\u0644 \u0648\u0627\u0644\u0639\u0648\u062f\u0629<\/strong><\/em><\/h4>\n<p>\u0646<span style=\"font-weight: 400;\">\u0633\u064a\u062d\u0635\u0644 \u0627\u0644\u0645\u0633\u0627\u0641\u0631 \u0639\u0644\u0649 \u0646\u0642\u0637\u0629 \u0627\u0644\u062a\u0642\u0627\u0621 \u0628\u0639\u062f \u0639\u0645\u0644\u064a\u0629 \u0627\u0644\u062d\u062c\u0632. \u062a\u0628\u062f\u0623 \u0627\u0644\u062c\u0648\u0644\u0627\u062a \u0648\u062a\u0646\u062a\u0647\u064a \u0641\u064a \u0646\u0642\u0627\u0637 \u0627\u0644\u0627\u0644\u062a\u0642\u0627\u0621 \u0627\u0644\u062e\u0627\u0635\u0629 \u0628\u0643.<\/span><br \/>\n\u0646<\/p>\n<h3><\/h3>\n<p>\u0646<\/p>\n<h3 class=\"ui_header h1 attractions-product-info-ProductTitle__title--1qM0o\">\u062c\u0648\u0644\u0629 \u0641\u064a \u0645\u062f\u064a\u0646\u0629 \u0633\u0627\u0646\u062a\u0648 \u062f\u0648\u0645\u064a\u0646\u063a\u0648 \u0645\u0646 \u0628\u0648\u0646\u062a\u0627 \u0643\u0627\u0646\u0627. \u0631\u062d\u0644\u0629 \u0646\u0647\u0627\u0631\u064a\u0629 \u0634\u0627\u0645\u0644\u0629.<\/h3>\n<p>\u0646<\/p>\n<h4><b><i>\u0645\u0627\u0630\u0627 \u062a\u062a\u0648\u0642\u0639\u061f<\/i><\/b><\/h4>\n<p>\u0646<\/p>\n<div class=\"apd_content_block\" data-tab=\"TABS_OVERVIEW\">\n\u0646<\/p>\n<div class=\"ui_card section attractions-product-details-Overview__sectionMargin--uHktd attractions-product-details-Overview__cleanslateOverrideDT--39Ov7\"><\/div>\n<p>\u0646\n<\/p><\/div>\n<p>\u0646<\/p>\n<div data-tab=\"TABS_WHAT_TO_EXPECT\">\n\u0646<\/p>\n<div class=\"ui_card attractions-card-CollapsibleProductDetailsCard__cardContainer--3r2wk attractions-card-CollapsibleProductDetailsCard__cleanslateOverrideDT--2AJh0\">\n\u0646<\/p>\n<div class=\"attractions-card-CollapsibleCard__header--IDA3r\">\n\u0646<\/p>\n<div class=\"attractions-card-CollapsibleCard__headerSection--3gTKb\"><\/div>\n<p>\u0646\n<\/p><\/div>\n<p>\u0646<\/p>\n<div class=\"attractions-card-CollapsibleCard__content--2Ws8q\">\n\u0646<\/p>\n<div class=\"attractions-card-CollapsibleCard__contentWrap--374jk attractions-card-CollapsibleCard__titleUnderline--1uHze\">\n\u0646<\/p>\n<div class=\"attractions-card-CollapsibleProductDetailsCard__cardContent--23ext\">\n\u0646<\/p>\n<div class=\"common-text-ReadMore__readMore--3Iu8c common-text-ReadMore__variantFadeOut--1tInd\">\n\u0646<\/p>\n<div class=\"common-text-ReadMore__content--2X4LR\">\n\u0646<\/p>\n<div class=\"ui_columns is-desktop\">\n\u0646<\/p>\n<div class=\"ui_column\">\u0633\u0627\u0646\u062a\u0648 \u062f\u0648\u0645\u064a\u0646\u063a\u0648 \u0645\u062f\u064a\u0646\u0629 \u0633\u0627\u062d\u0631\u0629 \u060c \u0645\u0644\u064a\u0626\u0629 \u0628\u0627\u0644\u062a\u0627\u0631\u064a\u062e \u0648\u0627\u0644\u062b\u0642\u0627\u0641\u0629 \u0648\u0627\u0644\u0645\u0646\u0627\u0638\u0631 \u0627\u0644\u0637\u0628\u064a\u0639\u064a\u0629 \u0627\u0644\u0645\u0630\u0647\u0644\u0629. \u062a\u062c\u0648\u0644 \u0641\u064a \u0623\u0642\u062f\u0645 \u0639\u0627\u0635\u0645\u0629 \u0644\u0644\u0639\u0627\u0644\u0645 &quot;\u0627\u0644\u062c\u062f\u064a\u062f&quot; \u061b \u0633\u0627\u0646\u062a\u0648 \u062f\u0648\u0645\u064a\u0646\u063a\u0648 \u0647\u064a \u0623\u0648\u0644 \u0645\u062f\u064a\u0646\u0629 \u062a\u0623\u0633\u0633\u062a \u0641\u064a \u0623\u0645\u0631\u064a\u0643\u0627.<\/div>\n<p>\u0646<\/p>\n<div>\u0641\u064a \u0639\u0627\u0645 1992 \u060c \u0627\u062d\u062a\u0641\u0644\u062a \u0633\u0627\u0646\u062a\u0648 \u062f\u0648\u0645\u064a\u0646\u063a\u0648 \u060c \u0623\u0642\u062f\u0645 \u0645\u062f\u064a\u0646\u0629 \u0641\u064a \u0627\u0644\u0623\u0645\u0631\u064a\u0643\u062a\u064a\u0646 \u060c \u0628\u0627\u0644\u0630\u0643\u0631\u0649 \u0627\u0644\u0633\u0646\u0648\u064a\u0629 \u0627\u0644\u0640 500 \u0644\u0627\u0643\u062a\u0634\u0627\u0641\u0647\u0627 \u0645\u0646 \u0642\u0628\u0644 \u0643\u0631\u064a\u0633\u062a\u0648\u0641\u0631 \u0643\u0648\u0644\u0648\u0645\u0628\u0648\u0633. \u064a\u0648\u062c\u062f \u0641\u064a \u0633\u0627\u0646\u062a\u0648 \u062f\u0648\u0645\u064a\u0646\u063a\u0648 \u0623\u0648\u0644 \u0643\u0627\u062a\u062f\u0631\u0627\u0626\u064a\u0629 \u0648\u062c\u0627\u0645\u0639\u0629 \u0648\u0645\u0628\u0646\u0649 \u0628\u0644\u062f\u064a\u0629 \u0641\u064a \u0627\u0644\u0639\u0627\u0644\u0645 \u0627\u0644\u062c\u062f\u064a\u062f. \u0648\u0633\u0637 \u0627\u0644\u0645\u062f\u064a\u0646\u0629 \u0628\u0623\u0643\u0645\u0644\u0647 \u0645\u0643\u062a\u0638 \u0628\u0627\u0644\u0645\u0628\u0627\u0646\u064a \u0627\u0644\u0627\u0633\u062a\u0639\u0645\u0627\u0631\u064a\u0629 \u0645\u0646 \u0627\u0644\u0642\u0631\u0646\u064a\u0646 \u0627\u0644\u062e\u0627\u0645\u0633 \u0639\u0634\u0631 \u0648\u0627\u0644\u0633\u0627\u062f\u0633 \u0639\u0634\u0631.<\/div>\n<p>\u0646<\/p>\n<div>\u0641\u064a \u0647\u0630\u0647 \u0627\u0644\u062c\u0648\u0644\u0629 \u060c \u0644\u0646 \u062a\u0632\u0648\u0631 \u0641\u0642\u0637 \u0623\u0647\u0645 \u0627\u0644\u0645\u0628\u0627\u0646\u064a \u0627\u0644\u062a\u0627\u0631\u064a\u062e\u064a\u0629 \u0648\u0644\u0643\u0646 \u0623\u064a\u0636\u064b\u0627 \u0628\u0639\u0636 \u0627\u0644\u0645\u062a\u0627\u062d\u0641 \u0648\u0627\u0644\u0643\u0647\u0641 \u0627\u0644\u0631\u0627\u0626\u0639. &quot;Los Tres Ojos&quot; \u0647\u064a \u0627\u0644\u0645\u062d\u0637\u0629 \u0627\u0644\u0623\u0648\u0644\u0649 \u062d\u064a\u062b \u0633\u062a\u0631\u0649 \u0643\u0647\u0641\u064b\u0627 \u062a\u062a\u0639\u0631\u0641 \u0639\u0644\u0649 \u062d\u064a\u0627\u0629 Taino \u0627\u0644\u0647\u0646\u062f\u064a\u0629.<\/div>\n<p>\u0646<\/p>\n<div><\/div>\n<p>\u0646\n<\/p><\/div>\n<p>\u0646\n<\/p><\/div>\n<p>\u0646\n<\/p><\/div>\n<p>\u0646\n<\/p><\/div>\n<p>\u0646\n<\/p><\/div>\n<p>\u0646\n<\/p><\/div>\n<p>\u0646\n<\/p><\/div>\n<p>\u0646\n<\/p><\/div>\n<p>\u0646<\/p>\n<h4><em><strong>\u0645\u0627\u0630\u0627 \u064a\u062c\u0628 \u0623\u0646 \u062a\u062d\u0636\u0631\u061f<\/strong><\/em><\/h4>\n<p>\u0646<\/p>\n<ul>\n\u0646 \t<\/p>\n<li style=\"font-weight: 400;\"><span style=\"font-weight: 400;\">\u0622\u0644\u0629 \u062a\u0635\u0648\u064a\u0631<\/span><\/li>\n<p>\u0646 \t<\/p>\n<li style=\"font-weight: 400;\"><span style=\"font-weight: 400;\">\u0628\u0631\u0627\u0639\u0645 \u0637\u0627\u0631\u062f\u0629<\/span><\/li>\n<p>\u0646 \t<\/p>\n<li style=\"font-weight: 400;\"><span style=\"font-weight: 400;\">\u0648\u0627\u0642\u064a \u0627\u0644\u0634\u0645\u0633<\/span><\/li>\n<p>\u0646 \t<\/p>\n<li style=\"font-weight: 400;\"><span style=\"font-weight: 400;\">\u0642\u0628\u0639\u0629<\/span><\/li>\n<p>\u0646 \t<\/p>\n<li style=\"font-weight: 400;\"><span style=\"font-weight: 400;\">\u0628\u0646\u0637\u0627\u0644 \u0645\u0631\u064a\u062d<\/span><\/li>\n<p>\u0646 \t<\/p>\n<li style=\"font-weight: 400;\"><span style=\"font-weight: 400;\">\u0623\u062d\u0630\u064a\u0629 \u0627\u0644\u0645\u0634\u064a \u0644\u0645\u0633\u0627\u0641\u0627\u062a \u0637\u0648\u064a\u0644\u0629\u00a0<\/span><\/li>\n<p>\u0646 \t<\/p>\n<li style=\"font-weight: 400;\"><span style=\"font-weight: 400;\">\u0635\u0646\u0627\u062f\u0644 \u0644\u0645\u0646\u0627\u0637\u0642 \u0627\u0644\u0631\u0628\u064a\u0639.<\/span><\/li>\n<p>\u0646 \t<\/p>\n<li style=\"font-weight: 400;\"><span style=\"font-weight: 400;\">\u0644\u0628\u0627\u0633 \u0627\u0644\u0633\u0628\u0627\u062d\u0629<\/span><\/li>\n<p>\u0646<\/ul>\n<p>\u0646&\u0646bsp;<br \/>\n\u0646<\/p>\n<h4><b><i>\u0641\u0646\u062f\u0642 \u0628\u064a\u0643 \u0627\u0628 <\/i><\/b><\/h4>\n<p>\u0646<span style=\"font-weight: 400;\">\u064a\u062a\u0645 \u062a\u0642\u062f\u064a\u0645 \u062e\u062f\u0645\u0629 \u0627\u0644\u0646\u0642\u0644 \u0645\u0646 \u0627\u0644\u0645\u0633\u0627\u0641\u0631!<\/span><br \/>\n\u0646<br \/>\n\u0646<span style=\"font-weight: 400;\">\u0646\u062d\u0646 \u0646\u0644\u062a\u0642\u0637 \u0645\u0646 \u062c\u0645\u064a\u0639 \u0627\u0644\u0641\u0646\u0627\u062f\u0642 \u0641\u064a \u0628\u0648\u0646\u062a\u0627 \u0643\u0627\u0646\u0627. \u0645\u0643\u0627\u0646 \u0627\u0644\u0627\u0644\u062a\u0642\u0627\u0637 \u0647\u0648 \u0631\u062f\u0647\u0629 \u0627\u0644\u0641\u0646\u062f\u0642<br \/>\n\u0625\u0630\u0627 \u0643\u0646\u062a \u062a\u0642\u064a\u0645 \u0641\u064a \u0634\u0642\u0629 \u0641\u064a \u0627\u0644\u0645\u0646\u0637\u0642\u0629 \u060c \u0641\u0633\u0646\u0635\u0637\u062d\u0628\u0643 \u0641\u064a \u0627\u0644\u0634\u0642\u0629 \u0623\u0648 \u0639\u0646\u062f \u0645\u062f\u062e\u0644 \u0623\u0642\u0631\u0628 \u0645\u0646\u062a\u062c\u0639 .. \u0623\u0646\u0634\u0623\u0646\u0627 \u062e\u062f\u0645\u0629 Pick up \u0644\u0644\u062a\u0648\u0627\u0635\u0644 \u0645\u0639\u0646\u0627 \u0639\u0628\u0631 Whatsapp.<\/span><br \/>\n\u0646<br \/>\n\u0646<b>\u0645\u0644\u062d\u0648\u0638\u0629:<\/b><span style=\"font-weight: 400;\"> \u0625\u0630\u0627 \u0643\u0646\u062a \u062a\u0642\u0648\u0645 \u0628\u0627\u0644\u062d\u062c\u0632 \u0641\u064a \u063a\u0636\u0648\u0646 24 \u0633\u0627\u0639\u0629 \u0645\u0646 \u0648\u0642\u062a \u0645\u063a\u0627\u062f\u0631\u0629 \u0627\u0644\u062c\u0648\u0644\u0629 \/ \u0627\u0644\u0631\u062d\u0644\u0629 \u060c \u0641\u064a\u0645\u0643\u0646\u0646\u0627 \u062a\u0631\u062a\u064a\u0628 \u062e\u062f\u0645\u0629 \u0627\u0644\u062a\u0648\u0635\u064a\u0644 \u0645\u0646 \u0627\u0644\u0641\u0646\u062f\u0642. \u0628\u0645\u062c\u0631\u062f \u0627\u0643\u062a\u0645\u0627\u0644 \u0639\u0645\u0644\u064a\u0629 \u0627\u0644\u0634\u0631\u0627\u0621 \u060c \u0633\u0648\u0641 \u0646\u0631\u0633\u0644 \u0644\u0643 \u0645\u0639\u0644\u0648\u0645\u0627\u062a \u0627\u0644\u0627\u062a\u0635\u0627\u0644 \u0627\u0644\u0643\u0627\u0645\u0644\u0629 (\u0631\u0642\u0645 \u0627\u0644\u0647\u0627\u062a\u0641 \u0648\u0639\u0646\u0648\u0627\u0646 \u0627\u0644\u0628\u0631\u064a\u062f \u0627\u0644\u0625\u0644\u0643\u062a\u0631\u0648\u0646\u064a \u0648\u0645\u0627 \u0625\u0644\u0649 \u0630\u0644\u0643) \u0644\u0644\u062f\u0644\u064a\u0644 \u0627\u0644\u0633\u064a\u0627\u062d\u064a \u0627\u0644\u0645\u062d\u0644\u064a \u0627\u0644\u062e\u0627\u0635 \u0628\u0646\u0627 \u0644\u062a\u0646\u0638\u064a\u0645 \u062a\u0631\u062a\u064a\u0628\u0627\u062a \u0627\u0644\u0627\u0633\u062a\u0644\u0627\u0645.<\/span><br \/>\n\u0646<\/p>\n<h4><b><i>\u062a\u0623\u0643\u064a\u062f \u0627\u0644\u0645\u0639\u0644\u0648\u0645\u0627\u062a \u0627\u0644\u0625\u0636\u0627\u0641\u064a\u0629 <\/i><\/b><\/h4>\n<p>\u0646<\/p>\n<ol>\n\u0646 \t<\/p>\n<li>\u0627\u0644\u062a\u0630\u0627\u0643\u0631 \u0647\u064a \u0627\u0644\u0625\u064a\u0635\u0627\u0644 \u0628\u0639\u062f \u062f\u0641\u0639 \u0647\u0630\u0647 \u0627\u0644\u062c\u0648\u0644\u0629. \u064a\u0645\u0643\u0646\u0643 \u0625\u0638\u0647\u0627\u0631 \u0627\u0644\u062f\u0641\u0639 \u0639\u0644\u0649 \u0647\u0627\u062a\u0641\u0643.<\/li>\n<p>\u0646 \t<\/p>\n<li style=\"font-weight: 400;\"><span style=\"font-weight: 400;\">\u0633\u064a\u062a\u0645 \u0627\u0633\u062a\u0644\u0627\u0645 \u0646\u0642\u0637\u0629 \u0627\u0644\u0627\u0644\u062a\u0642\u0627\u0621 \u0628\u0639\u062f \u0639\u0645\u0644\u064a\u0629 \u0627\u0644\u062d\u062c\u0632.<\/span><\/li>\n<p>\u0646 \t<\/p>\n<li style=\"font-weight: 400;\"><span style=\"font-weight: 400;\">\u064a\u062c\u0628 \u0623\u0646 \u064a\u0635\u0627\u062d\u0628 \u0627\u0644\u0623\u0637\u0641\u0627\u0644 \u0645\u0646 \u0642\u0628\u0644 \u0627\u0644\u0643\u0628\u0627\u0631.<\/span><\/li>\n<p>\u0646 \t<\/p>\n<li style=\"font-weight: 400;\"><span style=\"font-weight: 400;\"> \u0644\u0627 \u064a\u0645\u0643\u0646 \u0627\u0644\u0648\u0635\u0648\u0644 \u0625\u0644\u064a\u0647\u0627 \u0628\u0648\u0627\u0633\u0637\u0629 \u0627\u0644\u0643\u0631\u0627\u0633\u064a \u0627\u0644\u0645\u062a\u062d\u0631\u0643\u0629 <\/span><\/li>\n<p>\u0646 \t<\/p>\n<li style=\"font-weight: 400;\"><span style=\"font-weight: 400;\">\u064a\u062c\u0628 \u0623\u0646 \u064a\u062c\u0644\u0633 \u0627\u0644\u0631\u0636\u0639 \u0639\u0644\u0649 \u0644\u0641\u0627\u062a <\/span><\/li>\n<p>\u0646 \t<\/p>\n<li style=\"font-weight: 400;\"><span style=\"font-weight: 400;\">\u0644\u0627 \u064a\u0646\u0635\u062d \u0628\u0647 \u0644\u0644\u0645\u0633\u0627\u0641\u0631\u064a\u0646 \u0627\u0644\u0630\u064a\u0646 \u064a\u0639\u0627\u0646\u0648\u0646 \u0645\u0646 \u0645\u0634\u0627\u0643\u0644 \u0641\u064a \u0627\u0644\u0638\u0647\u0631<\/span><\/li>\n<p>\u0646 \t<\/p>\n<li style=\"font-weight: 400;\"><span style=\"font-weight: 400;\">\u0644\u0627 \u064a\u0646\u0635\u062d \u0628\u0647 \u0644\u0644\u0645\u0633\u0627\u0641\u0631\u064a\u0646 \u0627\u0644\u062d\u0648\u0627\u0645\u0644 <\/span><\/li>\n<p>\u0646 \t<\/p>\n<li style=\"font-weight: 400;\"><span style=\"font-weight: 400;\"> \u0644\u0627 \u0645\u0634\u0627\u0643\u0644 \u0641\u064a \u0627\u0644\u0642\u0644\u0628 \u0623\u0648 \u063a\u064a\u0631\u0647\u0627 \u0645\u0646 \u0627\u0644\u062d\u0627\u0644\u0627\u062a \u0627\u0644\u0637\u0628\u064a\u0629 \u0627\u0644\u062e\u0637\u064a\u0631\u0629 <\/span><\/li>\n<p>\u0646 \t<\/p>\n<li style=\"font-weight: 400;\"><span style=\"font-weight: 400;\">\u064a\u0645\u0643\u0646 \u0644\u0645\u0639\u0638\u0645 \u0627\u0644\u0645\u0633\u0627\u0641\u0631\u064a\u0646 \u0627\u0644\u0645\u0634\u0627\u0631\u0643\u0629<\/span><\/li>\n<p>\u0646<\/ol>\n<p>\u0646<\/p>\n<h4><b><i>\u0633\u064a\u0627\u0633\u0629 \u0627\u0644\u0625\u0644\u063a\u0627\u0621<\/i><\/b><\/h4>\n<p>\u0644\u0627\u0633\u062a\u0631\u062f\u0627\u062f \u0643\u0627\u0645\u0644 \u0627\u0644\u0645\u0628\u0644\u063a\u060c \u064a\u0631\u062c\u0649 \u0642\u0631\u0627\u0621\u0629 \u0633\u064a\u0627\u0633\u0627\u062a \u0627\u0644\u0625\u0644\u063a\u0627\u0621 \u0627\u0644\u062e\u0627\u0635\u0629 \u0628\u0646\u0627\u00a0<a href=\"https:\/\/www.boattoursamana.com\/ar\/%d8%a7%d9%84%d8%ad%d8%ac%d8%b2-%d8%b9%d8%a8%d8%b1-%d8%a7%d9%84%d8%a5%d9%86%d8%aa%d8%b1%d9%86%d8%aa\/\" target=\"_blank\" rel=\"noopener\" data-saferedirecturl=\"https:\/\/www.google.com\/url?q=https:\/\/www.boattoursamana.com\/online-booking\/&amp;source=gmail&amp;ust=1672449202351000&amp;usg=AOvVaw1yAeVAPktmaVCqDujgUn90\">\u0627\u0646\u0642\u0631 \u0647\u0646\u0627<\/a>. \u0633\u062a\u0641\u0642\u062f \u0627\u0644\u0623\u0645\u0648\u0627\u0644 \u0625\u0630\u0627 \u062a\u0645 \u0625\u0644\u063a\u0627\u0621 \u0627\u0644\u062d\u062c\u0632 \u0641\u064a \u0646\u0641\u0633 \u064a\u0648\u0645 \u0627\u0644\u0631\u062d\u0644\u0629.<\/p>\n\n\t\t<\/div>\n\t<\/div>\n<div class=\"vc_btn3-container vc_btn3-inline\" ><button class=\"vc_general vc_btn3 vc_btn3-size-md vc_btn3-shape-rounded vc_btn3-style-modern vc_btn3-color-green\">\u0627\u062d\u062c\u0632 \u0627\u0644\u0622\u0646<\/button><\/div><\/div><\/div><\/div><\/div><div class=\"vc_row wpb_row vc_row-fluid\" ><div class=\"wpb_column vc_column_container vc_col-sm-12\"><div class=\"vc_column-inner\"><div class=\"wpb_wrapper\">\n\t<div class=\"wpb_video_widget wpb_content_element vc_clearfix   vc_video-aspect-ratio-169 vc_video-el-width-100 vc_video-align-left\" >\n\t\t<div class=\"wpb_wrapper\">\n\t\t\t<h2 class=\"wpb_heading wpb_video_heading\">\u0641\u064a\u062f\u064a\u0648 \u0633\u0627\u0646\u062a\u0648 \u062f\u0648\u0645\u064a\u0646\u063a\u0648:<\/h2>\n\t\t\t<div class=\"wpb_video_wrapper\"><iframe loading=\"lazy\" title=\"\u0633\u0627\u0646\u062a\u0648 \u062f\u0648\u0645\u064a\u0646\u063a\u0648 \u060c \u0639\u0627\u0635\u0645\u0629 \u062c\u0645\u0647\u0648\u0631\u064a\u0629 \u0627\u0644\u062f\u0648\u0645\u064a\u0646\u064a\u0643\u0627\u0646 | \u064a\u0648\u0645\u064a\u0627\u062a \u0627\u0644\u0633\u0641\u0631\" width=\"1100\" height=\"619\" src=\"https:\/\/www.youtube.com\/embed\/CixCl3alHJw?feature=oembed\" frameborder=\"0\" allow=\"accelerometer; autoplay; clipboard-write; encrypted-media; gyroscope; picture-in-picture; web-share\" allowfullscreen><\/iframe><\/div>\n\t\t<\/div>\n\t<\/div>\n<\/div><\/div><\/div><\/div><div class=\"vc_row wpb_row vc_row-fluid\" ><\/div><div class=\"wpb_column vc_column_container vc_col-sm-12\"><div class=\"vc_column-inner\"><div class=\"wpb_wrapper\"><div class=\"vc_btn3-container vc_btn3-inline\" ><button class=\"vc_general vc_btn3 vc_btn3-size-md vc_btn3-shape-rounded vc_btn3-style-modern vc_btn3-color-green\">\u0627\u062d\u062c\u0632 \u0627\u0644\u0622\u0646<\/button><\/div><\/div><\/div><\/div><div class=\"vc_empty_space\"   style=\"height: 32px\"><span class=\"vc_empty_space_inner\"><\/span><\/div><div class=\"vc_empty_space\"   style=\"height: 32px\"><span class=\"vc_empty_space_inner\"><\/span><\/div><div class=\"vc_row wpb_row vc_row-fluid\" ><div class=\"wpb_column vc_column_container vc_col-sm-12\"><div class=\"vc_column-inner\"><div class=\"wpb_wrapper\"><\/div><\/div><\/div><\/div>","protected":false},"excerpt":{"rendered":"<p>Para experimentar verdaderamente la rica historia y cultura de la Rep\u00fablica Dominicana, \u00fanase a nosotros en un recorrido de todo el d\u00eda por Santo Domingo, la ciudad m\u00e1s antigua de Am\u00e9rica. Viajando en un autob\u00fas moderno, limpio y c\u00f3modo, ser\u00e1 entretenido por un gu\u00eda profesional que har\u00e1 que este viaje sea a la vez animado e informativo. n nVer\u00e1 muchos sitios interesantes en el camino, incluido el r\u00edo Chav\u00f3n, que ha aparecido en pel\u00edculas, como Apocalypse Now y Rambo. Visitando [&hellip;]<\/p>\n","protected":false},"author":2,"featured_media":0,"parent":0,"menu_order":0,"comment_status":"open","ping_status":"closed","template":"","meta":{"footnotes":""},"class_list":["post-15761","page","type-page","status-publish","hentry"],"_links":{"self":[{"href":"https:\/\/www.boattoursamana.com\/ar\/wp-json\/wp\/v2\/pages\/15761","targetHints":{"allow":["GET"]}}],"collection":[{"href":"https:\/\/www.boattoursamana.com\/ar\/wp-json\/wp\/v2\/pages"}],"about":[{"href":"https:\/\/www.boattoursamana.com\/ar\/wp-json\/wp\/v2\/types\/page"}],"author":[{"embeddable":true,"href":"https:\/\/www.boattoursamana.com\/ar\/wp-json\/wp\/v2\/users\/2"}],"replies":[{"embeddable":true,"href":"https:\/\/www.boattoursamana.com\/ar\/wp-json\/wp\/v2\/comments?post=15761"}],"version-history":[{"count":0,"href":"https:\/\/www.boattoursamana.com\/ar\/wp-json\/wp\/v2\/pages\/15761\/revisions"}],"wp:attachment":[{"href":"https:\/\/www.boattoursamana.com\/ar\/wp-json\/wp\/v2\/media?parent=15761"}],"curies":[{"name":"wp","href":"https:\/\/api.w.org\/{rel}","templated":true}]}}