{"id":15775,"date":"2023-07-15T07:43:40","date_gmt":"2023-07-15T07:43:40","guid":{"rendered":"https:\/\/www.ticketswhales.com\/bahia-de-las-aguilas-beach-day-trip-by-boat-day-pass-snorkeling-lunch\/"},"modified":"2023-07-15T07:43:40","modified_gmt":"2023-07-15T07:43:40","slug":"bahia-de-las-aguilas-beach-day-trip-by-boat-day-pass-snorkeling-lunch","status":"publish","type":"page","link":"https:\/\/www.boattoursamana.com\/ar\/%d8%a8%d8%a7%d9%87%d9%8a%d8%a7-%d8%af%d9%8a-%d9%84%d8%a7%d8%b3-%d8%a3%d8%ac%d9%88%d9%8a%d9%84%d8%a7%d8%b3-%d8%a8%d9%8a%d8%aa%d8%b4-%d8%b1%d8%ad%d9%84%d8%a9-%d9%86%d9%87%d8%a7%d8%b1%d9%8a%d8%a9-%d8%a8","title":{"rendered":"Bah\u00eda de las \u00c1guilas: \u0631\u062d\u0644\u0629 \u0646\u0647\u0627\u0631\u064a\u0629 \u0639\u0644\u0649 \u0627\u0644\u0634\u0627\u0637\u0626 \u0628\u0627\u0644\u0642\u0627\u0631\u0628 - \u062a\u0630\u0643\u0631\u0629 \u0646\u0647\u0627\u0631\u064a\u0629 - \u0627\u0644\u063a\u0637\u0633 \u0648\u0627\u0644\u063a\u062f\u0627\u0621"},"content":{"rendered":"<p><span style=\"vertical-align: inherit;\"><span style=\"vertical-align: inherit;\">Compre un boleto de un d\u00eda a Bah\u00eda las \u00c1guilas desde Barahona. <\/span><span style=\"vertical-align: inherit;\">Conduciendo por el parque nacional Jaragua y rumbo a Cabo Rojo\u060c donde un bote lo espera. <\/span><span style=\"vertical-align: inherit;\">Despu\u00e9s de un viaje de 15 minutos en bote\u060c llegar\u00e1 a la hermosa y aislada \u0628\u0627\u0647\u064a\u0627 \u062f\u064a \u0644\u0627\u0633 \u00c1guilas \u060c \u0636\u0639 \u0641\u064a \u0627\u0639\u062a\u0628\u0627\u0631\u0643 la playa m\u00e1s hermosa del pa\u00eds. <\/span><span style=\"vertical-align: inherit;\">El almuerzo se servir\u00e1 en la playa y tendr\u00e1 la oportunidad de nadar o simplemente relajarse en la playa. <\/span><span style=\"vertical-align: inherit;\">Disfrute de la pr\u00edstina arena blanca de esta playa de 8 km de longitud.<\/span><\/span><br \/>\n\u0646<br \/>\n\u0646&\u0646bsp;<br \/>\n\u0646<br \/>\n\u0646<strong><span style=\"vertical-align: inherit;\"><span style=\"vertical-align: inherit;\">Seleccione el d\u00eda para este viaje:<\/span><\/span><\/strong><\/p>\n<p>&nbsp;<\/p>\n<div class=\"vc_row wpb_row vc_row-fluid\" ><div class=\"wpb_column vc_column_container vc_col-sm-12\"><div class=\"vc_column-inner\"><div class=\"wpb_wrapper\"><div class=\"vc_btn3-container vc_btn3-inline\" ><button class=\"vc_general vc_btn3 vc_btn3-size-md vc_btn3-shape-rounded vc_btn3-style-modern vc_btn3-color-green\">\u0627\u062d\u062c\u0632 \u0627\u0644\u0622\u0646<\/button><\/div><div class=\"mkdf-section-title-holder\" style=\"text-align: left\">\n\t<div class=\"mkdf-st-inner\">\n\t\t\t\t\t<h5 class=\"mkdf-st-subtitle\" >\n\t\t\t\t\u0627\u0644\u064a\u0648\u0645 \u0627\u0644\u0645\u0631\u0648\u0631 - \u0627\u0644\u063a\u0637\u0633 \u0648\u0627\u0644\u063a\u062f\u0627\u0621\t\t\t<\/h5>\n\t\t\t\t\t\t\t<h3 class=\"mkdf-st-title\" >\n\t\t\t\tBah\u00eda de las Aguilas: \u0631\u062d\u0644\u0629 \u0646\u0647\u0627\u0631\u064a\u0629 \u0639\u0644\u0649 \u0627\u0644\u0634\u0627\u0637\u0626 \u0628\u0627\u0644\u0642\u0627\u0631\u0628\t\t\t<\/h3>\n\t\t\t\t\t<\/div>\n<\/div><\/div><\/div><\/div><\/div><div class=\"vc_row wpb_row vc_row-fluid\" ><\/div><div class=\"wpb_column vc_column_container vc_col-sm-12\"><div class=\"vc_column-inner\"><div class=\"wpb_wrapper\"><\/div><\/div><\/div>\n\t<div class=\"wpb_text_column wpb_content_element\" >\n\t\t<div class=\"wpb_wrapper\">\n\t\t\t<p>\n\u0646<br \/>\n\u0623\u0646\u0627 \u0646\u0635. \u0627\u0646\u0642\u0631 \u0641\u0648\u0642 \u0632\u0631 \u0627\u0644\u062a\u062d\u0631\u064a\u0631 \u0644\u062a\u063a\u064a\u064a\u0631 \u0647\u0630\u0627 \u0627\u0644\u0646\u0635. Lorem ipsum dolor sit amet\u060c consectetur adipiscing elit. Ut elit tellus\u060c luctus nec ullamcorper mattis\u060c pulvinar dapibus leo.<br \/>\n\u0646<br \/>\n\u0646<\/p>\n\n\t\t<\/div>\n\t<\/div>\n<div class=\"vc_row wpb_row vc_row-fluid\" ><div class=\"wpb_column vc_column_container vc_col-sm-12\"><div class=\"vc_column-inner\"><div class=\"wpb_wrapper\"><div class=\"vc_btn3-container vc_btn3-inline\" ><button class=\"vc_general vc_btn3 vc_btn3-size-md vc_btn3-shape-rounded vc_btn3-style-modern vc_btn3-color-green\">\u0627\u062d\u062c\u0632 \u0627\u0644\u0622\u0646<\/button><\/div><\/div><\/div><\/div><\/div>","protected":false},"excerpt":{"rendered":"<p>Compre un boleto de un d\u00eda a Bah\u00eda las \u00c1guilas desde Barahona. Conduciendo por el parque nacional Jaragua y rumbo a Cabo Rojo, donde un bote lo espera. Despu\u00e9s de un viaje de 15 minutos en bote, llegar\u00e1 a la hermosa y aislada Bah\u00eda de las \u00c1guilas, considerada la playa m\u00e1s hermosa del pa\u00eds. El almuerzo se servir\u00e1 en la playa y tendr\u00e1 la oportunidad de nadar o simplemente relajarse en la playa. Disfrute de la pr\u00edstina arena blanca de [&hellip;]<\/p>\n","protected":false},"author":2,"featured_media":0,"parent":0,"menu_order":0,"comment_status":"open","ping_status":"closed","template":"","meta":{"footnotes":""},"class_list":["post-15775","page","type-page","status-publish","hentry"],"_links":{"self":[{"href":"https:\/\/www.boattoursamana.com\/ar\/wp-json\/wp\/v2\/pages\/15775","targetHints":{"allow":["GET"]}}],"collection":[{"href":"https:\/\/www.boattoursamana.com\/ar\/wp-json\/wp\/v2\/pages"}],"about":[{"href":"https:\/\/www.boattoursamana.com\/ar\/wp-json\/wp\/v2\/types\/page"}],"author":[{"embeddable":true,"href":"https:\/\/www.boattoursamana.com\/ar\/wp-json\/wp\/v2\/users\/2"}],"replies":[{"embeddable":true,"href":"https:\/\/www.boattoursamana.com\/ar\/wp-json\/wp\/v2\/comments?post=15775"}],"version-history":[{"count":0,"href":"https:\/\/www.boattoursamana.com\/ar\/wp-json\/wp\/v2\/pages\/15775\/revisions"}],"wp:attachment":[{"href":"https:\/\/www.boattoursamana.com\/ar\/wp-json\/wp\/v2\/media?parent=15775"}],"curies":[{"name":"wp","href":"https:\/\/api.w.org\/{rel}","templated":true}]}}