{"id":15831,"date":"2023-07-15T07:44:42","date_gmt":"2023-07-15T07:44:42","guid":{"rendered":"https:\/\/www.ticketswhales.com\/montana-redonda-miches-round-mountain-day-pass-lunch-included\/"},"modified":"2023-07-15T07:44:42","modified_gmt":"2023-07-15T07:44:42","slug":"montana-redonda-miches-round-mountain-day-pass-lunch-included","status":"publish","type":"page","link":"https:\/\/www.boattoursamana.com\/ar\/%d9%85%d9%88%d9%86%d8%aa%d8%a7%d9%86%d8%a7-%d8%b1%d9%8a%d8%af%d9%88%d9%86%d8%af%d8%a7-%d9%85%d9%8a%d8%aa%d8%b4%d9%8a%d8%b2-%d8%aa%d8%b0%d9%83%d8%b1%d8%a9-%d9%8a%d9%88%d9%85%d9%8a%d8%a9-%d9%84%d9%84","title":{"rendered":"\u0628\u0637\u0627\u0642\u0629 \u0645\u0648\u0646\u062a\u0627\u0646\u0627 \u0631\u064a\u062f\u0648\u0646\u062f\u0627 \u0645\u064a\u062a\u0634\u064a\u0633 (\u062c\u0648\u0644\u0629 \u062c\u0628\u0644\u064a\u0629). \u063a\u062f\u0627\u0621 \u0645\u0634\u0645\u0648\u0644."},"content":{"rendered":"<p><span style=\"vertical-align: inherit;\"><span style=\"vertical-align: inherit;\">Obtenga sus boletos de pase de un d\u00eda para Montana Redonda. <\/span><span style=\"vertical-align: inherit;\">\u0627\u062d\u062c\u0632 ahora su viaje a la monta\u00f1a y almuerce con nosotros mientras puede disfrutar de las incre\u00ed\u00edbles y tener el mejor viaje seguro de su vida.<\/span><\/span><br \/>\n\u0646<br \/>\n\u0646&\u0646bsp;<br \/>\n\u0646<br \/>\n\u0646<strong><span style=\"vertical-align: inherit;\"><span style=\"vertical-align: inherit;\">\u0633\u064a\u0644\u064a\u0634\u064a\u0648\u0646\u064a \u0644\u0627 \u0641\u064a\u0634\u0627 \u0628\u0627\u0631\u0627 \u0625\u0644 \u062a\u0648\u0631:\u00a0<\/span><\/span><\/strong><\/p>\n<p>&nbsp;<\/p>\n<div class=\"vc_row wpb_row vc_row-fluid\" ><div class=\"wpb_column vc_column_container vc_col-sm-12\"><div class=\"vc_column-inner\"><div class=\"wpb_wrapper\">\n\t<div class=\"wpb_text_column wpb_content_element\" >\n\t\t<div class=\"wpb_wrapper\">\n\t\t\t<p>\n\u0646<\/p>\n<h2><strong>\u0628\u0637\u0627\u0642\u0629 \u0645\u0648\u0646\u062a\u0627\u0646\u0627 \u0631\u064a\u062f\u0648\u0646\u062f\u0627 \u0645\u064a\u062a\u0634\u064a\u0633 (\u062c\u0648\u0644\u0629 \u062c\u0628\u0644\u064a\u0629).<\/strong><\/h2>\n<p>\u0646<\/p>\n\n\t\t<\/div>\n\t<\/div>\n<\/div><\/div><\/div><\/div><div class=\"vc_row wpb_row vc_row-fluid\" ><div class=\"wpb_column vc_column_container vc_col-sm-12\"><div class=\"vc_column-inner\"><div class=\"wpb_wrapper\">\n\t<div class=\"wpb_text_column wpb_content_element\" >\n\t\t<div class=\"wpb_wrapper\">\n\t\t\t<p>\n\u0646<\/p>\n<h3>\u0628\u0637\u0627\u0642\u0629 \u0645\u0648\u0646\u062a\u0627\u0646\u0627 \u0631\u064a\u062f\u0648\u0646\u062f\u0627 \u0645\u064a\u062a\u0634\u064a\u0633 (\u062c\u0648\u0644\u0629 \u062c\u0628\u0644\u064a\u0629). \u063a\u062f\u0627\u0621 \u0645\u062a\u0636\u0645\u0646.<\/h3>\n<p>\u0646<\/p>\n<h4><b><i>\u0645\u0644\u062e\u0635 <\/i><\/b><\/h4>\n<p>\u0627\u0635\u0639\u062f \u0639\u0644\u0649 \u0645\u062a\u0646 \u0634\u0627\u062d\u0646\u0629 \u0632\u0627\u0641\u0627\u0631\u064a \u0648\u0627\u0635\u0637\u062d\u0628\u0646\u0627 \u0625\u0644\u0649 \u0627\u0644\u0642\u0645\u0629 \u0628\u064a\u0646\u0645\u0627 \u062a\u0633\u062a\u0645\u062a\u0639 \u0628\u0627\u0644\u0645\u0646\u0627\u0638\u0631 \u0627\u0644\u0628\u0627\u0646\u0648\u0631\u0627\u0645\u064a\u0629 \u0644\u0644\u0637\u0628\u064a\u0639\u0629 \u0648\u0627\u0644\u0645\u062d\u064a\u0637. \u0639\u0646\u062f\u0645\u0627 \u062a\u0635\u0644 \u0625\u0644\u0649 \u0627\u0644\u0642\u0645\u0629 \u060c \u0633\u062a\u062a\u0627\u062d \u0644\u0643 \u0627\u0644\u0641\u0631\u0635\u0629 \u0644\u0645\u0641\u0627\u062c\u0623\u0629 \u0646\u0641\u0633\u0643 \u0648\u0627\u0644\u0648\u0642\u0648\u0639 \u0641\u064a \u062d\u0628 \u062c\u0645\u0627\u0644 \u0646\u0627\u0631\u0648\u062a\u0627\u0644\u064a\u0632\u0627 \u0623\u062b\u0646\u0627\u0621 \u0627\u0644\u062a\u0642\u0627\u0637 \u0628\u0639\u0636 \u0627\u0644\u0635\u0648\u0631 \u0627\u0644\u0645\u0630\u0647\u0644\u0629. \u0633\u064a\u0643\u0648\u0646 \u0644\u062f\u064a\u0643 \u063a\u062f\u0627\u0621 \u0648\u0648\u0642\u062a \u0644\u0644\u0627\u0633\u062a\u0631\u062e\u0627\u0621 \u0641\u064a \u0647\u0630\u0647 \u0627\u0644\u062c\u0646\u0629. \u0627\u062a\u0628\u0639 \u0628\u0625\u0637\u0644\u0627\u0644\u0629 \u0628\u0627\u0646\u0648\u0631\u0627\u0645\u064a\u0629 \u0628\u0632\u0627\u0648\u064a\u0629 360 \u062f\u0631\u062c\u0629 \u0641\u064a \u062c\u0628\u0644 \u0645\u0648\u0646\u062a\u0627\u0646\u0627 \u0631\u064a\u062f\u0648\u0646\u062f\u0627 \u0627\u0644\u0634\u0647\u064a\u0631 \u0627\u0644\u0630\u064a \u064a\u0628\u0644\u063a \u0627\u0631\u062a\u0641\u0627\u0639\u0647 1000 \u0642\u062f\u0645 \u062d\u064a\u062b \u0633\u062a\u0633\u062a\u0645\u062a\u0639 \u0628\u062a\u0646\u0627\u0648\u0644 \u0648\u062c\u0628\u0629 \u0648\u0623\u0646\u062a \u062a\u0646\u0638\u0631 \u0625\u0644\u0649 \u0627\u0644\u0637\u064a\u0648\u0631 \u0627\u0644\u0637\u0627\u0626\u0631\u0629 \u060c \u0648\u0625\u0637\u0644\u0627\u0644\u0629 \u062e\u0636\u0631\u0627\u0621 \u062e\u0644\u0627\u0628\u0629 \u0639\u0644\u0649 \u0627\u0644\u0637\u0628\u064a\u0639\u0629 \u0641\u064a \u0623\u0641\u0636\u0644 \u062d\u0627\u0644\u0627\u062a\u0647\u0627.<br \/>\n\u0646<br \/>\n\u0628\u0639\u062f \u0647\u0630\u0647 \u0627\u0644\u062a\u062c\u0631\u0628\u0629\u060c \u0633\u062a\u0639\u0648\u062f \u0625\u0644\u0649 \u0631\u062d\u0644\u0629 \u0627\u0644\u0633\u0641\u0627\u0631\u064a \u0644\u062a\u0623\u062e\u0630\u0643 \u0625\u0644\u0649 \u0646\u0642\u0637\u0629 \u0627\u0644\u0627\u0644\u062a\u0642\u0627\u0621 \u0644\u062f\u064a\u0646\u0627.<br \/>\n\u0646<\/p>\n<ul>\n\u0646 \t<\/p>\n<li style=\"font-weight: 400;\">\u0627\u0644\u0631\u0633\u0648\u0645 \u0645\u0634\u0645\u0648\u0644\u0629<\/li>\n<p>\u0646 \t<\/p>\n<li>\u063a\u062f\u0627\u0621<\/li>\n<p>\u0646 \t<\/p>\n<li>\u0627\u0644\u0646\u0642\u0644 \u0645\u0646 \u0646\u0642\u0637\u0629 \u0627\u0644\u0627\u0644\u062a\u0642\u0627\u0621.<\/li>\n<p>\u0646 \t<\/p>\n<li>\u0645\u0648\u0646\u062a\u0627\u0646\u0627 \u0631\u064a\u062f\u0648\u0646\u062f\u0627<\/li>\n<p>\u0646<\/ul>\n<p>\u0646<\/p>\n<h4><b>\u0627\u0644\u0627\u062f\u0631\u0627\u062c \u0648\u0627\u0644\u0627\u0633\u062a\u062b\u0646\u0627\u0621\u0627\u062a<\/b><\/h4>\n<p>\u0646<b>\u0627\u0644\u0627\u062f\u0631\u0627\u062c<\/b><br \/>\n\u0646<\/p>\n<ol>\n\u0646 \t<\/p>\n<li>\u0645\u0648\u0646\u062a\u0627\u0646\u0627 \u0631\u064a\u062f\u0648\u0646\u062f\u0627<\/li>\n<p>\u0646 \t<\/p>\n<li>\u063a\u062f\u0627\u0621<\/li>\n<p>\u0646 \t<\/p>\n<li style=\"font-weight: 400;\"><span style=\"font-weight: 400;\">\u062c\u0645\u064a\u0639 \u0627\u0644\u0636\u0631\u0627\u0626\u0628 \u0648\u0627\u0644\u0631\u0633\u0648\u0645 \u0648\u0631\u0633\u0648\u0645 \u0627\u0644\u0645\u0646\u0627\u0648\u0644\u0629<\/span><\/li>\n<p>\u0646 \t<\/p>\n<li style=\"font-weight: 400;\"><span style=\"font-weight: 400;\">\u0627\u0644\u0636\u0631\u0627\u0626\u0628 \u0627\u0644\u0645\u062d\u0644\u064a\u0629<\/span><\/li>\n<p>\u0646 \t<\/p>\n<li style=\"font-weight: 400;\"><span style=\"font-weight: 400;\">\u0627\u0644\u0645\u0634\u0631\u0648\u0628\u0627\u062a<\/span><\/li>\n<p>\u0646 \t<\/p>\n<li style=\"font-weight: 400;\"><span style=\"font-weight: 400;\">\u0643\u0644 \u0627\u0644\u0623\u0646\u0634\u0637\u0629<\/span><\/li>\n<p>\u0646 \t<\/p>\n<li style=\"font-weight: 400;\"><span style=\"font-weight: 400;\">\u062f\u0644\u064a\u0644 \u0645\u062d\u0644\u064a<\/span><\/li>\n<p>\u0646<\/ol>\n<p>\u0646<b> \u0627\u0644\u0627\u0633\u062a\u062b\u0646\u0627\u0621\u0627\u062a<\/b><br \/>\n\u0646<\/p>\n<ol>\n\u0646 \t<\/p>\n<li style=\"font-weight: 400;\"><span style=\"font-weight: 400;\">\u0627\u0644\u0625\u0643\u0631\u0627\u0645\u064a\u0627\u062a<\/span><\/li>\n<p>\u0646 \t<\/p>\n<li style=\"font-weight: 400;\"><span style=\"font-weight: 400;\">\u0645\u0634\u0631\u0648\u0628\u0627\u062a \u0643\u062d\u0648\u0644\u064a\u0629<\/span><\/li>\n<p>\u0646<\/ol>\n<p>\u0646&\u0646bsp;<br \/>\n\u0646<\/p>\n<h4><em><strong>\u0631\u062d\u064a\u0644 \u0648\u0627\u0644\u0639\u0648\u062f\u0629<\/strong><\/em><\/h4>\n<p>\u0646<span style=\"font-weight: 400;\">\u0633\u064a\u062d\u0635\u0644 \u0627\u0644\u0645\u0633\u0627\u0641\u0631 \u0639\u0644\u0649 \u0646\u0642\u0637\u0629 \u0627\u0644\u062a\u0642\u0627\u0621 \u0628\u0639\u062f \u0639\u0645\u0644\u064a\u0629 \u0627\u0644\u062d\u062c\u0632. \u062a\u0628\u062f\u0623 \u0627\u0644\u062c\u0648\u0644\u0627\u062a \u0648\u062a\u0646\u062a\u0647\u064a \u0641\u064a \u0646\u0642\u0627\u0637 \u0627\u0644\u0627\u0644\u062a\u0642\u0627\u0621 \u0627\u0644\u062e\u0627\u0635\u0629 \u0628\u0643.<\/span><br \/>\n\u0646<\/p>\n<h4><\/h4>\n<p>\u0646<\/p>\n<h3>\u0628\u0637\u0627\u0642\u0629 \u0645\u0648\u0646\u062a\u0627\u0646\u0627 \u0631\u064a\u062f\u0648\u0646\u062f\u0627 \u0645\u064a\u062a\u0634\u064a\u0633 (\u062c\u0648\u0644\u0629 \u062c\u0628\u0644\u064a\u0629). \u063a\u062f\u0627\u0621 \u0645\u062a\u0636\u0645\u0646.<\/h3>\n<p>\u0646<\/p>\n<h4><b><i>\u0645\u0627\u0630\u0627 \u062a\u062a\u0648\u0642\u0639\u061f<\/i><\/b><\/h4>\n<p>\u0646<em><strong>\u0627\u062d\u0635\u0644 \u0639\u0644\u0649 \u0627\u0644\u062a\u0630\u0627\u0643\u0631 \u0627\u0644\u062e\u0627\u0635\u0629 \u0628\u0643<\/strong><\/em> \u0644\u0632\u064a\u0627\u0631\u0629 \u0645\u0648\u0646\u062a\u0627\u0646\u0627 \u0631\u064a\u062f\u0648\u0646\u062f\u0627 (\u062c\u0628\u0644 \u0631\u0627\u0648\u0646\u062f) \u0641\u064a \u0645\u064a\u062a\u0634\u064a\u0633 \u060c \u0645\u0643\u0627\u0646 \u0644\u0627 \u064a\u064f\u0646\u0633\u0649 \u060c \u062d\u064a\u062b \u062a\u062d\u064a\u0637 \u0628\u0647 \u0637\u0628\u064a\u0639\u0629 \u0627\u0644\u0631\u064a\u0641 \u060c \u0648\u064a\u062a\u0645\u062a\u0639 \u0628\u0625\u0637\u0644\u0627\u0644\u0629 \u0628\u0627\u0646\u0648\u0631\u0627\u0645\u064a\u0629 \u060c \u062d\u064a\u062b \u064a\u062a\u062d\u062f \u0627\u0646\u0639\u0643\u0627\u0633 \u0627\u0644\u0628\u062d\u064a\u0631\u0627\u062a \u0645\u0639 \u0634\u0631\u0648\u0642 \u0627\u0644\u0634\u0645\u0633 \u0639\u0644\u0649 \u0627\u0644\u0634\u0627\u0637\u0626 \u0648\u063a\u0631\u0648\u0628\u0647\u0627 \u0645\u0639 \u062e\u0636\u0631\u0629 \u0627\u0644\u062c\u0628\u0627\u0644 \u0648\u0627\u0644\u0647\u0648\u0627\u0621 \u0627\u0644\u0646\u0642\u064a \u0648\u0627\u0644\u0637\u064a\u0648\u0631 \u0627\u0644\u0645\u063a\u0631\u062f\u0629 \u0648\u0627\u0644\u0633\u0644\u0627\u0645 \u0648\u0627\u0644\u0647\u062f\u0648\u0621 \u0627\u0644\u0630\u064a \u064a\u0645\u0644\u0623\u0646\u0627 \u0628\u0631\u063a\u0628\u0629 \u0627\u0644\u0628\u0642\u0627\u0621.<br \/>\n\u0646<\/p>\n<div class=\"body-description secondary\">\n\u0646<br \/>\n\u0647\u0630\u0627 \u0627\u0644\u0645\u0643\u0627\u0646 \u0644\u062a\u0646\u0627\u0648\u0644 \u063a\u062f\u0627\u0621 \u0646\u0645\u0648\u0630\u062c\u064a \u060c \u0625\u0630\u0627 \u0643\u0646\u062a \u0646\u0628\u0627\u062a\u064a\u064b\u0627 \u0641\u0644\u0627 \u062f\u0627\u0639\u064a \u0644\u0644\u0642\u0644\u0642 \u060c \u0641\u0644\u062f\u064a\u0646\u0627 \u0623\u064a\u0636\u064b\u0627 \u0637\u0639\u0627\u0645\u064b\u0627 \u0644\u0643!<br \/>\n\u0646<br \/>\n\u0628\u0639\u062f \u0627\u0644\u063a\u062f\u0627\u0621 \u060c \u064a\u0645\u0643\u0646\u0643 \u062a\u062d\u062f\u064a\u062f \u0645\u0648\u0639\u062f \u0627\u0646\u062a\u0647\u0627\u0621 \u0627\u0644\u0631\u062d\u0644\u0629.<br \/>\n\u0646<br \/>\n\u0646<\/div>\n<p>\u0641\u064a \u062d\u0627\u0644\u0629 \u0631\u063a\u0628\u062a\u0643 \u0641\u064a \u0647\u0630\u0647 \u0627\u0644\u0631\u062d\u0644\u0629 \u0644\u0641\u062a\u0631\u0629 \u0623\u0637\u0648\u0644 \u0623\u0648 \u0623\u0642\u0635\u0631 \u060c \u0641\u0642\u0637 \u0627\u062a\u0635\u0644 \u0628\u0646\u0627.<br \/>\n\u0646<br \/>\n\u0646&\u0646bsp;<br \/>\n\u0646<\/p>\n<h4><em><strong>\u0645\u0627\u0630\u0627 \u064a\u062c\u0628 \u0623\u0646 \u062a\u062d\u0636\u0631\u061f<\/strong><\/em><\/h4>\n<p>\u0646<\/p>\n<ul>\n\u0646 \t<\/p>\n<li style=\"font-weight: 400;\"><span style=\"font-weight: 400;\">\u0622\u0644\u0629 \u062a\u0635\u0648\u064a\u0631<\/span><\/li>\n<p>\u0646 \t<\/p>\n<li style=\"font-weight: 400;\"><span style=\"font-weight: 400;\">\u0628\u0631\u0627\u0639\u0645 \u0637\u0627\u0631\u062f\u0629<\/span><\/li>\n<p>\u0646 \t<\/p>\n<li style=\"font-weight: 400;\"><span style=\"font-weight: 400;\">\u0648\u0627\u0642\u064a \u0627\u0644\u0634\u0645\u0633<\/span><\/li>\n<p>\u0646 \t<\/p>\n<li style=\"font-weight: 400;\"><span style=\"font-weight: 400;\">\u0642\u0628\u0639\u0629<\/span><\/li>\n<p>\u0646 \t<\/p>\n<li style=\"font-weight: 400;\"><span style=\"font-weight: 400;\">\u0628\u0646\u0637\u0627\u0644 \u0645\u0631\u064a\u062d<\/span><\/li>\n<p>\u0646 \t<\/p>\n<li style=\"font-weight: 400;\"><span style=\"font-weight: 400;\">\u0623\u062d\u0630\u064a\u0629 \u0627\u0644\u0645\u0634\u064a \u0644\u0645\u0633\u0627\u0641\u0627\u062a \u0637\u0648\u064a\u0644\u0629 \u0644\u0644\u063a\u0627\u0628\u0627\u062a<\/span><\/li>\n<p>\u0646<\/ul>\n<p>\u0646&\u0646bsp;<br \/>\n\u0646<\/p>\n<h4><b><i>\u0641\u0646\u062f\u0642 \u0628\u064a\u0643 \u0627\u0628 <\/i><\/b><\/h4>\n<p>\u0646<span style=\"font-weight: 400;\">\u0644\u0627 \u064a\u062a\u0645 \u062a\u0642\u062f\u064a\u0645 \u062e\u062f\u0645\u0629 \u0627\u0644\u062a\u0648\u0635\u064a\u0644 \u0645\u0646 \u0627\u0644\u0641\u0646\u062f\u0642 \u0644\u0647\u0630\u0647 \u0627\u0644\u062c\u0648\u0644\u0629.<br \/>\n\u0646<\/span><br \/>\n\u0646<br \/>\n\u0646&\u0646bsp;<br \/>\n\u0646<br \/>\n\u0646<b>\u0645\u0644\u062d\u0648\u0638\u0629:<\/b><span style=\"font-weight: 400;\"> \u0625\u0630\u0627 \u0643\u0646\u062a \u062a\u0642\u0648\u0645 \u0628\u0627\u0644\u062d\u062c\u0632 \u0641\u064a \u063a\u0636\u0648\u0646 24 \u0633\u0627\u0639\u0629 \u0645\u0646 \u0645\u0648\u0639\u062f \u0627\u0646\u0637\u0644\u0627\u0642 \u0627\u0644\u062c\u0648\u0644\u0629 \/ \u0627\u0644\u0631\u062d\u0644\u0629 \u060c \u0641\u064a\u0645\u0643\u0646\u0646\u0627 \u062a\u0631\u062a\u064a\u0628 \u062e\u062f\u0645\u0629 \u0627\u0644\u062a\u0648\u0635\u064a\u0644 \u0645\u0646 \u0627\u0644\u0641\u0646\u062f\u0642 \u0645\u0642\u0627\u0628\u0644 \u0631\u0633\u0648\u0645 \u0625\u0636\u0627\u0641\u064a\u0629. \u0628\u0645\u062c\u0631\u062f \u0627\u0643\u062a\u0645\u0627\u0644 \u0639\u0645\u0644\u064a\u0629 \u0627\u0644\u0634\u0631\u0627\u0621 \u060c \u0633\u0648\u0641 \u0646\u0631\u0633\u0644 \u0644\u0643 \u0645\u0639\u0644\u0648\u0645\u0627\u062a \u0627\u0644\u0627\u062a\u0635\u0627\u0644 \u0627\u0644\u0643\u0627\u0645\u0644\u0629 (\u0631\u0642\u0645 \u0627\u0644\u0647\u0627\u062a\u0641 \u0648\u0639\u0646\u0648\u0627\u0646 \u0627\u0644\u0628\u0631\u064a\u062f \u0627\u0644\u0625\u0644\u0643\u062a\u0631\u0648\u0646\u064a \u0648\u0645\u0627 \u0625\u0644\u0649 \u0630\u0644\u0643) \u0644\u0644\u062f\u0644\u064a\u0644 \u0627\u0644\u0633\u064a\u0627\u062d\u064a \u0627\u0644\u0645\u062d\u0644\u064a \u0627\u0644\u062e\u0627\u0635 \u0628\u0646\u0627 \u0644\u062a\u0646\u0638\u064a\u0645 \u062a\u0631\u062a\u064a\u0628\u0627\u062a \u0627\u0644\u0627\u0633\u062a\u0644\u0627\u0645.<\/span><br \/>\n\u0646<\/p>\n<h4><b><i>\u062a\u0623\u0643\u064a\u062f \u0627\u0644\u0645\u0639\u0644\u0648\u0645\u0627\u062a \u0627\u0644\u0625\u0636\u0627\u0641\u064a\u0629 <\/i><\/b><\/h4>\n<p>\u0646<\/p>\n<ol>\n\u0646 \t<\/p>\n<li>\u0627\u0644\u062a\u0630\u0627\u0643\u0631 \u0647\u064a \u0627\u0644\u0625\u064a\u0635\u0627\u0644 \u0628\u0639\u062f \u062f\u0641\u0639 \u0647\u0630\u0647 \u0627\u0644\u062c\u0648\u0644\u0629. \u064a\u0645\u0643\u0646\u0643 \u0625\u0638\u0647\u0627\u0631 \u0627\u0644\u062f\u0641\u0639 \u0639\u0644\u0649 \u0647\u0627\u062a\u0641\u0643.<\/li>\n<p>\u0646 \t<\/p>\n<li style=\"font-weight: 400;\"><span style=\"font-weight: 400;\">\u0633\u064a\u062a\u0645 \u0627\u0633\u062a\u0644\u0627\u0645 \u0646\u0642\u0637\u0629 \u0627\u0644\u0627\u0644\u062a\u0642\u0627\u0621 \u0628\u0639\u062f \u0639\u0645\u0644\u064a\u0629 \u0627\u0644\u062d\u062c\u0632.<\/span><\/li>\n<p>\u0646 \t<\/p>\n<li style=\"font-weight: 400;\"><span style=\"font-weight: 400;\">\u064a\u062c\u0628 \u0623\u0646 \u064a\u0635\u0627\u062d\u0628 \u0627\u0644\u0623\u0637\u0641\u0627\u0644 \u0645\u0646 \u0642\u0628\u0644 \u0627\u0644\u0643\u0628\u0627\u0631.<\/span><\/li>\n<p>\u0646 \t<\/p>\n<li style=\"font-weight: 400;\"><span style=\"font-weight: 400;\"> \u0644\u0627 \u064a\u0645\u0643\u0646 \u0627\u0644\u0648\u0635\u0648\u0644 \u0625\u0644\u064a\u0647\u0627 \u0628\u0648\u0627\u0633\u0637\u0629 \u0627\u0644\u0643\u0631\u0627\u0633\u064a \u0627\u0644\u0645\u062a\u062d\u0631\u0643\u0629 <\/span><\/li>\n<p>\u0646 \t<\/p>\n<li style=\"font-weight: 400;\"><span style=\"font-weight: 400;\">\u064a\u062c\u0628 \u0623\u0646 \u064a\u062c\u0644\u0633 \u0627\u0644\u0631\u0636\u0639 \u0639\u0644\u0649 \u0644\u0641\u0627\u062a <\/span><\/li>\n<p>\u0646 \t<\/p>\n<li style=\"font-weight: 400;\"><span style=\"font-weight: 400;\">\u0644\u0627 \u064a\u0646\u0635\u062d \u0628\u0647 \u0644\u0644\u0645\u0633\u0627\u0641\u0631\u064a\u0646 \u0627\u0644\u0630\u064a\u0646 \u064a\u0639\u0627\u0646\u0648\u0646 \u0645\u0646 \u0645\u0634\u0627\u0643\u0644 \u0641\u064a \u0627\u0644\u0638\u0647\u0631<\/span><\/li>\n<p>\u0646 \t<\/p>\n<li style=\"font-weight: 400;\"><span style=\"font-weight: 400;\">\u0644\u0627 \u064a\u0646\u0635\u062d \u0628\u0647 \u0644\u0644\u0645\u0633\u0627\u0641\u0631\u064a\u0646 \u0627\u0644\u062d\u0648\u0627\u0645\u0644 <\/span><\/li>\n<p>\u0646 \t<\/p>\n<li style=\"font-weight: 400;\"><span style=\"font-weight: 400;\"> \u0644\u0627 \u0645\u0634\u0627\u0643\u0644 \u0641\u064a \u0627\u0644\u0642\u0644\u0628 \u0623\u0648 \u063a\u064a\u0631\u0647\u0627 \u0645\u0646 \u0627\u0644\u062d\u0627\u0644\u0627\u062a \u0627\u0644\u0637\u0628\u064a\u0629 \u0627\u0644\u062e\u0637\u064a\u0631\u0629 <\/span><\/li>\n<p>\u0646 \t<\/p>\n<li style=\"font-weight: 400;\"><span style=\"font-weight: 400;\">\u064a\u0645\u0643\u0646 \u0644\u0645\u0639\u0638\u0645 \u0627\u0644\u0645\u0633\u0627\u0641\u0631\u064a\u0646 \u0627\u0644\u0645\u0634\u0627\u0631\u0643\u0629<\/span><\/li>\n<p>\u0646<\/ol>\n<p>\u0646<\/p>\n<h4><b><i>\u0633\u064a\u0627\u0633\u0629 \u0627\u0644\u0625\u0644\u063a\u0627\u0621<\/i><\/b><\/h4>\n<p>\u0644\u0627\u0633\u062a\u0631\u062f\u0627\u062f \u0643\u0627\u0645\u0644 \u0627\u0644\u0645\u0628\u0644\u063a\u060c \u064a\u0631\u062c\u0649 \u0642\u0631\u0627\u0621\u0629 \u0633\u064a\u0627\u0633\u0627\u062a \u0627\u0644\u0625\u0644\u063a\u0627\u0621 \u0627\u0644\u062e\u0627\u0635\u0629 \u0628\u0646\u0627\u00a0<a href=\"https:\/\/www.boattoursamana.com\/ar\/%d8%a7%d9%84%d8%ad%d8%ac%d8%b2-%d8%b9%d8%a8%d8%b1-%d8%a7%d9%84%d8%a5%d9%86%d8%aa%d8%b1%d9%86%d8%aa\/\" target=\"_blank\" rel=\"noopener\" data-saferedirecturl=\"https:\/\/www.google.com\/url?q=https:\/\/www.boattoursamana.com\/online-booking\/&amp;source=gmail&amp;ust=1672449202351000&amp;usg=AOvVaw1yAeVAPktmaVCqDujgUn90\">\u0627\u0646\u0642\u0631 \u0647\u0646\u0627<\/a>. \u0633\u062a\u0641\u0642\u062f \u0627\u0644\u0623\u0645\u0648\u0627\u0644 \u0625\u0630\u0627 \u062a\u0645 \u0625\u0644\u063a\u0627\u0621 \u0627\u0644\u062d\u062c\u0632 \u0641\u064a \u0646\u0641\u0633 \u064a\u0648\u0645 \u0627\u0644\u0631\u062d\u0644\u0629.<\/p>\n\n\t\t<\/div>\n\t<\/div>\n<\/div><\/div><\/div><\/div><div class=\"vc_row wpb_row vc_row-fluid\" ><div class=\"wpb_column vc_column_container vc_col-sm-12\"><div class=\"vc_column-inner\"><div class=\"wpb_wrapper\"><div class=\"vc_empty_space\"   style=\"height: 32px\"><span class=\"vc_empty_space_inner\"><\/span><\/div>\n\t<div class=\"wpb_video_widget wpb_content_element vc_clearfix   vc_video-aspect-ratio-169 vc_video-el-width-100 vc_video-align-left\" >\n\t\t<div class=\"wpb_wrapper\">\n\t\t\t<h2 class=\"wpb_heading wpb_video_heading\">\u0641\u064a\u062f\u064a\u0648 \u0645\u0648\u0646\u062a\u0627\u0646\u0627 \u0631\u064a\u062f\u0648\u0646\u062f\u0627:<\/h2>\n\t\t\t<div class=\"wpb_video_wrapper\"><iframe loading=\"lazy\" title=\"\u0645\u0648\u0646\u062a\u0627\u0646\u0627 \u0631\u064a\u062f\u0648\u0646\u062f\u0627 | \u0628\u0648\u0646\u062a\u0627 \u0643\u0627\u0646\u0627 | \u0631\u064a\u0628\u0648\u0628\u0644\u064a\u0643\u0627 \u062f\u0648\u0645\u064a\u0646\u064a\u0643\u0627\u0646\u0627 | \u0645\u064a\u062a\u0634\u064a\u0633\" width=\"1100\" height=\"619\" src=\"https:\/\/www.youtube.com\/embed\/VMXCABYGIYs?feature=oembed\" frameborder=\"0\" allow=\"accelerometer; autoplay; clipboard-write; encrypted-media; gyroscope; picture-in-picture; web-share\" allowfullscreen><\/iframe><\/div>\n\t\t<\/div>\n\t<\/div>\n<div class=\"vc_empty_space\"   style=\"height: 32px\"><span class=\"vc_empty_space_inner\"><\/span><\/div><\/div><\/div><\/div><\/div><div class=\"vc_row wpb_row vc_row-fluid\" ><\/div><div class=\"wpb_column vc_column_container vc_col-sm-12\"><div class=\"vc_column-inner\"><div class=\"wpb_wrapper\"><\/div><\/div><\/div><div class=\"vc_empty_space\"   style=\"height: 32px\"><span class=\"vc_empty_space_inner\"><\/span><\/div>\n\t<div class=\"wpb_text_column wpb_content_element\" >\n\t\t<div class=\"wpb_wrapper\">\n\t\t\t<p>\n\u0646<br \/>\n\u0623\u0646\u0627 \u0646\u0635. \u0627\u0646\u0642\u0631 \u0641\u0648\u0642 \u0632\u0631 \u0627\u0644\u062a\u062d\u0631\u064a\u0631 \u0644\u062a\u063a\u064a\u064a\u0631 \u0647\u0630\u0627 \u0627\u0644\u0646\u0635. Lorem ipsum dolor sit amet\u060c consectetur adipiscing elit. Ut elit tellus\u060c luctus nec ullamcorper mattis\u060c pulvinar dapibus leo.<br \/>\n\u0646<br \/>\n\u0646<\/p>\n\n\t\t<\/div>\n\t<\/div>\n<div class=\"vc_empty_space\"   style=\"height: 32px\"><span class=\"vc_empty_space_inner\"><\/span><\/div>","protected":false},"excerpt":{"rendered":"<p>\u0627\u062d\u0635\u0644 \u0639\u0644\u0649 \u0637\u0644\u0642\u0627\u062a \u0627\u0644\u0645\u0631\u0648\u0631 \u0627\u0644\u062e\u0627\u0635\u0629 \u0628\u0643 \u0641\u064a \u064a\u0648\u0645 \u0648\u0627\u062d\u062f \u0644\u0645\u0648\u0646\u062a\u0627\u0646\u0627 \u0631\u064a\u062f\u0648\u0646\u062f\u0627. \u0642\u0645 \u0628\u062d\u062c\u0632 \u0631\u062d\u0644\u062a\u0643 \u0627\u0644\u0622\u0646 \u0625\u0644\u0649 \u0627\u0644\u062c\u0628\u0644 \u0648\u0627\u0644\u0625\u0642\u0627\u0645\u0629 \u0645\u0639\u0646\u0627 \u0628\u064a\u0646\u0645\u0627 \u064a\u0645\u0643\u0646\u0643 \u0627\u0644\u0627\u0633\u062a\u0645\u062a\u0627\u0639 \u0628\u0627\u0644\u0645\u0646\u0627\u0638\u0631 \u0627\u0644\u0645\u0630\u0647\u0644\u0629 \u0648\u0627\u0644\u0627\u0633\u062a\u0645\u062a\u0627\u0639 \u0628\u0631\u062d\u0644\u0629 \u0623\u0641\u0636\u0644 \u0628\u0623\u0645\u0627\u0646 \u0641\u064a \u062d\u064a\u0627\u062a\u0643. nn n \u062d\u062f\u062f \u0648\u0638\u064a\u0641\u0629 \u0627\u0644\u062c\u0648\u0644\u0629:\u00a0 &nbsp;<\/p>","protected":false},"author":2,"featured_media":0,"parent":0,"menu_order":0,"comment_status":"open","ping_status":"closed","template":"","meta":{"footnotes":""},"class_list":["post-15831","page","type-page","status-publish","hentry"],"_links":{"self":[{"href":"https:\/\/www.boattoursamana.com\/ar\/wp-json\/wp\/v2\/pages\/15831","targetHints":{"allow":["GET"]}}],"collection":[{"href":"https:\/\/www.boattoursamana.com\/ar\/wp-json\/wp\/v2\/pages"}],"about":[{"href":"https:\/\/www.boattoursamana.com\/ar\/wp-json\/wp\/v2\/types\/page"}],"author":[{"embeddable":true,"href":"https:\/\/www.boattoursamana.com\/ar\/wp-json\/wp\/v2\/users\/2"}],"replies":[{"embeddable":true,"href":"https:\/\/www.boattoursamana.com\/ar\/wp-json\/wp\/v2\/comments?post=15831"}],"version-history":[{"count":0,"href":"https:\/\/www.boattoursamana.com\/ar\/wp-json\/wp\/v2\/pages\/15831\/revisions"}],"wp:attachment":[{"href":"https:\/\/www.boattoursamana.com\/ar\/wp-json\/wp\/v2\/media?parent=15831"}],"curies":[{"name":"wp","href":"https:\/\/api.w.org\/{rel}","templated":true}]}}