{"id":15834,"date":"2023-07-15T07:44:42","date_gmt":"2023-07-15T07:44:42","guid":{"rendered":"https:\/\/www.ticketswhales.com\/los-haitises-mountain-bike-private-boat-trip-copy\/"},"modified":"2023-07-15T07:44:42","modified_gmt":"2023-07-15T07:44:42","slug":"los-haitises-mountain-bike-private-boat-trip-copy","status":"publish","type":"page","link":"https:\/\/www.boattoursamana.com\/ar\/los-haitises-mountain-bike-private-boat-trip-copy-2","title":{"rendered":"\u062f\u0631\u0627\u062c\u0629 \u062c\u0628\u0644\u064a\u0629 Los Haitises + \u0631\u062d\u0644\u0629 \u0628\u0627\u0644\u0642\u0627\u0631\u0628 \u0627\u0644\u062e\u0627\u0635 (\u0646\u0633\u062e\u0629)"},"content":{"rendered":"<p><span style=\"font-weight: 400;\"><span style=\"vertical-align: inherit;\"><span style=\"vertical-align: inherit;\"><span style=\"vertical-align: inherit;\"><span style=\"vertical-align: inherit;\">Viaje con Experto local y getenga la experienceencia \u00fanica de andar en bicicleta comenzando desde Sabana de la Mar\u060c este tour lo llevar\u00e1 a ver el hermoso paisaje del campo de la Rep\u00fablica Dominicana. <\/span><\/span><\/span><span style=\"vertical-align: inherit;\"><span style=\"vertical-align: inherit;\"><span style=\"vertical-align: inherit;\">\u00a1Mientras andas en bicicleta podr\u00e1s saludar! <\/span><\/span><\/span><span style=\"vertical-align: inherit;\"><span style=\"vertical-align: inherit;\"><span style=\"vertical-align: inherit;\">\u0644\u0648\u0633 \u0623\u0646\u062c\u0644\u0648\u0633 \u0627\u0644\u0632\u0631\u0627\u0639\u064a\u0629 \u0645\u0648\u0646\u062a\u0627\u0646\u062f\u0648 \u0633\u0648\u0633 \u0643\u0627\u0628\u0627\u0644\u0648\u0633 \u0623\u0648 \u0645\u0648\u062a\u0648\u0633\u064a\u0643\u0644\u064a\u062a\u0627\u0633 \u0645\u0646\u0627\u0633\u0628\u0629 \u0648\u0645\u062b\u064a\u0631\u0629 \u0644\u0644\u0631\u062c\u0648\u0639 \u0625\u0644\u0649 \u0627\u0644\u062e\u0627\u0631\u062c \u060c \u0648\u0628\u0648\u062f\u0631\u0627 \u0646\u0627\u0634\u0626 \u0641\u064a \u0644\u0627 \u0623\u0641\u064a\u0646\u062a\u0648\u0631\u0627 \u0648\u062b\u0642\u0627\u0641\u0629 \u0645\u062d\u0644\u064a\u0629 \u0641\u064a \u0633\u0627\u0628\u0627\u0646\u0627 \u062f\u064a \u0644\u0627 \u0645\u0627\u0631. \u00a1Experiencia \u00fanica en bicicleta de monta\u00f1a!<\/span><\/span><\/span><\/span><\/span><br \/>\n\u0646<br \/>\n\u0646&\u0646bsp;<br \/>\n\u0646<br \/>\n\u0646<strong><span style=\"vertical-align: inherit;\"><span style=\"vertical-align: inherit;\"><span style=\"vertical-align: inherit;\"><span style=\"vertical-align: inherit;\">\u0633\u064a\u0644\u064a\u0634\u064a\u0648\u0646\u064a \u0644\u0627 \u0641\u064a\u0634\u0627 \u0628\u0627\u0631\u0627 \u0625\u0644 \u062a\u0648\u0631:<\/span><\/span><\/span><\/span><\/strong><\/p>\n<p>&nbsp;<\/p>\n<div class=\"vc_row wpb_row vc_row-fluid\" ><div class=\"wpb_column vc_column_container vc_col-sm-12\"><div class=\"vc_column-inner\"><div class=\"wpb_wrapper\"><div class=\"vc_btn3-container vc_btn3-inline\" ><button class=\"vc_general vc_btn3 vc_btn3-size-md vc_btn3-shape-rounded vc_btn3-style-modern vc_btn3-color-green\">\u0627\u062d\u062c\u0632 \u0627\u0644\u0622\u0646<\/button><\/div><div class=\"vc_empty_space\"   style=\"height: 32px\"><span class=\"vc_empty_space_inner\"><\/span><\/div><\/div><\/div><\/div><\/div><div class=\"vc_row wpb_row vc_row-fluid\" ><div class=\"wpb_column vc_column_container vc_col-sm-12\"><div class=\"vc_column-inner\"><div class=\"wpb_wrapper\">\n\t<div class=\"wpb_text_column wpb_content_element\" >\n\t\t<div class=\"wpb_wrapper\">\n\t\t\t<p>\u062f\u0631\u0627\u062c\u0629 \u0644\u0648\u0633 \u0647\u0627\u064a\u062a\u064a\u0633\u064a\u0633 \u0627\u0644\u062c\u0628\u0644\u064a\u0629 + \u0631\u062d\u0644\u0629 \u0628\u0627\u0644\u0642\u0627\u0631\u0628 \u0627\u0644\u062e\u0627\u0635 \u0628\u0627\u0644\u062f\u0631\u0627\u062c\u0629 \u0648\u0623\u0634\u062c\u0627\u0631 \u0627\u0644\u0645\u0627\u0646\u063a\u0631\u0648\u0641 \u0648\u0631\u062d\u0644\u0629 \u0628\u0627\u0644\u0642\u0627\u0631\u0628 \u0648\u0627\u0644\u0643\u0647\u0648\u0641 \u0648\u0627\u0644\u0645\u0632\u064a\u062f.<\/p>\n\n\t\t<\/div>\n\t<\/div>\n<\/div><\/div><\/div><\/div><div class=\"vc_row wpb_row vc_row-fluid\" ><div class=\"wpb_column vc_column_container vc_col-sm-12\"><div class=\"vc_column-inner\"><div class=\"wpb_wrapper\"><div class=\"vc_empty_space\"   style=\"height: 32px\"><span class=\"vc_empty_space_inner\"><\/span><\/div><\/div><\/div><\/div><\/div><div class=\"vc_row wpb_row vc_row-fluid\" ><\/div><div class=\"wpb_column vc_column_container vc_col-sm-12\"><div class=\"vc_column-inner\"><div class=\"wpb_wrapper\"><\/div><\/div><\/div><div class=\"vc_row wpb_row vc_row-fluid\" ><\/div><div class=\"wpb_column vc_column_container vc_col-sm-12\"><div class=\"vc_column-inner\"><div class=\"wpb_wrapper\"><\/div><\/div><\/div><div class=\"vc_empty_space\"   style=\"height: 32px\"><span class=\"vc_empty_space_inner\"><\/span><\/div><div class=\"vc_empty_space\"   style=\"height: 32px\"><span class=\"vc_empty_space_inner\"><\/span><\/div><div class=\"vc_row wpb_row vc_row-fluid\" ><div class=\"wpb_column vc_column_container vc_col-sm-12\"><div class=\"vc_column-inner\"><div class=\"wpb_wrapper\"><div class=\"vc_btn3-container vc_btn3-inline\" ><button class=\"vc_general vc_btn3 vc_btn3-size-md vc_btn3-shape-rounded vc_btn3-style-modern vc_btn3-color-green\">\u0627\u062d\u062c\u0632 \u0627\u0644\u0622\u0646<\/button><\/div><\/div><\/div><\/div><\/div>","protected":false},"excerpt":{"rendered":"<p>Viaje con un experto local y obtenga la experiencia \u00fanica de andar en bicicleta comenzando desde Sabana de la Mar, este tour lo llevar\u00e1 a ver el hermoso paisaje del campo de la Rep\u00fablica Dominicana. \u00a1Mientras andas en bicicleta podr\u00e1s saludar! los agricultores montando sus caballos o motocicletas a su propiedad y durante el recorrido, podr\u00e1 emerger en la aventura y la cultura local de Sabana de la Mar. \u00a1Experiencia \u00fanica en bicicleta de monta\u00f1a! n n&nbsp; n nSeleccione la [&hellip;]<\/p>\n","protected":false},"author":2,"featured_media":0,"parent":0,"menu_order":0,"comment_status":"open","ping_status":"closed","template":"","meta":{"footnotes":""},"class_list":["post-15834","page","type-page","status-publish","hentry"],"_links":{"self":[{"href":"https:\/\/www.boattoursamana.com\/ar\/wp-json\/wp\/v2\/pages\/15834","targetHints":{"allow":["GET"]}}],"collection":[{"href":"https:\/\/www.boattoursamana.com\/ar\/wp-json\/wp\/v2\/pages"}],"about":[{"href":"https:\/\/www.boattoursamana.com\/ar\/wp-json\/wp\/v2\/types\/page"}],"author":[{"embeddable":true,"href":"https:\/\/www.boattoursamana.com\/ar\/wp-json\/wp\/v2\/users\/2"}],"replies":[{"embeddable":true,"href":"https:\/\/www.boattoursamana.com\/ar\/wp-json\/wp\/v2\/comments?post=15834"}],"version-history":[{"count":0,"href":"https:\/\/www.boattoursamana.com\/ar\/wp-json\/wp\/v2\/pages\/15834\/revisions"}],"wp:attachment":[{"href":"https:\/\/www.boattoursamana.com\/ar\/wp-json\/wp\/v2\/media?parent=15834"}],"curies":[{"name":"wp","href":"https:\/\/api.w.org\/{rel}","templated":true}]}}