{"id":9218,"date":"2019-07-18T11:24:01","date_gmt":"2019-07-18T11:24:01","guid":{"rendered":"https:\/\/www.ticketswhales.com\/?post_type=product&#038;p=9218"},"modified":"2023-02-14T18:40:51","modified_gmt":"2023-02-14T18:40:51","slug":"samana-cayo-levantado-bacardi-island-and-whale-watching-from-miches-in-catamaran","status":"publish","type":"product","link":"https:\/\/www.boattoursamana.com\/ar\/%d8%b1%d8%ad%d9%84%d8%a9\/%d8%ac%d8%b2%d9%8a%d8%b1%d8%a9-%d8%b3%d8%a7%d9%85%d8%a7%d9%86%d8%a7-%d9%83%d8%a7%d9%8a%d9%88-%d9%84%d9%8a%d9%81%d8%a7%d9%86%d8%aa%d8%a7%d8%af%d9%88-%d8%a8%d8%a7%d9%83%d8%a7%d8%b1%d8%af%d9%8a-%d9%88","title":{"rendered":"Saman\u00e1 Cayo Levantado (\u062c\u0632\u064a\u0631\u0629 Bacardi) \u0648\u0645\u0634\u0627\u0647\u062f\u0629 \u0627\u0644\u062d\u064a\u062a\u0627\u0646 \u0645\u0646 Miches \u0641\u064a Catamaran"},"content":{"rendered":"<div class=\"vc_row wpb_row vc_row-fluid\" ><div class=\"wpb_column vc_column_container vc_col-sm-12\"><div class=\"vc_column-inner\"><div class=\"wpb_wrapper\">\n\t<div class=\"wpb_text_column wpb_content_element\" >\n\t\t<div class=\"wpb_wrapper\">\n\t\t\t<p><span style=\"vertical-align: inherit;\"><span style=\"vertical-align: inherit;\"><\/p>\n\n\t\t<\/div>\n\t<\/div>\n<\/div><\/div><\/div><\/div><div class=\"vc_row wpb_row vc_row-fluid\" ><\/div><div class=\"wpb_column vc_column_container vc_col-sm-12\"><div class=\"vc_column-inner\"><div class=\"wpb_wrapper\"><\/div><\/div><\/div><div class=\"vc_row wpb_row vc_row-fluid\" ><\/div><div class=\"wpb_column vc_column_container vc_col-sm-12\"><div class=\"vc_column-inner\"><div class=\"wpb_wrapper\"><div class=\"vc_btn3-container vc_btn3-inline\" ><button class=\"vc_general vc_btn3 vc_btn3-size-md vc_btn3-shape-rounded vc_btn3-style-modern vc_btn3-color-green\">\u0627\u062d\u062c\u0632 \u0627\u0644\u0622\u0646<\/button><\/div><\/div><\/div><\/div><div class=\"mkdf-section-title-holder\" style=\"text-align: left\">\n\t<div class=\"mkdf-st-inner\">\n\t\t\t\t\t\t\t<h3 class=\"mkdf-st-title\" >\n\t\t\t\t\u0643\u0627\u064a\u0648 \u0644\u064a\u0641\u0627\u0646\u062a\u0627\u062f\u0648 + Avistamiento de ballenas de Miches en catamar\u00e1n\t\t\t<\/h3>\n\t\t\t\t\t<\/div>\n<\/div><div class=\"vc_empty_space\"   style=\"height: 32px\"><span class=\"vc_empty_space_inner\"><\/span><\/div>\n\t<div class=\"wpb_text_column wpb_content_element\" >\n\t\t<div class=\"wpb_wrapper\">\n\t\t\t<p>\u00a0<\/span><\/span><\/p>\n<div class=\"vc_empty_space\"><\/div>\n<div class=\"wpb_text_column wpb_content_element\">\n<div class=\"wpb_wrapper\">\n<div class=\"vc_row wpb_row vc_row-fluid\">\n<div class=\"wpb_column vc_column_container vc_col-sm-12\">\n<div class=\"vc_column-inner\">\n<div class=\"wpb_wrapper\">\n<div class=\"wpb_text_column wpb_content_element\">\n<div class=\"wpb_wrapper\">\n<div class=\"vc_row wpb_row vc_row-fluid\">\n<div class=\"wpb_column vc_column_container vc_col-sm-12\">\n<div class=\"vc_column-inner\">\n<div class=\"wpb_wrapper\">\n<div class=\"wpb_text_column wpb_content_element\">\n<div class=\"wpb_wrapper\">\n<h4><a id=\"overview\" class=\"aal_anchor\" href=\"https:\/\/www.boattoursamana.com\/ar\/%d8%b1%d8%ad%d9%84%d8%a9\/%d8%ac%d8%b2%d9%8a%d8%b1%d8%a9-%d8%b3%d8%a7%d9%85%d8%a7%d9%86%d8%a7-%d9%83%d8%a7%d9%8a%d9%88-%d9%84%d9%8a%d9%81%d8%a7%d9%86%d8%aa%d8%a7%d8%af%d9%88-%d8%a8%d8%a7%d9%83%d8%a7%d8%b1%d8%af%d9%8a-%d9%88\/#overview\" aria-hidden=\"true\"><\/a><b><i>\u0645\u0644\u062e\u0635<\/i><\/b><\/h4>\n<p>\u0645\u0634\u0627\u0647\u062f\u0629 \u0627\u0644\u062d\u064a\u062a\u0627\u0646 \u0641\u064a \u062e\u0644\u064a\u062c \u0633\u0627\u0645\u0627\u0646\u0627 \u0628\u062f\u0621\u064b\u0627 \u0645\u0646 \u0645\u064a\u0646\u0627\u0621 \u0645\u064a\u062a\u0634\u064a\u0633 \u0641\u064a \u0643\u0627\u062a\u0627\u0645\u0627\u0631\u0627\u0646. \u062a\u0628\u062f\u0623 \u0647\u0630\u0647 \u0627\u0644\u0631\u062d\u0644\u0629 \u0641\u064a \u0627\u0644\u0633\u0627\u0639\u0629 9:00 \u0635\u0628\u0627\u062d\u064b\u0627 \u0648\u062a\u0646\u062a\u0647\u064a \u0627\u0644\u0633\u0627\u0639\u0629 5:00 \u0645\u0633\u0627\u0621\u064b. \u0627\u062c\u062a\u0645\u0627\u0639 \u0645\u0646 \u0642\u0628\u0644 \u0641\u064a \u0645\u064a\u0646\u0627\u0621\u0646\u0627 \u0641\u064a \u0645\u064a\u062a\u0634\u064a\u0633. \u0628\u0639\u062f \u0625\u062c\u0647\u0627\u0636 \u0643\u0627\u062a\u0627\u0645\u0627\u0631\u0627\u0646 \u0623\u0648 \u0642\u0627\u0631\u0628 \u0644\u062f\u064a\u0646\u0627 \u0644\u0632\u064a\u0627\u0631\u0629 \u0627\u0644\u062d\u064a\u062a\u0627\u0646 \u0641\u064a \u0628\u064a\u0626\u062a\u0647\u0627 \u0627\u0644\u062e\u0627\u0635\u0629.<\/p>\n<p>\u0645\u0646 \u0627\u0644\u0633\u0627\u0639\u0629 9:00 \u0635\u0628\u0627\u062d\u064b\u0627 \u062d\u062a\u0649 \u0627\u0644\u0633\u0627\u0639\u0629 12:00 \u0638\u0647\u0631\u064b\u0627 \u060c \u0645\u0631\u0635\u062f \u0645\u0634\u0627\u0647\u062f\u0629 \u0627\u0644\u062d\u064a\u062a\u0627\u0646 \u0648\u0628\u0639\u062f \u0631\u062d\u0644\u0629 \u0627\u0644\u062d\u064a\u062a\u0627\u0646 \u0647\u0630\u0647 \u060c \u0633\u0646\u0632\u0648\u0631 \u062c\u0632\u064a\u0631\u0629 \u0628\u0627\u0643\u0627\u0631\u062f\u064a \/ \u0643\u0627\u064a\u0648 \u0644\u064a\u0641\u0627\u0646\u062a\u0627\u062f\u0648. \u0641\u064a \u062c\u0632\u064a\u0631\u0629 \u0628\u0627\u0643\u0627\u0631\u062f\u064a \u060c \u0633\u064a\u062a\u0645 \u062a\u0642\u062f\u064a\u0645 \u0628\u0648\u0641\u064a\u0647 \u063a\u062f\u0627\u0621 \u0645\u0646 \u0627\u0644\u0637\u0631\u0627\u0632 \u0627\u0644\u062f\u0648\u0645\u064a\u0646\u064a\u0643\u064a \u0627\u0644\u0646\u0645\u0648\u0630\u062c\u064a. \u0639\u0646\u062f \u0627\u0646\u062a\u0647\u0627\u0621 \u0627\u0644\u063a\u062f\u0627\u0621 \u060c \u064a\u064f\u0633\u0645\u062d \u0644\u0643 \u0628\u0627\u0644\u0633\u0628\u0627\u062d\u0629 \u062d\u062a\u0649 \u0627\u0644\u0633\u0627\u0639\u0629 4:30 \u0645\u0633\u0627\u0621\u064b. \u062a\u0646\u062a\u0647\u064a \u0627\u0644\u062c\u0648\u0644\u0629 \u0641\u064a \u0627\u0644\u0633\u0627\u0639\u0629 5:00 \u0645\u0633\u0627\u0621\u064b \u0641\u064a \u0646\u0641\u0633 \u0627\u0644\u0645\u064a\u0646\u0627\u0621 \u062d\u064a\u062b \u0633\u062a\u0628\u062f\u0623.<\/p>\n<p>\u0645\u0644\u0627\u062d\u0638\u0629: \u0647\u0630\u0647 \u0627\u0644\u062c\u0648\u0644\u0629 \u0644\u064a\u0633\u062a \u062e\u0627\u0635\u0629.<strong>\u00a0\u0644\u0644\u0642\u064a\u0627\u0645 \u0628\u062c\u0648\u0644\u0629 \u062e\u0627\u0635\u0629 \u064a\u0631\u062c\u0649 \u0627\u0644\u0627\u062a\u0635\u0627\u0644 \u0628\u0646\u0627.<\/strong><\/p>\n<ul>\n<li>\u0631\u062d\u0644\u0629 \u0645\u0634\u0627\u0647\u062f\u0629 \u0627\u0644\u062d\u064a\u062a\u0627\u0646<\/li>\n<li>\u0631\u0633\u0648\u0645 \u0627\u0644\u062f\u062e\u0648\u0644 \u0625\u0644\u0649 \u0627\u0644\u0645\u0631\u0635\u062f<\/li>\n<li>\u064a\u0634\u0645\u0644 \u0628\u0648\u0641\u064a\u0647 \u063a\u062f\u0627\u0621 \u0639\u0644\u0649 \u0627\u0644\u0634\u0627\u0637\u0626<\/li>\n<li>\u0646\u0642\u0644 \u0628\u0627\u0644\u0642\u0627\u0631\u0628<\/li>\n<li>\u064a\u0642\u062f\u0645 \u0627\u0644\u0642\u0628\u0637\u0627\u0646 \u0627\u0644\u062a\u0639\u0644\u064a\u0645\u0627\u062a \u0648\u0627\u0644\u0625\u0634\u0631\u0627\u0641<\/li>\n<li>\u0645\u0631\u0634\u062f \u0633\u064a\u0627\u062d\u064a<\/li>\n<\/ul>\n<p>&nbsp;<\/p>\n<h4><a id=\"inclusions-exclusions\" class=\"aal_anchor\" href=\"https:\/\/www.boattoursamana.com\/ar\/%d8%b1%d8%ad%d9%84%d8%a9\/%d8%ac%d8%b2%d9%8a%d8%b1%d8%a9-%d8%b3%d8%a7%d9%85%d8%a7%d9%86%d8%a7-%d9%83%d8%a7%d9%8a%d9%88-%d9%84%d9%8a%d9%81%d8%a7%d9%86%d8%aa%d8%a7%d8%af%d9%88-%d8%a8%d8%a7%d9%83%d8%a7%d8%b1%d8%af%d9%8a-%d9%88\/#inclusions-exclusions\" aria-hidden=\"true\"><\/a><b>\u0627\u0644\u0627\u062f\u0631\u0627\u062c \u0648\u0627\u0644\u0627\u0633\u062a\u062b\u0646\u0627\u0621\u0627\u062a<\/b><\/h4>\n<p>&nbsp;<\/p>\n<p><b>\u0627\u0644\u0627\u062f\u0631\u0627\u062c<\/b><\/p>\n<p>&nbsp;<\/p>\n<ol>\n<li>\u063a\u062f\u0627\u0621 \u0628\u0648\u0641\u064a\u0647 \u0639\u0644\u0649 \u0627\u0644\u0634\u0627\u0637\u0626<\/li>\n<li>\u0645\u0634\u0627\u0647\u062f\u0629 \u0627\u0644\u062d\u064a\u062a\u0627\u0646<\/li>\n<li>\u0645\u0631\u0634\u062f \u0633\u064a\u0627\u062d\u064a<\/li>\n<li>\u0631\u062d\u0644\u0629 \u0627\u0644\u0642\u0627\u0631\u0628 \u0623\u0648 \u0627\u0644\u0642\u0627\u0631\u0628<\/li>\n<li>\u062c\u0645\u064a\u0639 \u0627\u0644\u0636\u0631\u0627\u0626\u0628 \u0648\u0627\u0644\u0631\u0633\u0648\u0645 \u0648\u0631\u0633\u0648\u0645 \u0627\u0644\u0645\u0646\u0627\u0648\u0644\u0629<\/li>\n<li>\u0627\u0644\u0636\u0631\u0627\u0626\u0628 \u0627\u0644\u0645\u062d\u0644\u064a\u0629<\/li>\n<li>\u0627\u0644\u0645\u0634\u0631\u0648\u0628\u0627\u062a<\/li>\n<li>\u0645\u0634\u0631\u0648\u0628\u0627\u062a \u0643\u062d\u0648\u0644\u064a\u0629<\/li>\n<\/ol>\n<p><b>\u0627\u0644\u0627\u0633\u062a\u062b\u0646\u0627\u0621\u0627\u062a<\/b><\/p>\n<ol>\n<li>\u0627\u0644\u0625\u0643\u0631\u0627\u0645\u064a\u0627\u062a<\/li>\n<li>\u0633\u064a\u0627\u0631\u0629 \u0646\u0642\u0644<\/li>\n<\/ol>\n<p>&nbsp;<\/p>\n<h4><a id=\"departure-return\" class=\"aal_anchor\" href=\"https:\/\/www.boattoursamana.com\/ar\/%d8%b1%d8%ad%d9%84%d8%a9\/%d8%ac%d8%b2%d9%8a%d8%b1%d8%a9-%d8%b3%d8%a7%d9%85%d8%a7%d9%86%d8%a7-%d9%83%d8%a7%d9%8a%d9%88-%d9%84%d9%8a%d9%81%d8%a7%d9%86%d8%aa%d8%a7%d8%af%d9%88-%d8%a8%d8%a7%d9%83%d8%a7%d8%b1%d8%af%d9%8a-%d9%88\/#departure-return\" aria-hidden=\"true\"><\/a><em><strong>\u0631\u062d\u064a\u0644 \u0648\u0627\u0644\u0639\u0648\u062f\u0629<\/strong><\/em><\/h4>\n<p>\u0633\u064a\u062d\u0635\u0644 \u0627\u0644\u0645\u0633\u0627\u0641\u0631 \u0639\u0644\u0649 \u0646\u0642\u0637\u0629 \u0627\u0644\u062a\u0642\u0627\u0621 \u0628\u0639\u062f \u0639\u0645\u0644\u064a\u0629 \u0627\u0644\u062d\u062c\u0632. \u062a\u0628\u062f\u0623 \u0627\u0644\u062c\u0648\u0644\u0627\u062a \u0648\u062a\u0646\u062a\u0647\u064a \u0641\u064a \u0646\u0642\u0627\u0637 \u0627\u0644\u0627\u0644\u062a\u0642\u0627\u0621 \u0627\u0644\u062e\u0627\u0635\u0629 \u0628\u0646\u0627.<\/p>\n<p>&nbsp;<\/p>\n<h4><a id=\"what-to-expect\" class=\"aal_anchor\" href=\"https:\/\/www.boattoursamana.com\/ar\/%d8%b1%d8%ad%d9%84%d8%a9\/%d8%ac%d8%b2%d9%8a%d8%b1%d8%a9-%d8%b3%d8%a7%d9%85%d8%a7%d9%86%d8%a7-%d9%83%d8%a7%d9%8a%d9%88-%d9%84%d9%8a%d9%81%d8%a7%d9%86%d8%aa%d8%a7%d8%af%d9%88-%d8%a8%d8%a7%d9%83%d8%a7%d8%b1%d8%af%d9%8a-%d9%88\/#what-to-expect\" aria-hidden=\"true\"><\/a><b><i>\u0645\u0627\u0630\u0627 \u062a\u062a\u0648\u0642\u0639\u061f<\/i><\/b><\/h4>\n<p>&nbsp;<\/p>\n<p><em><strong>\u0627\u062d\u0635\u0644 \u0639\u0644\u0649 \u0627\u0644\u062a\u0630\u0627\u0643\u0631 \u0627\u0644\u062e\u0627\u0635\u0629 \u0628\u0643<\/strong><\/em>\u00a0\u0644\u0645\u062f\u0629 \u064a\u0648\u0645 \u0648\u0627\u062d\u062f \u0641\u064a \u062c\u0648\u0644\u0629 \u0644\u0645\u0634\u0627\u0647\u062f\u0629 \u0627\u0644\u062d\u064a\u062a\u0627\u0646 \u0641\u064a \u062e\u0644\u064a\u062c \u0633\u0627\u0645\u0627\u0646\u0627 \u0628\u062f\u0621\u064b\u0627 \u0645\u0646 Miches \u0641\u064a Catamaran \u0645\u0639 \u0627\u0644\u0645\u0634\u0631\u0648\u0628\u0627\u062a \u0627\u0644\u0645\u062d\u0644\u064a\u0629 \u0628\u0627\u0644\u0625\u0636\u0627\u0641\u0629 \u0625\u0644\u0649 \u063a\u062f\u0627\u0621 \u0631\u0627\u0626\u0639 \u0648\u0648\u0642\u062a \u0639\u0644\u0649 \u0627\u0644\u0634\u0627\u0637\u0626.<\/p>\n<p>\u064a\u0628\u062f\u0623 Daypass \u0644\u0645\u0634\u0627\u0647\u062f\u0629 \u0627\u0644\u062d\u064a\u062a\u0627\u0646 \u060c \u0627\u0644\u0630\u064a \u062a\u0646\u0638\u0645\u0647 &quot;Booking Adventures&quot; \u060c \u0641\u064a \u0646\u0642\u0637\u0629 \u0627\u0644\u0627\u0644\u062a\u0642\u0627\u0621 \u0627\u0644\u0645\u062d\u062f\u062f\u0629 \u0645\u0639 \u0627\u0644\u062f\u0644\u064a\u0644 \u0627\u0644\u0633\u064a\u0627\u062d\u064a. \u063a\u062f\u0627\u0621 \u0639\u0644\u0649 \u0627\u0644\u0634\u0627\u0637\u0626 \u0648\u064a\u0645\u0643\u0646\u0643 \u0627\u0644\u0628\u0642\u0627\u0621 \u0637\u0627\u0644\u0645\u0627 \u062a\u0631\u064a\u062f \u0627\u0644\u0633\u0628\u0627\u062d\u0629. \u0625\u0630\u0627 \u0643\u0646\u062a \u0646\u0628\u0627\u062a\u064a\u064b\u0627 \u060c \u0641\u064a\u0645\u0643\u0646\u0646\u0627 \u0623\u064a\u0636\u064b\u0627 \u0625\u0639\u062f\u0627\u062f \u0628\u0639\u0636 \u0627\u0644\u0637\u0639\u0627\u0645 \u0644\u0643.<\/p>\n<p><strong>\u0627\u0644\u062c\u062f\u0648\u0644 \u0627\u0644\u0632\u0645\u0646\u064a:<\/strong><\/p>\n<p>8:45 \u0635\u0628\u0627\u062d\u064b\u0627 - 5:00 \u0645\u0633\u0627\u0621\u064b<\/p>\n<p>&nbsp;<\/p>\n<h4><a id=\"what-you-should-bring\" class=\"aal_anchor\" href=\"https:\/\/www.boattoursamana.com\/ar\/%d8%b1%d8%ad%d9%84%d8%a9\/%d8%ac%d8%b2%d9%8a%d8%b1%d8%a9-%d8%b3%d8%a7%d9%85%d8%a7%d9%86%d8%a7-%d9%83%d8%a7%d9%8a%d9%88-%d9%84%d9%8a%d9%81%d8%a7%d9%86%d8%aa%d8%a7%d8%af%d9%88-%d8%a8%d8%a7%d9%83%d8%a7%d8%b1%d8%af%d9%8a-%d9%88\/#what-you-should-bring\" aria-hidden=\"true\"><\/a><em><strong>\u0645\u0627\u0630\u0627 \u064a\u062c\u0628 \u0623\u0646 \u062a\u062d\u0636\u0631\u061f<\/strong><\/em><\/h4>\n<ul>\n<li>\u0622\u0644\u0629 \u062a\u0635\u0648\u064a\u0631<\/li>\n<li>\u0628\u0631\u0627\u0639\u0645 \u0637\u0627\u0631\u062f\u0629<\/li>\n<li>\u0648\u0627\u0642\u064a \u0627\u0644\u0634\u0645\u0633<\/li>\n<li>\u0642\u0628\u0639\u0629<\/li>\n<li>\u0628\u0646\u0637\u0627\u0644 \u0645\u0631\u064a\u062d<\/li>\n<li>\u0627\u0644\u0635\u0646\u0627\u062f\u0644 \u0639\u0644\u0649 \u0627\u0644\u0634\u0627\u0637\u0626<\/li>\n<li>\u0644\u0628\u0627\u0633 \u0627\u0644\u0633\u0628\u0627\u062d\u0629<\/li>\n<li>\u0627\u0644\u0646\u0642\u062f \u0644\u0634\u0631\u0627\u0621 \u0627\u0644\u0647\u062f\u0627\u064a\u0627 \u0627\u0644\u062a\u0630\u0643\u0627\u0631\u064a\u0629<\/li>\n<\/ul>\n<p>&nbsp;<\/p>\n<h4><a id=\"hotel-pickup\" class=\"aal_anchor\" href=\"https:\/\/www.boattoursamana.com\/ar\/%d8%b1%d8%ad%d9%84%d8%a9\/%d8%ac%d8%b2%d9%8a%d8%b1%d8%a9-%d8%b3%d8%a7%d9%85%d8%a7%d9%86%d8%a7-%d9%83%d8%a7%d9%8a%d9%88-%d9%84%d9%8a%d9%81%d8%a7%d9%86%d8%aa%d8%a7%d8%af%d9%88-%d8%a8%d8%a7%d9%83%d8%a7%d8%b1%d8%af%d9%8a-%d9%88\/#hotel-pickup\" aria-hidden=\"true\"><\/a><b><i>\u0641\u0646\u062f\u0642 \u0628\u064a\u0643 \u0627\u0628<\/i><\/b><\/h4>\n<p>\u0644\u0627 \u064a\u062a\u0645 \u062a\u0642\u062f\u064a\u0645 \u062e\u062f\u0645\u0629 \u0627\u0644\u062a\u0648\u0635\u064a\u0644 \u0645\u0646 \u0627\u0644\u0641\u0646\u062f\u0642 \u0644\u0647\u0630\u0647 \u0627\u0644\u062c\u0648\u0644\u0629.<\/p>\n<p>&nbsp;<\/p>\n<p><b>\u0645\u0644\u062d\u0648\u0638\u0629:<\/b>\u00a0\u0625\u0630\u0627 \u0643\u0646\u062a \u062a\u0642\u0648\u0645 \u0628\u0627\u0644\u062d\u062c\u0632 \u0641\u064a \u063a\u0636\u0648\u0646 24 \u0633\u0627\u0639\u0629 \u0645\u0646 \u0648\u0642\u062a \u0645\u063a\u0627\u062f\u0631\u0629 \u0627\u0644\u062c\u0648\u0644\u0629 \/ \u0627\u0644\u0631\u062d\u0644\u0629 \u060c \u0641\u064a\u0645\u0643\u0646\u0646\u0627 \u062a\u0631\u062a\u064a\u0628 \u062e\u062f\u0645\u0629 \u0627\u0644\u062a\u0648\u0635\u064a\u0644 \u0645\u0646 \u0627\u0644\u0641\u0646\u062f\u0642 \u0628\u0631\u0633\u0648\u0645 \u0625\u0636\u0627\u0641\u064a\u0629. \u0628\u0645\u062c\u0631\u062f \u0627\u0643\u062a\u0645\u0627\u0644 \u0639\u0645\u0644\u064a\u0629 \u0627\u0644\u0634\u0631\u0627\u0621 \u060c \u0633\u0648\u0641 \u0646\u0631\u0633\u0644 \u0644\u0643 \u0645\u0639\u0644\u0648\u0645\u0627\u062a \u0627\u0644\u0627\u062a\u0635\u0627\u0644 \u0627\u0644\u0643\u0627\u0645\u0644\u0629 (\u0631\u0642\u0645 \u0627\u0644\u0647\u0627\u062a\u0641 \u0648\u0639\u0646\u0648\u0627\u0646 \u0627\u0644\u0628\u0631\u064a\u062f \u0627\u0644\u0625\u0644\u0643\u062a\u0631\u0648\u0646\u064a \u0648\u0645\u0627 \u0625\u0644\u0649 \u0630\u0644\u0643) \u0644\u0644\u062f\u0644\u064a\u0644 \u0627\u0644\u0633\u064a\u0627\u062d\u064a \u0627\u0644\u0645\u062d\u0644\u064a \u0627\u0644\u062e\u0627\u0635 \u0628\u0646\u0627 \u0644\u062a\u0646\u0638\u064a\u0645 \u062a\u0631\u062a\u064a\u0628\u0627\u062a \u0627\u0644\u0627\u0633\u062a\u0644\u0627\u0645.<\/p>\n<h4><a id=\"additional-info-confirmation\" class=\"aal_anchor\" href=\"https:\/\/www.boattoursamana.com\/ar\/%d8%b1%d8%ad%d9%84%d8%a9\/%d8%ac%d8%b2%d9%8a%d8%b1%d8%a9-%d8%b3%d8%a7%d9%85%d8%a7%d9%86%d8%a7-%d9%83%d8%a7%d9%8a%d9%88-%d9%84%d9%8a%d9%81%d8%a7%d9%86%d8%aa%d8%a7%d8%af%d9%88-%d8%a8%d8%a7%d9%83%d8%a7%d8%b1%d8%af%d9%8a-%d9%88\/#additional-info-confirmation\" aria-hidden=\"true\"><\/a><b><i>\u062a\u0623\u0643\u064a\u062f \u0627\u0644\u0645\u0639\u0644\u0648\u0645\u0627\u062a \u0627\u0644\u0625\u0636\u0627\u0641\u064a\u0629<\/i><\/b><\/h4>\n<ol>\n<li>\u0627\u0644\u062a\u0630\u0627\u0643\u0631 \u0647\u064a \u0627\u0644\u0625\u064a\u0635\u0627\u0644 \u0628\u0639\u062f \u062f\u0641\u0639 \u0647\u0630\u0647 \u0627\u0644\u062c\u0648\u0644\u0629. \u064a\u0645\u0643\u0646\u0643 \u0625\u0638\u0647\u0627\u0631 \u0627\u0644\u062f\u0641\u0639 \u0639\u0644\u0649 \u0647\u0627\u062a\u0641\u0643.<\/li>\n<li>\u0633\u064a\u062a\u0645 \u0627\u0633\u062a\u0644\u0627\u0645 \u0646\u0642\u0637\u0629 \u0627\u0644\u0627\u0644\u062a\u0642\u0627\u0621 \u0628\u0639\u062f \u0639\u0645\u0644\u064a\u0629 \u0627\u0644\u062d\u062c\u0632.<\/li>\n<li>\u064a\u062c\u0628 \u0623\u0646 \u064a\u0635\u0627\u062d\u0628 \u0627\u0644\u0623\u0637\u0641\u0627\u0644 \u0645\u0646 \u0642\u0628\u0644 \u0627\u0644\u0643\u0628\u0627\u0631.<\/li>\n<li>\u062a\u0633\u0647\u064a\u0644\u0627\u062a \u0644\u062f\u062e\u0648\u0644 \u0627\u0644\u0645\u0639\u0627\u0642\u064a\u0646<\/li>\n<li>\u064a\u062c\u0628 \u0623\u0646 \u064a\u062c\u0644\u0633 \u0627\u0644\u0631\u0636\u0639 \u0639\u0644\u0649 \u0644\u0641\u0627\u062a<\/li>\n<li>\u064a\u0645\u0643\u0646 \u0644\u0645\u0639\u0638\u0645 \u0627\u0644\u0645\u0633\u0627\u0641\u0631\u064a\u0646 \u0627\u0644\u0645\u0634\u0627\u0631\u0643\u0629<\/li>\n<\/ol>\n<h4><a id=\"cancellation-policy\" class=\"aal_anchor\" href=\"https:\/\/www.boattoursamana.com\/ar\/%d8%b1%d8%ad%d9%84%d8%a9\/%d8%ac%d8%b2%d9%8a%d8%b1%d8%a9-%d8%b3%d8%a7%d9%85%d8%a7%d9%86%d8%a7-%d9%83%d8%a7%d9%8a%d9%88-%d9%84%d9%8a%d9%81%d8%a7%d9%86%d8%aa%d8%a7%d8%af%d9%88-%d8%a8%d8%a7%d9%83%d8%a7%d8%b1%d8%af%d9%8a-%d9%88\/#cancellation-policy\" aria-hidden=\"true\"><\/a><b><i>\u0633\u064a\u0627\u0633\u0629 \u0627\u0644\u0625\u0644\u063a\u0627\u0621<\/i><\/b><\/h4>\n<p>\u0644\u0627\u0633\u062a\u0631\u062f\u0627\u062f \u0627\u0644\u0623\u0645\u0648\u0627\u0644 \u0628\u0627\u0644\u0643\u0627\u0645\u0644 \u060c \u0642\u0645 \u0628\u0627\u0644\u0625\u0644\u063a\u0627\u0621 \u0642\u0628\u0644 24 \u0633\u0627\u0639\u0629 \u0639\u0644\u0649 \u0627\u0644\u0623\u0642\u0644 \u0645\u0646 \u062a\u0627\u0631\u064a\u062e \u0628\u062f\u0621 \u0627\u0644\u062a\u062c\u0631\u0628\u0629.<\/p>\n<\/div>\n<\/div>\n<\/div>\n<\/div>\n<\/div>\n<\/div>\n<\/div>\n<\/div>\n<\/div>\n<\/div>\n<\/div>\n<\/div>\n<div class=\"vc_row wpb_row vc_row-fluid\">\n<div class=\"wpb_column vc_column_container vc_col-sm-12\">\n<div class=\"vc_column-inner\">\n<div class=\"wpb_wrapper\">\n<div class=\"vc_empty_space\"><\/div>\n<div class=\"wpb_text_column wpb_content_element\">\n<div class=\"wpb_wrapper\">\n<h4><a id=\"contact-us\" class=\"aal_anchor\" href=\"https:\/\/www.boattoursamana.com\/ar\/%d8%b1%d8%ad%d9%84%d8%a9\/%d8%ac%d8%b2%d9%8a%d8%b1%d8%a9-%d8%b3%d8%a7%d9%85%d8%a7%d9%86%d8%a7-%d9%83%d8%a7%d9%8a%d9%88-%d9%84%d9%8a%d9%81%d8%a7%d9%86%d8%aa%d8%a7%d8%af%d9%88-%d8%a8%d8%a7%d9%83%d8%a7%d8%b1%d8%af%d9%8a-%d9%88\/#contact-us\" aria-hidden=\"true\"><\/a>\u0627\u062a\u0635\u0644 \u0628\u0646\u0627\u061f<\/h4>\n<h5><\/h5>\n<p><em><strong>\u0627\u0644\u0633\u0643\u0627\u0646 \u0627\u0644\u0645\u062d\u0644\u064a\u0648\u0646<\/strong>\u00a0\u0648\u00a0<strong>\u0627\u0644\u0645\u0648\u0627\u0637\u0646\u064a\u0646<\/strong>\u00a0\u0627\u0644\u0645\u0631\u0634\u062f\u064a\u0646 \u0627\u0644\u0633\u064a\u0627\u062d\u064a\u064a\u0646 \u0648\u062e\u062f\u0645\u0627\u062a \u0627\u0644\u0646\u0632\u0644\u0627\u0621<\/em><\/p>\n<p><span class=\"text-turquoise\">\u0627\u0644\u062d\u062c\u0648\u0632\u0627\u062a:<\/span>\u00a0\u062c\u0648\u0644\u0627\u062a \u0648\u0631\u062d\u0644\u0627\u062a \u0641\u064a \u062f\u0648\u0645. \u0627\u0639\u0627\u062f\u0629 \\ \u0639\u062f.<\/p>\n<p><img decoding=\"async\" class=\"emoji\" title=\"Samana Cayo Levantado (\u062c\u0632\u064a\u0631\u0629 Bacardi) \u0648\u0645\u0634\u0627\u0647\u062f\u0629 \u0627\u0644\u062d\u064a\u062a\u0627\u0646 \u0645\u0646 Miches in Catamaran 1\" draggable=\"false\" src=\"https:\/\/s.w.org\/images\/core\/emoji\/11.2.0\/svg\/1f4de.svg\" alt=\"\ud83d\udcde\" \/> \u0647\u0627\u062a\u0641 \/ \u0648\u0627\u062a\u0633 \u0627\u0628 <strong><a href=\"tel:+1 (829) 318-9463\">+1 (829) 318-9463.<\/a><\/strong><\/p>\n<p><img decoding=\"async\" class=\"emoji\" title=\"Samana Cayo Levantado (\u062c\u0632\u064a\u0631\u0629 Bacardi) \u0648\u0645\u0634\u0627\u0647\u062f\u0629 \u0627\u0644\u062d\u064a\u062a\u0627\u0646 \u0645\u0646 Miches in Catamaran 2\" draggable=\"false\" src=\"https:\/\/s.w.org\/images\/core\/emoji\/11.2.0\/svg\/1f4e9.svg\" alt=\"\ud83d\udce9\" \/>\u00a0<a href=\"mailto:reservabatour@gmail.com\">reservabatour@gmail.com<\/a><\/p>\n<p><strong>\u0646\u062d\u0646 \u0646\u0636\u0639 \u062c\u0648\u0644\u0627\u062a \u062e\u0627\u0635\u0629 \u0628\u0634\u0643\u0644 \u0645\u0631\u0646 \u0645\u0646 \u062e\u0644\u0627\u0644 Whatsapp:\u00a0<a href=\"tel:+1 (829) 318-9463\">+1 (829) 318-9463.<\/a><\/strong><\/p>\n<\/div>\n<\/div>\n<\/div>\n<\/div>\n<\/div>\n<\/div>\n<\/div>\n<\/div>\n\n\t\t<\/div>\n\t<\/div>\n<div class=\"vc_row wpb_row vc_row-fluid\" ><div class=\"wpb_column vc_column_container vc_col-sm-12\"><div class=\"vc_column-inner\"><div class=\"wpb_wrapper\"><div class=\"vc_btn3-container vc_btn3-inline\" ><button class=\"vc_general vc_btn3 vc_btn3-size-md vc_btn3-shape-rounded vc_btn3-style-modern vc_btn3-color-green\">\u0627\u062d\u062c\u0632 \u0627\u0644\u0622\u0646<\/button><\/div><\/div><\/div><\/div><\/div>","protected":false},"excerpt":{"rendered":"<p><span style=\"vertical-align: inherit;\"><span style=\"vertical-align: inherit;\">\u062c\u0648\u0644\u0627\u062a \u0627\u0644\u062d\u0648\u062a \u0645\u064a\u062a\u0634\u064a\u0633 \u0648\u0627\u0644\u0631\u062d\u0644\u0627\u062a. <\/span><span style=\"vertical-align: inherit;\">\u0627\u062d\u062a\u064a\u0627\u0637\u064a sus boletos para el avistamiento de ballenas en la Bah\u00eda de Saman\u00e1\u060c comenzando desde Miches y visitando Cayo Levantado\u060c tambi\u00e9n conocida como Isla Bacard\u00ed para una aventura con pase de un d\u00eda.<\/span><\/span><\/p>\n<p>&nbsp;<\/p>\n<p><em><strong><span style=\"vertical-align: inherit;\"><span style=\"vertical-align: inherit;\">Seleccione la fecha de la excursi\u00f3n:<\/span><\/span><\/strong><\/em><\/p>","protected":false},"featured_media":11588,"template":"","meta":[],"product_cat":[255,937],"product_tag":[393,375,342,392,391,276,274,322,394,390],"class_list":["post-9218","product","type-product","status-publish","has-post-thumbnail","hentry","product_cat-tours-excursions-samana-bay-dominican-republic","product_cat-whale-watching-miches","product_tag-miches-whale-watching","product_tag-samana-dominican-republic","product_tag-samana-whale-watching","product_tag-samana-whale-watching-price","product_tag-things-to-do-in-dominican-republic","product_tag-whale-samana","product_tag-whale-watching-dominican-republic","product_tag-whale-watching-miches","product_tag-whale-watching-miches-dominican-republic","product_tag-when-to-see-whales-dominican-republic"],"_links":{"self":[{"href":"https:\/\/www.boattoursamana.com\/ar\/wp-json\/wp\/v2\/product\/9218","targetHints":{"allow":["GET"]}}],"collection":[{"href":"https:\/\/www.boattoursamana.com\/ar\/wp-json\/wp\/v2\/product"}],"about":[{"href":"https:\/\/www.boattoursamana.com\/ar\/wp-json\/wp\/v2\/types\/product"}],"wp:featuredmedia":[{"embeddable":true,"href":"https:\/\/www.boattoursamana.com\/ar\/wp-json\/wp\/v2\/media\/11588"}],"wp:attachment":[{"href":"https:\/\/www.boattoursamana.com\/ar\/wp-json\/wp\/v2\/media?parent=9218"}],"wp:term":[{"taxonomy":"product_cat","embeddable":true,"href":"https:\/\/www.boattoursamana.com\/ar\/wp-json\/wp\/v2\/product_cat?post=9218"},{"taxonomy":"product_tag","embeddable":true,"href":"https:\/\/www.boattoursamana.com\/ar\/wp-json\/wp\/v2\/product_tag?post=9218"}],"curies":[{"name":"wp","href":"https:\/\/api.w.org\/{rel}","templated":true}]}}