{"id":15755,"date":"2023-07-15T07:43:13","date_gmt":"2023-07-15T07:43:13","guid":{"rendered":"https:\/\/www.ticketswhales.com\/samana-cayo-levantado-bacardi-island-and-whale-watching-from-miches-in-catamaran\/"},"modified":"2023-07-15T07:43:13","modified_gmt":"2023-07-15T07:43:13","slug":"samana-cayo-levantado-bacardi-island-and-whale-watching-from-miches-in-catamaran","status":"publish","type":"page","link":"https:\/\/www.boattoursamana.com\/be\/samana-cayo-levantado-bacardi-island-and-whale-watching-from-miches-in-catamaran-2","title":{"rendered":"Saman\u00e1 Cayo Levantado (\u0432\u043e\u0441\u0442\u0440\u0430\u045e \u0411\u0430\u043a\u0430\u0440\u0434\u0437\u0456) \u0456 \u043d\u0430\u0437\u0456\u0440\u0430\u043d\u043d\u0435 \u0437\u0430 \u043a\u0456\u0442\u0430\u043c\u0456 \u0437 Miches \u043d\u0430 \u043a\u0430\u0442\u0430\u043c\u0430\u0440\u0430\u043d\u0435"},"content":{"rendered":"<p><span style=\"vertical-align: inherit;\"><span style=\"vertical-align: inherit;\">Whale Miches Tours &amp; Excursiones. <\/span><span style=\"vertical-align: inherit;\">Reserve sus boletos para el avistamiento de ballenas en la Bah\u00eda de Saman\u00e1, comenzando desde Miches y visitando Cayo Levantado, tambi\u00e9n conocida como Isla Bacard\u00ed para una aventura con pase de un d\u00eda.<\/span><\/span><br \/>\n\u043d<br \/>\n\u043d&\u043dbsp;<br \/>\n\u043d<br \/>\n\u043d<em><strong><span style=\"vertical-align: inherit;\"><span style=\"vertical-align: inherit;\">\u0412\u044b\u0431\u0435\u0440\u044b\u0446\u0435 \u044d\u043a\u0441\u043a\u0443\u0440\u0441\u0456\u044e:<\/span><\/span><\/strong><\/em><\/p>\n<p>&nbsp;<\/p>\n<div class=\"vc_row wpb_row vc_row-fluid\" ><div class=\"wpb_column vc_column_container vc_col-sm-12\"><div class=\"vc_column-inner\"><div class=\"wpb_wrapper\">\n\t<div class=\"wpb_text_column wpb_content_element\" >\n\t\t<div class=\"wpb_wrapper\">\n\t\t\t<p><span style=\"vertical-align: inherit;\"><span style=\"vertical-align: inherit;\"><\/p>\n\n\t\t<\/div>\n\t<\/div>\n<\/div><\/div><\/div><\/div><div class=\"vc_row wpb_row vc_row-fluid\" ><\/div><div class=\"wpb_column vc_column_container vc_col-sm-12\"><div class=\"vc_column-inner\"><div class=\"wpb_wrapper\"><\/div><\/div><\/div><div class=\"vc_row wpb_row vc_row-fluid\" ><\/div><div class=\"wpb_column vc_column_container vc_col-sm-12\"><div class=\"vc_column-inner\"><div class=\"wpb_wrapper\"><div class=\"vc_btn3-container vc_btn3-inline\" ><button class=\"vc_general vc_btn3 vc_btn3-size-md vc_btn3-shape-rounded vc_btn3-style-modern vc_btn3-color-green\">\u0417\u0430\u0431\u0440\u0430\u043d\u0456\u0440\u0430\u0432\u0430\u0446\u044c \u0417\u0410\u0420\u0410\u0417<\/button><\/div><\/div><\/div><\/div><div class=\"mkdf-section-title-holder\" style=\"text-align: left\">\n\t<div class=\"mkdf-st-inner\">\n\t\t\t\t\t\t\t<h3 class=\"mkdf-st-title\" >\n\t\t\t\tCayo Levantado + Avistamiento de ballenas de Miches en catamar\u00e1n\t\t\t<\/h3>\n\t\t\t\t\t<\/div>\n<\/div><div class=\"vc_empty_space\"   style=\"height: 32px\"><span class=\"vc_empty_space_inner\"><\/span><\/div>\n\t<div class=\"wpb_text_column wpb_content_element\" >\n\t\t<div class=\"wpb_wrapper\">\n\t\t\t<p>\u00a0<\/span><\/span><br \/>\n\u043d<\/p>\n<div class=\"vc_empty_space\"><\/div>\n<p>\u043d<\/p>\n<div class=\"wpb_text_column wpb_content_element\">\n\u043d<\/p>\n<div class=\"wpb_wrapper\">\n\u043d<\/p>\n<div class=\"vc_row wpb_row vc_row-fluid\">\n\u043d<\/p>\n<div class=\"wpb_column vc_column_container vc_col-sm-12\">\n\u043d<\/p>\n<div class=\"vc_column-inner\">\n\u043d<\/p>\n<div class=\"wpb_wrapper\">\n\u043d<\/p>\n<div class=\"wpb_text_column wpb_content_element\">\n\u043d<\/p>\n<div class=\"wpb_wrapper\">\n\u043d<\/p>\n<div class=\"vc_row wpb_row vc_row-fluid\">\n\u043d<\/p>\n<div class=\"wpb_column vc_column_container vc_col-sm-12\">\n\u043d<\/p>\n<div class=\"vc_column-inner\">\n\u043d<\/p>\n<div class=\"wpb_wrapper\">\n\u043d<\/p>\n<div class=\"wpb_text_column wpb_content_element\">\n\u043d<\/p>\n<div class=\"wpb_wrapper\">\n\u043d<\/p>\n<h4><a id=\"overview\" class=\"aal_anchor\" href=\"https:\/\/www.boattoursamana.com\/be\/%d1%82%d1%83%d1%80-3\/samana-cayo-levantado-bacardi-island-and-whale-watching-from-miches-in-catamaran-2\/#overview\" aria-hidden=\"true\"><\/a><b><i>\u0410\u0433\u043b\u044f\u0434<\/i><\/b><\/h4>\n<p>nWhale watching in Saman\u00e1 bay starting from Miches port in Catamaran.\u00a0 This Trip starts at 9:00 Am and Finishes at 5:00 Pm. Meeting before in Our port at Miches. After aborting our Catamaran or Boat to visit the Whales in their own habitat.<br \/>\n\u043d<br \/>\nnFrom 9:00 Am until 12:00-noon Whale watching observatory and After this Whale trip we will visit Bacardi Island \/ Cayo Levantado. In Bacardi Island, Lunch Buffet from typical Dominican Style will be provided. When lunch is finished you are allowed to swim until 4:30 pm. Tour will be finished at 5:00 pm at the same port where it will start.<br \/>\n\u043d<br \/>\nnNote: This tour is Not Private.<strong>\u00a0\u0414\u043b\u044f \u0456\u043d\u0434\u044b\u0432\u0456\u0434\u0443\u0430\u043b\u044c\u043d\u0430\u0433\u0430 \u0442\u0443\u0440\u0430, \u043a\u0430\u043b\u0456 \u043b\u0430\u0441\u043a\u0430, \u0437\u0432\u044f\u0436\u044b\u0446\u0435\u0441\u044f \u0437 \u043d\u0430\u043c\u0456.<\/strong><br \/>\n\u043d<\/p>\n<ul>\n\u043d \t<\/p>\n<li>\u041d\u0430\u0437\u0456\u0440\u0430\u043d\u043d\u0435 \u0437\u0430 \u043a\u0456\u0442\u0430\u043c\u0456<\/li>\n<p>\u043d \t<\/p>\n<li>\u041f\u043b\u0430\u0442\u0430 \u0437\u0430 \u045e\u0432\u0430\u0445\u043e\u0434 \u0443 \u0430\u0431\u0441\u0435\u0440\u0432\u0430\u0442\u043e\u0440\u044b\u044e<\/li>\n<p>\u043d \t<\/p>\n<li>\u0423\u043a\u043b\u044e\u0447\u0430\u0435 \u045e \u0441\u044f\u0431\u0435 \u0430\u0431\u0435\u0434 \u043d\u0430 \u043f\u043b\u044f\u0436\u044b - \u0448\u0432\u0435\u0434\u0441\u043a\u0456 \u0441\u0442\u043e\u043b<\/li>\n<p>\u043d \t<\/p>\n<li>\u0422\u0440\u0430\u043d\u0441\u0444\u0435\u0440 \u043d\u0430 \u043b\u043e\u0434\u0446\u044b<\/li>\n<p>\u043d \t<\/p>\n<li>\u041a\u0430\u043f\u0456\u0442\u0430\u043d \u0437\u0430\u0431\u044f\u0441\u043f\u0435\u0447\u0432\u0430\u0435 \u0456\u043d\u0441\u0442\u0440\u0443\u043a\u0442\u0430\u0436 \u0456 \u043a\u0430\u043d\u0442\u0440\u043e\u043b\u044c<\/li>\n<p>\u043d \t<\/p>\n<li>\u0413\u0456\u0434<\/li>\n<p>\u043d<\/ul>\n<p>\u043d&\u043dbsp;<br \/>\n\u043d<\/p>\n<h4><a id=\"inclusions-exclusions\" class=\"aal_anchor\" href=\"https:\/\/www.boattoursamana.com\/be\/%d1%82%d1%83%d1%80-3\/samana-cayo-levantado-bacardi-island-and-whale-watching-from-miches-in-catamaran-2\/#inclusions-exclusions\" aria-hidden=\"true\"><\/a><b>\u0423\u043a\u043b\u044e\u0447\u044d\u043d\u043d\u0456 \u0456 \u0432\u044b\u043a\u043b\u044e\u0447\u044d\u043d\u043d\u0456<\/b><\/h4>\n<p>\u043d&\u043dbsp;<br \/>\n\u043d<br \/>\n\u043d<b>\u0423\u043a\u043b\u044e\u0447\u044d\u043d\u043d\u044f<\/b><br \/>\n\u043d<br \/>\n\u043d&\u043dbsp;<br \/>\n\u043d<\/p>\n<ol>\n\u043d \t<\/p>\n<li>\u0410\u0431\u0435\u0434 \u043d\u0430 \u043f\u043b\u044f\u0436\u044b - \u0448\u0432\u0435\u0434\u0441\u043a\u0456 \u0441\u0442\u043e\u043b<\/li>\n<p>\u043d \t<\/p>\n<li>\u041d\u0430\u0437\u0456\u0440\u0430\u043d\u043d\u0435 \u0437\u0430 \u043a\u0456\u0442\u0430\u043c\u0456<\/li>\n<p>\u043d \t<\/p>\n<li>\u0413\u0456\u0434<\/li>\n<p>\u043d \t<\/p>\n<li>\u041f\u0440\u0430\u0433\u0443\u043b\u043a\u0430 \u043d\u0430 \u043b\u043e\u0434\u0446\u044b \u0430\u0431\u043e \u043a\u0430\u0442\u0430\u043c\u0430\u0440\u0430\u043d\u0435<\/li>\n<p>\u043d \t<\/p>\n<li>\u0423\u0441\u0435 \u043f\u0430\u0434\u0430\u0442\u043a\u0456, \u0437\u0431\u043e\u0440\u044b \u0456 \u0437\u0431\u043e\u0440\u044b \u0437\u0430 \u0430\u043f\u0440\u0430\u0446\u043e\u045e\u043a\u0443<\/li>\n<p>\u043d \t<\/p>\n<li>\u041c\u044f\u0441\u0446\u043e\u0432\u044b\u044f \u043f\u0430\u0434\u0430\u0442\u043a\u0456<\/li>\n<p>\u043d \t<\/p>\n<li>\u041d\u0430\u043f\u043e\u0456<\/li>\n<p>\u043d \t<\/p>\n<li>\u0410\u043b\u043a\u0430\u0433\u043e\u043b\u044c\u043d\u044b\u044f \u043d\u0430\u043f\u043e\u0456<\/li>\n<p>\u043d<\/ol>\n<p>\u043d<b>\u0412\u044b\u043a\u043b\u044e\u0447\u044d\u043d\u043d\u0456<\/b><br \/>\n\u043d<\/p>\n<ol>\n\u043d \t<\/p>\n<li>\u0427\u0430\u044f\u0432\u044b\u044f<\/li>\n<p>\u043d \t<\/p>\n<li>\u0422\u0440\u0430\u043d\u0441\u0444\u0435\u0440\u043d\u044b \u0430\u045e\u0442\u0430\u043c\u0430\u0431\u0456\u043b\u044c<\/li>\n<p>\u043d<\/ol>\n<p>\u043d&\u043dbsp;<br \/>\n\u043d<\/p>\n<h4><a id=\"departure-return\" class=\"aal_anchor\" href=\"https:\/\/www.boattoursamana.com\/be\/%d1%82%d1%83%d1%80-3\/samana-cayo-levantado-bacardi-island-and-whale-watching-from-miches-in-catamaran-2\/#departure-return\" aria-hidden=\"true\"><\/a><em><strong>\u0410\u0434\u043f\u0440\u0430\u045e\u043b\u0435\u043d\u043d\u0435 \u0456 \u0432\u044f\u0440\u0442\u0430\u043d\u043d\u0435<\/strong><\/em><\/h4>\n<p>n \u041f\u0430\u0434\u0430\u0440\u043e\u0436\u043d\u0456\u043a \u0430\u0442\u0440\u044b\u043c\u0430\u0435 \u043c\u0435\u0441\u0446\u0430 \u0441\u0443\u0441\u0442\u0440\u044d\u0447\u044b \u043f\u0430\u0441\u043b\u044f \u043f\u0440\u0430\u0446\u044d\u0441\u0443 \u0431\u0440\u0430\u043d\u0456\u0440\u0430\u0432\u0430\u043d\u043d\u044f. \u0422\u0443\u0440\u044b \u043f\u0430\u0447\u044b\u043d\u0430\u044e\u0446\u0446\u0430 \u0456 \u0437\u0430\u043a\u0430\u043d\u0447\u0432\u0430\u044e\u0446\u0446\u0430 \u045e \u043d\u0430\u0448\u044b\u0445 \u043c\u0435\u0441\u0446\u0430\u0445 \u0441\u0443\u0441\u0442\u0440\u044d\u0447\u044b.<br \/>\n\u043d<br \/>\n\u043d&\u043dbsp;<br \/>\n\u043d<\/p>\n<h4><a id=\"what-to-expect\" class=\"aal_anchor\" href=\"https:\/\/www.boattoursamana.com\/be\/%d1%82%d1%83%d1%80-3\/samana-cayo-levantado-bacardi-island-and-whale-watching-from-miches-in-catamaran-2\/#what-to-expect\" aria-hidden=\"true\"><\/a><b><i>\u0428\u0442\u043e \u0447\u0430\u043a\u0430\u0446\u044c?<\/i><\/b><\/h4>\n<p>\u043d&\u043dbsp;<br \/>\n\u043d<br \/>\n\u043d<em><strong>\u0410\u0442\u0440\u044b\u043c\u0430\u0439\u0446\u0435 \u0431\u0456\u043b\u0435\u0442\u044b<\/strong><\/em>\u00a0\u043d\u0430 \u0430\u0434\u043d\u0430\u0434\u0437\u0451\u043d\u043d\u044b \u0442\u0443\u0440 \u043f\u0430 \u043d\u0430\u0437\u0456\u0440\u0430\u043d\u043d\u0456 \u0437\u0430 \u043a\u0456\u0442\u0430\u043c\u0456 \u045e \u0431\u0443\u0445\u0446\u0435 \u0421\u0430\u043c\u0430\u043d\u0430, \u044f\u043a\u0456 \u043f\u0430\u0447\u044b\u043d\u0430\u0435\u0446\u0446\u0430 \u0437 \u041c\u0456\u0447\u044d\u0441\u0430 \u043d\u0430 \u043a\u0430\u0442\u0430\u043c\u0430\u0440\u0430\u043d\u0435 \u0437 \u043c\u044f\u0441\u0446\u043e\u0432\u044b\u043c\u0456 \u043d\u0430\u043f\u043e\u044f\u043c\u0456, \u0430 \u0442\u0430\u043a\u0441\u0430\u043c\u0430 \u0432\u044b\u0434\u0430\u0442\u043d\u044b\u043c \u0430\u0431\u0435\u0434\u0430\u043c \u0456 \u043f\u043b\u044f\u0436\u043d\u044b\u043c \u0447\u0430\u0441\u0430\u043c.<br \/>\n\u043d<br \/>\n\u0410\u0431\u0430\u043d\u0435\u043c\u0435\u043d\u0442 \u0434\u043b\u044f \u043d\u0430\u0437\u0456\u0440\u0430\u043d\u043d\u044f \u0437\u0430 \u043a\u0456\u0442\u0430\u043c\u0456, \u0430\u0440\u0433\u0430\u043d\u0456\u0437\u0430\u0432\u0430\u043d\u044b \u043a\u0430\u043c\u043f\u0430\u043d\u0456\u044f\u0439 &quot;Booking Adventures&quot;, \u043f\u0430\u0447\u044b\u043d\u0430\u0435\u0446\u0446\u0430 \u045e \u043c\u0435\u0441\u0446\u044b \u0441\u0443\u0441\u0442\u0440\u044d\u0447\u044b \u0437 \u0433\u0456\u0434\u0430\u043c. \u0410\u0431\u0435\u0434 \u043d\u0430 \u043f\u043b\u044f\u0436\u044b, \u0456 \u0432\u044b \u043c\u043e\u0436\u0430\u0446\u0435 \u0437\u0430\u0441\u0442\u0430\u0432\u0430\u0446\u0446\u0430 \u043a\u043e\u043b\u044c\u043a\u0456 \u0437\u0430\u045e\u0433\u043e\u0434\u043d\u0430 \u043f\u043b\u0430\u0432\u0430\u0446\u044c. \u041a\u0430\u043b\u0456 \u0432\u044b \u0432\u0435\u0433\u0430\u043d, \u043c\u044b \u0442\u0430\u043a\u0441\u0430\u043c\u0430 \u043c\u043e\u0436\u0430\u043c \u043f\u0440\u044b\u0433\u0430\u0442\u0430\u0432\u0430\u0446\u044c \u0434\u043b\u044f \u0432\u0430\u0441 \u0435\u0436\u0443.<br \/>\n\u043d<br \/>\n\u043d<strong>\u0420\u0430\u0441\u043a\u043b\u0430\u0434:<\/strong><br \/>\n\u043d<br \/>\n8:45 - 17:00<br \/>\n\u043d<br \/>\n\u043d&\u043dbsp;<br \/>\n\u043d<\/p>\n<h4><a id=\"what-you-should-bring\" class=\"aal_anchor\" href=\"https:\/\/www.boattoursamana.com\/be\/%d1%82%d1%83%d1%80-3\/samana-cayo-levantado-bacardi-island-and-whale-watching-from-miches-in-catamaran-2\/#what-you-should-bring\" aria-hidden=\"true\"><\/a><em><strong>\u0428\u0442\u043e \u0432\u044b \u043f\u0430\u0432\u0456\u043d\u043d\u044b \u045e\u0437\u044f\u0446\u044c \u0437 \u0441\u0430\u0431\u043e\u0439?<\/strong><\/em><\/h4>\n<p>\u043d<\/p>\n<ul>\n\u043d \t<\/p>\n<li>\u041a\u0430\u043c\u0435\u0440\u0430<\/li>\n<p>\u043d \t<\/p>\n<li>\u0411\u0443\u0442\u043e\u043d\u044b-\u0440\u044d\u043f\u0435\u043b\u0435\u043d\u0442\u044b<\/li>\n<p>\u043d \t<\/p>\n<li>\u0421\u043e\u043d\u0446\u0430\u0430\u0445\u043e\u045e\u043d\u044b \u043a\u0440\u044d\u043c<\/li>\n<p>\u043d \t<\/p>\n<li>\u041a\u0430\u043f\u044f\u043b\u044e\u0448<\/li>\n<p>\u043d \t<\/p>\n<li>\u0417\u0440\u0443\u0447\u043d\u044b\u044f \u0448\u0442\u0430\u043d\u044b<\/li>\n<p>\u043d \t<\/p>\n<li>\u0421\u0430\u043d\u0434\u0430\u043b\u0456 \u043d\u0430 \u043f\u043b\u044f\u0436<\/li>\n<p>\u043d \t<\/p>\n<li>\u0410\u0434\u0437\u0435\u043d\u043d\u0435 \u0434\u043b\u044f \u043f\u043b\u0430\u0432\u0430\u043d\u043d\u044f<\/li>\n<p>\u043d \t<\/p>\n<li>\u041d\u0430\u044f\u045e\u043d\u044b\u044f \u043d\u0430 \u0441\u0443\u0432\u0435\u043d\u0456\u0440\u044b<\/li>\n<p>\u043d<\/ul>\n<p>\u043d&\u043dbsp;<br \/>\n\u043d<\/p>\n<h4><a id=\"hotel-pickup\" class=\"aal_anchor\" href=\"https:\/\/www.boattoursamana.com\/be\/%d1%82%d1%83%d1%80-3\/samana-cayo-levantado-bacardi-island-and-whale-watching-from-miches-in-catamaran-2\/#hotel-pickup\" aria-hidden=\"true\"><\/a><b><i>\u0421\u0430\u043c\u0430\u0432\u044b\u0432\u0430\u0437 \u0437 \u0433\u0430\u0442\u044d\u043b\u044f<\/i><\/b><\/h4>\n<p>n\u0414\u043b\u044f \u0433\u044d\u0442\u0430\u0433\u0430 \u0442\u0443\u0440\u0430 \u043d\u0435 \u043f\u0440\u0430\u043f\u0430\u043d\u0443\u0435\u0446\u0446\u0430 \u0442\u0440\u0430\u043d\u0441\u0444\u0435\u0440 \u0437 \u0433\u0430\u0442\u044d\u043b\u044f.<br \/>\n\u043d<br \/>\n\u043d&\u043dbsp;<br \/>\n\u043d<br \/>\n\u043d<b>\u043d\u0430\u0442\u0430\u0442\u043a\u0430:<\/b>\u00a0\u043a\u0430\u043b\u0456 \u0432\u044b \u0440\u043e\u0431\u0456\u0446\u0435 \u0431\u0440\u0430\u043d\u0456\u0440\u0430\u0432\u0430\u043d\u043d\u0435 \u043d\u0430 \u043f\u0440\u0430\u0446\u044f\u0433\u0443 24 \u0433\u0430\u0434\u0437\u0456\u043d \u043f\u0430\u0441\u043b\u044f \u0430\u0434\u043f\u0440\u0430\u045e\u043b\u0435\u043d\u043d\u044f \u0442\u0443\u0440\u0430\/\u044d\u043a\u0441\u043a\u0443\u0440\u0441\u0456\u0456, \u043c\u044b \u043c\u043e\u0436\u0430\u043c \u0430\u0440\u0433\u0430\u043d\u0456\u0437\u0430\u0432\u0430\u0446\u044c \u0441\u0443\u0441\u0442\u0440\u044d\u0447\u0443 \u0437 \u0433\u0430\u0442\u044d\u043b\u044f \u0437\u0430 \u0434\u0430\u0434\u0430\u0442\u043a\u043e\u0432\u0443\u044e \u043f\u043b\u0430\u0442\u0443. \u041f\u0430\u0441\u043b\u044f \u0437\u0430\u0432\u044f\u0440\u0448\u044d\u043d\u043d\u044f \u043f\u0430\u043a\u0443\u043f\u043a\u0456 \u043c\u044b \u0432\u044b\u0448\u043b\u0435\u043c \u0432\u0430\u043c \u043f\u043e\u045e\u043d\u0443\u044e \u043a\u0430\u043d\u0442\u0430\u043a\u0442\u043d\u0443\u044e \u0456\u043d\u0444\u0430\u0440\u043c\u0430\u0446\u044b\u044e (\u043d\u0443\u043c\u0430\u0440 \u0442\u044d\u043b\u0435\u0444\u043e\u043d\u0430, \u0430\u0434\u0440\u0430\u0441 \u044d\u043b\u0435\u043a\u0442\u0440\u043e\u043d\u043d\u0430\u0439 \u043f\u043e\u0448\u0442\u044b \u0456 \u0433.\u0434.), \u043a\u0430\u0431 \u043d\u0430\u0448 \u043c\u044f\u0441\u0446\u043e\u0432\u044b \u0433\u0456\u0434 \u0430\u0440\u0433\u0430\u043d\u0456\u0437\u0430\u0432\u0430\u045e \u0441\u0443\u0441\u0442\u0440\u044d\u0447\u0443.<br \/>\n\u043d<\/p>\n<h4><a id=\"additional-info-confirmation\" class=\"aal_anchor\" href=\"https:\/\/www.boattoursamana.com\/be\/%d1%82%d1%83%d1%80-3\/samana-cayo-levantado-bacardi-island-and-whale-watching-from-miches-in-catamaran-2\/#additional-info-confirmation\" aria-hidden=\"true\"><\/a><b><i>\u041f\u0430\u0446\u0432\u0435\u0440\u0434\u0436\u0430\u043d\u043d\u0435 \u0434\u0430\u0434\u0430\u0442\u043a\u043e\u0432\u0430\u0439 \u0456\u043d\u0444\u0430\u0440\u043c\u0430\u0446\u044b\u0456<\/i><\/b><\/h4>\n<p>\u043d<\/p>\n<ol>\n\u043d \t<\/p>\n<li>\u041a\u0432\u0456\u0442\u043a\u0456 \u0437&#039;\u044f\u045e\u043b\u044f\u044e\u0446\u0446\u0430 \u043a\u0432\u0456\u0442\u0430\u043d\u0446\u044b\u044f\u0439 \u043f\u0430\u0441\u043b\u044f \u0430\u043f\u043b\u0430\u0442\u044b \u0433\u044d\u0442\u0430\u0433\u0430 \u0442\u0443\u0440\u0430. \u0412\u044b \u043c\u043e\u0436\u0430\u0446\u0435 \u043f\u0430\u043a\u0430\u0437\u0430\u0446\u044c \u0430\u043f\u043b\u0430\u0442\u0443 \u043d\u0430 \u0441\u0432\u0430\u0456\u043c \u0442\u044d\u043b\u0435\u0444\u043e\u043d\u0435.<\/li>\n<p>\u043d \t<\/p>\n<li>\u041c\u0435\u0441\u0446\u0430 \u0441\u0443\u0441\u0442\u0440\u044d\u0447\u044b \u0431\u0443\u0434\u0437\u0435 \u0430\u0442\u0440\u044b\u043c\u0430\u043d\u0430 \u043f\u0430\u0441\u043b\u044f \u043f\u0440\u0430\u0446\u044d\u0441\u0443 \u0431\u0440\u0430\u043d\u0456\u0440\u0430\u0432\u0430\u043d\u043d\u044f.<\/li>\n<p>\u043d \t<\/p>\n<li>\u0414\u0437\u0435\u0446\u0456 \u043f\u0430\u0432\u0456\u043d\u043d\u044b \u0431\u044b\u0446\u044c \u0443 \u0441\u0443\u043f\u0440\u0430\u0432\u0430\u0434\u0436\u044d\u043d\u043d\u0456 \u0434\u0430\u0440\u043e\u0441\u043b\u044b\u0445.<\/li>\n<p>\u043d \t<\/p>\n<li>\u0434\u0430\u0441\u0442\u0443\u043f\u043d\u0430 \u0434\u043b\u044f \u0456\u043d\u0432\u0430\u043b\u0456\u0434\u0430\u045e-\u043a\u0430\u043b\u044f\u0441\u0430\u0447\u043d\u0456\u043a\u0430\u045e<\/li>\n<p>\u043d \t<\/p>\n<li>\u041d\u0435\u043c\u0430\u045e\u043b\u044f\u0442\u044b \u043f\u0430\u0432\u0456\u043d\u043d\u044b \u0441\u044f\u0434\u0437\u0435\u0446\u044c \u043d\u0430 \u043a\u0430\u043b\u0435\u043d\u044f\u0445<\/li>\n<p>\u043d \t<\/p>\n<li>\u0411\u043e\u043b\u044c\u0448\u0430\u0441\u0446\u044c \u043f\u0430\u0434\u0430\u0440\u043e\u0436\u043d\u0456\u043a\u0430\u045e \u043c\u043e\u0433\u0443\u0446\u044c \u043f\u0440\u044b\u043d\u044f\u0446\u044c \u0443\u0434\u0437\u0435\u043b<\/li>\n<p>\u043d<\/ol>\n<p>\u043d<\/p>\n<h4><a id=\"cancellation-policy\" class=\"aal_anchor\" href=\"https:\/\/www.boattoursamana.com\/be\/%d1%82%d1%83%d1%80-3\/samana-cayo-levantado-bacardi-island-and-whale-watching-from-miches-in-catamaran-2\/#cancellation-policy\" aria-hidden=\"true\"><\/a><b><i>\u041f\u0430\u043b\u0456\u0442\u044b\u043a\u0430 \u0430\u0434\u043c\u0435\u043d\u044b<\/i><\/b><\/h4>\n<p>\u041a\u0430\u0431 \u0432\u044f\u0440\u043d\u0443\u0446\u044c \u0433\u0440\u043e\u0448\u044b \u045e \u043f\u043e\u045e\u043d\u044b\u043c \u0430\u0431&#039;\u0451\u043c\u0435, \u0430\u0434\u043c\u044f\u043d\u0456\u0446\u0435 \u043f\u0430\u0434\u043f\u0456\u0441\u043a\u0443 \u044f\u043a \u043c\u0456\u043d\u0456\u043c\u0443\u043c \u0437\u0430 24 \u0433\u0430\u0434\u0437\u0456\u043d\u044b \u0434\u0430 \u0434\u0430\u0442\u044b \u043f\u0430\u0447\u0430\u0442\u043a\u0443 \u045e\u0434\u0437\u0435\u043b\u0443.<br \/>\n\u043d<br \/>\n\u043d\n<\/div>\n<p>\u043d\n<\/p><\/div>\n<p>\u043d\n<\/p><\/div>\n<p>\u043d\n<\/p><\/div>\n<p>\u043d\n<\/p><\/div>\n<p>\u043d\n<\/p><\/div>\n<p>\u043d\n<\/p><\/div>\n<p>\u043d\n<\/p><\/div>\n<p>\u043d\n<\/p><\/div>\n<p>\u043d\n<\/p><\/div>\n<p>\u043d\n<\/p><\/div>\n<p>\u043d\n<\/p><\/div>\n<p>\u043d<\/p>\n<div class=\"vc_row wpb_row vc_row-fluid\">\n\u043d<\/p>\n<div class=\"wpb_column vc_column_container vc_col-sm-12\">\n\u043d<\/p>\n<div class=\"vc_column-inner\">\n\u043d<\/p>\n<div class=\"wpb_wrapper\">\n\u043d<\/p>\n<div class=\"vc_empty_space\"><\/div>\n<p>\u043d<\/p>\n<div class=\"wpb_text_column wpb_content_element\">\n\u043d<\/p>\n<div class=\"wpb_wrapper\">\n\u043d<\/p>\n<h4><a id=\"contact-us\" class=\"aal_anchor\" href=\"https:\/\/www.boattoursamana.com\/be\/%d1%82%d1%83%d1%80-3\/samana-cayo-levantado-bacardi-island-and-whale-watching-from-miches-in-catamaran-2\/#contact-us\" aria-hidden=\"true\"><\/a>\u0417\u0432\u044f\u0436\u044b\u0446\u0435\u0441\u044f \u0437 \u043d\u0430\u043c\u0456?<\/h4>\n<p>\u043d<\/p>\n<h5><\/h5>\n<p>\u043d<em><strong>\u041c\u044f\u0441\u0446\u043e\u0432\u044b\u044f \u0436\u044b\u0445\u0430\u0440\u044b<\/strong>\u00a0\u0456\u00a0<strong>\u0413\u0440\u0430\u043c\u0430\u0434\u0437\u044f\u043d\u0435<\/strong>\u00a0\u0413\u0456\u0434\u044b \u0456 \u0430\u0431\u0441\u043b\u0443\u0433\u043e\u045e\u0432\u0430\u043d\u043d\u0435 \u0433\u0430\u0441\u0446\u0435\u0439<\/em><br \/>\n\u043d<br \/>\n\u043d<span class=\"text-turquoise\">\u0411\u0440\u0430\u043d\u0456\u0440\u0430\u0432\u0430\u043d\u043d\u0435:<\/span>\u00a0\u0422\u0443\u0440\u044b \u0456 \u044d\u043a\u0441\u043a\u0443\u0440\u0441\u0456\u0456 \u045e Dom. \u0420\u044d\u0441\u043f.<br \/>\n\u043d<br \/>\n\u043d<img decoding=\"async\" class=\"emoji\" title=\"Samana Cayo Levantado (\u0432\u043e\u0441\u0442\u0440\u0430\u045e \u0411\u0430\u043a\u0430\u0440\u0434\u0437\u0456) \u0456 \u043d\u0430\u0437\u0456\u0440\u0430\u043d\u043d\u0435 \u0437\u0430 \u043a\u0456\u0442\u0430\u043c\u0456 \u0437 Miches \u043d\u0430 \u043a\u0430\u0442\u0430\u043c\u0430\u0440\u0430\u043d\u0435 1\" draggable=\"false\" src=\"https:\/\/s.w.org\/images\/core\/emoji\/11.2.0\/svg\/1f4de.svg\" alt=\" \" \/> \u0422\u044d\u043b \/ Whatsapp <strong><a href=\"tel:+1 (829) 318-9463\">+1 (829) 318-9463.<\/a><\/strong><br \/>\n\u043d<br \/>\n\u043d<img decoding=\"async\" class=\"emoji\" title=\"Samana Cayo Levantado (\u0432\u043e\u0441\u0442\u0440\u0430\u045e \u0411\u0430\u043a\u0430\u0440\u0434\u0437\u0456) \u0456 \u043d\u0430\u0437\u0456\u0440\u0430\u043d\u043d\u0435 \u0437\u0430 \u043a\u0456\u0442\u0430\u043c\u0456 \u0437 Miches \u043d\u0430 \u043a\u0430\u0442\u0430\u043c\u0430\u0440\u0430\u043d\u0435 2\" draggable=\"false\" src=\"https:\/\/s.w.org\/images\/core\/emoji\/11.2.0\/svg\/1f4e9.svg\" alt=\" \" \/>\u00a0<a href=\"mailto:reservabatour@gmail.com\">reservabatour@gmail.com<\/a><br \/>\n\u043d<br \/>\n\u043d<strong>\u041c\u044b \u0433\u043d\u0443\u0442\u043a\u0430 \u043d\u0430\u043b\u0430\u0434\u0436\u0432\u0430\u0435\u043c \u043f\u0440\u044b\u0432\u0430\u0442\u043d\u044b\u044f \u0442\u0443\u0440\u044b \u043f\u0440\u0430\u0437 Whatsapp:\u00a0<a href=\"tel:+1 (829) 318-9463\">+1 (829) 318-9463.<\/a><\/strong><br \/>\n\u043d<br \/>\n\u043d<\/div>\n<p>\u043d\n<\/p><\/div>\n<p>\u043d\n<\/p><\/div>\n<p>\u043d\n<\/p><\/div>\n<p>\u043d\n<\/p><\/div>\n<p>\u043d\n<\/p><\/div>\n<p>\u043d\n<\/p><\/div>\n<p>\u043d\n<\/p><\/div>\n<p>\u043d<\/p>\n\n\t\t<\/div>\n\t<\/div>\n<div class=\"vc_row wpb_row vc_row-fluid\" ><div class=\"wpb_column vc_column_container vc_col-sm-12\"><div class=\"vc_column-inner\"><div class=\"wpb_wrapper\"><div class=\"vc_btn3-container vc_btn3-inline\" ><button class=\"vc_general vc_btn3 vc_btn3-size-md vc_btn3-shape-rounded vc_btn3-style-modern vc_btn3-color-green\">\u0417\u0430\u0431\u0440\u0430\u043d\u0456\u0440\u0430\u0432\u0430\u0446\u044c \u0417\u0410\u0420\u0410\u0417<\/button><\/div><\/div><\/div><\/div><\/div>","protected":false},"excerpt":{"rendered":"<p>Whale Miches Tours &amp; Excursiones. Reserve sus boletos para el avistamiento de ballenas en la Bah\u00eda de Saman\u00e1, comenzando desde Miches y visitando Cayo Levantado, tambi\u00e9n conocida como Isla Bacard\u00ed para una aventura con pase de un d\u00eda. n n&nbsp; n nSeleccione la fecha de la excursi\u00f3n: &nbsp;<\/p>","protected":false},"author":2,"featured_media":0,"parent":0,"menu_order":0,"comment_status":"open","ping_status":"closed","template":"","meta":{"footnotes":""},"class_list":["post-15755","page","type-page","status-publish","hentry"],"_links":{"self":[{"href":"https:\/\/www.boattoursamana.com\/be\/wp-json\/wp\/v2\/pages\/15755","targetHints":{"allow":["GET"]}}],"collection":[{"href":"https:\/\/www.boattoursamana.com\/be\/wp-json\/wp\/v2\/pages"}],"about":[{"href":"https:\/\/www.boattoursamana.com\/be\/wp-json\/wp\/v2\/types\/page"}],"author":[{"embeddable":true,"href":"https:\/\/www.boattoursamana.com\/be\/wp-json\/wp\/v2\/users\/2"}],"replies":[{"embeddable":true,"href":"https:\/\/www.boattoursamana.com\/be\/wp-json\/wp\/v2\/comments?post=15755"}],"version-history":[{"count":0,"href":"https:\/\/www.boattoursamana.com\/be\/wp-json\/wp\/v2\/pages\/15755\/revisions"}],"wp:attachment":[{"href":"https:\/\/www.boattoursamana.com\/be\/wp-json\/wp\/v2\/media?parent=15755"}],"curies":[{"name":"wp","href":"https:\/\/api.w.org\/{rel}","templated":true}]}}