{"id":15777,"date":"2023-07-15T07:43:40","date_gmt":"2023-07-15T07:43:40","guid":{"rendered":"https:\/\/www.ticketswhales.com\/2-hours-hiking-rain-forest-los-haitises\/"},"modified":"2023-07-15T07:43:40","modified_gmt":"2023-07-15T07:43:40","slug":"2-hours-hiking-rain-forest-los-haitises","status":"publish","type":"page","link":"https:\/\/www.boattoursamana.com\/be\/2-%d0%b3%d0%b0%d0%b4%d0%b7%d1%96%d0%bd%d1%8b-%d0%bf%d0%b0%d1%85%d0%be%d0%b4%d1%83-%d1%9e-%d1%82%d1%80%d0%b0%d0%bf%d1%96%d1%87%d0%bd%d1%8b-%d0%bb%d0%b5%d1%81-%d0%bb%d0%be%d1%81-%d0%b0%d0%b9%d1%86%d1%96","title":{"rendered":"2-\u0433\u0430\u0434\u0437\u0456\u043d\u043d\u044b \u043f\u0435\u0448\u044b \u0442\u0443\u0440 \u043f\u0430 \u0442\u0440\u0430\u043f\u0456\u0447\u043d\u044b\u0445 \u043b\u044f\u0441\u0430\u0445 \u041b\u043e\u0441-\u0425\u0430\u0439\u0446\u0456\u0441\u0435\u0441"},"content":{"rendered":"<p><span style=\"vertical-align: inherit;\"><span style=\"vertical-align: inherit;\">Caminata 4 horas al Parque Nacional Los Haitises con un gu\u00eda tur\u00edstico local desde Sabana de la mar. <\/span><span style=\"vertical-align: inherit;\">Visitando las \u00e1reas de Selva Tropical, Cocos, Caf\u00e9 y Cacao. <\/span><span style=\"vertical-align: inherit;\">Aprendiendo sobre la historia original del Parque Nacional Los Haitises.<\/span><\/span><br \/>\n\u043d<br \/>\n\u043d&\u043dbsp;<br \/>\n\u043d<br \/>\n\u043d<strong><span style=\"vertical-align: inherit;\"><span style=\"vertical-align: inherit;\">\u0412\u044b\u043b\u0443\u0447\u044b\u0446\u0435 \u0444\u0430\u0439\u043b \u0434\u043b\u044f \u0448\u043b\u044f\u0445\u0443 Senderismo:<\/span><\/span><\/strong><\/p>\n<p>&nbsp;<\/p>\n<div class=\"vc_row wpb_row vc_row-fluid\" ><div class=\"wpb_column vc_column_container vc_col-sm-12\"><div class=\"vc_column-inner\"><div class=\"wpb_wrapper\"><div class=\"vc_btn3-container vc_btn3-inline\" ><button class=\"vc_general vc_btn3 vc_btn3-size-md vc_btn3-shape-rounded vc_btn3-style-modern vc_btn3-color-green\">\u0417\u0430\u0431\u0440\u0430\u043d\u0456\u0440\u0430\u0432\u0430\u0446\u044c \u0417\u0410\u0420\u0410\u0417<\/button><\/div><div class=\"mkdf-section-title-holder\" style=\"text-align: left\">\n\t<div class=\"mkdf-st-inner\">\n\t\t\t\t\t<h5 class=\"mkdf-st-subtitle\" >\n\t\t\t\t\u041f\u0430\u0445\u043e\u0434 \u043f\u0430 \u0442\u0440\u0430\u043f\u0456\u0447\u043d\u044b\u0445 \u043b\u044f\u0441\u0430\u0445.\t\t\t<\/h5>\n\t\t\t\t\t\t\t<h3 class=\"mkdf-st-title\" >\n\t\t\t\t\u041d\u0430\u0446\u044b\u044f\u043d\u0430\u043b\u044c\u043d\u044b \u043f\u0430\u0440\u043a \u041b\u043e\u0441-\u0425\u0430\u0439\u0446\u0456\u0441\u0435\u0441 - 4-\u0433\u0430\u0434\u0437\u0456\u043d\u043d\u044b \u043f\u0435\u0448\u044b \u043f\u0430\u0445\u043e\u0434 \u043f\u0430 \u0421\u044d\u043d\u0434\u044d\u0440\u0430-\u0434\u044d\u043b\u044c-\u0411\u043e\u0441\u043a\u0435-\u0425\u0443\u043c\u0435\u0434\u0430 (\u0441\u0446\u0435\u0436\u043a\u0430 \u0432\u0456\u043b\u044c\u0433\u043e\u0442\u043d\u0430\u0433\u0430 \u043b\u0435\u0441\u0443).\t\t\t<\/h3>\n\t\t\t\t\t\t\t<p class=\"mkdf-st-text\" >\n\t\t\t\t\u0414\u043b\u044f \u0433\u044d\u0442\u0430\u0433\u0430 \u0432\u043e\u043f\u044b\u0442\u0443 \u043f\u0430\u0442\u0440\u0430\u0431\u0443\u0435\u0446\u0446\u0430 \u043c\u0456\u043d\u0456\u043c\u0443\u043c 4 \u0443\u0434\u0437\u0435\u043b\u044c\u043d\u0456\u043a\u0456. \u041a\u0430\u043b\u0456 \u0432\u0430\u043c \u044f\u0448\u0447\u044d \u043d\u044f\u043c\u0430 4 \u0433\u0430\u0434\u043e\u045e, \u043d\u0435 \u0441\u0430\u0440\u043e\u043c\u0435\u0439\u0446\u0435\u0441\u044f \u0437\u0432\u044f\u0437\u0430\u0446\u0446\u0430 \u0437 \u043d\u0430\u043c\u0456!\t\t\t<\/p>\n\t\t\t<\/div>\n<\/div><\/div><\/div><\/div><\/div><div class=\"vc_row wpb_row vc_row-fluid\" ><\/div><div class=\"wpb_column vc_column_container vc_col-sm-12\"><div class=\"vc_column-inner\"><div class=\"wpb_wrapper\"><\/div><\/div><\/div>\n\t<div class=\"wpb_text_column wpb_content_element\" >\n\t\t<div class=\"wpb_wrapper\">\n\t\t\t<p>\n\u043d<br \/>\n\u042f \u0442\u044d\u043a\u0441\u0442\u0430\u0432\u044b \u0431\u043b\u043e\u043a. \u041d\u0430\u0446\u0456\u0441\u043d\u0456\u0446\u0435 \u043a\u043d\u043e\u043f\u043a\u0443 \u0440\u044d\u0434\u0430\u0433\u0430\u0432\u0430\u043d\u043d\u044f, \u043a\u0430\u0431 \u0437\u043c\u044f\u043d\u0456\u0446\u044c \u0433\u044d\u0442\u044b \u0442\u044d\u043a\u0441\u0442. Lorem ipsum dolor sit amet, consectetur adipiscing elit. Ut elit Tellus, Luctus nec ullamcorper mattis, pulvinar dapibus leo.<br \/>\n\u043d<br \/>\n\u043d<\/p>\n\n\t\t<\/div>\n\t<\/div>\n<div class=\"vc_row wpb_row vc_row-fluid\" ><\/div><div class=\"wpb_column vc_column_container vc_col-sm-12\"><div class=\"vc_column-inner\"><div class=\"wpb_wrapper\"><\/div><\/div><\/div><div class=\"vc_empty_space\"   style=\"height: 32px\"><span class=\"vc_empty_space_inner\"><\/span><\/div><div class=\"vc_empty_space\"   style=\"height: 32px\"><span class=\"vc_empty_space_inner\"><\/span><\/div><div class=\"vc_row wpb_row vc_row-fluid\" ><div class=\"wpb_column vc_column_container vc_col-sm-12\"><div class=\"vc_column-inner\"><div class=\"wpb_wrapper\"><div class=\"vc_btn3-container vc_btn3-inline\" ><button class=\"vc_general vc_btn3 vc_btn3-size-md vc_btn3-shape-rounded vc_btn3-style-modern vc_btn3-color-green\">\u0417\u0430\u0431\u0440\u0430\u043d\u0456\u0440\u0430\u0432\u0430\u0446\u044c \u0417\u0410\u0420\u0410\u0417<\/button><\/div><\/div><\/div><\/div><\/div>","protected":false},"excerpt":{"rendered":"<p>Caminata 4 horas al Parque Nacional Los Haitises con un gu\u00eda tur\u00edstico local desde Sabana de la mar. Visitando las \u00e1reas de Selva Tropical, Cocos, Caf\u00e9 y Cacao. Aprendiendo sobre la historia original del Parque Nacional Los Haitises. n n&nbsp; n nSeleccione la fecha para el viaje de senderismo: &nbsp;<\/p>","protected":false},"author":2,"featured_media":0,"parent":0,"menu_order":0,"comment_status":"open","ping_status":"closed","template":"","meta":{"footnotes":""},"class_list":["post-15777","page","type-page","status-publish","hentry"],"_links":{"self":[{"href":"https:\/\/www.boattoursamana.com\/be\/wp-json\/wp\/v2\/pages\/15777","targetHints":{"allow":["GET"]}}],"collection":[{"href":"https:\/\/www.boattoursamana.com\/be\/wp-json\/wp\/v2\/pages"}],"about":[{"href":"https:\/\/www.boattoursamana.com\/be\/wp-json\/wp\/v2\/types\/page"}],"author":[{"embeddable":true,"href":"https:\/\/www.boattoursamana.com\/be\/wp-json\/wp\/v2\/users\/2"}],"replies":[{"embeddable":true,"href":"https:\/\/www.boattoursamana.com\/be\/wp-json\/wp\/v2\/comments?post=15777"}],"version-history":[{"count":0,"href":"https:\/\/www.boattoursamana.com\/be\/wp-json\/wp\/v2\/pages\/15777\/revisions"}],"wp:attachment":[{"href":"https:\/\/www.boattoursamana.com\/be\/wp-json\/wp\/v2\/media?parent=15777"}],"curies":[{"name":"wp","href":"https:\/\/api.w.org\/{rel}","templated":true}]}}