{"id":15800,"date":"2023-07-15T07:43:59","date_gmt":"2023-07-15T07:43:59","guid":{"rendered":"https:\/\/www.ticketswhales.com\/punta-cana-cap-cana-excursion-whale-watching-cayo-levantado-private-tour\/"},"modified":"2023-07-15T07:43:59","modified_gmt":"2023-07-15T07:43:59","slug":"punta-cana-cap-cana-excursion-whale-watching-cayo-levantado-private-tour","status":"publish","type":"page","link":"https:\/\/www.boattoursamana.com\/be\/%d0%bf%d1%83%d0%bd%d1%82%d0%b0-%d0%ba%d0%b0%d0%bd%d0%b0-%d0%ba%d1%8d%d0%bf-%d0%ba%d0%b0%d0%bd%d0%b0-%d1%8d%d0%ba%d1%81%d0%ba%d1%83%d1%80%d1%81%d1%96%d1%8f-%d0%bd%d0%b0%d0%b7%d1%96%d1%80%d0%b0%d0%bd","title":{"rendered":"\u041f\u0443\u043d\u0442\u0430-\u041a\u0430\u043d\u0430 \/ \u041a\u0430\u043f-\u041a\u0430\u043d\u0430: \u044d\u043a\u0441\u043a\u0443\u0440\u0441\u0456\u044f \u043f\u0430 \u043d\u0430\u0437\u0456\u0440\u0430\u043d\u043d\u0456 \u0437\u0430 \u043a\u0456\u0442\u0430\u043c\u0456 + Cayo Levantado (\u043f\u0440\u044b\u0432\u0430\u0442\u043d\u044b \u0442\u0443\u0440)"},"content":{"rendered":"<p><span style=\"vertical-align: inherit;\"><span style=\"vertical-align: inherit;\">Reserve su viaje para una experiencia de avistamiento de ballenas comenzando desde Cap Cana en un viaje privado con gu\u00edas profesionales ecologistas. <\/span><span style=\"vertical-align: inherit;\">Si desea ponerse en contacto con nosotros para recibir asesoramiento, env\u00ede un correo electron\u00f3nico, Whatsapp o Llamadas disponibles. <\/span><span style=\"vertical-align: inherit;\">Por favor reserve con tiempo sus entradas. <\/span><span style=\"vertical-align: inherit;\">En la temporada de ballenas hay muchas reservas y nos gustar\u00eda tener sus entradas a salvo para usted.<\/span><\/span><br \/>\n\u043d<br \/>\n\u043d<span style=\"vertical-align: inherit;\"><span style=\"vertical-align: inherit;\">\u0417\u0430\u045e\u0432\u0430\u0433\u0430: Este es un Tour Vado con un pago m\u00ednimo de 540 USD. <\/span><span style=\"vertical-align: inherit;\">Si son menos de 4 personas, cont\u00e1ctenos y le enviaremos un enlace donde puede servar este Tour. <\/span><span style=\"vertical-align: inherit;\">Para unirse a un grupo de observaci\u00f3n de ballenas con recogida en su hotel, <\/span><\/span><a href=\"https:\/\/www.boattoursamana.com\/be\/Tours-Excursions\/tours-excursions-samana-bay-dominican-republic\/whale-watching-2020-in-punta-cana-to-samana-bay-cayo-levantado-bacardi-island-from-hotels\/\"><span style=\"vertical-align: inherit;\"><span style=\"vertical-align: inherit;\">HAGA CLIC AQU\u00cd.<\/span><\/span><\/a><br \/>\n\u043d<br \/>\n\u043d<strong><span style=\"vertical-align: inherit;\"><span style=\"vertical-align: inherit;\">\u0422\u044d\u043d\u0433\u0430 \u0430\u043d \u043a\u0443\u044d\u043d\u0442\u0430<\/span><\/span><\/strong><span style=\"vertical-align: inherit;\"><span style=\"vertical-align: inherit;\"> : <\/span><\/span><em><span style=\"vertical-align: inherit;\"><span style=\"vertical-align: inherit;\">\u0411\u0435\u0431\u0435\u0441<\/span><\/span><\/em><span style=\"vertical-align: inherit;\"><span style=\"vertical-align: inherit;\"> (0 \u2013 23 \u043c\u0435\u0441\u044f\u0446\u0430) \u0431\u044f\u0441\u043f\u043b\u0430\u0442\u043d\u0430, <\/span><\/span><em><span style=\"vertical-align: inherit;\"><span style=\"vertical-align: inherit;\">\u041d\u0456\u043d\u044c\u0451\u0441<\/span><\/span><\/em><span style=\"vertical-align: inherit;\"><span style=\"vertical-align: inherit;\"> (2 &#8211; 10 <\/span><\/span><em><span style=\"vertical-align: inherit;\"><span style=\"vertical-align: inherit;\">a\u00f1os<\/span><\/span><\/em><span style=\"vertical-align: inherit;\"><span style=\"vertical-align: inherit;\"> )<\/span><\/span><br \/>\n\u043d<br \/>\n\u043d<em><strong><span style=\"vertical-align: inherit;\"><span style=\"vertical-align: inherit;\">\u0412\u044b\u0431\u0435\u0440\u044b\u0446\u0435 \u044d\u043a\u0441\u043a\u0443\u0440\u0441\u0456\u044e:<\/span><\/span><\/strong><\/em><\/p>\n<p>&nbsp;<\/p>\n<div class=\"wpb_column vc_column_container vc_col-sm-12\"><div class=\"vc_column-inner\"><div class=\"wpb_wrapper\"><div class=\"vc_btn3-container vc_btn3-inline\" ><a class=\"vc_general vc_btn3 vc_btn3-size-md vc_btn3-shape-rounded vc_btn3-style-modern vc_btn3-color-green\" href=\"https:\/\/bookingadventures.tours\/booking.php?tour_id=6ed21424a849c63fc6398949d1f80266\" title=\"\" rel=\"noopener\">\u0417\u0430\u0431\u0440\u0430\u043d\u0456\u0440\u0430\u0432\u0430\u0446\u044c \u0417\u0410\u0420\u0410\u0417<\/a><\/div><\/div><\/div><\/div><div class=\"vc_row wpb_row vc_row-fluid\" ><div class=\"wpb_column vc_column_container vc_col-sm-12\"><div class=\"vc_column-inner\"><div class=\"wpb_wrapper\">\n\t<div class=\"wpb_text_column wpb_content_element\" >\n\t\t<div class=\"wpb_wrapper\">\n\t\t\t<p>\n\u043d<\/p>\n<div class=\"vc_row wpb_row vc_row-fluid\">\n\u043d<\/p>\n<div class=\"wpb_column vc_column_container vc_col-sm-12\">\n\u043d<\/p>\n<div class=\"vc_column-inner\">\n\u043d<\/p>\n<div class=\"wpb_wrapper\">\n\u043d<\/p>\n<div class=\"wpb_text_column wpb_content_element\">\n\u043d<\/p>\n<div class=\"wpb_wrapper\">\n\u043d<\/p>\n<h3>\u042d\u043a\u0441\u043a\u0443\u0440\u0441\u0456\u044f \u043f\u0430 \u043d\u0430\u0437\u0456\u0440\u0430\u043d\u043d\u0456 \u0437\u0430 \u043a\u0456\u0442\u0430\u043c\u0456 + Cayo Levantado \u0437 \u041f\u0443\u043d\u0442\u0430-\u041a\u0430\u043d\u0430\/\u041a\u0430\u043f-\u041a\u0430\u043d\u0430 (\u043f\u0440\u044b\u0432\u0430\u0442\u043d\u044b \u0442\u0443\u0440)<\/h3>\n<p>\u041d\u0430\u0437\u0456\u0440\u0430\u043d\u043d\u0435 \u0437\u0430 \u043a\u0456\u0442\u0430\u043c\u0456 \u045e \u0431\u0443\u0445\u0446\u0435 \u0421\u0430\u043c\u0430\u043d\u0430, \u043f\u0430\u0447\u044b\u043d\u0430\u044e\u0447\u044b \u0437 \u0433\u0430\u0442\u044d\u043b\u044f\u045e \u041f\u0443\u043d\u0442\u0430-\u041a\u0430\u043d\u0430\/\u041a\u0430\u043f-\u041a\u0430\u043d\u0430 \u043d\u0430 \u043f\u0440\u044b\u0432\u0430\u0442\u043d\u044b\u043c \u0442\u0440\u0430\u043d\u0441\u043f\u0430\u0440\u0446\u0435. \u0413\u044d\u0442\u0430 \u043f\u0430\u0434\u0430\u0440\u043e\u0436\u0436\u0430 \u043f\u0430\u0447\u044b\u043d\u0430\u0435\u0446\u0446\u0430 \u0437 6:00 \u0434\u0430 8:00 \u0456 \u0437\u0430\u043a\u0430\u043d\u0447\u0432\u0430\u0435\u0446\u0446\u0430 \u043a\u0430\u043b\u044f 19:00. \u041f\u0430\u0441\u043b\u044f \u0441\u043f\u044b\u043d\u0435\u043d\u043d\u044f \u043d\u0430\u0448\u0430\u0439 \u043b\u043e\u0434\u043a\u0456, \u043a\u0430\u0431 \u043d\u0430\u0432\u0435\u0434\u0430\u0446\u044c \u043a\u0456\u0442\u043e\u045e \u0443 \u0456\u0445 \u0443\u043b\u0430\u0441\u043d\u044b\u043c \u0430\u0441\u044f\u0440\u043e\u0434\u0434\u0437\u0456 \u043f\u0440\u0430\u0436\u044b\u0432\u0430\u043d\u043d\u044f. \u041f\u0430\u0441\u043b\u044f \u0433\u044d\u0442\u0430\u0439 \u043f\u0430\u0435\u0437\u0434\u043a\u0456 \u043f\u0430 \u043a\u0456\u0442\u0430\u0445 \u043c\u044b \u043d\u0430\u0432\u0435\u0434\u0430\u0435\u043c \u0432\u043e\u0441\u0442\u0440\u0430\u045e \u0411\u0430\u043a\u0430\u0440\u0434\u044b \/ \u041a\u0430\u0439\u043e \u041b\u0435\u0432\u0430\u043d\u0442\u0430\u0434\u0430 (\u043f\u0430 \u0436\u0430\u0434\u0430\u043d\u043d\u0456). \u041d\u0430 \u0432\u043e\u0441\u0442\u0440\u0430\u0432\u0435 Bacardi \u0431\u0443\u0434\u0437\u0435 \u043f\u0440\u0430\u0434\u0430\u0441\u0442\u0430\u045e\u043b\u0435\u043d\u044b \u0430\u0431\u0435\u0434 \u0443 \u0442\u044b\u043f\u043e\u0432\u044b\u043c \u0434\u0430\u043c\u0456\u043d\u0456\u043a\u0430\u043d\u0441\u043a\u0456\u043c \u0441\u0442\u044b\u043b\u0456. \u041f\u0430\u0441\u043b\u044f \u0430\u0431\u0435\u0434\u0443 \u043c\u043e\u0436\u043d\u0430 \u043a\u0443\u043f\u0430\u0446\u0446\u0430 \u0434\u0430 16:00. \u0417\u0430\u0432\u0435\u0440\u0448\u044b\u0446\u0446\u0430 \u0442\u0443\u0440 \u0443 \u0442\u044b\u043c \u0436\u0430 \u043f\u043e\u0440\u0446\u0435, \u0430\u0434\u043a\u0443\u043b\u044c \u0451\u043d \u0441\u0442\u0430\u0440\u0442\u0443\u0435 \u045e 17:00. \u041f\u0430\u0441\u043b\u044f \u0433\u044d\u0442\u0430\u0433\u0430 \u043c\u044b \u0432\u0435\u0440\u043d\u0435\u043c \u0432\u0430\u0441 \u0443 \u0433\u0430\u0442\u044d\u043b\u044c.<br \/>\n\u043d<br \/>\nn\u0417\u0430\u045e\u0432\u0430\u0433\u0430: \u0433\u044d\u0442\u0430 \u043f\u0440\u044b\u0432\u0430\u0442\u043d\u044b \u0442\u0443\u0440 \u0437 \u043c\u0456\u043d\u0456\u043c\u0430\u043b\u044c\u043d\u0430\u0439 \u0430\u043f\u043b\u0430\u0442\u0430\u0439 540 \u0434\u043e\u043b\u0430\u0440\u0430\u045e \u0417\u0428\u0410. \u041a\u0430\u043b\u0456 \u0432\u0430\u0441 \u043c\u0435\u043d\u0448 \u0437\u0430 4 \u0447\u0430\u043b\u0430\u0432\u0435\u043a\u0456, \u0437\u0432\u044f\u0436\u044b\u0446\u0435\u0441\u044f \u0437 \u043d\u0430\u043c\u0456, \u0456 \u043c\u044b \u0432\u044b\u0448\u043b\u0435\u043c \u0432\u0430\u043c \u0441\u043f\u0430\u0441\u044b\u043b\u043a\u0443, \u043f\u0430 \u044f\u043a\u043e\u0439 \u0432\u044b \u043c\u043e\u0436\u0430\u0446\u0435 \u0437\u0430\u0431\u0440\u0430\u043d\u0456\u0440\u0430\u0432\u0430\u0446\u044c \u0433\u044d\u0442\u044b \u0442\u0443\u0440.\u00a0<strong><em>\u041a\u0430\u043b\u0456 \u043b\u0430\u0441\u043a\u0430, \u0434\u0430\u043b\u0443\u0447\u044b\u0446\u0435\u0441\u044f \u0434\u0430 \u0433\u0440\u0443\u043f\u044b \u0434\u043b\u044f \u043d\u0430\u0437\u0456\u0440\u0430\u043d\u043d\u044f \u0437\u0430 \u043a\u0456\u0442\u0430\u043c\u0456 \u0437 \u0442\u0440\u0430\u043d\u0441\u0444\u0435\u0440\u0430\u043c \u0443 \u0433\u0430\u0442\u044d\u043b\u0456<\/em>\u00a0<\/strong><a href=\"https:\/\/www.boattoursamana.com\/be\/Tours-Excursions\/tours-excursions-samana-bay-dominican-republic\/whale-watching-2020-in-punta-cana-to-samana-bay-cayo-levantado-bacardi-island-from-hotels\/\" data-mil=\"12004\">\u041a\u041b\u0406\u041a\u041d\u0406\u0426\u0415 \u0422\u0423\u0422.<\/a><br \/>\n\u043d<\/p>\n<ul>\n\u043d \t<\/p>\n<li>\u041d\u0430\u0437\u0456\u0440\u0430\u043d\u043d\u0435 \u0437\u0430 \u043a\u0456\u0442\u0430\u043c\u0456 \u041f\u0440\u044b\u0432\u0430\u0442\u043d\u0430\u044f \u043f\u0430\u0435\u0437\u0434\u043a\u0430<\/li>\n<p>\u043d \t<\/p>\n<li>\u041f\u043b\u0430\u0442\u0430 \u0437\u0430 \u045e\u0432\u0430\u0445\u043e\u0434 \u0443 \u0430\u0431\u0441\u0435\u0440\u0432\u0430\u0442\u043e\u0440\u044b\u044e<\/li>\n<p>\u043d \t<\/p>\n<li>\u0423\u043a\u043b\u044e\u0447\u0430\u0435 \u045e \u0441\u044f\u0431\u0435 \u0430\u0431\u0435\u0434 \u043d\u0430 \u043f\u043b\u044f\u0436\u044b - \u0448\u0432\u0435\u0434\u0441\u043a\u0456 \u0441\u0442\u043e\u043b<\/li>\n<p>\u043d \t<\/p>\n<li>\u0406\u043d\u0434\u044b\u0432\u0456\u0434\u0443\u0430\u043b\u044c\u043d\u044b \u0442\u0440\u0430\u043d\u0441\u0444\u0435\u0440 \u0437 \u0433\u0430\u0442\u044d\u043b\u044f\u045e<\/li>\n<p>\u043d \t<\/p>\n<li>\u041f\u0440\u044b\u0432\u0430\u0442\u043d\u044b \u0442\u0440\u0430\u043d\u0441\u0444\u0435\u0440 \u043d\u0430 \u043b\u043e\u0434\u0446\u044b<\/li>\n<p>\u043d \t<\/p>\n<li>\u041a\u0430\u043f\u0456\u0442\u0430\u043d \u0437\u0430\u0431\u044f\u0441\u043f\u0435\u0447\u0432\u0430\u0435 \u0456\u043d\u0441\u0442\u0440\u0443\u043a\u0442\u0430\u0436 \u0456 \u043a\u0430\u043d\u0442\u0440\u043e\u043b\u044c<\/li>\n<p>\u043d \t<\/p>\n<li>\u0413\u0456\u0434<\/li>\n<p>\u043d<\/ul>\n<p>\u043d&\u043dbsp;<br \/>\n\u043d<\/p>\n<h4><b>\u0423\u043a\u043b\u044e\u0447\u044d\u043d\u043d\u0456 \u0456 \u0432\u044b\u043a\u043b\u044e\u0447\u044d\u043d\u043d\u0456<\/b><\/h4>\n<p>\u043d&\u043dbsp;<br \/>\n\u043d<br \/>\n\u043d<b>\u0423\u043a\u043b\u044e\u0447\u044d\u043d\u043d\u044f<\/b><br \/>\n\u043d<\/p>\n<ol>\n\u043d \t<\/p>\n<li>\u0410\u0431\u0435\u0434 \u043d\u0430 \u043f\u043b\u044f\u0436\u044b - \u0448\u0432\u0435\u0434\u0441\u043a\u0456 \u0441\u0442\u043e\u043b<\/li>\n<p>\u043d \t<\/p>\n<li>\u0413\u0456\u0434<\/li>\n<p>\u043d \t<\/p>\n<li>\u0422\u0440\u0430\u043d\u0441\u0444\u0435\u0440\u043d\u044b \u0430\u045e\u0442\u0430\u043c\u0430\u0431\u0456\u043b\u044c<\/li>\n<p>\u043d \t<\/p>\n<li>\u041f\u0430\u0434\u0430\u0440\u043e\u0436\u0436\u0430 \u043d\u0430 \u043b\u043e\u0434\u0446\u044b<\/li>\n<p>\u043d \t<\/p>\n<li>\u0423\u0441\u0435 \u043f\u0430\u0434\u0430\u0442\u043a\u0456, \u0437\u0431\u043e\u0440\u044b \u0456 \u0437\u0431\u043e\u0440\u044b \u0437\u0430 \u0430\u043f\u0440\u0430\u0446\u043e\u045e\u043a\u0443<\/li>\n<p>\u043d \t<\/p>\n<li>\u041c\u044f\u0441\u0446\u043e\u0432\u044b\u044f \u043f\u0430\u0434\u0430\u0442\u043a\u0456<\/li>\n<p>\u043d \t<\/p>\n<li>\u041d\u0430\u043f\u043e\u0456<\/li>\n<p>\u043d<\/ol>\n<p>\u043d<b>\u0412\u044b\u043a\u043b\u044e\u0447\u044d\u043d\u043d\u0456<\/b><br \/>\n\u043d<\/p>\n<ol>\n\u043d \t<\/p>\n<li>\u0427\u0430\u044f\u0432\u044b\u044f<\/li>\n<p>\u043d \t<\/p>\n<li>\u0410\u043b\u043a\u0430\u0433\u043e\u043b\u044c\u043d\u044b\u044f \u043d\u0430\u043f\u043e\u0456<\/li>\n<p>\u043d<\/ol>\n<p>\u043d&\u043dbsp;<br \/>\n\u043d<\/p>\n<h4><em><strong>\u0410\u0434\u043f\u0440\u0430\u045e\u043b\u0435\u043d\u043d\u0435 \u0456 \u0432\u044f\u0440\u0442\u0430\u043d\u043d\u0435<\/strong><\/em><\/h4>\n<p>n \u041f\u0430\u0434\u0430\u0440\u043e\u0436\u043d\u0456\u043a \u0430\u0442\u0440\u044b\u043c\u0430\u0435 \u043c\u0435\u0441\u0446\u0430 \u0441\u0443\u0441\u0442\u0440\u044d\u0447\u044b \u043f\u0430\u0441\u043b\u044f \u043f\u0440\u0430\u0446\u044d\u0441\u0443 \u0431\u0440\u0430\u043d\u0456\u0440\u0430\u0432\u0430\u043d\u043d\u044f. \u042d\u043a\u0441\u043a\u0443\u0440\u0441\u0456\u0456 \u043f\u0430\u0447\u044b\u043d\u0430\u044e\u0446\u0446\u0430 \u0456 \u0437\u0430\u043a\u0430\u043d\u0447\u0432\u0430\u044e\u0446\u0446\u0430 \u045e \u043c\u0435\u0441\u0446\u044b \u0441\u0443\u0441\u0442\u0440\u044d\u0447\u044b.<br \/>\n\u043d<br \/>\n\u043d&\u043dbsp;<br \/>\n\u043d<\/p>\n<h4><b><i>\u0428\u0442\u043e \u0447\u0430\u043a\u0430\u0446\u044c?<\/i><\/b><\/h4>\n<p>\u043d&\u043dbsp;<br \/>\n\u043d<br \/>\n\u043d<em><strong>\u0410\u0442\u0440\u044b\u043c\u0430\u0439\u0446\u0435 \u0431\u0456\u043b\u0435\u0442\u044b<\/strong><\/em>\u00a0\u043d\u0430 \u043f\u0440\u0430\u0446\u044f\u0433\u0443 \u0434\u043d\u044f \u043f\u0440\u044b\u0432\u0430\u0442\u043d\u0430\u0435 \u043d\u0430\u0437\u0456\u0440\u0430\u043d\u043d\u0435 \u0437\u0430 \u043a\u0456\u0442\u0430\u043c\u0456 \u0430\u0434 \u041a\u0430\u043f-\u041a\u0430\u043d\u0430 \u0434\u0430 \u0431\u0443\u0445\u0442\u044b \u0421\u0430\u043c\u0430\u043d\u0430, \u043f\u043b\u044e\u0441 \u0446\u0443\u0434\u043e\u045e\u043d\u044b \u0430\u0431\u0435\u0434 \u0456 \u0447\u0430\u0441 \u043d\u0430 \u043f\u043b\u044f\u0436\u044b.<br \/>\n\u043d<br \/>\n\u0410\u0431\u0430\u043d\u0435\u043c\u0435\u043d\u0442 \u0434\u043b\u044f \u043d\u0430\u0437\u0456\u0440\u0430\u043d\u043d\u044f \u0437\u0430 \u043a\u0456\u0442\u0430\u043c\u0456, \u0430\u0440\u0433\u0430\u043d\u0456\u0437\u0430\u0432\u0430\u043d\u044b \u043a\u0430\u043c\u043f\u0430\u043d\u0456\u044f\u0439 &quot;Booking Adventures&quot;, \u043f\u0430\u0447\u044b\u043d\u0430\u0435\u0446\u0446\u0430 \u045e \u043c\u0435\u0441\u0446\u044b \u0441\u0443\u0441\u0442\u0440\u044d\u0447\u044b \u0437 \u0433\u0456\u0434\u0430\u043c. \u0410\u0431\u0435\u0434 \u043d\u0430 \u043f\u043b\u044f\u0436\u044b, \u0456 \u0432\u044b \u043c\u043e\u0436\u0430\u0446\u0435 \u0437\u0430\u0441\u0442\u0430\u0432\u0430\u0446\u0446\u0430 \u043a\u043e\u043b\u044c\u043a\u0456 \u0437\u0430\u045e\u0433\u043e\u0434\u043d\u0430 \u043f\u043b\u0430\u0432\u0430\u0446\u044c. \u041a\u0430\u043b\u0456 \u0432\u044b \u0432\u0435\u0433\u0430\u043d, \u043c\u044b \u0442\u0430\u043a\u0441\u0430\u043c\u0430 \u043c\u043e\u0436\u0430\u043c \u043f\u0440\u044b\u0433\u0430\u0442\u0430\u0432\u0430\u0446\u044c \u0434\u043b\u044f \u0432\u0430\u0441 \u0435\u0436\u0443.<br \/>\n\u043d<br \/>\n\u043d<strong>\u0420\u0430\u0441\u043a\u043b\u0430\u0434:<\/strong><br \/>\n\u043d<br \/>\nn\u0413\u043d\u0443\u0442\u043a\u0456<br \/>\n\u043d<br \/>\n\u043d&\u043dbsp;<br \/>\n\u043d<\/p>\n<h4><em><strong>\u0428\u0442\u043e \u0432\u044b \u043f\u0430\u0432\u0456\u043d\u043d\u044b \u045e\u0437\u044f\u0446\u044c \u0437 \u0441\u0430\u0431\u043e\u0439?<\/strong><\/em><\/h4>\n<p>\u043d<\/p>\n<ul>\n\u043d \t<\/p>\n<li>\u041a\u0430\u043c\u0435\u0440\u0430<\/li>\n<p>\u043d \t<\/p>\n<li>\u0411\u0443\u0442\u043e\u043d\u044b-\u0440\u044d\u043f\u0435\u043b\u0435\u043d\u0442\u044b<\/li>\n<p>\u043d \t<\/p>\n<li>\u0421\u043e\u043d\u0446\u0430\u0430\u0445\u043e\u045e\u043d\u044b \u043a\u0440\u044d\u043c<\/li>\n<p>\u043d \t<\/p>\n<li>\u041a\u0430\u043f\u044f\u043b\u044e\u0448<\/li>\n<p>\u043d \t<\/p>\n<li>\u0417\u0440\u0443\u0447\u043d\u044b\u044f \u0448\u0442\u0430\u043d\u044b<\/li>\n<p>\u043d \t<\/p>\n<li>\u0421\u0430\u043d\u0434\u0430\u043b\u0456 \u043d\u0430 \u043f\u043b\u044f\u0436<\/li>\n<p>\u043d \t<\/p>\n<li>\u0410\u0434\u0437\u0435\u043d\u043d\u0435 \u0434\u043b\u044f \u043f\u043b\u0430\u0432\u0430\u043d\u043d\u044f<\/li>\n<p>\u043d \t<\/p>\n<li>\u041d\u0430\u044f\u045e\u043d\u044b\u044f \u043d\u0430 \u0441\u0443\u0432\u0435\u043d\u0456\u0440\u044b<\/li>\n<p>\u043d<\/ul>\n<p>\u043d&\u043dbsp;<br \/>\n\u043d<\/p>\n<h4><b><i>\u0421\u0430\u043c\u0430\u0432\u044b\u0432\u0430\u0437 \u0437 \u0433\u0430\u0442\u044d\u043b\u044f<\/i><\/b><\/h4>\n<p>n\u041f\u0440\u044b\u0431\u0456\u0440\u0430\u043d\u043d\u0435 \u0437 \u0433\u0430\u0442\u044d\u043b\u044f \u045e\u043a\u043b\u044e\u0447\u0430\u043d\u0430 \u045e \u0433\u044d\u0442\u044b \u0442\u0443\u0440. \u041c\u044b \u0437\u0430\u0431\u0456\u0440\u0430\u0435\u043c \u0443 \u043b\u044e\u0431\u044b\u043c \u0433\u0430\u0442\u044d\u043b\u0456 \u045e \u0440\u0430\u0451\u043d\u0435 \u041f\u0443\u043d\u0442\u0430-\u041a\u0430\u043d\u0430\/\u041a\u0430\u043f-\u041a\u0430\u043d\u0430.<br \/>\n\u043d<br \/>\n\u043d&\u043dbsp;<br \/>\n\u043d<br \/>\n\u043d<b>\u043d\u0430\u0442\u0430\u0442\u043a\u0430:<\/b>\u00a0\u043a\u0430\u043b\u0456 \u0432\u044b \u0440\u043e\u0431\u0456\u0446\u0435 \u0431\u0440\u0430\u043d\u0456\u0440\u0430\u0432\u0430\u043d\u043d\u0435 \u043d\u0430 \u043f\u0440\u0430\u0446\u044f\u0433\u0443 24 \u0433\u0430\u0434\u0437\u0456\u043d \u043f\u0430\u0441\u043b\u044f \u0430\u0434\u043f\u0440\u0430\u045e\u043b\u0435\u043d\u043d\u044f \u0442\u0443\u0440\u0430\/\u044d\u043a\u0441\u043a\u0443\u0440\u0441\u0456\u0456, \u043c\u044b \u043c\u043e\u0436\u0430\u043c \u0430\u0440\u0433\u0430\u043d\u0456\u0437\u0430\u0432\u0430\u0446\u044c \u0441\u0443\u0441\u0442\u0440\u044d\u0447\u0443 \u0437 \u0433\u0430\u0442\u044d\u043b\u044f. \u041f\u0430\u0441\u043b\u044f \u0437\u0430\u0432\u044f\u0440\u0448\u044d\u043d\u043d\u044f \u043f\u0430\u043a\u0443\u043f\u043a\u0456 \u043c\u044b \u0432\u044b\u0448\u043b\u0435\u043c \u0432\u0430\u043c \u043f\u043e\u045e\u043d\u0443\u044e \u043a\u0430\u043d\u0442\u0430\u043a\u0442\u043d\u0443\u044e \u0456\u043d\u0444\u0430\u0440\u043c\u0430\u0446\u044b\u044e (\u043d\u0443\u043c\u0430\u0440 \u0442\u044d\u043b\u0435\u0444\u043e\u043d\u0430, \u0430\u0434\u0440\u0430\u0441 \u044d\u043b\u0435\u043a\u0442\u0440\u043e\u043d\u043d\u0430\u0439 \u043f\u043e\u0448\u0442\u044b \u0456 \u0433.\u0434.), \u043a\u0430\u0431 \u043d\u0430\u0448 \u043c\u044f\u0441\u0446\u043e\u0432\u044b \u0433\u0456\u0434 \u0430\u0440\u0433\u0430\u043d\u0456\u0437\u0430\u0432\u0430\u045e \u0441\u0443\u0441\u0442\u0440\u044d\u0447\u0443.<br \/>\n\u043d<\/p>\n<h4><b><i>\u041f\u0430\u0446\u0432\u0435\u0440\u0434\u0436\u0430\u043d\u043d\u0435 \u0434\u0430\u0434\u0430\u0442\u043a\u043e\u0432\u0430\u0439 \u0456\u043d\u0444\u0430\u0440\u043c\u0430\u0446\u044b\u0456<\/i><\/b><\/h4>\n<p>\u043d<\/p>\n<ol>\n\u043d \t<\/p>\n<li>\u041a\u0432\u0456\u0442\u043a\u0456 \u0437&#039;\u044f\u045e\u043b\u044f\u044e\u0446\u0446\u0430 \u043a\u0432\u0456\u0442\u0430\u043d\u0446\u044b\u044f\u0439 \u043f\u0430\u0441\u043b\u044f \u0430\u043f\u043b\u0430\u0442\u044b \u0433\u044d\u0442\u0430\u0433\u0430 \u0442\u0443\u0440\u0430. \u0412\u044b \u043c\u043e\u0436\u0430\u0446\u0435 \u043f\u0430\u043a\u0430\u0437\u0430\u0446\u044c \u0430\u043f\u043b\u0430\u0442\u0443 \u043d\u0430 \u0441\u0432\u0430\u0456\u043c \u0442\u044d\u043b\u0435\u0444\u043e\u043d\u0435.<\/li>\n<p>\u043d \t<\/p>\n<li>\u041c\u0435\u0441\u0446\u0430 \u0441\u0443\u0441\u0442\u0440\u044d\u0447\u044b \u0431\u0443\u0434\u0437\u0435 \u0430\u0442\u0440\u044b\u043c\u0430\u043d\u0430 \u043f\u0430\u0441\u043b\u044f \u043f\u0440\u0430\u0446\u044d\u0441\u0443 \u0431\u0440\u0430\u043d\u0456\u0440\u0430\u0432\u0430\u043d\u043d\u044f.<\/li>\n<p>\u043d \t<\/p>\n<li>\u0414\u0437\u0435\u0446\u0456 \u043f\u0430\u0432\u0456\u043d\u043d\u044b \u0431\u044b\u0446\u044c \u0443 \u0441\u0443\u043f\u0440\u0430\u0432\u0430\u0434\u0436\u044d\u043d\u043d\u0456 \u0434\u0430\u0440\u043e\u0441\u043b\u044b\u0445.<\/li>\n<p>\u043d \t<\/p>\n<li>\u0434\u0430\u0441\u0442\u0443\u043f\u043d\u0430 \u0434\u043b\u044f \u0456\u043d\u0432\u0430\u043b\u0456\u0434\u0430\u045e-\u043a\u0430\u043b\u044f\u0441\u0430\u0447\u043d\u0456\u043a\u0430\u045e<\/li>\n<p>\u043d \t<\/p>\n<li>\u041d\u0435\u043c\u0430\u045e\u043b\u044f\u0442\u044b \u043f\u0430\u0432\u0456\u043d\u043d\u044b \u0441\u044f\u0434\u0437\u0435\u0446\u044c \u043d\u0430 \u043a\u0430\u043b\u0435\u043d\u044f\u0445<\/li>\n<p>\u043d \t<\/p>\n<li>\u0411\u043e\u043b\u044c\u0448\u0430\u0441\u0446\u044c \u043f\u0430\u0434\u0430\u0440\u043e\u0436\u043d\u0456\u043a\u0430\u045e \u043c\u043e\u0433\u0443\u0446\u044c \u043f\u0440\u044b\u043d\u044f\u0446\u044c \u0443\u0434\u0437\u0435\u043b<\/li>\n<p>\u043d<\/ol>\n<p>\u043d<\/p>\n<h4><b><i>\u041f\u0430\u043b\u0456\u0442\u044b\u043a\u0430 \u0430\u0434\u043c\u0435\u043d\u044b<\/i><\/b><\/h4>\n<p>\u041a\u0430\u0431 \u0432\u044f\u0440\u043d\u0443\u0446\u044c \u0433\u0440\u043e\u0448\u044b \u045e \u043f\u043e\u045e\u043d\u044b\u043c \u0430\u0431&#039;\u0451\u043c\u0435, \u0430\u0434\u043c\u044f\u043d\u0456\u0446\u0435 \u043f\u0430\u0434\u043f\u0456\u0441\u043a\u0443 \u044f\u043a \u043c\u0456\u043d\u0456\u043c\u0443\u043c \u0437\u0430 24 \u0433\u0430\u0434\u0437\u0456\u043d\u044b \u0434\u0430 \u0434\u0430\u0442\u044b \u043f\u0430\u0447\u0430\u0442\u043a\u0443 \u045e\u0434\u0437\u0435\u043b\u0443.<br \/>\n\u043d<br \/>\n\u043d\n<\/div>\n<p>\u043d\n<\/p><\/div>\n<p>\u043d\n<\/p><\/div>\n<p>\u043d\n<\/p><\/div>\n<p>\u043d\n<\/p><\/div>\n<p>\u043d\n<\/p><\/div>\n<p>\u043d<\/p>\n<div class=\"vc_row wpb_row vc_row-fluid\">\n\u043d<\/p>\n<div class=\"wpb_column vc_column_container vc_col-sm-12\">\n\u043d<\/p>\n<div class=\"vc_column-inner\">\n\u043d<\/p>\n<div class=\"wpb_wrapper\">\n\u043d<\/p>\n<div class=\"wpb_text_column wpb_content_element\">\n\u043d<\/p>\n<div class=\"wpb_wrapper\">\n\u043d<\/p>\n<h4>\u0417\u0432\u044f\u0436\u044b\u0446\u0435\u0441\u044f \u0437 \u043d\u0430\u043c\u0456?<\/h4>\n<p>\u043d<\/p>\n<h5><b><i>\u0422\u0423\u0420 \u041a\u0406\u0422\u042b \u0421\u0410\u041c\u0410\u041d\u0410<\/i><\/b><\/h5>\n<p>\u043d<em><strong>\u041c\u044f\u0441\u0446\u043e\u0432\u044b\u044f \u0436\u044b\u0445\u0430\u0440\u044b<\/strong>\u00a0\u0456\u00a0<strong>\u0413\u0440\u0430\u043c\u0430\u0434\u0437\u044f\u043d\u0435<\/strong>\u00a0\u0413\u0456\u0434\u044b \u0456 \u0430\u0431\u0441\u043b\u0443\u0433\u043e\u045e\u0432\u0430\u043d\u043d\u0435 \u0433\u0430\u0441\u0446\u0435\u0439<\/em><br \/>\n\u043d<br \/>\n\u043d<span class=\"text-turquoise\">\u0420\u044d\u0437\u0435\u0440\u0432\u044b:<\/span>\u00a0\u00a0\u0422\u0443\u0440\u044b y Excursiones en Dom. \u0420\u044d\u0441\u043f.<br \/>\n\u043d<br \/>\n\u043d<img decoding=\"async\" class=\"emoji\" draggable=\"false\" src=\"https:\/\/s.w.org\/images\/core\/emoji\/11.2.0\/svg\/1f4de.svg\" alt=\" \" title=\"\">\u00a0\u0422\u044d\u043b \/ Whatsapp\u00a0\u00a0\u00a0<a href=\"tel:+1-809-720-6035\">+ 1-809-720-6035<\/a>\u00a0.<br \/>\n\u043d<\/p>\n<p data-wp-editing=\"1\"><a href=\"mailto:Reservabatour@gmail.com\"><img decoding=\"async\" class=\"emoji\" draggable=\"false\" src=\"https:\/\/s.w.org\/images\/core\/emoji\/11.2.0\/svg\/1f4e9.svg\" alt=\" \" title=\"\"> Reservabatour@gmail.com<\/a><\/p>\n<p>\u043d&\u043dbsp;<br \/>\n\u043d<br \/>\n\u043d\n<\/div>\n<p>\u043d\n<\/p><\/div>\n<p>\u043d\n<\/p><\/div>\n<p>\u043d\n<\/p><\/div>\n<p>\u043d\n<\/p><\/div>\n<p>\u043d\n<\/p><\/div>\n<p>\u043d<\/p>\n\n\t\t<\/div>\n\t<\/div>\n<div class=\"vc_btn3-container vc_btn3-inline\" ><a class=\"vc_general vc_btn3 vc_btn3-size-md vc_btn3-shape-rounded vc_btn3-style-modern vc_btn3-color-green\" href=\"https:\/\/bookingadventures.tours\/booking.php?tour_id=6ed21424a849c63fc6398949d1f80266\" title=\"\" rel=\"noopener\">\u0417\u0430\u0431\u0440\u0430\u043d\u0456\u0440\u0430\u0432\u0430\u0446\u044c \u0417\u0410\u0420\u0410\u0417<\/a><\/div><\/div><\/div><\/div><\/div>","protected":false},"excerpt":{"rendered":"<p>Reserve su viaje para una experiencia de avistamiento de ballenas comenzando desde Cap Cana en un viaje privado con gu\u00edas profesionales ecologistas. Si desea ponerse en contacto con nosotros para recibir asesoramiento, env\u00ede un correo electr\u00f3nico, Whatsapp o Llamadas disponibles. Por favor reserve con tiempo sus entradas. En la temporada de ballenas hay muchas reservas y nos gustar\u00eda tener sus entradas a salvo para usted. n nNota: Este es un Tour Privado con un pago m\u00ednimo de 540 USD. Si [&hellip;]<\/p>\n","protected":false},"author":2,"featured_media":0,"parent":0,"menu_order":0,"comment_status":"open","ping_status":"closed","template":"","meta":{"footnotes":""},"class_list":["post-15800","page","type-page","status-publish","hentry"],"_links":{"self":[{"href":"https:\/\/www.boattoursamana.com\/be\/wp-json\/wp\/v2\/pages\/15800","targetHints":{"allow":["GET"]}}],"collection":[{"href":"https:\/\/www.boattoursamana.com\/be\/wp-json\/wp\/v2\/pages"}],"about":[{"href":"https:\/\/www.boattoursamana.com\/be\/wp-json\/wp\/v2\/types\/page"}],"author":[{"embeddable":true,"href":"https:\/\/www.boattoursamana.com\/be\/wp-json\/wp\/v2\/users\/2"}],"replies":[{"embeddable":true,"href":"https:\/\/www.boattoursamana.com\/be\/wp-json\/wp\/v2\/comments?post=15800"}],"version-history":[{"count":0,"href":"https:\/\/www.boattoursamana.com\/be\/wp-json\/wp\/v2\/pages\/15800\/revisions"}],"wp:attachment":[{"href":"https:\/\/www.boattoursamana.com\/be\/wp-json\/wp\/v2\/media?parent=15800"}],"curies":[{"name":"wp","href":"https:\/\/api.w.org\/{rel}","templated":true}]}}