{"id":15741,"date":"2023-07-15T07:42:45","date_gmt":"2023-07-15T07:42:45","guid":{"rendered":"https:\/\/www.ticketswhales.com\/ridgways-hawk-tour-bird-watching-los-haitises-national-park-excursion\/"},"modified":"2023-07-15T07:42:45","modified_gmt":"2023-07-15T07:42:45","slug":"ridgways-hawk-tour-bird-watching-los-haitises-national-park-excursion","status":"publish","type":"page","link":"https:\/\/www.boattoursamana.com\/bg\/ridgways-hawk-tour-bird-watching-los-haitises-national-park-excursion","title":{"rendered":"Ridgway&#039;s Hawk Tour \u2013 \u0415\u043a\u0441\u043a\u0443\u0440\u0437\u0438\u044f \u0437\u0430 \u043d\u0430\u0431\u043b\u044e\u0434\u0435\u043d\u0438\u0435 \u043d\u0430 \u043f\u0442\u0438\u0446\u0438 \u0432 \u043d\u0430\u0446\u0438\u043e\u043d\u0430\u043b\u043d\u0438\u044f \u043f\u0430\u0440\u043a Los Haitises"},"content":{"rendered":"<p><span style=\"vertical-align: inherit;\"><span style=\"vertical-align: inherit;\">Viaje ecol\u00f3gico al Parque Nacional Los Haitises con un gu\u00eda tur\u00edstico local. <\/span><span style=\"vertical-align: inherit;\">\u041f\u043e\u0441\u0435\u0442\u0435\u0442\u0435 los halcones de Ridgway en el Parque Nacional Los Haitises \u0438 las \u00e1reas hist\u00f3ricas de Sabana de la Mar \u0432 el Parque Nacional Los Haitises.<\/span><\/span><br \/>\nn<br \/>\nn&nbsp;<br \/>\nn<br \/>\nn<em><strong><span style=\"vertical-align: inherit;\"><span style=\"vertical-align: inherit;\">Selection la fecha para el tour\u00a0<\/span><\/span><\/strong><\/em><\/p>\n<p>&nbsp;<\/p>\n<div class=\"vc_row wpb_row vc_row-fluid\" ><div class=\"wpb_column vc_column_container vc_col-sm-12\"><div class=\"vc_column-inner\"><div class=\"wpb_wrapper\"><div class=\"mkdf-section-title-holder\" style=\"text-align: left\">\n\t<div class=\"mkdf-st-inner\">\n\t\t\t\t\t<h5 class=\"mkdf-st-subtitle\" >\n\t\t\t\t\u041d\u0430\u0431\u043b\u044e\u0434\u0435\u043d\u0438\u0435 \u043d\u0430 \u043f\u0442\u0438\u0446\u0438 \u0432 \u041d\u0430\u0446\u0438\u043e\u043d\u0430\u043b\u0435\u043d \u043f\u0430\u0440\u043a \u041b\u043e\u0441 \u0425\u0430\u0438\u0442\u0438\u0441\u0435\u0441\t\t\t<\/h5>\n\t\t\t\t\t\t\t<h3 class=\"mkdf-st-title\" >\n\t\t\t\tRidgway&#039;s Hawk Tour\t\t\t<\/h3>\n\t\t\t\t\t<\/div>\n<\/div><\/div><\/div><\/div><\/div><div class=\"vc_row wpb_row vc_row-fluid\" ><div class=\"wpb_column vc_column_container vc_col-sm-12\"><div class=\"vc_column-inner\"><div class=\"wpb_wrapper\"><div class=\"vc_btn3-container vc_btn3-inline\" ><button class=\"vc_general vc_btn3 vc_btn3-size-md vc_btn3-shape-rounded vc_btn3-style-modern vc_btn3-color-green\">\u0420\u0415\u0417\u0415\u0420\u0412\u0418\u0420\u0410\u0419\u0422\u0415 \u0421\u0415\u0413\u0410<\/button><\/div>\n\t<div class=\"wpb_text_column wpb_content_element\" >\n\t\t<div class=\"wpb_wrapper\">\n\t\t\t<p>\nn<\/p>\n<h4><b><i>\u041f\u0440\u0435\u0433\u043b\u0435\u0434 <\/i><\/b><\/h4>\n<p>n<\/p>\n<section><\/section>\n<p>\u0420\u0438\u0434\u0436\u0443\u0435\u0439\u0441\u043a\u0438\u044f\u0442 \u044f\u0441\u0442\u0440\u0435\u0431 \u0435 \u043a\u0440\u0438\u0442\u0438\u0447\u043d\u043e \u0437\u0430\u0441\u0442\u0440\u0430\u0448\u0435\u043d \u0432\u0438\u0434 \u0434\u043d\u0435\u0432\u043d\u0430 \u0433\u0440\u0430\u0431\u043b\u0438\u0432\u0430 \u043f\u0442\u0438\u0446\u0430, \u0435\u043d\u0434\u0435\u043c\u0438\u0447\u0435\u043d \u0437\u0430 \u043e\u0441\u0442\u0440\u043e\u0432 \u0418\u0441\u043f\u0430\u043d\u044c\u043e\u043b\u0430. \u041f\u0440\u0435\u0434\u0438 \u0441\u0442\u043e \u0433\u043e\u0434\u0438\u043d\u0438 \u044f\u0441\u0442\u0440\u0435\u0431\u044a\u0442 \u0435 \u0431\u0438\u043b \u0441\u0440\u0435\u0449\u0430\u043d \u0432 \u0446\u044f\u043b\u0430 \u0418\u0441\u043f\u0430\u043d\u044c\u043e\u043b\u0430, \u043d\u043e \u0434\u043d\u0435\u0441 \u0435\u0434\u0438\u043d\u0441\u0442\u0432\u0435\u043d\u0430\u0442\u0430 \u043e\u0441\u0442\u0430\u043d\u0430\u043b\u0430 \u0433\u043d\u0435\u0437\u0434\u044f\u0449\u0430 \u043f\u043e\u043f\u0443\u043b\u0430\u0446\u0438\u044f \u043e\u0442 \u043e\u043a\u043e\u043b\u043e 300 \u0438\u043d\u0434\u0438\u0432\u0438\u0434\u0430 \u0441\u0435 \u043d\u0430\u043c\u0438\u0440\u0430 \u0432 \u041d\u0430\u0446\u0438\u043e\u043d\u0430\u043b\u043d\u0438\u044f \u043f\u0430\u0440\u043a Los Haitises \u0432 \u0414\u043e\u043c\u0438\u043d\u0438\u043a\u0430\u043d\u0441\u043a\u0430\u0442\u0430 \u0440\u0435\u043f\u0443\u0431\u043b\u0438\u043a\u0430.<br \/>\nn<br \/>\n\u041d\u0430\u0446\u0438\u043e\u043d\u0430\u043b\u043d\u0438\u044f\u0442 \u043f\u0430\u0440\u043a Los Haitises \u0435 \u043f\u043e\u043f\u0443\u043b\u044f\u0440\u043d\u0430 \u0434\u0435\u0441\u0442\u0438\u043d\u0430\u0446\u0438\u044f \u0437\u0430 \u043b\u044e\u0431\u0438\u0442\u0435\u043b\u0438\u0442\u0435 \u043d\u0430 \u043f\u0440\u0438\u0440\u043e\u0434\u0430\u0442\u0430 \u0438 \u043d\u0430\u0431\u043b\u044e\u0434\u0430\u0442\u0435\u043b\u0438\u0442\u0435 \u043d\u0430 \u043f\u0442\u0438\u0446\u0438, \u0442\u044a\u0439 \u043a\u0430\u0442\u043e \u0435 \u043e\u0442 \u043d\u0430\u0439-\u0433\u043e\u043b\u044f\u043c\u043e \u0437\u043d\u0430\u0447\u0435\u043d\u0438\u0435 \u0437\u0430 \u0431\u0438\u043e\u0440\u0430\u0437\u043d\u043e\u043e\u0431\u0440\u0430\u0437\u0438\u0435\u0442\u043e \u0438 \u0431\u043e\u0433\u0430\u0442\u0441\u0442\u0432\u043e\u0442\u043e \u043d\u0430 \u0444\u0430\u0443\u043d\u0430\u0442\u0430, \u043a\u0430\u043a\u0442\u043e \u043f\u043e \u043e\u0442\u043d\u043e\u0448\u0435\u043d\u0438\u0435 \u043d\u0430 \u0435\u043d\u0434\u0435\u043c\u0438\u0437\u043c\u0430, \u0442\u0430\u043a\u0430 \u0438 \u043f\u043e \u043e\u0442\u043d\u043e\u0448\u0435\u043d\u0438\u0435 \u043d\u0430 \u0431\u0440\u043e\u044f \u043d\u0430 \u0432\u0438\u0434\u043e\u0432\u0435\u0442\u0435. \u041d\u0430\u0448\u0438\u044f\u0442 \u043e\u0441\u043d\u043e\u0432\u0435\u043d \u0444\u043e\u043a\u0443\u0441 \u0435 \u0434\u0430 \u0437\u0430\u0431\u0435\u043b\u0435\u0436\u0438\u043c \u0432\u0441\u0438\u0447\u043a\u0438 \u044f\u0441\u0442\u0440\u0435\u0431\u0438 \u043e\u043a\u043e\u043b\u043e \u0440\u0430\u0439\u043e\u043d\u0438\u0442\u0435 \u043d\u0430 Cano Hondo.<br \/>\nn<br \/>\n\u041d\u0438\u0435 \u043e\u043f\u0430\u0437\u0432\u0430\u043c\u0435 \u044f\u0441\u0442\u0440\u0435\u0431\u0430 \u043d\u0430 \u0420\u0438\u0434\u0436\u0443\u0435\u0439 \u0432 \u041d\u0430\u0446\u0438\u043e\u043d\u0430\u043b\u043d\u0438\u044f \u043f\u0430\u0440\u043a \u041b\u043e\u0441 \u0425\u0430\u0439\u0442\u0438\u0441\u0435\u0441, \u043a\u044a\u0434\u0435\u0442\u043e \u043c\u043e\u0436\u0435\u0442\u0435 \u0434\u0430 \u0432\u0438\u0434\u0438\u0442\u0435 \u043c\u0435\u0441\u0442\u043e\u043e\u0431\u0438\u0442\u0430\u043d\u0438\u0435\u0442\u043e \u0438 \u0438\u043d\u0442\u0435\u0440\u0435\u0441\u043d\u0430\u0442\u0430 \u0438\u0441\u0442\u043e\u0440\u0438\u044f \u043d\u0430 \u044f\u0441\u0442\u0440\u0435\u0431\u0430 \u043d\u0430 \u0420\u0438\u0434\u0436\u0443\u0435\u0439 \u0432 \u043f\u044a\u0442\u0435\u043a\u0438\u0442\u0435 \u043d\u0430 \u0442\u0440\u043e\u043f\u0438\u0447\u0435\u0441\u043a\u0438\u0442\u0435 \u0433\u043e\u0440\u0438. \u041f\u043e\u0437\u043d\u0430\u0432\u0430\u043c\u0435 \u043c\u0435\u0441\u0442\u043e\u043e\u0431\u0438\u0442\u0430\u043d\u0438\u044f\u0442\u0430 \u043d\u0430 \u043f\u0435\u0442\u043d\u0430 \u0437\u0430 \u0431\u0443\u0445\u0430\u043b \u0420\u0438\u0434\u0436\u0443\u0435\u0439 \u0438 \u043f\u0435\u043f\u0435\u043b\u044f\u0432 \u0431\u0443\u0445\u0430\u043b. \u0417\u0430\u0449\u043e\u0442\u043e \u043f\u043e\u0432\u0435\u0447\u0435 \u043e\u0442 15 \u0433\u043e\u0434\u0438\u043d\u0438 \u043a\u0430\u0442\u043e \u0434\u043e\u0431\u0440\u043e\u0432\u043e\u043b\u0446\u0438 \u043d\u0438\u0435 \u0440\u0430\u0431\u043e\u0442\u0438\u043c \u0437\u0430 \u0437\u0430\u0449\u0438\u0442\u0430\u0442\u0430 \u043d\u0430 \u0442\u0435\u0437\u0438 \u0434\u0432\u043e\u0439\u043a\u0438 \u0438 \u0438\u043d\u0434\u0438\u0432\u0438\u0434\u0438 \u043e\u043a\u043e\u043b\u043e \u0442\u0430\u0437\u0438 \u043e\u0431\u0449\u043d\u043e\u0441\u0442.<br \/>\nn<br \/>\nnAlso, you may see other endemics species around the Park. This Tour is focusing on nature and is more concentrated on the information about wildlife. Usually is private.<br \/>\nn<\/p>\n<h4><\/h4>\n<p>n<\/p>\n<h4><b>\u0412\u043a\u043b\u044e\u0447\u0432\u0430\u043d\u0438\u044f \u0438 \u0438\u0437\u043a\u043b\u044e\u0447\u0435\u043d\u0438\u044f<\/b><\/h4>\n<p>n<b>\u0412\u043a\u043b\u044e\u0447\u0432\u0430\u043d\u0438\u044f<\/b><br \/>\nn<\/p>\n<ol>\nn \t<\/p>\n<li style=\"font-weight: 400;\">\u041e\u0431\u0438\u043a\u043e\u043b\u043a\u0430 \u0437\u0430 \u043d\u0430\u0431\u043b\u044e\u0434\u0435\u043d\u0438\u0435 \u043d\u0430 \u043f\u0442\u0438\u0446\u0438 + \u043f\u0435\u0449\u0435\u0440\u0438 \u0438 \u043f\u0438\u043a\u0442\u043e\u0433\u0440\u0430\u0444\u0438\u0438<\/li>\n<p>n \t<\/p>\n<li style=\"font-weight: 400;\"><span style=\"font-weight: 400;\">\u0412\u0441\u0438\u0447\u043a\u0438 \u0434\u0430\u043d\u044a\u0446\u0438, \u0442\u0430\u043a\u0441\u0438 \u0438 \u0442\u0430\u043a\u0441\u0438 \u0437\u0430 \u043e\u0431\u0440\u0430\u0431\u043e\u0442\u043a\u0430<\/span><\/li>\n<p>n \t<\/p>\n<li style=\"font-weight: 400;\"><span style=\"font-weight: 400;\">\u041c\u0435\u0441\u0442\u043d\u0438 \u0434\u0430\u043d\u044a\u0446\u0438<\/span><\/li>\n<p>n \t<\/p>\n<li style=\"font-weight: 400;\">\u041e\u0444\u0438\u0446\u0438\u0430\u043b\u043d\u0438 \u0435\u043a\u0441\u043a\u0443\u0440\u0437\u043e\u0432\u043e\u0434\u0438 \u0435\u043a\u043e\u043b\u043e\u0437\u0438<\/li>\n<p>n<\/ol>\n<p>n<b> \u0418\u0437\u043a\u043b\u044e\u0447\u0435\u043d\u0438\u044f<\/b><br \/>\nn<\/p>\n<ol>\nn \t<\/p>\n<li style=\"font-weight: 400;\"><span style=\"font-weight: 400;\">\u0411\u0430\u043a\u0448\u0438\u0448\u0438<\/span><\/li>\n<p>n \t<\/p>\n<li style=\"font-weight: 400;\"><span style=\"font-weight: 400;\">\u0422\u0440\u0430\u043d\u0441\u0444\u0435\u0440<\/span><\/li>\n<p>n \t<\/p>\n<li style=\"font-weight: 400;\"><span style=\"font-weight: 400;\">\u041d\u0430\u043f\u0438\u0442\u043a\u0430<\/span><\/li>\n<p>n<\/ol>\n<p>n&nbsp;<br \/>\nn<\/p>\n<h4><em><strong>\u041e\u0442\u043f\u044a\u0442\u0443\u0432\u0430\u043d\u0435 \u0438 \u0432\u0440\u044a\u0449\u0430\u043d\u0435<\/strong><\/em><\/h4>\n<p>n<span style=\"font-weight: 400;\">\u041e\u0431\u0438\u043a\u043e\u043b\u043a\u0430\u0442\u0430, \u043e\u0440\u0433\u0430\u043d\u0438\u0437\u0438\u0440\u0430\u043d\u0430 \u043e\u0442 \u201cBooking Adventures\u201d \u0437\u0430\u043f\u043e\u0447\u0432\u0430 \u043e\u0442 \u043c\u044f\u0441\u0442\u043e\u0442\u043e \u0437\u0430 \u0441\u0440\u0435\u0449\u0430, \u043e\u043f\u0440\u0435\u0434\u0435\u043b\u0435\u043d\u043e \u0441 \u0435\u043a\u0441\u043a\u0443\u0440\u0437\u043e\u0432\u043e\u0434\u0430. \u041f\u044a\u0442\u043d\u0438\u043a\u044a\u0442 \u0449\u0435 \u043f\u043e\u043b\u0443\u0447\u0438 \u043c\u044f\u0441\u0442\u043e \u0437\u0430 \u0441\u0440\u0435\u0449\u0430 \u0441\u043b\u0435\u0434 \u043f\u0440\u043e\u0446\u0435\u0441\u0430 \u043d\u0430 \u0440\u0435\u0437\u0435\u0440\u0432\u0430\u0446\u0438\u044f. \u041e\u0431\u0438\u043a\u043e\u043b\u043a\u0438\u0442\u0435 \u0437\u0430\u043f\u043e\u0447\u0432\u0430\u0442 \u0438 \u0437\u0430\u0432\u044a\u0440\u0448\u0432\u0430\u0442 \u043d\u0430 \u043d\u0430\u0448\u0438\u0442\u0435 \u043c\u0435\u0441\u0442\u0430 \u0437\u0430 \u0441\u0440\u0435\u0449\u0438.<\/span><br \/>\nn<br \/>\nn&nbsp;<br \/>\nn<\/p>\n<h4><b><i>\u041a\u0430\u043a\u0432\u043e \u0434\u0430 \u043e\u0447\u0430\u043a\u0432\u0430\u043c?<\/i><\/b><\/h4>\n<p>n<em><strong>\u0412\u0437\u0435\u043c\u0435\u0442\u0435 \u0441\u0432\u043e\u044f \u0431\u0438\u043b\u0435\u0442<\/strong><\/em> \u0437\u0430 \u043e\u043f\u0430\u0437\u0432\u0430\u043d\u0435\u0442\u043e \u043d\u0430 \u0420\u0438\u0434\u0436\u0443\u0435\u0439\u0441\u043a\u0438\u044f \u044f\u0441\u0442\u0440\u0435\u0431 \u0432 \u041d\u0430\u0446\u0438\u043e\u043d\u0430\u043b\u043d\u0438\u044f \u043f\u0430\u0440\u043a \u041b\u043e\u0441 \u0425\u0430\u0439\u0442\u0438\u0441\u0435\u0441.<br \/>\nn<br \/>\nnThis Excursion starts from the meeting point by hiking the Ridgway trails to the Nesting areas. After 30 min hiking and watching the Hawks, we have the option to continue hiking around and check for Parrots, piculets, and other Endemics species in Los Haitises National Park.<br \/>\nn<br \/>\nnLos Haitises National Park has just two Trails for Birding in Sabana de la Mar. On the way to Los Hiatises National Park, we stop in some spots to see more birds.<br \/>\nn<br \/>\nnBeen in the San Lorenzo Bay. we will visit two Caves, the Sadly Cave call in Spanish\u00a0Cueva de la Arena; in this Cave, we can see the petrographs\u00a0from Tainos communities\u00a0that were staying around this area. and using the caves as a temple.<br \/>\nn<br \/>\nnAfter that, we go-ahead to the Linea Cave, this one with 2,243 originals pictographs and our tour guide explain you the information from archeologist about those pictographs.<br \/>\nn<br \/>\nnTaking the boat back again to the Pajaros island ( Birds Island) where we can see most of the\u00a0wetlands birds around\u00a0to Los Haitises National Park. Just because\u00a0all birds are not in the Water.<br \/>\nn<br \/>\nnAfter 4.5 hours of learning about birds in Los Haitises National Park, this excursion ends in the same place as started.<br \/>\nn<br \/>\nn<strong>\u0417\u0430\u0431\u0435\u043b\u0435\u0436\u043a\u0430: \u0422\u0435\u0437\u0438 \u043e\u0431\u0438\u043a\u043e\u043b\u043a\u0438 \u0441\u0430 \u0441 \u043e\u0444\u0438\u0446\u0438\u0430\u043b\u043d\u0438 \u0435\u043a\u043e\u043b\u043e\u0433\u0438\u0447\u043d\u0438 \u0432\u043e\u0434\u0430\u0447\u0438 \u043e\u0442 \u041d\u0430\u0446\u0438\u043e\u043d\u0430\u043b\u043d\u0438\u044f \u043f\u0430\u0440\u043a Los Haitises. \u041c\u043e\u043b\u044f, \u0443\u0432\u0435\u0434\u043e\u043c\u0435\u0442\u0435 \u043d\u0438, \u043a\u043e\u0433\u0430\u0442\u043e \u043f\u043b\u0430\u043d\u0438\u0440\u0430\u0442\u0435 \u0434\u0430 \u043d\u0438 \u043f\u043e\u0441\u0435\u0442\u0438\u0442\u0435!<\/strong><br \/>\nn<br \/>\nn&nbsp;<br \/>\nn<\/p>\n<h4><em><strong>\u041a\u0430\u043a\u0432\u043e \u0442\u0440\u044f\u0431\u0432\u0430 \u0434\u0430 \u0434\u043e\u043d\u0435\u0441\u0435\u0442\u0435?<\/strong><\/em><\/h4>\n<p>n<\/p>\n<ul>\nn \t<\/p>\n<li style=\"font-weight: 400;\"><span style=\"font-weight: 400;\">\u041a\u0430\u043c\u0435\u0440\u0430<\/span><\/li>\n<p>n \t<\/p>\n<li>\u0411\u0438\u043d\u043e\u043a\u044a\u043b<\/li>\n<p>n \t<\/p>\n<li style=\"font-weight: 400;\"><span style=\"font-weight: 400;\">\u0420\u0435\u043f\u0435\u043b\u0435\u043d\u0442\u043d\u0438 \u043f\u044a\u043f\u043a\u0438<\/span><\/li>\n<p>n \t<\/p>\n<li style=\"font-weight: 400;\"><span style=\"font-weight: 400;\">\u0441\u043b\u044a\u043d\u0446\u0435\u0437\u0430\u0449\u0438\u0442\u0435\u043d \u043a\u0440\u0435\u043c<\/span><\/li>\n<p>n \t<\/p>\n<li style=\"font-weight: 400;\"><span style=\"font-weight: 400;\">\u0428\u0430\u043f\u043a\u0430<\/span><\/li>\n<p>n \t<\/p>\n<li style=\"font-weight: 400;\"><span style=\"font-weight: 400;\">\u0423\u0434\u043e\u0431\u0435\u043d \u043f\u0430\u043d\u0442\u0430\u043b\u043e\u043d<\/span><\/li>\n<p>n \t<\/p>\n<li style=\"font-weight: 400;\"><span style=\"font-weight: 400;\">\u0422\u0443\u0440\u0438\u0441\u0442\u0438\u0447\u0435\u0441\u043a\u0438 \u043e\u0431\u0443\u0432\u043a\u0438 \u0437\u0430 \u0433\u043e\u0440\u0430<\/span><\/li>\n<p>n \t<\/p>\n<li style=\"font-weight: 400;\"><span style=\"font-weight: 400;\">\u0421\u0430\u043d\u0434\u0430\u043b\u0438 \u0437\u0430 \u043f\u0440\u043e\u043b\u0435\u0442\u043d\u0438\u0442\u0435 \u0437\u043e\u043d\u0438.<\/span><\/li>\n<p>n \t<\/p>\n<li style=\"font-weight: 400;\"><span style=\"font-weight: 400;\">\u041e\u0431\u043b\u0435\u043a\u043b\u043e \u0437\u0430 \u043f\u043b\u0443\u0432\u0430\u043d\u0435<\/span><\/li>\n<p>n<\/ul>\n<p>n&nbsp;<br \/>\nn<\/p>\n<h4><b><i>\u0412\u0437\u0435\u043c\u0430\u043d\u0435 \u043e\u0442 \u0445\u043e\u0442\u0435\u043b <\/i><\/b><\/h4>\n<p>n<span style=\"font-weight: 400;\">\u0417\u0430 \u0442\u0430\u0437\u0438 \u043e\u0431\u0438\u043a\u043e\u043b\u043a\u0430 \u043d\u0435 \u0441\u0435 \u043f\u0440\u0435\u0434\u043b\u0430\u0433\u0430 \u0432\u0437\u0438\u043c\u0430\u043d\u0435 \u043e\u0442 \u0445\u043e\u0442\u0435\u043b. <\/span><br \/>\nn<br \/>\nn&nbsp;<br \/>\nn<br \/>\nn<b>\u0417\u0430\u0431\u0435\u043b\u0435\u0436\u043a\u0430:<\/b><span style=\"font-weight: 400;\"> \u0410\u043a\u043e \u043d\u0430\u043f\u0440\u0430\u0432\u0438\u0442\u0435 \u0440\u0435\u0437\u0435\u0440\u0432\u0430\u0446\u0438\u044f \u0432 \u0440\u0430\u043c\u043a\u0438\u0442\u0435 \u043d\u0430 24 \u0447\u0430\u0441\u0430 \u043e\u0442 \u0447\u0430\u0441\u0430 \u043d\u0430 \u0442\u0440\u044a\u0433\u0432\u0430\u043d\u0435 \u043d\u0430 \u043e\u0431\u0438\u043a\u043e\u043b\u043a\u0430\u0442\u0430\/\u0435\u043a\u0441\u043a\u0443\u0440\u0437\u0438\u044f\u0442\u0430, \u043c\u043e\u0436\u0435\u043c \u0434\u0430 \u043e\u0440\u0433\u0430\u043d\u0438\u0437\u0438\u0440\u0430\u043c\u0435 \u0432\u0437\u0435\u043c\u0430\u043d\u0435 \u043e\u0442 \u0445\u043e\u0442\u0435\u043b\u0430 \u0441\u0440\u0435\u0449\u0443 \u0434\u043e\u043f\u044a\u043b\u043d\u0438\u0442\u0435\u043b\u043d\u0438 \u0442\u0430\u043a\u0441\u0438. \u0421\u043b\u0435\u0434 \u043a\u0430\u0442\u043e \u043f\u043e\u043a\u0443\u043f\u043a\u0430\u0442\u0430 \u0432\u0438 \u0431\u044a\u0434\u0435 \u0437\u0430\u0432\u044a\u0440\u0448\u0435\u043d\u0430, \u043d\u0438\u0435 \u0449\u0435 \u0432\u0438 \u0438\u0437\u043f\u0440\u0430\u0442\u0438\u043c \u043f\u044a\u043b\u043d\u0430 \u0438\u043d\u0444\u043e\u0440\u043c\u0430\u0446\u0438\u044f \u0437\u0430 \u043a\u043e\u043d\u0442\u0430\u043a\u0442 (\u0442\u0435\u043b\u0435\u0444\u043e\u043d\u0435\u043d \u043d\u043e\u043c\u0435\u0440, \u0438\u043c\u0435\u0439\u043b \u0430\u0434\u0440\u0435\u0441 \u0438 \u0442.\u043d.) \u0437\u0430 \u043d\u0430\u0448\u0438\u044f \u043c\u0435\u0441\u0442\u0435\u043d \u0435\u043a\u0441\u043a\u0443\u0440\u0437\u043e\u0432\u043e\u0434, \u0437\u0430 \u0434\u0430 \u043e\u0440\u0433\u0430\u043d\u0438\u0437\u0438\u0440\u0430\u043c\u0435 \u0443\u0433\u043e\u0432\u043e\u0440\u043a\u0438\u0442\u0435 \u0437\u0430 \u0432\u0437\u0438\u043c\u0430\u043d\u0435.<\/span><br \/>\nn<\/p>\n<h4><b><i>\u041f\u043e\u0442\u0432\u044a\u0440\u0436\u0434\u0435\u043d\u0438\u0435 \u043d\u0430 \u0434\u043e\u043f\u044a\u043b\u043d\u0438\u0442\u0435\u043b\u043d\u0430 \u0438\u043d\u0444\u043e\u0440\u043c\u0430\u0446\u0438\u044f <\/i><\/b><\/h4>\n<p>n<\/p>\n<ol>\nn \t<\/p>\n<li>\u0411\u0438\u043b\u0435\u0442\u0438\u0442\u0435 \u0441\u0430 \u0440\u0430\u0437\u043f\u0438\u0441\u043a\u0430\u0442\u0430 \u0441\u043b\u0435\u0434 \u043f\u043b\u0430\u0449\u0430\u043d\u0435\u0442\u043e \u043d\u0430 \u0442\u0430\u0437\u0438 \u043e\u0431\u0438\u043a\u043e\u043b\u043a\u0430. \u041c\u043e\u0436\u0435\u0442\u0435 \u0434\u0430 \u043f\u043e\u043a\u0430\u0436\u0435\u0442\u0435 \u043f\u043b\u0430\u0449\u0430\u043d\u0435\u0442\u043e \u043d\u0430 \u0442\u0435\u043b\u0435\u0444\u043e\u043d\u0430 \u0441\u0438.<\/li>\n<p>n \t<\/p>\n<li style=\"font-weight: 400;\"><span style=\"font-weight: 400;\">\u041c\u044f\u0441\u0442\u043e\u0442\u043e \u0437\u0430 \u0441\u0440\u0435\u0449\u0430 \u0449\u0435 \u0431\u044a\u0434\u0435 \u043f\u043e\u043b\u0443\u0447\u0435\u043d\u043e \u0441\u043b\u0435\u0434 \u043f\u0440\u043e\u0446\u0435\u0441\u0430 \u043d\u0430 \u0440\u0435\u0437\u0435\u0440\u0432\u0430\u0446\u0438\u044f.<\/span><\/li>\n<p>n \t<\/p>\n<li style=\"font-weight: 400;\"><span style=\"font-weight: 400;\">\u0414\u0435\u0446\u0430\u0442\u0430 \u0442\u0440\u044f\u0431\u0432\u0430 \u0434\u0430 \u0431\u044a\u0434\u0430\u0442 \u043f\u0440\u0438\u0434\u0440\u0443\u0436\u0435\u043d\u0438 \u043e\u0442 \u0432\u044a\u0437\u0440\u0430\u0441\u0442\u0435\u043d.<\/span><\/li>\n<p>n \t<\/p>\n<li style=\"font-weight: 400;\"><span style=\"font-weight: 400;\"> \u041d\u0435 \u0435 \u0434\u043e\u0441\u0442\u044a\u043f\u043d\u043e \u0437\u0430 \u0438\u043d\u0432\u0430\u043b\u0438\u0434\u043d\u0438 \u043a\u043e\u043b\u0438\u0447\u043a\u0438 <\/span><\/li>\n<p>n \t<\/p>\n<li style=\"font-weight: 400;\"><span style=\"font-weight: 400;\">\u0411\u0435\u0431\u0435\u0442\u0430\u0442\u0430 \u0442\u0440\u044f\u0431\u0432\u0430 \u0434\u0430 \u0441\u0435\u0434\u044f\u0442 \u0432 \u0441\u043a\u0443\u0442\u0430 <\/span><\/li>\n<p>n \t<\/p>\n<li style=\"font-weight: 400;\"><span style=\"font-weight: 400;\">\u041d\u0435 \u0441\u0435 \u043f\u0440\u0435\u043f\u043e\u0440\u044a\u0447\u0432\u0430 \u0437\u0430 \u043f\u044a\u0442\u0443\u0432\u0430\u0449\u0438 \u0441 \u043f\u0440\u043e\u0431\u043b\u0435\u043c\u0438 \u0441 \u0433\u044a\u0440\u0431\u0430<\/span><\/li>\n<p>n \t<\/p>\n<li style=\"font-weight: 400;\"><span style=\"font-weight: 400;\">\u041d\u0435 \u0441\u0435 \u043f\u0440\u0435\u043f\u043e\u0440\u044a\u0447\u0432\u0430 \u0437\u0430 \u0431\u0440\u0435\u043c\u0435\u043d\u043d\u0438 \u043f\u044a\u0442\u0443\u0432\u0430\u0449\u0438 <\/span><\/li>\n<p>n \t<\/p>\n<li style=\"font-weight: 400;\"><span style=\"font-weight: 400;\"> \u041d\u044f\u043c\u0430 \u0441\u044a\u0440\u0434\u0435\u0447\u043d\u0438 \u043f\u0440\u043e\u0431\u043b\u0435\u043c\u0438 \u0438\u043b\u0438 \u0434\u0440\u0443\u0433\u0438 \u0441\u0435\u0440\u0438\u043e\u0437\u043d\u0438 \u043c\u0435\u0434\u0438\u0446\u0438\u043d\u0441\u043a\u0438 \u0441\u044a\u0441\u0442\u043e\u044f\u043d\u0438\u044f <\/span><\/li>\n<p>n \t<\/p>\n<li style=\"font-weight: 400;\"><span style=\"font-weight: 400;\">\u041f\u043e\u0432\u0435\u0447\u0435\u0442\u043e \u043f\u044a\u0442\u043d\u0438\u0446\u0438 \u043c\u043e\u0433\u0430\u0442 \u0434\u0430 \u0443\u0447\u0430\u0441\u0442\u0432\u0430\u0442<\/span><\/li>\n<p>n<\/ol>\n<p>nThis tour is offered to a minimum of 2 people and a Maximum of 15 people. In case of fewer people, please contact us.<br \/>\nn<\/p>\n<h4><b><i>\u041f\u043e\u043b\u0438\u0442\u0438\u043a\u0430 \u0437\u0430 \u0430\u043d\u0443\u043b\u0438\u0440\u0430\u043d\u0435<\/i><\/b><\/h4>\n<p>n\u0417\u0430 \u043f\u044a\u043b\u043d\u043e \u0432\u044a\u0437\u0441\u0442\u0430\u043d\u043e\u0432\u044f\u0432\u0430\u043d\u0435 \u043d\u0430 \u0441\u0443\u043c\u0430\u0442\u0430, \u043c\u043e\u043b\u044f, \u043f\u0440\u043e\u0447\u0435\u0442\u0435\u0442\u0435 \u043d\u0430\u0448\u0438\u0442\u0435 \u043f\u0440\u0430\u0432\u0438\u043b\u0430 \u0437\u0430 \u0430\u043d\u0443\u043b\u0438\u0440\u0430\u043d\u0435\u00a0<a href=\"https:\/\/www.boattoursamana.com\/bg\/%d0%be%d0%bd%d0%bb%d0%b0%d0%b9%d0%bd-%d1%80%d0%b5%d0%b7%d0%b5%d1%80%d0%b2%d0%b0%d1%86%d0%b8%d1%8f\/\" target=\"_blank\" rel=\"noopener\" data-saferedirecturl=\"https:\/\/www.google.com\/url?q=https:\/\/www.boattoursamana.com\/online-booking\/&amp;source=gmail&amp;ust=1672529771100000&amp;usg=AOvVaw2NIGJBZ0qjB5RhPUl5Obc7\">\u041d\u0430\u0442\u0438\u0441\u043d\u0438 \u0442\u0443\u043a<\/a>. \u0421\u0440\u0435\u0434\u0441\u0442\u0432\u0430\u0442\u0430 \u0449\u0435 \u0431\u044a\u0434\u0430\u0442 \u0437\u0430\u0433\u0443\u0431\u0435\u043d\u0438, \u0430\u043a\u043e \u0440\u0435\u0437\u0435\u0440\u0432\u0430\u0446\u0438\u044f\u0442\u0430 \u0431\u044a\u0434\u0435 \u0430\u043d\u0443\u043b\u0438\u0440\u0430\u043d\u0430 \u0432 \u0441\u044a\u0449\u0438\u044f \u0434\u0435\u043d \u043d\u0430 \u043f\u044a\u0442\u0443\u0432\u0430\u043d\u0435\u0442\u043e.<\/p>\n\n\t\t<\/div>\n\t<\/div>\n<\/div><\/div><\/div><\/div><div class=\"vc_row wpb_row vc_row-fluid\" ><\/div><div class=\"wpb_column vc_column_container vc_col-sm-12\"><div class=\"vc_column-inner\"><div class=\"wpb_wrapper\"><\/div><\/div><\/div><div class=\"vc_empty_space\"   style=\"height: 32px\"><span class=\"vc_empty_space_inner\"><\/span><\/div><div class=\"vc_empty_space\"   style=\"height: 32px\"><span class=\"vc_empty_space_inner\"><\/span><\/div><div class=\"vc_row wpb_row vc_row-fluid\" ><div class=\"wpb_column vc_column_container vc_col-sm-12\"><div class=\"vc_column-inner\"><div class=\"wpb_wrapper\"><div class=\"vc_btn3-container vc_btn3-inline\" ><button class=\"vc_general vc_btn3 vc_btn3-size-md vc_btn3-shape-rounded vc_btn3-style-modern vc_btn3-color-green\">\u0420\u0415\u0417\u0415\u0420\u0412\u0418\u0420\u0410\u0419\u0422\u0415 \u0421\u0415\u0413\u0410<\/button><\/div><\/div><\/div><\/div><\/div>","protected":false},"excerpt":{"rendered":"<p>Viaje ecol\u00f3gico al Parque Nacional Los Haitises con un gu\u00eda tur\u00edstico local. Visitar los halcones de Ridgway en el Parque Nacional Los Haitises y las \u00e1reas hist\u00f3ricas de Sabana de la Mar en el Parque Nacional Los Haitises. n n&nbsp; n nSeleccione la fecha para el tour\u00a0 &nbsp;<\/p>","protected":false},"author":2,"featured_media":0,"parent":0,"menu_order":0,"comment_status":"open","ping_status":"closed","template":"","meta":{"footnotes":""},"class_list":["post-15741","page","type-page","status-publish","hentry"],"_links":{"self":[{"href":"https:\/\/www.boattoursamana.com\/bg\/wp-json\/wp\/v2\/pages\/15741","targetHints":{"allow":["GET"]}}],"collection":[{"href":"https:\/\/www.boattoursamana.com\/bg\/wp-json\/wp\/v2\/pages"}],"about":[{"href":"https:\/\/www.boattoursamana.com\/bg\/wp-json\/wp\/v2\/types\/page"}],"author":[{"embeddable":true,"href":"https:\/\/www.boattoursamana.com\/bg\/wp-json\/wp\/v2\/users\/2"}],"replies":[{"embeddable":true,"href":"https:\/\/www.boattoursamana.com\/bg\/wp-json\/wp\/v2\/comments?post=15741"}],"version-history":[{"count":0,"href":"https:\/\/www.boattoursamana.com\/bg\/wp-json\/wp\/v2\/pages\/15741\/revisions"}],"wp:attachment":[{"href":"https:\/\/www.boattoursamana.com\/bg\/wp-json\/wp\/v2\/media?parent=15741"}],"curies":[{"name":"wp","href":"https:\/\/api.w.org\/{rel}","templated":true}]}}