{"id":15775,"date":"2023-07-15T07:43:40","date_gmt":"2023-07-15T07:43:40","guid":{"rendered":"https:\/\/www.ticketswhales.com\/bahia-de-las-aguilas-beach-day-trip-by-boat-day-pass-snorkeling-lunch\/"},"modified":"2023-07-15T07:43:40","modified_gmt":"2023-07-15T07:43:40","slug":"bahia-de-las-aguilas-beach-day-trip-by-boat-day-pass-snorkeling-lunch","status":"publish","type":"page","link":"https:\/\/www.boattoursamana.com\/bg\/bahia-de-las-aguilas-%d0%bf%d0%bb%d0%b0%d0%b6-%d0%b4%d0%bd%d0%b5%d0%b2%d0%bd%d0%be-%d0%bf%d1%8a%d1%82%d1%83%d0%b2%d0%b0%d0%bd%d0%b5-%d1%81-%d0%bb%d0%be%d0%b4%d0%ba%d0%b0-%d0%b4%d0%bd%d0%b5%d0%b2%d0%b5-2","title":{"rendered":"Bah\u00eda de las \u00c1guilas: \u0415\u0434\u043d\u043e\u0434\u043d\u0435\u0432\u043d\u0430 \u0435\u043a\u0441\u043a\u0443\u0440\u0437\u0438\u044f \u0434\u043e \u043f\u043b\u0430\u0436\u0430 \u0441 \u043b\u043e\u0434\u043a\u0430 \u2013 \u0414\u043d\u0435\u0432\u0435\u043d \u043f\u0440\u043e\u043f\u0443\u0441\u043a \u2013 \u0413\u043c\u0443\u0440\u043a\u0430\u043d\u0435 \u0441 \u0448\u043d\u043e\u0440\u0445\u0435\u043b \u0438 \u043e\u0431\u044f\u0434"},"content":{"rendered":"<p><span style=\"vertical-align: inherit;\"><span style=\"vertical-align: inherit;\">Compre un boleto de un d\u00eda a Bah\u00eda las \u00c1guilas desde Barahona. <\/span><span style=\"vertical-align: inherit;\">Conduciendo por el parque nacional Jaragua y rumbo a Cabo Rojo, donde un bote lo espera. <\/span><span style=\"vertical-align: inherit;\">Despu\u00e9s de un viaje de 15 minutos en bote, llegar\u00e1 a la hermosa y aislada Bah\u00eda de las \u00c1guilas, considerada la playa m\u00e1s hermosa del pa\u00eds. <\/span><span style=\"vertical-align: inherit;\">El almuerzo se servir\u00e1 en la playa y tendr\u00e1 la oportunidad de nadar o simplemente relajarse en la playa. <\/span><span style=\"vertical-align: inherit;\">Disfrute de la pr\u00edstina arena blanca de esta playa de 8 km de longitud.<\/span><\/span><br \/>\nn<br \/>\nn&nbsp;<br \/>\nn<br \/>\nn<strong><span style=\"vertical-align: inherit;\"><span style=\"vertical-align: inherit;\">Select el d\u00eda para este viaje:<\/span><\/span><\/strong><\/p>\n<p>&nbsp;<\/p>\n<div class=\"vc_row wpb_row vc_row-fluid\" ><div class=\"wpb_column vc_column_container vc_col-sm-12\"><div class=\"vc_column-inner\"><div class=\"wpb_wrapper\"><div class=\"vc_btn3-container vc_btn3-inline\" ><button class=\"vc_general vc_btn3 vc_btn3-size-md vc_btn3-shape-rounded vc_btn3-style-modern vc_btn3-color-green\">\u0420\u0415\u0417\u0415\u0420\u0412\u0418\u0420\u0410\u0419\u0422\u0415 \u0421\u0415\u0413\u0410<\/button><\/div><div class=\"mkdf-section-title-holder\" style=\"text-align: left\">\n\t<div class=\"mkdf-st-inner\">\n\t\t\t\t\t<h5 class=\"mkdf-st-subtitle\" >\n\t\t\t\t\u0414\u043d\u0435\u0432\u0435\u043d \u043f\u0440\u043e\u043f\u0443\u0441\u043a - \u0433\u043c\u0443\u0440\u043a\u0430\u043d\u0435 \u0441 \u0448\u043d\u043e\u0440\u0445\u0435\u043b \u0438 \u043e\u0431\u044f\u0434\t\t\t<\/h5>\n\t\t\t\t\t\t\t<h3 class=\"mkdf-st-title\" >\n\t\t\t\tBah\u00eda de las Aguilas: \u0415\u0434\u043d\u043e\u0434\u043d\u0435\u0432\u043d\u0430 \u0435\u043a\u0441\u043a\u0443\u0440\u0437\u0438\u044f \u0434\u043e \u043f\u043b\u0430\u0436\u0430 \u0441 \u043b\u043e\u0434\u043a\u0430\t\t\t<\/h3>\n\t\t\t\t\t<\/div>\n<\/div><\/div><\/div><\/div><\/div><div class=\"vc_row wpb_row vc_row-fluid\" ><\/div><div class=\"wpb_column vc_column_container vc_col-sm-12\"><div class=\"vc_column-inner\"><div class=\"wpb_wrapper\"><\/div><\/div><\/div>\n\t<div class=\"wpb_text_column wpb_content_element\" >\n\t\t<div class=\"wpb_wrapper\">\n\t\t\t<p>\nn<br \/>\nnI am \u0431\u043b\u043e\u043a \u0441 \u0442\u0435\u043a\u0441\u0442. \u0429\u0440\u0430\u043a\u043d\u0435\u0442\u0435 \u0432\u044a\u0440\u0445\u0443 \u0431\u0443\u0442\u043e\u043d\u0430 \u0437\u0430 \u0440\u0435\u0434\u0430\u043a\u0442\u0438\u0440\u0430\u043d\u0435, \u0437\u0430 \u0434\u0430 \u043f\u0440\u043e\u043c\u0435\u043d\u0438\u0442\u0435 \u0442\u043e\u0437\u0438 \u0442\u0435\u043a\u0441\u0442. Lorem ipsum dolor sit amet, consectetur adipiscing elit. Ut elit tellus, luctus nec ullamcorper mattis, pulvinar dapibus leo.<br \/>\nn<br \/>\nn<\/p>\n\n\t\t<\/div>\n\t<\/div>\n<div class=\"vc_row wpb_row vc_row-fluid\" ><div class=\"wpb_column vc_column_container vc_col-sm-12\"><div class=\"vc_column-inner\"><div class=\"wpb_wrapper\"><div class=\"vc_btn3-container vc_btn3-inline\" ><button class=\"vc_general vc_btn3 vc_btn3-size-md vc_btn3-shape-rounded vc_btn3-style-modern vc_btn3-color-green\">\u0420\u0415\u0417\u0415\u0420\u0412\u0418\u0420\u0410\u0419\u0422\u0415 \u0421\u0415\u0413\u0410<\/button><\/div><\/div><\/div><\/div><\/div>","protected":false},"excerpt":{"rendered":"<p>Compre un boleto de un d\u00eda a Bah\u00eda las \u00c1guilas desde Barahona. Conduciendo por el parque nacional Jaragua y rumbo a Cabo Rojo, donde un bote lo espera. Despu\u00e9s de un viaje de 15 minutos en bote, llegar\u00e1 a la hermosa y aislada Bah\u00eda de las \u00c1guilas, considerada la playa m\u00e1s hermosa del pa\u00eds. El almuerzo se servir\u00e1 en la playa y tendr\u00e1 la oportunidad de nadar o simplemente relajarse en la playa. Disfrute de la pr\u00edstina arena blanca de [&hellip;]<\/p>\n","protected":false},"author":2,"featured_media":0,"parent":0,"menu_order":0,"comment_status":"open","ping_status":"closed","template":"","meta":{"footnotes":""},"class_list":["post-15775","page","type-page","status-publish","hentry"],"_links":{"self":[{"href":"https:\/\/www.boattoursamana.com\/bg\/wp-json\/wp\/v2\/pages\/15775","targetHints":{"allow":["GET"]}}],"collection":[{"href":"https:\/\/www.boattoursamana.com\/bg\/wp-json\/wp\/v2\/pages"}],"about":[{"href":"https:\/\/www.boattoursamana.com\/bg\/wp-json\/wp\/v2\/types\/page"}],"author":[{"embeddable":true,"href":"https:\/\/www.boattoursamana.com\/bg\/wp-json\/wp\/v2\/users\/2"}],"replies":[{"embeddable":true,"href":"https:\/\/www.boattoursamana.com\/bg\/wp-json\/wp\/v2\/comments?post=15775"}],"version-history":[{"count":0,"href":"https:\/\/www.boattoursamana.com\/bg\/wp-json\/wp\/v2\/pages\/15775\/revisions"}],"wp:attachment":[{"href":"https:\/\/www.boattoursamana.com\/bg\/wp-json\/wp\/v2\/media?parent=15775"}],"curies":[{"name":"wp","href":"https:\/\/api.w.org\/{rel}","templated":true}]}}