{"id":15770,"date":"2023-07-15T07:43:40","date_gmt":"2023-07-15T07:43:40","guid":{"rendered":"https:\/\/www.ticketswhales.com\/parasailing-tour-from-punta-cana-95-usd\/"},"modified":"2023-07-15T07:43:40","modified_gmt":"2023-07-15T07:43:40","slug":"parasailing-tour-from-punta-cana-95-usd","status":"publish","type":"page","link":"https:\/\/www.boattoursamana.com\/bn\/%e0%a6%aa%e0%a6%be%e0%a6%a8%e0%a7%8d%e0%a6%a4%e0%a6%be-%e0%a6%95%e0%a6%be%e0%a6%a8%e0%a6%be-95-%e0%a6%87%e0%a6%89%e0%a6%8f%e0%a6%b8%e0%a6%a1%e0%a6%bf-%e0%a6%a5%e0%a7%87%e0%a6%95%e0%a7%87-%e0%a6%aa","title":{"rendered":"\u09aa\u09be\u09a8\u09cd\u09a4\u09be \u0995\u09be\u09a8\u09be \u09a5\u09c7\u0995\u09c7 \u09aa\u09cd\u09af\u09be\u09b0\u09be\u09b8\u09c7\u0987\u09b2\u09bf\u0982 \u099f\u09cd\u09af\u09c1\u09b0 95 USD\u0964"},"content":{"rendered":"<p><span style=\"vertical-align: inherit;\"><span style=\"vertical-align: inherit;\">\u09aa\u09cd\u09af\u09be\u09b0\u09be\u09b8\u09c7\u0987\u09b2\u09bf\u0982 en Punta Cana es una aventura incre\u00edble y una de las mejores cosas para hacer en Punta Cana. <\/span><span style=\"vertical-align: inherit;\">La costa desde 200 pies en el aire, mientras navega, es absolutamente impresionante.<\/span><\/span><br \/>\nn<br \/>\nn<span style=\"vertical-align: inherit;\"><span style=\"vertical-align: inherit;\">El parasailing es una experiencia sencilla y divertida para todos los miembros de la familia. <\/span><span style=\"vertical-align: inherit;\">Como la principal empresa de parasailing y aventura en Rep\u00fablica Dominicana, nuestro equipo de Parasailing se encuentra entre los m\u00e1s experimentados en Punta Cana, con m\u00e1s de 16 a\u00f1os de experiencia en vuelos. <\/span><span style=\"vertical-align: inherit;\">Puede disfrutar de unos 15 \u09ae\u09bf\u09a8\u09bf\u099f \u09a6\u09c7 \u09ad\u09cd\u09af\u09c1\u09b2\u09cb \u09ae\u09be\u0987\u09a8\u099f\u09cd\u09b0\u09be\u09b8 \u09a1\u09bf\u09b8\u09ab\u09cd\u09b0\u09c1\u099f\u09be \u09a6\u09c7 \u09b2\u09be \u09b9\u09be\u09b0\u09ae\u09cb\u09b8\u09be \u09ad\u09bf\u09b8\u09cd\u09a4\u09be \u09aa\u09cd\u09af\u09be\u09a8\u09cb\u09b0\u09be\u09ae\u09bf\u0995\u09be\u0964<\/span><\/span><br \/>\nn<br \/>\nn&nbsp;<br \/>\nn<br \/>\nn<em><strong><span style=\"vertical-align: inherit;\"><span style=\"vertical-align: inherit;\">\u09a8\u09bf\u09b0\u09cd\u09ac\u09be\u099a\u09a8 \u0995\u09b0\u09c1\u09a8 \u09b2\u09be \u09ab\u09c7\u099a\u09be \u09aa\u09cd\u09af\u09be\u09b0\u09be \u098f\u09b2 \u099f\u09cd\u09af\u09c1\u09b0\u00a0<\/span><\/span><\/strong><\/em><\/p>\n<p>&nbsp;<\/p>\n<div class=\"vc_row wpb_row vc_row-fluid\" ><div class=\"wpb_column vc_column_container vc_col-sm-12\"><div class=\"vc_column-inner\"><div class=\"wpb_wrapper\">\n\t<div class=\"wpb_text_column wpb_content_element\" >\n\t\t<div class=\"wpb_wrapper\">\n\t\t\t<p>u<\/p>\n\n\t\t<\/div>\n\t<\/div>\n<\/div><\/div><\/div><\/div><div class=\"vc_row wpb_row vc_row-fluid\" ><div class=\"wpb_column vc_column_container vc_col-sm-12\"><div class=\"vc_column-inner\"><div class=\"wpb_wrapper\"><div class=\"mkdf-section-title-holder\" style=\"text-align: left\">\n\t<div class=\"mkdf-st-inner\">\n\t\t\t\t\t<h5 class=\"mkdf-st-subtitle\" >\n\t\t\t\t\u09aa\u09be\u09a8\u09cd\u09a4\u09be \u0995\u09be\u09a8\u09be \u09b9\u09cb\u099f\u09c7\u09b2 \u09a5\u09c7\u0995\u09c7\t\t\t<\/h5>\n\t\t\t\t\t\t\t<h3 class=\"mkdf-st-title\" >\n\t\t\t\t\u09aa\u09be\u09a8\u09cd\u09a4\u09be \u0995\u09be\u09a8\u09be \u09a5\u09c7\u0995\u09c7 \u09aa\u09cd\u09af\u09be\u09b0\u09be\u09b8\u09c7\u0987\u09b2\u09bf\u0982 \u099f\u09cd\u09af\u09c1\u09b0\t\t\t<\/h3>\n\t\t\t\t\t\t\t<p class=\"mkdf-st-text\" >\n\t\t\t\t\u09a6\u09cd\u09b0\u09b7\u09cd\u099f\u09ac\u09cd\u09af: \u098f\u0987 \u099f\u09cd\u09af\u09c1\u09b0\u099f\u09bf \u09b8\u0995\u09be\u09b2 7:00 \u098f \u09b6\u09c1\u09b0\u09c1 \u09b9\u09af\u09bc \u09af\u09c7\u0996\u09be\u09a8\u09c7 \u09aa\u09bf\u0995\u0986\u09aa \u09b9\u09cb\u099f\u09c7\u09b2\u09c7\u09b0 \u09b8\u09ae\u09af\u09bc \u09aa\u09b0\u09bf\u09ac\u09b0\u09cd\u09a4\u09a8 \u09b9\u09a4\u09c7 \u09aa\u09be\u09b0\u09c7 \u09a4\u09be\u09b0 \u0989\u09aa\u09b0 \u09a8\u09bf\u09b0\u09cd\u09ad\u09b0 \u0995\u09b0\u09c7\u0964 \u0986\u09ae\u09be\u09a6\u09c7\u09b0 \u09ac\u09b0\u09cd\u09a3\u09a8\u09be\u09af\u09bc \u09a4\u09be\u09b2\u09bf\u0995\u09be\u09ad\u09c1\u0995\u09cd\u09a4 \u09a8\u09af\u09bc \u098f\u09ae\u09a8 \u098f\u09b2\u09be\u0995\u09be\u09af\u09bc \u09aa\u09bf\u0995 \u0986\u09aa\u09c7\u09b0 \u099c\u09a8\u09cd\u09af \u0985\u09a4\u09bf\u09b0\u09bf\u0995\u09cd\u09a4 \u0996\u09b0\u099a\u0964\t\t\t<\/p>\n\t\t\t<\/div>\n<\/div><\/div><\/div><\/div><\/div><div class=\"vc_row wpb_row vc_row-fluid\" ><div class=\"wpb_column vc_column_container vc_col-sm-12\"><div class=\"vc_column-inner\"><div class=\"wpb_wrapper\"><div class=\"vc_empty_space\"   style=\"height: 32px\"><span class=\"vc_empty_space_inner\"><\/span><\/div><\/div><\/div><\/div><\/div><div class=\"vc_row wpb_row vc_row-fluid\" ><div class=\"wpb_column vc_column_container vc_col-sm-12\"><div class=\"vc_column-inner\"><div class=\"wpb_wrapper\"><div class=\"vc_btn3-container vc_btn3-inline\" ><button class=\"vc_general vc_btn3 vc_btn3-size-md vc_btn3-shape-rounded vc_btn3-style-modern vc_btn3-color-green\">\u098f\u0996\u09a8\u0987 \u09ac\u09c1\u0995 \u0995\u09b0\u09c1\u09a8<\/button><\/div>\n\t<div class=\"wpb_text_column wpb_content_element\" >\n\t\t<div class=\"wpb_wrapper\">\n\t\t\t<p>\nn<\/p>\n<h4><b><i>\u0993\u09ad\u09be\u09b0\u09ad\u09bf\u0989 <\/i><\/b><\/h4>\n<p>n<\/p>\n<div>\nn<br \/>\nn \u098f\u0987 40-\u09ae\u09bf\u09a8\u09bf\u099f\u09c7\u09b0 \u0995\u09be\u09b0\u09cd\u09af\u0995\u09b2\u09be\u09aa\u09c7\u09b0 \u09b8\u09ae\u09af\u09bc \u09aa\u09be\u09a8\u09cd\u09a4\u09be \u0995\u09be\u09a8\u09be\/\u09ac\u09be\u09ad\u09be\u09b0\u09cb \u0989\u09aa\u0995\u09c2\u09b2\u09b0\u09c7\u0996\u09be \u09a7\u09b0\u09c7 \u09aa\u09cd\u09af\u09be\u09b0\u09be\u09b8\u09be\u0987\u09b2 \u09aa\u09be\u09a8\u09cd\u09a4\u09be \u0995\u09be\u09a8\u09be \u09a5\u09c7\u0995\u09c7 \u09aa\u09cd\u09b0\u09b8\u09cd\u09a5\u09be\u09a8 \u0995\u09b0\u09c1\u09a8\u0964 2001 \u09b8\u09be\u09b2 \u09a5\u09c7\u0995\u09c7 60,000 \u099f\u09bf\u09b0\u0993 \u09ac\u09c7\u09b6\u09bf \u09ab\u09cd\u09b2\u09be\u0987\u099f \u09b8\u09b9 \u09a1\u09cb\u09ae\u09bf\u09a8\u09bf\u0995\u09be\u09a8 \u09b0\u09bf\u09aa\u09be\u09ac\u09b2\u09bf\u0995\u09c7\u09b0 \u0985\u09a8\u09cd\u09af\u09a4\u09ae \u0985\u09ad\u09bf\u099c\u09cd\u099e \u09aa\u09cd\u09af\u09be\u09b0\u09be\u09b8\u09c7\u09b2 \u0995\u09cb\u09ae\u09cd\u09aa\u09be\u09a8\u09bf\u09b0 \u09a6\u0995\u09cd\u09b7\u09a4\u09be \u09a5\u09c7\u0995\u09c7 \u0989\u09aa\u0995\u09c3\u09a4 \u09b9\u09a8\u0964 \u09ac\u09be\u09a4\u09be\u09b8\u09c7 \u09b6\u09a4 \u09b6\u09a4 \u09ab\u09c1\u099f \u0989\u09a1\u09bc\u09c7 \u09b8\u09ae\u09c1\u09a6\u09cd\u09b0 \u09b8\u09c8\u0995\u09a4, \u09ab\u09bf\u09b0\u09cb\u099c\u09be \u099c\u09b2 \u098f\u09ac\u0982 \u09ac\u09bf\u09b8\u09cd\u09a4\u09c0\u09b0\u09cd\u09a3 \u09b0\u09bf\u09b8\u09b0\u09cd\u099f\u09c7\u09b0 \u09b6\u09cd\u09ac\u09be\u09b8\u09b0\u09c1\u09a6\u09cd\u09a7\u0995\u09b0 \u09a6\u09c3\u09b6\u09cd\u09af \u09aa\u09be\u09a8\u0964 \u09b8\u09be\u09a8\u09b8\u09cd\u0995\u09cd\u09b0\u09bf\u09a8, \u098f\u0995\u099f\u09bf \u09b8\u09cd\u09a8\u09be\u09a8\u09c7\u09b0 \u09b8\u09cd\u09af\u09c1\u099f \u098f\u09ac\u0982 \u09b8\u09be\u09b9\u09b8\u09bf\u0995\u09a4\u09be\u09b0 \u0985\u09a8\u09c1\u09ad\u09c2\u09a4\u09bf \u0986\u09a8\u09c1\u09a8\u0964 \u09a8\u09c8\u09b8\u09b0\u09cd\u0997\u09bf\u0995 \u098f\u09af\u09bc\u09be\u09b0 \u099f\u09cd\u09af\u09c1\u09b0 \u09a8\u09cc\u0995\u09be\u09af\u09bc \u09ad\u09cd\u09b0\u09ae\u09a3 \u0995\u09b0\u09c1\u09a8 \u098f\u09ac\u0982 \u099c\u09b2 \u09a5\u09c7\u0995\u09c7 \u09a6\u09b0\u09cd\u09b6\u09a8\u09c0\u09af\u09bc \u09b8\u09cd\u09a5\u09be\u09a8\u0997\u09c1\u09b2\u09bf \u09a6\u09c7\u0996\u09c1\u09a8 \u09b8\u0995\u09be\u09b2 \u09ac\u09be \u09ac\u09bf\u0995\u09c7\u09b2\u09c7 \u09aa\u09cd\u09b0\u09b8\u09cd\u09a5\u09be\u09a8\u09c7\u09b0 \u09aa\u099b\u09a8\u09cd\u09a6 \u09ac\u09bf\u09a8\u09be\u09ae\u09c2\u09b2\u09cd\u09af\u09c7 \u09b9\u09cb\u099f\u09c7\u09b2 \u09aa\u09bf\u0995\u0986\u09aa \u098f\u09ac\u0982 \u09a1\u09cd\u09b0\u09aa-\u0985\u09ab \u0985\u09a8\u09cd\u09a4\u09b0\u09cd\u09ad\u09c1\u0995\u09cd\u09a4<br \/>\nn<br \/>\nn<\/div>\n<p>n<\/p>\n<ul class=\"vcs-highlights\">\nn \t<\/p>\n<li>\u09b8\u09be\u09b0\u09be\u09a6\u09bf\u09a8\u09c7 \u09ac\u09c7\u09b6 \u0995\u09af\u09bc\u09c7\u0995\u099f\u09bf \u09aa\u09cd\u09b0\u09b8\u09cd\u09a5\u09be\u09a8\u09c7\u09b0 \u09aa\u099b\u09a8\u09cd\u09a6<\/li>\n<p>n \t<\/p>\n<li>\u099a\u09ae\u09a4\u09cd\u0995\u09be\u09b0 \u09ac\u09be\u09af\u09bc\u09ac\u09c0\u09af\u09bc \u09a6\u09c3\u09b6\u09cd\u09af \u0989\u09aa\u09ad\u09cb\u0997 \u0995\u09b0\u09c1\u09a8<\/li>\n<p>n \t<\/p>\n<li>\u09aa\u09b0\u09bf\u09ac\u09be\u09b0 \u09ac\u09a8\u09cd\u09a7\u09c1\u09ad\u09be\u09ac\u09be\u09aa\u09a8\u09cd\u09a8<\/li>\n<p>n \t<\/p>\n<li>\u0995\u09c7\u09a8\u09cd\u09a6\u09cd\u09b0\u09c7 \u0985\u09ac\u09b8\u09cd\u09a5\u09bf\u09a4 \u09ae\u09bf\u099f\u09bf\u0982 \u09aa\u09af\u09bc\u09c7\u09a8\u09cd\u099f \u09a5\u09c7\u0995\u09c7 \u09aa\u09bf\u0995\u0986\u09aa<\/li>\n<p>n \t<\/p>\n<li>\u09b0\u09cb\u09ae\u09be\u09a8\u09cd\u099f\u09bf\u0995 \u0985\u09ad\u09bf\u099c\u09cd\u099e\u09a4\u09be, \u09a6\u09ae\u09cd\u09aa\u09a4\u09bf\u09a6\u09c7\u09b0 \u099c\u09a8\u09cd\u09af \u0989\u09aa\u09af\u09c1\u0995\u09cd\u09a4<\/li>\n<p>n<\/ul>\n<p>n&nbsp;<br \/>\nn<\/p>\n<h4><b>\u0985\u09a8\u09cd\u09a4\u09b0\u09cd\u09ad\u09c1\u0995\u09cd\u09a4\u09bf \u098f\u09ac\u0982 \u09ac\u09b0\u09cd\u099c\u09a8<\/b><\/h4>\n<p>n&nbsp;<br \/>\nn<br \/>\nn<b>\u0985\u09a8\u09cd\u09a4\u09b0\u09cd\u09ad\u09c1\u0995\u09cd\u09a4\u09bf<\/b><br \/>\nn<br \/>\nn&nbsp;<br \/>\nn<\/p>\n<ol>\nn \t<\/p>\n<li>\u09aa\u09cd\u09af\u09be\u09b0\u09be\u09b8\u09be\u09b2\u09bf\u0982 \u099f\u09cd\u09af\u09c1\u09b0<\/li>\n<p>n \t<\/p>\n<li>\u0986\u09aa\u09a8\u09be\u09b0 \u09b9\u09cb\u099f\u09c7\u09b2 \u09a5\u09c7\u0995\u09c7 \u09ac\u09be\u09b8 \u09aa\u09bf\u0995 \u0986\u09aa<\/li>\n<p>n \t<\/p>\n<li style=\"font-weight: 400;\"><span style=\"font-weight: 400;\">\u09b8\u09ae\u09b8\u09cd\u09a4 \u099f\u09cd\u09af\u09be\u0995\u09cd\u09b8, \u09ab\u09bf \u098f\u09ac\u0982 \u09b9\u09cd\u09af\u09be\u09a8\u09cd\u09a1\u09b2\u09bf\u0982 \u099a\u09be\u09b0\u09cd\u099c<\/span><\/li>\n<p>n \t<\/p>\n<li style=\"font-weight: 400;\"><span style=\"font-weight: 400;\">\u09b8\u09cd\u09a5\u09be\u09a8\u09c0\u09af\u09bc \u0995\u09b0<\/span><\/li>\n<p>n \t<\/p>\n<li style=\"font-weight: 400;\"><span style=\"font-weight: 400;\">\u09aa\u09be\u09a8\u09c0\u09af\u09bc<\/span><\/li>\n<p>n<\/ol>\n<p>n<b> \u09ac\u09b0\u09cd\u099c\u09a8<\/b><br \/>\nn<\/p>\n<ol>\nn \t<\/p>\n<li style=\"font-weight: 400;\"><span style=\"font-weight: 400;\">\u0985\u09a8\u09c1\u09a6\u09be\u09a8<\/span><\/li>\n<p>n \t<\/p>\n<li>\u09ae\u09a7\u09cd\u09af\u09be\u09b9\u09cd\u09a8\u09ad\u09c7\u09be\u099c<\/li>\n<p>n<\/ol>\n<p>n&nbsp;<br \/>\nn<\/p>\n<h4><em><strong>\u09aa\u09cd\u09b0\u09b8\u09cd\u09a5\u09be\u09a8 \u098f\u09ac\u0982 \u09aa\u09cd\u09b0\u09a4\u09cd\u09af\u09be\u09ac\u09b0\u09cd\u09a4\u09a8<\/strong><\/em><\/h4>\n<p>n<span style=\"font-weight: 400;\">\u09b0\u09bf\u099c\u09be\u09b0\u09cd\u09ad\u09c7\u09b6\u09a8 \u09aa\u09cd\u09b0\u0995\u09cd\u09b0\u09bf\u09af\u09bc\u09be\u09b0 \u09aa\u09b0\u09c7 \u09ad\u09cd\u09b0\u09ae\u09a3\u0995\u09be\u09b0\u09c0 \u098f\u0995\u099f\u09bf \u09ae\u09bf\u099f\u09bf\u0982 \u09aa\u09af\u09bc\u09c7\u09a8\u09cd\u099f \u09aa\u09be\u09ac\u09c7\u09a8\u0964 \u0986\u09ae\u09be\u09a6\u09c7\u09b0 \u09ae\u09bf\u099f\u09bf\u0982 \u09aa\u09af\u09bc\u09c7\u09a8\u09cd\u099f\u09c7 \u099f\u09cd\u09af\u09c1\u09b0 \u09b6\u09c1\u09b0\u09c1 \u098f\u09ac\u0982 \u09b6\u09c7\u09b7\u0964<\/span><br \/>\nn<br \/>\nn&nbsp;<br \/>\nn<\/p>\n<h4><b><i>\u0995\u09bf \u0986\u09b6\u09be \u0995\u09b0\u099b?<\/i><\/b><\/h4>\n<p>\u0995\u09b2\u09cd\u09aa\u09a8\u09be \u0995\u09b0\u09c1\u09a8 \u09af\u09c7 \u09ac\u09be\u09a4\u09be\u09b8\u09c7 150 \u09ab\u09c1\u099f \u0989\u09aa\u09b0\u09c7 \u0989\u09a0\u099b\u09c7, \u09ac\u09be\u09ad\u09be\u09b0\u09cb-\u09aa\u09c1\u09a8\u09cd\u09a4\u09be \u0995\u09be\u09a8\u09be \u0989\u09aa\u0995\u09c2\u09b2\u09c7\u09b0 \u098f\u0995\u099f\u09bf \u09a6\u09b0\u09cd\u09b6\u09a8\u09c0\u09af\u09bc \u09a6\u09c3\u09b6\u09cd\u09af\u09c7\u09b0 \u09b8\u09be\u09a5\u09c7 \u0986\u09b0\u09be\u09ae \u0995\u09b0\u09be\u09b0 \u09b8\u09ae\u09af\u09bc \u09b6\u09c0\u09a4\u09b2 \u09ac\u09be\u09a4\u09be\u09b8 \u0986\u09aa\u09a8\u09be\u09b0 \u09ae\u09c1\u0996\u0995\u09c7 \u09b8\u09cd\u09a8\u09c7\u09b9 \u0995\u09b0\u099b\u09c7\u0964 \u0995\u09b2\u09cd\u09aa\u09a8\u09be \u0995\u09b0\u09be \u09ac\u09a8\u09cd\u09a7 \u0995\u09b0\u09c1\u09a8 \u098f\u09ac\u0982 \u09aa\u09cd\u09af\u09be\u09b0\u09be\u09b8\u09c7\u0987\u09b2\u09bf\u0982-\u098f\u09b0 \u09b0\u09cb\u09ae\u09be\u099e\u09cd\u099a\u0995\u09b0 \u09b0\u09be\u0987\u09a1\u09c7 \u0986\u09ae\u09be\u09a6\u09c7\u09b0 \u09b8\u09be\u09a5\u09c7 \u09af\u09cb\u0997 \u09a6\u09bf\u09a8, \u09b8\u09a4\u09cd\u09af\u09bf\u0987 \u098f\u0995\u099f\u09bf \u0985\u09ac\u09bf\u09b8\u09cd\u09ae\u09b0\u09a3\u09c0\u09af\u09bc \u0985\u09ad\u09bf\u099c\u09cd\u099e\u09a4\u09be\u0964 \u09b0\u09be\u0987\u09a1\u09c7\u09b0 \u09b0\u09cb\u09ae\u09be\u099e\u09cd\u099a \u0989\u09aa\u09ad\u09cb\u0997 \u0995\u09b0\u09be\u09b0 \u09b8\u09ae\u09af\u09bc \u0986\u09aa\u09a8\u09be\u09b0 \u09b6\u09c1\u09a7\u09c1\u09ae\u09be\u09a4\u09cd\u09b0 \u09b8\u09be\u09a8\u09b8\u09cd\u0995\u09cd\u09b0\u09bf\u09a8 \u098f\u09ac\u0982 \u09ac\u09be\u09a5\u09bf\u0982 \u09b8\u09cd\u09af\u09c1\u099f \u09b2\u09be\u0997\u09ac\u09c7\u0964 \u09a1\u09cb\u09ae\u09bf\u09a8\u09bf\u0995\u09be\u09a8 \u09aa\u09cd\u09b0\u099c\u09be\u09a4\u09a8\u09cd\u09a4\u09cd\u09b0\u09c7\u09b0 \u09aa\u09cd\u09b0\u09bf\u09ae\u09bf\u09af\u09bc\u09be\u09b0 \u09aa\u09cd\u09af\u09be\u09b0\u09be\u09b8\u09c7\u09b2 \u0995\u09cb\u09ae\u09cd\u09aa\u09be\u09a8\u09bf\u09b0 \u09b8\u09be\u09a5\u09c7 \u0989\u09a1\u09bc\u09c7 \u09af\u09be\u09a8\u0964 2001 \u09b8\u09be\u09b2 \u09a5\u09c7\u0995\u09c7 60,000 \u099f\u09bf\u09b0\u0993 \u09ac\u09c7\u09b6\u09bf \u09ab\u09cd\u09b2\u09be\u0987\u099f \u09b8\u09b9, \u0986\u09ae\u09be\u09a6\u09c7\u09b0 \u09a6\u0995\u09cd\u09b7 \u0985\u09a7\u09bf\u09a8\u09be\u09af\u09bc\u0995 \u098f\u09ac\u0982 \u0995\u09cd\u09b0\u09c1\u09b0\u09be \u09ac\u09cd\u09af\u09ac\u09b8\u09be\u09af\u09bc \u09b8\u09ac\u099a\u09c7\u09af\u09bc\u09c7 \u0985\u09ad\u09bf\u099c\u09cd\u099e\u0964<br \/>\nn<br \/>\nn<strong>\u09b8\u09ae\u09af\u09bc\u09b8\u09c2\u099a\u09c0:<\/strong><br \/>\nn<br \/>\nn7:00 AM - 7:00 PM... \u09b8\u09ae\u09af\u09bc \u09aa\u09b0\u09bf\u09ac\u09b0\u09cd\u09a4\u09a8\u09c7\u09b0 \u0989\u09aa\u09b0 \u09a8\u09bf\u09b0\u09cd\u09ad\u09b0 \u0995\u09b0\u09c7 \u0986\u09aa\u09a8\u09bf \u09aa\u09be\u09a8\u09cd\u09a4\u09be \u0995\u09be\u09a8\u09be\u09a4\u09c7 \u0985\u09ac\u09b8\u09cd\u09a5\u09be\u09a8 \u0995\u09b0\u099b\u09c7\u09a8\u0964<br \/>\nn<br \/>\nn&nbsp;<br \/>\nn<\/p>\n<h4><em><strong>\u0986\u09aa\u09a8\u09bf \u0995\u09bf \u0986\u09a8\u09a4\u09c7 \u09b9\u09ac\u09c7?<\/strong><\/em><\/h4>\n<p>n<\/p>\n<ul>\nn \t<\/p>\n<li style=\"font-weight: 400;\"><span style=\"font-weight: 400;\">\u0995\u09cd\u09af\u09be\u09ae\u09c7\u09b0\u09be<\/span><\/li>\n<p>n \t<\/p>\n<li style=\"font-weight: 400;\"><span style=\"font-weight: 400;\">\u09ac\u09bf\u0995\u09b0\u09cd\u09b7\u09a3\u0995\u09be\u09b0\u09c0 \u0995\u09c1\u0981\u09a1\u09bc\u09bf<\/span><\/li>\n<p>n \t<\/p>\n<li style=\"font-weight: 400;\"><span style=\"font-weight: 400;\">\u09b8\u09be\u09a8\u0995\u09cd\u09b0\u09bf\u09ae<\/span><\/li>\n<p>n \t<\/p>\n<li style=\"font-weight: 400;\"><span style=\"font-weight: 400;\">\u099f\u09c1\u09aa\u09bf<\/span><\/li>\n<p>n \t<\/p>\n<li style=\"font-weight: 400;\"><span style=\"font-weight: 400;\">\u0986\u09b0\u09be\u09ae\u09a6\u09be\u09af\u09bc\u0995 \u09aa\u09cd\u09af\u09be\u09a8\u09cd\u099f<\/span><\/li>\n<p>n \t<\/p>\n<li style=\"font-weight: 400;\"><span style=\"font-weight: 400;\">\u09ac\u09a8\u09c7\u09b0 \u099c\u09a8\u09cd\u09af \u09b9\u09be\u0987\u0995\u09bf\u0982 \u099c\u09c1\u09a4\u09be<\/span><\/li>\n<p>n \t<\/p>\n<li style=\"font-weight: 400;\"><span style=\"font-weight: 400;\">\u09b8\u09c8\u0995\u09a4\u09c7 \u09b8\u09cd\u09af\u09be\u09a8\u09cd\u09a1\u09c7\u09b2<\/span><\/li>\n<p>n \t<\/p>\n<li style=\"font-weight: 400;\"><span style=\"font-weight: 400;\">\u09b8\u09be\u0981\u09a4\u09be\u09b0\u09c7\u09b0 \u09aa\u09b0\u09bf\u09a7\u09be\u09a8<\/span><\/li>\n<p>n \t<\/p>\n<li>\u09b8\u09cd\u09af\u09c1\u09ad\u09c7\u09a8\u09bf\u09b0 \u099c\u09a8\u09cd\u09af \u09a8\u0997\u09a6<\/li>\n<p>n<\/ul>\n<p>n&nbsp;<br \/>\nn<\/p>\n<h4><b><i>\u09b9\u09cb\u099f\u09c7\u09b2 \u09aa\u09bf\u0995\u0986\u09aa <\/i><\/b><\/h4>\n<p>n<span style=\"font-weight: 400;\">\u09ad\u09cd\u09b0\u09ae\u09a3\u0995\u09be\u09b0\u09c0 \u09aa\u09bf\u0995\u0986\u09aa \u09a6\u09c7\u0993\u09af\u09bc\u09be \u09b9\u09af\u09bc!<\/span><br \/>\nn<br \/>\nn<span style=\"font-weight: 400;\">\u0986\u09ae\u09b0\u09be \u09aa\u09be\u09a8\u09cd\u09a4\u09be \u0995\u09be\u09a8\u09be \u09b8\u09ac \u09b9\u09cb\u099f\u09c7\u09b2 \u09a5\u09c7\u0995\u09c7 \u09aa\u09bf\u0995 \u09a8\u09be. \u09aa\u09bf\u0995 \u0986\u09aa \u09b2\u09cb\u0995\u09c7\u09b6\u09a8 \u09b9\u09b2 \u09b9\u09cb\u099f\u09c7\u09b2 \u09b2\u09ac\u09bf<br \/>\nn \u0986\u09aa\u09a8\u09bf \u09af\u09a6\u09bf \u098f\u09b2\u09be\u0995\u09be\u09b0 \u098f\u0995\u099f\u09bf \u0995\u09a8\u09a1\u09cb\u09a4\u09c7 \u09a5\u09be\u0995\u09c7\u09a8, \u0986\u09ae\u09b0\u09be \u0986\u09aa\u09a8\u09be\u0995\u09c7 \u0995\u09a8\u09a1\u09cb\u09a4\u09c7 \u09ac\u09be \u09a8\u09bf\u0995\u099f\u09a4\u09ae \u09b0\u09bf\u09b8\u09b0\u09cd\u099f\u09c7\u09b0 \u09aa\u09cd\u09b0\u09ac\u09c7\u09b6\u09a6\u09cd\u09ac\u09be\u09b0\u09c7 \u09a8\u09bf\u09af\u09bc\u09c7 \u09af\u09be\u09ac.. \u0986\u09ae\u09b0\u09be \u09b9\u09cb\u09af\u09bc\u09be\u099f\u09b8\u0985\u09cd\u09af\u09be\u09aa\u09c7\u09b0 \u09ae\u09be\u09a7\u09cd\u09af\u09ae\u09c7 \u0986\u09ae\u09be\u09a6\u09c7\u09b0 \u09b8\u09be\u09a5\u09c7 \u09af\u09cb\u0997\u09be\u09af\u09cb\u0997 \u0995\u09b0\u09be\u09b0 \u099c\u09a8\u09cd\u09af \u09aa\u09bf\u0995 \u0986\u09aa \u09b8\u09c7\u099f \u0995\u09b0\u09c7\u099b\u09bf<\/span><br \/>\nn<br \/>\nn<b>\u09ac\u09bf\u0983\u09a6\u09cd\u09b0\u0983:<\/b><span style=\"font-weight: 400;\"> \u0986\u09aa\u09a8\u09bf \u09af\u09a6\u09bf \u099f\u09cd\u09af\u09c1\u09b0\/\u09ad\u09cd\u09b0\u09ae\u09a8 \u09aa\u09cd\u09b0\u09b8\u09cd\u09a5\u09be\u09a8\u09c7\u09b0 24 \u0998\u09a8\u09cd\u099f\u09be\u09b0 \u09ae\u09a7\u09cd\u09af\u09c7 \u09ac\u09c1\u0995\u09bf\u0982 \u0995\u09b0\u09c7\u09a8 \u09a4\u09ac\u09c7 \u0986\u09ae\u09b0\u09be \u0985\u09a4\u09bf\u09b0\u09bf\u0995\u09cd\u09a4 \u099a\u09be\u09b0\u09cd\u099c \u09b8\u09b9 \u09b9\u09cb\u099f\u09c7\u09b2 \u09aa\u09bf\u0995-\u0986\u09aa\u09c7\u09b0 \u09ac\u09cd\u09af\u09ac\u09b8\u09cd\u09a5\u09be \u0995\u09b0\u09a4\u09c7 \u09aa\u09be\u09b0\u09bf\u0964 \u098f\u0995\u09ac\u09be\u09b0 \u0986\u09aa\u09a8\u09be\u09b0 \u0995\u09c7\u09a8\u09be\u0995\u09be\u099f\u09be \u09b8\u09ae\u09cd\u09aa\u09c2\u09b0\u09cd\u09a3 \u09b9\u09af\u09bc\u09c7 \u0997\u09c7\u09b2\u09c7, \u09aa\u09bf\u0995-\u0986\u09aa\u09c7\u09b0 \u09ac\u09cd\u09af\u09ac\u09b8\u09cd\u09a5\u09be \u0995\u09b0\u09be\u09b0 \u099c\u09a8\u09cd\u09af \u0986\u09ae\u09b0\u09be \u0986\u09aa\u09a8\u09be\u0995\u09c7 \u0986\u09ae\u09be\u09a6\u09c7\u09b0 \u09b8\u09cd\u09a5\u09be\u09a8\u09c0\u09af\u09bc \u099f\u09cd\u09af\u09c1\u09b0 \u0997\u09be\u0987\u09a1\u09c7\u09b0 \u099c\u09a8\u09cd\u09af \u09b8\u09ae\u09cd\u09aa\u09c2\u09b0\u09cd\u09a3 \u09af\u09cb\u0997\u09be\u09af\u09cb\u0997\u09c7\u09b0 \u09a4\u09a5\u09cd\u09af (\u09ab\u09cb\u09a8 \u09a8\u09ae\u09cd\u09ac\u09b0, \u0987\u09ae\u09c7\u09b2 \u09a0\u09bf\u0995\u09be\u09a8\u09be, \u0987\u09a4\u09cd\u09af\u09be\u09a6\u09bf) \u09aa\u09be\u09a0\u09be\u09ac\u0964<\/span><br \/>\nn<\/p>\n<h4><b><i>\u0985\u09a4\u09bf\u09b0\u09bf\u0995\u09cd\u09a4 \u09a4\u09a5\u09cd\u09af \u09a8\u09bf\u09b6\u09cd\u099a\u09bf\u09a4\u0995\u09b0\u09a3 <\/i><\/b><\/h4>\n<p>n<\/p>\n<ol>\nn \t<\/p>\n<li>\u099f\u09bf\u0995\u09bf\u099f \u09b9\u09b2 \u098f\u0987 \u099f\u09cd\u09af\u09c1\u09b0 \u09a6\u09c7\u0993\u09af\u09bc\u09be\u09b0 \u09aa\u09b0 \u09b0\u09b8\u09bf\u09a6\u0964 \u0986\u09aa\u09a8\u09bf \u0986\u09aa\u09a8\u09be\u09b0 \u09ab\u09cb\u09a8\u09c7 \u09aa\u09c7\u09ae\u09c7\u09a8\u09cd\u099f \u09a6\u09c7\u0996\u09be\u09a4\u09c7 \u09aa\u09be\u09b0\u09c7\u09a8\u0964<\/li>\n<p>n \t<\/p>\n<li style=\"font-weight: 400;\"><span style=\"font-weight: 400;\">\u09ae\u09bf\u099f\u09bf\u0982 \u09aa\u09af\u09bc\u09c7\u09a8\u09cd\u099f \u09b0\u09bf\u099c\u09be\u09b0\u09cd\u09ad\u09c7\u09b6\u09a8 \u09aa\u09cd\u09b0\u0995\u09cd\u09b0\u09bf\u09af\u09bc\u09be \u09aa\u09b0\u09c7 \u09aa\u09cd\u09b0\u09be\u09aa\u09cd\u09a4 \u0995\u09b0\u09be \u09b9\u09ac\u09c7.<\/span><\/li>\n<p>n \t<\/p>\n<li style=\"font-weight: 400;\"><span style=\"font-weight: 400;\">\u09b6\u09bf\u09b6\u09c1\u09a6\u09c7\u09b0 \u098f\u0995\u099c\u09a8 \u09aa\u09cd\u09b0\u09be\u09aa\u09cd\u09a4\u09ac\u09af\u09bc\u09b8\u09cd\u0995 \u09a6\u09cd\u09ac\u09be\u09b0\u09be \u09b8\u0982\u09b8\u09b0\u09cd\u0997\u09c0 \u0995\u09b0\u09be \u0986\u09ac\u09b6\u09cd\u09af\u0995.<\/span><\/li>\n<p>n \t<\/p>\n<li style=\"font-weight: 400;\"><span style=\"font-weight: 400;\">\u09b9\u09c1\u0987\u09b2\u099a\u09c7\u09af\u09bc\u09be\u09b0 \u0985\u09cd\u09af\u09be\u0995\u09cd\u09b8\u09c7\u09b8\u09af\u09cb\u0997\u09cd\u09af <\/span><\/li>\n<p>n \t<\/p>\n<li style=\"font-weight: 400;\"><span style=\"font-weight: 400;\">\u09b6\u09bf\u09b6\u09c1\u09a6\u09c7\u09b0 \u0995\u09cb\u09b2\u09c7 \u09ac\u09b8\u09a4\u09c7 \u09b9\u09ac\u09c7 <\/span><\/li>\n<p>n \t<\/p>\n<li style=\"font-weight: 400;\"><span style=\"font-weight: 400;\">\u0985\u09a7\u09bf\u0995\u09be\u0982\u09b6 \u09ad\u09cd\u09b0\u09ae\u09a3\u0995\u09be\u09b0\u09c0 \u0985\u0982\u09b6\u0997\u09cd\u09b0\u09b9\u09a3 \u0995\u09b0\u09a4\u09c7 \u09aa\u09be\u09b0\u09c7\u09a8<\/span><\/li>\n<p>n<\/ol>\n<p>n<\/p>\n<h4><b><i>\u09ac\u09be\u09a4\u09bf\u09b2\u0995\u09b0\u09a3 \u09a8\u09c0\u09a4\u09bf<\/i><\/b><\/h4>\n<p>\u09b8\u09ae\u09cd\u09aa\u09c2\u09b0\u09cd\u09a3 \u0985\u09b0\u09cd\u09a5 \u09ab\u09c7\u09b0\u09a4\u09c7\u09b0 \u099c\u09a8\u09cd\u09af, \u0985\u09a8\u09c1\u0997\u09cd\u09b0\u09b9 \u0995\u09b0\u09c7 \u0986\u09ae\u09be\u09a6\u09c7\u09b0 \u09ac\u09be\u09a4\u09bf\u09b2\u0995\u09b0\u09a3 \u09a8\u09c0\u09a4\u09bf\u0997\u09c1\u09b2\u09bf \u09aa\u09a1\u09bc\u09c1\u09a8\u00a0<a href=\"https:\/\/www.boattoursamana.com\/bn\/%e0%a6%85%e0%a6%a8%e0%a6%b2%e0%a6%be%e0%a6%87%e0%a6%a8-%e0%a6%ac%e0%a7%81%e0%a6%95%e0%a6%bf%e0%a6%82\/\" target=\"_blank\" rel=\"noopener\" data-saferedirecturl=\"https:\/\/www.google.com\/url?q=https:\/\/www.boattoursamana.com\/online-booking\/&amp;source=gmail&amp;ust=1672532492004000&amp;usg=AOvVaw3ylqI1cdbIPTimEqEWneyd\">\u098f\u0996\u09be\u09a8\u09c7 \u0995\u09cd\u09b2\u09bf\u0995 \u0995\u09b0\u09c1\u09a8<\/a>. \u099f\u09cd\u09b0\u09bf\u09aa\u09c7\u09b0 \u098f\u0995\u0987 \u09a6\u09bf\u09a8\u09c7 \u09b0\u09bf\u099c\u09be\u09b0\u09cd\u09ad\u09c7\u09b6\u09a8 \u09ac\u09be\u09a4\u09bf\u09b2 \u09b9\u09b2\u09c7 \u09a4\u09b9\u09ac\u09bf\u09b2 \u09a8\u09b7\u09cd\u099f \u09b9\u09ac\u09c7\u0964<\/p>\n\n\t\t<\/div>\n\t<\/div>\n<\/div><\/div><\/div><\/div><div class=\"vc_row wpb_row vc_row-fluid\" ><div class=\"wpb_column vc_column_container vc_col-sm-12\"><div class=\"vc_column-inner\"><div class=\"wpb_wrapper\">\n\t<div class=\"wpb_text_column wpb_content_element\" >\n\t\t<div class=\"wpb_wrapper\">\n\t\t\t<p>\nn<\/p>\n<h4>\u09af\u09cb\u0997\u09be\u09af\u09cb\u0997 \u0995\u09b0\u09c1\u09a8?<\/h4>\n<p>n<\/p>\n<h5><em><strong>\u09ac\u09c1\u0995\u09bf\u0982 \u0985\u09cd\u09af\u09be\u09a1\u09ad\u09c7\u099e\u09cd\u099a\u09be\u09b0<\/strong><\/em><\/h5>\n<p>n<em><strong>\u09b8\u09cd\u09a5\u09be\u09a8\u09c0\u09af\u09bc\u09b0\u09be<\/strong> \u098f\u09ac\u0982 <strong>\u099c\u09be\u09a4\u09c0\u09af\u09bc<\/strong> \u099f\u09cd\u09af\u09c1\u09b0 \u0997\u09be\u0987\u09a1 \u098f\u09ac\u0982 \u0997\u09c7\u09b8\u09cd\u099f \u09b8\u09be\u09b0\u09cd\u09ad\u09bf\u09b8<\/em><br \/>\nn<br \/>\nn<span class=\"text-turquoise\">\u09b8\u0982\u09b0\u0995\u09cd\u09b7\u09a3:<\/span> \u09a1\u09cb\u09ae\u09c7 \u099f\u09cd\u09af\u09c1\u09b0 \u0993 \u098f\u0995\u09cd\u09b8\u0995\u09be\u09b0\u09b6\u09a8\u0964 \u0996\u09cd\u09af\u09be\u09a4\u09bf.<\/p>\n\n\t\t<\/div>\n\t<\/div>\n<\/div><\/div><\/div><\/div><div class=\"vc_row wpb_row vc_row-fluid\" ><\/div><div class=\"wpb_column vc_column_container vc_col-sm-12\"><div class=\"vc_column-inner\"><div class=\"wpb_wrapper\"><\/div><\/div><\/div>\n\t<div class=\"wpb_text_column wpb_content_element\" >\n\t\t<div class=\"wpb_wrapper\">\n\t\t\t<p>\nn<br \/>\nn \u0986\u09ae\u09bf \u099f\u09c7\u0995\u09cd\u09b8\u099f \u09ac\u09cd\u09b2\u0995\u0964 \u098f\u0987 \u099f\u09c7\u0995\u09cd\u09b8\u099f \u09aa\u09b0\u09bf\u09ac\u09b0\u09cd\u09a4\u09a8 \u0995\u09b0\u09a4\u09c7 \u09b8\u09ae\u09cd\u09aa\u09be\u09a6\u09a8\u09be \u09ac\u09cb\u09a4\u09be\u09ae \u0995\u09cd\u09b2\u09bf\u0995 \u0995\u09b0\u09c1\u09a8. Lorem ipsum dolor sit amet, consectetur adipiscing elit. Ut elit tellus, luctus nec ullamcorper mattis, pulvinar dapibus leo.<br \/>\nn<br \/>\nn<\/p>\n\n\t\t<\/div>\n\t<\/div>\n<div class=\"vc_empty_space\"   style=\"height: 32px\"><span class=\"vc_empty_space_inner\"><\/span><\/div><div class=\"vc_row wpb_row vc_row-fluid\" ><div class=\"wpb_column vc_column_container vc_col-sm-12\"><div class=\"vc_column-inner\"><div class=\"wpb_wrapper\"><div class=\"vc_btn3-container vc_btn3-inline\" ><button class=\"vc_general vc_btn3 vc_btn3-size-md vc_btn3-shape-rounded vc_btn3-style-modern vc_btn3-color-green\">\u098f\u0996\u09a8\u0987 \u09ac\u09c1\u0995 \u0995\u09b0\u09c1\u09a8<\/button><\/div><\/div><\/div><\/div><\/div>","protected":false},"excerpt":{"rendered":"<p>Parasailing en Punta Cana es una aventura incre\u00edble y una de las mejores cosas para hacer en Punta Cana. La costa desde 200 pies en el aire, mientras navega, es absolutamente impresionante. n nEl parasailing es una experiencia sencilla y divertida para todos los miembros de la familia. Como la principal empresa de parasailing y aventura en Rep\u00fablica Dominicana, nuestro equipo de Parasailing se encuentra entre los m\u00e1s experimentados en Punta Cana, con m\u00e1s de 16 a\u00f1os de experiencia en [&hellip;]<\/p>\n","protected":false},"author":2,"featured_media":0,"parent":0,"menu_order":0,"comment_status":"open","ping_status":"closed","template":"","meta":{"footnotes":""},"class_list":["post-15770","page","type-page","status-publish","hentry"],"_links":{"self":[{"href":"https:\/\/www.boattoursamana.com\/bn\/wp-json\/wp\/v2\/pages\/15770","targetHints":{"allow":["GET"]}}],"collection":[{"href":"https:\/\/www.boattoursamana.com\/bn\/wp-json\/wp\/v2\/pages"}],"about":[{"href":"https:\/\/www.boattoursamana.com\/bn\/wp-json\/wp\/v2\/types\/page"}],"author":[{"embeddable":true,"href":"https:\/\/www.boattoursamana.com\/bn\/wp-json\/wp\/v2\/users\/2"}],"replies":[{"embeddable":true,"href":"https:\/\/www.boattoursamana.com\/bn\/wp-json\/wp\/v2\/comments?post=15770"}],"version-history":[{"count":0,"href":"https:\/\/www.boattoursamana.com\/bn\/wp-json\/wp\/v2\/pages\/15770\/revisions"}],"wp:attachment":[{"href":"https:\/\/www.boattoursamana.com\/bn\/wp-json\/wp\/v2\/media?parent=15770"}],"curies":[{"name":"wp","href":"https:\/\/api.w.org\/{rel}","templated":true}]}}