{"id":15775,"date":"2023-07-15T07:43:40","date_gmt":"2023-07-15T07:43:40","guid":{"rendered":"https:\/\/www.ticketswhales.com\/bahia-de-las-aguilas-beach-day-trip-by-boat-day-pass-snorkeling-lunch\/"},"modified":"2023-07-15T07:43:40","modified_gmt":"2023-07-15T07:43:40","slug":"bahia-de-las-aguilas-beach-day-trip-by-boat-day-pass-snorkeling-lunch","status":"publish","type":"page","link":"https:\/\/www.boattoursamana.com\/bn\/%e0%a6%ac%e0%a6%be%e0%a6%b9%e0%a6%bf%e0%a6%af%e0%a6%bc%e0%a6%be-%e0%a6%a6%e0%a7%87-%e0%a6%b2%e0%a6%be%e0%a6%b8-%e0%a6%86%e0%a6%97%e0%a7%81%e0%a6%87%e0%a6%b2%e0%a6%be%e0%a6%b8-%e0%a6%b8%e0%a6%ae-2","title":{"rendered":"\u09ac\u09be\u09b9\u09bf\u09af\u09bc\u09be \u09a6\u09c7 \u09b2\u09be\u09b8 \u0986\u0997\u09c1\u0987\u09b2\u09be\u09b8: \u09a8\u09cc\u0995\u09be\u09af\u09bc \u09b8\u09ae\u09c1\u09a6\u09cd\u09b0 \u09b8\u09c8\u0995\u09a4 \u09a1\u09c7 \u099f\u09cd\u09b0\u09bf\u09aa - \u09a1\u09c7 \u09aa\u09be\u09b8 - \u09b8\u09cd\u09a8\u09b0\u0995\u09c7\u09b2\u09bf\u0982 \u098f\u09ac\u0982 \u09a6\u09c1\u09aa\u09c1\u09b0\u09c7\u09b0 \u0996\u09be\u09ac\u09be\u09b0"},"content":{"rendered":"<p><span style=\"vertical-align: inherit;\"><span style=\"vertical-align: inherit;\">Compre un boleto de un d\u00eda a Bah\u00eda las \u00c1guilas desde Barahona. <\/span><span style=\"vertical-align: inherit;\">Conduciendo por el parque nacional Jaragua y rumbo a Cabo Rojo, donde un bote lo espera. <\/span><span style=\"vertical-align: inherit;\">Despu\u00e9s de un viaje de 15 minutos en bote, llegar\u00e1 a la hermosa y aislada Bah\u00eda de las \u00c1guilas, considerada la playa m\u00e1s hermosa del pa\u00eds. <\/span><span style=\"vertical-align: inherit;\">El almuerzo se servir\u00e1 en la playa y tendr\u00e1 la oportunidad de nadar o simplemente relajarse en la playa. <\/span><span style=\"vertical-align: inherit;\">\u09a1\u09bf\u09ab\u09cd\u09b0\u09c1\u099f \u09a6\u09c7 \u09b2\u09be \u09aa\u09cd\u09b0\u09bf\u09b8\u09cd\u099f\u09bf\u09a8\u09be \u0985\u09cd\u09af\u09be\u09b0\u09c7\u09a8\u09be \u09ac\u09cd\u09b2\u09be\u0999\u09cd\u0995\u09be \u09a1\u09bf \u098f\u09b8\u09cd\u099f\u09be \u09aa\u09cd\u09b2\u09c7\u09af\u09bc\u09be \u09a1\u09bf 8 \u0995\u09bf\u09ae\u09bf \u09a6\u09cd\u09b0\u09be\u0998\u09bf\u09ae\u09be\u0982\u09b6\u0964<\/span><\/span><br \/>\nn<br \/>\nn&nbsp;<br \/>\nn<br \/>\nn<strong><span style=\"vertical-align: inherit;\"><span style=\"vertical-align: inherit;\">\u098f\u0987 \u09aa\u09a5\u09c7\u09b0 \u099c\u09a8\u09cd\u09af \u09a8\u09bf\u09b0\u09cd\u09ac\u09be\u099a\u09a8 \u0995\u09b0\u09c1\u09a8:<\/span><\/span><\/strong><\/p>\n<p>&nbsp;<\/p>\n<div class=\"vc_row wpb_row vc_row-fluid\" ><div class=\"wpb_column vc_column_container vc_col-sm-12\"><div class=\"vc_column-inner\"><div class=\"wpb_wrapper\"><div class=\"vc_btn3-container vc_btn3-inline\" ><button class=\"vc_general vc_btn3 vc_btn3-size-md vc_btn3-shape-rounded vc_btn3-style-modern vc_btn3-color-green\">\u098f\u0996\u09a8\u0987 \u09ac\u09c1\u0995 \u0995\u09b0\u09c1\u09a8<\/button><\/div><div class=\"mkdf-section-title-holder\" style=\"text-align: left\">\n\t<div class=\"mkdf-st-inner\">\n\t\t\t\t\t<h5 class=\"mkdf-st-subtitle\" >\n\t\t\t\t\u09a1\u09c7 \u09aa\u09be\u09b8 - \u09b8\u09cd\u09a8\u09b0\u0995\u09c7\u09b2\u09bf\u0982 \u098f\u09ac\u0982 \u09b2\u09be\u099e\u09cd\u099a\t\t\t<\/h5>\n\t\t\t\t\t\t\t<h3 class=\"mkdf-st-title\" >\n\t\t\t\t\u09ac\u09be\u09b9\u09bf\u09af\u09bc\u09be \u09a6\u09c7 \u09b2\u09be\u09b8 \u0986\u0997\u09c1\u0987\u09b2\u09be\u09b8: \u09a8\u09cc\u0995\u09be\u09af\u09bc \u09b8\u09ae\u09c1\u09a6\u09cd\u09b0 \u09b8\u09c8\u0995\u09a4 \u09a1\u09c7 \u099f\u09cd\u09b0\u09bf\u09aa\t\t\t<\/h3>\n\t\t\t\t\t<\/div>\n<\/div><\/div><\/div><\/div><\/div><div class=\"vc_row wpb_row vc_row-fluid\" ><\/div><div class=\"wpb_column vc_column_container vc_col-sm-12\"><div class=\"vc_column-inner\"><div class=\"wpb_wrapper\"><\/div><\/div><\/div>\n\t<div class=\"wpb_text_column wpb_content_element\" >\n\t\t<div class=\"wpb_wrapper\">\n\t\t\t<p>\nn<br \/>\nn \u0986\u09ae\u09bf \u099f\u09c7\u0995\u09cd\u09b8\u099f \u09ac\u09cd\u09b2\u0995\u0964 \u098f\u0987 \u099f\u09c7\u0995\u09cd\u09b8\u099f \u09aa\u09b0\u09bf\u09ac\u09b0\u09cd\u09a4\u09a8 \u0995\u09b0\u09a4\u09c7 \u09b8\u09ae\u09cd\u09aa\u09be\u09a6\u09a8\u09be \u09ac\u09cb\u09a4\u09be\u09ae \u0995\u09cd\u09b2\u09bf\u0995 \u0995\u09b0\u09c1\u09a8. Lorem ipsum dolor sit amet, consectetur adipiscing elit. Ut elit tellus, luctus nec ullamcorper mattis, pulvinar dapibus leo.<br \/>\nn<br \/>\nn<\/p>\n\n\t\t<\/div>\n\t<\/div>\n<div class=\"vc_row wpb_row vc_row-fluid\" ><div class=\"wpb_column vc_column_container vc_col-sm-12\"><div class=\"vc_column-inner\"><div class=\"wpb_wrapper\"><div class=\"vc_btn3-container vc_btn3-inline\" ><button class=\"vc_general vc_btn3 vc_btn3-size-md vc_btn3-shape-rounded vc_btn3-style-modern vc_btn3-color-green\">\u098f\u0996\u09a8\u0987 \u09ac\u09c1\u0995 \u0995\u09b0\u09c1\u09a8<\/button><\/div><\/div><\/div><\/div><\/div>","protected":false},"excerpt":{"rendered":"<p>Compre un boleto de un d\u00eda a Bah\u00eda las \u00c1guilas desde Barahona. Conduciendo por el parque nacional Jaragua y rumbo a Cabo Rojo, donde un bote lo espera. Despu\u00e9s de un viaje de 15 minutos en bote, llegar\u00e1 a la hermosa y aislada Bah\u00eda de las \u00c1guilas, considerada la playa m\u00e1s hermosa del pa\u00eds. El almuerzo se servir\u00e1 en la playa y tendr\u00e1 la oportunidad de nadar o simplemente relajarse en la playa. Disfrute de la pr\u00edstina arena blanca de [&hellip;]<\/p>\n","protected":false},"author":2,"featured_media":0,"parent":0,"menu_order":0,"comment_status":"open","ping_status":"closed","template":"","meta":{"footnotes":""},"class_list":["post-15775","page","type-page","status-publish","hentry"],"_links":{"self":[{"href":"https:\/\/www.boattoursamana.com\/bn\/wp-json\/wp\/v2\/pages\/15775","targetHints":{"allow":["GET"]}}],"collection":[{"href":"https:\/\/www.boattoursamana.com\/bn\/wp-json\/wp\/v2\/pages"}],"about":[{"href":"https:\/\/www.boattoursamana.com\/bn\/wp-json\/wp\/v2\/types\/page"}],"author":[{"embeddable":true,"href":"https:\/\/www.boattoursamana.com\/bn\/wp-json\/wp\/v2\/users\/2"}],"replies":[{"embeddable":true,"href":"https:\/\/www.boattoursamana.com\/bn\/wp-json\/wp\/v2\/comments?post=15775"}],"version-history":[{"count":0,"href":"https:\/\/www.boattoursamana.com\/bn\/wp-json\/wp\/v2\/pages\/15775\/revisions"}],"wp:attachment":[{"href":"https:\/\/www.boattoursamana.com\/bn\/wp-json\/wp\/v2\/media?parent=15775"}],"curies":[{"name":"wp","href":"https:\/\/api.w.org\/{rel}","templated":true}]}}