{"id":15777,"date":"2023-07-15T07:43:40","date_gmt":"2023-07-15T07:43:40","guid":{"rendered":"https:\/\/www.ticketswhales.com\/2-hours-hiking-rain-forest-los-haitises\/"},"modified":"2023-07-15T07:43:40","modified_gmt":"2023-07-15T07:43:40","slug":"2-hours-hiking-rain-forest-los-haitises","status":"publish","type":"page","link":"https:\/\/www.boattoursamana.com\/bn\/2-%e0%a6%98%e0%a6%a8%e0%a7%8d%e0%a6%9f%e0%a6%be-%e0%a6%b9%e0%a6%be%e0%a6%87%e0%a6%95%e0%a6%bf%e0%a6%82-%e0%a6%b0%e0%a7%87%e0%a6%87%e0%a6%a8-%e0%a6%ab%e0%a6%b0%e0%a7%87%e0%a6%b8%e0%a7%8d%e0%a6%9f","title":{"rendered":"2 \u0998\u09a8\u09cd\u099f\u09be \u09b9\u09be\u0987\u0995\u09bf\u0982 \u09b0\u09c7\u0987\u09a8 \u09ab\u09b0\u09c7\u09b8\u09cd\u099f \u09b2\u09b8 \u09b9\u09be\u0987\u099f\u09bf\u09b8\u09c7\u09b8"},"content":{"rendered":"<p><span style=\"vertical-align: inherit;\"><span style=\"vertical-align: inherit;\">Caminata 4 horas al Parque Nacional Los Haitises con un gu\u00eda tur\u00edstico local desde Sabana de la mar. <\/span><span style=\"vertical-align: inherit;\">\u09b8\u09c7\u09b2\u09ad\u09be \u0997\u09cd\u09b0\u09c0\u09b7\u09cd\u09ae\u09ae\u09a8\u09cd\u09a1\u09b2\u09c0\u09af\u09bc, \u0995\u09cb\u0995\u09cb\u09b8, \u0995\u09cd\u09af\u09be\u09ab\u09c7 \u098f\u09ac\u0982 \u0995\u09be\u0995\u09be\u0993\u09a4\u09c7 \u09af\u09be\u09a8\u0964 <\/span><span style=\"vertical-align: inherit;\">Aprendiendo sobre la historia original del Parque Nacional Los Haitises.<\/span><\/span><br \/>\nn<br \/>\nn&nbsp;<br \/>\nn<br \/>\nn<strong><span style=\"vertical-align: inherit;\"><span style=\"vertical-align: inherit;\">\u09a8\u09bf\u09b0\u09cd\u09ac\u09be\u099a\u09a8 \u0995\u09b0\u09c1\u09a8 la fecha para el viaje de senderismo:<\/span><\/span><\/strong><\/p>\n<p>&nbsp;<\/p>\n<div class=\"vc_row wpb_row vc_row-fluid\" ><div class=\"wpb_column vc_column_container vc_col-sm-12\"><div class=\"vc_column-inner\"><div class=\"wpb_wrapper\"><div class=\"vc_btn3-container vc_btn3-inline\" ><button class=\"vc_general vc_btn3 vc_btn3-size-md vc_btn3-shape-rounded vc_btn3-style-modern vc_btn3-color-green\">\u098f\u0996\u09a8\u0987 \u09ac\u09c1\u0995 \u0995\u09b0\u09c1\u09a8<\/button><\/div><div class=\"mkdf-section-title-holder\" style=\"text-align: left\">\n\t<div class=\"mkdf-st-inner\">\n\t\t\t\t\t<h5 class=\"mkdf-st-subtitle\" >\n\t\t\t\t\u09b0\u09c7\u0987\u09a8 \u09ab\u09b0\u09c7\u09b8\u09cd\u099f \u09b9\u09be\u0987\u0995\u09bf\u0982\u0964\t\t\t<\/h5>\n\t\t\t\t\t\t\t<h3 class=\"mkdf-st-title\" >\n\t\t\t\t\u09b2\u09b8 \u09b9\u09be\u0987\u099f\u09bf\u09b8\u09c7\u09b8 \u099c\u09be\u09a4\u09c0\u09af\u09bc \u0989\u09a6\u09cd\u09af\u09be\u09a8 - \u09b9\u09be\u0987\u0995\u09bf\u0982 4 \u0998\u09a8\u09cd\u099f\u09be \u09b8\u09c7\u09a8\u09cd\u09a1\u09c7\u09b0\u09cb \u09a6\u09c7\u09b2 \u09ac\u09b8\u09cd\u0995 \u09b9\u09c1\u09ae\u09c7\u09a1\u09cb (\u0986\u09a6\u09cd\u09b0 \u09ac\u09a8 \u099f\u09cd\u09b0\u09c7\u0987\u09b2)\u0964\t\t\t<\/h3>\n\t\t\t\t\t\t\t<p class=\"mkdf-st-text\" >\n\t\t\t\t\u098f\u0987 \u0985\u09ad\u09bf\u099c\u09cd\u099e\u09a4\u09be\u09b0 \u099c\u09a8\u09cd\u09af \u09a8\u09cd\u09af\u09c2\u09a8\u09a4\u09ae 4 \u099c\u09a8 \u0985\u0982\u09b6\u0997\u09cd\u09b0\u09b9\u09a3\u0995\u09be\u09b0\u09c0 \u09aa\u09cd\u09b0\u09af\u09bc\u09cb\u099c\u09a8\u0964 \u0986\u09aa\u09a8\u09bf 4 \u09a8\u09be \u09b9\u09b2\u09c7 \u0986\u09ae\u09be\u09a6\u09c7\u09b0 \u09b8\u09be\u09a5\u09c7 \u09af\u09cb\u0997\u09be\u09af\u09cb\u0997 \u09ac\u09bf\u09a8\u09be \u09a6\u09cd\u09ac\u09bf\u09a7\u09be\u09af\u09bc \u09a6\u09af\u09bc\u09be \u0995\u09b0\u09c7!\t\t\t<\/p>\n\t\t\t<\/div>\n<\/div><\/div><\/div><\/div><\/div><div class=\"vc_row wpb_row vc_row-fluid\" ><\/div><div class=\"wpb_column vc_column_container vc_col-sm-12\"><div class=\"vc_column-inner\"><div class=\"wpb_wrapper\"><\/div><\/div><\/div>\n\t<div class=\"wpb_text_column wpb_content_element\" >\n\t\t<div class=\"wpb_wrapper\">\n\t\t\t<p>\nn<br \/>\nn \u0986\u09ae\u09bf \u099f\u09c7\u0995\u09cd\u09b8\u099f \u09ac\u09cd\u09b2\u0995\u0964 \u098f\u0987 \u099f\u09c7\u0995\u09cd\u09b8\u099f \u09aa\u09b0\u09bf\u09ac\u09b0\u09cd\u09a4\u09a8 \u0995\u09b0\u09a4\u09c7 \u09b8\u09ae\u09cd\u09aa\u09be\u09a6\u09a8\u09be \u09ac\u09cb\u09a4\u09be\u09ae \u0995\u09cd\u09b2\u09bf\u0995 \u0995\u09b0\u09c1\u09a8. Lorem ipsum dolor sit amet, consectetur adipiscing elit. Ut elit tellus, luctus nec ullamcorper mattis, pulvinar dapibus leo.<br \/>\nn<br \/>\nn<\/p>\n\n\t\t<\/div>\n\t<\/div>\n<div class=\"vc_row wpb_row vc_row-fluid\" ><\/div><div class=\"wpb_column vc_column_container vc_col-sm-12\"><div class=\"vc_column-inner\"><div class=\"wpb_wrapper\"><\/div><\/div><\/div><div class=\"vc_empty_space\"   style=\"height: 32px\"><span class=\"vc_empty_space_inner\"><\/span><\/div><div class=\"vc_empty_space\"   style=\"height: 32px\"><span class=\"vc_empty_space_inner\"><\/span><\/div><div class=\"vc_row wpb_row vc_row-fluid\" ><div class=\"wpb_column vc_column_container vc_col-sm-12\"><div class=\"vc_column-inner\"><div class=\"wpb_wrapper\"><div class=\"vc_btn3-container vc_btn3-inline\" ><button class=\"vc_general vc_btn3 vc_btn3-size-md vc_btn3-shape-rounded vc_btn3-style-modern vc_btn3-color-green\">\u098f\u0996\u09a8\u0987 \u09ac\u09c1\u0995 \u0995\u09b0\u09c1\u09a8<\/button><\/div><\/div><\/div><\/div><\/div>","protected":false},"excerpt":{"rendered":"<p>Caminata 4 horas al Parque Nacional Los Haitises con un gu\u00eda tur\u00edstico local desde Sabana de la mar. Visitando las \u00e1reas de Selva Tropical, Cocos, Caf\u00e9 y Cacao. Aprendiendo sobre la historia original del Parque Nacional Los Haitises. n n&nbsp; n nSeleccione la fecha para el viaje de senderismo: &nbsp;<\/p>","protected":false},"author":2,"featured_media":0,"parent":0,"menu_order":0,"comment_status":"open","ping_status":"closed","template":"","meta":{"footnotes":""},"class_list":["post-15777","page","type-page","status-publish","hentry"],"_links":{"self":[{"href":"https:\/\/www.boattoursamana.com\/bn\/wp-json\/wp\/v2\/pages\/15777","targetHints":{"allow":["GET"]}}],"collection":[{"href":"https:\/\/www.boattoursamana.com\/bn\/wp-json\/wp\/v2\/pages"}],"about":[{"href":"https:\/\/www.boattoursamana.com\/bn\/wp-json\/wp\/v2\/types\/page"}],"author":[{"embeddable":true,"href":"https:\/\/www.boattoursamana.com\/bn\/wp-json\/wp\/v2\/users\/2"}],"replies":[{"embeddable":true,"href":"https:\/\/www.boattoursamana.com\/bn\/wp-json\/wp\/v2\/comments?post=15777"}],"version-history":[{"count":0,"href":"https:\/\/www.boattoursamana.com\/bn\/wp-json\/wp\/v2\/pages\/15777\/revisions"}],"wp:attachment":[{"href":"https:\/\/www.boattoursamana.com\/bn\/wp-json\/wp\/v2\/media?parent=15777"}],"curies":[{"name":"wp","href":"https:\/\/api.w.org\/{rel}","templated":true}]}}