{"id":15802,"date":"2023-07-15T07:43:59","date_gmt":"2023-07-15T07:43:59","guid":{"rendered":"https:\/\/www.ticketswhales.com\/excursion-whale-watching-samana-bay-cano-hondo-los-haitises-from-samana-port\/"},"modified":"2023-07-15T07:43:59","modified_gmt":"2023-07-15T07:43:59","slug":"excursion-whale-watching-samana-bay-cano-hondo-los-haitises-from-samana-port","status":"publish","type":"page","link":"https:\/\/www.boattoursamana.com\/bn\/%e0%a6%ad%e0%a7%8d%e0%a6%b0%e0%a6%ae%e0%a6%a3-%e0%a6%a4%e0%a6%bf%e0%a6%ae%e0%a6%bf-%e0%a6%a6%e0%a7%87%e0%a6%96%e0%a6%be-%e0%a6%b8%e0%a6%be%e0%a6%ae%e0%a6%be%e0%a6%a8%e0%a6%be-%e0%a6%ac%e0%a7%87","title":{"rendered":"\u09b8\u09be\u09ae\u09be\u09a8\u09be \u09ac\u09a8\u09cd\u09a6\u09b0 \u09a5\u09c7\u0995\u09c7 \u09b8\u09be\u09ae\u09be\u09a8\u09be \u09ac\u09c7 + \u0995\u09cd\u09af\u09be\u09a8\u09cb \u09b9\u09cb\u09a8\u09cd\u09a1\u09cb + \u09b2\u09b8 \u09b9\u09be\u0987\u099f\u09bf\u09b8\u09c7\u09b8 \u09a6\u09c7\u0996\u099b\u09c7 \u09ad\u09cd\u09b0\u09ae\u09a3 \u09a4\u09bf\u09ae\u09bf"},"content":{"rendered":"<p><span style=\"vertical-align: inherit;\"><span style=\"vertical-align: inherit;\">Esta es una excursi\u00f3n privada al observatorio de avistamiento de ballenas despu\u00e9s del almuerzo en el albergue ecol\u00f3gico Ca\u00f1o Hondo y el Parque Nacional Los Haitises. <\/span><span style=\"vertical-align: inherit;\">Nadie m\u00e1s ofrece esta incre\u00edble experiencia en un viaje de un solo d\u00eda con gu\u00edas profesionales ecologistas en el avistamiento de ballenas. <\/span><span style=\"vertical-align: inherit;\">\u09b8\u09bf desea ponerse en contacto con nosotros para recibir asesoramiento, env\u00ede un correo electr\u00f3nico, Whatsapp o Llamadas disponibles. <\/span><span style=\"vertical-align: inherit;\">Por favor reserve sus boletos con tiempo.<\/span><\/span><br \/>\nn<br \/>\nn&nbsp;<br \/>\nn<br \/>\nn<em><strong><span style=\"vertical-align: inherit;\"><span style=\"vertical-align: inherit;\">\u09a8\u09bf\u09b0\u09cd\u09ac\u09be\u099a\u09a8\u09c0 \u09b2\u09be \u09ab\u09c7\u099a\u09be \u09a6\u09c7 \u09b2\u09be \u09ad\u09cd\u09b0\u09ae\u09a3:<\/span><\/span><\/strong><\/em><\/p>\n<p>&nbsp;<\/p>\n<div class=\"vc_row wpb_row vc_row-fluid\" ><\/div><div class=\"wpb_column vc_column_container vc_col-sm-12\"><div class=\"vc_column-inner\"><div class=\"wpb_wrapper\"><\/div><\/div><\/div><div class=\"mkdf-section-title-holder\" style=\"text-align: left\">\n\t<div class=\"mkdf-st-inner\">\n\t\t\t\t\t<h5 class=\"mkdf-st-subtitle\" >\n\t\t\t\t\u099f\u09cd\u09af\u09c1\u09b0 \u098f\u09ac\u0982 \u09ad\u09cd\u09b0\u09ae\u09a3\t\t\t<\/h5>\n\t\t\t\t\t\t\t<h3 class=\"mkdf-st-title\" >\n\t\t\t\t\u09b8\u09be\u09ae\u09be\u09a8\u09be \u09ac\u09a8\u09cd\u09a6\u09b0 \u09a5\u09c7\u0995\u09c7 \u09b8\u09be\u09ae\u09be\u09a8\u09be \u0989\u09aa\u09b8\u09be\u0997\u09b0 + \u0995\u09cd\u09af\u09be\u09a8\u09cb \u09b9\u09a8\u09cd\u09a1\u09cb + \u09b2\u09b8 \u09b9\u09be\u0987\u099f\u09bf\u09b8\u09c7\u09b8 \u09a6\u09c7\u0996\u099b\u09c7 \u09ad\u09cd\u09b0\u09ae\u09a3 \u09a4\u09bf\u09ae\u09bf\t\t\t<\/h3>\n\t\t\t\t\t<\/div>\n<\/div>\n\t<div class=\"wpb_text_column wpb_content_element\" >\n\t\t<div class=\"wpb_wrapper\">\n\t\t\t<p>\nn<\/p>\n<div class=\"vc_row wpb_row vc_row-fluid\">\nn<\/p>\n<div class=\"wpb_column vc_column_container vc_col-sm-12\">\nn<\/p>\n<div class=\"vc_column-inner\">\nn<\/p>\n<div class=\"wpb_wrapper\">\nn<\/p>\n<div class=\"wpb_text_column wpb_content_element\">\nn<\/p>\n<div class=\"wpb_wrapper\">\nn<\/p>\n<h3><\/h3>\n<p>nWhale watching in Saman\u00e1 starts from Saman\u00e1 port after Whale watching we will across the bay to visit Ca\u00f1o Hondo Natural pools plus Lunch and Full trip in Los Haitises National Park.<br \/>\nn<br \/>\nnThis Trip will start at 9:00 Am and Finish at 5:00 Pm. Meeting before in Our Office. After aborting our Private Boat to visit Whales in their own habitat. From 9:00 Am until 11:00 am Whale observatory and After this Whale watching trip we will visit Ca\u00f1o Hondo for Lunch plus swimming in natural pools and finishing with a full trip to Los Haitises National Park. This excursion will end at the same port from where will start at 5:00 pm.<br \/>\nn<br \/>\nn<strong>\u09a6\u09cd\u09b0\u09b7\u09cd\u099f\u09ac\u09cd\u09af: \u098f\u099f\u09bf \u098f\u0995\u099f\u09bf \u09ac\u09cd\u09af\u0995\u09cd\u09a4\u09bf\u0997\u09a4 \u09ad\u09cd\u09b0\u09ae\u09a3\u0964\u00a0<\/strong><br \/>\nn<\/p>\n<ul>\nn \t<\/p>\n<li>\u09a4\u09bf\u09ae\u09bf \u0993\u09af\u09bc\u09be\u099a\u09bf\u0982 \u099f\u09cd\u09b0\u09bf\u09aa<\/li>\n<p>n \t<\/p>\n<li>\u09b2\u09b8 \u09b9\u09be\u0987\u099f\u09bf\u09b8 \u099c\u09be\u09a4\u09c0\u09af\u09bc \u0989\u09a6\u09cd\u09af\u09be\u09a8 \u09ad\u09cd\u09b0\u09ae\u09a3<\/li>\n<p>n \t<\/p>\n<li>Ca\u00f1o Hondo, \u09b2\u09be\u099e\u09cd\u099a \u098f\u09ac\u0982 \u09aa\u09c1\u09b2<\/li>\n<p>n \t<\/p>\n<li>\u0985\u09ac\u099c\u09be\u09b0\u09ad\u09c7\u099f\u09b0\u09bf\u09a4\u09c7 \u09aa\u09cd\u09b0\u09ac\u09c7\u09b6\u09c7\u09b0 \u09ab\u09bf<\/li>\n<p>n \t<\/p>\n<li>\u09a8\u09cc\u0995\u09be \u09b8\u09cd\u09a5\u09be\u09a8\u09be\u09a8\u09cd\u09a4\u09b0<\/li>\n<p>n \t<\/p>\n<li>\u0995\u09cd\u09af\u09be\u09aa\u09cd\u099f\u09c7\u09a8 \u09a8\u09bf\u09b0\u09cd\u09a6\u09c7\u09b6\u09a8\u09be \u098f\u09ac\u0982 \u09a4\u09a4\u09cd\u09a4\u09cd\u09ac\u09be\u09ac\u09a7\u09be\u09a8 \u09aa\u09cd\u09b0\u09a6\u09be\u09a8 \u0995\u09b0\u09c7<\/li>\n<p>n \t<\/p>\n<li>\u09ad\u09cd\u09b0\u09ae\u09a3 \u09aa\u09cd\u09b0\u09a6\u09b0\u09cd\u09b6\u0995<\/li>\n<p>n<\/ul>\n<p>n&nbsp;<br \/>\nn<\/p>\n<h4><b>\u0985\u09a8\u09cd\u09a4\u09b0\u09cd\u09ad\u09c1\u0995\u09cd\u09a4\u09bf \u098f\u09ac\u0982 \u09ac\u09b0\u09cd\u099c\u09a8<\/b><\/h4>\n<p>n&nbsp;<br \/>\nn<br \/>\nn<b>\u0985\u09a8\u09cd\u09a4\u09b0\u09cd\u09ad\u09c1\u0995\u09cd\u09a4\u09bf<\/b><br \/>\nn<\/p>\n<ol>\nn \t<\/p>\n<li>Ca\u00f1o Hondo \u098f \u09ac\u09c1\u09ab\u09c7 \u09b2\u09be\u099e\u09cd\u099a<\/li>\n<p>n \t<\/p>\n<li>\u09aa\u09cd\u09b0\u09be\u0995\u09c3\u09a4\u09bf\u0995 \u09aa\u09c1\u09b2<\/li>\n<p>n \t<\/p>\n<li>\u09b8\u09be\u09ae\u09be\u09a8\u09be \u0989\u09aa\u09b8\u09be\u0997\u09b0 \u09a6\u09c7\u0996\u099b\u09c7 \u09a4\u09bf\u09ae\u09bf<\/li>\n<p>n \t<\/p>\n<li>\u09b2\u09b8 \u09b9\u09be\u0987\u099f\u09bf\u09b8\u09c7\u09b8 \u099c\u09be\u09a4\u09c0\u09af\u09bc \u0989\u09a6\u09cd\u09af\u09be\u09a8, \u0997\u09c1\u09b9\u09be, \u09ae\u09cd\u09af\u09be\u09a8\u0997\u09cd\u09b0\u09cb\u09ad\u09b8 \u098f\u09ac\u0982 \u09b8\u09be\u09a8 \u09b2\u09b0\u09c7\u099e\u09cd\u099c\u09cb \u09ac\u09c7<\/li>\n<p>n \t<\/p>\n<li>\u09ad\u09cd\u09b0\u09ae\u09a3 \u09aa\u09cd\u09b0\u09a6\u09b0\u09cd\u09b6\u0995<\/li>\n<p>n \t<\/p>\n<li>\u0995\u09cd\u09af\u09be\u099f\u09be\u09ae\u09be\u09b0\u09be\u09a8 \u09ac\u09be \u09ac\u09cb\u099f \u099f\u09cd\u09b0\u09bf\u09aa<\/li>\n<p>n \t<\/p>\n<li>\u09b8\u09ae\u09b8\u09cd\u09a4 \u099f\u09cd\u09af\u09be\u0995\u09cd\u09b8, \u09ab\u09bf \u098f\u09ac\u0982 \u09b9\u09cd\u09af\u09be\u09a8\u09cd\u09a1\u09b2\u09bf\u0982 \u099a\u09be\u09b0\u09cd\u099c<\/li>\n<p>n \t<\/p>\n<li>\u09b8\u09cd\u09a5\u09be\u09a8\u09c0\u09af\u09bc \u0995\u09b0<\/li>\n<p>n \t<\/p>\n<li>\u09aa\u09be\u09a8\u09c0\u09af\u09bc<\/li>\n<p>n<\/ol>\n<p>n<b>\u09ac\u09b0\u09cd\u099c\u09a8<\/b><br \/>\nn<\/p>\n<ol>\nn \t<\/p>\n<li>\u0985\u09a8\u09c1\u09a6\u09be\u09a8<\/li>\n<p>n \t<\/p>\n<li>\u0997\u09be\u09a1\u09bc\u09bf \u09b8\u09cd\u09a5\u09be\u09a8\u09be\u09a8\u09cd\u09a4\u09b0 \u0995\u09b0\u09c1\u09a8<\/li>\n<p>n \t<\/p>\n<li>\u09ae\u09a6\u09cd\u09af\u09aa \u09aa\u09be\u09a8\u09c0\u09af\u09bc<\/li>\n<p>n<\/ol>\n<p>n&nbsp;<br \/>\nn<\/p>\n<h4><em><strong>\u09aa\u09cd\u09b0\u09b8\u09cd\u09a5\u09be\u09a8 \u098f\u09ac\u0982 \u09aa\u09cd\u09b0\u09a4\u09cd\u09af\u09be\u09ac\u09b0\u09cd\u09a4\u09a8<\/strong><\/em><\/h4>\n<p>\u09b0\u09bf\u099c\u09be\u09b0\u09cd\u09ad\u09c7\u09b6\u09a8 \u09aa\u09cd\u09b0\u0995\u09cd\u09b0\u09bf\u09af\u09bc\u09be\u09b0 \u09aa\u09b0\u09c7 \u09ad\u09cd\u09b0\u09ae\u09a3\u0995\u09be\u09b0\u09c0 \u098f\u0995\u099f\u09bf \u09ae\u09bf\u099f\u09bf\u0982 \u09aa\u09af\u09bc\u09c7\u09a8\u09cd\u099f \u09aa\u09be\u09ac\u09c7\u09a8\u0964 \u0986\u09ae\u09be\u09a6\u09c7\u09b0 \u09ae\u09bf\u099f\u09bf\u0982 \u09aa\u09af\u09bc\u09c7\u09a8\u09cd\u099f\u09c7 \u099f\u09cd\u09af\u09c1\u09b0 \u09b6\u09c1\u09b0\u09c1 \u098f\u09ac\u0982 \u09b6\u09c7\u09b7\u0964<br \/>\nn<br \/>\nn&nbsp;<br \/>\nn<\/p>\n<h4><b><i>\u0995\u09bf \u0986\u09b6\u09be \u0995\u09b0\u099b?<\/i><\/b><\/h4>\n<p>n&nbsp;<br \/>\nn<br \/>\nn<em><strong>\u0986\u09aa\u09a8\u09be\u09b0 \u099f\u09bf\u0995\u09bf\u099f \u09aa\u09be\u09a8<\/strong><\/em> \u098f\u0995 \u09a6\u09bf\u09a8\u09c7\u09b0 \u099c\u09a8\u09cd\u09af \u09b8\u09be\u09ae\u09be\u09a8\u09be \u0989\u09aa\u09b8\u09be\u0997\u09b0\u09c7 \u09a4\u09bf\u09ae\u09bf \u09a6\u09c7\u0996\u09be\u09b0 \u09b8\u09ab\u09b0\u09c7\u09b0 \u09aa\u09be\u09b6\u09be\u09aa\u09be\u09b6\u09bf \u098f\u0995\u099f\u09bf \u09a6\u09c1\u09b0\u09cd\u09a6\u09be\u09a8\u09cd\u09a4 \u09b2\u09be\u099e\u09cd\u099a \u098f\u09ac\u0982 \u09b8\u09c8\u0995\u09a4 \u09b8\u09ae\u09af\u09bc \u098f\u09ac\u0982 \u09b2\u09b8 \u09b9\u09be\u0987\u099f\u09bf\u09b8\u09c7\u09b8 \u099c\u09be\u09a4\u09c0\u09af\u09bc \u0989\u09a6\u09cd\u09af\u09be\u09a8 \u09aa\u09b0\u09bf\u09a6\u09b0\u09cd\u09b6\u09a8\u0964<br \/>\nn<br \/>\n\u09a4\u09bf\u09ae\u09bf \u09a6\u09c7\u0996\u09be\u09b0 \u099f\u09cd\u09b0\u09bf\u09aa &quot;\u09ac\u09c1\u0995\u09bf\u0982 \u0985\u09cd\u09af\u09be\u09a1\u09ad\u09c7\u099e\u09cd\u099a\u09be\u09b0\u09b8&quot; \u09a6\u09cd\u09ac\u09be\u09b0\u09be \u09b8\u0982\u0997\u09a0\u09bf\u09a4 \u09b9\u09af\u09bc \u09af\u09be \u099f\u09cd\u09af\u09c1\u09b0 \u0997\u09be\u0987\u09a1\u09c7\u09b0 \u09b8\u09be\u09a5\u09c7 \u09b8\u09c7\u099f \u0995\u09b0\u09be \u09ae\u09bf\u099f\u09bf\u0982 \u09aa\u09af\u09bc\u09c7\u09a8\u09cd\u099f \u09a5\u09c7\u0995\u09c7 \u09b6\u09c1\u09b0\u09c1 \u09b9\u09af\u09bc\u0964 \u09b8\u09ae\u09c1\u09a6\u09cd\u09b0 \u09b8\u09c8\u0995\u09a4\u09c7 \u09b2\u09be\u099e\u09cd\u099a \u0995\u09b0\u09c1\u09a8 \u098f\u09ac\u0982 \u09af\u09a4\u0995\u09cd\u09b7\u09a3 \u0986\u09aa\u09a8\u09bf \u09b8\u09be\u0981\u09a4\u09be\u09b0 \u0995\u09be\u099f\u09a4\u09c7 \u099a\u09be\u09a8 \u09a4\u09a4\u0995\u09cd\u09b7\u09a3 \u09a5\u09be\u0995\u09a4\u09c7 \u09aa\u09be\u09b0\u09c7\u09a8\u0964 \u0986\u09aa\u09a8\u09bf \u09af\u09a6\u09bf \u09ad\u09c7\u0997\u09be\u09a8 \u09b9\u09a8 \u09a4\u09ac\u09c7 \u0986\u09ae\u09b0\u09be \u0986\u09aa\u09a8\u09be\u09b0 \u099c\u09a8\u09cd\u09af \u0995\u09bf\u099b\u09c1 \u0996\u09be\u09ac\u09be\u09b0 \u09b8\u09c7\u099f \u0995\u09b0\u09a4\u09c7 \u09aa\u09be\u09b0\u09bf\u0964<br \/>\nn<br \/>\nn<strong>\u09b8\u09ae\u09af\u09bc\u09b8\u09c2\u099a\u09c0:<\/strong><br \/>\nn<br \/>\nn 8:45 AM - 5:00 PM<br \/>\nn<br \/>\nn&nbsp;<br \/>\nn<\/p>\n<h4><em><strong>\u0986\u09aa\u09a8\u09bf \u0995\u09bf \u0986\u09a8\u09a4\u09c7 \u09b9\u09ac\u09c7?<\/strong><\/em><\/h4>\n<p>n<\/p>\n<ul>\nn \t<\/p>\n<li>\u0995\u09cd\u09af\u09be\u09ae\u09c7\u09b0\u09be<\/li>\n<p>n \t<\/p>\n<li>\u09ac\u09bf\u0995\u09b0\u09cd\u09b7\u09a3\u0995\u09be\u09b0\u09c0 \u0995\u09c1\u0981\u09a1\u09bc\u09bf<\/li>\n<p>n \t<\/p>\n<li>\u09b8\u09be\u09a8\u0995\u09cd\u09b0\u09bf\u09ae<\/li>\n<p>n \t<\/p>\n<li>\u099f\u09c1\u09aa\u09bf<\/li>\n<p>n \t<\/p>\n<li>\u0986\u09b0\u09be\u09ae\u09a6\u09be\u09af\u09bc\u0995 \u09aa\u09cd\u09af\u09be\u09a8\u09cd\u099f<\/li>\n<p>n \t<\/p>\n<li>\u09b8\u09c8\u0995\u09a4\u09c7 \u09b8\u09cd\u09af\u09be\u09a8\u09cd\u09a1\u09c7\u09b2<\/li>\n<p>n \t<\/p>\n<li>\u09b8\u09be\u0981\u09a4\u09be\u09b0\u09c7\u09b0 \u09aa\u09b0\u09bf\u09a7\u09be\u09a8<\/li>\n<p>n \t<\/p>\n<li>\u09b8\u09cd\u09af\u09c1\u09ad\u09c7\u09a8\u09bf\u09b0 \u099c\u09a8\u09cd\u09af \u09a8\u0997\u09a6<\/li>\n<p>n<\/ul>\n<p>n&nbsp;<br \/>\nn<\/p>\n<h4><b><i>\u09b9\u09cb\u099f\u09c7\u09b2 \u09aa\u09bf\u0995\u0986\u09aa<\/i><\/b><\/h4>\n<p>n \u098f\u0987 \u09b8\u09ab\u09b0\u09c7\u09b0 \u099c\u09a8\u09cd\u09af \u09b9\u09cb\u099f\u09c7\u09b2 \u09aa\u09bf\u0995-\u0986\u09aa \u09a6\u09c7\u0993\u09af\u09bc\u09be \u09b9\u09af\u09bc \u09a8\u09be\u0964<br \/>\nn<br \/>\nn&nbsp;<br \/>\nn<br \/>\nn<b>\u09ac\u09bf\u0983\u09a6\u09cd\u09b0\u0983:<\/b>\u00a0\u0986\u09aa\u09a8\u09bf \u09af\u09a6\u09bf \u099f\u09cd\u09af\u09c1\u09b0\/\u09ad\u09cd\u09b0\u09ae\u09a8 \u09aa\u09cd\u09b0\u09b8\u09cd\u09a5\u09be\u09a8\u09c7\u09b0 24 \u0998\u09a8\u09cd\u099f\u09be\u09b0 \u09ae\u09a7\u09cd\u09af\u09c7 \u09ac\u09c1\u0995\u09bf\u0982 \u0995\u09b0\u09c7\u09a8 \u09a4\u09ac\u09c7 \u0986\u09ae\u09b0\u09be \u0985\u09a4\u09bf\u09b0\u09bf\u0995\u09cd\u09a4 \u099a\u09be\u09b0\u09cd\u099c \u09b8\u09b9 \u09b9\u09cb\u099f\u09c7\u09b2 \u09aa\u09bf\u0995-\u0986\u09aa\u09c7\u09b0 \u09ac\u09cd\u09af\u09ac\u09b8\u09cd\u09a5\u09be \u0995\u09b0\u09a4\u09c7 \u09aa\u09be\u09b0\u09bf\u0964 \u098f\u0995\u09ac\u09be\u09b0 \u0986\u09aa\u09a8\u09be\u09b0 \u0995\u09c7\u09a8\u09be\u0995\u09be\u099f\u09be \u09b8\u09ae\u09cd\u09aa\u09c2\u09b0\u09cd\u09a3 \u09b9\u09af\u09bc\u09c7 \u0997\u09c7\u09b2\u09c7, \u09aa\u09bf\u0995-\u0986\u09aa\u09c7\u09b0 \u09ac\u09cd\u09af\u09ac\u09b8\u09cd\u09a5\u09be \u0995\u09b0\u09be\u09b0 \u099c\u09a8\u09cd\u09af \u0986\u09ae\u09b0\u09be \u0986\u09aa\u09a8\u09be\u0995\u09c7 \u0986\u09ae\u09be\u09a6\u09c7\u09b0 \u09b8\u09cd\u09a5\u09be\u09a8\u09c0\u09af\u09bc \u099f\u09cd\u09af\u09c1\u09b0 \u0997\u09be\u0987\u09a1\u09c7\u09b0 \u099c\u09a8\u09cd\u09af \u09b8\u09ae\u09cd\u09aa\u09c2\u09b0\u09cd\u09a3 \u09af\u09cb\u0997\u09be\u09af\u09cb\u0997\u09c7\u09b0 \u09a4\u09a5\u09cd\u09af (\u09ab\u09cb\u09a8 \u09a8\u09ae\u09cd\u09ac\u09b0, \u0987\u09ae\u09c7\u09b2 \u09a0\u09bf\u0995\u09be\u09a8\u09be, \u0987\u09a4\u09cd\u09af\u09be\u09a6\u09bf) \u09aa\u09be\u09a0\u09be\u09ac\u0964<br \/>\nn<\/p>\n<h4><b><i>\u0985\u09a4\u09bf\u09b0\u09bf\u0995\u09cd\u09a4 \u09a4\u09a5\u09cd\u09af \u09a8\u09bf\u09b6\u09cd\u099a\u09bf\u09a4\u0995\u09b0\u09a3<\/i><\/b><\/h4>\n<p>n<\/p>\n<ol>\nn \t<\/p>\n<li>\u099f\u09bf\u0995\u09bf\u099f \u09b9\u09b2 \u098f\u0987 \u099f\u09cd\u09af\u09c1\u09b0 \u09a6\u09c7\u0993\u09af\u09bc\u09be\u09b0 \u09aa\u09b0 \u09b0\u09b8\u09bf\u09a6\u0964 \u0986\u09aa\u09a8\u09bf \u0986\u09aa\u09a8\u09be\u09b0 \u09ab\u09cb\u09a8\u09c7 \u09aa\u09c7\u09ae\u09c7\u09a8\u09cd\u099f \u09a6\u09c7\u0996\u09be\u09a4\u09c7 \u09aa\u09be\u09b0\u09c7\u09a8\u0964<\/li>\n<p>n \t<\/p>\n<li>\u09ae\u09bf\u099f\u09bf\u0982 \u09aa\u09af\u09bc\u09c7\u09a8\u09cd\u099f \u09b0\u09bf\u099c\u09be\u09b0\u09cd\u09ad\u09c7\u09b6\u09a8 \u09aa\u09cd\u09b0\u0995\u09cd\u09b0\u09bf\u09af\u09bc\u09be \u09aa\u09b0\u09c7 \u09aa\u09cd\u09b0\u09be\u09aa\u09cd\u09a4 \u0995\u09b0\u09be \u09b9\u09ac\u09c7.<\/li>\n<p>n \t<\/p>\n<li>\u09b6\u09bf\u09b6\u09c1\u09a6\u09c7\u09b0 \u098f\u0995\u099c\u09a8 \u09aa\u09cd\u09b0\u09be\u09aa\u09cd\u09a4\u09ac\u09af\u09bc\u09b8\u09cd\u0995 \u09a6\u09cd\u09ac\u09be\u09b0\u09be \u09b8\u0982\u09b8\u09b0\u09cd\u0997\u09c0 \u0995\u09b0\u09be \u0986\u09ac\u09b6\u09cd\u09af\u0995.<\/li>\n<p>n \t<\/p>\n<li>\u09b9\u09c1\u0987\u09b2\u099a\u09c7\u09af\u09bc\u09be\u09b0 \u0985\u09cd\u09af\u09be\u0995\u09cd\u09b8\u09c7\u09b8\u09af\u09cb\u0997\u09cd\u09af<\/li>\n<p>n \t<\/p>\n<li>\u09b6\u09bf\u09b6\u09c1\u09a6\u09c7\u09b0 \u0995\u09cb\u09b2\u09c7 \u09ac\u09b8\u09a4\u09c7 \u09b9\u09ac\u09c7<\/li>\n<p>n \t<\/p>\n<li>\u0985\u09a7\u09bf\u0995\u09be\u0982\u09b6 \u09ad\u09cd\u09b0\u09ae\u09a3\u0995\u09be\u09b0\u09c0 \u0985\u0982\u09b6\u0997\u09cd\u09b0\u09b9\u09a3 \u0995\u09b0\u09a4\u09c7 \u09aa\u09be\u09b0\u09c7\u09a8<\/li>\n<p>n<\/ol>\n<p>n<\/p>\n<h4><b><i>\u09ac\u09be\u09a4\u09bf\u09b2\u0995\u09b0\u09a3 \u09a8\u09c0\u09a4\u09bf<\/i><\/b><\/h4>\n<p>\u09b8\u09ae\u09cd\u09aa\u09c2\u09b0\u09cd\u09a3 \u0985\u09b0\u09cd\u09a5 \u09ab\u09c7\u09b0\u09a4\u09c7\u09b0 \u099c\u09a8\u09cd\u09af, \u0985\u09a8\u09c1\u0997\u09cd\u09b0\u09b9 \u0995\u09b0\u09c7 \u0986\u09ae\u09be\u09a6\u09c7\u09b0 \u09ac\u09be\u09a4\u09bf\u09b2\u0995\u09b0\u09a3 \u09a8\u09c0\u09a4\u09bf\u0997\u09c1\u09b2\u09bf \u09aa\u09a1\u09bc\u09c1\u09a8\u00a0<a href=\"https:\/\/www.boattoursamana.com\/bn\/%e0%a6%85%e0%a6%a8%e0%a6%b2%e0%a6%be%e0%a6%87%e0%a6%a8-%e0%a6%ac%e0%a7%81%e0%a6%95%e0%a6%bf%e0%a6%82\/\" target=\"_blank\" rel=\"noopener\" data-saferedirecturl=\"https:\/\/www.google.com\/url?q=https:\/\/www.boattoursamana.com\/online-booking\/&amp;source=gmail&amp;ust=1672449202351000&amp;usg=AOvVaw1yAeVAPktmaVCqDujgUn90\">\u098f\u0996\u09be\u09a8\u09c7 \u0995\u09cd\u09b2\u09bf\u0995 \u0995\u09b0\u09c1\u09a8<\/a>. \u099f\u09cd\u09b0\u09bf\u09aa\u09c7\u09b0 \u098f\u0995\u0987 \u09a6\u09bf\u09a8\u09c7 \u09b0\u09bf\u099c\u09be\u09b0\u09cd\u09ad\u09c7\u09b6\u09a8 \u09ac\u09be\u09a4\u09bf\u09b2 \u09b9\u09b2\u09c7 \u09a4\u09b9\u09ac\u09bf\u09b2 \u09a8\u09b7\u09cd\u099f \u09b9\u09ac\u09c7\u0964<br \/>\nn<br \/>\nn<\/div>\n<p>n\n<\/p><\/div>\n<p>n\n<\/p><\/div>\n<p>n\n<\/p><\/div>\n<p>n\n<\/p><\/div>\n<p>n\n<\/p><\/div>\n<p>n<\/p>\n<div class=\"vc_row wpb_row vc_row-fluid\">\nn<\/p>\n<div class=\"wpb_column vc_column_container vc_col-sm-12\">\nn<\/p>\n<div class=\"vc_column-inner\">\nn<\/p>\n<div class=\"wpb_wrapper\">\nn<\/p>\n<div class=\"wpb_text_column wpb_content_element\">\nn<\/p>\n<div class=\"wpb_wrapper\">\nn<\/p>\n<h4>\u09af\u09cb\u0997\u09be\u09af\u09cb\u0997 \u0995\u09b0\u09c1\u09a8?<\/h4>\n<p>n<\/p>\n<h5><b><i>\u099f\u09cd\u09af\u09c1\u09b0 \u09b9\u09cb\u09af\u09bc\u09c7\u09b2\u09b8 \u09b8\u09be\u09ae\u09be\u09a8\u09be<\/i><\/b><\/h5>\n<p>n<em><strong>\u09b8\u09cd\u09a5\u09be\u09a8\u09c0\u09af\u09bc\u09b0\u09be<\/strong>\u00a0\u098f\u09ac\u0982\u00a0<strong>\u099c\u09be\u09a4\u09c0\u09af\u09bc<\/strong>\u00a0\u099f\u09cd\u09af\u09c1\u09b0 \u0997\u09be\u0987\u09a1 \u098f\u09ac\u0982 \u0997\u09c7\u09b8\u09cd\u099f \u09b8\u09be\u09b0\u09cd\u09ad\u09bf\u09b8<\/em><br \/>\nn<br \/>\nn<span class=\"text-turquoise\">\u09b8\u0982\u09b0\u0995\u09cd\u09b7\u09a3:<\/span>\u00a0\u09a1\u09cb\u09ae\u09c7 \u099f\u09cd\u09af\u09c1\u09b0 \u0993 \u098f\u0995\u09cd\u09b8\u0995\u09be\u09b0\u09b6\u09a8\u0964 \u0996\u09cd\u09af\u09be\u09a4\u09bf.<br \/>\nn<br \/>\nn<img decoding=\"async\" class=\"emoji\" draggable=\"false\" src=\"https:\/\/s.w.org\/images\/core\/emoji\/11.2.0\/svg\/1f4de.svg\" alt=\" \" title=\"\">\u00a0\u099f\u09c7\u09b2\u09bf\u09ab\u09cb\u09a8\/\u09b9\u09cb\u09af\u09bc\u09be\u099f\u09b8\u0985\u09cd\u09af\u09be\u09aa\u00a0\u00a0<a href=\"tel:+1-809-720-6035\">+1-809-720-6035<\/a>.<br \/>\nn<br \/>\nn<img decoding=\"async\" class=\"emoji\" draggable=\"false\" src=\"https:\/\/s.w.org\/images\/core\/emoji\/11.2.0\/svg\/1f4e9.svg\" alt=\" \" title=\"\">\u00a0<a href=\"mailto:info@bookingadventures.com.do\">info@bookingadventures.com.do<\/a><br \/>\nn<br \/>\nn<strong>\u0986\u09ae\u09b0\u09be \u09b9\u09cb\u09af\u09bc\u09be\u099f\u09b8\u0985\u09cd\u09af\u09be\u09aa\u09c7\u09b0 \u09ae\u09be\u09a7\u09cd\u09af\u09ae\u09c7 \u09a8\u09ae\u09a8\u09c0\u09af\u09bc \u09ac\u09cd\u09af\u0995\u09cd\u09a4\u09bf\u0997\u09a4 \u099f\u09cd\u09af\u09c1\u09b0 \u09b8\u09c7\u099f \u0995\u09b0\u099b\u09bf:\u00a0<a href=\"tel:+18097206035\">+18097206035.<\/a><\/strong><br \/>\nn<br \/>\nn<\/div>\n<p>n\n<\/p><\/div>\n<p>n\n<\/p><\/div>\n<p>n\n<\/p><\/div>\n<p>n\n<\/p><\/div>\n<p>n\n<\/p><\/div>\n<p>n<\/p>\n\n\t\t<\/div>\n\t<\/div>\n<div class=\"mkdf-section-title-holder\" style=\"text-align: left\">\n\t<div class=\"mkdf-st-inner\">\n\t\t\t\t\t<h5 class=\"mkdf-st-subtitle\" >\n\t\t\t\t\u09ac\u09cd\u09af\u0995\u09cd\u09a4\u09bf\u0997\u09a4 \u099f\u09cd\u09af\u09c1\u09b0 \u098f\u09ac\u0982 \u09ad\u09cd\u09b0\u09ae\u09a3\t\t\t<\/h5>\n\t\t\t\t\t\t\t<h3 class=\"mkdf-st-title\" >\n\t\t\t\t\u09b8\u09be\u09ae\u09be\u09a8\u09be \u09ac\u09a8\u09cd\u09a6\u09b0 \u09a5\u09c7\u0995\u09c7 \u09ac\u09cd\u09af\u0995\u09cd\u09a4\u09bf\u0997\u09a4 \u09ad\u09cd\u09b0\u09ae\u09a3 \u09a4\u09bf\u09ae\u09bf \u09a6\u09c7\u0996\u099b\u09c7\u09a8 \u09b8\u09be\u09ae\u09be\u09a8\u09be \u09ac\u09c7 + \u0995\u09cd\u09af\u09be\u09a8\u09cb \u09b9\u09cb\u09a8\u09cd\u09a1\u09cb + \u09b2\u09b8 \u09b9\u09be\u0987\u099f\u09bf\u09b8\u09c7\u09b8\t\t\t<\/h3>\n\t\t\t\t\t<\/div>\n<\/div>\n\t<div class=\"wpb_text_column wpb_content_element\" >\n\t\t<div class=\"wpb_wrapper\">\n\t\t\t<p>\nn<br \/>\nn \u0986\u09ae\u09bf \u099f\u09c7\u0995\u09cd\u09b8\u099f \u09ac\u09cd\u09b2\u0995\u0964 \u098f\u0987 \u099f\u09c7\u0995\u09cd\u09b8\u099f \u09aa\u09b0\u09bf\u09ac\u09b0\u09cd\u09a4\u09a8 \u0995\u09b0\u09a4\u09c7 \u09b8\u09ae\u09cd\u09aa\u09be\u09a6\u09a8\u09be \u09ac\u09cb\u09a4\u09be\u09ae \u0995\u09cd\u09b2\u09bf\u0995 \u0995\u09b0\u09c1\u09a8. Lorem ipsum dolor sit amet, consectetur adipiscing elit. Ut elit tellus, luctus nec ullamcorper mattis, pulvinar dapibus leo.<br \/>\nn<br \/>\nn<\/p>\n\n\t\t<\/div>\n\t<\/div>","protected":false},"excerpt":{"rendered":"<p>Esta es una excursi\u00f3n privada al observatorio de avistamiento de ballenas despu\u00e9s del almuerzo en el albergue ecol\u00f3gico Ca\u00f1o Hondo y el Parque Nacional Los Haitises. Nadie m\u00e1s ofrece esta incre\u00edble experiencia en un viaje de un solo d\u00eda con gu\u00edas profesionales ecologistas en el avistamiento de ballenas. Si desea ponerse en contacto con nosotros para recibir asesoramiento, env\u00ede un correo electr\u00f3nico, Whatsapp o Llamadas disponibles. Por favor reserve sus boletos con tiempo. n n&nbsp; n nSeleccione la fecha de [&hellip;]<\/p>\n","protected":false},"author":2,"featured_media":0,"parent":0,"menu_order":0,"comment_status":"open","ping_status":"closed","template":"","meta":{"footnotes":""},"class_list":["post-15802","page","type-page","status-publish","hentry"],"_links":{"self":[{"href":"https:\/\/www.boattoursamana.com\/bn\/wp-json\/wp\/v2\/pages\/15802","targetHints":{"allow":["GET"]}}],"collection":[{"href":"https:\/\/www.boattoursamana.com\/bn\/wp-json\/wp\/v2\/pages"}],"about":[{"href":"https:\/\/www.boattoursamana.com\/bn\/wp-json\/wp\/v2\/types\/page"}],"author":[{"embeddable":true,"href":"https:\/\/www.boattoursamana.com\/bn\/wp-json\/wp\/v2\/users\/2"}],"replies":[{"embeddable":true,"href":"https:\/\/www.boattoursamana.com\/bn\/wp-json\/wp\/v2\/comments?post=15802"}],"version-history":[{"count":0,"href":"https:\/\/www.boattoursamana.com\/bn\/wp-json\/wp\/v2\/pages\/15802\/revisions"}],"wp:attachment":[{"href":"https:\/\/www.boattoursamana.com\/bn\/wp-json\/wp\/v2\/media?parent=15802"}],"curies":[{"name":"wp","href":"https:\/\/api.w.org\/{rel}","templated":true}]}}