{"id":15830,"date":"2023-07-15T07:44:42","date_gmt":"2023-07-15T07:44:42","guid":{"rendered":"https:\/\/www.ticketswhales.com\/las-galeras-las-7-playas-escondidas-de-samana-the-7-hidden-beaches-in-samana\/"},"modified":"2023-07-15T07:44:42","modified_gmt":"2023-07-15T07:44:42","slug":"las-galeras-las-7-playas-escondidas-de-samana-the-7-hidden-beaches-in-samana","status":"publish","type":"page","link":"https:\/\/www.boattoursamana.com\/bn\/las-galeras-las-7-playas-escondidas-de-samana-the-7-hidden-beaches-in-samana","title":{"rendered":"Las Galeras: Las 7 Playas Escondidas de Saman\u00e1 - \u09b8\u09be\u09ae\u09be\u09a8\u09be\u09a4\u09c7 7\u099f\u09bf \u09b2\u09c1\u0995\u09be\u09a8\u09cb \u09b8\u09c8\u0995\u09a4"},"content":{"rendered":"<p><span style=\"vertical-align: inherit;\"><span style=\"vertical-align: inherit;\">Si est\u00e1 visitando Saman\u00e1 y le gustar\u00eda tener una verdadera experiencia local haciendo senderismo, un viaje en barco m\u00e1s un almuerzo en la playa de Rinc\u00f3n, este es el viaje que necesita hacer. <\/span><span style=\"vertical-align: inherit;\">Visite las 7 playas escondidas de Saman\u00e1 en el \u00e1rea de Las Galeras, donde tambi\u00e9n puede visitar una cueva y tomar excelentes videos o fotos para recuerdos incre\u00edbles.<\/span><\/span><br \/>\nn<br \/>\nn<strong><span style=\"vertical-align: inherit;\"><span style=\"vertical-align: inherit;\">\u09b2\u09be \u09ab\u09c7\u099a\u09be \u09aa\u09cd\u09af\u09be\u09b0\u09be \u098f\u09b2 \u099f\u09cd\u09af\u09c1\u09b0\u09c7\u09b0 \u09a8\u09bf\u09b0\u09cd\u09ac\u09be\u099a\u09a8:\u00a0<\/span><\/span><\/strong><\/p>\n<p>&nbsp;<\/p>\n<div class=\"vc_row wpb_row vc_row-fluid\" ><div class=\"wpb_column vc_column_container vc_col-sm-12\"><div class=\"vc_column-inner\"><div class=\"wpb_wrapper\"><div class=\"mkdf-section-title-holder\" style=\"text-align: left\">\n\t<div class=\"mkdf-st-inner\">\n\t\t\t\t\t<h5 class=\"mkdf-st-subtitle\" >\n\t\t\t\t\u09b2\u09be\u099e\u09cd\u099a, \u09ac\u09cb\u099f \u09b0\u09be\u0987\u09a1 \u098f\u09ac\u0982 \u09b9\u09cb\u099f\u09c7\u09b2 \u09a5\u09c7\u0995\u09c7 \u09ac\u09cd\u09af\u0995\u09cd\u09a4\u09bf\u0997\u09a4 \u09aa\u09b0\u09bf\u09ac\u09b9\u09a8\u0964\t\t\t<\/h5>\n\t\t\t\t\t\t\t<h3 class=\"mkdf-st-title\" >\n\t\t\t\tPlaya Rinc\u00f3n, Playa Fronton + Playa Madame Beach, Saman\u00e1 - Dominican Republic.\t\t\t<\/h3>\n\t\t\t\t\t<\/div>\n<\/div>\n\t<div class=\"wpb_text_column wpb_content_element\" >\n\t\t<div class=\"wpb_wrapper\">\n\t\t\t<p>\nn<\/p>\n<h3>Playa Caleton, Playa Escondida, Playa Colorado, Playa del Amor, Playa La Vaca, Playa la Playita Playa Breman.<\/h3>\n<p>n<\/p>\n<h4><b><i>\u0993\u09ad\u09be\u09b0\u09ad\u09bf\u0989 <\/i><\/b><\/h4>\n<p>nOne of the most beautiful excursions on the Saman\u00e1&#8217;s peninsula.<br \/>\nn<br \/>\nn<span class=\"Y2IQFc\" lang=\"en\">\u09b8\u09be\u09ae\u09be\u09a8\u09be\u09af\u09bc 7\u099f\u09bf \u09b2\u09c1\u0995\u09be\u09a8\u09cb \u09b8\u09c8\u0995\u09a4, \u09b8\u09be\u09ae\u09be\u09a8\u09be \u0989\u09aa\u09a6\u09cd\u09ac\u09c0\u09aa\u09c7 \u0985\u09ac\u09b8\u09cd\u09a5\u09bf\u09a4 \u098f\u09ac\u0982 \u0987\u09a4\u09bf\u09b9\u09be\u09b8\u09c7\u09b0 \u09b8\u09c1\u09a8\u09cd\u09a6\u09b0 \u0997\u09cb\u09aa\u09a8\u09c0\u09af\u09bc\u09a4\u09be \u09b0\u09be\u0996\u09c7 \u098f\u09ac\u0982 \u098f\u0987 \u09b8\u09cd\u09a5\u09be\u09a8\u0997\u09c1\u09b2\u09bf\u0995\u09c7 \u099c\u09c7\u09a8\u09c7 \u0986\u09ae\u09b0\u09be \u09b8\u09cd\u09a5\u09be\u09a8\u09c0\u09af\u09bc \u0985\u09b0\u09cd\u09a5\u09a8\u09c0\u09a4\u09bf\u09a4\u09c7 \u0985\u09ac\u09a6\u09be\u09a8 \u09b0\u09be\u0996\u09bf \u09af\u09be \u098f\u0995\u099f\u09bf \u09ae\u09be\u09a8\u09c1\u09b7\u09c7\u09b0 \u099c\u09c0\u09ac\u09bf\u0995\u09be \u09a8\u09bf\u09b0\u09cd\u09ac\u09be\u09b9\u09c7\u09b0 \u099c\u09a8\u09cd\u09af \u0985\u09a4\u09cd\u09af\u09be\u09ac\u09b6\u09cd\u09af\u0995\u09f7<\/span><br \/>\nn<br \/>\nnEnter the unique atmosphere by visiting 7 beaches on the boat, Also Hiking in one small cave on the coast. Some beaches are only reachable by boat surrounded by a coral reef around which you can snorkel, swim with fishes and discover its corals and relax and enjoy the amazing scenery. Relaxing, swimming, and then departure to Playa colorado, another and isolated perfect beach for snorkeling, where you can also visit a cave and take great videos or Photos for awesome memories.<br \/>\nn<br \/>\nnYou will have lunch with your toes in the sand to the sound of Merengue and Bachata at &#8220;El Paraiso&#8221; &#8211; The last restaurant before the jungle &#8211; where you will be served a complete meal including a fish dish, accompanied by local drinks and cocktails. On the way back we will stop at El Rincon Beach, here you will find a natural pearl that is considered one of the most beautiful beaches in the country. The white, fine sand, the turquoise sea, and the meter-high palm trees speak for themselves.<br \/>\nn<br \/>\nn&nbsp;<br \/>\nn<\/p>\n<ul>\nn \t<\/p>\n<li><span style=\"font-weight: 400;\">\u098f\u09b2\u09be\u0995\u09be\u09af\u09bc \u09a8\u09bf\u09b0\u09be\u09aa\u09a4\u09cd\u09a4\u09be \u0985\u09ad\u09bf\u099c\u09cd\u099e\u09a4\u09be \u09b8\u09b9 \u09b8\u09cd\u09a5\u09be\u09a8\u09c0\u09af\u09bc \u0997\u09be\u0987\u09a1\u0964<\/span><\/li>\n<p>n \t<\/p>\n<li style=\"font-weight: 400;\">\u09ab\u09bf \u0985\u09a8\u09cd\u09a4\u09b0\u09cd\u09ad\u09c1\u0995\u09cd\u09a4<\/li>\n<p>n \t<\/p>\n<li>\u09b8\u09ae\u09c1\u09a6\u09cd\u09b0 \u09b8\u09c8\u0995\u09a4\u09c7 \u09a6\u09c1\u09aa\u09c1\u09b0\u09c7\u09b0 \u0996\u09be\u09ac\u09be\u09b0<\/li>\n<p>n \t<\/p>\n<li>\u09a8\u09cc\u0995\u09be \u09ad\u09cd\u09b0\u09ae\u09a3<\/li>\n<p>n \t<\/p>\n<li style=\"font-weight: 400;\">\u09b8\u09cd\u09aa\u09cd\u09af\u09be\u09a8\u09bf\u09b6, \u0987\u0982\u09b0\u09c7\u099c\u09bf \u09ac\u09be \u09ab\u09b0\u09be\u09b8\u09bf \u09ad\u09be\u09b7\u09be\u09af\u09bc \u09b8\u09cd\u09a5\u09be\u09a8\u09c0\u09af\u09bc \u099f\u09cd\u09af\u09c1\u09b0 \u0997\u09be\u0987\u09a1\u0964<\/li>\n<p>n \t<\/p>\n<li>\u09b9\u09be\u0987\u0995\u09bf\u0982<\/li>\n<p>n \t<\/p>\n<li>\u09b8\u09be\u0981\u09a4\u09be\u09b0<\/li>\n<p>n<\/ul>\n<p>n&nbsp;<br \/>\nn<\/p>\n<h4><b>\u0985\u09a8\u09cd\u09a4\u09b0\u09cd\u09ad\u09c1\u0995\u09cd\u09a4\u09bf \u098f\u09ac\u0982 \u09ac\u09b0\u09cd\u099c\u09a8<\/b><\/h4>\n<p>n&nbsp;<br \/>\nn<br \/>\nn<b>\u0985\u09a8\u09cd\u09a4\u09b0\u09cd\u09ad\u09c1\u0995\u09cd\u09a4\u09bf<\/b><br \/>\nn<\/p>\n<ol>\nn \t<\/p>\n<li><span style=\"font-weight: 400;\">\u098f\u09b2\u09be\u0995\u09be\u09af\u09bc \u09a8\u09bf\u09b0\u09be\u09aa\u09a4\u09cd\u09a4\u09be \u0985\u09ad\u09bf\u099c\u09cd\u099e\u09a4\u09be \u09b8\u09b9 \u09b8\u09cd\u09a5\u09be\u09a8\u09c0\u09af\u09bc \u0997\u09be\u0987\u09a1\u0964<\/span><\/li>\n<p>n \t<\/p>\n<li style=\"font-weight: 400;\">\u098f\u09b2 \u09b0\u09bf\u0999\u09cd\u0995\u09a8 \u09ac\u09bf\u099a<\/li>\n<p>n \t<\/p>\n<li>\u0995\u09b2\u09cb\u09b0\u09be\u09a1\u09cb \u09ac\u09bf\u099a<\/li>\n<p>n \t<\/p>\n<li>\u09b2\u09be \u09aa\u09cd\u09b2\u09c7\u0987\u099f\u09be \u09ac\u09bf\u099a<\/li>\n<p>n \t<\/p>\n<li>\u09b2\u09be \u09ad\u09be\u0995\u09be \u09ac\u09bf\u099a<\/li>\n<p>n \t<\/p>\n<li>\u09ac\u09cd\u09b0\u09c7\u09ae\u09cd\u09af\u09be\u09a8 \u09ac\u09bf\u099a<\/li>\n<p>n \t<\/p>\n<li>\u09ae\u09be\u09b0\u09bf\u09af\u09bc\u09be\u09a8\u09cb \u09ac\u09bf\u099a<\/li>\n<p>n \t<\/p>\n<li>\u0995\u09cd\u09af\u09be\u09b2\u09c7\u099f\u09a8 \u09ac\u09bf\u099a<\/li>\n<p>n \t<\/p>\n<li style=\"font-weight: 400;\"><span style=\"font-weight: 400;\">\u09b8\u09ae\u09b8\u09cd\u09a4 \u099f\u09cd\u09af\u09be\u0995\u09cd\u09b8, \u09ab\u09bf \u098f\u09ac\u0982 \u09b9\u09cd\u09af\u09be\u09a8\u09cd\u09a1\u09b2\u09bf\u0982 \u099a\u09be\u09b0\u09cd\u099c<\/span><\/li>\n<p>n \t<\/p>\n<li style=\"font-weight: 400;\"><span style=\"font-weight: 400;\">\u09b8\u09cd\u09a5\u09be\u09a8\u09c0\u09af\u09bc \u0995\u09b0<\/span><\/li>\n<p>n \t<\/p>\n<li>\u09b8\u09ae\u09c1\u09a6\u09cd\u09b0 \u09b8\u09c8\u0995\u09a4\u09c7 \u09a6\u09c1\u09aa\u09c1\u09b0\u09c7\u09b0 \u0996\u09be\u09ac\u09be\u09b0<\/li>\n<p>n \t<\/p>\n<li>\u09b9\u09be\u0987\u0995\u09bf\u0982<\/li>\n<p>n \t<\/p>\n<li style=\"font-weight: 400;\"><span style=\"font-weight: 400;\">\u09b8\u0995\u09b2 \u0995\u09be\u09b0\u09cd\u09af\u0995\u09cd\u09b0\u09ae<\/span><\/li>\n<p>n<\/ol>\n<p>n<b> \u09ac\u09b0\u09cd\u099c\u09a8<\/b><br \/>\nn<\/p>\n<ol>\nn \t<\/p>\n<li style=\"font-weight: 400;\"><span style=\"font-weight: 400;\">\u0985\u09a8\u09c1\u09a6\u09be\u09a8<\/span><\/li>\n<p>n<\/ol>\n<p>n<\/p>\n<h4><em><strong>\u09aa\u09cd\u09b0\u09b8\u09cd\u09a5\u09be\u09a8 \u098f\u09ac\u0982 \u09aa\u09cd\u09b0\u09a4\u09cd\u09af\u09be\u09ac\u09b0\u09cd\u09a4\u09a8<\/strong><\/em><\/h4>\n<p>n<span style=\"font-weight: 400;\">\u09b0\u09bf\u099c\u09be\u09b0\u09cd\u09ad\u09c7\u09b6\u09a8 \u09aa\u09cd\u09b0\u0995\u09cd\u09b0\u09bf\u09af\u09bc\u09be\u09b0 \u09aa\u09b0\u09c7 \u09ad\u09cd\u09b0\u09ae\u09a3\u0995\u09be\u09b0\u09c0 \u098f\u0995\u099f\u09bf \u09ae\u09bf\u099f\u09bf\u0982 \u09aa\u09af\u09bc\u09c7\u09a8\u09cd\u099f \u09aa\u09be\u09ac\u09c7\u09a8\u0964 \u0986\u09ae\u09be\u09a6\u09c7\u09b0 \u09ae\u09bf\u099f\u09bf\u0982 \u09aa\u09af\u09bc\u09c7\u09a8\u09cd\u099f\u09c7 \u099f\u09cd\u09af\u09c1\u09b0 \u09b6\u09c1\u09b0\u09c1 \u098f\u09ac\u0982 \u09b6\u09c7\u09b7\u0964<\/span><br \/>\nn<\/p>\n<h3>Playa Caleton, Playa Escondida, Playa Colorado, Playa del Amor, Playa La Vaca, Playa la Playita Playa Breman.<\/h3>\n<p>n<\/p>\n<h4><b><i>\u0995\u09bf \u0986\u09b6\u09be \u0995\u09b0\u099b?<\/i><\/b><\/h4>\n<p>n<em><strong>\u0986\u09aa\u09a8\u09be\u09b0 \u099f\u09bf\u0995\u09bf\u099f \u09aa\u09be\u09a8<\/strong><\/em> \u09a1\u09cb\u09ae\u09bf\u09a8\u09bf\u0995\u09be\u09a8 \u09b0\u09bf\u09aa\u09be\u09ac\u09b2\u09bf\u0995\u09c7\u09b0 \u0986\u09b6\u09c7\u09aa\u09be\u09b6\u09c7 \u09b8\u09ac\u099a\u09c7\u09af\u09bc\u09c7 \u0985\u09a8\u09a8\u09cd\u09af 7\u099f\u09bf \u09b8\u09c8\u0995\u09a4 \u09a6\u09c7\u0996\u09be\u09b0 \u099c\u09a8\u09cd\u09af\u0964 \u09b6\u09c1\u09b0\u09c1 \u099f\u09cd\u09b0\u09bf\u09aa \u09ae\u09bf\u099f\u09bf\u0982 \u09aa\u09af\u09bc\u09c7\u09a8\u09cd\u099f Las Galeras \u098f\u09b2\u09be\u0995\u09be\u09af\u09bc \u09b9\u09be\u0987\u0995\u09bf\u0982 \u098f\u09ac\u0982 \u098f\u0995 \u09a6\u09bf\u09a8\u09c7\u09b0 \u09ae\u09a7\u09cd\u09af\u09c7 \u09b8\u09be\u0981\u09a4\u09be\u09b0 \u0995\u09be\u099f\u09be 7 \u09b8\u09ae\u09c1\u09a6\u09cd\u09b0 \u09b8\u09c8\u0995\u09a4 \u09aa\u09cd\u09b2\u09be\u09b8 \u098f\u09b2 Rincon \u09b8\u09c8\u0995\u09a4. \u09aa\u09cd\u09b0\u09a5\u09ae\u09c7, \u0986\u09ae\u09b0\u09be \u09a1\u09c1\u09af\u09bc\u09be\u09b0\u09cd\u09a4\u09c7 \u0997\u09c1\u09b9\u09be \u09aa\u09b0\u09bf\u09a6\u09b0\u09cd\u09b6\u09a8 \u0995\u09b0\u09bf, \u09b9\u09be\u0987\u0995\u09bf\u0982 \u0995\u09b0\u09bf \u098f\u09ac\u0982 \u09b2\u09be\u09b8 \u0997\u09cd\u09af\u09be\u09b2\u09be\u09b0\u09be\u09b8\u09c7\u09b0 \u09b8\u09ac\u099a\u09c7\u09af\u09bc\u09c7 \u09b8\u09c1\u09a8\u09cd\u09a6\u09b0 \u0997\u09c1\u09b9\u09be\u099f\u09bf \u09a6\u09c7\u0996\u09bf\u0964 \u098f\u0995\u0987 \u09a6\u09c3\u09b6\u09cd\u09af\u09c7\u09b0 \u09aa\u09c1\u09a8\u09b0\u09be\u09ac\u09c3\u09a4\u09cd\u09a4\u09bf \u098f\u09a1\u09bc\u09be\u09a4\u09c7 \u098f\u0987 \u0997\u09c1\u09b9\u09be\u099f\u09bf\u09b0 2\u099f\u09bf \u09ad\u09bf\u09a8\u09cd\u09a8 \u09aa\u09cd\u09b0\u09ac\u09c7\u09b6\u09aa\u09a5 \u09b0\u09af\u09bc\u09c7\u099b\u09c7 900 \u09ae\u09bf\u099f\u09be\u09b0\u0964<br \/>\nn<br \/>\nnAfter visiting the cave we go back to the speed boat to visit Playa Caleton, this is one of the most mention beaches in Samana because of the clear waters. We will swim en enjoy this beach first to continue our trip by Playa del Amor.<br \/>\nn<br \/>\nn<strong>\u09aa\u09cd\u09b2\u09c7\u09af\u09bc\u09be 7<\/strong><br \/>\nn<br \/>\nnPlaya Rinc\u00f3n is an unspoiled strip of white sand that stretches for about 2.5 miles (4 kilometers) along an undeveloped part of the coast. Fringed by a border of coconut palms and enclosed by mountain and cliff peaks at both ends, this secluded beach feels like a true utopia, cut off from civilization.<br \/>\nn<br \/>\nnAfter El Rincon beach we will be back on the speed boat to Las Galeras meeting point!<br \/>\nn<br \/>\nnThe tour, organized by &#8220;Booking Adventures&#8221; starts at the meeting point set with our Tour Guide. Come with Booking Adventures and have lunch at the beach and enjoy the 7 most amazing beaches in Samana, Dominican Republic.<br \/>\nn<\/p>\n<div class=\"body-description secondary\">\nn<br \/>\nn&nbsp;<br \/>\nn<br \/>\nn<\/div>\n<p>n<\/p>\n<h4><em><strong>\u0986\u09aa\u09a8\u09bf \u0995\u09bf \u0986\u09a8\u09a4\u09c7 \u09b9\u09ac\u09c7?<\/strong><\/em><\/h4>\n<p>n<\/p>\n<ul>\nn \t<\/p>\n<li style=\"font-weight: 400;\"><span style=\"font-weight: 400;\">\u0995\u09cd\u09af\u09be\u09ae\u09c7\u09b0\u09be<\/span><\/li>\n<p>n \t<\/p>\n<li style=\"font-weight: 400;\"><span style=\"font-weight: 400;\">\u09ac\u09bf\u0995\u09b0\u09cd\u09b7\u09a3\u0995\u09be\u09b0\u09c0 \u0995\u09c1\u0981\u09a1\u09bc\u09bf<\/span><\/li>\n<p>n \t<\/p>\n<li style=\"font-weight: 400;\"><span style=\"font-weight: 400;\">\u09b8\u09be\u09a8\u0995\u09cd\u09b0\u09bf\u09ae<\/span><\/li>\n<p>n \t<\/p>\n<li>\u099c\u09b2<\/li>\n<p>n \t<\/p>\n<li style=\"font-weight: 400;\"><span style=\"font-weight: 400;\">\u099f\u09c1\u09aa\u09bf<\/span><\/li>\n<p>n \t<\/p>\n<li style=\"font-weight: 400;\"><span style=\"font-weight: 400;\">\u0986\u09b0\u09be\u09ae\u09a6\u09be\u09af\u09bc\u0995 \u09aa\u09cd\u09af\u09be\u09a8\u09cd\u099f<\/span><\/li>\n<p>n \t<\/p>\n<li style=\"font-weight: 400;\"><span style=\"font-weight: 400;\">\u09ac\u09a8\u09c7\u09b0 \u099c\u09a8\u09cd\u09af \u09b9\u09be\u0987\u0995\u09bf\u0982 \u099c\u09c1\u09a4\u09be<\/span><\/li>\n<p>n \t<\/p>\n<li style=\"font-weight: 400;\"><span style=\"font-weight: 400;\">\u09ac\u09b8\u09a8\u09cd\u09a4 \u098f\u09b2\u09be\u0995\u09be\u09af\u09bc \u09b8\u09cd\u09af\u09be\u09a8\u09cd\u09a1\u09c7\u09b2.<\/span><\/li>\n<p>n \t<\/p>\n<li style=\"font-weight: 400;\"><span style=\"font-weight: 400;\">\u09b8\u09be\u0981\u09a4\u09be\u09b0\u09c7\u09b0 \u09aa\u09b0\u09bf\u09a7\u09be\u09a8<\/span><\/li>\n<p>n<\/ul>\n<p>n&nbsp;<br \/>\nn<\/p>\n<h4><b><i>\u09b9\u09cb\u099f\u09c7\u09b2 \u09aa\u09bf\u0995\u0986\u09aa <\/i><\/b><\/h4>\n<p>n<span style=\"font-weight: 400;\">\u09b9\u09cb\u099f\u09c7\u09b2 \u09aa\u09bf\u0995 \u0986\u09aa \u098f\u0987 \u09b8\u09ab\u09b0 \u0985\u09a8\u09cd\u09a4\u09b0\u09cd\u09ad\u09c1\u0995\u09cd\u09a4 \u0995\u09b0\u09be \u09b9\u09af\u09bc \u09a8\u09be. <\/span><br \/>\nn<br \/>\nn&nbsp;<br \/>\nn<br \/>\nn<b>\u09ac\u09bf\u0983\u09a6\u09cd\u09b0\u0983:<\/b><span style=\"font-weight: 400;\"> \u0986\u09aa\u09a8\u09bf \u09af\u09a6\u09bf \u09ad\u09cd\u09b0\u09ae\u09a3\/\u09ad\u09cd\u09b0\u09ae\u09a8 \u09aa\u09cd\u09b0\u09b8\u09cd\u09a5\u09be\u09a8\u09c7\u09b0 24 \u0998\u09a8\u09cd\u099f\u09be\u09b0 \u09ae\u09a7\u09cd\u09af\u09c7 \u09ac\u09c1\u0995\u09bf\u0982 \u0995\u09b0\u09c7\u09a8 \u09a4\u09ac\u09c7 \u0986\u09ae\u09b0\u09be \u0985\u09a4\u09bf\u09b0\u09bf\u0995\u09cd\u09a4 \u0996\u09b0\u099a \u09b8\u09b9 \u09b9\u09cb\u099f\u09c7\u09b2 \u09aa\u09bf\u0995-\u0986\u09aa\u09c7\u09b0 \u09ac\u09cd\u09af\u09ac\u09b8\u09cd\u09a5\u09be \u0995\u09b0\u09a4\u09c7 \u09aa\u09be\u09b0\u09bf\u0964 \u0986\u09ae\u09b0\u09be \u09b6\u09c1\u09a7\u09c1 \u09b8\u09be\u09ae\u09be\u09a8\u09be \u098f\u09b2\u09be\u0995\u09be\u09af\u09bc \u098f\u099f\u09be \u09a4\u09c1\u09b2\u09c7\u099b\u09bf\u0964 \u098f\u0995\u09ac\u09be\u09b0 \u0986\u09aa\u09a8\u09be\u09b0 \u0995\u09c7\u09a8\u09be\u0995\u09be\u099f\u09be \u09b8\u09ae\u09cd\u09aa\u09c2\u09b0\u09cd\u09a3 \u09b9\u09af\u09bc\u09c7 \u0997\u09c7\u09b2\u09c7, \u09aa\u09bf\u0995-\u0986\u09aa\u09c7\u09b0 \u09ac\u09cd\u09af\u09ac\u09b8\u09cd\u09a5\u09be \u0995\u09b0\u09be\u09b0 \u099c\u09a8\u09cd\u09af \u0986\u09ae\u09b0\u09be \u0986\u09aa\u09a8\u09be\u0995\u09c7 \u0986\u09ae\u09be\u09a6\u09c7\u09b0 \u09b8\u09cd\u09a5\u09be\u09a8\u09c0\u09af\u09bc \u099f\u09cd\u09af\u09c1\u09b0 \u0997\u09be\u0987\u09a1\u09c7\u09b0 \u099c\u09a8\u09cd\u09af \u09b8\u09ae\u09cd\u09aa\u09c2\u09b0\u09cd\u09a3 \u09af\u09cb\u0997\u09be\u09af\u09cb\u0997\u09c7\u09b0 \u09a4\u09a5\u09cd\u09af (\u09ab\u09cb\u09a8 \u09a8\u09ae\u09cd\u09ac\u09b0, \u0987\u09ae\u09c7\u09b2 \u09a0\u09bf\u0995\u09be\u09a8\u09be, \u0987\u09a4\u09cd\u09af\u09be\u09a6\u09bf) \u09aa\u09be\u09a0\u09be\u09ac\u0964<\/span><br \/>\nn<\/p>\n<h4><b><i>\u0985\u09a4\u09bf\u09b0\u09bf\u0995\u09cd\u09a4 \u09a4\u09a5\u09cd\u09af \u09a8\u09bf\u09b6\u09cd\u099a\u09bf\u09a4\u0995\u09b0\u09a3 <\/i><\/b><\/h4>\n<p>n<\/p>\n<ol>\nn \t<\/p>\n<li>\u099f\u09bf\u0995\u09bf\u099f \u09b9\u09b2 \u098f\u0987 \u099f\u09cd\u09af\u09c1\u09b0 \u09a6\u09c7\u0993\u09af\u09bc\u09be\u09b0 \u09aa\u09b0 \u09b0\u09b8\u09bf\u09a6\u0964 \u0986\u09aa\u09a8\u09bf \u0986\u09aa\u09a8\u09be\u09b0 \u09ab\u09cb\u09a8\u09c7 \u09aa\u09c7\u09ae\u09c7\u09a8\u09cd\u099f \u09a6\u09c7\u0996\u09be\u09a4\u09c7 \u09aa\u09be\u09b0\u09c7\u09a8\u0964<\/li>\n<p>n \t<\/p>\n<li style=\"font-weight: 400;\"><span style=\"font-weight: 400;\">\u09ae\u09bf\u099f\u09bf\u0982 \u09aa\u09af\u09bc\u09c7\u09a8\u09cd\u099f \u09b0\u09bf\u099c\u09be\u09b0\u09cd\u09ad\u09c7\u09b6\u09a8 \u09aa\u09cd\u09b0\u0995\u09cd\u09b0\u09bf\u09af\u09bc\u09be \u09aa\u09b0\u09c7 \u09aa\u09cd\u09b0\u09be\u09aa\u09cd\u09a4 \u0995\u09b0\u09be \u09b9\u09ac\u09c7.<\/span><\/li>\n<p>n \t<\/p>\n<li style=\"font-weight: 400;\"><span style=\"font-weight: 400;\">\u09b6\u09bf\u09b6\u09c1\u09a6\u09c7\u09b0 \u098f\u0995\u099c\u09a8 \u09aa\u09cd\u09b0\u09be\u09aa\u09cd\u09a4\u09ac\u09af\u09bc\u09b8\u09cd\u0995 \u09a6\u09cd\u09ac\u09be\u09b0\u09be \u09b8\u0982\u09b8\u09b0\u09cd\u0997\u09c0 \u0995\u09b0\u09be \u0986\u09ac\u09b6\u09cd\u09af\u0995.<\/span><\/li>\n<p>n \t<\/p>\n<li style=\"font-weight: 400;\"><span style=\"font-weight: 400;\"> \u09b9\u09c1\u0987\u09b2\u099a\u09c7\u09af\u09bc\u09be\u09b0 \u0985\u09cd\u09af\u09be\u0995\u09cd\u09b8\u09c7\u09b8\u09af\u09cb\u0997\u09cd\u09af \u09a8\u09af\u09bc <\/span><\/li>\n<p>n \t<\/p>\n<li style=\"font-weight: 400;\"><span style=\"font-weight: 400;\">\u09b6\u09bf\u09b6\u09c1\u09a6\u09c7\u09b0 \u0995\u09cb\u09b2\u09c7 \u09ac\u09b8\u09a4\u09c7 \u09b9\u09ac\u09c7 <\/span><\/li>\n<p>n \t<\/p>\n<li style=\"font-weight: 400;\"><span style=\"font-weight: 400;\">\u09aa\u09bf\u09a0\u09c7\u09b0 \u09b8\u09ae\u09b8\u09cd\u09af\u09be \u09b8\u09b9 \u09ad\u09cd\u09b0\u09ae\u09a3\u0995\u09be\u09b0\u09c0\u09a6\u09c7\u09b0 \u099c\u09a8\u09cd\u09af \u09aa\u09cd\u09b0\u09b8\u09cd\u09a4\u09be\u09ac\u09bf\u09a4 \u09a8\u09af\u09bc<\/span><\/li>\n<p>n \t<\/p>\n<li style=\"font-weight: 400;\"><span style=\"font-weight: 400;\">\u0997\u09b0\u09cd\u09ad\u09ac\u09a4\u09c0 \u09ad\u09cd\u09b0\u09ae\u09a3\u0995\u09be\u09b0\u09c0\u09a6\u09c7\u09b0 \u099c\u09a8\u09cd\u09af \u09aa\u09cd\u09b0\u09b8\u09cd\u09a4\u09be\u09ac\u09bf\u09a4 \u09a8\u09af\u09bc <\/span><\/li>\n<p>n \t<\/p>\n<li style=\"font-weight: 400;\"><span style=\"font-weight: 400;\"> \u09b9\u09be\u09b0\u09cd\u099f\u09c7\u09b0 \u09b8\u09ae\u09b8\u09cd\u09af\u09be \u09ac\u09be \u0985\u09a8\u09cd\u09af\u09be\u09a8\u09cd\u09af \u0997\u09c1\u09b0\u09c1\u09a4\u09b0 \u099a\u09bf\u0995\u09bf\u09ce\u09b8\u09be \u09b6\u09b0\u09cd\u09a4 \u09a8\u09c7\u0987 <\/span><\/li>\n<p>n \t<\/p>\n<li style=\"font-weight: 400;\"><span style=\"font-weight: 400;\">\u0985\u09a7\u09bf\u0995\u09be\u0982\u09b6 \u09ad\u09cd\u09b0\u09ae\u09a3\u0995\u09be\u09b0\u09c0 \u0985\u0982\u09b6\u0997\u09cd\u09b0\u09b9\u09a3 \u0995\u09b0\u09a4\u09c7 \u09aa\u09be\u09b0\u09c7\u09a8<\/span><\/li>\n<p>n<\/ol>\n<p>n<\/p>\n<h4><b><i>\u09ac\u09be\u09a4\u09bf\u09b2\u0995\u09b0\u09a3 \u09a8\u09c0\u09a4\u09bf<\/i><\/b><\/h4>\n<p>\u09b8\u09ae\u09cd\u09aa\u09c2\u09b0\u09cd\u09a3 \u0985\u09b0\u09cd\u09a5 \u09ab\u09c7\u09b0\u09a4\u09c7\u09b0 \u099c\u09a8\u09cd\u09af, \u0985\u09a8\u09c1\u0997\u09cd\u09b0\u09b9 \u0995\u09b0\u09c7 \u0986\u09ae\u09be\u09a6\u09c7\u09b0 \u09ac\u09be\u09a4\u09bf\u09b2\u0995\u09b0\u09a3 \u09a8\u09c0\u09a4\u09bf\u0997\u09c1\u09b2\u09bf \u09aa\u09a1\u09bc\u09c1\u09a8\u00a0<a href=\"https:\/\/www.boattoursamana.com\/bn\/%e0%a6%85%e0%a6%a8%e0%a6%b2%e0%a6%be%e0%a6%87%e0%a6%a8-%e0%a6%ac%e0%a7%81%e0%a6%95%e0%a6%bf%e0%a6%82\/\" target=\"_blank\" rel=\"noopener\" data-saferedirecturl=\"https:\/\/www.google.com\/url?q=https:\/\/www.boattoursamana.com\/online-booking\/&amp;source=gmail&amp;ust=1672449202351000&amp;usg=AOvVaw1yAeVAPktmaVCqDujgUn90\">\u098f\u0996\u09be\u09a8\u09c7 \u0995\u09cd\u09b2\u09bf\u0995 \u0995\u09b0\u09c1\u09a8<\/a>. \u099f\u09cd\u09b0\u09bf\u09aa\u09c7\u09b0 \u098f\u0995\u0987 \u09a6\u09bf\u09a8\u09c7 \u09b0\u09bf\u099c\u09be\u09b0\u09cd\u09ad\u09c7\u09b6\u09a8 \u09ac\u09be\u09a4\u09bf\u09b2 \u09b9\u09b2\u09c7 \u09a4\u09b9\u09ac\u09bf\u09b2 \u09a8\u09b7\u09cd\u099f \u09b9\u09ac\u09c7\u0964<\/p>\n\n\t\t<\/div>\n\t<\/div>\n<\/div><\/div><\/div><\/div><div class=\"vc_row wpb_row vc_row-fluid\" ><div class=\"wpb_column vc_column_container vc_col-sm-12\"><div class=\"vc_column-inner\"><div class=\"wpb_wrapper\">\n\t<div class=\"wpb_video_widget wpb_content_element vc_clearfix   vc_video-aspect-ratio-169 vc_video-el-width-100 vc_video-align-left\" >\n\t\t<div class=\"wpb_wrapper\">\n\t\t\t<h2 class=\"wpb_heading wpb_video_heading\">\u09ac\u09cb\u0995\u09be \u09a6\u09c7\u09b2 \u09a1\u09be\u09af\u09bc\u09be\u09ac\u09b2\u09cb \u098f\u09ac\u0982 \u09ab\u09cd\u09b0\u09a8\u09cd\u099f\u09a8 \u09b8\u09c8\u0995\u09a4<\/h2>\n\t\t\t<div class=\"wpb_video_wrapper\"><iframe loading=\"lazy\" title=\"\u09b8\u09be\u09ae\u09be\u09a8\u09be \u0989\u09aa\u09a6\u09cd\u09ac\u09c0\u09aa, \u09a1\u09cb\u09ae\u09bf\u09a8\u09bf\u0995\u09be\u09a8 \u09aa\u09cd\u09b0\u099c\u09be\u09a4\u09a8\u09cd\u09a4\u09cd\u09b0 (DJI \u09ab\u09cd\u09af\u09be\u09a8\u09cd\u099f\u09ae 4 4K)\" width=\"1100\" height=\"619\" src=\"https:\/\/www.youtube.com\/embed\/DYDXVm8Q_iM?feature=oembed\" frameborder=\"0\" allow=\"accelerometer; autoplay; clipboard-write; encrypted-media; gyroscope; picture-in-picture; web-share\" allowfullscreen><\/iframe><\/div>\n\t\t<\/div>\n\t<\/div>\n<\/div><\/div><\/div><\/div><div class=\"vc_row wpb_row vc_row-fluid\" ><\/div><div class=\"wpb_column vc_column_container vc_col-sm-12\"><div class=\"vc_column-inner\"><div class=\"wpb_wrapper\"><\/div><\/div><\/div><div class=\"vc_empty_space\"   style=\"height: 32px\"><span class=\"vc_empty_space_inner\"><\/span><\/div>\n\t<div class=\"wpb_text_column wpb_content_element\" >\n\t\t<div class=\"wpb_wrapper\">\n\t\t\t<p>\nn<br \/>\nn \u0986\u09ae\u09bf \u099f\u09c7\u0995\u09cd\u09b8\u099f \u09ac\u09cd\u09b2\u0995\u0964 \u098f\u0987 \u099f\u09c7\u0995\u09cd\u09b8\u099f \u09aa\u09b0\u09bf\u09ac\u09b0\u09cd\u09a4\u09a8 \u0995\u09b0\u09a4\u09c7 \u09b8\u09ae\u09cd\u09aa\u09be\u09a6\u09a8\u09be \u09ac\u09cb\u09a4\u09be\u09ae \u0995\u09cd\u09b2\u09bf\u0995 \u0995\u09b0\u09c1\u09a8. Lorem ipsum dolor sit amet, consectetur adipiscing elit. Ut elit tellus, luctus nec ullamcorper mattis, pulvinar dapibus leo.<br \/>\nn<br \/>\nn<\/p>\n\n\t\t<\/div>\n\t<\/div>\n<div class=\"vc_empty_space\"   style=\"height: 32px\"><span class=\"vc_empty_space_inner\"><\/span><\/div>","protected":false},"excerpt":{"rendered":"<p>Si est\u00e1 visitando Saman\u00e1 y le gustar\u00eda tener una verdadera experiencia local haciendo senderismo, un viaje en barco m\u00e1s un almuerzo en la playa de Rinc\u00f3n, este es el viaje que necesita hacer. Las 7 playas escondidas de Saman\u00e1 en el \u00e1rea de Las Galeras, donde tambi\u00e9n puede visitar una cueva y tomar excelentes \u09ad\u09bf\u09a1\u09bf\u0993 o fotos para recuerdos incre\u00edbles \u09a6\u09c7\u0996\u09c1\u09a8\u0964 n n \u09a8\u09bf\u09b0\u09cd\u09ac\u09be\u099a\u09a8 \u0995\u09b0\u09c1\u09a8 \u09b2\u09be \u09ab\u09c7\u099a\u09be \u09aa\u09cd\u09af\u09be\u09b0\u09be \u098f\u09b2 \u099f\u09cd\u09af\u09c1\u09b0:\u00a0 &nbsp;<\/p>","protected":false},"author":2,"featured_media":0,"parent":0,"menu_order":0,"comment_status":"open","ping_status":"closed","template":"","meta":{"footnotes":""},"class_list":["post-15830","page","type-page","status-publish","hentry"],"_links":{"self":[{"href":"https:\/\/www.boattoursamana.com\/bn\/wp-json\/wp\/v2\/pages\/15830","targetHints":{"allow":["GET"]}}],"collection":[{"href":"https:\/\/www.boattoursamana.com\/bn\/wp-json\/wp\/v2\/pages"}],"about":[{"href":"https:\/\/www.boattoursamana.com\/bn\/wp-json\/wp\/v2\/types\/page"}],"author":[{"embeddable":true,"href":"https:\/\/www.boattoursamana.com\/bn\/wp-json\/wp\/v2\/users\/2"}],"replies":[{"embeddable":true,"href":"https:\/\/www.boattoursamana.com\/bn\/wp-json\/wp\/v2\/comments?post=15830"}],"version-history":[{"count":0,"href":"https:\/\/www.boattoursamana.com\/bn\/wp-json\/wp\/v2\/pages\/15830\/revisions"}],"wp:attachment":[{"href":"https:\/\/www.boattoursamana.com\/bn\/wp-json\/wp\/v2\/media?parent=15830"}],"curies":[{"name":"wp","href":"https:\/\/api.w.org\/{rel}","templated":true}]}}