{"id":12084,"date":"2021-02-01T10:31:28","date_gmt":"2021-02-01T10:31:28","guid":{"rendered":"https:\/\/www.ticketswhales.com\/?page_id=12084"},"modified":"2021-02-01T10:34:48","modified_gmt":"2021-02-01T10:34:48","slug":"best-whale-watching-company-in-dominican-republic","status":"publish","type":"page","link":"https:\/\/www.boattoursamana.com\/ca\/la-millor-empresa-dobservacio-de-balenes-a-la-republica-dominicana","title":{"rendered":"Millor empresa d&#039;observaci\u00f3 de balenes a la Rep\u00fablica Dominicana"},"content":{"rendered":"<div class=\"vc_row wpb_row vc_row-fluid\" ><div class=\"wpb_column vc_column_container vc_col-sm-12\"><div class=\"vc_column-inner\"><div class=\"wpb_wrapper\"><div class=\"mkdf-section-title-holder\" style=\"text-align: left\">\n\t<div class=\"mkdf-st-inner\">\n\t\t\t\t\t<h5 class=\"mkdf-st-subtitle\" >\n\t\t\t\tAvistament de balenes\t\t\t<\/h5>\n\t\t\t\t\t\t\t<h3 class=\"mkdf-st-title\" >\n\t\t\t\tMillor empresa d&#039;observaci\u00f3 de balenes a Rep\u00fablica Dominicana\t\t\t<\/h3>\n\t\t\t\t\t<\/div>\n<\/div>\n\t<div class=\"wpb_text_column wpb_content_element\" >\n\t\t<div class=\"wpb_wrapper\">\n\t\t\t<p>Una de les millors tarifes a les empreses de ressenyes per a l&#039;observaci\u00f3 de balenes \u00e9s Booking Adventures. Per qu\u00e8? L&#039;\u00fanica empresa amb vaixells privats i horari de canvi flexible o detalls de correcci\u00f3 sobre les opcions de transfer\u00e8ncia privada. Consulta les ressenyes <a href=\"https:\/\/www.tripadvisor.com\/Attraction_Review-g6210316-d15610920-Reviews-Booking_Adventures-Sabana_de_la_Mar_Hato_Mayor_Province_Dominican_Republic.html\" rel=\"noopener\">Aqu\u00ed.\u00a0<\/a><\/p>\n\n\t\t<\/div>\n\t<\/div>\n<div class=\"vc_empty_space\"   style=\"height: 32px\"><span class=\"vc_empty_space_inner\"><\/span><\/div><div class=\"woocommerce columns-4\"><ul class=\"products columns-4\">\n<li class=\"product type-product post-12064 status-publish first instock product_cat-1-samana product_cat-boat-trip-los-haitises product_cat-cano-hondo product_cat-cano-hondo-2021 product_cat-los-haitises-national-park product_cat-natural-pools-los-haitises product_cat-tour-excursion product_cat-tours-excursions product_cat-tours-excursions-whale-watching-samana-bay-dominican-republic product_cat-whale-miches product_cat-whale-sabana-de-la-mar product_cat-whale-samana product_cat-whale-watching product_cat-whale-watching-puerto-plata product_cat-whale-watching-punta-cana product_cat-whale-watching-samana product_cat-whale-watching-samana-bay product_tag-bacardi-island product_tag-cano-hondo product_tag-cayo-levantado product_tag-los-haitises product_tag-samana product_tag-samana-tour product_tag-whale product_tag-whale-punta-cana product_tag-whale-sabana-de-la-mar product_tag-whale-samana product_tag-whale-watching-dominican-republic product_tag-whales-in-samana product_tag-whales-trips has-post-thumbnail sale shipping-taxable product-type-external\">\n\t<div class=\"mkdf-pl-inner\"><div class=\"mkdf-pl-image\"><div class=\"mkdf-pl-text\"><div class=\"mkdf-pl-text-outer\"><div class=\"mkdf-pl-text-inner\"><a href=\"https:\/\/bookingadventures.tours\/booking.php?tour_id=a8609b0dc47afd9765cb567eec23d162\" data-quantity=\"1\" class=\"button wp-element-button product_type_external\" data-product_id=\"12064\" data-product_sku=\"\" aria-label=\"RESERVAR ARA\" rel=\"nofollow noopener\">RESERVAR ARA<\/a><\/div><\/div><\/div><\/div><a href=\"https:\/\/www.boattoursamana.com\/ca\/gira\/excursio-observacio-de-balenes-badia-de-samana-cano-hondo-los-haitises-des-del-port-de-samana-2\" class=\"woocommerce-LoopProduct-link woocommerce-loop-product__link\"><\/a><\/div><div class=\"mkdf-pl-text-wrapper\"><h4 class=\"mkdf-product-list-title\"><a href=\"https:\/\/www.boattoursamana.com\/ca\/gira\/excursio-observacio-de-balenes-badia-de-samana-cano-hondo-los-haitises-des-del-port-de-samana-2\">Excursi\u00f3 Observaci\u00f3 de balenes Badia de Saman\u00e1 + Ca\u00f1o Hondo + Los Haitises des del port de Saman\u00e1<\/a><\/h4>\n\t<span class=\"price\"><del aria-hidden=\"true\"><span class=\"woocommerce-Price-amount amount\"><bdi><span class=\"woocommerce-Price-currencySymbol\">&#36;<\/span>195.00<\/bdi><\/span><\/del> <ins><span class=\"woocommerce-Price-amount amount\"><bdi><span class=\"woocommerce-Price-currencySymbol\">&#36;<\/span>140.00<\/bdi><\/span><\/ins><\/span>\n<\/div><\/li><li class=\"product type-product post-12043 status-publish instock product_cat-1-puerto-plata product_cat-1-samana product_cat-puerto-plata-2021 product_cat-tours-excursions product_cat-tours-excursions-whale-watching-samana-bay-dominican-republic product_cat-whale-miches product_cat-whale-sabana-de-la-mar product_cat-whale-samana product_cat-whale-watching product_cat-whale-watching-puerto-plata product_cat-whale-watching-punta-cana product_tag-samana product_tag-samana-tour product_tag-whale product_tag-whale-punta-cana product_tag-whale-sabana-de-la-mar product_tag-whale-samana product_tag-whale-watching-dominican-republic product_tag-whales-trips has-post-thumbnail sale shipping-taxable product-type-external\">\n\t<div class=\"mkdf-pl-inner\"><div class=\"mkdf-pl-image\"><div class=\"mkdf-pl-text\"><div class=\"mkdf-pl-text-outer\"><div class=\"mkdf-pl-text-inner\"><a href=\"https:\/\/bookingadventures.tours\/booking.php?tour_id=381616b316c12dad6e9924dbbde497b4\" data-quantity=\"1\" class=\"button wp-element-button product_type_external\" data-product_id=\"12043\" data-product_sku=\"\" aria-label=\"RESERVAR ARA\" rel=\"nofollow noopener\">RESERVAR ARA<\/a><\/div><\/div><\/div><\/div><a href=\"https:\/\/www.boattoursamana.com\/ca\/gira\/excursio-observacio-de-balenes-samana-bay-cayo-levantado-des-de-puerto-plata-transport-privat\" class=\"woocommerce-LoopProduct-link woocommerce-loop-product__link\"><\/a><\/div><div class=\"mkdf-pl-text-wrapper\"><h4 class=\"mkdf-product-list-title\"><a href=\"https:\/\/www.boattoursamana.com\/ca\/gira\/excursio-observacio-de-balenes-samana-bay-cayo-levantado-des-de-puerto-plata-transport-privat\">Excursi\u00f3 Observaci\u00f3 de balenes a la badia de Saman\u00e1 + Cayo Levantado des de Puerto Plata (transport privat)<\/a><\/h4>\n\t<span class=\"price\"><del aria-hidden=\"true\"><span class=\"woocommerce-Price-amount amount\"><bdi><span class=\"woocommerce-Price-currencySymbol\">&#36;<\/span>160.00<\/bdi><\/span><\/del> <ins><span class=\"woocommerce-Price-amount amount\"><bdi><span class=\"woocommerce-Price-currencySymbol\">&#36;<\/span>137.99<\/bdi><\/span><\/ins><\/span>\n<\/div><\/li><li class=\"product type-product post-9395 status-publish instock product_cat-tours-excursions-samana-bay-dominican-republic product_cat-1-samana product_cat-half-day-whale-watching-samana-in-catamaran product_cat-whale-watching-samana product_tag-half-day-whale-watching-samana-in-catamaran-morning-or-afternoon product_tag-private-tours-samana product_tag-samana-whale-watching product_tag-whale-samana product_tag-whale-tours product_tag-whale-watching-dominican-republic product_tag-whale-watching-las-galeras product_tag-whale-watching-las-terrenas product_tag-whale-watching-samana has-post-thumbnail sale shipping-taxable product-type-external\">\n\t<div class=\"mkdf-pl-inner\"><div class=\"mkdf-pl-image\"><div class=\"mkdf-pl-text\"><div class=\"mkdf-pl-text-outer\"><div class=\"mkdf-pl-text-inner\"><a href=\"https:\/\/bookingadventures.tours\/booking.php?tour_id=951358329cd315ed50468dc2c60a5a18\" data-quantity=\"1\" class=\"button wp-element-button product_type_external\" data-product_id=\"9395\" data-product_sku=\"\" aria-label=\"RESERVAR ARA\" rel=\"nofollow noopener\">RESERVAR ARA<\/a><\/div><\/div><\/div><\/div><a href=\"https:\/\/www.boattoursamana.com\/ca\/gira\/mig-dia-observacio-de-balenes-samana-en-catamara-mati-o-tarda\" class=\"woocommerce-LoopProduct-link woocommerce-loop-product__link\"><\/a><\/div><div class=\"mkdf-pl-text-wrapper\"><div class=\"mkdf-pl-rating-holder\"><\/div><h4 class=\"mkdf-product-list-title\"><a href=\"https:\/\/www.boattoursamana.com\/ca\/gira\/mig-dia-observacio-de-balenes-samana-en-catamara-mati-o-tarda\">Mig dia d&#039;observaci\u00f3 de balenes Saman\u00e1 en catamar\u00e0-Mat\u00ed<\/a><\/h4>\n\t<span class=\"price\"><del aria-hidden=\"true\"><span class=\"woocommerce-Price-amount amount\"><bdi><span class=\"woocommerce-Price-currencySymbol\">&#36;<\/span>65.00<\/bdi><\/span><\/del> <ins><span class=\"woocommerce-Price-amount amount\"><bdi><span class=\"woocommerce-Price-currencySymbol\">&#36;<\/span>64.50<\/bdi><\/span><\/ins><\/span>\n<\/div><\/li><li class=\"product type-product post-9228 status-publish last instock product_cat-tours-excursions-samana-bay-dominican-republic product_cat-1-samana product_cat-whale-watching-private-tours product_cat-whale-watching-samana product_tag-bacardi-island product_tag-cayo-levantado-day-pass product_tag-private-tours-samana product_tag-samana-tours product_tag-samana-whale product_tag-samana-whale-watching product_tag-samana-whale-watching-excursions product_tag-whale-samana product_tag-whale-watching product_tag-whale-watching-2020 product_tag-whale-watching-dominican-republic has-post-thumbnail sale shipping-taxable product-type-external\">\n\t<div class=\"mkdf-pl-inner\"><div class=\"mkdf-pl-image\"><div class=\"mkdf-pl-text\"><div class=\"mkdf-pl-text-outer\"><div class=\"mkdf-pl-text-inner\"><a href=\"https:\/\/bookingadventures.tours\/booking.php?tour_id=ca38c1361b978f1cbced1eaddcec5b99\" data-quantity=\"1\" class=\"button wp-element-button product_type_external\" data-product_id=\"9228\" data-product_sku=\"\" aria-label=\"RESERVAR ARA\" rel=\"nofollow noopener\">RESERVAR ARA<\/a><\/div><\/div><\/div><\/div><a href=\"https:\/\/www.boattoursamana.com\/ca\/gira\/cayo-levantado-observacio-de-balenes-des-de-port-samana-excursio-privada-en-vaixell\" class=\"woocommerce-LoopProduct-link woocommerce-loop-product__link\"><\/a><\/div><div class=\"mkdf-pl-text-wrapper\"><div class=\"mkdf-pl-rating-holder\"><\/div><h4 class=\"mkdf-product-list-title\"><a href=\"https:\/\/www.boattoursamana.com\/ca\/gira\/cayo-levantado-observacio-de-balenes-des-de-port-samana-excursio-privada-en-vaixell\">Excursi\u00f3 privada Observaci\u00f3 de balenes a Saman\u00e1 + Cayo Levantado (illa Bacardi) des del port de Saman\u00e1<\/a><\/h4>\n\t<span class=\"price\"><del aria-hidden=\"true\"><span class=\"woocommerce-Price-amount amount\"><bdi><span class=\"woocommerce-Price-currencySymbol\">&#36;<\/span>99.00<\/bdi><\/span><\/del> <ins><span class=\"woocommerce-Price-amount amount\"><bdi><span class=\"woocommerce-Price-currencySymbol\">&#36;<\/span>90.00<\/bdi><\/span><\/ins><\/span>\n<\/div><\/li><li class=\"product type-product post-12004 status-publish first instock product_cat-1-punta-cana product_cat-1-samana product_cat-cap-cana-whale-watching product_cat-outdoor-activities product_cat-punta-cana-private-tours product_cat-punta-cana-whale-watching product_cat-water-activities product_cat-whale-watching product_cat-whale-watching-private-tours product_cat-whale-watching-punta-cana product_tag-day-trip-punta-cana product_tag-private-punta-cana product_tag-punta-cana-whale-watching product_tag-samana product_tag-samana-tour product_tag-samana-whale-watching product_tag-whale product_tag-whale-punta-cana product_tag-whale-sabana-de-la-mar product_tag-whale-samana product_tag-whale-watching-dominican-republic product_tag-whale-watching-punta-cana product_tag-whales-trips has-post-thumbnail sale sold-individually shipping-taxable product-type-external\">\n\t<div class=\"mkdf-pl-inner\"><div class=\"mkdf-pl-image\"><div class=\"mkdf-pl-text\"><div class=\"mkdf-pl-text-outer\"><div class=\"mkdf-pl-text-inner\"><a href=\"https:\/\/bookingadventures.tours\/booking.php?tour_id=6ed21424a849c63fc6398949d1f80266\" data-quantity=\"1\" class=\"button wp-element-button product_type_external\" data-product_id=\"12004\" data-product_sku=\"\" aria-label=\"RESERVAR ARA\" rel=\"nofollow noopener\">RESERVAR ARA<\/a><\/div><\/div><\/div><\/div><a href=\"https:\/\/www.boattoursamana.com\/ca\/gira\/excursio-avistament-balenes-cayo-levantado-des-cap-cana-visita-privada\" class=\"woocommerce-LoopProduct-link woocommerce-loop-product__link\"><\/a><\/div><div class=\"mkdf-pl-text-wrapper\"><h4 class=\"mkdf-product-list-title\"><a href=\"https:\/\/www.boattoursamana.com\/ca\/gira\/excursio-avistament-balenes-cayo-levantado-des-cap-cana-visita-privada\">Punta Cana \/ Cap Cana: Excursi\u00f3 Observaci\u00f3 de balenes + Cayo Levantado (Visita privada)<\/a><\/h4>\n\t<span class=\"price\"><del aria-hidden=\"true\"><span class=\"woocommerce-Price-amount amount\"><bdi><span class=\"woocommerce-Price-currencySymbol\">&#36;<\/span>160.00<\/bdi><\/span><\/del> <ins><span class=\"woocommerce-Price-amount amount\"><bdi><span class=\"woocommerce-Price-currencySymbol\">&#36;<\/span>150.00<\/bdi><\/span><\/ins><\/span>\n<\/div><\/li><li class=\"product type-product post-9912 status-publish instock product_cat-fees-entrace product_cat-1-punta-cana product_cat-1-samana product_cat-el-limon-horseback-riding product_cat-el-limon-punta-cana product_cat-punta-cana-group-tours product_cat-punta-cana-samana-day-trips product_cat-punta-cana-whale-watching product_cat-whale-watching-punta-cana product_tag-631 product_tag-bacardi-island product_tag-cayo-levantado-day-pass product_tag-cheap-punta-cana-excursions product_tag-day-trip-punta-cana product_tag-el-limon-waterfall-and-bacardi-island-tour-from-punta-cana product_tag-half-day-whale-watching-miches product_tag-limon-from-punta-cana product_tag-private-tours-samana product_tag-punta-cana product_tag-punta-cana-activities product_tag-punta-cana-tours product_tag-samana-bay product_tag-samana-day-trip product_tag-samana-day-trip-from-punta-cana product_tag-samana-whale-watching product_tag-waterfalls-punta-cana product_tag-whale-punta-cana product_tag-whale-samana product_tag-whale-watching-2020 product_tag-whale-watching-2020-in-punta-cana-to-samana-bay-cayo-levantado-bacardi-island-from-hotels product_tag-whale-watching-dominican-republic product_tag-whale-watching-punta-cana has-post-thumbnail sale shipping-taxable product-type-external\">\n\t<div class=\"mkdf-pl-inner\"><div class=\"mkdf-pl-image\"><div class=\"mkdf-pl-text\"><div class=\"mkdf-pl-text-outer\"><div class=\"mkdf-pl-text-inner\"><a href=\"https:\/\/bookingadventures.tours\/booking.php?tour_id=01ff052b441a674729c1b831875aa68f\" data-quantity=\"1\" class=\"button wp-element-button product_type_external\" data-product_id=\"9912\" data-product_sku=\"\" aria-label=\"RESERVAR ARA\" rel=\"nofollow noopener\">RESERVAR ARA<\/a><\/div><\/div><\/div><\/div><a href=\"https:\/\/www.boattoursamana.com\/ca\/gira\/samana-whale-watching-cayo-levantado-illa-bacardi-cascades-de-limon-des-hotels-punta-cana\" class=\"woocommerce-LoopProduct-link woocommerce-loop-product__link\"><\/a><\/div><div class=\"mkdf-pl-text-wrapper\"><h4 class=\"mkdf-product-list-title\"><a href=\"https:\/\/www.boattoursamana.com\/ca\/gira\/samana-whale-watching-cayo-levantado-illa-bacardi-cascades-de-limon-des-hotels-punta-cana\">Punta Cana: Observaci\u00f3 de balenes de Saman\u00e1 + Cayo Levantado (illa Bacardi) + Cascades de Lim\u00f3n<\/a><\/h4>\n\t<span class=\"price\"><del aria-hidden=\"true\"><span class=\"woocommerce-Price-amount amount\"><bdi><span class=\"woocommerce-Price-currencySymbol\">&#36;<\/span>169.00<\/bdi><\/span><\/del> <ins><span class=\"woocommerce-Price-amount amount\"><bdi><span class=\"woocommerce-Price-currencySymbol\">&#36;<\/span>130.00<\/bdi><\/span><\/ins><\/span>\n<\/div><\/li><li class=\"product type-product post-9218 status-publish instock product_cat-tours-excursions-samana-bay-dominican-republic product_cat-whale-watching-miches product_tag-miches-whale-watching product_tag-samana-dominican-republic product_tag-samana-whale-watching product_tag-samana-whale-watching-price product_tag-things-to-do-in-dominican-republic product_tag-whale-samana product_tag-whale-watching-dominican-republic product_tag-whale-watching-miches product_tag-whale-watching-miches-dominican-republic product_tag-when-to-see-whales-dominican-republic has-post-thumbnail sale shipping-taxable product-type-external\">\n\t<div class=\"mkdf-pl-inner\"><div class=\"mkdf-pl-image\"><div class=\"mkdf-pl-text\"><div class=\"mkdf-pl-text-outer\"><div class=\"mkdf-pl-text-inner\"><a href=\"\" data-quantity=\"1\" class=\"button wp-element-button product_type_external\" data-product_id=\"9218\" data-product_sku=\"\" aria-label=\"Compra \u201cSaman\u00e1 Cayo Levantado (Bacardi Island) and Whale Watching from Miches in Catamaran\u201d\" rel=\"nofollow\" data-no-translation=\"\" data-trp-gettext=\"\" data-no-translation-aria-label=\"\">Compra el producte<\/a><\/div><\/div><\/div><\/div><a href=\"https:\/\/www.boattoursamana.com\/ca\/gira\/samana-cayo-levantado-illa-bacardi-i-observacio-de-balenes-des-miches-en-catamara-2\" class=\"woocommerce-LoopProduct-link woocommerce-loop-product__link\"><\/a><\/div><div class=\"mkdf-pl-text-wrapper\"><div class=\"mkdf-pl-rating-holder\"><\/div><h4 class=\"mkdf-product-list-title\"><a href=\"https:\/\/www.boattoursamana.com\/ca\/gira\/samana-cayo-levantado-illa-bacardi-i-observacio-de-balenes-des-miches-en-catamara-2\">Saman\u00e1 Cayo Levantado (illa Bacard\u00ed) i Observaci\u00f3 de balenes des de Miches en catamar\u00e0<\/a><\/h4>\n\t<span class=\"price\"><del aria-hidden=\"true\"><span class=\"woocommerce-Price-amount amount\"><bdi><span class=\"woocommerce-Price-currencySymbol\">&#36;<\/span>95.00<\/bdi><\/span><\/del> <ins><span class=\"woocommerce-Price-amount amount\"><bdi><span class=\"woocommerce-Price-currencySymbol\">&#36;<\/span>85.00<\/bdi><\/span><\/ins><\/span>\n<\/div><\/li><li class=\"product type-product post-9913 status-publish last instock product_cat-fees-entrace product_cat-1-samana product_cat-whale-watching-samana product_tag-631 product_tag-bacardi-island product_tag-cayo-levantado-day-pass product_tag-cheap-punta-cana-excursions product_tag-el-limon-waterfall-and-bacardi-island-tour-from-punta-cana product_tag-half-day-whale-watching-las-terrenas product_tag-las-terrenas product_tag-las-terrenas-excursions product_tag-las-terrenas-whale-watching product_tag-limon-from-punta-cana product_tag-private-tours-samana product_tag-samana-bay product_tag-samana-day-trip product_tag-samana-whale-watching product_tag-whale-las-terrenas product_tag-whale-samana product_tag-whale-watching-2020 product_tag-whale-watching-dominican-republic product_tag-whale-watching-trips-las-terrenas has-post-thumbnail sale sold-individually shipping-taxable product-type-external\">\n\t<div class=\"mkdf-pl-inner\"><div class=\"mkdf-pl-image\"><div class=\"mkdf-pl-text\"><div class=\"mkdf-pl-text-outer\"><div class=\"mkdf-pl-text-inner\"><a href=\"https:\/\/bookingadventures.tours\/booking.php?tour_id=1fac9dad475945457a173ae31c2897d2\" data-quantity=\"1\" class=\"button wp-element-button product_type_external\" data-product_id=\"9913\" data-product_sku=\"\" aria-label=\"RESERVAR ARA\" rel=\"nofollow noopener\">RESERVAR ARA<\/a><\/div><\/div><\/div><\/div><a href=\"https:\/\/www.boattoursamana.com\/ca\/gira\/samana-whale-watching-des-hotels-las-terrenas-viaja-de-mig-dia-per-observar-whale-watching-2\" class=\"woocommerce-LoopProduct-link woocommerce-loop-product__link\"><\/a><\/div><div class=\"mkdf-pl-text-wrapper\"><h4 class=\"mkdf-product-list-title\"><a href=\"https:\/\/www.boattoursamana.com\/ca\/gira\/samana-whale-watching-des-hotels-las-terrenas-viaja-de-mig-dia-per-observar-whale-watching-2\">Observaci\u00f3 de balenes de Saman\u00e1 des dels hotels de Las Terrenas. Excursi\u00f3 de mig dia per a l&#039;observaci\u00f3 de balenes.<\/a><\/h4>\n\t<span class=\"price\"><del aria-hidden=\"true\"><span class=\"woocommerce-Price-amount amount\"><bdi><span class=\"woocommerce-Price-currencySymbol\">&#36;<\/span>100.00<\/bdi><\/span><\/del> <ins><span class=\"woocommerce-Price-amount amount\"><bdi><span class=\"woocommerce-Price-currencySymbol\">&#36;<\/span>79.99<\/bdi><\/span><\/ins><\/span>\n<\/div><\/li><li class=\"product type-product post-8984 status-publish first instock product_cat-tours-excursions-samana-bay-dominican-republic product_cat-1-samana product_cat-tours-and-excursions product_cat-w product_cat-whale-watching-samana product_tag-bacardi-island product_tag-best-time-for-whale-watching-in-punta-cana product_tag-cayo-levantado product_tag-dominican-republic product_tag-las-galeras product_tag-las-terrenas product_tag-samana product_tag-samana-bay product_tag-samana-excursions product_tag-samana-tours product_tag-samana-whale-watching product_tag-samana-whale-watching-price product_tag-samana-whale-watching-season product_tag-whale-samana product_tag-whale-tours product_tag-whale-watching-dominican-republic product_tag-whale-watching-excursion product_tag-whale-watching-samana has-post-thumbnail sold-individually shipping-taxable product-type-external\">\n\t<div class=\"mkdf-pl-inner\"><div class=\"mkdf-pl-image\"><div class=\"mkdf-pl-text\"><div class=\"mkdf-pl-text-outer\"><div class=\"mkdf-pl-text-inner\"><a href=\"https:\/\/bookingadventures.tours\/booking.php?tour_id=bca652950c86d0e3def5bdf6893c5721\" data-quantity=\"1\" class=\"button wp-element-button product_type_external\" data-product_id=\"8984\" data-product_sku=\"\" aria-label=\"RESERVAR ARA\" rel=\"nofollow noopener\">RESERVAR ARA<\/a><\/div><\/div><\/div><\/div><a href=\"https:\/\/www.boattoursamana.com\/ca\/gira\/samana-whale-watching-cayo-levantado\" class=\"woocommerce-LoopProduct-link woocommerce-loop-product__link\"><\/a><\/div><div class=\"mkdf-pl-text-wrapper\"><div class=\"mkdf-pl-rating-holder\"><\/div><h4 class=\"mkdf-product-list-title\"><a href=\"https:\/\/www.boattoursamana.com\/ca\/gira\/samana-whale-watching-cayo-levantado\">Saman\u00e1: Cayo Levantado i observaci\u00f3 de balenes<\/a><\/h4>\n\t<span class=\"price\"><span class=\"woocommerce-Price-amount amount\"><bdi><span class=\"woocommerce-Price-currencySymbol\">&#36;<\/span>45.00<\/bdi><\/span><\/span>\n<\/div><\/li><li class=\"product type-product post-9717 status-publish instock product_cat-tours-excursions-punta-cana-dominican-republic product_cat-1-punta-cana product_cat-punta-cana-group-tours product_cat-punta-cana-whale-watching product_cat-tours-excursions-samana-bay-dominican-republic product_cat-whale-watching-punta-cana product_tag-631 product_tag-bacardi-island product_tag-cayo-levantado-day-pass product_tag-cheap-punta-cana-excursions product_tag-day-trip-punta-cana product_tag-half-day-whale-watching-miches product_tag-private-tours-samana product_tag-punta-cana product_tag-punta-cana-activities product_tag-punta-cana-tours product_tag-samana-bay product_tag-samana-day-trip product_tag-samana-day-trip-from-punta-cana product_tag-samana-whale-watching product_tag-whale-punta-cana product_tag-whale-samana product_tag-whale-watching-2020 product_tag-whale-watching-2020-in-punta-cana-to-samana-bay-cayo-levantado-bacardi-island-from-hotels product_tag-whale-watching-dominican-republic product_tag-whale-watching-punta-cana has-post-thumbnail sale sold-individually shipping-taxable product-type-external\">\n\t<div class=\"mkdf-pl-inner\"><div class=\"mkdf-pl-image\"><div class=\"mkdf-pl-text\"><div class=\"mkdf-pl-text-outer\"><div class=\"mkdf-pl-text-inner\"><a href=\"https:\/\/bookingadventures.tours\/booking.php?tour_id=12bda3a0265d54c1fc45afafb62ebef0\" data-quantity=\"1\" class=\"button wp-element-button product_type_external\" data-product_id=\"9717\" data-product_sku=\"\" aria-label=\"RESERVAR ARA\" rel=\"nofollow noopener\">RESERVAR ARA<\/a><\/div><\/div><\/div><\/div><a href=\"https:\/\/www.boattoursamana.com\/ca\/gira\/observacio-de-balenes-a-punta-cana-a-samana-bay-cayo-levantado-illa-bacardi-des-hotels\" class=\"woocommerce-LoopProduct-link woocommerce-loop-product__link\"><\/a><\/div><div class=\"mkdf-pl-text-wrapper\"><div class=\"mkdf-pl-rating-holder\"><\/div><h4 class=\"mkdf-product-list-title\"><a href=\"https:\/\/www.boattoursamana.com\/ca\/gira\/observacio-de-balenes-a-punta-cana-a-samana-bay-cayo-levantado-illa-bacardi-des-hotels\">Observaci\u00f3 de balenes a Punta Cana \/ Cap Cana fins a la badia de Saman\u00e1 + Cayo Levantado (illa Bacardi) des dels hotels.<\/a><\/h4>\n\t<span class=\"price\"><del aria-hidden=\"true\"><span class=\"woocommerce-Price-amount amount\"><bdi><span class=\"woocommerce-Price-currencySymbol\">&#36;<\/span>125.00<\/bdi><\/span><\/del> <ins><span class=\"woocommerce-Price-amount amount\"><bdi><span class=\"woocommerce-Price-currencySymbol\">&#36;<\/span>119.99<\/bdi><\/span><\/ins><\/span>\n<\/div><\/li><\/ul>\n<\/div><\/div><\/div><\/div><\/div>","protected":false},"excerpt":{"rendered":"Whale Watching Best Whale Watching company in Dominican Republic One of the Best rates in Reviews Companies for Whale Watching is Booking Adventures. Why?\u00a0 The only company with Private Boats and flexible changing time or Fixing details about\u00a0 Private transfer options. Check Reviews Here.\u00a0 BOOK NOWExcursion Whale Watching Saman\u00e1 Bay + Ca\u00f1o Hondo + Los Haitises from Saman\u00e1 port &#36;195.00 &#36;140.00 BOOK NOWExcursion Whale Watching Saman\u00e1 bay + Cayo Levantado from Puerto Plata (Private Transportation) &#36;160.00 &#36;137.99 BOOK NOWHalf Day [...]","protected":false},"author":2,"featured_media":12071,"parent":0,"menu_order":0,"comment_status":"closed","ping_status":"closed","template":"","meta":{"footnotes":""},"class_list":["post-12084","page","type-page","status-publish","has-post-thumbnail","hentry"],"_links":{"self":[{"href":"https:\/\/www.boattoursamana.com\/ca\/wp-json\/wp\/v2\/pages\/12084","targetHints":{"allow":["GET"]}}],"collection":[{"href":"https:\/\/www.boattoursamana.com\/ca\/wp-json\/wp\/v2\/pages"}],"about":[{"href":"https:\/\/www.boattoursamana.com\/ca\/wp-json\/wp\/v2\/types\/page"}],"author":[{"embeddable":true,"href":"https:\/\/www.boattoursamana.com\/ca\/wp-json\/wp\/v2\/users\/2"}],"replies":[{"embeddable":true,"href":"https:\/\/www.boattoursamana.com\/ca\/wp-json\/wp\/v2\/comments?post=12084"}],"version-history":[{"count":0,"href":"https:\/\/www.boattoursamana.com\/ca\/wp-json\/wp\/v2\/pages\/12084\/revisions"}],"wp:featuredmedia":[{"embeddable":true,"href":"https:\/\/www.boattoursamana.com\/ca\/wp-json\/wp\/v2\/media\/12071"}],"wp:attachment":[{"href":"https:\/\/www.boattoursamana.com\/ca\/wp-json\/wp\/v2\/media?parent=12084"}],"curies":[{"name":"wp","href":"https:\/\/api.w.org\/{rel}","templated":true}]}}