{"id":15744,"date":"2023-07-15T07:42:45","date_gmt":"2023-07-15T07:42:45","guid":{"rendered":"https:\/\/www.ticketswhales.com\/los-haitises-national-park-playa-el-rincon-beach\/"},"modified":"2023-07-15T07:42:45","modified_gmt":"2023-07-15T07:42:45","slug":"los-haitises-national-park-playa-el-rincon-beach","status":"publish","type":"page","link":"https:\/\/www.boattoursamana.com\/ca\/els-haitises-national-park-playa-el-rincon-beach-2","title":{"rendered":"Parc Nacional Los Haitises + Platja el Rinc\u00f3n"},"content":{"rendered":"<p>Parc Nacional Los Haitises i Platja El Rinc\u00f3n amb Dinar a la platja. Vine amb nosaltres i visita el parc nacional m\u00e9s bonic de la Rep\u00fablica Dominicana, visitant manglars, coves i badia de San Lorenzo. Despr\u00e9s de tornar al port de Saman\u00e1 per fer un viatge privat a la platja El Rinc\u00f3n amb dinar a la platja.<br \/>\nn<br \/>\nnGet your tickets with offers here&#8230;<br \/>\nn<br \/>\nn&nbsp;<br \/>\nn<br \/>\nn<strong>Seleccioneu la data per al Tour\u00a0<\/strong><\/p>\n<p>&nbsp;<\/p>\n<div class=\"vc_row wpb_row vc_row-fluid\" ><div class=\"wpb_column vc_column_container vc_col-sm-12\"><div class=\"vc_column-inner\"><div class=\"wpb_wrapper\"><div class=\"mkdf-section-title-holder\" style=\"text-align: left\">\n\t<div class=\"mkdf-st-inner\">\n\t\t\t\t\t<h5 class=\"mkdf-st-subtitle\" >\n\t\t\t\tCoves, manglars, dinar i bany a la platja\t\t\t<\/h5>\n\t\t\t\t\t\t\t<h3 class=\"mkdf-st-title\" >\n\t\t\t\tParc Nacional Los Haitises + Platja el Rinc\u00f3n\t\t\t<\/h3>\n\t\t\t\t\t<\/div>\n<\/div><div class=\"vc_btn3-container vc_btn3-inline\" ><button class=\"vc_general vc_btn3 vc_btn3-size-md vc_btn3-shape-rounded vc_btn3-style-modern vc_btn3-color-green\">RESERVAR ARA<\/button><\/div><\/div><\/div><\/div><\/div><div class=\"vc_row wpb_row vc_row-fluid\" ><div class=\"wpb_column vc_column_container vc_col-sm-12\"><div class=\"vc_column-inner\"><div class=\"wpb_wrapper\">\n\t<div class=\"wpb_text_column wpb_content_element\" >\n\t\t<div class=\"wpb_wrapper\">\n\t\t\t<p>\nn<\/p>\n<h4><b><i>Visi\u00f3 general <\/i><\/b><\/h4>\n<p>Parc Nacional Los Haitises i Platja El Rinc\u00f3n amb Dinar a la platja. Vine amb nosaltres i visita el parc nacional m\u00e9s bonic de la Rep\u00fablica Dominicana, visitant manglars, coves i badia de San Lorenzo. Despr\u00e9s de tornar al port de Saman\u00e1 per fer un viatge privat a la platja El Rinc\u00f3n amb dinar a la platja.<br \/>\nn<br \/>\nDespr\u00e9s d&#039;aquesta experi\u00e8ncia, tindreu el vostre temps a la platja i un dinar local a la platja.<br \/>\nn<\/p>\n<ul>\nn \t<\/p>\n<li style=\"font-weight: 400;\"><span style=\"font-weight: 400;\">Inclou dinar bufet a la platja <\/span><\/li>\n<p>n \t<\/p>\n<li style=\"font-weight: 400;\">Tarifes incloses<\/li>\n<p>n \t<\/p>\n<li style=\"font-weight: 400;\"><span style=\"font-weight: 400;\">La guia proporciona instrucci\u00f3 i supervisi\u00f3<\/span><\/li>\n<p>n<\/ul>\n<p>n&nbsp;<br \/>\nn<\/p>\n<h4><b>Inclusions i exclusions<\/b><\/h4>\n<p>n&nbsp;<br \/>\nn<br \/>\nn<b>Inclusions<\/b><br \/>\nn<\/p>\n<ol>\nn \t<\/p>\n<li style=\"font-weight: 400;\"><span style=\"font-weight: 400;\">\u00a0dinar a la platja<\/span><\/li>\n<p>n \t<\/p>\n<li style=\"font-weight: 400;\">Tour Los Haitises + Platja El Rinc\u00f3n<\/li>\n<p>n \t<\/p>\n<li style=\"font-weight: 400;\"><span style=\"font-weight: 400;\">Tots els impostos, taxes i despeses de gesti\u00f3<\/span><\/li>\n<p>n \t<\/p>\n<li style=\"font-weight: 400;\"><span style=\"font-weight: 400;\">Impostos locals<\/span><\/li>\n<p>n \t<\/p>\n<li style=\"font-weight: 400;\"><span style=\"font-weight: 400;\">Begudes<\/span><\/li>\n<p>n \t<\/p>\n<li style=\"font-weight: 400;\"><span style=\"font-weight: 400;\">Totes les activitats<\/span><\/li>\n<p>n \t<\/p>\n<li style=\"font-weight: 400;\"><span style=\"font-weight: 400;\">Guia local<\/span><\/li>\n<p>n<\/ol>\n<p>n<b> Exclusions<\/b><br \/>\nn<\/p>\n<ol>\nn \t<\/p>\n<li style=\"font-weight: 400;\"><span style=\"font-weight: 400;\">Propostes<\/span><\/li>\n<p>n \t<\/p>\n<li style=\"font-weight: 400;\"><span style=\"font-weight: 400;\">Transfer\u00e8ncia<\/span><\/li>\n<p>n \t<\/p>\n<li style=\"font-weight: 400;\"><span style=\"font-weight: 400;\">Begudes alcoh\u00f2liques<\/span><\/li>\n<p>n<\/ol>\n<p>n&nbsp;<br \/>\nn<\/p>\n<h4><em><strong>Sortida i tornada<\/strong><\/em><\/h4>\n<p>n<span style=\"font-weight: 400;\">El viatger obtindr\u00e0 un punt de trobada despr\u00e9s del proc\u00e9s de reserva. Les visites comencen i acaben als nostres punts de trobada.<\/span><br \/>\nn<br \/>\nn&nbsp;<br \/>\nn<\/p>\n<h4><b><i>Qu\u00e8 esperar?<\/i><\/b><\/h4>\n<p>n&nbsp;<br \/>\nn<br \/>\nn<em><strong>Aconsegueix les teves entrades<\/strong><\/em> per visitar el Parc Nacional Los Haitises amb un meravell\u00f3s dinar a la Platja El Rinc\u00f3n.<br \/>\nn<br \/>\nn<span style=\"font-weight: 400;\">El recorregut, organitzat per \u201cBooking Adventures\u201d, comen\u00e7a al punt de trobada establert amb el Guia Tur\u00edstic.<\/span><br \/>\nn<\/p>\n<div class=\"teaser-description\">Fes una excursi\u00f3 en vaixell per la badia de Saman\u00e0 per visitar el parc nacional de Los Haitises, passant per manglars, passant per antigues coves pirates i endinsant-te en boscos protegits en aquesta pintoresca reserva.<\/div>\n<p>n<\/p>\n<div class=\"body-description secondary\">\nn<br \/>\nn Vine amb Booking Adventures i comen\u00e7a a comprovar alguns manglars plens d&#039;ocells, turons ondulats de vegetaci\u00f3 exuberant i coves de <em><strong>Parc Nacional Los Haitises<\/strong><\/em>. Excursi\u00f3 en vaixell des del port de Saman\u00e0.<br \/>\nn<br \/>\nEl nom del parc nacional prov\u00e9 dels seus habitants originals, els indis ta\u00efnos. En el seu idioma, &quot;Haitises&quot; es tradueix a les terres altes o turons, una refer\u00e8ncia a les escarpades formacions geol\u00f2giques de la costa amb calc\u00e0ries. Endinsa&#039;t m\u00e9s al parc per explorar coves com la <em><strong>Cueva de la Arena<\/strong><\/em> i <strong><em>Cueva de la L\u00cdnea.<\/em><\/strong> Les coves de la reserva van ser utilitzades com a refugi pels indis ta\u00efnos i, m\u00e9s tard, pels pirates amagats. Busca dibuixos d&#039;indis que decoren algunes de les parets.<br \/>\nn<br \/>\nDespr\u00e9s de visitar el Parc Nacional Los Haitises agafarem el vaixell i passarem pels manglars i desembarcarem a la badia oberta de San Lorenzo directament fins al port de Saman\u00e1. Al port de Saman\u00e1, agafem el nostre transport privat a la platja del Rinc\u00f3n per dinar.<br \/>\nn<br \/>\nEl dinar ser\u00e0 delici\u00f3s per\u00f2 encara no hem acabat. Despr\u00e9s de dinar, tindreu temps per gaudir de la platja o simplement seure a l&#039;ombra i gaudir de Pi\u00f1a Colada o Coco Loco en un dels bars t\u00edpics dominicans. Al voltant de les 16:30 sortida de la platja i tornada a Saman\u00e1.<br \/>\nn<br \/>\nn<\/div>\n<p>Dinar a la platja i pots quedar-te tot el temps que vulguis nedant. S&#039;ofereixen peixos frites i tostones! Si ets veg\u00e0 tamb\u00e9 et podem preparar una mica de menjar.<br \/>\nn<br \/>\nn&nbsp;<br \/>\nn<\/p>\n<h4><em><strong>Qu\u00e8 hauries de portar?<\/strong><\/em><\/h4>\n<p>n<\/p>\n<ul>\nn \t<\/p>\n<li style=\"font-weight: 400;\"><span style=\"font-weight: 400;\">C\u00e0mera<\/span><\/li>\n<p>n \t<\/p>\n<li style=\"font-weight: 400;\"><span style=\"font-weight: 400;\">Brots repel\u00b7lents<\/span><\/li>\n<p>n \t<\/p>\n<li style=\"font-weight: 400;\"><span style=\"font-weight: 400;\">crema per al sol<\/span><\/li>\n<p>n \t<\/p>\n<li style=\"font-weight: 400;\"><span style=\"font-weight: 400;\">Barret<\/span><\/li>\n<p>n \t<\/p>\n<li style=\"font-weight: 400;\"><span style=\"font-weight: 400;\">Pantalons c\u00f2modes<\/span><\/li>\n<p>n \t<\/p>\n<li style=\"font-weight: 400;\"><span style=\"font-weight: 400;\">Sabates de muntanya per al bosc<\/span><\/li>\n<p>n \t<\/p>\n<li style=\"font-weight: 400;\"><span style=\"font-weight: 400;\">Sand\u00e0lies a la platja<\/span><\/li>\n<p>n \t<\/p>\n<li style=\"font-weight: 400;\"><span style=\"font-weight: 400;\">Roba de bany<\/span><\/li>\n<p>n<\/ul>\n<p>n&nbsp;<br \/>\nn<\/p>\n<h4><b><i>Recollida a l&#039;hotel <\/i><\/b><\/h4>\n<p>n<span style=\"font-weight: 400;\">No s&#039;ofereix servei de recollida a l&#039;hotel per a aquesta excursi\u00f3. <\/span><br \/>\nn<br \/>\nn&nbsp;<br \/>\nn<br \/>\nn<b>Nota:<\/b><span style=\"font-weight: 400;\"> Si feu la reserva dins de les 24 hores posteriors a l&#039;hora de sortida de l&#039;excursi\u00f3\/excursi\u00f3, podem organitzar la recollida a l&#039;hotel amb c\u00e0rrecs addicionals. Un cop completada la compra, us enviarem la informaci\u00f3 de contacte completa (n\u00famero de tel\u00e8fon, adre\u00e7a de correu electr\u00f2nic, etc.) perqu\u00e8 el nostre guia local organitzi la recollida.<\/span><br \/>\nn<\/p>\n<h4><b><i>Confirmaci\u00f3 d&#039;informaci\u00f3 addicional <\/i><\/b><\/h4>\n<p>n<\/p>\n<ol>\nn \t<\/p>\n<li>Les entrades s\u00f3n el Rebut despr\u00e9s de pagar aquest Tour. Podeu mostrar el pagament al vostre tel\u00e8fon.<\/li>\n<p>n \t<\/p>\n<li style=\"font-weight: 400;\"><span style=\"font-weight: 400;\">El punt de trobada es rebr\u00e0 despr\u00e9s del proc\u00e9s de reserva.<\/span><\/li>\n<p>n \t<\/p>\n<li style=\"font-weight: 400;\"><span style=\"font-weight: 400;\">Els nens han d&#039;anar acompanyats d&#039;un adult.<\/span><\/li>\n<p>n \t<\/p>\n<li style=\"font-weight: 400;\"><span style=\"font-weight: 400;\"> No accessible amb cadira de rodes <\/span><\/li>\n<p>n \t<\/p>\n<li style=\"font-weight: 400;\"><span style=\"font-weight: 400;\">Els nadons han de seure a les faldes <\/span><\/li>\n<p>n \t<\/p>\n<li style=\"font-weight: 400;\"><span style=\"font-weight: 400;\">No recomanat per a viatgers amb problemes d&#039;esquena<\/span><\/li>\n<p>n \t<\/p>\n<li style=\"font-weight: 400;\"><span style=\"font-weight: 400;\">No recomanat per a viatgers embarassades <\/span><\/li>\n<p>n \t<\/p>\n<li style=\"font-weight: 400;\"><span style=\"font-weight: 400;\"> Sense problemes card\u00edacs ni altres afeccions m\u00e8diques greus <\/span><\/li>\n<p>n \t<\/p>\n<li style=\"font-weight: 400;\"><span style=\"font-weight: 400;\">La majoria dels viatgers poden participar<\/span><\/li>\n<p>n<\/ol>\n<p>n<\/p>\n<h4><b><i>Pol\u00edtica de cancel \u00b7 laci\u00f3<\/i><\/b><\/h4>\n<p>nPer obtenir un reemborsament complet, llegiu les nostres pol\u00edtiques de cancel\u00b7lacions\u00a0<a href=\"https:\/\/www.boattoursamana.com\/ca\/reserva-en-linia\/\" target=\"_blank\" rel=\"noopener\" data-saferedirecturl=\"https:\/\/www.google.com\/url?q=https:\/\/www.boattoursamana.com\/online-booking\/&amp;source=gmail&amp;ust=1672449202351000&amp;usg=AOvVaw1yAeVAPktmaVCqDujgUn90\">Clica aqu\u00ed<\/a>. Els fons es perdran si la reserva es cancel\u00b7la el mateix dia del viatge.<\/p>\n\n\t\t<\/div>\n\t<\/div>\n<div class=\"vc_empty_space\"   style=\"height: 32px\"><span class=\"vc_empty_space_inner\"><\/span><\/div><\/div><\/div><\/div><\/div><div class=\"vc_row wpb_row vc_row-fluid\" ><div class=\"wpb_column vc_column_container vc_col-sm-12\"><div class=\"vc_column-inner\"><div class=\"wpb_wrapper\"><\/div><\/div><\/div><\/div><div class=\"vc_row wpb_row vc_row-fluid\" ><div class=\"wpb_column vc_column_container vc_col-sm-12\"><div class=\"vc_column-inner\"><div class=\"wpb_wrapper\"><div class=\"vc_btn3-container vc_btn3-inline\" ><button class=\"vc_general vc_btn3 vc_btn3-size-md vc_btn3-shape-rounded vc_btn3-style-modern vc_btn3-color-green\">RESERVAR ARA<\/button><\/div><\/div><\/div><\/div><\/div>","protected":false},"excerpt":{"rendered":"<p>Los Haitises National Park and Playa El Rinc\u00f3n with Lunch on the beach. Come with us and visit the most beautiful national park of the Dominican Republic, Visiting Mangroves, Caves and San Lorenzo Bay. After back to Saman\u00e1 port to take a\u00a0 private trip to Playa El Rinc\u00f3n Beach with Lunch on the Beach. n nGet your tickets with offers here&#8230; n n&nbsp; n nPlease Select date for The Tour\u00a0 &nbsp;<\/p>","protected":false},"author":2,"featured_media":0,"parent":0,"menu_order":0,"comment_status":"open","ping_status":"closed","template":"","meta":{"footnotes":""},"class_list":["post-15744","page","type-page","status-publish","hentry"],"_links":{"self":[{"href":"https:\/\/www.boattoursamana.com\/ca\/wp-json\/wp\/v2\/pages\/15744","targetHints":{"allow":["GET"]}}],"collection":[{"href":"https:\/\/www.boattoursamana.com\/ca\/wp-json\/wp\/v2\/pages"}],"about":[{"href":"https:\/\/www.boattoursamana.com\/ca\/wp-json\/wp\/v2\/types\/page"}],"author":[{"embeddable":true,"href":"https:\/\/www.boattoursamana.com\/ca\/wp-json\/wp\/v2\/users\/2"}],"replies":[{"embeddable":true,"href":"https:\/\/www.boattoursamana.com\/ca\/wp-json\/wp\/v2\/comments?post=15744"}],"version-history":[{"count":0,"href":"https:\/\/www.boattoursamana.com\/ca\/wp-json\/wp\/v2\/pages\/15744\/revisions"}],"wp:attachment":[{"href":"https:\/\/www.boattoursamana.com\/ca\/wp-json\/wp\/v2\/media?parent=15744"}],"curies":[{"name":"wp","href":"https:\/\/api.w.org\/{rel}","templated":true}]}}