{"id":15755,"date":"2023-07-15T07:43:13","date_gmt":"2023-07-15T07:43:13","guid":{"rendered":"https:\/\/www.ticketswhales.com\/samana-cayo-levantado-bacardi-island-and-whale-watching-from-miches-in-catamaran\/"},"modified":"2023-07-15T07:43:13","modified_gmt":"2023-07-15T07:43:13","slug":"samana-cayo-levantado-bacardi-island-and-whale-watching-from-miches-in-catamaran","status":"publish","type":"page","link":"https:\/\/www.boattoursamana.com\/ca\/samana-cayo-levantado-illa-bacardi-i-observacio-de-balenes-des-miches-en-catamara-2","title":{"rendered":"Saman\u00e1 Cayo Levantado (illa Bacard\u00ed) i Observaci\u00f3 de balenes des de Miches en catamar\u00e0"},"content":{"rendered":"<p><span style=\"vertical-align: inherit;\"><span style=\"vertical-align: inherit;\">Whale Miches Tours &amp; Excursions. <\/span><span style=\"vertical-align: inherit;\">Reserveu els seus bolets per a l&#039;avistament de ballenas a la Bah\u00eda de Saman\u00e1, comen\u00e7ant des de Miches i visitant Cayo Levantado, tamb\u00e9 conegut com a Isla Bacard\u00ed per a una aventura amb el pas d&#039;un dia.<\/span><\/span><br \/>\nn<br \/>\nn&nbsp;<br \/>\nn<br \/>\nn<em><strong><span style=\"vertical-align: inherit;\"><span style=\"vertical-align: inherit;\">Seleccioneu la data de l&#039;excursi\u00f3:<\/span><\/span><\/strong><\/em><\/p>\n<p>&nbsp;<\/p>\n<div class=\"vc_row wpb_row vc_row-fluid\" ><div class=\"wpb_column vc_column_container vc_col-sm-12\"><div class=\"vc_column-inner\"><div class=\"wpb_wrapper\">\n\t<div class=\"wpb_text_column wpb_content_element\" >\n\t\t<div class=\"wpb_wrapper\">\n\t\t\t<p><span style=\"vertical-align: inherit;\"><span style=\"vertical-align: inherit;\"><\/p>\n\n\t\t<\/div>\n\t<\/div>\n<\/div><\/div><\/div><\/div><div class=\"vc_row wpb_row vc_row-fluid\" ><\/div><div class=\"wpb_column vc_column_container vc_col-sm-12\"><div class=\"vc_column-inner\"><div class=\"wpb_wrapper\"><\/div><\/div><\/div><div class=\"vc_row wpb_row vc_row-fluid\" ><\/div><div class=\"wpb_column vc_column_container vc_col-sm-12\"><div class=\"vc_column-inner\"><div class=\"wpb_wrapper\"><div class=\"vc_btn3-container vc_btn3-inline\" ><button class=\"vc_general vc_btn3 vc_btn3-size-md vc_btn3-shape-rounded vc_btn3-style-modern vc_btn3-color-green\">RESERVAR ARA<\/button><\/div><\/div><\/div><\/div><div class=\"mkdf-section-title-holder\" style=\"text-align: left\">\n\t<div class=\"mkdf-st-inner\">\n\t\t\t\t\t\t\t<h3 class=\"mkdf-st-title\" >\n\t\t\t\tCayo Levantado + Avistamiento de ballenas de Miches en catamar\u00e1n\t\t\t<\/h3>\n\t\t\t\t\t<\/div>\n<\/div><div class=\"vc_empty_space\"   style=\"height: 32px\"><span class=\"vc_empty_space_inner\"><\/span><\/div>\n\t<div class=\"wpb_text_column wpb_content_element\" >\n\t\t<div class=\"wpb_wrapper\">\n\t\t\t<p>\u00a0<\/span><\/span><br \/>\nn<\/p>\n<div class=\"vc_empty_space\"><\/div>\n<p>n<\/p>\n<div class=\"wpb_text_column wpb_content_element\">\nn<\/p>\n<div class=\"wpb_wrapper\">\nn<\/p>\n<div class=\"vc_row wpb_row vc_row-fluid\">\nn<\/p>\n<div class=\"wpb_column vc_column_container vc_col-sm-12\">\nn<\/p>\n<div class=\"vc_column-inner\">\nn<\/p>\n<div class=\"wpb_wrapper\">\nn<\/p>\n<div class=\"wpb_text_column wpb_content_element\">\nn<\/p>\n<div class=\"wpb_wrapper\">\nn<\/p>\n<div class=\"vc_row wpb_row vc_row-fluid\">\nn<\/p>\n<div class=\"wpb_column vc_column_container vc_col-sm-12\">\nn<\/p>\n<div class=\"vc_column-inner\">\nn<\/p>\n<div class=\"wpb_wrapper\">\nn<\/p>\n<div class=\"wpb_text_column wpb_content_element\">\nn<\/p>\n<div class=\"wpb_wrapper\">\nn<\/p>\n<h4><a id=\"overview\" class=\"aal_anchor\" href=\"https:\/\/www.boattoursamana.com\/ca\/gira\/samana-cayo-levantado-illa-bacardi-i-observacio-de-balenes-des-miches-en-catamara-2\/#overview\" aria-hidden=\"true\"><\/a><b><i>Visi\u00f3 general<\/i><\/b><\/h4>\n<p>nAvistament de balenes a la badia de Saman\u00e1 amb sortida des del port de Miches en catamar\u00e0. Aquest viatge comen\u00e7a a les 9:00 del mat\u00ed i acaba a les 17:00. Trobada abans al nostre port de Miches. Despr\u00e9s d&#039;avortar el nostre Catamar\u00e0 o Embarcaci\u00f3 per visitar les balenes al seu h\u00e0bitat.<br \/>\nn<br \/>\nnDes de les 9:00h fins a les 12:00h Observatori d&#039;observaci\u00f3 de balenes i Despr\u00e9s d&#039;aquest viatge de balenes visitarem l&#039;illa Bacardi \/ Cayo Levantado. A l&#039;illa de Bacard\u00ed, s&#039;oferir\u00e0 un dinar bufet d&#039;estil t\u00edpic dominic\u00e0. Quan s&#039;acabi el dinar, podeu nedar fins a les 16:30. El recorregut s&#039;acabar\u00e0 a les 17.00 hores al mateix port on comen\u00e7ar\u00e0.<br \/>\nn<br \/>\nnNota: aquesta visita no \u00e9s privada.<strong>\u00a0Per a una visita privada, poseu-vos en contacte amb nosaltres.<\/strong><br \/>\nn<\/p>\n<ul>\nn \t<\/p>\n<li>Viatge d&#039;observaci\u00f3 de balenes<\/li>\n<p>n \t<\/p>\n<li>Preu d&#039;entrada a l&#039;Observatori<\/li>\n<p>n \t<\/p>\n<li>Inclou dinar bufet a la platja<\/li>\n<p>n \t<\/p>\n<li>Trasllat en vaixell<\/li>\n<p>n \t<\/p>\n<li>El capit\u00e0 proporciona instrucci\u00f3 i supervisi\u00f3<\/li>\n<p>n \t<\/p>\n<li>Guia tur\u00edstica<\/li>\n<p>n<\/ul>\n<p>n&nbsp;<br \/>\nn<\/p>\n<h4><a id=\"inclusions-exclusions\" class=\"aal_anchor\" href=\"https:\/\/www.boattoursamana.com\/ca\/gira\/samana-cayo-levantado-illa-bacardi-i-observacio-de-balenes-des-miches-en-catamara-2\/#inclusions-exclusions\" aria-hidden=\"true\"><\/a><b>Inclusions i exclusions<\/b><\/h4>\n<p>n&nbsp;<br \/>\nn<br \/>\nn<b>Inclusions<\/b><br \/>\nn<br \/>\nn&nbsp;<br \/>\nn<\/p>\n<ol>\nn \t<\/p>\n<li>Dinar bufet a la platja<\/li>\n<p>n \t<\/p>\n<li>Avistament de balenes<\/li>\n<p>n \t<\/p>\n<li>Guia tur\u00edstica<\/li>\n<p>n \t<\/p>\n<li>Excursi\u00f3 en catamar\u00e0 o vaixell<\/li>\n<p>n \t<\/p>\n<li>Tots els impostos, taxes i despeses de gesti\u00f3<\/li>\n<p>n \t<\/p>\n<li>Impostos locals<\/li>\n<p>n \t<\/p>\n<li>Begudes<\/li>\n<p>n \t<\/p>\n<li>Begudes alcoh\u00f2liques<\/li>\n<p>n<\/ol>\n<p>n<b>Exclusions<\/b><br \/>\nn<\/p>\n<ol>\nn \t<\/p>\n<li>Propostes<\/li>\n<p>n \t<\/p>\n<li>Cotxe de trasllat<\/li>\n<p>n<\/ol>\n<p>n&nbsp;<br \/>\nn<\/p>\n<h4><a id=\"departure-return\" class=\"aal_anchor\" href=\"https:\/\/www.boattoursamana.com\/ca\/gira\/samana-cayo-levantado-illa-bacardi-i-observacio-de-balenes-des-miches-en-catamara-2\/#departure-return\" aria-hidden=\"true\"><\/a><em><strong>Sortida i tornada<\/strong><\/em><\/h4>\n<p>nEl viatger obtindr\u00e0 un punt de trobada despr\u00e9s del proc\u00e9s de reserva. Les visites comencen i acaben als nostres punts de trobada.<br \/>\nn<br \/>\nn&nbsp;<br \/>\nn<\/p>\n<h4><a id=\"what-to-expect\" class=\"aal_anchor\" href=\"https:\/\/www.boattoursamana.com\/ca\/gira\/samana-cayo-levantado-illa-bacardi-i-observacio-de-balenes-des-miches-en-catamara-2\/#what-to-expect\" aria-hidden=\"true\"><\/a><b><i>Qu\u00e8 esperar?<\/i><\/b><\/h4>\n<p>n&nbsp;<br \/>\nn<br \/>\nn<em><strong>Aconsegueix les teves entrades<\/strong><\/em>\u00a0per a un dia de excursi\u00f3 d&#039;observaci\u00f3 de balenes a la badia de Saman\u00e1 a partir de Miches en Catamar\u00e0 amb begudes locals m\u00e9s un dinar meravell\u00f3s i una estona a la platja.<br \/>\nn<br \/>\nEl Daypass per a l&#039;observaci\u00f3 de balenes, organitzat per \u201cBooking Adventures\u201d, comen\u00e7a al punt de trobada establert amb el Guia Tur\u00edstic. Dinar a la platja i pots quedar-te tot el temps que vulguis nedant. Si ets veg\u00e0 tamb\u00e9 et podem preparar una mica de menjar.<br \/>\nn<br \/>\nn<strong>Horari:<\/strong><br \/>\nn<br \/>\nn8:45 AM \u2013 5:00 PM<br \/>\nn<br \/>\nn&nbsp;<br \/>\nn<\/p>\n<h4><a id=\"what-you-should-bring\" class=\"aal_anchor\" href=\"https:\/\/www.boattoursamana.com\/ca\/gira\/samana-cayo-levantado-illa-bacardi-i-observacio-de-balenes-des-miches-en-catamara-2\/#what-you-should-bring\" aria-hidden=\"true\"><\/a><em><strong>Qu\u00e8 hauries de portar?<\/strong><\/em><\/h4>\n<p>n<\/p>\n<ul>\nn \t<\/p>\n<li>C\u00e0mera<\/li>\n<p>n \t<\/p>\n<li>Brots repel\u00b7lents<\/li>\n<p>n \t<\/p>\n<li>Crema per al sol<\/li>\n<p>n \t<\/p>\n<li>Barret<\/li>\n<p>n \t<\/p>\n<li>Pantalons c\u00f2modes<\/li>\n<p>n \t<\/p>\n<li>Sand\u00e0lies a la platja<\/li>\n<p>n \t<\/p>\n<li>Roba de bany<\/li>\n<p>n \t<\/p>\n<li>Diners en efectiu per a records<\/li>\n<p>n<\/ul>\n<p>n&nbsp;<br \/>\nn<\/p>\n<h4><a id=\"hotel-pickup\" class=\"aal_anchor\" href=\"https:\/\/www.boattoursamana.com\/ca\/gira\/samana-cayo-levantado-illa-bacardi-i-observacio-de-balenes-des-miches-en-catamara-2\/#hotel-pickup\" aria-hidden=\"true\"><\/a><b><i>Recollida a l&#039;hotel<\/i><\/b><\/h4>\n<p>n No s&#039;ofereix servei de recollida a l&#039;hotel per a aquesta excursi\u00f3.<br \/>\nn<br \/>\nn&nbsp;<br \/>\nn<br \/>\nn<b>Nota:<\/b>\u00a0Si feu la reserva dins de les 24 hores posteriors a l&#039;hora de sortida de l&#039;excursi\u00f3\/excursi\u00f3, podem organitzar la recollida a l&#039;hotel amb c\u00e0rrecs addicionals. Un cop completada la compra, us enviarem la informaci\u00f3 de contacte completa (n\u00famero de tel\u00e8fon, adre\u00e7a de correu electr\u00f2nic, etc.) perqu\u00e8 el nostre guia local organitzi la recollida.<br \/>\nn<\/p>\n<h4><a id=\"additional-info-confirmation\" class=\"aal_anchor\" href=\"https:\/\/www.boattoursamana.com\/ca\/gira\/samana-cayo-levantado-illa-bacardi-i-observacio-de-balenes-des-miches-en-catamara-2\/#additional-info-confirmation\" aria-hidden=\"true\"><\/a><b><i>Confirmaci\u00f3 d&#039;informaci\u00f3 addicional<\/i><\/b><\/h4>\n<p>n<\/p>\n<ol>\nn \t<\/p>\n<li>Les entrades s\u00f3n el Rebut despr\u00e9s de pagar aquest Tour. Podeu mostrar el pagament al vostre tel\u00e8fon.<\/li>\n<p>n \t<\/p>\n<li>El punt de trobada es rebr\u00e0 despr\u00e9s del proc\u00e9s de reserva.<\/li>\n<p>n \t<\/p>\n<li>Els nens han d&#039;anar acompanyats d&#039;un adult.<\/li>\n<p>n \t<\/p>\n<li>accessible amb cadira de rodes<\/li>\n<p>n \t<\/p>\n<li>Els nadons han de seure a les faldes<\/li>\n<p>n \t<\/p>\n<li>La majoria dels viatgers poden participar<\/li>\n<p>n<\/ol>\n<p>n<\/p>\n<h4><a id=\"cancellation-policy\" class=\"aal_anchor\" href=\"https:\/\/www.boattoursamana.com\/ca\/gira\/samana-cayo-levantado-illa-bacardi-i-observacio-de-balenes-des-miches-en-catamara-2\/#cancellation-policy\" aria-hidden=\"true\"><\/a><b><i>Pol\u00edtica de cancel \u00b7 laci\u00f3<\/i><\/b><\/h4>\n<p>Per obtenir un reemborsament complet, cancel\u00b7leu almenys 24 hores abans de la data d&#039;inici de l&#039;experi\u00e8ncia.<br \/>\nn<br \/>\nn\n<\/div>\n<p>n\n<\/p><\/div>\n<p>n\n<\/p><\/div>\n<p>n\n<\/p><\/div>\n<p>n\n<\/p><\/div>\n<p>n\n<\/p><\/div>\n<p>n\n<\/p><\/div>\n<p>n\n<\/p><\/div>\n<p>n\n<\/p><\/div>\n<p>n\n<\/p><\/div>\n<p>n\n<\/p><\/div>\n<p>n\n<\/p><\/div>\n<p>n<\/p>\n<div class=\"vc_row wpb_row vc_row-fluid\">\nn<\/p>\n<div class=\"wpb_column vc_column_container vc_col-sm-12\">\nn<\/p>\n<div class=\"vc_column-inner\">\nn<\/p>\n<div class=\"wpb_wrapper\">\nn<\/p>\n<div class=\"vc_empty_space\"><\/div>\n<p>n<\/p>\n<div class=\"wpb_text_column wpb_content_element\">\nn<\/p>\n<div class=\"wpb_wrapper\">\nn<\/p>\n<h4><a id=\"contact-us\" class=\"aal_anchor\" href=\"https:\/\/www.boattoursamana.com\/ca\/gira\/samana-cayo-levantado-illa-bacardi-i-observacio-de-balenes-des-miches-en-catamara-2\/#contact-us\" aria-hidden=\"true\"><\/a>Contactar amb nosaltres?<\/h4>\n<p>n<\/p>\n<h5><\/h5>\n<p>n<em><strong>Locals<\/strong>\u00a0i\u00a0<strong>Nacionals<\/strong>\u00a0Guies tur\u00edstics i serveis als convidats<\/em><br \/>\nn<br \/>\nn<span class=\"text-turquoise\">Reserves:<\/span>\u00a0Tours i excursions a Dom. Rep.<br \/>\nn<br \/>\nn<img decoding=\"async\" class=\"emoji\" title=\"Samana Cayo Levantado (illa Bacardi) i observaci\u00f3 de balenes des de Miches en catamar\u00e0 1\" draggable=\"false\" src=\"https:\/\/s.w.org\/images\/core\/emoji\/11.2.0\/svg\/1f4de.svg\" alt=\" \" \/> Tel\/Whatsapp <strong><a href=\"tel:+1 (829) 318-9463\">+1 (829) 318-9463.<\/a><\/strong><br \/>\nn<br \/>\nn<img decoding=\"async\" class=\"emoji\" title=\"Samana Cayo Levantado (illa Bacardi) i observaci\u00f3 de balenes des de Miches en catamar\u00e0 2\" draggable=\"false\" src=\"https:\/\/s.w.org\/images\/core\/emoji\/11.2.0\/svg\/1f4e9.svg\" alt=\" \" \/>\u00a0<a href=\"mailto:reservabatour@gmail.com\">reservabatour@gmail.com<\/a><br \/>\nn<br \/>\nn<strong>Som flexibles per configurar visites privades per Whatsapp:\u00a0<a href=\"tel:+1 (829) 318-9463\">+1 (829) 318-9463.<\/a><\/strong><br \/>\nn<br \/>\nn<\/div>\n<p>n\n<\/p><\/div>\n<p>n\n<\/p><\/div>\n<p>n\n<\/p><\/div>\n<p>n\n<\/p><\/div>\n<p>n\n<\/p><\/div>\n<p>n\n<\/p><\/div>\n<p>n\n<\/p><\/div>\n<p>n<\/p>\n\n\t\t<\/div>\n\t<\/div>\n<div class=\"vc_row wpb_row vc_row-fluid\" ><div class=\"wpb_column vc_column_container vc_col-sm-12\"><div class=\"vc_column-inner\"><div class=\"wpb_wrapper\"><div class=\"vc_btn3-container vc_btn3-inline\" ><button class=\"vc_general vc_btn3 vc_btn3-size-md vc_btn3-shape-rounded vc_btn3-style-modern vc_btn3-color-green\">RESERVAR ARA<\/button><\/div><\/div><\/div><\/div><\/div>","protected":false},"excerpt":{"rendered":"<p>Whale Miches Tours &amp; Excursiones. Reserve sus boletos para el avistamiento de ballenas en la Bah\u00eda de Saman\u00e1, comenzando desde Miches y visitando Cayo Levantado, tambi\u00e9n conocida como Isla Bacard\u00ed para una aventura con pase de un d\u00eda. n n&nbsp; n nSeleccione la fecha de la excursi\u00f3n: &nbsp;<\/p>","protected":false},"author":2,"featured_media":0,"parent":0,"menu_order":0,"comment_status":"open","ping_status":"closed","template":"","meta":{"footnotes":""},"class_list":["post-15755","page","type-page","status-publish","hentry"],"_links":{"self":[{"href":"https:\/\/www.boattoursamana.com\/ca\/wp-json\/wp\/v2\/pages\/15755","targetHints":{"allow":["GET"]}}],"collection":[{"href":"https:\/\/www.boattoursamana.com\/ca\/wp-json\/wp\/v2\/pages"}],"about":[{"href":"https:\/\/www.boattoursamana.com\/ca\/wp-json\/wp\/v2\/types\/page"}],"author":[{"embeddable":true,"href":"https:\/\/www.boattoursamana.com\/ca\/wp-json\/wp\/v2\/users\/2"}],"replies":[{"embeddable":true,"href":"https:\/\/www.boattoursamana.com\/ca\/wp-json\/wp\/v2\/comments?post=15755"}],"version-history":[{"count":0,"href":"https:\/\/www.boattoursamana.com\/ca\/wp-json\/wp\/v2\/pages\/15755\/revisions"}],"wp:attachment":[{"href":"https:\/\/www.boattoursamana.com\/ca\/wp-json\/wp\/v2\/media?parent=15755"}],"curies":[{"name":"wp","href":"https:\/\/api.w.org\/{rel}","templated":true}]}}