{"id":15756,"date":"2023-07-15T07:43:13","date_gmt":"2023-07-15T07:43:13","guid":{"rendered":"https:\/\/www.ticketswhales.com\/private-tour-samana-whale-watching-cayo-levantado-bacardi-island-from-samana-port\/"},"modified":"2023-07-15T07:43:13","modified_gmt":"2023-07-15T07:43:13","slug":"private-tour-samana-whale-watching-cayo-levantado-bacardi-island-from-samana-port","status":"publish","type":"page","link":"https:\/\/www.boattoursamana.com\/ca\/tour-privat-observacio-de-balenes-de-samana-cayo-levantado-illa-bacardi-des-del-port-de-samana","title":{"rendered":"Excursi\u00f3 privada Observaci\u00f3 de balenes a Saman\u00e1 + Cayo Levantado (illa Bacardi) des del port de Saman\u00e1"},"content":{"rendered":"<p>Viatge privat d&#039;observaci\u00f3 de balenes a la badia de Saman\u00e1, Rep\u00fablica Dominicana amb guies locals. No dubteu a establir la vostra hora d&#039;arribada o per acabar l&#039;excursi\u00f3. El dinar i l&#039;hora els definiu vosaltres mateixos. Reserveu ara aquesta excursi\u00f3 a la badia de Samana per a una bona experi\u00e8ncia d&#039;observaci\u00f3 de balenes.<br \/>\nn<br \/>\nNota: aquest tour \u00e9s un tour privat amb un pagament m\u00ednim. Per unir-se a un grup d&#039;observaci\u00f3 de balenes amb el mateix preu en catamar\u00e0, si us plau\u00a0 <a href=\"https:\/\/www.boattoursamana.com\/ca\/tours-excursions\/tours-and-excursions\/samana-whale-watching-cayo-levantado\/\">CLICA AQU\u00cd.<\/a><br \/>\nn<br \/>\nn&nbsp;<br \/>\nn<br \/>\nn<em><strong>Seleccioneu la data de l&#039;excursi\u00f3:<\/strong><\/em><\/p>\n<p>&nbsp;<\/p>\n<div class=\"vc_row wpb_row vc_row-fluid\" ><div class=\"wpb_column vc_column_container vc_col-sm-12\"><div class=\"vc_column-inner\"><div class=\"wpb_wrapper\"><div class=\"vc_empty_space\"   style=\"height: 32px\"><span class=\"vc_empty_space_inner\"><\/span><\/div><div class=\"mkdf-section-title-holder\" style=\"text-align: left\">\n\t<div class=\"mkdf-st-inner\">\n\t\t\t\t\t<h5 class=\"mkdf-st-subtitle\" >\n\t\t\t\tExcursi\u00f3 privada en vaixell des del port de Saman\u00e1\t\t\t<\/h5>\n\t\t\t\t\t\t\t<h3 class=\"mkdf-st-title\" >\n\t\t\t\tSamana Cayo Levantado + Observaci\u00f3 de balenes\t\t\t<\/h3>\n\t\t\t\t\t<\/div>\n<\/div><div class=\"vc_message_box vc_message_box-standard vc_message_box-rounded vc_color-info\" ><div class=\"vc_message_box-icon\"><i class=\"fas fa-info-circle\"><\/i><\/div><p>Es tracta d&#039;un tour privat m\u00ednim 4 persones. Per reservar el mateix viatge en Grups de Catamar\u00e0 <a href=\"https:\/\/www.boattoursamana.com\/ca\/tours-excursions\/tours-and-excursions\/samana-whale-watching-cayo-levantado\/\">Clica aqu\u00ed.<\/a><br \/>\nn<br \/>\nnSi sou menys de 4 persones i us agradar\u00e0 Privat, poseu-vos en contacte amb nosaltres.<\/p>\n<\/div><div class=\"vc_empty_space\"   style=\"height: 32px\"><span class=\"vc_empty_space_inner\"><\/span><\/div><\/div><\/div><\/div><\/div><div class=\"vc_row wpb_row vc_row-fluid\" ><div class=\"wpb_column vc_column_container vc_col-sm-12\"><div class=\"vc_column-inner\"><div class=\"wpb_wrapper\"><div class=\"vc_btn3-container vc_btn3-inline\" ><a class=\"vc_general vc_btn3 vc_btn3-size-md vc_btn3-shape-rounded vc_btn3-style-modern vc_btn3-color-green\" href=\"https:\/\/bookingadventures.tours\/booking.php?tour_id=ccd2fafcfb0614232b46b749871336cb\" title=\"RESERVAR ARA\" rel=\"noopener\">RESERVAR ARA<\/a><\/div>\n\t<div class=\"wpb_text_column wpb_content_element\" >\n\t\t<div class=\"wpb_wrapper\">\n\t\t\t<p>\nn<\/p>\n<div class=\"vc_row wpb_row vc_row-fluid\">\nn<\/p>\n<div class=\"wpb_column vc_column_container vc_col-sm-12\">\nn<\/p>\n<div class=\"vc_column-inner\">\nn<\/p>\n<div class=\"wpb_wrapper\">\nn<\/p>\n<div class=\"wpb_text_column wpb_content_element\">\nn<\/p>\n<div class=\"wpb_wrapper\">\nn<\/p>\n<div class=\"vc_row wpb_row vc_row-fluid\">\nn<\/p>\n<div class=\"wpb_column vc_column_container vc_col-sm-12\">\nn<\/p>\n<div class=\"vc_column-inner\">\nn<\/p>\n<div class=\"wpb_wrapper\">\nn<\/p>\n<div class=\"wpb_text_column wpb_content_element\">\nn<\/p>\n<div class=\"wpb_wrapper\">\nn<\/p>\n<h4><b><i>Visi\u00f3 general<img decoding=\"async\" class=\"emoji\" draggable=\"false\" src=\"https:\/\/s.w.org\/images\/core\/emoji\/12.0.0-1\/svg\/1f433.svg\" alt=\" \" title=\"\"><\/i><\/b><\/h4>\n<p>n<strong>Eviteu grans grups de turistes<\/strong>\u00a0i fes la teva observaci\u00f3 de balenes a la badia de Saman\u00e1 a partir del port de Saman\u00e1 en un vaixell privat. Aquest viatge comen\u00e7a a les 9:00 del mat\u00ed i acaba a les 17:00. Per\u00f2 com que ser\u00e0 un viatge privat, podeu establir l&#039;hora d&#039;inici i d&#039;acabament. Reuni\u00f3 abans a la nostra oficina al costat del restaurant reial. Despr\u00e9s d&#039;avortar el nostre vaixell per visitar les balenes al seu h\u00e0bitat. Els nostres capitans estan entrenats per assegurar-se que veieu balenes.<br \/>\nn<br \/>\nnDes de les 9:00h fins a les 12:00h Observatori d&#039;observaci\u00f3 de balenes i Despr\u00e9s d&#039;aquest viatge de balenes visitarem l&#039;illa Bacardi \/ Cayo Levantado. A l&#039;illa de Bacard\u00ed s&#039;oferir\u00e0 un dinar bufet d&#039;estil t\u00edpic dominic\u00e0 (arr\u00f2s, mongetes, peix, amanides...). Quan acabeu el dinar, podeu nedar fins a les 16:30. El recorregut s&#039;acabar\u00e0 a les 17.00 hores al mateix port des d&#039;on comen\u00e7ar\u00e0.<br \/>\nn<br \/>\nn<strong>Nota:<\/strong>\u00a0Aquest tour \u00e9s privat. (Nom\u00e9s tu i la fam\u00edlia o els amics a bord amb el capit\u00e0 i el guia tur\u00edstic).<br \/>\nn<\/p>\n<ul>\nn \t<\/p>\n<li>Viatge d&#039;observaci\u00f3 de balenes<\/li>\n<p>n \t<\/p>\n<li>Preu d&#039;entrada a l&#039;Observatori<\/li>\n<p>n \t<\/p>\n<li>Inclou dinar bufet a la platja<\/li>\n<p>n \t<\/p>\n<li>Trasllat en vaixell<\/li>\n<p>n \t<\/p>\n<li>El capit\u00e0 proporciona instrucci\u00f3 i supervisi\u00f3<\/li>\n<p>n \t<\/p>\n<li>Guia tur\u00edstica<\/li>\n<p>n<\/ul>\n<p>n&nbsp;<br \/>\nn<\/p>\n<h4><b>Inclusions i exclusions<\/b><\/h4>\n<p>n&nbsp;<br \/>\nn<br \/>\nn<b>Inclusions<\/b><br \/>\nn<br \/>\nn&nbsp;<br \/>\nn<\/p>\n<ol>\nn \t<\/p>\n<li>Dinar bufet a la platja<\/li>\n<p>n \t<\/p>\n<li>Guia tur\u00edstica<\/li>\n<p>n \t<\/p>\n<li>Excursi\u00f3 en catamar\u00e0 o vaixell<\/li>\n<p>n \t<\/p>\n<li>Tots els impostos, taxes i despeses de gesti\u00f3<\/li>\n<p>n \t<\/p>\n<li>Impostos locals<\/li>\n<p>n \t<\/p>\n<li>Begudes<\/li>\n<p>n<\/ol>\n<p>n<b>Exclusions<\/b><br \/>\nn<\/p>\n<ol>\nn \t<\/p>\n<li>Propostes<\/li>\n<p>n \t<\/p>\n<li>Cotxe de trasllat<\/li>\n<p>n \t<\/p>\n<li>Begudes alcoh\u00f2liques<\/li>\n<p>n<\/ol>\n<p>n&nbsp;<br \/>\nn<\/p>\n<h4><em><strong>Sortida i tornada<\/strong><\/em><\/h4>\n<p>nEl viatger obtindr\u00e0 un punt de trobada despr\u00e9s del proc\u00e9s de reserva. Les visites comencen i acaben als nostres punts de trobada.<br \/>\nn<br \/>\nn&nbsp;<br \/>\nn<\/p>\n<h4><b><i>Qu\u00e8 esperar?<\/i><\/b><\/h4>\n<p>n&nbsp;<br \/>\nn<br \/>\nn<em><strong>Aconsegueix les teves entrades<\/strong><\/em>\u00a0per a un dia d&#039;excursi\u00f3 privada d&#039;observaci\u00f3 de balenes a la badia de Saman\u00e1 i un meravell\u00f3s dinar i una estona a la platja a l&#039;illa de Bacardi.<br \/>\nn<br \/>\nEl Daypass per a l&#039;observaci\u00f3 de balenes, organitzat per \u201cBooking Adventures\u201d, comen\u00e7a al punt de trobada establert amb el Guia Tur\u00edstic. Dinar a la platja i pots quedar-te tot el temps que vulguis nedant. Si ets veg\u00e0 tamb\u00e9 et podem preparar una mica de menjar.<br \/>\nn<br \/>\nn<strong>Horari:<\/strong><br \/>\nn<br \/>\nn8:45 AM \u2013 5:00 PM<br \/>\nn<br \/>\nn&nbsp;<br \/>\nn<\/p>\n<h4><em><strong>Qu\u00e8 hauries de portar?<\/strong><\/em><\/h4>\n<p>n<\/p>\n<ul>\nn \t<\/p>\n<li>C\u00e0mera<\/li>\n<p>n \t<\/p>\n<li>Brots repel\u00b7lents<\/li>\n<p>n \t<\/p>\n<li>crema per al sol<\/li>\n<p>n \t<\/p>\n<li>Barret<\/li>\n<p>n \t<\/p>\n<li>Pantalons c\u00f2modes<\/li>\n<p>n \t<\/p>\n<li>Sand\u00e0lies a la platja<\/li>\n<p>n \t<\/p>\n<li>Roba de bany<\/li>\n<p>n \t<\/p>\n<li>Diners en efectiu per a records<\/li>\n<p>n<\/ul>\n<p>n&nbsp;<br \/>\nn<\/p>\n<h4><b><i>Recollida a l&#039;hotel<\/i><\/b><\/h4>\n<p>n No s&#039;ofereix servei de recollida a l&#039;hotel per a aquesta excursi\u00f3.<br \/>\nn<br \/>\nn&nbsp;<br \/>\nn<br \/>\nn<b>Nota:<\/b>\u00a0Si feu la reserva dins de les 24 hores posteriors a l&#039;hora de sortida de l&#039;excursi\u00f3\/excursi\u00f3, podem organitzar la recollida a l&#039;hotel amb c\u00e0rrecs addicionals. Un cop completada la compra, us enviarem la informaci\u00f3 de contacte completa (n\u00famero de tel\u00e8fon, adre\u00e7a de correu electr\u00f2nic, etc.) perqu\u00e8 el nostre guia local organitzi la recollida.<br \/>\nn<\/p>\n<h4><b><i>Confirmaci\u00f3 d&#039;informaci\u00f3 addicional<\/i><\/b><\/h4>\n<p>n<\/p>\n<ol>\nn \t<\/p>\n<li>Les entrades s\u00f3n el Rebut despr\u00e9s de pagar aquest Tour. Podeu mostrar el pagament al vostre tel\u00e8fon.<\/li>\n<p>n \t<\/p>\n<li>El punt de trobada es rebr\u00e0 despr\u00e9s del proc\u00e9s de reserva.<\/li>\n<p>n \t<\/p>\n<li>Els nens han d&#039;anar acompanyats d&#039;un adult.<\/li>\n<p>n \t<\/p>\n<li>accessible amb cadira de rodes<\/li>\n<p>n \t<\/p>\n<li>Els nadons han de seure a les faldes<\/li>\n<p>n \t<\/p>\n<li>La majoria dels viatgers poden participar<\/li>\n<p>n<\/ol>\n<p>n<\/p>\n<h4><b><i>Pol\u00edtica de cancel \u00b7 laci\u00f3<\/i><\/b><\/h4>\n<p>n<span style=\"font-weight: 400;\">Per obtenir un reemborsament complet, llegiu les nostres pol\u00edtiques de cancel\u00b7lacions\u00a0<a href=\"https:\/\/www.boattoursamana.com\/ca\/reserva-en-linia\/\" target=\"_blank\" rel=\"noopener\" data-saferedirecturl=\"https:\/\/www.google.com\/url?q=https:\/\/www.boattoursamana.com\/online-booking\/&amp;source=gmail&amp;ust=1672449202351000&amp;usg=AOvVaw1yAeVAPktmaVCqDujgUn90\">Clica aqu\u00ed<\/a>. Els fons es perdran si la reserva es cancel\u00b7la el mateix dia del viatge.<\/span><br \/>\nn<br \/>\nn<\/div>\n<p>n\n<\/p><\/div>\n<p>n\n<\/p><\/div>\n<p>n\n<\/p><\/div>\n<p>n\n<\/p><\/div>\n<p>n\n<\/p><\/div>\n<p>n\n<\/p><\/div>\n<p>n\n<\/p><\/div>\n<p>n\n<\/p><\/div>\n<p>n\n<\/p><\/div>\n<p>n\n<\/p><\/div>\n<p>n\n<\/p><\/div>\n<p>n<\/p>\n<div class=\"vc_row wpb_row vc_row-fluid\">\nn<\/p>\n<div class=\"wpb_column vc_column_container vc_col-sm-12\">\nn<\/p>\n<div class=\"vc_column-inner\">\nn<\/p>\n<div class=\"wpb_wrapper\">\nn<\/p>\n<div class=\"vc_empty_space\"><\/div>\n<p>n<\/p>\n<div class=\"wpb_text_column wpb_content_element\">\nn<\/p>\n<div class=\"wpb_wrapper\">\nn<\/p>\n<h4>Contactar amb nosaltres?<\/h4>\n<p>n<\/p>\n<h5><b><i>TOUR LES BALENES SAMANA<\/i><\/b><\/h5>\n<p>n<em><strong>Locals<\/strong>\u00a0i\u00a0<strong>Nacionals<\/strong>\u00a0Guies tur\u00edstics i serveis als convidats<\/em><br \/>\nn<br \/>\nn<span class=\"text-turquoise\">Reserves:<\/span>\u00a0Tours i excursions a Dom. Rep.<br \/>\nn<br \/>\nn<img decoding=\"async\" class=\"emoji\" draggable=\"false\" src=\"https:\/\/s.w.org\/images\/core\/emoji\/11.2.0\/svg\/1f4de.svg\" alt=\" \" title=\"\">\u00a0Tel\/Whatsapp\u00a0\u00a0<a href=\"tel:+1-809-720-6035\">+1-809-720-6035<\/a>.<br \/>\nn<br \/>\nn<img decoding=\"async\" class=\"emoji\" draggable=\"false\" src=\"https:\/\/s.w.org\/images\/core\/emoji\/11.2.0\/svg\/1f4e9.svg\" alt=\" \" title=\"\">\u00a0<a href=\"mailto:info@bookingadventures.com.do\">info@bookingadventures.com.do<\/a><br \/>\nn<br \/>\nn<strong>Som flexibles per configurar visites privades per Whatsapp:\u00a0<a href=\"tel:+18097206035\">+18097206035.<\/a><\/strong><br \/>\nn<br \/>\nn<\/div>\n<p>n\n<\/p><\/div>\n<p>n\n<\/p><\/div>\n<p>n\n<\/p><\/div>\n<p>n\n<\/p><\/div>\n<p>n\n<\/p><\/div>\n<p>n<\/p>\n\n\t\t<\/div>\n\t<\/div>\n<div class=\"vc_btn3-container vc_btn3-inline\" ><a class=\"vc_general vc_btn3 vc_btn3-size-md vc_btn3-shape-rounded vc_btn3-style-modern vc_btn3-color-green\" href=\"https:\/\/bookingadventures.tours\/booking.php?tour_id=ccd2fafcfb0614232b46b749871336cb\" title=\"RESERVAR ARA\" rel=\"noopener\">RESERVAR ARA<\/a><\/div><\/div><\/div><\/div><\/div>","protected":false},"excerpt":{"rendered":"<p>Private whale watching trip in Samana bay, the Dominican Republic with Locals tours Guides. Feel free to set your time to arrived or to finish the Excursion. Lunch and timing are set by your self. Book Now this excursion in Samana bay for a Good whale watching trip experience. n nNote: This tour is a Private Tour with a Minimum Payment. To join a group for whale watching with the same price in Catamaran please\u00a0 CLICK HERE. n n&nbsp; n [&hellip;]<\/p>\n","protected":false},"author":2,"featured_media":0,"parent":0,"menu_order":0,"comment_status":"open","ping_status":"closed","template":"","meta":{"footnotes":""},"class_list":["post-15756","page","type-page","status-publish","hentry"],"_links":{"self":[{"href":"https:\/\/www.boattoursamana.com\/ca\/wp-json\/wp\/v2\/pages\/15756","targetHints":{"allow":["GET"]}}],"collection":[{"href":"https:\/\/www.boattoursamana.com\/ca\/wp-json\/wp\/v2\/pages"}],"about":[{"href":"https:\/\/www.boattoursamana.com\/ca\/wp-json\/wp\/v2\/types\/page"}],"author":[{"embeddable":true,"href":"https:\/\/www.boattoursamana.com\/ca\/wp-json\/wp\/v2\/users\/2"}],"replies":[{"embeddable":true,"href":"https:\/\/www.boattoursamana.com\/ca\/wp-json\/wp\/v2\/comments?post=15756"}],"version-history":[{"count":0,"href":"https:\/\/www.boattoursamana.com\/ca\/wp-json\/wp\/v2\/pages\/15756\/revisions"}],"wp:attachment":[{"href":"https:\/\/www.boattoursamana.com\/ca\/wp-json\/wp\/v2\/media?parent=15756"}],"curies":[{"name":"wp","href":"https:\/\/api.w.org\/{rel}","templated":true}]}}