{"id":15764,"date":"2023-07-15T07:43:13","date_gmt":"2023-07-15T07:43:13","guid":{"rendered":"https:\/\/www.ticketswhales.com\/half-day-whale-watching-samana-in-catamaran-morning\/"},"modified":"2023-07-15T07:43:13","modified_gmt":"2023-07-15T07:43:13","slug":"half-day-whale-watching-samana-in-catamaran-morning","status":"publish","type":"page","link":"https:\/\/www.boattoursamana.com\/ca\/mig-dia-dobservacio-de-balenes-samana-al-mati-en-catamara","title":{"rendered":"Mig dia d&#039;observaci\u00f3 de balenes Saman\u00e1 en catamar\u00e0-Mat\u00ed"},"content":{"rendered":"<p>Mig dia d&#039;observaci\u00f3 de balenes a la badia de Samana, Rep\u00fablica Dominicana. Observaci\u00f3 de balenes des del port de Saman\u00e1 en un c\u00f2mode catamar\u00e0. Reserveu sortides al mat\u00ed o a la tarda per a l&#039;observaci\u00f3 de balenes. Reserveu ara aquesta excursi\u00f3 a la badia de Samana per a una bona experi\u00e8ncia d&#039;observaci\u00f3 de balenes.<br \/>\nn<br \/>\nn<strong>El preu no inclou el dinar. Si us agrada tot inclou:\u00a0 <a href=\"https:\/\/www.boattoursamana.com\/ca\/tours-excursions\/tours-and-excursions\/samana-whale-watching-cayo-levantado\/\">Clica aqu\u00ed\u00a0<\/a><\/strong><br \/>\nn<br \/>\nn&nbsp;<\/p>\n<p>&nbsp;<\/p>\n<div class=\"vc_row wpb_row vc_row-fluid\" ><div class=\"wpb_column vc_column_container vc_col-sm-12\"><div class=\"vc_column-inner\"><div class=\"wpb_wrapper\"><div class=\"mkdf-section-title-holder\" style=\"text-align: left\">\n\t<div class=\"mkdf-st-inner\">\n\t\t\t\t\t<h5 class=\"mkdf-st-subtitle\" >\n\t\t\t\tMat\u00ed o tarda\t\t\t<\/h5>\n\t\t\t\t\t\t\t<h3 class=\"mkdf-st-title\" >\n\t\t\t\tMig dia d&#039;observaci\u00f3 de balenes Samana en catamar\u00e0\t\t\t<\/h3>\n\t\t\t\t\t<\/div>\n<\/div><div class=\"vc_empty_space\"   style=\"height: 32px\"><span class=\"vc_empty_space_inner\"><\/span><\/div><div class=\"vc_message_box vc_message_box-standard vc_message_box-rounded vc_color-info\" ><div class=\"vc_message_box-icon\"><i class=\"fas fa-info-circle\"><\/i><\/div><p><strong>El preu no inclou el dinar. si us agrada tot inclou:\u00a0 <a href=\"https:\/\/www.boattoursamana.com\/ca\/tours-excursions\/tours-and-excursions\/samana-whale-watching-cayo-levantado\/\">Clica aqu\u00ed\u00a0<\/a><\/strong><\/p>\n<\/div><div class=\"vc_empty_space\"   style=\"height: 32px\"><span class=\"vc_empty_space_inner\"><\/span><\/div><\/div><\/div><\/div><\/div><div class=\"vc_row wpb_row vc_row-fluid\" ><div class=\"wpb_column vc_column_container vc_col-sm-12\"><div class=\"vc_column-inner\"><div class=\"wpb_wrapper\"><div class=\"vc_btn3-container vc_btn3-inline\" ><button class=\"vc_general vc_btn3 vc_btn3-size-md vc_btn3-shape-rounded vc_btn3-style-modern vc_btn3-color-green\">RESERVAR ARA<\/button><\/div>\n\t<div class=\"wpb_text_column wpb_content_element\" >\n\t\t<div class=\"wpb_wrapper\">\n\t\t\t<p>\nn<\/p>\n<div class=\"vc_row wpb_row vc_row-fluid\">\nn<\/p>\n<div class=\"wpb_column vc_column_container vc_col-sm-12\">\nn<\/p>\n<div class=\"vc_column-inner\">\nn<\/p>\n<div class=\"wpb_wrapper\">\nn<\/p>\n<div class=\"wpb_text_column wpb_content_element\">\nn<\/p>\n<div class=\"wpb_wrapper\">\nn<\/p>\n<div class=\"vc_row wpb_row vc_row-fluid\">\nn<\/p>\n<div class=\"wpb_column vc_column_container vc_col-sm-12\">\nn<\/p>\n<div class=\"vc_column-inner\">\nn<\/p>\n<div class=\"wpb_wrapper\">\nn<\/p>\n<div class=\"wpb_text_column wpb_content_element\">\nn<\/p>\n<div class=\"wpb_wrapper\">\nn<\/p>\n<h4><b><i>Visi\u00f3 general<img decoding=\"async\" class=\"emoji\" draggable=\"false\" src=\"https:\/\/s.w.org\/images\/core\/emoji\/12.0.0-1\/svg\/1f433.svg\" alt=\" \" title=\"\"><\/i><\/b><\/h4>\n<p>nDespr\u00e9s d&#039;avortar el nostre vaixell per visitar les balenes al seu h\u00e0bitat. Els nostres capitans estan entrenats per assegurar-se que veieu balenes.<br \/>\nn<br \/>\nDe 9:00h a 12:00h O Privat m\u00ednim 4 persones de 13:00h a 15:30h. Observatori d&#039;observaci\u00f3 de balenes i Despr\u00e9s d&#039;aquest viatge Whale Whatchig, tornem al port principal de Samana.<br \/>\nn<br \/>\nn<strong>Nota:<\/strong> Aquest tour no \u00e9s privat. Si voleu organitzar una visita privada, poseu-vos en contacte amb nosaltres!<br \/>\nn<\/p>\n<ul>\nn \t<\/p>\n<li>Viatge d&#039;observaci\u00f3 de balenes<\/li>\n<p>n \t<\/p>\n<li>Trasllat Catamarn Vaixell<\/li>\n<p>n \t<\/p>\n<li>El capit\u00e0 proporciona instrucci\u00f3 i supervisi\u00f3<\/li>\n<p>n \t<\/p>\n<li>Guia tur\u00edstica<\/li>\n<p>n<\/ul>\n<p>n&nbsp;<br \/>\nn<\/p>\n<h4><b>Inclusions i exclusions<\/b><\/h4>\n<p>n&nbsp;<br \/>\nn<br \/>\nn<b>Inclusions<\/b><br \/>\nn<\/p>\n<ol>\nn \t<\/p>\n<li>Guia tur\u00edstica<\/li>\n<p>n \t<\/p>\n<li>Excursi\u00f3 en catamar\u00e0 o vaixell<\/li>\n<p>n \t<\/p>\n<li>Tots els impostos, taxes i despeses de gesti\u00f3<\/li>\n<p>n \t<\/p>\n<li>Impostos locals<\/li>\n<p>n<\/ol>\n<p>n<b>Exclusions<\/b><br \/>\nn<\/p>\n<ol>\nn \t<\/p>\n<li>Propostes<\/li>\n<p>n \t<\/p>\n<li>Cotxe de trasllat<\/li>\n<p>n \t<\/p>\n<li>Begudes alcoh\u00f2liques<\/li>\n<p>n \t<\/p>\n<li>Begudes<\/li>\n<p>n \t<\/p>\n<li>Tauletes de Dramamine (opcional)<\/li>\n<p>n \t<\/p>\n<li>Preu d&#039;entrada al Santuari. (polsera)<\/li>\n<p>n<\/ol>\n<p>n&nbsp;<br \/>\nn<\/p>\n<h4><em><strong>Sortida i tornada<\/strong><\/em><\/h4>\n<p>nEl viatger obtindr\u00e0 un punt de trobada despr\u00e9s del proc\u00e9s de reserva. Les visites comencen i acaben als nostres punts de trobada.<br \/>\nn<\/p>\n<h3>Mig dia d&#039;observaci\u00f3 de balenes Samana en catamar\u00e0<\/h3>\n<p>n<\/p>\n<h4><b><i>Qu\u00e8 esperar?<\/i><\/b><\/h4>\n<p>n&nbsp;<br \/>\nn<br \/>\nn<em><strong>Aconsegueix les teves entrades<\/strong><\/em> per a una excursi\u00f3 de mig dia Excursi\u00f3 d&#039;observaci\u00f3 de balenes a la badia de Saman\u00e1.<br \/>\nn<br \/>\nnLa sortida d&#039;observaci\u00f3 de balenes de mig dia, organitzada per \u201cBooking Adventures\u201d, comen\u00e7a al punt de trobada establert amb el Guia Tur\u00edstic. El dinar a la platja \u00e9s <strong>no<\/strong> incloure en aquest recorregut.<br \/>\nn<br \/>\nn&nbsp;<br \/>\nn<br \/>\nn<strong>Horari:<\/strong><br \/>\nn<br \/>\nn9:00 AM \u2013 12:30 PM<br \/>\nn<br \/>\n13:00 - 15:30. (La majoria ser\u00e0 un viatge privat m\u00ednim 4 persones o contacteu amb nosaltres).<br \/>\nn<br \/>\nn<\/div>\n<p>nEl temps pot canviar depenent de quantes balenes veiem.<br \/>\nn<\/p>\n<div class=\"wpb_wrapper\">\nn<br \/>\nn&nbsp;<br \/>\nn<\/p>\n<h4><em><strong>Qu\u00e8 hauries de portar?<\/strong><\/em><\/h4>\n<p>n<\/p>\n<ul>\nn \t<\/p>\n<li>C\u00e0mera<\/li>\n<p>n \t<\/p>\n<li>Brots repel\u00b7lents<\/li>\n<p>n \t<\/p>\n<li>crema per al sol<\/li>\n<p>n \t<\/p>\n<li>Barret<\/li>\n<p>n \t<\/p>\n<li>Pantalons c\u00f2modes<\/li>\n<p>n \t<\/p>\n<li>Roba de bany<\/li>\n<p>n \t<\/p>\n<li>Diners en efectiu per a records<\/li>\n<p>n<\/ul>\n<p>n&nbsp;<br \/>\nn<\/p>\n<h4><b><i>Recollida a l&#039;hotel<\/i><\/b><\/h4>\n<p>n No s&#039;ofereix servei de recollida a l&#039;hotel per a aquesta excursi\u00f3.<br \/>\nn<br \/>\nn&nbsp;<br \/>\nn<br \/>\nn<b>Nota:<\/b>\u00a0Si feu la reserva dins de les 24 hores posteriors a l&#039;hora de sortida de l&#039;excursi\u00f3\/excursi\u00f3, podem organitzar la recollida a l&#039;hotel amb c\u00e0rrecs addicionals. Un cop completada la compra, us enviarem la informaci\u00f3 de contacte completa (n\u00famero de tel\u00e8fon, adre\u00e7a de correu electr\u00f2nic, etc.) perqu\u00e8 el nostre guia local organitzi la recollida.<br \/>\nn<\/p>\n<h4><b><i>Confirmaci\u00f3 d&#039;informaci\u00f3 addicional<\/i><\/b><\/h4>\n<p>n<\/p>\n<ol>\nn \t<\/p>\n<li>Les entrades s\u00f3n el Rebut despr\u00e9s de pagar aquest Tour. Podeu mostrar el pagament al vostre tel\u00e8fon.<\/li>\n<p>n \t<\/p>\n<li>El punt de trobada es rebr\u00e0 despr\u00e9s del proc\u00e9s de reserva.<\/li>\n<p>n \t<\/p>\n<li>Els nens han d&#039;anar acompanyats d&#039;un adult.<\/li>\n<p>n \t<\/p>\n<li>accessible amb cadira de rodes<\/li>\n<p>n \t<\/p>\n<li>Els nadons han de seure a les faldes<\/li>\n<p>n \t<\/p>\n<li>La majoria dels viatgers poden participar<\/li>\n<p>n<\/ol>\n<p>n<\/p>\n<h4><b><i>Pol\u00edtica de cancel \u00b7 laci\u00f3<\/i><\/b><\/h4>\n<p>nPer obtenir un reemborsament complet, llegiu les nostres pol\u00edtiques de cancel\u00b7lacions\u00a0<a href=\"https:\/\/www.boattoursamana.com\/ca\/reserva-en-linia\/\" target=\"_blank\" rel=\"noopener\" data-saferedirecturl=\"https:\/\/www.google.com\/url?q=https:\/\/www.boattoursamana.com\/online-booking\/&amp;source=gmail&amp;ust=1672449202351000&amp;usg=AOvVaw1yAeVAPktmaVCqDujgUn90\">Clica aqu\u00ed<\/a>. Els fons es perdran si la reserva es cancel\u00b7la el mateix dia del viatge.<br \/>\nn<br \/>\nn<\/div>\n<p>n\n<\/p><\/div>\n<p>n\n<\/p><\/div>\n<p>n\n<\/p><\/div>\n<p>n\n<\/p><\/div>\n<p>n\n<\/p><\/div>\n<p>n\n<\/p><\/div>\n<p>n\n<\/p><\/div>\n<p>n\n<\/p><\/div>\n<p>n\n<\/p><\/div>\n<p>n\n<\/p><\/div>\n<p>n\n<\/p><\/div>\n<p>n<\/p>\n<div class=\"vc_row wpb_row vc_row-fluid\">\nn<\/p>\n<div class=\"wpb_column vc_column_container vc_col-sm-12\">\nn<\/p>\n<div class=\"vc_column-inner\">\nn<\/p>\n<div class=\"wpb_wrapper\">\nn<\/p>\n<div class=\"vc_empty_space\"><\/div>\n<p>n<\/p>\n<div class=\"wpb_text_column wpb_content_element\">\nn<\/p>\n<div class=\"wpb_wrapper\">\nn<\/p>\n<h4>Contactar amb nosaltres?<\/h4>\n<p>n<\/p>\n<h5><b><i>TOUR LES BALENES SAMANA<\/i><\/b><\/h5>\n<p>n<em><strong>Locals<\/strong>\u00a0i\u00a0<strong>Nacionals<\/strong>\u00a0Guies tur\u00edstics i serveis als convidats<\/em><br \/>\nn<br \/>\nn<span class=\"text-turquoise\">Reserves:<\/span>\u00a0Tours i excursions a Dom. Rep.<br \/>\nn<br \/>\nn<img decoding=\"async\" class=\"emoji\" draggable=\"false\" src=\"https:\/\/s.w.org\/images\/core\/emoji\/11.2.0\/svg\/1f4de.svg\" alt=\" \" title=\"\">\u00a0Tel\/Whatsapp\u00a0\u00a0<a href=\"tel:+1-809-720-6035\">+1-809-720-6035<\/a>.<br \/>\nn<br \/>\nn<img decoding=\"async\" class=\"emoji\" draggable=\"false\" src=\"https:\/\/s.w.org\/images\/core\/emoji\/11.2.0\/svg\/1f4e9.svg\" alt=\" \" title=\"\">\u00a0<a href=\"mailto:info@bookingadventures.com.do\">info@bookingadventures.com.do<\/a><br \/>\nn<br \/>\nn<strong>Som flexibles per configurar visites privades per Whatsapp:\u00a0<a href=\"tel:+18097206035\">+18097206035.<\/a><\/strong><br \/>\nn<br \/>\nn<\/div>\n<p>n\n<\/p><\/div>\n<p>n\n<\/p><\/div>\n<p>n\n<\/p><\/div>\n<p>n\n<\/p><\/div>\n<p>n\n<\/p><\/div>\n<p>n<\/p>\n\n\t\t<\/div>\n\t<\/div>\n<div class=\"vc_message_box vc_message_box-standard vc_message_box-rounded vc_color-info\" ><div class=\"vc_message_box-icon\"><i class=\"fas fa-info-circle\"><\/i><\/div><p><strong>El preu no inclou el dinar. si us agrada tot inclou:\u00a0 <a href=\"https:\/\/www.boattoursamana.com\/ca\/tours-excursions\/tours-and-excursions\/samana-whale-watching-cayo-levantado\/\">Clica aqu\u00ed\u00a0<\/a><\/strong><\/p>\n<\/div><\/div><\/div><\/div><\/div><div class=\"vc_row wpb_row vc_row-fluid\" ><div class=\"wpb_column vc_column_container vc_col-sm-12\"><div class=\"vc_column-inner\"><div class=\"wpb_wrapper\"><div class=\"vc_btn3-container vc_btn3-inline\" ><button class=\"vc_general vc_btn3 vc_btn3-size-md vc_btn3-shape-rounded vc_btn3-style-modern vc_btn3-color-green\">RESERVAR ARA<\/button><\/div><\/div><\/div><\/div><\/div>","protected":false},"excerpt":{"rendered":"<p>Half-Day Whale Watching Samana Bay, Dominican Republic. Whale Watching from Saman\u00e1 port in a comfortable Catamaran. Book in the Morning or Afternoon trips for Whale watching. Book Now this excursion in Samana bay for a Good whale watching trip experience. n nPrice do not include Lunch. If you will like all include please:\u00a0 Click here\u00a0 n n&nbsp; &nbsp;<\/p>","protected":false},"author":2,"featured_media":0,"parent":0,"menu_order":0,"comment_status":"open","ping_status":"closed","template":"","meta":{"footnotes":""},"class_list":["post-15764","page","type-page","status-publish","hentry"],"_links":{"self":[{"href":"https:\/\/www.boattoursamana.com\/ca\/wp-json\/wp\/v2\/pages\/15764","targetHints":{"allow":["GET"]}}],"collection":[{"href":"https:\/\/www.boattoursamana.com\/ca\/wp-json\/wp\/v2\/pages"}],"about":[{"href":"https:\/\/www.boattoursamana.com\/ca\/wp-json\/wp\/v2\/types\/page"}],"author":[{"embeddable":true,"href":"https:\/\/www.boattoursamana.com\/ca\/wp-json\/wp\/v2\/users\/2"}],"replies":[{"embeddable":true,"href":"https:\/\/www.boattoursamana.com\/ca\/wp-json\/wp\/v2\/comments?post=15764"}],"version-history":[{"count":0,"href":"https:\/\/www.boattoursamana.com\/ca\/wp-json\/wp\/v2\/pages\/15764\/revisions"}],"wp:attachment":[{"href":"https:\/\/www.boattoursamana.com\/ca\/wp-json\/wp\/v2\/media?parent=15764"}],"curies":[{"name":"wp","href":"https:\/\/api.w.org\/{rel}","templated":true}]}}