{"id":15773,"date":"2023-07-15T07:43:40","date_gmt":"2023-07-15T07:43:40","guid":{"rendered":"https:\/\/www.ticketswhales.com\/ermitano-beach-playa-ermitano-boat-tour-and-playa-onda-half-day-trip-samana-dominican-republic\/"},"modified":"2023-08-10T18:28:51","modified_gmt":"2023-08-10T18:28:51","slug":"ermitano-beach-playa-ermitano-boat-tour-and-playa-onda-half-day-trip-samana-dominican-republic","status":"publish","type":"page","link":"https:\/\/www.boattoursamana.com\/ca\/excursio-en-vaixell-ermitano-platja-playa-ermitano-i-platja-onda-viaja-de-mig-dia-samana-republica-dominicana-2","title":{"rendered":"(Platja Ermitano) Excursi\u00f3 en vaixell a Platja Ermita\u00f1o i Platja Onda, Excursi\u00f3 de mig dia, Saman\u00e1 \u2013 Rep\u00fablica Dominicana."},"content":{"rendered":"<p><span style=\"vertical-align: inherit;\"><span style=\"vertical-align: inherit;\">El viatge comen\u00e7a reconeixent-lo en el seu hotel o en l&#039;aeroport a l&#039;\u00e0rea de Saman\u00e1 de Las Galeras. <\/span><span style=\"vertical-align: inherit;\">Comience su experiencia a Playa El Valle, una hermosa y \u00fanica playa cerca de Saman\u00e1. <\/span><span style=\"vertical-align: inherit;\">Disfrute d&#039;un viatge en bote de 25 minuts a Playa Ermita\u00f1o, que \u00e9s una platja encara inexplorada i aislada amb aigua blava turquesa. <\/span><span style=\"vertical-align: inherit;\">Disfruta del agua de coco fresca. <\/span><span style=\"vertical-align: inherit;\">Descobrir la bellesa real i intacta de la Rep\u00fablica Dominicana i sum\u00e9rjase en la naturalesa mentre explora la cova secreta a prop. <\/span><span style=\"vertical-align: inherit;\">Qu\u00e9dese a Playa Ermita\u00f1o tot el temps que desee i visite Playa Onda, otra hermosa playa salvaje, a solo 15 minutos en bote. <\/span><span style=\"vertical-align: inherit;\">Regrese a Playa El Valle i despr\u00e9s procedir\u00e0 a Saman\u00e1, veureu cases locals i aprendreu sobre la vida real dominicana. <\/span><span style=\"vertical-align: inherit;\">\u00c9s una experi\u00e8ncia de mig dia de la verdadera Saman\u00e1 a la Rep\u00fablica Dominicana.<\/span><\/span><br \/>\nn<br \/>\nn<br \/>\nn<br \/>\nn<strong><span style=\"vertical-align: inherit;\"><span style=\"vertical-align: inherit;\">Seleccioneu la data per al Tour:\u00a0<\/span><\/span><\/strong><\/p>\n<p>&nbsp;<\/p>\n<div class=\"vc_row wpb_row vc_row-fluid\" ><div class=\"wpb_column vc_column_container vc_col-sm-12\"><div class=\"vc_column-inner\"><div class=\"wpb_wrapper\"><div class=\"vc_btn3-container vc_btn3-inline\" ><button class=\"vc_general vc_btn3 vc_btn3-size-md vc_btn3-shape-rounded vc_btn3-style-modern vc_btn3-color-green\">RESERVAR ARA<\/button><\/div><div class=\"mkdf-section-title-holder\" style=\"text-align: left\">\n\t<div class=\"mkdf-st-inner\">\n\t\t\t\t\t<h5 class=\"mkdf-st-subtitle\" >\n\t\t\t\tDinar, passeig en vaixell i transport privat des dels hotels.\t\t\t<\/h5>\n\t\t\t\t\t\t\t<h3 class=\"mkdf-st-title\" >\n\t\t\t\tPlaya Rinc\u00f3n, Playa Fronton + Playa Madame Beach, Saman\u00e1 - Rep\u00fablica Dominicana.\t\t\t<\/h3>\n\t\t\t\t\t<\/div>\n<\/div>\n\t<div class=\"wpb_text_column wpb_content_element\" >\n\t\t<div class=\"wpb_wrapper\">\n\t\t\t<p>\nn<\/p>\n<h2 class=\"styles__heading___mD4_3\" data-radium=\"true\">(Platja Ermitano) Excursi\u00f3 en vaixell a la platja Ermita\u00f1o i viatge privat a la platja Onda.<\/h2>\n<p>n<\/p>\n<h4><b><i>Visi\u00f3 general <\/i><\/b><\/h4>\n<p>El viatge comen\u00e7a a recollir-vos al vostre hotel o a l&#039;aeroport de la zona de Samana o Las Galeras. Comen\u00e7a la teva experi\u00e8ncia a Playa El Valle, una platja preciosa i \u00fanica a prop de Saman\u00e1. Gaudeix d&#039;un viatge en vaixell de 25 minuts fins a la platja Ermita\u00f1o, que \u00e9s una platja encara inexplorada i a\u00efllada amb aig\u00fces blau turquesa. Gaudiu de l&#039;aigua de coco fresca. Descobriu la bellesa real i verge de la Rep\u00fablica Dominicana i submergiu-vos en la natura mentre exploreu la cova secreta propera. Queda&#039;t a Playa Ermita\u00f1o el temps que vulguis i visita Playa Onda, una altra bonica platja salvatge, a nom\u00e9s 15 minuts amb vaixell. Torneu a Playa El Valle i, a continuaci\u00f3, aneu a Saman\u00e1, veureu cases locals i aprendreu sobre la vida real dominicana.<br \/>\nn<br \/>\nn<br \/>\nn<\/p>\n<ul>\n<li style=\"list-style-type: none;\">\n<ul>n<\/p>\n<li>Guia local amb experi\u00e8ncia en seguretat a la zona.<\/li>\n<\/ul>\n<\/li>\n<\/ul>\n<p>n<\/p>\n<ul>\n<li style=\"list-style-type: none;\">\n<ul>\n<li>Transport privat<\/li>\n<\/ul>\n<\/li>\n<\/ul>\n<p>n<\/p>\n<ul>\n<li style=\"list-style-type: none;\">\n<ul>\n<li>Tarifes incloses<\/li>\n<\/ul>\n<\/li>\n<\/ul>\n<p>n<\/p>\n<ul>\n<li style=\"list-style-type: none;\">\n<ul>\n<li>Dinar a la Platja<\/li>\n<\/ul>\n<\/li>\n<\/ul>\n<p>n<\/p>\n<ul>\n<li style=\"list-style-type: none;\">\n<ul>\n<li>Guia local en castell\u00e0, angl\u00e8s o franc\u00e8s.<\/li>\n<\/ul>\n<\/li>\n<\/ul>\n<p>n<\/p>\n<ul>\n<li style=\"list-style-type: none;\">\n<ul>\n<li>Senderisme<\/li>\n<\/ul>\n<\/li>\n<\/ul>\n<p>n<\/p>\n<p>n<\/p>\n<h4><b>Inclusions i exclusions<\/b><\/h4>\n<p>n<br \/>\nn<br \/>\nn<b>Inclusions<\/b><br \/>\nn<\/p>\n<ol>\n<li style=\"list-style-type: none;\">\n<ol>n<\/p>\n<li><span style=\"font-weight: 400;\">Guia local amb experi\u00e8ncia en seguretat a la zona.<\/span><\/li>\n<\/ol>\n<\/li>\n<\/ol>\n<p>n<\/p>\n<ol>\n<li style=\"list-style-type: none;\">\n<ol>\n<li>Transport privat per a grups redu\u00efts<\/li>\n<\/ol>\n<\/li>\n<\/ol>\n<p>n<\/p>\n<ol>\n<li style=\"list-style-type: none;\">\n<ol>\n<li style=\"font-weight: 400;\">Platja del Rinc\u00f3n<\/li>\n<\/ol>\n<\/li>\n<\/ol>\n<p>n<\/p>\n<ol>\n<li style=\"list-style-type: none;\">\n<ol>\n<li>Ranxo Casa Dominicana<\/li>\n<\/ol>\n<\/li>\n<\/ol>\n<p>n<\/p>\n<ol>\n<li style=\"list-style-type: none;\">\n<ol>\n<li>Riu Cano Frio<\/li>\n<\/ol>\n<\/li>\n<\/ol>\n<p>n<\/p>\n<ol>\n<li style=\"list-style-type: none;\">\n<ol>\n<li style=\"font-weight: 400;\"><span style=\"font-weight: 400;\">Tots els impostos, taxes i despeses de gesti\u00f3<\/span><\/li>\n<\/ol>\n<\/li>\n<\/ol>\n<p>n<\/p>\n<ol>\n<li style=\"list-style-type: none;\">\n<ol>\n<li style=\"font-weight: 400;\"><span style=\"font-weight: 400;\">Impostos locals<\/span><\/li>\n<\/ol>\n<\/li>\n<\/ol>\n<p>n<\/p>\n<ol>\n<li style=\"list-style-type: none;\">\n<ol>\n<li>Dinar a la Platja<\/li>\n<\/ol>\n<\/li>\n<\/ol>\n<p>n<\/p>\n<ol>\n<li style=\"list-style-type: none;\">\n<ol>\n<li>Senderisme<\/li>\n<\/ol>\n<\/li>\n<\/ol>\n<p>n<\/p>\n<ol>\n<li style=\"list-style-type: none;\">\n<ol>\n<li style=\"font-weight: 400;\"><span style=\"font-weight: 400;\">Totes les activitats<\/span><\/li>\n<\/ol>\n<\/li>\n<\/ol>\n<p>n<\/p>\n<p>n<b> Exclusions<\/b><br \/>\nn<\/p>\n<ol>\n<li style=\"list-style-type: none;\">\n<ol>n<\/p>\n<li style=\"font-weight: 400;\"><span style=\"font-weight: 400;\">Propostes<\/span><\/li>\n<\/ol>\n<\/li>\n<\/ol>\n<p>n<\/p>\n<ol>\n<li style=\"list-style-type: none;\">\n<ol>\n<li>Totes les Begudes<\/li>\n<\/ol>\n<\/li>\n<\/ol>\n<p>n<\/p>\n<p>n<\/p>\n<h4><em><strong>Sortida i tornada<\/strong><\/em><\/h4>\n<p>n<span style=\"font-weight: 400;\">El viatger obtindr\u00e0 un punt de trobada despr\u00e9s del proc\u00e9s de reserva. Les visites comencen i acaben als vostres punts de trobada.<\/span><br \/>\nn<\/p>\n<h2 class=\"styles__heading___mD4_3\" data-radium=\"true\">(Platja Ermitano) Excursi\u00f3 en vaixell a la platja Ermita\u00f1o i viatge privat a la platja Onda.<\/h2>\n<p>n<\/p>\n<h4><em>Qu\u00e8 esperar?<\/em><\/h4>\n<p>Despr\u00e9s de sortir de la zona dels hotels de Saman\u00e0 i conduir pels carrers dominicans, veureu i aprendreu sobre l&#039;estil de vida local. Aquesta platja es troba entre Platja Honda i Platja El Valle, a la pen\u00ednsula de Saman\u00e0. T\u00e9 una longitud de 400 metres i est\u00e0 envoltat d&#039;esculls. L&#039;\u00fanica manera d&#039;accedir a aquesta platja \u00e9s fer senderisme, a trav\u00e9s d&#039;un sender dens com una selva o amb un vaixell.<br \/>\nn<br \/>\nn<span style=\"vertical-align: inherit;\"><span style=\"vertical-align: inherit;\">La historia del seu nombre \u00e9s tan fascinant i interessant\u2026 Juan El Ermita\u00f1o aparentment era un pirata franc\u00e8s que, arrepentido, va desembarcar un dia a aquesta platja de Saman\u00e1. <\/span><span style=\"vertical-align: inherit;\">Cuenta la hist\u00f2ria que havia estat sol i a\u00efllat del m\u00f3n durant l&#039;any 1780. La llei dice que despr\u00e9s de 22 anys d&#039;exili, va ser descobert per sorpresa pels seus antics companys corsaris que creyeron mort. <\/span><span style=\"vertical-align: inherit;\">Per\u00f2 els espanyols, asombrats per la seva austeritat i const\u00e0ncia, li van concedir el perd\u00f3, considerant-ho casi un sant. <\/span><span style=\"vertical-align: inherit;\">Pero com tota la historia de piratas que es precie, Juan El Ermita\u00f1o guardava un gran secret: guardava un precioso bot\u00edn de su \u00e9poca de pirata que se escond\u00eda en esta playa.<\/span><\/span><br \/>\nn<br \/>\nEn arribar-hi veur\u00e0s davant teu un paisatge de postal perfecte. Tindreu la impressi\u00f3 de ser \u00fanic al m\u00f3n en aquest lloc m\u00e0gic de la seva vegetaci\u00f3 exuberant i tropical i per la bellesa de les seves aig\u00fces cristal\u00b7lines. Aquesta platja fa realitat una experi\u00e8ncia meravellosa.<br \/>\nn<br \/>\nLa versi\u00f3 turca i sueca de la s\u00e8rie de televisi\u00f3 Survivor es va rodar en aquesta platja<br \/>\nn<br \/>\nAquest tour, organitzat per \u201cBooking Adventures\u201d, comen\u00e7a al punt de trobada establert amb el nostre Guia Tur\u00edstic. Vine amb Booking Adventures i dina a la platja i gaudeix d&#039;una de les platges m\u00e9s sorprenents de Saman\u00e1, Rep\u00fablica Dominicana.<br \/>\nn<\/p>\n<h4><em><strong>Qu\u00e8 hauries de portar?<\/strong><\/em><\/h4>\n<p>n<\/p>\n<ul>\n<li style=\"list-style-type: none;\">\n<ul>n<\/p>\n<li style=\"font-weight: 400;\"><span style=\"font-weight: 400;\">C\u00e0mera<\/span><\/li>\n<\/ul>\n<\/li>\n<\/ul>\n<p>n<\/p>\n<ul>\n<li style=\"list-style-type: none;\">\n<ul>\n<li style=\"font-weight: 400;\"><span style=\"font-weight: 400;\">Brots repel\u00b7lents<\/span><\/li>\n<\/ul>\n<\/li>\n<\/ul>\n<p>n<\/p>\n<ul>\n<li style=\"list-style-type: none;\">\n<ul>\n<li style=\"font-weight: 400;\"><span style=\"font-weight: 400;\">Crema per al sol<\/span><\/li>\n<\/ul>\n<\/li>\n<\/ul>\n<p>n<\/p>\n<ul>\n<li style=\"list-style-type: none;\">\n<ul>\n<li>Aigua<\/li>\n<\/ul>\n<\/li>\n<\/ul>\n<p>n<\/p>\n<ul>\n<li style=\"list-style-type: none;\">\n<ul>\n<li style=\"font-weight: 400;\"><span style=\"font-weight: 400;\">Barret<\/span><\/li>\n<\/ul>\n<\/li>\n<\/ul>\n<p>n<\/p>\n<ul>\n<li style=\"list-style-type: none;\">\n<ul>\n<li style=\"font-weight: 400;\"><span style=\"font-weight: 400;\">Pantalons c\u00f2modes<\/span><\/li>\n<\/ul>\n<\/li>\n<\/ul>\n<p>n<\/p>\n<ul>\n<li style=\"list-style-type: none;\">\n<ul>\n<li style=\"font-weight: 400;\"><span style=\"font-weight: 400;\">Sabates de muntanya per al bosc<\/span><\/li>\n<\/ul>\n<\/li>\n<\/ul>\n<p>n<\/p>\n<ul>\n<li style=\"list-style-type: none;\">\n<ul>\n<li style=\"font-weight: 400;\"><span style=\"font-weight: 400;\">Sand\u00e0lies a les zones de primavera.<\/span><\/li>\n<\/ul>\n<\/li>\n<\/ul>\n<p>n<\/p>\n<ul>\n<li style=\"list-style-type: none;\">\n<ul>\n<li style=\"font-weight: 400;\"><span style=\"font-weight: 400;\">Roba de bany<\/span><\/li>\n<\/ul>\n<\/li>\n<\/ul>\n<p>n<\/p>\n<p>n<br \/>\nn<\/p>\n<h4><b><i>Recollida a l&#039;hotel <\/i><\/b><\/h4>\n<p>n<span style=\"font-weight: 400;\">S&#039;ofereix servei de recollida a l&#039;hotel per a aquesta excursi\u00f3. <\/span><br \/>\nn<br \/>\nn<br \/>\nn<br \/>\nn<b>Nota:<\/b><span style=\"font-weight: 400;\"> Si feu la reserva dins de les 24 hores posteriors a l&#039;hora de sortida del tour o de l&#039;excursi\u00f3, podem organitzar la recollida a l&#039;hotel. Acabem de recollir a la zona de Samana. Un cop completada la compra, us enviarem la informaci\u00f3 de contacte completa (n\u00famero de tel\u00e8fon, adre\u00e7a de correu electr\u00f2nic, etc.) perqu\u00e8 el nostre guia local organitzi la recollida.<\/span><br \/>\nn<\/p>\n<h4><b><i>Confirmaci\u00f3 d&#039;informaci\u00f3 addicional <\/i><\/b><\/h4>\n<p>n<\/p>\n<ol>\n<li style=\"list-style-type: none;\">\n<ol>n<\/p>\n<li>Les entrades s\u00f3n el Rebut despr\u00e9s de pagar aquest Tour. Podeu mostrar el pagament al vostre tel\u00e8fon.<\/li>\n<\/ol>\n<\/li>\n<\/ol>\n<p>n<\/p>\n<ol>\n<li style=\"list-style-type: none;\">\n<ol>\n<li style=\"font-weight: 400;\"><span style=\"font-weight: 400;\">El punt de trobada es rebr\u00e0 despr\u00e9s del proc\u00e9s de reserva.<\/span><\/li>\n<\/ol>\n<\/li>\n<\/ol>\n<p>n<\/p>\n<ol>\n<li style=\"list-style-type: none;\">\n<ol>\n<li style=\"font-weight: 400;\"><span style=\"font-weight: 400;\">Els nens han d&#039;anar acompanyats d&#039;un adult.<\/span><\/li>\n<\/ol>\n<\/li>\n<\/ol>\n<p>n<\/p>\n<ol>\n<li style=\"list-style-type: none;\">\n<ol>\n<li style=\"font-weight: 400;\"><span style=\"font-weight: 400;\"> No accessible amb cadira de rodes <\/span><\/li>\n<\/ol>\n<\/li>\n<\/ol>\n<p>n<\/p>\n<ol>\n<li style=\"list-style-type: none;\">\n<ol>\n<li style=\"font-weight: 400;\"><span style=\"font-weight: 400;\">Els nadons han de seure a les faldes <\/span><\/li>\n<\/ol>\n<\/li>\n<\/ol>\n<p>n<\/p>\n<ol>\n<li style=\"list-style-type: none;\">\n<ol>\n<li style=\"font-weight: 400;\"><span style=\"font-weight: 400;\">No recomanat per a viatgers amb problemes d&#039;esquena<\/span><\/li>\n<\/ol>\n<\/li>\n<\/ol>\n<p>n<\/p>\n<ol>\n<li style=\"list-style-type: none;\">\n<ol>\n<li style=\"font-weight: 400;\"><span style=\"font-weight: 400;\">No recomanat per a viatgers embarassades <\/span><\/li>\n<\/ol>\n<\/li>\n<\/ol>\n<p>n<\/p>\n<ol>\n<li style=\"list-style-type: none;\">\n<ol>\n<li style=\"font-weight: 400;\"><span style=\"font-weight: 400;\"> Sense problemes card\u00edacs ni altres afeccions m\u00e8diques greus <\/span><\/li>\n<\/ol>\n<\/li>\n<\/ol>\n<p>n<\/p>\n<ol>\n<li style=\"list-style-type: none;\">\n<ol>\n<li style=\"font-weight: 400;\"><span style=\"font-weight: 400;\">La majoria dels viatgers poden participar<\/span><\/li>\n<\/ol>\n<\/li>\n<\/ol>\n<p>n<\/p>\n<p>n<\/p>\n<h4><b><i>Pol\u00edtica de cancel \u00b7 laci\u00f3<\/i><\/b><\/h4>\n<p>nPer obtenir un reemborsament complet, llegiu les nostres pol\u00edtiques de cancel\u00b7lacions\u00a0<a href=\"https:\/\/www.boattoursamana.com\/ca\/reserva-en-linia\/\" target=\"_blank\" rel=\"noopener\" data-saferedirecturl=\"https:\/\/www.google.com\/url?q=https:\/\/www.boattoursamana.com\/online-booking\/&amp;source=gmail&amp;ust=1672532492004000&amp;usg=AOvVaw3ylqI1cdbIPTimEqEWneyd\">Clica aqu\u00ed<\/a>. Els fons es perdran si la reserva es cancel\u00b7la el mateix dia del viatge.<\/p>\n\n\t\t<\/div>\n\t<\/div>\n<\/div><\/div><\/div><\/div><div class=\"vc_row wpb_row vc_row-fluid\" ><div class=\"wpb_column vc_column_container vc_col-sm-12\"><div class=\"vc_column-inner\"><div class=\"wpb_wrapper\">\n\t<div class=\"wpb_video_widget wpb_content_element vc_clearfix   vc_video-aspect-ratio-169 vc_video-el-width-100 vc_video-align-left\" >\n\t\t<div class=\"wpb_wrapper\">\n\t\t\t<h2 class=\"wpb_heading wpb_video_heading\">Mira el v\u00eddeo:<\/h2>\n\t\t\t<div class=\"wpb_video_wrapper\"><a href=\"https:\/\/vimeo.com\/263076708\" rel=\"noopener\">https:\/\/vimeo.com\/263076708<\/a><\/div>\n\t\t<\/div>\n\t<\/div>\n<\/div><\/div><\/div><\/div><div class=\"vc_row wpb_row vc_row-fluid\" ><div class=\"wpb_column vc_column_container vc_col-sm-12\"><div class=\"vc_column-inner\"><div class=\"wpb_wrapper\"><div class=\"vc_empty_space\"   style=\"height: 32px\"><span class=\"vc_empty_space_inner\"><\/span><\/div>\n\t<div class=\"wpb_text_column wpb_content_element\" >\n\t\t<div class=\"wpb_wrapper\">\n\t\t\t<p>\nn<\/p>\n<h4>Contactar amb nosaltres?<\/h4>\n<p>n<\/p>\n<h5>Reserves Aventures<\/h5>\n<p>n<em><strong>Locals<\/strong>\u00a0i\u00a0<strong>Nacionals<\/strong>\u00a0Guies tur\u00edstics i serveis als convidats<\/em><br \/>\nn<br \/>\nn<span class=\"text-turquoise\">Reserves:<\/span>\u00a0Tours i excursions a Dom. Rep.<br \/>\nn<br \/>\nn<img decoding=\"async\" class=\"emoji\" draggable=\"false\" src=\"https:\/\/s.w.org\/images\/core\/emoji\/11.2.0\/svg\/1f4de.svg\" alt=\" \" title=\"\">\u00a0Tel\/Whatsapp\u00a0\u00a0<a href=\"tel:+1-809-720-6035\">+1-809-720-6035<\/a>.<br \/>\nn<br \/>\nn<img decoding=\"async\" class=\"emoji\" draggable=\"false\" src=\"https:\/\/s.w.org\/images\/core\/emoji\/11.2.0\/svg\/1f4e9.svg\" alt=\" \" title=\"\">\u00a0<a href=\"mailto:info@bookingadventures.com.do\">info@bookingadventures.com.do<\/a><br \/>\nn<br \/>\nn<strong>Som flexibles per configurar visites privades per Whatsapp:\u00a0<a href=\"tel:+18097206035\">+18097206035.<\/a><\/strong><\/p>\n\n\t\t<\/div>\n\t<\/div>\n<div class=\"vc_empty_space\"   style=\"height: 32px\"><span class=\"vc_empty_space_inner\"><\/span><\/div><\/div><\/div><\/div><\/div><div class=\"vc_row wpb_row vc_row-fluid\" ><div class=\"wpb_column vc_column_container vc_col-sm-12\"><div class=\"vc_column-inner\"><div class=\"wpb_wrapper\"><div class=\"vc_btn3-container vc_btn3-inline\" ><button class=\"vc_general vc_btn3 vc_btn3-size-md vc_btn3-shape-rounded vc_btn3-style-modern vc_btn3-color-green\">RESERVAR ARA<\/button><\/div><\/div><\/div><\/div><\/div>","protected":false},"excerpt":{"rendered":"<p>El viaje comienza recogi\u00e9ndolo en su hotel o en el aeropuerto en el \u00e1rea de Saman\u00e1 de Las Galeras. Comience su experiencia en Playa El Valle, una hermosa y \u00fanica playa cerca de Saman\u00e1. Disfrute de un viaje en bote de 25 minutos a Playa Ermita\u00f1o, que es una playa a\u00fan inexplorada y aislada con agua azul turquesa. Disfruta del agua de coco fresca. Descubra la belleza real e intacta de la Rep\u00fablica Dominicana y sum\u00e9rjase en la naturaleza mientras [&hellip;]<\/p>\n","protected":false},"author":2,"featured_media":0,"parent":0,"menu_order":0,"comment_status":"closed","ping_status":"closed","template":"","meta":{"footnotes":""},"class_list":["post-15773","page","type-page","status-publish","hentry"],"_links":{"self":[{"href":"https:\/\/www.boattoursamana.com\/ca\/wp-json\/wp\/v2\/pages\/15773","targetHints":{"allow":["GET"]}}],"collection":[{"href":"https:\/\/www.boattoursamana.com\/ca\/wp-json\/wp\/v2\/pages"}],"about":[{"href":"https:\/\/www.boattoursamana.com\/ca\/wp-json\/wp\/v2\/types\/page"}],"author":[{"embeddable":true,"href":"https:\/\/www.boattoursamana.com\/ca\/wp-json\/wp\/v2\/users\/2"}],"replies":[{"embeddable":true,"href":"https:\/\/www.boattoursamana.com\/ca\/wp-json\/wp\/v2\/comments?post=15773"}],"version-history":[{"count":0,"href":"https:\/\/www.boattoursamana.com\/ca\/wp-json\/wp\/v2\/pages\/15773\/revisions"}],"wp:attachment":[{"href":"https:\/\/www.boattoursamana.com\/ca\/wp-json\/wp\/v2\/media?parent=15773"}],"curies":[{"name":"wp","href":"https:\/\/api.w.org\/{rel}","templated":true}]}}