{"id":15784,"date":"2023-07-15T07:43:40","date_gmt":"2023-07-15T07:43:40","guid":{"rendered":"https:\/\/www.ticketswhales.com\/punta-cana-buggy-tour-pick-up-from-punta-cana-hotels\/"},"modified":"2023-07-15T07:43:40","modified_gmt":"2023-07-15T07:43:40","slug":"punta-cana-buggy-tour-pick-up-from-punta-cana-hotels","status":"publish","type":"page","link":"https:\/\/www.boattoursamana.com\/ca\/punta-cana-buggy-tour-recollida-des-hotels-punta-cana-2","title":{"rendered":"Excursi\u00f3 en buggy a Punta Cana - Recollida dels hotels de Punta Cana"},"content":{"rendered":"<p>Despr\u00e9s d&#039;haver-te recollit al teu hotel, ens dirigirem cap a l&#039;interior de Punta Cana. Envoltat de\u00a0<strong>plantacions de caf\u00e8 i cacau<\/strong>, el teu\u00a0<strong>guies locals<\/strong>\u00a0t&#039;explicar\u00e0 el recorregut i tot el que has de saber per conduir el teu buggy.<br \/>\nn<br \/>\nLlavors girarem la clau a l&#039;encesa i comen\u00e7arem l&#039;emoci\u00f3, fent una cremallera\u00a0<strong>turons, a trav\u00e9s de plantacions de caf\u00e8 i per camins de terra i llera de rius<\/strong>.<br \/>\nn<br \/>\nn&nbsp;<br \/>\nn<br \/>\nn<em><strong>Seleccioneu la data per al Tour\u00a0<\/strong><\/em><\/p>\n<p>&nbsp;<\/p>\n<div class=\"vc_row wpb_row vc_row-fluid\" ><div class=\"wpb_column vc_column_container vc_col-sm-12\"><div class=\"vc_column-inner\"><div class=\"wpb_wrapper\"><div class=\"mkdf-section-title-holder\" style=\"text-align: left\">\n\t<div class=\"mkdf-st-inner\">\n\t\t\t\t\t<h5 class=\"mkdf-st-subtitle\" >\n\t\t\t\tDes dels hotels de Punta Cana\t\t\t<\/h5>\n\t\t\t\t\t\t\t<h3 class=\"mkdf-st-title\" >\n\t\t\t\tPunta Cana Buggies - Buggy\t\t\t<\/h3>\n\t\t\t\t\t\t\t<p class=\"mkdf-st-text\" >\n\t\t\t\tNota: aquest recorregut comen\u00e7a a les 7:00 a. m. Depenent d&#039;on es trobi l&#039;hora de recollida de l&#039;hotel pot canviar. Cost addicional per a la recollida a les zones que no figuren a la nostra descripci\u00f3.\t\t\t<\/p>\n\t\t\t<\/div>\n<\/div><\/div><\/div><\/div><\/div><div class=\"vc_row wpb_row vc_row-fluid\" ><div class=\"wpb_column vc_column_container vc_col-sm-12\"><div class=\"vc_column-inner\"><div class=\"wpb_wrapper\"><div class=\"vc_empty_space\"   style=\"height: 32px\"><span class=\"vc_empty_space_inner\"><\/span><\/div><\/div><\/div><\/div><\/div><div class=\"vc_row wpb_row vc_row-fluid\" ><div class=\"wpb_column vc_column_container vc_col-sm-12\"><div class=\"vc_column-inner\"><div class=\"wpb_wrapper\">\n\t<div class=\"wpb_text_column wpb_content_element\" >\n\t\t<div class=\"wpb_wrapper\">\n\t\t\t<p>\nn<\/p>\n<h4><b><i>Visi\u00f3 general <\/i><\/b><\/h4>\n<p>n<\/p>\n<div>\nn<br \/>\nRecorre els paisatges paradis\u00edacs de Punta Cana, a bord del teu propi buggy! Ho far\u00e0s <strong>descobreix el poble de Macau i les seves platges id\u00edl\u00b7liques<\/strong>, a m\u00e9s de banyar-se en un cenote aut\u00f2cton.<br \/>\nn<br \/>\nn<\/div>\n<p>n<\/p>\n<ul class=\"vcs-highlights\">\nn \t<\/p>\n<li>Elecci\u00f3 de diverses sortides al llarg del dia<\/li>\n<p>n \t<\/p>\n<li>Gaudeix d&#039;unes vistes fant\u00e0stiques<\/li>\n<p>n \t<\/p>\n<li>Acollidor familiar<\/li>\n<p>n \t<\/p>\n<li>Recollida des d&#039;un punt de trobada c\u00e8ntric<\/li>\n<p>n \t<\/p>\n<li>Experi\u00e8ncia rom\u00e0ntica, perfecta per a parelles<\/li>\n<p>n<\/ul>\n<p>n&nbsp;<br \/>\nn<\/p>\n<h4><b>Inclusions i exclusions<\/b><\/h4>\n<p>n&nbsp;<br \/>\nn<br \/>\nn<b>Inclusions<\/b><br \/>\nn<br \/>\nn&nbsp;<br \/>\nn<\/p>\n<ol>\nn \t<\/p>\n<li>Excursi\u00f3 en buggies<\/li>\n<p>n \t<\/p>\n<li>Recollida d&#039;autob\u00fas des del vostre hotel<\/li>\n<p>n \t<\/p>\n<li style=\"font-weight: 400;\"><span style=\"font-weight: 400;\">Tots els impostos, taxes i despeses de gesti\u00f3<\/span><\/li>\n<p>n \t<\/p>\n<li style=\"font-weight: 400;\"><span style=\"font-weight: 400;\">Impostos locals<\/span><\/li>\n<p>n \t<\/p>\n<li style=\"font-weight: 400;\"><span style=\"font-weight: 400;\">Begudes<\/span><\/li>\n<p>n<\/ol>\n<p>n<b> Exclusions<\/b><br \/>\nn<\/p>\n<ol>\nn \t<\/p>\n<li style=\"font-weight: 400;\"><span style=\"font-weight: 400;\">Propostes<\/span><\/li>\n<p>n \t<\/p>\n<li>Dinar<\/li>\n<p>n<\/ol>\n<p>n&nbsp;<br \/>\nn<\/p>\n<h4><em><strong>Sortida i tornada<\/strong><\/em><\/h4>\n<p>n<span style=\"font-weight: 400;\">El viatger obtindr\u00e0 un punt de trobada despr\u00e9s del proc\u00e9s de reserva. Les visites comencen i acaben als nostres punts de trobada.<\/span><br \/>\nn<br \/>\nn&nbsp;<br \/>\nn<\/p>\n<h4><b><i>Qu\u00e8 esperar?<\/i><\/b><\/h4>\n<p>Despr\u00e9s d&#039;haver-te recollit al teu hotel, ens dirigirem cap a l&#039;interior de Punta Cana. Envoltat de <strong>plantacions de caf\u00e8 i cacau<\/strong>, el teu\u00a0<strong>guies locals<\/strong>\u00a0t&#039;explicar\u00e0 el recorregut i tot el que has de saber per conduir el teu buggy.<br \/>\nn<br \/>\nLlavors girarem la clau a l&#039;encesa i comen\u00e7arem l&#039;emoci\u00f3, fent una cremallera\u00a0<strong>turons, a trav\u00e9s de plantacions de caf\u00e8 i per camins de terra i llera de rius<\/strong>.<br \/>\nn<br \/>\nLa nostra primera parada ser\u00e0 a la platja de Macau. Lluny dels grans hotels i zones tur\u00edstiques, aix\u00f2\u00a0<strong>parad\u00eds natural<\/strong>\u00a0i les seves aig\u00fces cristal\u00b7lines s\u00f3n el lloc perfecte per a un bany, i aqu\u00ed tindreu temps lliure\u00a0<strong>nedar a l&#039;impressionant mar Carib<\/strong>.<br \/>\nn<br \/>\nDespr\u00e9s tornarem a pujar a bord del nostre buggy, cam\u00ed cap a les anomenades &#039;Indigenous Springs&#039;, descobrint una de les m\u00e9s id\u00edl\u00b7liques.<strong>\u00a0cenotes<\/strong>\u00a0a Punta Cana. Aqu\u00ed tindreu mitja hora lliure per explorar aquesta piscina subterr\u00e0nia, nedant a les seves aig\u00fces turqueses.<br \/>\nn<br \/>\nFinalment, deixarem els cotxets enrere i us acompanyarem de tornada al vostre allotjament, posant fi a un dia inoblidable.<br \/>\nn<br \/>\nn<strong>Horari:<\/strong><br \/>\nn<br \/>\nn7:00 AM \u2013 7:00 PM\u2026 Canvi d&#039;hora en funci\u00f3 de si us trobeu a Punta Cana.<br \/>\nn<\/p>\n<h4>En solitari o compartint?<\/h4>\n<p>Quan feu la vostra reserva, podeu triar si preferiu conduir un buggy o compartir un vehicle amb un o tres m\u00e9s. El preu indicat \u00e9s per persona.<br \/>\nn<br \/>\nn&nbsp;<br \/>\nn<\/p>\n<h4><em><strong>Qu\u00e8 hauries de portar?<\/strong><\/em><\/h4>\n<p>n<\/p>\n<ul>\nn \t<\/p>\n<li style=\"font-weight: 400;\"><span style=\"font-weight: 400;\">C\u00e0mera<\/span><\/li>\n<p>n \t<\/p>\n<li style=\"font-weight: 400;\"><span style=\"font-weight: 400;\">Brots repel\u00b7lents<\/span><\/li>\n<p>n \t<\/p>\n<li style=\"font-weight: 400;\"><span style=\"font-weight: 400;\">crema per al sol<\/span><\/li>\n<p>n \t<\/p>\n<li style=\"font-weight: 400;\"><span style=\"font-weight: 400;\">Barret<\/span><\/li>\n<p>n \t<\/p>\n<li style=\"font-weight: 400;\"><span style=\"font-weight: 400;\">Pantalons c\u00f2modes<\/span><\/li>\n<p>n \t<\/p>\n<li style=\"font-weight: 400;\"><span style=\"font-weight: 400;\">Sabates de muntanya per al bosc<\/span><\/li>\n<p>n \t<\/p>\n<li style=\"font-weight: 400;\"><span style=\"font-weight: 400;\">Sand\u00e0lies a la platja<\/span><\/li>\n<p>n \t<\/p>\n<li style=\"font-weight: 400;\"><span style=\"font-weight: 400;\">Roba de bany<\/span><\/li>\n<p>n \t<\/p>\n<li>Diners en efectiu per a records<\/li>\n<p>n<\/ul>\n<p>n&nbsp;<br \/>\nn<\/p>\n<h4><b><i>Recollida a l&#039;hotel <\/i><\/b><\/h4>\n<p>n<span style=\"font-weight: 400;\">S&#039;ofereix recollida dels viatgers!<\/span><br \/>\nn<br \/>\nn<span style=\"font-weight: 400;\">Fem recollida a tots els hotels de Punta Cana. La ubicaci\u00f3 de recollida \u00e9s el vest\u00edbul de l&#039;hotel<br \/>\nSi us allotgeu en un condomini de la zona, us recollirem al condominio o a l&#039;entrada del complex m\u00e9s proper.. Configurem Pick up contactant-nos per Whatsapp.<\/span><br \/>\nn<br \/>\nn<b>Nota:<\/b><span style=\"font-weight: 400;\"> Si feu la reserva dins de les 24 hores posteriors a l&#039;hora de sortida del tour o de l&#039;excursi\u00f3, podem organitzar la recollida a l&#039;hotel. Un cop completada la compra, us enviarem la informaci\u00f3 de contacte completa (n\u00famero de tel\u00e8fon, adre\u00e7a de correu electr\u00f2nic, etc.) perqu\u00e8 el nostre guia local organitzi la recollida.<\/span><br \/>\nn<\/p>\n<h4><b><i>Confirmaci\u00f3 d&#039;informaci\u00f3 addicional <\/i><\/b><\/h4>\n<p>n<\/p>\n<ol>\nn \t<\/p>\n<li>Les entrades s\u00f3n el Rebut despr\u00e9s de pagar aquest Tour. Podeu mostrar el pagament al vostre tel\u00e8fon.<\/li>\n<p>n \t<\/p>\n<li style=\"font-weight: 400;\"><span style=\"font-weight: 400;\">El punt de trobada es rebr\u00e0 despr\u00e9s del proc\u00e9s de reserva.<\/span><\/li>\n<p>n \t<\/p>\n<li style=\"font-weight: 400;\"><strong>Nens d&#039;entre 5 i 11 anys<\/strong>\u00a0Nom\u00e9s podran participar-hi si viatgen en un buggy de 2 o 4 persones, acompanyats d&#039;un adult, ja que no poden conduir els cotxets.<\/li>\n<p>n \t<\/p>\n<li style=\"font-weight: 400;\"><span style=\"font-weight: 400;\">accessible amb cadira de rodes <\/span><\/li>\n<p>n \t<\/p>\n<li style=\"font-weight: 400;\"><span style=\"font-weight: 400;\">Els nadons han de seure a les faldes <\/span><\/li>\n<p>n \t<\/p>\n<li style=\"font-weight: 400;\"><span style=\"font-weight: 400;\">La majoria dels viatgers poden participar<\/span><\/li>\n<p>n \t<\/p>\n<li><strong>Dona embarassada<\/strong>\u00a0no podran participar en aquesta activitat.<\/li>\n<p>n<\/ol>\n<p>n<\/p>\n<h4><b><i>Pol\u00edtica de cancel \u00b7 laci\u00f3<\/i><\/b><\/h4>\n<p>n<span style=\"font-weight: 400;\">Per obtenir un reemborsament complet, llegiu les nostres pol\u00edtiques de cancel\u00b7lacions\u00a0<a href=\"https:\/\/www.boattoursamana.com\/ca\/reserva-en-linia\/\" target=\"_blank\" rel=\"noopener\" data-saferedirecturl=\"https:\/\/www.google.com\/url?q=https:\/\/www.boattoursamana.com\/online-booking\/&amp;source=gmail&amp;ust=1672449202351000&amp;usg=AOvVaw1yAeVAPktmaVCqDujgUn90\">Clica aqu\u00ed<\/a>. Els fons es perdran si la reserva es cancel\u00b7la el mateix dia del viatge.<\/span><\/p>\n\n\t\t<\/div>\n\t<\/div>\n<\/div><\/div><\/div><\/div><div class=\"vc_row wpb_row vc_row-fluid\" ><div class=\"wpb_column vc_column_container vc_col-sm-12\"><div class=\"vc_column-inner\"><div class=\"wpb_wrapper\">\n\t<div class=\"wpb_text_column wpb_content_element\" >\n\t\t<div class=\"wpb_wrapper\">\n\t\t\t<p>\nn<\/p>\n<h4>Contactar amb nosaltres?<\/h4>\n<p>n<\/p>\n<h5><em><strong>Reserves Aventures<\/strong><\/em><\/h5>\n<p>n<em><strong>Locals<\/strong> i <strong>Nacionals<\/strong> Guies tur\u00edstics i serveis als convidats<\/em><br \/>\nn<br \/>\nn<span class=\"text-turquoise\">Reserves:<\/span> Tours i excursions a Dom. Rep.<\/p>\n\n\t\t<\/div>\n\t<\/div>\n<\/div><\/div><\/div><\/div><div class=\"vc_row wpb_row vc_row-fluid\" ><div class=\"wpb_column vc_column_container vc_col-sm-12\"><div class=\"vc_column-inner\"><div class=\"wpb_wrapper\"><div class=\"vc_empty_space\"   style=\"height: 32px\"><span class=\"vc_empty_space_inner\"><\/span><\/div>\n\t<div class=\"wpb_text_column wpb_content_element\" >\n\t\t<div class=\"wpb_wrapper\">\n\t\t\t<p>\nn<\/p>\n<h4>Contactar amb nosaltres?<\/h4>\n<p>n<\/p>\n<h5>Reserves Aventures<\/h5>\n<p>n<em><strong>Locals<\/strong>\u00a0i\u00a0<strong>Nacionals<\/strong>\u00a0Guies tur\u00edstics i serveis als convidats<\/em><br \/>\nn<br \/>\nn<span class=\"text-turquoise\">Reserves:<\/span>\u00a0Tours i excursions a Dom. Rep.<br \/>\nn<br \/>\nn<img decoding=\"async\" class=\"emoji\" draggable=\"false\" src=\"https:\/\/s.w.org\/images\/core\/emoji\/11.2.0\/svg\/1f4de.svg\" alt=\" \" title=\"\">\u00a0Tel\/Whatsapp\u00a0\u00a0<a href=\"tel:+1-809-720-6035\">+1-809-720-6035<\/a>.<br \/>\nn<br \/>\nn<img decoding=\"async\" class=\"emoji\" draggable=\"false\" src=\"https:\/\/s.w.org\/images\/core\/emoji\/11.2.0\/svg\/1f4e9.svg\" alt=\" \" title=\"\">\u00a0<a href=\"mailto:info@bookingadventures.com.do\">info@bookingadventures.com.do<\/a><br \/>\nn<br \/>\nn<strong>Som flexibles per configurar visites privades per Whatsapp:\u00a0<a href=\"tel:+18097206035\">+18097206035.<\/a><\/strong><\/p>\n\n\t\t<\/div>\n\t<\/div>\n<div class=\"vc_empty_space\"   style=\"height: 32px\"><span class=\"vc_empty_space_inner\"><\/span><\/div><\/div><\/div><\/div><\/div>","protected":false},"excerpt":{"rendered":"<p>Having picked you up from your hotel we&#8217;ll make our way to the Punta Cana interior. Surrounded by\u00a0coffee and cocoa plantations, your\u00a0local guides\u00a0will explain the tour and everything you need to know to drive your buggy. n nThen we&#8217;ll turn the key in the ignition, and begin the excitement, zipping over\u00a0hills,\u00a0through coffee plantations and\u00a0along dirt trails\u00a0and riverbeds. n n&nbsp; n nPlease Select date for The Tour\u00a0 &nbsp;<\/p>","protected":false},"author":2,"featured_media":0,"parent":0,"menu_order":0,"comment_status":"open","ping_status":"closed","template":"","meta":{"footnotes":""},"class_list":["post-15784","page","type-page","status-publish","hentry"],"_links":{"self":[{"href":"https:\/\/www.boattoursamana.com\/ca\/wp-json\/wp\/v2\/pages\/15784","targetHints":{"allow":["GET"]}}],"collection":[{"href":"https:\/\/www.boattoursamana.com\/ca\/wp-json\/wp\/v2\/pages"}],"about":[{"href":"https:\/\/www.boattoursamana.com\/ca\/wp-json\/wp\/v2\/types\/page"}],"author":[{"embeddable":true,"href":"https:\/\/www.boattoursamana.com\/ca\/wp-json\/wp\/v2\/users\/2"}],"replies":[{"embeddable":true,"href":"https:\/\/www.boattoursamana.com\/ca\/wp-json\/wp\/v2\/comments?post=15784"}],"version-history":[{"count":0,"href":"https:\/\/www.boattoursamana.com\/ca\/wp-json\/wp\/v2\/pages\/15784\/revisions"}],"wp:attachment":[{"href":"https:\/\/www.boattoursamana.com\/ca\/wp-json\/wp\/v2\/media?parent=15784"}],"curies":[{"name":"wp","href":"https:\/\/api.w.org\/{rel}","templated":true}]}}