{"id":15786,"date":"2023-07-15T07:43:40","date_gmt":"2023-07-15T07:43:40","guid":{"rendered":"https:\/\/www.ticketswhales.com\/saona-island-private-tour-from-boca-chica-hotels-boca-chica-lobby\/"},"modified":"2023-07-15T07:43:40","modified_gmt":"2023-07-15T07:43:40","slug":"saona-island-private-tour-from-boca-chica-hotels-boca-chica-lobby","status":"publish","type":"page","link":"https:\/\/www.boattoursamana.com\/ca\/visita-privada-de-l-illa-saona-des-hotels-boca-chica-lobby-de-boca-chica-2","title":{"rendered":"Visita privada a l&#039;illa de Saona des dels hotels de Boca Chica - Vest\u00edbul de Boca Chica"},"content":{"rendered":"<p><span style=\"vertical-align: inherit;\"><span style=\"vertical-align: inherit;\"><span style=\"vertical-align: inherit;\"><span style=\"vertical-align: inherit;\">Passeig d&#039;un dia a l&#039;illa Saona des del port de Bayahibe. <\/span><\/span><\/span><span style=\"vertical-align: inherit;\"><span style=\"vertical-align: inherit;\"><span style=\"vertical-align: inherit;\">Almuerzo i piscines naturals incloses. <\/span><\/span><\/span><span style=\"vertical-align: inherit;\"><span style=\"vertical-align: inherit;\"><span style=\"vertical-align: inherit;\">En cas de necessitat traslado des de qualsevol part de Rep\u00fablica Dominicana. <\/span><\/span><\/span><span style=\"vertical-align: inherit;\"><span style=\"vertical-align: inherit;\"><span style=\"vertical-align: inherit;\">Simplement contactes i tenim la millor experi\u00e8ncia a Isla Saona.<\/span><\/span><\/span><\/span><br \/>\nn<br \/>\nn&nbsp;<br \/>\nn<br \/>\nn<em><strong><span style=\"vertical-align: inherit;\"><span style=\"vertical-align: inherit;\"><span style=\"vertical-align: inherit;\"><span style=\"vertical-align: inherit;\">Seleccioneu la data per al tour\u00a0<\/span><\/span><\/span><\/span><\/strong><\/em><\/p>\n<p>&nbsp;<\/p>\n<div class=\"vc_row wpb_row vc_row-fluid\" ><div class=\"wpb_column vc_column_container vc_col-sm-12\"><div class=\"vc_column-inner\"><div class=\"wpb_wrapper\">\n\t<div class=\"wpb_text_column wpb_content_element\" >\n\t\t<div class=\"wpb_wrapper\">\n\t\t\t<p>\nn<\/p>\n<h2><b><i>Viatge privat a l&#039;illa de Saona\u00a0<\/i><\/b><\/h2>\n<p>n<\/p>\n<h4><b><i>Visi\u00f3 general<\/i><\/b><\/h4>\n<p>n<\/p>\n<div>La sortida en Barques \u00e9s des del moll principal de <strong>Bayahibe<\/strong> a les 9:00 i tornada a les 17:00. Si\u00a0<b>(Esteu afegint una transfer\u00e8ncia privada d&#039;altres sortides a l&#039;hora d&#039;aquest viatge pot canviar)<\/b> <span style=\"font-size: 16px;\">Aquest viatge et porta a les millors platges de <strong>Illa de Saona<\/strong> (Isla Saona) sortint de la ciutat de Bayahibe, el vostre dinar \u00e9s a l&#039;illa i us parareu a les piscines naturals del<strong> Parc Nacional Cotubanama<\/strong>. Gaudint de la preciosa costa sud-est de la Rep\u00fablica Dominicana, on despr\u00e9s d&#039;agafar el vaixell navegareu per la costa observant les diferents platges, paisatges, manglars i formacions calc\u00e0ries d&#039;aquest indret \u00fanic.\u00a0<\/span><\/div>\n<p>n<\/p>\n<div>\nn<br \/>\nn<span style=\"font-weight: 400;\">Arribar a l&#039;illa triga uns 45 minuts i durant el recorregut tindreu la possibilitat de veure-ho <strong>Mano Juan<\/strong>, que \u00e9s l&#039;\u00fanica comunitat establerta a l&#039;illa, en aquest mateix lloc tens la possibilitat de dinar, en cas que no arribis a Mano Juan, anir\u00e0s visitant diferents platges de la zona i el dinar ser\u00e0 a la platja, tamb\u00e9 tindreu l&#039;oportunitat de fer snorkel a l&#039;illa.<\/span><br \/>\nn<br \/>\nn<span style=\"font-weight: 400;\">Quan acabis el teu viatge a les diferents ubicacions de l&#039;illa, tornar\u00e0s al lloc on et trobes amb el Guia Tur\u00edstic.<\/span><br \/>\nn<\/p>\n<ul>\nn \t<\/p>\n<li style=\"font-weight: 400;\"><span style=\"font-weight: 400;\">Inclou dinar bufet a la platja.<\/span><\/li>\n<p>n \t<\/p>\n<li style=\"font-weight: 400;\"><span style=\"font-weight: 400;\">Piscina natural<\/span><\/li>\n<p>n \t<\/p>\n<li style=\"font-weight: 400;\"><span style=\"font-weight: 400;\">Trasllat en vaixell o catamar\u00e0<\/span><\/li>\n<p>n \t<\/p>\n<li style=\"font-weight: 400;\"><span style=\"font-weight: 400;\">El capit\u00e0 proporciona instrucci\u00f3 i supervisi\u00f3<\/span><\/li>\n<p>n<\/ul>\n<p>n\n<\/p><\/div>\n<p>n&nbsp;<br \/>\nn<\/p>\n<h2><b>Inclusions i exclusions<\/b><\/h2>\n<p>n<b>Inclusions<\/b><br \/>\nn<\/p>\n<ol>\nn \t<\/p>\n<li>Viatge en llanxa r\u00e0pida o en catamar\u00e0 (tot dep\u00e8n de la mida del grup)<\/li>\n<p>n \t<\/p>\n<li style=\"font-weight: 400;\"><span style=\"font-weight: 400;\">Dinar bufet a la platja<\/span><\/li>\n<p>n \t<\/p>\n<li>Piscina natural<\/li>\n<p>n \t<\/p>\n<li style=\"font-weight: 400;\"><span style=\"font-weight: 400;\">Tots els impostos, taxes i despeses de gesti\u00f3<\/span><\/li>\n<p>n \t<\/p>\n<li style=\"font-weight: 400;\"><span style=\"font-weight: 400;\">Impostos locals<\/span><\/li>\n<p>n \t<\/p>\n<li style=\"font-weight: 400;\"><span style=\"font-weight: 400;\">Begudes<\/span><\/li>\n<p>n<\/ol>\n<p>n<b> Exclusions<\/b><br \/>\nn<\/p>\n<ol>\nn \t<\/p>\n<li style=\"font-weight: 400;\"><span style=\"font-weight: 400;\">Propostes<\/span><\/li>\n<p>n \t<\/p>\n<li>Guia local<\/li>\n<p>n<\/ol>\n<p>n&nbsp;<br \/>\nn<\/p>\n<h4><em><strong>Sortida i tornada<\/strong><\/em><\/h4>\n<p>n<span style=\"font-weight: 400;\">Tenim un horari dissenyat per recollir-te i deixar-te en funci\u00f3 de la zona on et trobis. <\/span><span style=\"font-weight: 400;\">El viatger obtindr\u00e0 un punt de trobada despr\u00e9s del proc\u00e9s de reserva. Les visites comencen i acaben als nostres punts de trobada.<\/span><br \/>\nn<br \/>\nn&nbsp;<br \/>\nn<\/p>\n<h4><b><i>Qu\u00e8 esperar?<\/i><\/b><\/h4>\n<p>n&nbsp;<br \/>\nn<br \/>\nn<em><strong>Aconsegueix les teves entrades<\/strong><\/em> un abonament d&#039;un dia a l&#039;illa de Saona (Isla Saona) a Bayahibe m\u00e9s un meravell\u00f3s dinar i una estona a la platja.<br \/>\nn<br \/>\nn<span style=\"font-weight: 400;\">L&#039;excursi\u00f3 d&#039;un dia, organitzada per \u201cBooking Adventures\u201d, comen\u00e7a al punt de trobada establert amb el Guia Tur\u00edstic. <\/span>Dinar a la platja i pots quedar-te tot el temps que vulguis nedant. Si ets veg\u00e0 tamb\u00e9 et podem preparar una mica de menjar.<br \/>\nn<br \/>\nAquest viatge en vaixell comen\u00e7a a Bayahibe, per\u00f2 oferim trasllat privat per un cost addicional dep\u00e8n d&#039;on sigui el grup.<br \/>\nn<br \/>\nn<strong>Horari:<\/strong><br \/>\nn<br \/>\nn7:45 AM \u2013 6:00 PM<br \/>\nn<br \/>\nn&nbsp;<br \/>\nn<\/p>\n<h4><em><strong>Qu\u00e8 hauries de portar?<\/strong><\/em><\/h4>\n<p>n<\/p>\n<ul>\nn \t<\/p>\n<li style=\"font-weight: 400;\"><span style=\"font-weight: 400;\">C\u00e0mera<\/span><\/li>\n<p>n \t<\/p>\n<li style=\"font-weight: 400;\"><span style=\"font-weight: 400;\">Brots repel\u00b7lents<\/span><\/li>\n<p>n \t<\/p>\n<li style=\"font-weight: 400;\"><span style=\"font-weight: 400;\">crema per al sol<\/span><\/li>\n<p>n \t<\/p>\n<li style=\"font-weight: 400;\"><span style=\"font-weight: 400;\">Barret<\/span><\/li>\n<p>n \t<\/p>\n<li style=\"font-weight: 400;\"><span style=\"font-weight: 400;\">Pantalons c\u00f2modes<\/span><\/li>\n<p>n \t<\/p>\n<li style=\"font-weight: 400;\"><span style=\"font-weight: 400;\">Sabates de muntanya per al bosc<\/span><\/li>\n<p>n \t<\/p>\n<li style=\"font-weight: 400;\"><span style=\"font-weight: 400;\">Sand\u00e0lies a la platja<\/span><\/li>\n<p>n \t<\/p>\n<li style=\"font-weight: 400;\"><span style=\"font-weight: 400;\">Roba de bany<\/span><\/li>\n<p>n \t<\/p>\n<li>Diners en efectiu per a records<\/li>\n<p>n<\/ul>\n<p>n&nbsp;<br \/>\nn<\/p>\n<h2><b><i>Recollida a l&#039;hotel per a l&#039;excursi\u00f3 d&#039;un dia a l&#039;illa de Saona<\/i><\/b><\/h2>\n<p>n<span style=\"font-weight: 400;\">Aquest \u00e9s el programa que hem establert en funci\u00f3 de les vostres ubicacions. Si us plau, fes-nos saber el teu hotel espec\u00edfic i ens posarem en contacte amb tu per dir-te on ens trobarem. Aquestes opcions de transfer\u00e8ncia tenen un cost addicional. Aquest viatge comen\u00e7a a Bayahibe.<\/span><br \/>\nn<\/p>\n<table style=\"height: 487px;\" width=\"420\">\nn<\/p>\n<tbody>\nn<\/p>\n<tr>\nn<\/p>\n<td><b>Lloc<\/b><\/td>\n<p>n<\/p>\n<td><b>Temps<\/b><\/td>\n<p>n<\/tr>\n<p>n<\/p>\n<tr>\nn<\/p>\n<td><b>Punta Cana<\/b><\/td>\n<p>n<\/p>\n<td><b>7:45 h<\/b><\/td>\n<p>n<\/tr>\n<p>n<\/p>\n<tr>\nn<\/p>\n<td><b>B\u00e1varo<\/b><\/td>\n<p>n<\/p>\n<td><b>7:30 h<\/b><\/td>\n<p>n<\/tr>\n<p>n<\/p>\n<tr>\nn<\/p>\n<td><b>Uvero Altos<\/b><\/td>\n<p>n<\/p>\n<td><b>7:00 del mat\u00ed<\/b><\/td>\n<p>n<\/tr>\n<p>n<\/p>\n<tr>\nn<\/p>\n<td><b>Club Med<\/b><\/td>\n<p>n<\/p>\n<td><b>7:00 del mat\u00ed<\/b><\/td>\n<p>n<\/tr>\n<p>n<\/p>\n<tr>\nn<\/p>\n<td><b>Boca Chica<\/b><\/td>\n<p>n<\/p>\n<td><b>7:00 del mat\u00ed<\/b><\/td>\n<p>n<\/tr>\n<p>n<\/p>\n<tr>\nn<\/p>\n<td><b>Sant Domingo<\/b><\/td>\n<p>n<\/p>\n<td><b>6:40 h<\/b><\/td>\n<p>n<\/tr>\n<p>n<\/p>\n<tr>\nn<\/p>\n<td><b>Juan Doli\u00f3<\/b><\/td>\n<p>n<\/p>\n<td><b>7:00 del mat\u00ed<\/b><\/td>\n<p>n<\/tr>\n<p>n<\/tbody>\n<p>n<\/table>\n<p>n&nbsp;<br \/>\nn<br \/>\nn<b>Nota:<\/b><span style=\"font-weight: 400;\"> Si feu la reserva dins de les 24 hores posteriors a l&#039;hora de sortida del tour o de l&#039;excursi\u00f3, podem organitzar la recollida a l&#039;hotel amb un cost addicional. Un cop completada la compra, us enviarem la informaci\u00f3 de contacte completa (n\u00famero de tel\u00e8fon, adre\u00e7a de correu electr\u00f2nic, etc.) perqu\u00e8 el nostre guia local organitzi la recollida.<\/span><br \/>\nn<\/p>\n<h4><b><i>Confirmaci\u00f3 d&#039;informaci\u00f3 addicional <\/i><\/b><\/h4>\n<p>n<\/p>\n<ol>\nn \t<\/p>\n<li>Les entrades s\u00f3n el Rebut despr\u00e9s de pagar aquest Tour. Podeu mostrar el pagament al vostre tel\u00e8fon.<\/li>\n<p>n \t<\/p>\n<li style=\"font-weight: 400;\"><span style=\"font-weight: 400;\">El punt de trobada es rebr\u00e0 despr\u00e9s del proc\u00e9s de reserva.<\/span><\/li>\n<p>n \t<\/p>\n<li style=\"font-weight: 400;\"><span style=\"font-weight: 400;\">Els nens han d&#039;anar acompanyats d&#039;un adult.<\/span><\/li>\n<p>n \t<\/p>\n<li style=\"font-weight: 400;\"><span style=\"font-weight: 400;\">accessible amb cadira de rodes <\/span><\/li>\n<p>n \t<\/p>\n<li style=\"font-weight: 400;\"><span style=\"font-weight: 400;\">Els nadons han de seure a les faldes <\/span><\/li>\n<p>n \t<\/p>\n<li style=\"font-weight: 400;\"><span style=\"font-weight: 400;\">La majoria dels viatgers poden participar<\/span><\/li>\n<p>n<\/ol>\n<p>n<\/p>\n<h4><b><i>Pol\u00edtica de cancel \u00b7 laci\u00f3<\/i><\/b><\/h4>\n<p>nPer obtenir un reemborsament complet, llegiu les nostres pol\u00edtiques de cancel\u00b7lacions\u00a0<a href=\"https:\/\/www.boattoursamana.com\/ca\/reserva-en-linia\/\" target=\"_blank\" rel=\"noopener\" data-saferedirecturl=\"https:\/\/www.google.com\/url?q=https:\/\/www.boattoursamana.com\/online-booking\/&amp;source=gmail&amp;ust=1672449202351000&amp;usg=AOvVaw1yAeVAPktmaVCqDujgUn90\">Clica aqu\u00ed<\/a>. Els fons es perdran si la reserva es cancel\u00b7la el mateix dia del viatge.<br \/>\nn<br \/>\nnNOTA: Si voleu fer aquesta excursi\u00f3 i voleu con\u00e8ixer m\u00e9s detalls podeu fer-ho<a href=\"mailto:info@bookingadventures.com.do\">\u00a0contacta amb nosaltres per email<\/a>l<strong>\u00a0<\/strong>o a trav\u00e9s del nostre servei directe de xat Whatsapp a aquest n\u00famero:\u00a0<strong>+1 809-720-6035<\/strong>. T&#039;atendrem immediatament i et podem fer una oferta ajustant el preu en funci\u00f3 del nombre de persones.<br \/>\nn<br \/>\n(Requerim un m\u00ednim de 4 persones per organitzar la visita de manera privada. Per a menys persones podem organitzar una visita semiprivada amb un m\u00e0xim de 15 persones).<br \/>\nn<\/p>\n<div id=\"gtx-trans\" style=\"position: absolute; left: -1px; top: 1055.03px;\">\nn<\/p>\n<div class=\"gtx-trans-icon\"><\/div>\n<p>n\n<\/p><\/div>\n<p>n<\/p>\n\n\t\t<\/div>\n\t<\/div>\n<\/div><\/div><\/div><\/div><div class=\"vc_row wpb_row vc_row-fluid\" ><div class=\"wpb_column vc_column_container vc_col-sm-12\"><div class=\"vc_column-inner\"><div class=\"wpb_wrapper\"><\/div><\/div><\/div><\/div><div class=\"vc_row wpb_row vc_row-fluid\" ><div class=\"wpb_column vc_column_container vc_col-sm-12\"><div class=\"vc_column-inner\"><div class=\"wpb_wrapper\"><div class=\"vc_empty_space\"   style=\"height: 32px\"><span class=\"vc_empty_space_inner\"><\/span><\/div>\n\t<div class=\"wpb_video_widget wpb_content_element vc_clearfix   vc_video-aspect-ratio-169 vc_video-el-width-100 vc_video-align-left\" >\n\t\t<div class=\"wpb_wrapper\">\n\t\t\t<h2 class=\"wpb_heading wpb_video_heading\">V\u00eddeo de visites i excursions a l&#039;illa de Saona:<\/h2>\n\t\t\t<div class=\"wpb_video_wrapper\"><iframe loading=\"lazy\" title=\"Illa Saola Dia complet per Booking Adventures, Travel Republic Dominicana\" width=\"1100\" height=\"619\" src=\"https:\/\/www.youtube.com\/embed\/sas91N4zMHo?feature=oembed\" frameborder=\"0\" allow=\"accelerometer; autoplay; clipboard-write; encrypted-media; gyroscope; picture-in-picture; web-share\" allowfullscreen><\/iframe><\/div>\n\t\t<\/div>\n\t<\/div>\n<div class=\"vc_empty_space\"   style=\"height: 32px\"><span class=\"vc_empty_space_inner\"><\/span><\/div><\/div><\/div><\/div><\/div><div class=\"vc_row wpb_row vc_row-fluid\" ><\/div><div class=\"wpb_column vc_column_container vc_col-sm-12\"><div class=\"vc_column-inner\"><div class=\"wpb_wrapper\"><\/div><\/div><\/div><div class=\"vc_empty_space\"   style=\"height: 32px\"><span class=\"vc_empty_space_inner\"><\/span><\/div><div class=\"vc_empty_space\"   style=\"height: 32px\"><span class=\"vc_empty_space_inner\"><\/span><\/div>","protected":false},"excerpt":{"rendered":"<p>Passeig d&#039;un dia a l&#039;illa Saona des del port de Bayahibe. Almuerzo i piscines naturals incloses. En cas de necessitat traslado des de qualsevol part de Rep\u00fablica Dominicana. Simplement cont\u00e1ctenos i tenim la millor experi\u00e8ncia a Isla Saona. nn n nSeleccioneu la data per al tour\u00a0 &nbsp;<\/p>","protected":false},"author":2,"featured_media":0,"parent":0,"menu_order":0,"comment_status":"open","ping_status":"closed","template":"","meta":{"footnotes":""},"class_list":["post-15786","page","type-page","status-publish","hentry"],"_links":{"self":[{"href":"https:\/\/www.boattoursamana.com\/ca\/wp-json\/wp\/v2\/pages\/15786","targetHints":{"allow":["GET"]}}],"collection":[{"href":"https:\/\/www.boattoursamana.com\/ca\/wp-json\/wp\/v2\/pages"}],"about":[{"href":"https:\/\/www.boattoursamana.com\/ca\/wp-json\/wp\/v2\/types\/page"}],"author":[{"embeddable":true,"href":"https:\/\/www.boattoursamana.com\/ca\/wp-json\/wp\/v2\/users\/2"}],"replies":[{"embeddable":true,"href":"https:\/\/www.boattoursamana.com\/ca\/wp-json\/wp\/v2\/comments?post=15786"}],"version-history":[{"count":0,"href":"https:\/\/www.boattoursamana.com\/ca\/wp-json\/wp\/v2\/pages\/15786\/revisions"}],"wp:attachment":[{"href":"https:\/\/www.boattoursamana.com\/ca\/wp-json\/wp\/v2\/media?parent=15786"}],"curies":[{"name":"wp","href":"https:\/\/api.w.org\/{rel}","templated":true}]}}