{"id":15792,"date":"2023-07-15T07:43:59","date_gmt":"2023-07-15T07:43:59","guid":{"rendered":"https:\/\/www.ticketswhales.com\/hotel-hiking-swimming-kayaking-2-days-trip-los-haitises\/"},"modified":"2023-07-15T07:43:59","modified_gmt":"2023-07-15T07:43:59","slug":"hotel-hiking-swimming-kayaking-2-days-trip-los-haitises","status":"publish","type":"page","link":"https:\/\/www.boattoursamana.com\/ca\/hotel-senderisme-natacio-caiac-2-dies-viatge-los-haitises","title":{"rendered":"Hotel + Senderisme + Nataci\u00f3 + Caiac Excursi\u00f3 de 2 dies Los Haitises"},"content":{"rendered":"<p><span style=\"vertical-align: inherit;\"><span style=\"vertical-align: inherit;\">Caminata de 3 horas y kayak en manglares al Parque Nacional Los Haitises con una gu\u00eda tur\u00edstica local desde Sabana de la mar. <\/span><span style=\"vertical-align: inherit;\">Visitando les \u00e0rees de Selva Tropical, Cocos, Caf\u00e9 y Cacao. <\/span><span style=\"vertical-align: inherit;\">Aprendiendo sobre la historia original del Parque Nacional Los Haitises.<\/span><\/span><br \/>\nn<br \/>\nn&nbsp;<br \/>\nn<br \/>\nn<strong><span style=\"vertical-align: inherit;\"><span style=\"vertical-align: inherit;\">Seleccioneu la data per al viatge de senderisme:<\/span><\/span><\/strong><\/p>\n<p>&nbsp;<\/p>\n<div class=\"vc_row wpb_row vc_row-fluid\" ><div class=\"wpb_column vc_column_container vc_col-sm-12\"><div class=\"vc_column-inner\"><div class=\"wpb_wrapper\">\n\t<div class=\"wpb_text_column wpb_content_element\" >\n\t\t<div class=\"wpb_wrapper\">\n\t\t\t<p><span style=\"vertical-align: inherit;\"><span style=\"vertical-align: inherit;\"><\/p>\n\n\t\t<\/div>\n\t<\/div>\n<\/div><\/div><\/div><\/div><div class=\"vc_row wpb_row vc_row-fluid\" ><div class=\"wpb_column vc_column_container vc_col-sm-12\"><div class=\"vc_column-inner\"><div class=\"wpb_wrapper\"><div class=\"mkdf-section-title-holder\" style=\"text-align: left\">\n\t<div class=\"mkdf-st-inner\">\n\t\t\t\t\t<h5 class=\"mkdf-st-subtitle\" >\n\t\t\t\tHotel + Senderismo + Nataci\u00f3n + Caiac\t\t\t<\/h5>\n\t\t\t\t\t\t\t<h3 class=\"mkdf-st-title\" >\n\t\t\t\tAventura completa de Los Haitises\t\t\t<\/h3>\n\t\t\t\t\t<\/div>\n<\/div><div class=\"vc_empty_space\"   style=\"height: 32px\"><span class=\"vc_empty_space_inner\"><\/span><\/div>\n\t<div class=\"wpb_text_column wpb_content_element\" >\n\t\t<div class=\"wpb_wrapper\">\n\t\t\t<p>\u00a0<\/span><\/span><br \/>\nn<\/p>\n<h4><\/h4>\n<p>n<\/p>\n<h3><span style=\"vertical-align: inherit;\"><span style=\"vertical-align: inherit;\">Dia 1<\/span><\/span><\/h3>\n<p>Visitem el costat est de la Rep\u00fablica Dominicana, la selva tropical del parc nacional de Los Haitises, la nostra aventura comen\u00e7a despr\u00e9s de fer el registre d&#039;entrada a l&#039;Ecolodge. Primer amb una caminada de 2 a 3 hores. All\u00e0 podreu gaudir del paisatge, con\u00e8ixer la vida de Rep\u00fablica Dominicana al camp i viure la natura. Durant el cam\u00ed coneixer\u00e0s l&#039;ecosistema biodiversitat de la selva tropical, tocar\u00e0s arbres de cacau, flora \u00fanica i zones hist\u00f2riques.<br \/>\nn<br \/>\nM\u00e9s amunt, despr\u00e9s d&#039;acabar la caminada, hi ha un sopar a l&#039;estil dominic\u00e0 i fogueres a la llum de les estrelles.<br \/>\nn<\/p>\n<h3>Dia 2<\/h3>\n<p>L&#039;endem\u00e0 Esmorzar a l&#039;estil dominic\u00e0. Despr\u00e9s d&#039;esmorzar fem una caminada minuts fins al port dels manglars. Despr\u00e9s portem l&#039;equip necessari per a la teva seguretat (armarques salvavides, etc.), caiacs i travessa per manglars. Veureu alguns manglars plens d&#039;ocells, turons ondulats de vegetaci\u00f3 exuberant.<br \/>\nn<br \/>\nA trav\u00e9s dels manglars i Terra a la badia oberta de San Lorenzo, des d&#039;on es pot fotografiar el paisatge forestal accidentat. Comenceu a comprovar algunes esp\u00e8cies d&#039;aus, mam\u00edfers i plantes end\u00e8miques, turons ondulats de vegetaci\u00f3 exuberant i coves de <em><strong>Parc Nacional Los Haitises<\/strong><\/em>.<br \/>\nn<\/p>\n<div class=\"body-description secondary\">\nn<br \/>\nEl nom del parc nacional prov\u00e9 dels seus habitants originals, els indis ta\u00efnos. En el seu idioma, &quot;Haitises&quot; es tradueix a les terres altes o turons, una refer\u00e8ncia a les escarpades formacions geol\u00f2giques de la costa amb calc\u00e0ries. Aventureu-vos m\u00e9s al parc per explorar coves com la Cova San Gabriel, <em><strong>Cueva de la Arena.\u00a0<\/strong><\/em><br \/>\nn<\/p>\n<h3>Dia d&#039;acabament<\/h3>\n<p>nDespr\u00e9s de tornar a l&#039;Ecolodge hi ha temps lliure per gaudir de la piscina d&#039;aigua natural nedant a les primeres zones de cascades minerals del Parc Nacional Los Haitises. Dinar a l&#039;estil dominic\u00e0 i sortida des de l&#039;hotel a les 13:00.<br \/>\nn<br \/>\nn\n<\/div>\n<p>Aquesta \u00e9s una aventura ideal per a aquells que busquen gaudir de la natura i una experi\u00e8ncia \u00fanica a la selva tropical. Centrat a oferir una veritable visi\u00f3 local de la Rep\u00fablica Dominicana al Parc Nacional Los Haitises, amb fets hist\u00f2rics i informaci\u00f3 sobre l&#039;ecosistema al llarg del viatge. El transport no est\u00e0 incl\u00f2s.<br \/>\nn<\/p>\n<h3>Punt de trobada<\/h3>\n<p>Ens trobem a Sabana de la mar, des d&#039;aqu\u00ed seguireu el guia amb el vostre propi vehicle fins a la nostra joia amagada!. Prepareu-vos per a una aut\u00e8ntica excursi\u00f3 d&#039;aventura, fogueres, caiac i cascades i l&#039;\u00fanic Ecolodge a la Rep\u00fablica Dominicana.<br \/>\nn<br \/>\nSi sou un grup o esteu interessats en una data que no veieu disponible, no dubteu a contactar amb nosaltres directament i us ajudar\u00e9. Com veieu a les ressenyes, Booking Adventures \u00e9s un apassionat de la nostra feina i ens encanta mostrar la vida real de l&#039;illa als nostres hostes. En cada recorregut plantem un manglar com a donaci\u00f3 a la natura.<br \/>\nn<\/p>\n<h4><b>Inclusions i exclusions<\/b><\/h4>\n<p>n<b>Inclusions<\/b><br \/>\nn<\/p>\n<ul>\nn \t<\/p>\n<li style=\"font-weight: 400;\">Parc Nacional Los Haitises<\/li>\n<p>n \t<\/p>\n<li>Foguera a la nit<\/li>\n<p>n \t<\/p>\n<li>4 hores de senderisme a la selva tropical<\/li>\n<p>n \t<\/p>\n<li>1 habitaci\u00f3 a l&#039;Ecolodge<\/li>\n<p>n \t<\/p>\n<li>1 sopar per persona<\/li>\n<p>n \t<\/p>\n<li>1 esmorzar per persona<\/li>\n<p>n \t<\/p>\n<li>1 dinar per persona<\/li>\n<p>n \t<\/p>\n<li>3 hores de caiac (o viatge en vaixell)<\/li>\n<p>n \t<\/p>\n<li>Observaci\u00f3 d&#039;aus<\/li>\n<p>n \t<\/p>\n<li>Plantaci\u00f3 de manglars<\/li>\n<p>n \t<\/p>\n<li>1 Visita a la cova<\/li>\n<p>n \t<\/p>\n<li style=\"font-weight: 400;\"><span style=\"font-weight: 400;\">Tots els impostos, taxes i despeses de gesti\u00f3<\/span><\/li>\n<p>n \t<\/p>\n<li style=\"font-weight: 400;\"><span style=\"font-weight: 400;\">Impostos locals<\/span><\/li>\n<p>n \t<\/p>\n<li style=\"font-weight: 400;\"><span style=\"font-weight: 400;\">Guia local<\/span><\/li>\n<p>n<\/ul>\n<p>n<b> Exclusions<\/b><br \/>\nn<\/p>\n<ol>\nn \t<\/p>\n<li style=\"font-weight: 400;\"><span style=\"font-weight: 400;\">Propostes<\/span><\/li>\n<p>n \t<\/p>\n<li style=\"font-weight: 400;\"><span style=\"font-weight: 400;\">Transfer\u00e8ncia<\/span><\/li>\n<p>n \t<\/p>\n<li style=\"font-weight: 400;\"><span style=\"font-weight: 400;\">Begudes alcoh\u00f2liques<\/span><\/li>\n<p>n<\/ol>\n<p>n&nbsp;<br \/>\nn<\/p>\n<h4><em><strong>Sortida i tornada<\/strong><\/em><\/h4>\n<p>n<span style=\"font-weight: 400;\">El viatger obtindr\u00e0 un punt de trobada despr\u00e9s del proc\u00e9s de reserva. Les visites comencen i acaben als nostres punts de trobada.<\/span><br \/>\nn<br \/>\nnDe:<br \/>\nn<br \/>\nn3:00 PM Dia 1<br \/>\nn<br \/>\nnA:<br \/>\nn<br \/>\nn1: 00 PM Dia dos.<br \/>\nn<br \/>\nn&nbsp;<br \/>\nn<\/p>\n<h4><em><strong>Qu\u00e8 hauries de portar?<\/strong><\/em><\/h4>\n<p>n<\/p>\n<ul>\nn \t<\/p>\n<li style=\"font-weight: 400;\"><span style=\"font-weight: 400;\">C\u00e0mera<\/span><\/li>\n<p>n \t<\/p>\n<li style=\"font-weight: 400;\"><span style=\"font-weight: 400;\">Brots repel\u00b7lents<\/span><\/li>\n<p>n \t<\/p>\n<li style=\"font-weight: 400;\"><span style=\"font-weight: 400;\">Crema per al sol<\/span><\/li>\n<p>n \t<\/p>\n<li style=\"font-weight: 400;\"><span style=\"font-weight: 400;\">Barret<\/span><\/li>\n<p>n \t<\/p>\n<li style=\"font-weight: 400;\"><span style=\"font-weight: 400;\">Pantalons c\u00f2modes<\/span><\/li>\n<p>n \t<\/p>\n<li style=\"font-weight: 400;\"><span style=\"font-weight: 400;\">Sabates de muntanya per al bosc<\/span><\/li>\n<p>n \t<\/p>\n<li style=\"font-weight: 400;\"><span style=\"font-weight: 400;\">Sand\u00e0lies a les zones de primavera.<\/span><\/li>\n<p>n \t<\/p>\n<li style=\"font-weight: 400;\"><span style=\"font-weight: 400;\">Roba de bany<\/span><\/li>\n<p>n<\/ul>\n<p>n&nbsp;<br \/>\nn<\/p>\n<h4><b><i>Recollida <\/i><\/b><\/h4>\n<p>n<span style=\"font-weight: 400;\">El servei de recollida a l&#039;hotel \u00e9s <em style=\"font-weight: 400;\"><strong>no<\/strong>\u00a0<\/em><i>incl\u00f2s<\/i> per aquesta gira.\u00a0<\/span><br \/>\nn<br \/>\nn<b>Nota:<\/b><span style=\"font-weight: 400;\"> Si feu la reserva dins de les 72 hores posteriors a l&#039;hora de sortida del tour o de l&#039;excursi\u00f3, podem organitzar la recollida a l&#039;hotel amb c\u00e0rrecs addicionals des de qualsevol lloc de la Rep\u00fablica Dominicana. Un cop completada la compra, us enviarem la informaci\u00f3 de contacte completa (n\u00famero de tel\u00e8fon, adre\u00e7a de correu electr\u00f2nic, etc.) perqu\u00e8 el nostre guia local organitzi la recollida.<\/span><br \/>\nn<\/p>\n<h4><b><i>Confirmaci\u00f3 d&#039;informaci\u00f3 addicional <\/i><\/b><\/h4>\n<p>n<\/p>\n<ol>\nn \t<\/p>\n<li>Les entrades s\u00f3n el Rebut despr\u00e9s de pagar aquest Tour. Podeu mostrar el pagament al vostre tel\u00e8fon.<\/li>\n<p>n \t<\/p>\n<li style=\"font-weight: 400;\"><span style=\"font-weight: 400;\">El punt de trobada es rebr\u00e0 despr\u00e9s del proc\u00e9s de reserva.<\/span><\/li>\n<p>n \t<\/p>\n<li style=\"font-weight: 400;\"><span style=\"font-weight: 400;\">Els nens han d&#039;anar acompanyats d&#039;un adult.<\/span><\/li>\n<p>n \t<\/p>\n<li style=\"font-weight: 400;\"><span style=\"font-weight: 400;\"> No accessible amb cadira de rodes <\/span><\/li>\n<p>n \t<\/p>\n<li style=\"font-weight: 400;\"><span style=\"font-weight: 400;\">Els nadons han de seure a les faldes <\/span><\/li>\n<p>n \t<\/p>\n<li style=\"font-weight: 400;\"><span style=\"font-weight: 400;\">No recomanat per a viatgers amb problemes d&#039;esquena<\/span><\/li>\n<p>n \t<\/p>\n<li style=\"font-weight: 400;\"><span style=\"font-weight: 400;\">No recomanat per a viatgers embarassades <\/span><\/li>\n<p>n \t<\/p>\n<li style=\"font-weight: 400;\"><span style=\"font-weight: 400;\"> Sense problemes card\u00edacs ni altres afeccions m\u00e8diques greus <\/span><\/li>\n<p>n \t<\/p>\n<li style=\"font-weight: 400;\"><span style=\"font-weight: 400;\">La majoria dels viatgers poden participar<\/span><\/li>\n<p>n<\/ol>\n<p>n<\/p>\n<h4><b><i>Pol\u00edtica de cancel \u00b7 laci\u00f3<\/i><\/b><\/h4>\n<p>nPer obtenir un reemborsament complet, llegiu les nostres pol\u00edtiques de cancel\u00b7lacions\u00a0<a href=\"https:\/\/www.boattoursamana.com\/ca\/reserva-en-linia\/\" target=\"_blank\" rel=\"noopener\" data-saferedirecturl=\"https:\/\/www.google.com\/url?q=https:\/\/www.boattoursamana.com\/online-booking\/&amp;source=gmail&amp;ust=1672449202351000&amp;usg=AOvVaw1yAeVAPktmaVCqDujgUn90\">Clica aqu\u00ed<\/a>. Els fons es perdran si la reserva es cancel\u00b7la el mateix dia del viatge.<\/p>\n\n\t\t<\/div>\n\t<\/div>\n<div class=\"vc_empty_space\"   style=\"height: 32px\"><span class=\"vc_empty_space_inner\"><\/span><\/div><div class=\"woocommerce columns-4\"><ul class=\"products columns-4\">\n<li class=\"product type-product post-8855 status-publish first instock product_cat-kayaking product_cat-1-sabana-de-la-mar product_cat-kayaking-los-haitises product_cat-tours-excursions-los-haitises-national-park product_cat-tours-excursions-samana-bay-dominican-republic product_tag-cano-hondo product_tag-cano-hondo-hotel product_tag-day-tour-cano-hondo product_tag-kayak-dominican-republic product_tag-kayaking-dominican-republic product_tag-kayaking-los-haitises product_tag-kayaks product_tag-los-haitises product_tag-los-haitises-national-park product_tag-los-haitises-tours product_tag-private-tours-samana product_tag-sabana-de-la-mar product_tag-samana-bay product_tag-samana-excursions has-post-thumbnail sale sold-individually shipping-taxable product-type-external\">\n\t<div class=\"mkdf-pl-inner\"><div class=\"mkdf-pl-image\"><div class=\"mkdf-pl-text\"><div class=\"mkdf-pl-text-outer\"><div class=\"mkdf-pl-text-inner\"><a href=\"https:\/\/bookingadventures.tours\/booking.php?tour_id=a9cb493d865c3629426ab07d6bacff97\" data-quantity=\"1\" class=\"button wp-element-button product_type_external\" data-product_id=\"8855\" data-product_sku=\"\" aria-label=\"RESERVAR ARA\" rel=\"nofollow noopener\">RESERVAR ARA<\/a><\/div><\/div><\/div><\/div><a href=\"https:\/\/www.boattoursamana.com\/ca\/gira\/caiac-a-los-haitis-amb-guia-des-de-cano-hondo-4-hores\" class=\"woocommerce-LoopProduct-link woocommerce-loop-product__link\"><\/a><\/div><div class=\"mkdf-pl-text-wrapper\"><div class=\"mkdf-pl-rating-holder\"><\/div><h4 class=\"mkdf-product-list-title\"><a href=\"https:\/\/www.boattoursamana.com\/ca\/gira\/caiac-a-los-haitis-amb-guia-des-de-cano-hondo-4-hores\">4 Hores Caiac Los Haitises<\/a><\/h4>\n\t<span class=\"price\"><del aria-hidden=\"true\"><span class=\"woocommerce-Price-amount amount\"><bdi><span class=\"woocommerce-Price-currencySymbol\">&#36;<\/span>70.00<\/bdi><\/span><\/del> <ins><span class=\"woocommerce-Price-amount amount\"><bdi><span class=\"woocommerce-Price-currencySymbol\">&#36;<\/span>53.50<\/bdi><\/span><\/ins><\/span>\n<\/div><\/li><li class=\"product type-product post-9807 status-publish instock product_cat-day-trips product_cat-1-sabana-de-la-mar product_cat-hiking product_cat-hiking-los-haitises product_cat-kayaking-los-haitises product_cat-tours-excursions-los-haitises-national-park product_cat-tours-excursions-samana-bay-dominican-republic product_tag-cano-hondo-sabana-de-la-mar product_tag-caves-los-haitises product_tag-eco-tours product_tag-excursion product_tag-hike-kayak product_tag-hike-kayak-los-haitises-national-park product_tag-hiking-los-haitises product_tag-hiking-sabana-de-la-mar product_tag-hiking-samana product_tag-kayak-tour product_tag-kayaking product_tag-kayaking-los-haitises product_tag-los-haitises-national-park product_tag-los-haitises-national-park-entrance-fee product_tag-los-haitises-national-park-tour-from-las-terrenas product_tag-los-haitises-national-park-tour-from-santo-domingo product_tag-los-haitises-national-park-weather product_tag-los-haitises-sabana-de-la-mar product_tag-sabana-de-la-mar product_tag-sabana-de-la-mar-tour product_tag-samana-excursions product_tag-samana-tours product_tag-secrets-of-los-haitises has-post-thumbnail sale sold-individually shipping-taxable product-type-external\">\n\t<div class=\"mkdf-pl-inner\"><div class=\"mkdf-pl-image\"><div class=\"mkdf-pl-text\"><div class=\"mkdf-pl-text-outer\"><div class=\"mkdf-pl-text-inner\"><a href=\"https:\/\/bookingadventures.tours\/booking.php?tour_id=214ab2ed515734864898e23b426328be\" data-quantity=\"1\" class=\"button wp-element-button product_type_external\" data-product_id=\"9807\" data-product_sku=\"\" aria-label=\"RESERVAR ARA\" rel=\"nofollow noopener\">RESERVAR ARA<\/a><\/div><\/div><\/div><\/div><a href=\"https:\/\/www.boattoursamana.com\/ca\/gira\/caminada-caiac-parc-nacional-los-haitises\" class=\"woocommerce-LoopProduct-link woocommerce-loop-product__link\"><\/a><\/div><div class=\"mkdf-pl-text-wrapper\"><h4 class=\"mkdf-product-list-title\"><a href=\"https:\/\/www.boattoursamana.com\/ca\/gira\/caminada-caiac-parc-nacional-los-haitises\">Caminada + Caiac Los Haitises<\/a><\/h4>\n\t<span class=\"price\"><del aria-hidden=\"true\"><span class=\"woocommerce-Price-amount amount\"><bdi><span class=\"woocommerce-Price-currencySymbol\">&#36;<\/span>75.00<\/bdi><\/span><\/del> <ins><span class=\"woocommerce-Price-amount amount\"><bdi><span class=\"woocommerce-Price-currencySymbol\">&#36;<\/span>67.00<\/bdi><\/span><\/ins><\/span>\n<\/div><\/li><li class=\"product type-product post-8857 status-publish instock product_cat-tours-excursions-los-haitises-national-park product_cat-1-samana product_cat-boat-trip-los-haitises product_cat-tours-excursions-samana-bay-dominican-republic product_tag-bacardi-island product_tag-bacardi-island-tours product_tag-birdwatching product_tag-boat-tour product_tag-caves-los-haitises product_tag-cayo-levantado product_tag-cayo-levantado-tour product_tag-eco-tours product_tag-excursiones-a-los-haitises-y-cayo-levantado product_tag-haitises-park-and-cayo-levantado-island product_tag-los-haitises product_tag-los-haitises-and-cayo-levantado product_tag-los-haitises-excursiones product_tag-los-haitises-excursions product_tag-los-haitises-mapa product_tag-los-haitises-mas-cayo-levantado product_tag-los-haitises-national-park product_tag-los-haitises-national-park-map product_tag-los-haitises-national-park-mas-cayo-levantado product_tag-los-haitises-national-park-tour-from-las-terrenas product_tag-los-haitises-national-park-tour-from-samana-port-bacardi-island-cayo-levantado product_tag-los-haitises-national-park-tour-from-santo-domingo product_tag-los-haitises-park-tour-cayo-levantado-island product_tag-los-haitises-samana product_tag-los-haitises-y-cayo-levantado product_tag-sabana-de-la-mar product_tag-samana product_tag-samana-excursions product_tag-samana-tours product_tag-tour-los-haitises-national-park-cayo-levantado has-post-thumbnail sale sold-individually shipping-taxable product-type-external\">\n\t<div class=\"mkdf-pl-inner\"><div class=\"mkdf-pl-image\"><div class=\"mkdf-pl-text\"><div class=\"mkdf-pl-text-outer\"><div class=\"mkdf-pl-text-inner\"><a href=\"https:\/\/bookingadventures.tours\/booking.php?tour_id=cd01687b47db9fe0c95acae017fc39c6\" data-quantity=\"1\" class=\"button wp-element-button product_type_external\" data-product_id=\"8857\" data-product_sku=\"\" aria-label=\"RESERVAR ARA\" rel=\"nofollow noopener\">RESERVAR ARA<\/a><\/div><\/div><\/div><\/div><a href=\"https:\/\/www.boattoursamana.com\/ca\/gira\/tour-parc-nacional-los-haitis-des-de-samana-port-illa-bacardi-cayo-levantado-2\" class=\"woocommerce-LoopProduct-link woocommerce-loop-product__link\"><\/a><\/div><div class=\"mkdf-pl-text-wrapper\"><div class=\"mkdf-pl-rating-holder\"><\/div><h4 class=\"mkdf-product-list-title\"><a href=\"https:\/\/www.boattoursamana.com\/ca\/gira\/tour-parc-nacional-los-haitis-des-de-samana-port-illa-bacardi-cayo-levantado-2\">Excursi\u00f3 al Parc Nacional Los Haitises des del Port de Saman\u00e1 + Illa Bacardi (Cayo Levantado)<\/a><\/h4>\n\t<span class=\"price\"><del aria-hidden=\"true\"><span class=\"woocommerce-Price-amount amount\"><bdi><span class=\"woocommerce-Price-currencySymbol\">&#36;<\/span>90.00<\/bdi><\/span><\/del> <ins><span class=\"woocommerce-Price-amount amount\"><bdi><span class=\"woocommerce-Price-currencySymbol\">&#36;<\/span>60.00<\/bdi><\/span><\/ins><\/span>\n<\/div><\/li><li class=\"product type-product post-11569 status-publish last instock product_cat-tours-excursions-samana-bay-dominican-republic product_cat-1-sabana-de-la-mar product_cat-1-samana product_tag-bacardi-island product_tag-cayo-levantado-day-pass product_tag-kayaking-dominican-republic product_tag-private-tours-samana product_tag-samana-tours product_tag-samana-whale-watching product_tag-snorkeling product_tag-whale-samana has-post-thumbnail sale sold-individually shipping-taxable product-type-external\">\n\t<div class=\"mkdf-pl-inner\"><div class=\"mkdf-pl-image\"><div class=\"mkdf-pl-text\"><div class=\"mkdf-pl-text-outer\"><div class=\"mkdf-pl-text-inner\"><a href=\"https:\/\/bookingadventures.tours\/booking.php?tour_id=1f8a301f1dc36a0236b212940f3c840c\" data-quantity=\"1\" class=\"button wp-element-button product_type_external\" data-product_id=\"11569\" data-product_sku=\"\" aria-label=\"RESERVAR ARA\" rel=\"nofollow noopener\">RESERVAR ARA<\/a><\/div><\/div><\/div><\/div><a href=\"https:\/\/www.boattoursamana.com\/ca\/gira\/caiac-privat-snorkel-amb-dinar-a-l-illa-cayo-levantado\" class=\"woocommerce-LoopProduct-link woocommerce-loop-product__link\"><\/a><\/div><div class=\"mkdf-pl-text-wrapper\"><h4 class=\"mkdf-product-list-title\"><a href=\"https:\/\/www.boattoursamana.com\/ca\/gira\/caiac-privat-snorkel-amb-dinar-a-l-illa-cayo-levantado\">Samana: Cayo Levantado &amp; Caiac + Snorkel<\/a><\/h4>\n\t<span class=\"price\"><del aria-hidden=\"true\"><span class=\"woocommerce-Price-amount amount\"><bdi><span class=\"woocommerce-Price-currencySymbol\">&#36;<\/span>87.00<\/bdi><\/span><\/del> <ins><span class=\"woocommerce-Price-amount amount\"><bdi><span class=\"woocommerce-Price-currencySymbol\">&#36;<\/span>75.00<\/bdi><\/span><\/ins><\/span>\n<\/div><\/li><\/ul>\n<\/div><\/div><\/div><\/div><\/div><div class=\"vc_row wpb_row vc_row-fluid\" ><\/div><div class=\"wpb_column vc_column_container vc_col-sm-12\"><div class=\"vc_column-inner\"><div class=\"wpb_wrapper\"><\/div><\/div><\/div><div class=\"vc_empty_space\"   style=\"height: 32px\"><span class=\"vc_empty_space_inner\"><\/span><\/div>\n\t<div class=\"wpb_text_column wpb_content_element\" >\n\t\t<div class=\"wpb_wrapper\">\n\t\t\t<p>\nn<br \/>\nS\u00f3c bloc de text. Feu clic al bot\u00f3 Edita per canviar aquest text. Lorem ipsum dolor sit amet, consectetur adipiscing elit. Ut elit tellus, luctus nec ullamcorper mattis, pulvinar dapibus leo.<br \/>\nn<br \/>\nn<\/p>\n\n\t\t<\/div>\n\t<\/div>\n<div class=\"vc_empty_space\"   style=\"height: 32px\"><span class=\"vc_empty_space_inner\"><\/span><\/div>","protected":false},"excerpt":{"rendered":"<p>Caminata de 3 horas y kayak en manglares al Parque Nacional Los Haitises con una gu\u00eda tur\u00edstica local desde Sabana de la mar. Visitando les \u00e0rees de Selva Tropical, Cocos, Caf\u00e9 y Cacao. Aprendiendo sobre la historia original del Parque Nacional Los Haitises. n n n nSeleccioneu la data per al viatge de senderisme: &nbsp;<\/p>","protected":false},"author":2,"featured_media":0,"parent":0,"menu_order":0,"comment_status":"open","ping_status":"closed","template":"","meta":{"footnotes":""},"class_list":["post-15792","page","type-page","status-publish","hentry"],"_links":{"self":[{"href":"https:\/\/www.boattoursamana.com\/ca\/wp-json\/wp\/v2\/pages\/15792","targetHints":{"allow":["GET"]}}],"collection":[{"href":"https:\/\/www.boattoursamana.com\/ca\/wp-json\/wp\/v2\/pages"}],"about":[{"href":"https:\/\/www.boattoursamana.com\/ca\/wp-json\/wp\/v2\/types\/page"}],"author":[{"embeddable":true,"href":"https:\/\/www.boattoursamana.com\/ca\/wp-json\/wp\/v2\/users\/2"}],"replies":[{"embeddable":true,"href":"https:\/\/www.boattoursamana.com\/ca\/wp-json\/wp\/v2\/comments?post=15792"}],"version-history":[{"count":0,"href":"https:\/\/www.boattoursamana.com\/ca\/wp-json\/wp\/v2\/pages\/15792\/revisions"}],"wp:attachment":[{"href":"https:\/\/www.boattoursamana.com\/ca\/wp-json\/wp\/v2\/media?parent=15792"}],"curies":[{"name":"wp","href":"https:\/\/api.w.org\/{rel}","templated":true}]}}