{"id":15798,"date":"2023-07-15T07:43:59","date_gmt":"2023-07-15T07:43:59","guid":{"rendered":"https:\/\/www.ticketswhales.com\/bahia-de-las-aguilas-beach-day-trip-by-boat-day-pass-pedernales\/"},"modified":"2023-07-15T07:43:59","modified_gmt":"2023-07-15T07:43:59","slug":"bahia-de-las-aguilas-beach-day-trip-by-boat-day-pass-pedernales","status":"publish","type":"page","link":"https:\/\/www.boattoursamana.com\/ca\/excursio-dun-dia-a-la-platja-de-la-bahia-de-las-aguilas-en-vaixell-abonament-dun-dia-pedernales","title":{"rendered":"Bah\u00eda de las Aguilas: Excursi\u00f3 d&#039;un dia a la platja en vaixell \u2013 Pass d&#039;un dia \u2013 Pedernales"},"content":{"rendered":"<p><span style=\"vertical-align: inherit;\"><span style=\"vertical-align: inherit;\">Compreu un boleto d&#039;un dia a Bah\u00eda las \u00c1guilas des de les \u00e0rees de Pedernales. <\/span><span style=\"vertical-align: inherit;\">Disfruta d&#039;un dia de platja i deixa fluir l&#039;\u00e0nim, lleixos de les zones tur\u00edstiques i de tot l&#039;estr\u00e8s. <\/span><span style=\"vertical-align: inherit;\">Ven i descobreix el Parc Nacional Jaragua i Bah\u00eda de las \u00c1guilas. <\/span><span style=\"vertical-align: inherit;\">Conduzca por una hermosa carretera con impresionantes vistas del peque\u00f1o puerto y el pueblo pesquero de Cabo Rojo. <\/span><span style=\"vertical-align: inherit;\">En Las Cuevas, abordar\u00e0 un bote que portar\u00e0 en un viatge de 15 minuts a una de les platges naturals m\u00e9s belles del m\u00f3n. <\/span><span style=\"vertical-align: inherit;\">Las arenas de la Bah\u00eda de las \u00c1guilas son v\u00edrgenes y la bah\u00eda cubre 8 km. <\/span><span style=\"vertical-align: inherit;\">Experimenteu un paisatge coster excepcional amb aig\u00fces cristal\u00b7lines que brillan en tonos que van del turquesa al blau \u00f2palo que es derrite a l&#039;horitz\u00f3. <\/span><span style=\"vertical-align: inherit;\">El almuerzo se serveix a la platja, res o bucear i explorar aquest para\u00edso verge natural.<\/span><\/span><br \/>\nn<br \/>\nn&nbsp;<br \/>\nn<br \/>\nn<strong><span style=\"vertical-align: inherit;\"><span style=\"vertical-align: inherit;\">Seleccioneu el dia per a aquest viatge:<\/span><\/span><\/strong><\/p>\n<p>&nbsp;<\/p>\n<div class=\"vc_row wpb_row vc_row-fluid\" ><div class=\"wpb_column vc_column_container vc_col-sm-12\"><div class=\"vc_column-inner\"><div class=\"wpb_wrapper\"><div class=\"mkdf-section-title-holder\" style=\"text-align: left\">\n\t<div class=\"mkdf-st-inner\">\n\t\t\t\t\t<h5 class=\"mkdf-st-subtitle\" >\n\t\t\t\tPass d&#039;un dia - Snorkel i dinar\t\t\t<\/h5>\n\t\t\t\t\t\t\t<h3 class=\"mkdf-st-title\" >\n\t\t\t\tBah\u00eda de las Aguilas: Excursi\u00f3 d&#039;un dia a la platja en vaixell\t\t\t<\/h3>\n\t\t\t\t\t<\/div>\n<\/div><\/div><\/div><\/div><\/div><div class=\"vc_row wpb_row vc_row-fluid\" ><div class=\"wpb_column vc_column_container vc_col-sm-12\"><div class=\"vc_column-inner\"><div class=\"wpb_wrapper\">\n\t<div class=\"wpb_text_column wpb_content_element\" >\n\t\t<div class=\"wpb_wrapper\">\n\t\t\t<p>\nn<\/p>\n<h4><b><i>Visi\u00f3 general<\/i><\/b><\/h4>\n<p>Gaudeix d&#039;un dia a la platja i deixa fluir l&#039;\u00e0nim, lluny de les zones tur\u00edstiques i de tot l&#039;estr\u00e8s. Vine a descobrir el Parc Nacional Jaragua i Bahia de las \u00c1guilas. Condu\u00efu per una bonica carretera amb unes vistes impressionants del petit port i del poble pesquer de Cabo Rojo. A Las Cuevas et pujar\u00e0s a un vaixell que et portar\u00e0 en un viatge de 15 minuts a una de les platges naturals m\u00e9s boniques del m\u00f3n. Les sorres de Bah\u00eda de las Aguilas s\u00f3n verges i la badia cobreix 8 km. Viu un paisatge costaner excepcional amb aig\u00fces cristal\u00b7lines que brillen en tons que van des del turquesa fins al blau \u00f2pal que es fonen a l&#039;horitz\u00f3. El dinar se serveix a la platja, nedar o fer snorkel i explorar aquest parad\u00eds natural verge.<br \/>\nn<br \/>\nn&nbsp;<br \/>\nn<\/p>\n<ul>\nn \t<\/p>\n<li>Guia local amb experi\u00e8ncia en seguretat a la zona.<\/li>\n<p>n \t<\/p>\n<li>Transport privat<\/li>\n<p>n \t<\/p>\n<li>Tarifes incloses<\/li>\n<p>n \t<\/p>\n<li>Dinar<\/li>\n<p>n \t<\/p>\n<li>Guia local en castell\u00e0, angl\u00e8s o franc\u00e8s.<\/li>\n<p>n \t<\/p>\n<li>Senderisme<\/li>\n<p>n \t<\/p>\n<li>Snorkel<\/li>\n<p>n<\/ul>\n<p>n<\/p>\n<h4><b>Inclusions i exclusions<\/b><\/h4>\n<p>n&nbsp;<br \/>\nn<br \/>\nn<b>Inclusions<\/b><br \/>\nn<\/p>\n<ol>\nn \t<\/p>\n<li>Guia local amb experi\u00e8ncia en seguretat a la zona.<\/li>\n<p>n \t<\/p>\n<li>Transport privat per a grups redu\u00efts<\/li>\n<p>n \t<\/p>\n<li>Tots els impostos, taxes i despeses de gesti\u00f3<\/li>\n<p>n \t<\/p>\n<li>Impostos locals<\/li>\n<p>n \t<\/p>\n<li>Dinar<\/li>\n<p>n \t<\/p>\n<li>Senderisme<\/li>\n<p>n \t<\/p>\n<li>Piscines Naturals<\/li>\n<p>n \t<\/p>\n<li>Snorkel<\/li>\n<p>n \t<\/p>\n<li>Totes les activitats<\/li>\n<p>n<\/ol>\n<p>n<b>Exclusions<\/b><br \/>\nn<\/p>\n<ol>\nn \t<\/p>\n<li>Propostes<\/li>\n<p>n \t<\/p>\n<li>Totes les Begudes<\/li>\n<p>n<\/ol>\n<p>n<\/p>\n<h4><em><strong>Sortida i tornada<\/strong><\/em><\/h4>\n<p>nEl viatger obtindr\u00e0 un punt de trobada despr\u00e9s del proc\u00e9s de reserva. Les visites comencen i acaben als vostres punts de trobada.<br \/>\nn<\/p>\n<h2 class=\"styles__heading___mD4_3\" data-radium=\"true\">Bah\u00eda de las Aguilas: Excursi\u00f3 d&#039;un dia a la platja amb vaixell -Passa d&#039;un dia - Snorkel i dinar<\/h2>\n<p>n<\/p>\n<h4><em>Qu\u00e8 esperar?<\/em><\/h4>\n<p>Playa de las Aguilas va rebre el nom de l&#039;\u00e0guila ind\u00edgena. El recorregut \u00e9s en transport privat des de Bahia de las Aguilas on et permet descobrir les meravelles naturals d&#039;aquesta platja afrodis\u00edaca d&#039;una manera molt diferent i sostenible. Passa el dia en un recorregut per la natura pel sud del pa\u00eds on coneixer\u00e0s la Bahia de las Aguila, una de les platges m\u00e9s boniques de la Rep\u00fablica Dominicana, on arribarem amb llanxa a aquesta platja paradis\u00edaca, una zona totalment protegit per la legislaci\u00f3 ambiental. Passeu una estona de relax a Bahia de las Aguilas, una reserva natural deshabitada i un parc nacional, i gaudiu d&#039;un dinar d&#039;estil barbacoa a les coves.<br \/>\nn<br \/>\nEl mar en calma i el vent lleuger evitaran que patiu massa el sol i la calor. Converteix-te en un explorador del dia i descobreix un parad\u00eds ecol\u00f2gic, natural i totalment verge. Es poden observar m\u00e9s de 130 esp\u00e8cies d&#039;ocells, 76 de les quals viuen permanentment a la badia, 10 s\u00f3n end\u00e8miques i 47 s\u00f3n migrants.<br \/>\nn<br \/>\nn08.30 \u2013 Sortida des del Punt de Trobada<br \/>\nn08.45 \u2013 Sortida en vaixell des del poble La Cueva fins a la Bahia de las Aguilas<br \/>\nn12.30 \u2013 Dinar t\u00edpic a la platja<br \/>\nn03.00 \u2013 Retorn a La Cueva<br \/>\nn05.30 \u2013 Arribada al Punt de Trobada<br \/>\nn<\/p>\n<h4><em><strong>Qu\u00e8 hauries de portar?<\/strong><\/em><\/h4>\n<p>n<\/p>\n<ul>\nn \t<\/p>\n<li>C\u00e0mera<\/li>\n<p>n \t<\/p>\n<li>Brots repel\u00b7lents<\/li>\n<p>n \t<\/p>\n<li>Crema per al sol<\/li>\n<p>n \t<\/p>\n<li>Aigua<\/li>\n<p>n \t<\/p>\n<li>Barret<\/li>\n<p>n \t<\/p>\n<li>Pantalons c\u00f2modes<\/li>\n<p>n \t<\/p>\n<li>Sabates de muntanya per al bosc<\/li>\n<p>n \t<\/p>\n<li>Sand\u00e0lies a les zones de primavera.<\/li>\n<p>n \t<\/p>\n<li>Roba de bany<\/li>\n<p>n<\/ul>\n<p>n&nbsp;<br \/>\nn<\/p>\n<h4><b><i>Recollida a l&#039;hotel<\/i><\/b><\/h4>\n<p>S&#039;ofereix servei de recollida a l&#039;hotel per a aquesta excursi\u00f3 amb un cost addicional.<br \/>\nn<br \/>\nn<b>Nota:<\/b> Si feu la reserva dins de les 24 hores posteriors a l&#039;hora de sortida del tour o de l&#039;excursi\u00f3, podem organitzar la recollida a l&#039;hotel. Acabem de recollir a la zona de Pedernales. Un cop completada la compra, us enviarem la informaci\u00f3 de contacte completa (n\u00famero de tel\u00e8fon, adre\u00e7a de correu electr\u00f2nic, etc.) perqu\u00e8 el nostre guia local organitzi la recollida.<br \/>\nn<\/p>\n<h4><b><i>Confirmaci\u00f3 d&#039;informaci\u00f3 addicional<\/i><\/b><\/h4>\n<p>n<\/p>\n<ol>\nn \t<\/p>\n<li>Les entrades s\u00f3n el rebut despr\u00e9s de pagar aquest Tour. Podeu mostrar el pagament al vostre tel\u00e8fon.<\/li>\n<p>n \t<\/p>\n<li>El punt de trobada es rebr\u00e0 despr\u00e9s del proc\u00e9s de reserva.<\/li>\n<p>n \t<\/p>\n<li>Els nens han d&#039;anar acompanyats d&#039;un adult.<\/li>\n<p>n \t<\/p>\n<li>No accessible amb cadira de rodes<\/li>\n<p>n \t<\/p>\n<li>Els nadons han de seure a les faldes<\/li>\n<p>n \t<\/p>\n<li>No recomanat per a viatgers amb problemes d&#039;esquena<\/li>\n<p>n \t<\/p>\n<li>No recomanat per a viatgers embarassades<\/li>\n<p>n \t<\/p>\n<li>Sense problemes card\u00edacs ni altres afeccions m\u00e8diques greus<\/li>\n<p>n \t<\/p>\n<li>La majoria dels viatgers poden participar<\/li>\n<p>n<\/ol>\n<p>n<\/p>\n<h4><b><i>Pol\u00edtica de cancel \u00b7 laci\u00f3<\/i><\/b><\/h4>\n<p>nPer obtenir un reemborsament complet, llegiu les nostres pol\u00edtiques de cancel\u00b7lacions\u00a0<a href=\"https:\/\/www.boattoursamana.com\/ca\/reserva-en-linia\/\" target=\"_blank\" rel=\"noopener\" data-saferedirecturl=\"https:\/\/www.google.com\/url?q=https:\/\/www.boattoursamana.com\/online-booking\/&amp;source=gmail&amp;ust=1672449202351000&amp;usg=AOvVaw1yAeVAPktmaVCqDujgUn90\">Clica aqu\u00ed<\/a>. Els fons es perdran si la reserva es cancel\u00b7la el mateix dia del viatge.<\/p>\n\n\t\t<\/div>\n\t<\/div>\n<\/div><\/div><\/div><\/div>","protected":false},"excerpt":{"rendered":"<p>Compre un boleto de un d\u00eda a Bah\u00eda las \u00c1guilas desde las \u00e1reas de Pedernales. Disfruta de un d\u00eda de playa y deja fluir el \u00e1nimo, lejos de las zonas tur\u00edsticas y de todo el estr\u00e9s. Ven y descubre el Parque Nacional Jaragua y Bah\u00eda de las \u00c1guilas. Conduzca por una hermosa carretera con impresionantes vistas del peque\u00f1o puerto y el pueblo pesquero de Cabo Rojo. En Las Cuevas, abordar\u00e1 un bote que lo llevar\u00e1 en un viaje de 15 [&hellip;]<\/p>\n","protected":false},"author":2,"featured_media":0,"parent":0,"menu_order":0,"comment_status":"open","ping_status":"closed","template":"","meta":{"footnotes":""},"class_list":["post-15798","page","type-page","status-publish","hentry"],"_links":{"self":[{"href":"https:\/\/www.boattoursamana.com\/ca\/wp-json\/wp\/v2\/pages\/15798","targetHints":{"allow":["GET"]}}],"collection":[{"href":"https:\/\/www.boattoursamana.com\/ca\/wp-json\/wp\/v2\/pages"}],"about":[{"href":"https:\/\/www.boattoursamana.com\/ca\/wp-json\/wp\/v2\/types\/page"}],"author":[{"embeddable":true,"href":"https:\/\/www.boattoursamana.com\/ca\/wp-json\/wp\/v2\/users\/2"}],"replies":[{"embeddable":true,"href":"https:\/\/www.boattoursamana.com\/ca\/wp-json\/wp\/v2\/comments?post=15798"}],"version-history":[{"count":0,"href":"https:\/\/www.boattoursamana.com\/ca\/wp-json\/wp\/v2\/pages\/15798\/revisions"}],"wp:attachment":[{"href":"https:\/\/www.boattoursamana.com\/ca\/wp-json\/wp\/v2\/media?parent=15798"}],"curies":[{"name":"wp","href":"https:\/\/api.w.org\/{rel}","templated":true}]}}