{"id":15804,"date":"2023-07-15T07:43:59","date_gmt":"2023-07-15T07:43:59","guid":{"rendered":"https:\/\/www.ticketswhales.com\/tainos-canoe-los-haitises\/"},"modified":"2023-07-15T07:43:59","modified_gmt":"2023-07-15T07:43:59","slug":"tainos-canoe-los-haitises","status":"publish","type":"page","link":"https:\/\/www.boattoursamana.com\/ca\/tainos-canoe-los-haitises","title":{"rendered":"Canoa de Taino Los Haitises"},"content":{"rendered":"<p><span style=\"font-weight: 400;\">En aquesta activitat, sortireu a les canoes fetes a m\u00e0, tal com feien els ta\u00ednos. Sentir\u00e0s molts dels sons que van marcar la seva connexi\u00f3 amb la natura: la crida de les grues, la submersi\u00f3 dels crancs a l&#039;aigua i el suau repicat de les ones contra formacions rocoses naturals. Els arcs de les arrels dels manglars us recordaran les catedrals i, de fet, els ta\u00ednos (tot i que no tenien esgl\u00e9sies) eren profundament espirituals. Un cop h\u00e0giu sortit amb el nostre guia, gaudireu de la gran varietat d&#039;ocells, r\u00e8ptils i peixos dels manglars. Enlluernat amb l&#039;espurneig de les ones que piulen l&#039;ullet a la llum del mat\u00ed, les muntanyes de Saman\u00e1 a la llunyania i el verd maragda de les palmeres balancejant.\u00a0 <\/span><br \/>\nn<br \/>\nn&nbsp;<br \/>\nn<br \/>\nn<strong>Seleccioneu la data per a la gira:<\/strong><\/p>\n<p>&nbsp;<\/p>\n<div class=\"vc_row wpb_row vc_row-fluid\" ><div class=\"wpb_column vc_column_container vc_col-sm-12\"><div class=\"vc_column-inner\"><div class=\"wpb_wrapper\"><div class=\"vc_empty_space\"   style=\"height: 32px\"><span class=\"vc_empty_space_inner\"><\/span><\/div><\/div><\/div><\/div><\/div><div class=\"vc_row wpb_row vc_row-fluid\" ><div class=\"wpb_column vc_column_container vc_col-sm-12\"><div class=\"vc_column-inner\"><div class=\"wpb_wrapper\"><div class=\"mkdf-section-title-holder\" style=\"text-align: left\">\n\t<div class=\"mkdf-st-inner\">\n\t\t\t\t\t<h5 class=\"mkdf-st-subtitle\" >\n\t\t\t\tAventura en canoes\t\t\t<\/h5>\n\t\t\t\t\t\t\t<h3 class=\"mkdf-st-title\" >\n\t\t\t\tCanoa de Taino al Parc Nacional Los Haitises\t\t\t<\/h3>\n\t\t\t\t\t<\/div>\n<\/div><\/div><\/div><\/div><\/div><div class=\"vc_row wpb_row vc_row-fluid\" ><div class=\"wpb_column vc_column_container vc_col-sm-12\"><div class=\"vc_column-inner\"><div class=\"wpb_wrapper\"><div class=\"vc_empty_space\"   style=\"height: 32px\"><span class=\"vc_empty_space_inner\"><\/span><\/div><\/div><\/div><\/div><\/div><div class=\"vc_row wpb_row vc_row-fluid\" ><div class=\"wpb_column vc_column_container vc_col-sm-12\"><div class=\"vc_column-inner\"><div class=\"wpb_wrapper\">\n\t<div class=\"wpb_text_column wpb_content_element\" >\n\t\t<div class=\"wpb_wrapper\">\n\t\t\t<p>\nn<\/p>\n<h4><b><i>Visi\u00f3 general <\/i><\/b><\/h4>\n<p>n<span style=\"font-weight: 400;\">Tens curiositat per la vida quotidiana dels ta\u00ednos? Amb l&#039;activitat Taino Adventure, ser\u00e0s transportat en el temps per experimentar el m\u00f3n dels pobles ind\u00edgenes de la Rep\u00fablica Dominicana.\u00a0<\/span><br \/>\nn<br \/>\nn<span style=\"font-weight: 400;\">La canoa era sens dubte la part m\u00e9s important de la vida dels ta\u00ednos. Amb ell, pescaven, viatjaven a illes m\u00e9s petites, es comunicaven amb altres tribus i visitaven xamans per a rituals, curacions i profetitzaci\u00f3. A Booking Adventures volem submergir-te en el m\u00f3n dels ta\u00ednos.\u00a0 <\/span><br \/>\nn<br \/>\nn&nbsp;<br \/>\nn<\/p>\n<h4><b>Inclusions i exclusions<\/b><\/h4>\n<p>n<b>Inclusions<\/b><br \/>\nn<\/p>\n<ol>\nn \t<\/p>\n<li style=\"font-weight: 400;\">Sortida amb canoes<\/li>\n<p>n \t<\/p>\n<li>Samarreta gratu\u00efta amb el pictograma de Taino<\/li>\n<p>n \t<\/p>\n<li>Gust de pa de casabe<\/li>\n<p>n \t<\/p>\n<li>Visites a coves<\/li>\n<p>n \t<\/p>\n<li style=\"font-weight: 400;\"><span style=\"font-weight: 400;\">Tots els impostos, taxes i despeses de gesti\u00f3<\/span><\/li>\n<p>n \t<\/p>\n<li style=\"font-weight: 400;\"><span style=\"font-weight: 400;\">Impostos locals<\/span><\/li>\n<p>n \t<\/p>\n<li style=\"font-weight: 400;\"><span style=\"font-weight: 400;\">Guia local<\/span><\/li>\n<p>n<\/ol>\n<p>n<b> Exclusions<\/b><br \/>\nn<\/p>\n<ol>\nn \t<\/p>\n<li style=\"font-weight: 400;\"><span style=\"font-weight: 400;\">Propostes<\/span><\/li>\n<p>n \t<\/p>\n<li style=\"font-weight: 400;\"><span style=\"font-weight: 400;\">Transfer\u00e8ncia<\/span><\/li>\n<p>n \t<\/p>\n<li>El dinar no est\u00e0 incl\u00f2s<\/li>\n<p>n \t<\/p>\n<li style=\"font-weight: 400;\"><span style=\"font-weight: 400;\">Begudes alcoh\u00f2liques<\/span><\/li>\n<p>n<\/ol>\n<p>n&nbsp;<br \/>\nn<\/p>\n<h4><em><strong>Sortida i tornada<\/strong><\/em><\/h4>\n<p>n<span style=\"font-weight: 400;\">El viatger obtindr\u00e0 un punt de trobada despr\u00e9s del proc\u00e9s de reserva. Les visites comencen i acaben als nostres punts de trobada.<\/span><br \/>\nn<\/p>\n<h4><b><i>Qu\u00e8 esperar?<\/i><\/b><\/h4>\n<p>n<span style=\"font-weight: 400;\">En aquesta activitat, sortireu a les canoes fetes a m\u00e0, tal com feien els ta\u00ednos. Sentir\u00e0s molts dels sons que van marcar la seva connexi\u00f3 amb la natura: la crida de les grues, la submersi\u00f3 dels crancs a l&#039;aigua i el suau repicat de les ones contra formacions rocoses naturals. Els arcs de les arrels dels manglars us recordaran les catedrals i, de fet, els ta\u00ednos (tot i que no tenien esgl\u00e9sies) eren profundament espirituals. Un cop h\u00e0giu sortit amb el nostre guia, gaudireu de la gran varietat d&#039;ocells, r\u00e8ptils i peixos dels manglars. Enlluernat amb l&#039;espurneig de les ones que piulen l&#039;ullet a la llum del mat\u00ed, les muntanyes de Saman\u00e1 a la llunyania i el verd maragda de les palmeres balancejant.\u00a0\u00a0<\/span><br \/>\nn<br \/>\nn<span style=\"font-weight: 400;\">A continuaci\u00f3, podreu visitar algunes de les coves que van ser especialment importants per als ta\u00ednos. Van viatjar de cova en cova visitant els savis, refugiar-se dels huracans i com a punts de trobada amb altres tribus. Un cop estiguis a les coves, podr\u00e0s apreciar el silenci i l&#039;aura sacra de l&#039;espai. Veureu algunes de les talles rupestres, anomenades petroglifs, que representen les seves de\u00eftats i esperits. Finalment, podreu tastar algunes de les mateixes fruites tropicals que van recollir els Ta\u00ednos abans de tornar al punt de trobada.\u00a0<\/span><br \/>\nn<br \/>\nn<span style=\"font-weight: 400;\">En aquest recorregut, els nostres guies experts descriuran els m\u00faltiples usos de la canoa, com vivien els ta\u00ednos abans de l&#039;\u00e8poca de Colom i com el bosc de manglars \u00e9s essencial per a la salut del medi ambient.\u00a0<\/span><br \/>\nn<br \/>\nn&nbsp;<br \/>\nn<\/p>\n<h4><em><strong>Qu\u00e8 hauries de portar?<\/strong><\/em><\/h4>\n<p>n<\/p>\n<ul>\nn \t<\/p>\n<li style=\"font-weight: 400;\"><span style=\"font-weight: 400;\">C\u00e0mera<\/span><\/li>\n<p>n \t<\/p>\n<li style=\"font-weight: 400;\"><span style=\"font-weight: 400;\">Brots repel\u00b7lents<\/span><\/li>\n<p>n \t<\/p>\n<li style=\"font-weight: 400;\"><span style=\"font-weight: 400;\">crema per al sol<\/span><\/li>\n<p>n \t<\/p>\n<li style=\"font-weight: 400;\"><span style=\"font-weight: 400;\">Barret<\/span><\/li>\n<p>n \t<\/p>\n<li style=\"font-weight: 400;\"><span style=\"font-weight: 400;\">Pantalons c\u00f2modes<\/span><\/li>\n<p>n \t<\/p>\n<li style=\"font-weight: 400;\"><span style=\"font-weight: 400;\">Sand\u00e0lies o sabates per a zones fangoses.\u00a0<\/span><\/li>\n<p>n \t<\/p>\n<li style=\"font-weight: 400;\"><span style=\"font-weight: 400;\">Roba de bany<\/span><\/li>\n<p>n<\/ul>\n<p>n&nbsp;<br \/>\nn<\/p>\n<h4><b><i>Recollida a l&#039;hotel <\/i><\/b><\/h4>\n<p>n<span style=\"font-weight: 400;\">No s&#039;ofereix servei de recollida a l&#039;hotel per a aquesta excursi\u00f3. <\/span><br \/>\nn<br \/>\nn<b>Nota:<\/b><span style=\"font-weight: 400;\"> Si feu la reserva dins de les 24 hores posteriors a l&#039;hora de sortida de l&#039;excursi\u00f3\/excursi\u00f3, podem organitzar la recollida a l&#039;hotel amb c\u00e0rrecs addicionals. Un cop completada la compra, us enviarem la informaci\u00f3 de contacte completa (n\u00famero de tel\u00e8fon, adre\u00e7a de correu electr\u00f2nic, etc.) perqu\u00e8 el nostre guia local organitzi la recollida.<\/span><br \/>\nn<\/p>\n<h4><b><i>Confirmaci\u00f3 d&#039;informaci\u00f3 addicional <\/i><\/b><\/h4>\n<p>n<\/p>\n<ol>\nn \t<\/p>\n<li>Les entrades s\u00f3n el rebut despr\u00e9s de pagar aquest Tour. Podeu mostrar el pagament al vostre tel\u00e8fon.<\/li>\n<p>n \t<\/p>\n<li style=\"font-weight: 400;\"><span style=\"font-weight: 400;\">El punt de trobada es rebr\u00e0 despr\u00e9s del proc\u00e9s de reserva.<\/span><\/li>\n<p>n \t<\/p>\n<li style=\"font-weight: 400;\"><span style=\"font-weight: 400;\">Els nens han d&#039;anar acompanyats d&#039;un adult.<\/span><\/li>\n<p>n \t<\/p>\n<li style=\"font-weight: 400;\"><span style=\"font-weight: 400;\"> No accessible amb cadira de rodes <\/span><\/li>\n<p>n \t<\/p>\n<li style=\"font-weight: 400;\"><span style=\"font-weight: 400;\">Els nadons han de seure a les faldes <\/span><\/li>\n<p>n \t<\/p>\n<li style=\"font-weight: 400;\"><span style=\"font-weight: 400;\">No recomanat per a viatgers amb problemes d&#039;esquena<\/span><\/li>\n<p>n \t<\/p>\n<li style=\"font-weight: 400;\"><span style=\"font-weight: 400;\">No recomanat per a viatgers embarassades <\/span><\/li>\n<p>n \t<\/p>\n<li style=\"font-weight: 400;\"><span style=\"font-weight: 400;\"> Sense problemes card\u00edacs ni altres afeccions m\u00e8diques greus <\/span><\/li>\n<p>n \t<\/p>\n<li style=\"font-weight: 400;\"><span style=\"font-weight: 400;\">La majoria dels viatgers poden participar<\/span><\/li>\n<p>n<\/ol>\n<p>n<\/p>\n<h4><b><i>Pol\u00edtica de cancel \u00b7 laci\u00f3<\/i><\/b><\/h4>\n<p>nPer obtenir un reemborsament complet, llegiu les nostres pol\u00edtiques de cancel\u00b7lacions\u00a0<a href=\"https:\/\/www.boattoursamana.com\/ca\/reserva-en-linia\/\" target=\"_blank\" rel=\"noopener\" data-saferedirecturl=\"https:\/\/www.google.com\/url?q=https:\/\/www.boattoursamana.com\/online-booking\/&amp;source=gmail&amp;ust=1672449202351000&amp;usg=AOvVaw1yAeVAPktmaVCqDujgUn90\">Clica aqu\u00ed<\/a>. Els fons es perdran si la reserva es cancel\u00b7la el mateix dia del viatge.<\/p>\n\n\t\t<\/div>\n\t<\/div>\n<\/div><\/div><\/div><\/div><div class=\"vc_row wpb_row vc_row-fluid\" ><div class=\"wpb_column vc_column_container vc_col-sm-12\"><div class=\"vc_column-inner\"><div class=\"wpb_wrapper\"><div class=\"vc_empty_space\"   style=\"height: 32px\"><span class=\"vc_empty_space_inner\"><\/span><\/div>\n\t<div class=\"wpb_text_column wpb_content_element\" >\n\t\t<div class=\"wpb_wrapper\">\n\t\t\t<p>\nn<\/p>\n<h4>Contactar amb nosaltres?<\/h4>\n<p>n<\/p>\n<h5>Reserves Aventures<\/h5>\n<p>n<em><strong>Locals<\/strong>\u00a0i\u00a0<strong>Nacionals<\/strong>\u00a0Guies tur\u00edstics i serveis als convidats<\/em><br \/>\nn<br \/>\nn<span class=\"text-turquoise\">Reserves:<\/span>\u00a0Tours i excursions a Dom. Rep.<br \/>\nn<br \/>\nn<img decoding=\"async\" class=\"emoji\" draggable=\"false\" src=\"https:\/\/s.w.org\/images\/core\/emoji\/11.2.0\/svg\/1f4de.svg\" alt=\" \" title=\"\">\u00a0Tel\/Whatsapp\u00a0\u00a0<a href=\"tel:+1-809-720-6035\">+1-809-720-6035<\/a>.<br \/>\nn<br \/>\nn<img decoding=\"async\" class=\"emoji\" draggable=\"false\" src=\"https:\/\/s.w.org\/images\/core\/emoji\/11.2.0\/svg\/1f4e9.svg\" alt=\" \" title=\"\">\u00a0<a href=\"mailto:info@bookingadventures.com.do\">info@bookingadventures.com.do<\/a><br \/>\nn<br \/>\nn<strong>Som flexibles per configurar visites privades per Whatsapp:\u00a0<a href=\"tel:+18097206035\">+18097206035.<\/a><\/strong><\/p>\n\n\t\t<\/div>\n\t<\/div>\n<div class=\"vc_empty_space\"   style=\"height: 32px\"><span class=\"vc_empty_space_inner\"><\/span><\/div><\/div><\/div><\/div><\/div>","protected":false},"excerpt":{"rendered":"<p>In this activity, you\u2019ll set out in the hand-crafted canoes, just as the Ta\u00ednos did. You\u2019ll hear many of the sounds that marked their connection with nature: the call of cranes, the dip of crabs into the water, and the gentle lapping of waves against natural rock formations. The arches of the mangrove roots will remind you of cathedrals, and indeed, the Ta\u00ednos (although they didn\u2019t have churches) were deeply spiritual. Once you\u2019ve set out with our guide, you\u2019ll enjoy [&hellip;]<\/p>\n","protected":false},"author":2,"featured_media":0,"parent":0,"menu_order":0,"comment_status":"open","ping_status":"closed","template":"","meta":{"footnotes":""},"class_list":["post-15804","page","type-page","status-publish","hentry"],"_links":{"self":[{"href":"https:\/\/www.boattoursamana.com\/ca\/wp-json\/wp\/v2\/pages\/15804","targetHints":{"allow":["GET"]}}],"collection":[{"href":"https:\/\/www.boattoursamana.com\/ca\/wp-json\/wp\/v2\/pages"}],"about":[{"href":"https:\/\/www.boattoursamana.com\/ca\/wp-json\/wp\/v2\/types\/page"}],"author":[{"embeddable":true,"href":"https:\/\/www.boattoursamana.com\/ca\/wp-json\/wp\/v2\/users\/2"}],"replies":[{"embeddable":true,"href":"https:\/\/www.boattoursamana.com\/ca\/wp-json\/wp\/v2\/comments?post=15804"}],"version-history":[{"count":0,"href":"https:\/\/www.boattoursamana.com\/ca\/wp-json\/wp\/v2\/pages\/15804\/revisions"}],"wp:attachment":[{"href":"https:\/\/www.boattoursamana.com\/ca\/wp-json\/wp\/v2\/media?parent=15804"}],"curies":[{"name":"wp","href":"https:\/\/api.w.org\/{rel}","templated":true}]}}