{"id":15821,"date":"2023-07-15T07:44:18","date_gmt":"2023-07-15T07:44:18","guid":{"rendered":"https:\/\/www.ticketswhales.com\/los-haitises-kayaking-boat-trip-caves-and-swimming-at-private-beach-all-in-one\/"},"modified":"2023-07-15T07:44:18","modified_gmt":"2023-07-15T07:44:18","slug":"los-haitises-kayaking-boat-trip-caves-and-swimming-at-private-beach-all-in-one","status":"publish","type":"page","link":"https:\/\/www.boattoursamana.com\/ca\/los-haitis-caiac-excursio-en-vaixell-coves-i-nedar-a-platja-privada-tot-en-un-2","title":{"rendered":"Caiac a Los Haitises + Sortida en vaixell + Coves i bany a la platja privada (tot en un)."},"content":{"rendered":"<p><span style=\"vertical-align: inherit;\"><span style=\"vertical-align: inherit;\">Caiac + Paseo en Barco + Cuevas y Playa para Nadar (Todo en Uno). <\/span><span style=\"vertical-align: inherit;\">Parque Nacional Los Haitises con una gu\u00eda tur\u00edstica local desde Sabana de la Mar. Visita a la selva tropical, la peque\u00f1a playa privada, las \u00e1reas de coco, caf\u00e9 y cacao. <\/span><span style=\"vertical-align: inherit;\">Aprendiendo sobre la historia original del Parque Nacional Los Haitises.<\/span><\/span><br \/>\nn<br \/>\nn&nbsp;<br \/>\nn<br \/>\nn<strong><span style=\"vertical-align: inherit;\"><span style=\"vertical-align: inherit;\">Seleccioneu la data per al viatge d&#039;aventura tot en un:<\/span><\/span><\/strong><\/p>\n<p>&nbsp;<\/p>\n<div class=\"vc_row wpb_row vc_row-fluid\" ><div class=\"wpb_column vc_column_container vc_col-sm-12\"><div class=\"vc_column-inner\"><div class=\"wpb_wrapper\"><div class=\"vc_btn3-container vc_btn3-inline\" ><button class=\"vc_general vc_btn3 vc_btn3-size-md vc_btn3-shape-rounded vc_btn3-style-modern vc_btn3-color-green\">RESERVAR ARA<\/button><\/div>\n\t<div class=\"wpb_text_column wpb_content_element\" >\n\t\t<div class=\"wpb_wrapper\">\n\t\t\t<p>\nn<\/p>\n<h4><b><i>Visi\u00f3 general <\/i><\/b><\/h4>\n<p>n<span style=\"font-weight: 400;\">Escapa de la ciutat per submergir-te en l&#039;ecoturisme de la prov\u00edncia de Hato Mayor, la primera prov\u00edncia d&#039;ecoturisme de la Rep\u00fablica Dominicana. Vine amb nosaltres i gaudeix de les aig\u00fces dolces d&#039;una de les platges inexplorades de Los Haitises, on es troba la badia de San Lorenzo. El lloc \u00e9s accessible amb vaixell, envoltat de bosc tropical i manglar. Mentre navegueu entrareu en contacte amb la natura i el paisatge inoblidable d&#039;aquest parc nacional. Aquesta excursi\u00f3 ser\u00e0 una barreja de caiac, passeig en barca, visitar una cova i nedar en un dels parcs nacionals m\u00e9s importants del pa\u00eds, aqu\u00ed hi ha la majoria de la biodiversitat de l&#039;illa, i el segon bosc de manglars m\u00e9s gran amb m\u00e9s de 98 km2.\u00a0<\/span><br \/>\nn<br \/>\nn&nbsp;<br \/>\nn<br \/>\nn<span style=\"font-weight: 400;\">El nostre personal local i expert s&#039;assegurar\u00e0 que conegui realment la cultura ta\u00efna, la seva hist\u00f2ria a Los Haitises i la seva connexi\u00f3 amb la natura. Aquest recorregut \u00e9s en modalitat d&#039;ecoturisme on la comunitat arriba a tenir un paper molt important, s\u00f3n guies, capitans de vaixells i conductors.<\/span><br \/>\nn<br \/>\nn&nbsp;<br \/>\nn<br \/>\nn<span style=\"font-weight: 400;\">La prioritat de Booking Adventure \u00e9s assegurar-se que treu el millor del millor, des del moment que compres el bitllet fins que acabes el viatge. Els nostres tours se centren en l&#039;educaci\u00f3 ambiental, l&#039;aventura i la hist\u00f2ria local i durant aquest viatge podreu veure una mica de tot.\u00a0<\/span><br \/>\nn<\/p>\n<h3><span style=\"font-weight: 400;\">Inclusions i exclusions<\/span><\/h3>\n<p>n<\/p>\n<h6><strong>Inclusions<\/strong><\/h6>\n<p>n<\/p>\n<ul>\nn \t<\/p>\n<li><span style=\"font-weight: 400;\">Vaixell i Capit\u00e0\u00a0<\/span><\/li>\n<p>n \t<\/p>\n<li><span style=\"font-weight: 400;\">Caiacs\u00a0<\/span><\/li>\n<p>n \t<\/p>\n<li><span style=\"font-weight: 400;\">Snacks, (aigua, fruites, entrepans i refrescs)<\/span><\/li>\n<p>n \t<\/p>\n<li><span style=\"font-weight: 400;\">Tots els impostos, taxes i despeses de gesti\u00f3<\/span><\/li>\n<p>n \t<\/p>\n<li><span style=\"font-weight: 400;\">Impostos locals<\/span><\/li>\n<p>n \t<\/p>\n<li><span style=\"font-weight: 400;\">Funcionaris guies tur\u00edstics ecologistes angl\u00e8s\/espanyol<\/span><\/li>\n<p>n \t<\/p>\n<li><span style=\"font-weight: 400;\">Piscines Naturals i Platja inexplorada\u00a0<\/span><\/li>\n<p>n \t<\/p>\n<li><span style=\"font-weight: 400;\">Una cova\u00a0<\/span><\/li>\n<p>n<\/ul>\n<p>n&nbsp;<br \/>\nn<\/p>\n<h6><strong>Exclusions<\/strong><\/h6>\n<p>n&nbsp;<br \/>\nn<\/p>\n<ul>\nn \t<\/p>\n<li><span style=\"font-weight: 400;\">Propostes<\/span><\/li>\n<p>n \t<\/p>\n<li><span style=\"font-weight: 400;\">Beguda<\/span><\/li>\n<p>n \t<\/p>\n<li><span style=\"font-weight: 400;\">Transfer\u00e8ncia\u00a0<\/span><\/li>\n<p>n<\/ul>\n<p>n<span style=\"font-weight: 400;\">\u00a0<\/span><br \/>\nn<\/p>\n<h6><strong>Sortida i tornada<\/strong><\/h6>\n<p>n&nbsp;<br \/>\nn<br \/>\nn<span style=\"font-weight: 400;\">La visita, organitzada per \u201cBooking Adventures\u201d, comen\u00e7a al punt de trobada establert amb el Guia Tur\u00edstic o el membre del personal. El viatger obtindr\u00e0 un punt de trobada despr\u00e9s del proc\u00e9s de reserva. Les visites comencen i acaben als nostres punts de trobada.<\/span><br \/>\nn<\/p>\n<h2>Caiac a Los Haitises + Sortida en vaixell + Coves i Platja de bany (Tot en Un).<\/h2>\n<p>n<span style=\"font-weight: 400;\">Qu\u00e8 esperar?<\/span><br \/>\nn<br \/>\nn&nbsp;<br \/>\nn<br \/>\nn<span style=\"font-weight: 400;\">Aconsegueix la teva entrada per a l&#039;Eco-Aventure Tour al Parc Nacional Los Haitises All In One\u00a0<\/span><br \/>\nn<br \/>\nn&nbsp;<br \/>\nn<br \/>\nn<span style=\"font-weight: 400;\">Aquesta excursi\u00f3 comen\u00e7a des d&#039;un punt de trobada que heu de confirmar amb els nostres agents de viatges o amb el vostre guia tur\u00edstic abans de dirigir-vos a qualsevol lloc. Un cop us trobeu amb el vostre guia, tindreu un resum del recorregut i tot el relacionat amb el vostre dia.<\/span><br \/>\nn<br \/>\nn&nbsp;<br \/>\nn<br \/>\nn<span style=\"font-weight: 400;\">Quan tots estiguin preparats i recollim els caiacs ens dirigirem al primer lloc que \u00e9s Playita Las Almejas on hi ha piscines naturals, mentre naveguem pel bosc de manglars i l&#039;escut de la badia de San Lorenzo compartirem amb vosaltres hist\u00f2ries sobre Los Haitises, Geologia i repassa les esp\u00e8cies de manglars al voltant de la badia de San Lorenzo.\u00a0<\/span><br \/>\nn<br \/>\nn&nbsp;<br \/>\nn<br \/>\nn<span style=\"font-weight: 400;\">Quan arribem a la primera ubicaci\u00f3 haur\u00edeu de preparar el banyador per anar amb el caiac i remar fins a la Cova de la l\u00ednia amb el vostre guia tur\u00edstic, la resta del personal us esperar\u00e0 fins que acabeu la primera part de l&#039;activitat.<\/span><br \/>\nn<br \/>\nn&nbsp;<br \/>\nn<br \/>\nn<span style=\"font-weight: 400;\">Durant aquesta part del viatge, podreu rec\u00f3rrer l&#039;Antic Port de Las Perlas, que \u00e9s una de les primeres estructures constru\u00efdes pels europeus a la zona, cap a l&#039;any 1866, i que estava connectada amb una l\u00ednia de tren que era el transport del caf\u00e8, pl\u00e0tans i tot el que conreava aquest grup d&#039;europeus al que avui \u00e9s Los Haitises.\u00a0<\/span><br \/>\nn<br \/>\nn&nbsp;<br \/>\nn<br \/>\nn<span style=\"font-weight: 400;\">A la cova que visitareu hi ha m\u00e9s de 1200 pictografies pintades pels tainos, aquesta era una manera d&#039;expressar-se, i avui aquestes obres d&#039;art ens expliquen hist\u00f2ries que mai pens\u00e0vem trobar-hi. Quan acabeu aqu\u00ed, tornarem a la platja de las Almejas per berenar i banyar-nos.\u00a0<\/span><br \/>\nn<br \/>\nn&nbsp;<br \/>\nn<br \/>\nn<span style=\"font-weight: 400;\">Despr\u00e9s de banyar-nos a la piscina natural tornarem al port principal de la zona de Cano Hondo, es tracta d&#039;un recorregut de 5 hores que us ofereix l&#039;oportunitat de veure la major part del Parc Nacional de Sabana de la Mar i Los Haitises, aquesta excursi\u00f3 acaba a el mateix lloc on va comen\u00e7ar.<\/span><br \/>\nn<br \/>\nn&nbsp;<br \/>\nn<br \/>\nn<span style=\"font-weight: 400;\">Nota: Aquestes visites s\u00f3n amb guies tur\u00edstics oficials ecologistes. Reserveu amb temps perqu\u00e8 al parc no hi ha massa especialistes.<\/span><br \/>\nn<br \/>\nn&nbsp;<br \/>\nn<\/p>\n<h6><strong>Qu\u00e8 has de portar?<\/strong><\/h6>\n<p>n<\/p>\n<ul>\nn \t<\/p>\n<li style=\"font-weight: 400;\" aria-level=\"1\"><span style=\"font-weight: 400;\">C\u00e0mera<\/span><\/li>\n<p>n \t<\/p>\n<li style=\"font-weight: 400;\" aria-level=\"1\"><span style=\"font-weight: 400;\">Repel \u00b7 lent d&#039;insectes\u00a0<\/span><\/li>\n<p>n \t<\/p>\n<li style=\"font-weight: 400;\" aria-level=\"1\"><span style=\"font-weight: 400;\">Crema per al sol<\/span><\/li>\n<p>n \t<\/p>\n<li style=\"font-weight: 400;\" aria-level=\"1\"><span style=\"font-weight: 400;\">Pantalons c\u00f2modes<\/span><\/li>\n<p>n \t<\/p>\n<li style=\"font-weight: 400;\" aria-level=\"1\"><span style=\"font-weight: 400;\">Sabatilles d&#039;esport<\/span><\/li>\n<p>n \t<\/p>\n<li style=\"font-weight: 400;\" aria-level=\"1\"><span style=\"font-weight: 400;\">Jaqueta de pluja\u00a0<\/span><\/li>\n<p>n \t<\/p>\n<li style=\"font-weight: 400;\" aria-level=\"1\"><span style=\"font-weight: 400;\">Vestit de bany\u00a0<\/span><\/li>\n<p>n \t<\/p>\n<li style=\"font-weight: 400;\" aria-level=\"1\"><span style=\"font-weight: 400;\">Tovallola\u00a0<\/span><\/li>\n<p>n<\/ul>\n<p>n<\/p>\n<h4><b><i>Recollida a l&#039;hotel <\/i><\/b><\/h4>\n<p>n<span style=\"font-weight: 400;\">No s&#039;ofereix servei de recollida a l&#039;hotel per a aquesta excursi\u00f3. Nom\u00e9s si esteu a l&#039;Hotel Cano Hondo o Hotels a la zona de Sabana de la mar.<\/span><br \/>\nn<br \/>\nn<b>Nota:<\/b><span style=\"font-weight: 400;\"> Si feu la reserva dins de les 24 hores posteriors a l&#039;hora de sortida del tour o de l&#039;excursi\u00f3, podem organitzar la recollida a l&#039;hotel amb c\u00e0rrecs addicionals des de qualsevol lloc de la Rep\u00fablica Dominicana. Un cop completada la compra, us enviarem la informaci\u00f3 de contacte completa (n\u00famero de tel\u00e8fon, adre\u00e7a de correu electr\u00f2nic, etc.) perqu\u00e8 el nostre guia local organitzi la recollida.<\/span><br \/>\nn<\/p>\n<h4><b><i>Confirmaci\u00f3 d&#039;informaci\u00f3 addicional <\/i><\/b><\/h4>\n<p>n<\/p>\n<ol>\nn \t<\/p>\n<li>Les entrades s\u00f3n el Rebut despr\u00e9s de pagar aquest Tour. Podeu mostrar el pagament al vostre tel\u00e8fon.<\/li>\n<p>n \t<\/p>\n<li style=\"font-weight: 400;\"><span style=\"font-weight: 400;\">El punt de trobada es rebr\u00e0 despr\u00e9s del proc\u00e9s de reserva.<\/span><\/li>\n<p>n \t<\/p>\n<li style=\"font-weight: 400;\"><span style=\"font-weight: 400;\">Els nens han d&#039;anar acompanyats d&#039;un adult.<\/span><\/li>\n<p>n \t<\/p>\n<li style=\"font-weight: 400;\"><span style=\"font-weight: 400;\"> No accessible amb cadira de rodes <\/span><\/li>\n<p>n \t<\/p>\n<li style=\"font-weight: 400;\"><span style=\"font-weight: 400;\">Els nadons han de seure a les faldes <\/span><\/li>\n<p>n \t<\/p>\n<li style=\"font-weight: 400;\"><span style=\"font-weight: 400;\">No recomanat per a viatgers amb problemes d&#039;esquena<\/span><\/li>\n<p>n \t<\/p>\n<li style=\"font-weight: 400;\"><span style=\"font-weight: 400;\">No recomanat per a viatgers embarassades <\/span><\/li>\n<p>n \t<\/p>\n<li style=\"font-weight: 400;\"><span style=\"font-weight: 400;\"> Sense problemes card\u00edacs ni altres afeccions m\u00e8diques greus <\/span><\/li>\n<p>n \t<\/p>\n<li style=\"font-weight: 400;\"><span style=\"font-weight: 400;\">La majoria dels viatgers poden participar<\/span><\/li>\n<p>n<\/ol>\n<p>n<\/p>\n<h4><b><i>Pol\u00edtica de cancel \u00b7 laci\u00f3<\/i><\/b><\/h4>\n<p>nPer obtenir un reemborsament complet, llegiu les nostres pol\u00edtiques de cancel\u00b7lacions\u00a0<a href=\"https:\/\/www.boattoursamana.com\/ca\/reserva-en-linia\/\" target=\"_blank\" rel=\"noopener\" data-saferedirecturl=\"https:\/\/www.google.com\/url?q=https:\/\/www.boattoursamana.com\/online-booking\/&amp;source=gmail&amp;ust=1672449202351000&amp;usg=AOvVaw1yAeVAPktmaVCqDujgUn90\">Clica aqu\u00ed<\/a>. Els fons es perdran si la reserva es cancel\u00b7la el mateix dia del viatge.<\/p>\n\n\t\t<\/div>\n\t<\/div>\n<\/div><\/div><\/div><\/div><div class=\"vc_row wpb_row vc_row-fluid\" ><div class=\"wpb_column vc_column_container vc_col-sm-12\"><div class=\"vc_column-inner\"><div class=\"wpb_wrapper\"><\/div><\/div><\/div><\/div><div class=\"vc_row wpb_row vc_row-fluid\" ><\/div><div class=\"wpb_column vc_column_container vc_col-sm-12\"><div class=\"vc_column-inner\"><div class=\"wpb_wrapper\"><\/div><\/div><\/div><div class=\"vc_empty_space\"   style=\"height: 32px\"><span class=\"vc_empty_space_inner\"><\/span><\/div><div class=\"vc_empty_space\"   style=\"height: 32px\"><span class=\"vc_empty_space_inner\"><\/span><\/div><div class=\"vc_row wpb_row vc_row-fluid\" ><div class=\"wpb_column vc_column_container vc_col-sm-12\"><div class=\"vc_column-inner\"><div class=\"wpb_wrapper\"><div class=\"vc_btn3-container vc_btn3-inline\" ><button class=\"vc_general vc_btn3 vc_btn3-size-md vc_btn3-shape-rounded vc_btn3-style-modern vc_btn3-color-green\">RESERVAR ARA<\/button><\/div><\/div><\/div><\/div><\/div>","protected":false},"excerpt":{"rendered":"<p>Caiac + Paseo en Barco + Cuevas y Playa para Nadar (Todo en Uno). Parque Nacional Los Haitises con una gu\u00eda tur\u00edstica local desde Sabana de la Mar. Visita a la selva tropical, la peque\u00f1a playa privada, las \u00e1reas de coco, caf\u00e9 y cacao. Aprendiendo sobre la historia original del Parque Nacional Los Haitises. n n n nSeleccioneu la data per al viatge d&#039;aventura tot en un: &nbsp;<\/p>","protected":false},"author":2,"featured_media":0,"parent":0,"menu_order":0,"comment_status":"open","ping_status":"closed","template":"","meta":{"footnotes":""},"class_list":["post-15821","page","type-page","status-publish","hentry"],"_links":{"self":[{"href":"https:\/\/www.boattoursamana.com\/ca\/wp-json\/wp\/v2\/pages\/15821","targetHints":{"allow":["GET"]}}],"collection":[{"href":"https:\/\/www.boattoursamana.com\/ca\/wp-json\/wp\/v2\/pages"}],"about":[{"href":"https:\/\/www.boattoursamana.com\/ca\/wp-json\/wp\/v2\/types\/page"}],"author":[{"embeddable":true,"href":"https:\/\/www.boattoursamana.com\/ca\/wp-json\/wp\/v2\/users\/2"}],"replies":[{"embeddable":true,"href":"https:\/\/www.boattoursamana.com\/ca\/wp-json\/wp\/v2\/comments?post=15821"}],"version-history":[{"count":0,"href":"https:\/\/www.boattoursamana.com\/ca\/wp-json\/wp\/v2\/pages\/15821\/revisions"}],"wp:attachment":[{"href":"https:\/\/www.boattoursamana.com\/ca\/wp-json\/wp\/v2\/media?parent=15821"}],"curies":[{"name":"wp","href":"https:\/\/api.w.org\/{rel}","templated":true}]}}