{"id":15879,"date":"2023-07-15T07:45:29","date_gmt":"2023-07-15T07:45:29","guid":{"rendered":"https:\/\/www.ticketswhales.com\/punta-cana-los-haitises-national-park-yanigua-waterfalls-montana-redonda\/"},"modified":"2023-07-15T07:45:29","modified_gmt":"2023-07-15T07:45:29","slug":"punta-cana-los-haitises-national-park-yanigua-waterfalls-montana-redonda","status":"publish","type":"page","link":"https:\/\/www.boattoursamana.com\/ca\/punta-cana-los-haitis-parc-nacional-yanigua-cascades-montana-redonda-2","title":{"rendered":"Punta Cana: Parc Nacional Los Haitises, Cascades de Yanigua i Montana Redonda"},"content":{"rendered":"<p>Excursi\u00f3 des de Punta Cana: Parc Nacional Los Haitises, Cascades de Yanigua i Montana Redonda. Inclou dinar i transport per a una visita a les 3 coves principals, una exploraci\u00f3 de 2 ecosistemes de manglars diferents, vistes i piscines Simming.<br \/>\nn<br \/>\nExcursi\u00f3 d&#039;un dia complet al parc nacional de Los Haitises amb un guia local. Visitant els Cays del Parc Nacional Los Haitises, Manglars, Vegetaci\u00f3, Observaci\u00f3 d&#039;aus, Coves, Pictogrames i les zones hist\u00f2riques de Sabana de la Mar al Parc Nacional Los Haitises. Vistes incre\u00efbles a Montana Redonda i dinar a m\u00e9s de piscines a les cascades de Yanigua.<br \/>\nn<br \/>\nn&nbsp;<br \/>\nn<br \/>\nn<strong>Seleccioneu la data del tour:\u00a0<\/strong><\/p>\n<p>&nbsp;<\/p>\n<div class=\"vc_row wpb_row vc_row-fluid\" ><div class=\"wpb_column vc_column_container vc_col-sm-12\"><div class=\"vc_column-inner\"><div class=\"wpb_wrapper\"><div class=\"mkdf-section-title-holder\" style=\"text-align: left\">\n\t<div class=\"mkdf-st-inner\">\n\t\t\t\t\t<h5 class=\"mkdf-st-subtitle\" >\n\t\t\t\tTransport i dinar inclosos\t\t\t<\/h5>\n\t\t\t\t\t\t\t<h3 class=\"mkdf-st-title\" >\n\t\t\t\tPunta Cana: Parc Nacional Los Haitises, Cascades de Yanigua i Montana Redonda\t\t\t<\/h3>\n\t\t\t\t\t<\/div>\n<\/div><\/div><\/div><\/div><\/div><div class=\"vc_row wpb_row vc_row-fluid\" ><div class=\"wpb_column vc_column_container vc_col-sm-12\"><div class=\"vc_column-inner\"><div class=\"wpb_wrapper\">\n\t<div class=\"wpb_text_column wpb_content_element\" >\n\t\t<div class=\"wpb_wrapper\">\n\t\t\t<p>\nn<\/p>\n<h3>Punta Cana: Parc Nacional Los Haitises, Cascades de Yanigua i Montana Redonda<\/h3>\n<p>n<\/p>\n<h4><b><i>Visi\u00f3 general <\/i><\/b><\/h4>\n<p>Excursi\u00f3 al Parc Nacional Los Haitises des de Punta Cana. Sortida des del vostre hotel a Punta Cana o B\u00e0varo. Condu\u00efrem amb el nostre guia tur\u00edstic a Montana Redonda. On tens temps per fer fotos sorprenents des d&#039;una de les vistes m\u00e9s impressionants de la Rep\u00fablica Dominicana. Despr\u00e9s d&#039;aquesta primera parada, continuem visitant el Parc Nacional Los Haitises, alguns aperitius i begudes t\u00edpiques mentre recorrem manglars, coves i famoses illes rocoses com al Jurassic Park. Despr\u00e9s de visitar el Parc Nacional Los Haitises, el dinar ens espera a Ca\u00f1o Hondo. Despr\u00e9s d&#039;un dinar local i gastron\u00f2mic, heu de tenir temps per banyar-vos a les piscines naturals \u00faniques, l&#039;aigua prov\u00e9 del Parc Nacional Los Haitises.<br \/>\nn<br \/>\nnDespr\u00e9s d&#039;aquesta experi\u00e8ncia, tornar\u00e0s a la comunitat de Punta Cana des d&#039;on et recollirem.<br \/>\nn<\/p>\n<ul>\nn \t<\/p>\n<li style=\"font-weight: 400;\">Tarifes incloses<\/li>\n<p>n \t<\/p>\n<li>Dinar<\/li>\n<p>n \t<\/p>\n<li>Snacks<\/li>\n<p>n \t<\/p>\n<li style=\"font-weight: 400;\">Guia local en angl\u00e8s o franc\u00e8s<\/li>\n<p>n \t<\/p>\n<li>Transport<\/li>\n<p>n \t<\/p>\n<li>Viatge en vaixell<\/li>\n<p>n \t<\/p>\n<li>Montana Redonda<\/li>\n<p>n \t<\/p>\n<li>Cascada de Yanigua<\/li>\n<p>n<\/ul>\n<p>n&nbsp;<br \/>\nn<\/p>\n<h4><b>Inclusions i exclusions<\/b><\/h4>\n<p>n&nbsp;<br \/>\nn<br \/>\nn<b>Inclusions<\/b><br \/>\nn<\/p>\n<ol>\nn \t<\/p>\n<li style=\"font-weight: 400;\">Visita Los Haitises + Coves i Pictogrames<\/li>\n<p>n \t<\/p>\n<li>Montana Redonda<\/li>\n<p>n \t<\/p>\n<li>Cascades de Yanigua<\/li>\n<p>n \t<\/p>\n<li>Dinar<\/li>\n<p>n \t<\/p>\n<li>Recollida d&#039;hotels a les zones de Punta Cana.<\/li>\n<p>n \t<\/p>\n<li style=\"font-weight: 400;\"><span style=\"font-weight: 400;\">Tots els impostos, taxes i despeses de gesti\u00f3<\/span><\/li>\n<p>n \t<\/p>\n<li style=\"font-weight: 400;\"><span style=\"font-weight: 400;\">Impostos locals<\/span><\/li>\n<p>n \t<\/p>\n<li style=\"font-weight: 400;\"><span style=\"font-weight: 400;\">Begudes<\/span><\/li>\n<p>n \t<\/p>\n<li>Snacks<\/li>\n<p>n \t<\/p>\n<li style=\"font-weight: 400;\"><span style=\"font-weight: 400;\">Totes les activitats<\/span><\/li>\n<p>n \t<\/p>\n<li style=\"font-weight: 400;\"><span style=\"font-weight: 400;\">Guia local<\/span><\/li>\n<p>n<\/ol>\n<p>n<b> Exclusions<\/b><br \/>\nn<\/p>\n<ol>\nn \t<\/p>\n<li style=\"font-weight: 400;\"><span style=\"font-weight: 400;\">Propostes<\/span><\/li>\n<p>n \t<\/p>\n<li style=\"font-weight: 400;\"><span style=\"font-weight: 400;\">Begudes alcoh\u00f2liques<\/span><\/li>\n<p>n<\/ol>\n<p>n&nbsp;<br \/>\nn<\/p>\n<h4><em><strong>Sortida i tornada<\/strong><\/em><\/h4>\n<p>n<span style=\"font-weight: 400;\">El viatger obtindr\u00e0 un punt de trobada despr\u00e9s del proc\u00e9s de reserva. Les visites comencen i acaben als vostres punts de trobada.<\/span><br \/>\nn<\/p>\n<h4><\/h4>\n<p>n<\/p>\n<h3>Punta Cana: Parc Nacional Los Haitises, Cascades de Yanigua i Montana Redonda<\/h3>\n<p>n<\/p>\n<h4><b><i>Qu\u00e8 esperar?<\/i><\/b><\/h4>\n<p>n<em><strong>Aconsegueix les teves entrades<\/strong><\/em> per visitar el Parc Nacional Los Haitises des de Punta Cana.<br \/>\nn<br \/>\nnEl\u00a0<strong>naturalesa tropical de la Rep\u00fablica Dominicana<\/strong>\u00a0\u00e9s un dels principals\u00a0<strong>atraccions tur\u00edstiques<\/strong>\u00a0al pa\u00eds. Avui us volem proposar un\u00a0<strong>excursi\u00f3 \u00fanica<\/strong>\u00a0que pots fer des de Punta Cana, i que inclou una visita a tres indrets on els paisatges et deixaran bocabadat.<br \/>\nn<br \/>\nnEl primer d&#039;ells \u00e9s\u00a0<em>Muntanya Rodona<\/em>, un lloc que s&#039;ha fet fam\u00f3s els darrers anys pel seu\u00a0<strong>vista panor\u00e0mica<\/strong>\u00a0sobre el Carib, on\u00a0<strong>instant\u00e0nies en un gronxador<\/strong>\u00a0que mira cap a l&#039;horitz\u00f3 l&#039;han convertit en un dels\u00a0<strong>llocs m\u00e9s fotografiats de Rep\u00fablica Dominicana<\/strong>.<br \/>\nn<br \/>\nn<strong>Parc Nacional Los Haitises<\/strong>\u00a0\u00e9s la nostra propera destinaci\u00f3 al mapa, una zona on\u00a0<strong>el mar, manglars, selves<\/strong>\u00a0i fins i tot\u00a0<strong>restes arqueol\u00f2giques<\/strong>\u00a0amagat a les coves, revela tot el\u00a0<strong>encant natural que ofereix el pa\u00eds<\/strong>. Els seus petits turons plens de vegetaci\u00f3 s\u00f3n tamb\u00e9 el lloc perfecte per a l&#039;observaci\u00f3 d&#039;ocells que nom\u00e9s trobareu aqu\u00ed.<br \/>\nn<br \/>\nnDins del parc n&#039;hi ha un altre\u00a0<strong>lloc m\u00e0gic: Yanigua Ranch Waterfalls<\/strong>. Aquesta espectacular cascada \u00e9s la\u00a0<strong>lloc perfecte per desconnectar<\/strong>\u00a0de les aglomeracions tur\u00edstiques de Punta Cana, envoltada d&#039;una espessa vegetaci\u00f3 que ens fa pensar que estem a m\u00e9s de 100 quil\u00f2metres del poble m\u00e9s proper, encara que realment no \u00e9s aix\u00ed.<br \/>\nn<\/p>\n<div class=\"body-description secondary\">\nn<br \/>\nnDespr\u00e9s de dinar, tornem a Punta Cana!!<br \/>\nn<\/p>\n<h2 id=\"headline-62-1277\" class=\"ct-headline\">Itinerari del recorregut<\/h2>\n<p>n<\/p>\n<div id=\"_rich_text-77-1277\" class=\"oxy-rich-text\">\nn<br \/>\nnL&#039;itinerari d&#039;aquesta excursi\u00f3 \u00e9s el seg\u00fcent:<br \/>\nn<\/p>\n<ul>\nn \t<\/p>\n<li><strong>06:50 h<\/strong>\u00a0\u2013 Et recollirem al teu hotel.<\/li>\n<p>n \t<\/p>\n<li><strong>08:30 h<\/strong>\u00a0\u2013 Arribada a la muntanya rodona, un paisatge \u00fanic a tot el pa\u00eds.<\/li>\n<p>n \t<\/p>\n<li><strong>10:30 h<\/strong>\u00a0\u2013 Sortida des de Sabana de la Mar cap al Parc Nacional d&#039;Haitises en llanxa. Pel cam\u00ed ja ho veurem\u00a0<strong>ocells ex\u00f2tics<\/strong>, i arribarem al\u00a0<strong>coves<\/strong>\u00a0on es pot veure\u00a0<strong>pintures ind\u00edgenes<\/strong>.<\/li>\n<p>n \t<\/p>\n<li><strong>12:30<\/strong>\u00a0<strong>pm\u00a0<\/strong>\u2013 Endinsar-nos a la selva fins arribar a les Cascades del Rancho Yanigua, un lloc perfecte per dinar i capbussar-se. Tamb\u00e9 podeu fer un bany de fang terap\u00e8utic.<\/li>\n<p>n \t<\/p>\n<li><strong>02:00<\/strong>\u00a0<strong>pm<\/strong>\u00a0\u2013 Pots tastar\u00a0<strong>caf\u00e8 i cacau<\/strong>\u00a0de granges i ramaderies locals.<\/li>\n<p>n \t<\/p>\n<li><strong>03:00<\/strong>\u00a0<strong>pm<\/strong>\u2013 Visita el\u00a0<strong>mina ambre blau<\/strong>.<\/li>\n<p>n \t<\/p>\n<li><strong>04:30 pm<\/strong>\u00a0\u2013 Parada en un mirador fotogr\u00e0fic on es pot contemplar l&#039;esplendor del Parc Nacional d&#039;Haitises.<\/li>\n<p>n \t<\/p>\n<li><strong>05:00 pm<\/strong>\u00a0\u2013 Finalment, un guia ens portar\u00e0 a una de les construccions m\u00e9s curioses del lloc,\u00a0<em>la casa del Tarzan<\/em>, que es troba en un arbre de m\u00e9s de 100 peus d&#039;al\u00e7ada.<\/li>\n<p>n \t<\/p>\n<li><strong>06:00 pm<\/strong>\u00a0\u2013 Retorn als hotels amb el nostre transport.<\/li>\n<p>n<\/ul>\n<p>n<em>* Els horaris indicats anteriorment s\u00f3n aproximats<\/em><br \/>\nn<br \/>\nn<\/div>\n<p>n\n<\/p><\/div>\n<p>En cas que us agradi aquest viatge m\u00e9s llarg o m\u00e9s curt, poseu-vos en contacte amb nosaltres.<br \/>\nn<br \/>\nn&nbsp;<br \/>\nn<\/p>\n<h4><em><strong>Qu\u00e8 hauries de portar?<\/strong><\/em><\/h4>\n<p>n<\/p>\n<ul>\nn \t<\/p>\n<li style=\"font-weight: 400;\"><span style=\"font-weight: 400;\">C\u00e0mera<\/span><\/li>\n<p>n \t<\/p>\n<li style=\"font-weight: 400;\"><span style=\"font-weight: 400;\">Brots repel\u00b7lents<\/span><\/li>\n<p>n \t<\/p>\n<li style=\"font-weight: 400;\"><span style=\"font-weight: 400;\">Crema per al sol<\/span><\/li>\n<p>n \t<\/p>\n<li style=\"font-weight: 400;\"><span style=\"font-weight: 400;\">Barret<\/span><\/li>\n<p>n \t<\/p>\n<li style=\"font-weight: 400;\"><span style=\"font-weight: 400;\">Pantalons c\u00f2modes<\/span><\/li>\n<p>n \t<\/p>\n<li style=\"font-weight: 400;\"><span style=\"font-weight: 400;\">Sabates de muntanya per al bosc<\/span><\/li>\n<p>n \t<\/p>\n<li style=\"font-weight: 400;\"><span style=\"font-weight: 400;\">Sand\u00e0lies a les zones de primavera.<\/span><\/li>\n<p>n \t<\/p>\n<li style=\"font-weight: 400;\"><span style=\"font-weight: 400;\">Roba de bany<\/span><\/li>\n<p>n<\/ul>\n<p>n&nbsp;<br \/>\nn<\/p>\n<h4><b><i>Recollida a l&#039;hotel <\/i><\/b><\/h4>\n<p>n<span style=\"font-weight: 400;\">S&#039;ofereix servei de recollida a l&#039;hotel per a aquesta excursi\u00f3. Seleccioneu el nom de l&#039;hotel i l&#039;hora aqu\u00ed. En cas que el vostre hotel no estigui a la llista, poseu-vos en contacte amb nosaltres.<\/span><br \/>\nn<br \/>\nn&nbsp;<br \/>\nn<br \/>\nn<b>Nota:<\/b><span style=\"font-weight: 400;\"> Si feu la reserva dins de les 24 hores posteriors a l&#039;hora de sortida del tour o de l&#039;excursi\u00f3, podem organitzar la recollida a l&#039;hotel. Un cop completada la compra, us enviarem la informaci\u00f3 de contacte completa (n\u00famero de tel\u00e8fon, adre\u00e7a de correu electr\u00f2nic, etc.) perqu\u00e8 el nostre guia local organitzi la recollida.<\/span><br \/>\nn<\/p>\n<h4><b><i>Confirmaci\u00f3 d&#039;informaci\u00f3 addicional <\/i><\/b><\/h4>\n<p>n<\/p>\n<ol>\nn \t<\/p>\n<li>Les entrades s\u00f3n el Rebut despr\u00e9s de pagar aquest Tour. Podeu mostrar el pagament al vostre tel\u00e8fon.<\/li>\n<p>n \t<\/p>\n<li style=\"font-weight: 400;\"><span style=\"font-weight: 400;\">El punt de trobada es rebr\u00e0 despr\u00e9s del proc\u00e9s de reserva.<\/span><\/li>\n<p>n \t<\/p>\n<li style=\"font-weight: 400;\"><span style=\"font-weight: 400;\">Els nens han d&#039;anar acompanyats d&#039;un adult.<\/span><\/li>\n<p>n \t<\/p>\n<li style=\"font-weight: 400;\"><span style=\"font-weight: 400;\"> No accessible amb cadira de rodes <\/span><\/li>\n<p>n \t<\/p>\n<li style=\"font-weight: 400;\"><span style=\"font-weight: 400;\">Els nadons han de seure a les faldes <\/span><\/li>\n<p>n \t<\/p>\n<li style=\"font-weight: 400;\"><span style=\"font-weight: 400;\">No recomanat per a viatgers amb problemes d&#039;esquena<\/span><\/li>\n<p>n \t<\/p>\n<li style=\"font-weight: 400;\"><span style=\"font-weight: 400;\">No recomanat per a viatgers embarassades <\/span><\/li>\n<p>n \t<\/p>\n<li style=\"font-weight: 400;\"><span style=\"font-weight: 400;\"> Sense problemes card\u00edacs ni altres afeccions m\u00e8diques greus <\/span><\/li>\n<p>n \t<\/p>\n<li style=\"font-weight: 400;\"><span style=\"font-weight: 400;\">La majoria dels viatgers poden participar<\/span><\/li>\n<p>n<\/ol>\n<p>n<\/p>\n<h4><b><i>Pol\u00edtica de cancel \u00b7 laci\u00f3<\/i><\/b><\/h4>\n<p>nPer obtenir un reemborsament complet, llegiu les nostres pol\u00edtiques de cancel\u00b7lacions\u00a0<a href=\"https:\/\/www.boattoursamana.com\/ca\/reserva-en-linia\/\" target=\"_blank\" rel=\"noopener\" data-saferedirecturl=\"https:\/\/www.google.com\/url?q=https:\/\/www.boattoursamana.com\/online-booking\/&amp;source=gmail&amp;ust=1672308980019000&amp;usg=AOvVaw26v5FL8g3-3hyHN76KOvdD\">Clica aqu\u00ed<\/a>. Els fons es perdran si la reserva es cancel\u00b7la el mateix dia del viatge.<\/p>\n\n\t\t<\/div>\n\t<\/div>\n<\/div><\/div><\/div><\/div><div class=\"vc_row wpb_row vc_row-fluid\" ><div class=\"wpb_column vc_column_container vc_col-sm-12\"><div class=\"vc_column-inner\"><div class=\"wpb_wrapper\"><div class=\"vc_empty_space\"   style=\"height: 32px\"><span class=\"vc_empty_space_inner\"><\/span><\/div>\n\t<div class=\"wpb_video_widget wpb_content_element vc_clearfix   vc_video-aspect-ratio-169 vc_video-el-width-100 vc_video-align-left\" >\n\t\t<div class=\"wpb_wrapper\">\n\t\t\t<h2 class=\"wpb_heading wpb_video_heading\">V\u00eddeo del Parc Nacional Los Haitises:<\/h2>\n\t\t\t<div class=\"wpb_video_wrapper\"><iframe loading=\"lazy\" title=\"Parc Nacional Los Haitises, visites i excursions des de Samana o Sabana de la Mar. Reserva aqu\u00ed:\" src=\"https:\/\/player.vimeo.com\/video\/346508015?dnt=1&amp;app_id=122963\" width=\"1100\" height=\"619\" frameborder=\"0\" allow=\"autoplay; fullscreen; picture-in-picture\" allowfullscreen><\/iframe><\/div>\n\t\t<\/div>\n\t<\/div>\n<div class=\"vc_empty_space\"   style=\"height: 32px\"><span class=\"vc_empty_space_inner\"><\/span><\/div><\/div><\/div><\/div><\/div><div class=\"vc_row wpb_row vc_row-fluid\" ><div class=\"wpb_column vc_column_container vc_col-sm-12\"><div class=\"vc_column-inner\"><div class=\"wpb_wrapper\"><div class=\"vc_empty_space\"   style=\"height: 32px\"><span class=\"vc_empty_space_inner\"><\/span><\/div>\n\t<div class=\"wpb_text_column wpb_content_element\" >\n\t\t<div class=\"wpb_wrapper\">\n\t\t\t<p>\nn<\/p>\n<h4>Contactar amb nosaltres?<\/h4>\n<p>n<\/p>\n<h5><em><strong>Reserves Aventures<\/strong><\/em><\/h5>\n<p>n<em><strong>Locals<\/strong>\u00a0i\u00a0<strong>Nacionals<\/strong>\u00a0Guies tur\u00edstics i serveis als convidats<\/em><br \/>\nn<br \/>\nn<span class=\"text-turquoise\">Reserves:<\/span>\u00a0Tours i excursions a Dom. Rep.<br \/>\nn<br \/>\nn<img decoding=\"async\" class=\"emoji\" draggable=\"false\" src=\"https:\/\/s.w.org\/images\/core\/emoji\/11.2.0\/svg\/1f4de.svg\" alt=\" \" title=\"\">\u00a0Tel\/Whatsapp\u00a0\u00a0<a href=\"tel:+1-809-720-6035\">+1-809-720-6035<\/a>.<br \/>\nn<br \/>\nn<img decoding=\"async\" class=\"emoji\" draggable=\"false\" src=\"https:\/\/s.w.org\/images\/core\/emoji\/11.2.0\/svg\/1f4e9.svg\" alt=\" \" title=\"\">\u00a0<a href=\"mailto:info@bookingadventures.com.do\">info@bookingadventures.com.do<\/a><br \/>\nn<br \/>\nn<strong>Som flexibles per configurar visites privades per Whatsapp:\u00a0<a href=\"tel:+18097206035\">+18097206035.<\/a><\/strong><\/p>\n\n\t\t<\/div>\n\t<\/div>\n<div class=\"vc_empty_space\"   style=\"height: 32px\"><span class=\"vc_empty_space_inner\"><\/span><\/div><\/div><\/div><\/div><\/div>","protected":false},"excerpt":{"rendered":"<p>Excursion from Punta Cana: Los Haitises National Park, Yanigua Waterfalls &amp; Montana Redonda. Includes Lunch and Transportation for a visit to the 3 main caves, an exploration of 2 different mangroves ecosystems, views, and Simming Pools. n nFull Day Trip to Los Haitises National Park with a Local Tour guide. Visiting the Cays in Los Haitises National Park, Mangroves, Vegetation, Birding, Caves, Pictographs and the historical areas of Sabana de la Mar in Los Haitises National Park. Amazing Views in [&hellip;]<\/p>\n","protected":false},"author":2,"featured_media":0,"parent":0,"menu_order":0,"comment_status":"open","ping_status":"closed","template":"","meta":{"footnotes":""},"class_list":["post-15879","page","type-page","status-publish","hentry"],"_links":{"self":[{"href":"https:\/\/www.boattoursamana.com\/ca\/wp-json\/wp\/v2\/pages\/15879","targetHints":{"allow":["GET"]}}],"collection":[{"href":"https:\/\/www.boattoursamana.com\/ca\/wp-json\/wp\/v2\/pages"}],"about":[{"href":"https:\/\/www.boattoursamana.com\/ca\/wp-json\/wp\/v2\/types\/page"}],"author":[{"embeddable":true,"href":"https:\/\/www.boattoursamana.com\/ca\/wp-json\/wp\/v2\/users\/2"}],"replies":[{"embeddable":true,"href":"https:\/\/www.boattoursamana.com\/ca\/wp-json\/wp\/v2\/comments?post=15879"}],"version-history":[{"count":0,"href":"https:\/\/www.boattoursamana.com\/ca\/wp-json\/wp\/v2\/pages\/15879\/revisions"}],"wp:attachment":[{"href":"https:\/\/www.boattoursamana.com\/ca\/wp-json\/wp\/v2\/media?parent=15879"}],"curies":[{"name":"wp","href":"https:\/\/api.w.org\/{rel}","templated":true}]}}