{"id":11569,"date":"2020-10-10T15:42:33","date_gmt":"2020-10-10T15:42:33","guid":{"rendered":"https:\/\/www.ticketswhales.com\/?post_type=product&#038;p=11569"},"modified":"2023-11-07T21:53:32","modified_gmt":"2023-11-07T21:53:32","slug":"private-kayaking-snorkeling-with-lunch-on-cayo-levantado-island","status":"publish","type":"product","link":"https:\/\/www.boattoursamana.com\/ca\/gira\/caiac-privat-snorkel-amb-dinar-a-l-illa-cayo-levantado","title":{"rendered":"Samana: Cayo Levantado &amp; Caiac + Snorkel"},"content":{"rendered":"<div class=\"wpb_column vc_column_container vc_col-sm-12\"><div class=\"vc_column-inner\"><div class=\"wpb_wrapper\"><\/div><\/div><\/div><div class=\"vc_row wpb_row vc_row-fluid\" ><div class=\"wpb_column vc_column_container vc_col-sm-12\"><div class=\"vc_column-inner\"><div class=\"wpb_wrapper\">\n\t<div class=\"wpb_text_column wpb_content_element\" >\n\t\t<div class=\"wpb_wrapper\">\n\t\t\t<div class=\"vc_row wpb_row vc_row-fluid\">\n<div class=\"wpb_column vc_column_container vc_col-sm-12\">\n<div class=\"vc_column-inner\">\n<div class=\"wpb_wrapper\">\n<div class=\"mkdf-section-title-holder\">\n<div class=\"mkdf-st-inner\">\n<h5 class=\"mkdf-st-subtitle\">Des del port de Saman\u00e0: tour privat<\/h5>\n<h3 class=\"mkdf-st-title\">Caiac i snorkel privats amb dinar a l&#039;illa de Cayo Levantado<\/h3>\n<\/div>\n<\/div>\n<div class=\"vc_empty_space\"><\/div>\n<\/div>\n<\/div>\n<\/div>\n<\/div>\n<div class=\"vc_row wpb_row vc_row-fluid\"><\/div>\n<div class=\"wpb_column vc_column_container vc_col-sm-12\">\n<div class=\"vc_column-inner\">\n<div class=\"wpb_wrapper\"><\/div>\n<\/div>\n<\/div>\n<div class=\"wpb_text_column wpb_content_element\">\n<div class=\"wpb_wrapper\"><\/div>\n<\/div>\n<div class=\"vc_row wpb_row vc_row-fluid\">\n<div class=\"wpb_column vc_column_container vc_col-sm-12\">\n<div class=\"vc_column-inner\">\n<div class=\"wpb_wrapper\">\n<div class=\"wpb_text_column wpb_content_element\">\n<div class=\"wpb_wrapper\">\n<div class=\"vc_row wpb_row vc_row-fluid\">\n<div class=\"wpb_column vc_column_container vc_col-sm-12\">\n<div class=\"vc_column-inner\">\n<div class=\"wpb_wrapper\">\n<div class=\"wpb_text_column wpb_content_element\">\n<div class=\"wpb_wrapper\">\n<h4><b><i>Visi\u00f3 general \ud83d\udc33<\/i><\/b><\/h4>\n<p><strong>Eviteu grans grups de turistes.<\/strong>\u00a0i feu el vostre tour privat en caiac i snorkel a la badia de Saman\u00e1 amb sortida des del port de Saman\u00e1.<\/p>\n<p>Admireu 40 minuts de vistes panor\u00e0miques inigualables de la badia de Samana des del mar amb caiac i snorkel a les aig\u00fces cristal\u00b7lines d&#039;una platja propera a la famosa illa de Cayo Levantado\/Bacardi. On podem estirar les cames i utilitzar els nostres kits d&#039;snorkel, hi ha un altre m\u00f3n per explorar!<br \/>\nDespr\u00e9s de fer snorkel, anirem a fer un dinar t\u00edpic dominic\u00e0 a la platja i descobrirem l&#039;illa m\u00e9s bonica de la Rep\u00fablica Dominicana. Llar d&#039;un bell hotel de luxe, platges de sorra blanca, una selva tropical exuberant i artistes especialitzats sorprenents que ofereixen les seves pintures fetes a m\u00e0 i altres productes.<\/p>\n<p>Qu\u00e8 pots fer a l&#039;illa?<br \/>\nNedar, fer senderisme, jugar a voleibol, fer fotos, fer snorkel, gaudir de la platja o simplement relaxar-se a l&#039;ombra i prendre una copa refrescant (Pi\u00f1a Colada, Coco Loco, Cuba Libre, etc.) Hi ha moltes opcions per gaudir de l&#039;illa per a tothom. !<\/p>\n<p>De tornada a Saman\u00e1 canviem de perspectiva i la nostra atenci\u00f3 queda captada per detalls que no hav\u00edem notat abans, gaudint de cada metre aproximadament 40 min.<\/p>\n<p>Som els \u00fanics que oferim aquest Tour a tota la Rep\u00fablica Dominicana! Aquesta experi\u00e8ncia \u00fanica \u00e9s el somni fet realitat per als amants de la natura i el mar.<\/p>\n<p><strong>Nota:<\/strong>\u00a0Aquest tour \u00e9s privat. (Nom\u00e9s tu i la teva fam\u00edlia o amics i la guia tur\u00edstica).<\/p>\n<p>&nbsp;<\/p>\n<h4><b>Inclusions i exclusions<\/b><\/h4>\n<p>&nbsp;<\/p>\n<p><b>Inclusions<\/b><\/p>\n<p>&nbsp;<\/p>\n<ol>\n<li>Dinar bufet a la platja.<\/li>\n<li>Guia tur\u00edstica<\/li>\n<li>caiacs, paddle surf<\/li>\n<li>Armilla salvavides<\/li>\n<li>Kit de snorkel<\/li>\n<li>Tots els impostos, taxes i despeses de gesti\u00f3.<\/li>\n<li>Impostos Locals<\/li>\n<li>Begudes (ampolla d&#039;aigua per persona)<\/li>\n<\/ol>\n<p><b>Exclusions<\/b><\/p>\n<ol>\n<li>Consells<\/li>\n<li>Trasllat de cotxe<\/li>\n<li>Alcohol<\/li>\n<\/ol>\n<p>&nbsp;<\/p>\n<h4><em><strong>Sortida i tornada<\/strong><\/em><\/h4>\n<p>Aquest viatge comen\u00e7a a les 8:00 del mat\u00ed i acaba al voltant de les 16:00. Per\u00f2 com que ser\u00e0 un viatge privat, podeu establir l&#039;hora d&#039;inici i de finalitzaci\u00f3.<\/p>\n<p>El viatger obtindr\u00e0 un punt de trobada despr\u00e9s del proc\u00e9s de reserva. Les visites comencen i acaben als nostres punts de trobada.<\/p>\n<p>&nbsp;<\/p>\n<h4><b><i>Qu\u00e8 esperar?<\/i><\/b><\/h4>\n<p>&nbsp;<\/p>\n<p><em><strong>Aconsegueix les teves entrades<\/strong><\/em>\u00a0per fer caiac i snorkel a la badia de Samana. 40 minuts de vistes panor\u00e0miques incomparables de la badia de Saman\u00e1 des del mar amb caiac i snorkel a les aig\u00fces cristal\u00b7lines d&#039;una platja propera del fam\u00f3s Cayo Levantado\/Bacardi. Dinar t\u00edpic dominic\u00e0 a la platja. A la temporada d&#039;observaci\u00f3 de balenes hi ha la possibilitat de veure balenes geperudes.<\/p>\n<p>El Tour en caiac i snorkel, organitzat per \u201cBooking Adventures\u201d, comen\u00e7a al punt de trobada establert amb el guia tur\u00edstic. Dinar a la platja i pots quedar-te tot el temps que vulguis nedant. Si ets veg\u00e0 tamb\u00e9 et podem preparar algun menjar.<\/p>\n<p><strong>Calendari:<\/strong><\/p>\n<p>8:00 AM \u2013 4:00 PM<\/p>\n<p>&nbsp;<\/p>\n<h4><em><strong>Qu\u00e8 has de portar?<\/strong><\/em><\/h4>\n<ul>\n<li>C\u00e0mera<\/li>\n<li>Tovallola<\/li>\n<li>Protecci\u00f3 solar<\/li>\n<li>Barret<\/li>\n<li>Pantalons i sabates c\u00f2modes.<\/li>\n<li>Sand\u00e0lies per a la platja<\/li>\n<li>Vestit de nedador<\/li>\n<li>Diners en efectiu per a records<\/li>\n<\/ul>\n<p>&nbsp;<\/p>\n<h4><b><i>Recollida a l&#039;hotel<\/i><\/b><\/h4>\n<p>No s&#039;ofereix servei de recollida a l&#039;hotel per a aquesta excursi\u00f3.<\/p>\n<p>&nbsp;<\/p>\n<p><b>Nota:<\/b>\u00a0Si feu la reserva dins de les 24 hores anteriors a l&#039;hora de sortida del tour\/excursi\u00f3, podem organitzar la recollida a l&#039;hotel amb c\u00e0rrecs addicionals. Un cop completada la compra, us enviarem la informaci\u00f3 de contacte completa (n\u00famero de tel\u00e8fon, adre\u00e7a de correu electr\u00f2nic, etc.) del nostre guia local per organitzar la recollida.<\/p>\n<h4><b><i>Confirmaci\u00f3 d&#039;informaci\u00f3 addicional<\/i><\/b><\/h4>\n<ol>\n<li>Les entrades s\u00f3n el rebut despr\u00e9s de pagar aquest Tour. Podeu mostrar el pagament al vostre tel\u00e8fon.<\/li>\n<li>El punt de trobada es rebr\u00e0 despr\u00e9s del proc\u00e9s de reserva.<\/li>\n<li>Els nens han d&#039;anar acompanyats d&#039;un adult.<\/li>\n<li>Accessible amb cadira de rodes<\/li>\n<li>Els nadons han de seure a la falda.<\/li>\n<li>La majoria dels viatgers s\u00f3n elegibles per participar.<\/li>\n<\/ol>\n<h4><b><i>Pol\u00edtica de cancel \u00b7 laci\u00f3<\/i><\/b><\/h4>\n<p>Per obtenir un reemborsament complet, cancel\u00b7leu almenys 24 hores abans de la data d&#039;inici de l&#039;experi\u00e8ncia.<\/p>\n<\/div>\n<\/div>\n<\/div>\n<\/div>\n<\/div>\n<\/div>\n<\/div>\n<\/div>\n<\/div>\n<\/div>\n<\/div>\n<\/div>\n<div class=\"vc_row wpb_row vc_row-fluid\">\n<div class=\"wpb_column vc_column_container vc_col-sm-12\">\n<div class=\"vc_column-inner\">\n<div class=\"wpb_wrapper\">\n<div class=\"vc_empty_space\"><\/div>\n<div class=\"wpb_text_column wpb_content_element\">\n<div class=\"wpb_wrapper\">\n<h4>Contactar amb nosaltres?<\/h4>\n<h5><b><i>Reserves d&#039;aventura<\/i><\/b><\/h5>\n<p><em>Guies tur\u00edstics i serveis als clients.\u00a0<strong>locals<\/strong>\u00a0i\u00a0<strong>nacional<\/strong><\/em><\/p>\n<p><span class=\"text-turquoise\">Reserves:<\/span>\u00a0Tours i excursions a Dom. Representants.<\/p>\n<p>\ud83d\udcde Tel\u00e8fon\/Whatsapp\u00a0<a href=\"tel: 1-809-720-6035\">+ 1-809-720-6035<\/a>\u00a0.<\/p>\n<p>\ud83d\udce9\u00a0<a href=\"mailto:info@bookingadventures.com.do\">info@bookingadventures.com.do<\/a><\/p>\n<p><strong>Som visites privades amb configuraci\u00f3 flexible per Whatsapp:\u00a0<a href=\"tel: 18097206035\">+18097206035.<\/a><\/strong><\/p>\n<\/div>\n<\/div>\n<\/div>\n<\/div>\n<\/div>\n<\/div>\n\n\t\t<\/div>\n\t<\/div>\n<\/div><\/div><\/div><\/div>","protected":false},"excerpt":{"rendered":"<p>Excursi\u00f3 privada en caiac i snorkel a la badia de Samana, Rep\u00fablica Dominicana amb guies tur\u00edstics locals. No dubteu a establir l&#039;hora d&#039;inici que m\u00e9s us convingui. Reserva ara aquesta excursi\u00f3 a la badia de Samana per viure l&#039;aut\u00e8ntica aventura al Carib.<\/p>\n<p>Nota: aquesta visita \u00e9s privada!<\/p>\n<p>&nbsp;<\/p>\n<p><em><strong>Seleccioneu la data de l&#039;excursi\u00f3:<\/strong><\/em><\/p>","protected":false},"featured_media":13413,"template":"","meta":[],"product_cat":[255,946,655],"product_tag":[184,328,208,327,187,342,433,276],"class_list":["post-11569","product","type-product","status-publish","has-post-thumbnail","hentry","product_cat-tours-excursions-samana-bay-dominican-republic","product_cat-1-sabana-de-la-mar","product_cat-1-samana","product_tag-bacardi-island","product_tag-cayo-levantado-day-pass","product_tag-kayaking-dominican-republic","product_tag-private-tours-samana","product_tag-samana-tours","product_tag-samana-whale-watching","product_tag-snorkeling","product_tag-whale-samana"],"_links":{"self":[{"href":"https:\/\/www.boattoursamana.com\/ca\/wp-json\/wp\/v2\/product\/11569","targetHints":{"allow":["GET"]}}],"collection":[{"href":"https:\/\/www.boattoursamana.com\/ca\/wp-json\/wp\/v2\/product"}],"about":[{"href":"https:\/\/www.boattoursamana.com\/ca\/wp-json\/wp\/v2\/types\/product"}],"wp:featuredmedia":[{"embeddable":true,"href":"https:\/\/www.boattoursamana.com\/ca\/wp-json\/wp\/v2\/media\/13413"}],"wp:attachment":[{"href":"https:\/\/www.boattoursamana.com\/ca\/wp-json\/wp\/v2\/media?parent=11569"}],"wp:term":[{"taxonomy":"product_cat","embeddable":true,"href":"https:\/\/www.boattoursamana.com\/ca\/wp-json\/wp\/v2\/product_cat?post=11569"},{"taxonomy":"product_tag","embeddable":true,"href":"https:\/\/www.boattoursamana.com\/ca\/wp-json\/wp\/v2\/product_tag?post=11569"}],"curies":[{"name":"wp","href":"https:\/\/api.w.org\/{rel}","templated":true}]}}