{"id":11778,"date":"2020-12-13T08:28:52","date_gmt":"2020-12-13T08:28:52","guid":{"rendered":"https:\/\/www.ticketswhales.com\/?post_type=product&#038;p=11778"},"modified":"2023-11-07T21:16:27","modified_gmt":"2023-11-07T21:16:27","slug":"hiking-trails-in-barahona-dominican-republic-cachote-mountains-tropical-fruits-swim","status":"publish","type":"product","link":"https:\/\/www.boattoursamana.com\/ca\/gira\/rutes-de-senderisme-a-barahona-republica-dominicana-muntanyes-cachote-fruits-tropicals-nedar-2","title":{"rendered":"Rutes de senderisme a Barahona (Rep\u00fablica Dominicana). Muntanyes Cachote, fruites tropicals i bany"},"content":{"rendered":"<div class=\"vc_row wpb_row vc_row-fluid\" ><div class=\"wpb_column vc_column_container vc_col-sm-12\"><div class=\"vc_column-inner\"><div class=\"wpb_wrapper\">\n\t<div class=\"wpb_text_column wpb_content_element\" >\n\t\t<div class=\"wpb_wrapper\">\n\t\t\t<p><span style=\"vertical-align: inherit;\"><span style=\"vertical-align: inherit;\"><\/p>\n\n\t\t<\/div>\n\t<\/div>\n<div class=\"vc_btn3-container vc_btn3-inline\" ><button class=\"vc_general vc_btn3 vc_btn3-size-md vc_btn3-shape-rounded vc_btn3-style-modern vc_btn3-color-green\">RESERVAR ARA<\/button><\/div>\n\t<div class=\"wpb_text_column wpb_content_element\" >\n\t\t<div class=\"wpb_wrapper\">\n\t\t\t<p><\/span><\/span><\/p>\n<div class=\"vc_row wpb_row vc_row-fluid\">\n<div class=\"wpb_column vc_column_container vc_col-sm-12\">\n<div class=\"vc_column-inner\">\n<div class=\"wpb_wrapper\">\n<div class=\"mkdf-section-title-holder\">\n<div class=\"mkdf-st-inner\">\n<h5 class=\"mkdf-st-subtitle\">Muntanyes Cachote, fruites tropicals i bany<\/h5>\n<h3 class=\"mkdf-st-title\">Rutes de senderisme a Barahona (Rep\u00fablica Dominicana).<\/h3>\n<\/div>\n<\/div>\n<\/div>\n<\/div>\n<\/div>\n<\/div>\n<div class=\"vc_row wpb_row vc_row-fluid\">\n<div class=\"wpb_column vc_column_container vc_col-sm-12\">\n<div class=\"vc_column-inner\">\n<div class=\"wpb_wrapper\">\n<div class=\"wpb_text_column wpb_content_element\">\n<div class=\"wpb_wrapper\">\n<h4><b><i>Visi\u00f3 general<\/i><\/b><\/h4>\n<p>Gaudeix d&#039;un dia de senderisme a les muntanyes de Cachote, Barahona. Partint de Paraiso Community. Con\u00e8ixer les zones de plantaci\u00f3 de caf\u00e8. Nedar a Fonts naturals i una de les platges m\u00e9s boniques de la Rep\u00fablica Dominicana amb fotos panor\u00e0miques.<\/p>\n<h4><b>Inclusions i exclusions<\/b><\/h4>\n<p>&nbsp;<\/p>\n<p><b>Inclusions<\/b><\/p>\n<ol>\n<li>Guia local amb experi\u00e8ncia en seguretat a la zona.<\/li>\n<li>Transport privat per a grups redu\u00efts<\/li>\n<li>Tots els impostos, taxes i despeses de gesti\u00f3<\/li>\n<li>Recollida \/ Transport des del vostre hotel (Barahona \/ Para\u00edso \/ Zona Los Patos)<\/li>\n<li>Guia local que parla angl\u00e8s o franc\u00e8s<\/li>\n<li>Dinar t\u00edpic (tipus entrepans) i una ampolla d&#039;aigua<\/li>\n<li>Impostos locals<\/li>\n<li>Senderisme<\/li>\n<li>Piscines Naturals<\/li>\n<\/ol>\n<p><b>Exclusions<\/b><\/p>\n<ol>\n<li>Propostes<\/li>\n<li>Totes les Begudes<\/li>\n<li>Tots els serveis no esmentats espec\u00edficament<\/li>\n<li>Despeses personals i propis<\/li>\n<\/ol>\n<h4><em><strong>Sortida i tornada<\/strong><\/em><\/h4>\n<p>El viatger obtindr\u00e0 un punt de trobada despr\u00e9s del proc\u00e9s de reserva. Les visites comencen i acaben als vostres punts de trobada.<\/p>\n<p>Dificultat: Mitjana-Dificultat<br \/>\nDurada de la caminada: 5-6 hores<br \/>\nDesnivell: 800 metres<br \/>\nSortida de l&#039;hotel: 08.00 h<br \/>\nRetorn a l&#039;hotel: 17.00 h<\/p>\n<h2 class=\"styles__heading___mD4_3\" data-radium=\"true\">Rutes de senderisme a Barahona (Rep\u00fablica Dominicana). Muntanyes Cachote, fruites tropicals i bany<\/h2>\n<h4><em>Qu\u00e8 esperar?<\/em><\/h4>\n<p>Iniciarem aquesta caminada a la poblaci\u00f3 d&#039;Ojeda, famosa per la seva gran producci\u00f3 de fruites i verdures t\u00edpiques del Carib. Al llarg del cam\u00ed, podrem degustar alvocats, taronges, aranja, llimones, guaiaves, m\u00e0necs, papaies, sapotes i guan\u00e1bana!<\/p>\n<p>Despr\u00e9s d&#039;1 hora i mitja d&#039;escalada, arribarem a un impressionant mirador sobre el poble de Para\u00edso, el Riosito, i les altes muntanyes de Cachote.<\/p>\n<p>Seguirem pujant en un clima m\u00e9s fred i humit fins arribar al poble del Barri Nou on dinarem.<\/p>\n<p>A la tarda creuarem una magn\u00edfica finca de caf\u00e8 al cim de la muntanya a 800 metres sobre el nivell del mar. Despr\u00e9s baixarem durant 1 hora fins arribar al congost de Riosito on ens podem banyar en una bonica piscina natural envoltada de bosc tropical.<\/p>\n<p>Continueu caminant per la vall de Riosito per acabar el dia banyant-vos a la platja del Para\u00edso.<\/p>\n<h4><em><strong>Qu\u00e8 hauries de portar?<\/strong><\/em><\/h4>\n<ul>\n<li>C\u00e0mera<\/li>\n<li>Brots repel\u00b7lents<\/li>\n<li>Crema per al sol<\/li>\n<li>Lavabo<\/li>\n<li>Barret<\/li>\n<li>Pantalons c\u00f2modes<\/li>\n<li>Sabates de muntanya per al bosc<\/li>\n<li>Sand\u00e0lies a les zones de primavera.<\/li>\n<li>Roba de bany<\/li>\n<\/ul>\n<p>&nbsp;<\/p>\n<h4><b><i>Recollida a l&#039;hotel<\/i><\/b><\/h4>\n<p>S&#039;ofereix servei de recollida a l&#039;hotel per a aquesta excursi\u00f3. Recollida\/Transport des del vostre hotel (zona de Barahona\/Paraiso\/Los Patos).<\/p>\n<p><b>Nota:<\/b>\u00a0Si feu la reserva dins de les 24 hores posteriors a l&#039;hora de sortida del tour\/excursi\u00f3, podem organitzar la recollida a l&#039;hotel. Acabem de recollir a les zones de Barahona. Un cop completada la compra, us enviarem la informaci\u00f3 de contacte completa (n\u00famero de tel\u00e8fon, adre\u00e7a de correu electr\u00f2nic, etc.) perqu\u00e8 el nostre guia local organitzi la recollida.<\/p>\n<h4><b><i>Confirmaci\u00f3 d&#039;informaci\u00f3 addicional<\/i><\/b><\/h4>\n<ol>\n<li>Les entrades s\u00f3n el Rebut despr\u00e9s de pagar aquest Tour. Podeu mostrar el pagament al vostre tel\u00e8fon.<\/li>\n<li>El punt de trobada es rebr\u00e0 despr\u00e9s del proc\u00e9s de reserva.<\/li>\n<li>Els nens han d&#039;anar acompanyats d&#039;un adult.<\/li>\n<li>No accessible amb cadira de rodes<\/li>\n<li>Els nadons han de seure a les faldes<\/li>\n<li>No recomanat per a viatgers amb problemes d&#039;esquena<\/li>\n<li>No recomanat per a viatgers embarassades<\/li>\n<li>Sense problemes card\u00edacs ni altres afeccions m\u00e8diques greus<\/li>\n<li>La majoria dels viatgers poden participar<\/li>\n<\/ol>\n<h4><b><i>Pol\u00edtica de cancel \u00b7 laci\u00f3<\/i><\/b><\/h4>\n<p>Per obtenir un reemborsament complet, cancel\u00b7leu almenys 72 hores abans de la data d&#039;inici de l&#039;experi\u00e8ncia. Els fons es perdran si la reserva es cancel\u00b7la el mateix dia del viatge.<\/p>\n<\/div>\n<\/div>\n<\/div>\n<\/div>\n<\/div>\n<\/div>\n\n\t\t<\/div>\n\t<\/div>\n<\/div><\/div><\/div><\/div><div class=\"wpb_column vc_column_container vc_col-sm-12\"><div class=\"vc_column-inner\"><div class=\"wpb_wrapper\"><\/div><\/div><\/div><div class=\"wpb_column vc_column_container vc_col-sm-12\"><div class=\"vc_column-inner\"><div class=\"wpb_wrapper\"><\/div><\/div><\/div>","protected":false},"excerpt":{"rendered":"<p>Compra entrades d&#039;un dia per a Bahia las Aguilas des de Barahona. Conduint pel parc nacional Jaragua i direcci\u00f3 a Cabo Rojo, on t&#039;espera un vaixell. Despr\u00e9s d&#039;un trajecte de 15 minuts amb el vaixell, arribareu a la bonica i a\u00efllada Bah\u00eda de las \u00c1guilas, considerada la platja m\u00e9s bonica del pa\u00eds. El dinar se serveix a la platja i tens l&#039;oportunitat de nedar o simplement relaxar-te a la platja. Gaudeix de la sorra blanca pr\u00edstina d&#039;aquesta platja de 8 km de llargada.<\/p>\n<p>&nbsp;<\/p>\n<p><strong>Seleccioneu el dia d&#039;aquest viatge:<\/strong><\/p>","protected":false},"featured_media":11651,"template":"","meta":[],"product_cat":[160,847],"product_tag":[850,566,849,848],"class_list":["post-11778","product","type-product","status-publish","has-post-thumbnail","hentry","product_cat-lunch","product_cat-barahona","product_tag-barahona-hiking","product_tag-barahona-tours","product_tag-cachote-tour","product_tag-paraiso-tour"],"_links":{"self":[{"href":"https:\/\/www.boattoursamana.com\/ca\/wp-json\/wp\/v2\/product\/11778","targetHints":{"allow":["GET"]}}],"collection":[{"href":"https:\/\/www.boattoursamana.com\/ca\/wp-json\/wp\/v2\/product"}],"about":[{"href":"https:\/\/www.boattoursamana.com\/ca\/wp-json\/wp\/v2\/types\/product"}],"wp:featuredmedia":[{"embeddable":true,"href":"https:\/\/www.boattoursamana.com\/ca\/wp-json\/wp\/v2\/media\/11651"}],"wp:attachment":[{"href":"https:\/\/www.boattoursamana.com\/ca\/wp-json\/wp\/v2\/media?parent=11778"}],"wp:term":[{"taxonomy":"product_cat","embeddable":true,"href":"https:\/\/www.boattoursamana.com\/ca\/wp-json\/wp\/v2\/product_cat?post=11778"},{"taxonomy":"product_tag","embeddable":true,"href":"https:\/\/www.boattoursamana.com\/ca\/wp-json\/wp\/v2\/product_tag?post=11778"}],"curies":[{"name":"wp","href":"https:\/\/api.w.org\/{rel}","templated":true}]}}