{"id":12004,"date":"2021-01-16T16:21:26","date_gmt":"2021-01-16T16:21:26","guid":{"rendered":"https:\/\/www.ticketswhales.com\/Tours-Excursions\/uncategorized\/import-placeholder-for-8658\/"},"modified":"2023-11-07T21:11:43","modified_gmt":"2023-11-07T21:11:43","slug":"excursion-whale-watching-cayo-levantado-from-cap-cana-private-tour","status":"publish","type":"product","link":"https:\/\/www.boattoursamana.com\/ca\/gira\/excursio-avistament-balenes-cayo-levantado-des-cap-cana-visita-privada","title":{"rendered":"Punta Cana \/ Cap Cana: Excursi\u00f3 Observaci\u00f3 de balenes + Cayo Levantado (Visita privada)"},"content":{"rendered":"<div class=\"wpb_column vc_column_container vc_col-sm-12\"><div class=\"vc_column-inner\"><div class=\"wpb_wrapper\"><div class=\"vc_btn3-container vc_btn3-inline\" ><a class=\"vc_general vc_btn3 vc_btn3-size-md vc_btn3-shape-rounded vc_btn3-style-modern vc_btn3-color-green\" href=\"https:\/\/bookingadventures.tours\/booking.php?tour_id=6ed21424a849c63fc6398949d1f80266\" title=\"\" rel=\"noopener\">RESERVAR ARA<\/a><\/div><\/div><\/div><\/div><div class=\"vc_row wpb_row vc_row-fluid\" ><div class=\"wpb_column vc_column_container vc_col-sm-12\"><div class=\"vc_column-inner\"><div class=\"wpb_wrapper\">\n\t<div class=\"wpb_text_column wpb_content_element\" >\n\t\t<div class=\"wpb_wrapper\">\n\t\t\t<div class=\"vc_row wpb_row vc_row-fluid\">\n<div class=\"wpb_column vc_column_container vc_col-sm-12\">\n<div class=\"vc_column-inner\">\n<div class=\"wpb_wrapper\">\n<div class=\"wpb_text_column wpb_content_element\">\n<div class=\"wpb_wrapper\">\n<h3>Excursi\u00f3 Observaci\u00f3 de balenes + Cayo Levantado des de Punta Cana\/Cap Cana (Visita privada)<\/h3>\n<p>Observaci\u00f3 de balenes a la badia de Samana des dels hotels de Punta Cana\/Cap Cana en transport privat. Aquest viatge comen\u00e7a entre les 6:00 i les 8:00 del mat\u00ed i acaba al voltant de les 19:00. Despr\u00e9s d&#039;avortar el nostre vaixell per visitar les balenes al seu propi h\u00e0bitat. Despr\u00e9s d&#039;aquest viatge de balenes visitarem l&#039;illa Bacardi \/ Cayo Levantado (opcional). A l&#039;illa de Bacard\u00ed, s&#039;oferir\u00e0 un dinar bufet d&#039;estil t\u00edpic dominic\u00e0. Quan acabi el dinar, podeu nedar fins a les 16:00. El recorregut s&#039;acabar\u00e0 al mateix port des d&#039;on comen\u00e7ar\u00e0 a les 17:00 h. Despr\u00e9s d&#039;aix\u00f2, et portem de tornada al teu hotel.<\/p>\n<p>Nota: aquest \u00e9s un tour privat amb un pagament m\u00ednim de 540 USD. Si sou menys de 4 persones, poseu-vos en contacte amb nosaltres i us enviarem un enlla\u00e7 on podreu reservar aquest Tour.\u00a0<strong><em>Per unir-vos a un grup d&#039;observaci\u00f3 de balenes amb recollida al vostre hotel, si us plau<\/em>\u00a0<\/strong><a href=\"https:\/\/www.boattoursamana.com\/ca\/Tours-Excursions\/tours-excursions-samana-bay-dominican-republic\/whale-watching-2020-in-punta-cana-to-samana-bay-cayo-levantado-bacardi-island-from-hotels\/\" data-mil=\"12004\">CLICA AQU\u00cd.<\/a><\/p>\n<ul>\n<li>Viatge privat d&#039;observaci\u00f3 de balenes<\/li>\n<li>Preu d&#039;entrada a l&#039;Observatori<\/li>\n<li>Inclou dinar bufet a la platja<\/li>\n<li>Trasllat privat des dels hotels<\/li>\n<li>Trasllat en vaixell privat<\/li>\n<li>El capit\u00e0 proporciona instrucci\u00f3 i supervisi\u00f3<\/li>\n<li>Guia tur\u00edstica<\/li>\n<\/ul>\n<p>&nbsp;<\/p>\n<h4><b>Inclusions i exclusions<\/b><\/h4>\n<p>&nbsp;<\/p>\n<p><b>Inclusions<\/b><\/p>\n<ol>\n<li>Dinar bufet a la platja<\/li>\n<li>Guia tur\u00edstica<\/li>\n<li>Cotxe de trasllat<\/li>\n<li>Viatge en vaixell<\/li>\n<li>Tots els impostos, taxes i despeses de gesti\u00f3<\/li>\n<li>Impostos locals<\/li>\n<li>Begudes<\/li>\n<\/ol>\n<p><b>Exclusions<\/b><\/p>\n<ol>\n<li>Propostes<\/li>\n<li>Begudes alcoh\u00f2liques<\/li>\n<\/ol>\n<p>&nbsp;<\/p>\n<h4><em><strong>Sortida i tornada<\/strong><\/em><\/h4>\n<p>El viatger obtindr\u00e0 un punt de trobada despr\u00e9s del proc\u00e9s de reserva. Les visites comencen i acaben al punt de trobada.<\/p>\n<p>&nbsp;<\/p>\n<h4><b><i>Qu\u00e8 esperar?<\/i><\/b><\/h4>\n<p>&nbsp;<\/p>\n<p><em><strong>Aconsegueix les teves entrades<\/strong><\/em>\u00a0per a un dia privat d&#039;observaci\u00f3 de balenes des de Cap Cana fins a la badia de Saman\u00e0, a m\u00e9s d&#039;un dinar meravell\u00f3s i una estona a la platja.<\/p>\n<p>El Daypass per a l&#039;observaci\u00f3 de balenes, organitzat per \u201cBooking Adventures\u201d, comen\u00e7a al punt de trobada establert amb el Guia Tur\u00edstic. Dinar a la platja i pots quedar-te tot el temps que vulguis nedant. Si ets veg\u00e0 tamb\u00e9 et podem preparar una mica de menjar.<\/p>\n<p><strong>Horari:<\/strong><\/p>\n<p>Flexible<\/p>\n<p>&nbsp;<\/p>\n<h4><em><strong>Qu\u00e8 hauries de portar?<\/strong><\/em><\/h4>\n<ul>\n<li>C\u00e0mera<\/li>\n<li>Brots repel\u00b7lents<\/li>\n<li>Crema per al sol<\/li>\n<li>Barret<\/li>\n<li>Pantalons c\u00f2modes<\/li>\n<li>Sand\u00e0lies a la platja<\/li>\n<li>Roba de bany<\/li>\n<li>Diners en efectiu per a records<\/li>\n<\/ul>\n<p>&nbsp;<\/p>\n<h4><b><i>Recollida a l&#039;hotel<\/i><\/b><\/h4>\n<p>El servei de recollida a l&#039;hotel est\u00e0 incl\u00f2s per a aquesta excursi\u00f3. Recollim a qualsevol hotel de la zona de Punta Cana\/Cap Cana.<\/p>\n<p>&nbsp;<\/p>\n<p><b>Nota:<\/b>\u00a0si feu la reserva dins de les 24 hores posteriors a l&#039;hora de sortida del tour o de l&#039;excursi\u00f3, podem organitzar la recollida a l&#039;hotel. Un cop completada la compra, us enviarem la informaci\u00f3 de contacte completa (n\u00famero de tel\u00e8fon, adre\u00e7a de correu electr\u00f2nic, etc.) perqu\u00e8 el nostre guia local organitzi la recollida.<\/p>\n<h4><b><i>Confirmaci\u00f3 d&#039;informaci\u00f3 addicional<\/i><\/b><\/h4>\n<ol>\n<li>Les entrades s\u00f3n el Rebut despr\u00e9s de pagar aquest Tour. Podeu mostrar el pagament al vostre tel\u00e8fon.<\/li>\n<li>El punt de trobada es rebr\u00e0 despr\u00e9s del proc\u00e9s de reserva.<\/li>\n<li>Els nens han d&#039;anar acompanyats d&#039;un adult.<\/li>\n<li>accessible amb cadira de rodes<\/li>\n<li>Els nadons han de seure a les faldes<\/li>\n<li>La majoria dels viatgers poden participar<\/li>\n<\/ol>\n<h4><b><i>Pol\u00edtica de cancel \u00b7 laci\u00f3<\/i><\/b><\/h4>\n<p>Per obtenir un reemborsament complet, cancel\u00b7leu almenys 24 hores abans de la data d&#039;inici de l&#039;experi\u00e8ncia.<\/p>\n<\/div>\n<\/div>\n<\/div>\n<\/div>\n<\/div>\n<\/div>\n<div class=\"vc_row wpb_row vc_row-fluid\">\n<div class=\"wpb_column vc_column_container vc_col-sm-12\">\n<div class=\"vc_column-inner\">\n<div class=\"wpb_wrapper\">\n<div class=\"wpb_text_column wpb_content_element\">\n<div class=\"wpb_wrapper\">\n<h4>Contactar amb nosaltres?<\/h4>\n<h5><b><i>TOUR LES BALENES SAMANA<\/i><\/b><\/h5>\n<p><em><strong>Locals<\/strong>\u00a0i\u00a0<strong>Nacionals<\/strong>\u00a0Guies tur\u00edstics i serveis als convidats<\/em><\/p>\n<p><span class=\"text-turquoise\">Reserves:<\/span>\u00a0\u00a0Tours y Excursiones en Dom. Reps.<\/p>\n<p><img decoding=\"async\" class=\"emoji\" draggable=\"false\" src=\"https:\/\/s.w.org\/images\/core\/emoji\/11.2.0\/svg\/1f4de.svg\" alt=\"\ud83d\udcde\" title=\"\">\u00a0Tel\/Whatsapp\u00a0\u00a0\u00a0<a href=\"tel:+1-809-720-6035\">+ 1-809-720-6035<\/a>\u00a0.<\/p>\n<p data-wp-editing=\"1\"><a href=\"mailto:Reservabatour@gmail.com\"><img decoding=\"async\" class=\"emoji\" draggable=\"false\" src=\"https:\/\/s.w.org\/images\/core\/emoji\/11.2.0\/svg\/1f4e9.svg\" alt=\"\ud83d\udce9\" title=\"\"> Reservabatour@gmail.com<\/a><\/p>\n<p>&nbsp;<\/p>\n<\/div>\n<\/div>\n<\/div>\n<\/div>\n<\/div>\n<\/div>\n\n\t\t<\/div>\n\t<\/div>\n<div class=\"vc_btn3-container vc_btn3-inline\" ><a class=\"vc_general vc_btn3 vc_btn3-size-md vc_btn3-shape-rounded vc_btn3-style-modern vc_btn3-color-green\" href=\"https:\/\/bookingadventures.tours\/booking.php?tour_id=6ed21424a849c63fc6398949d1f80266\" title=\"\" rel=\"noopener\">RESERVAR ARA<\/a><\/div><\/div><\/div><\/div><\/div>","protected":false},"excerpt":{"rendered":"<p>Reserva el teu viatge per a una experi\u00e8ncia d&#039;observaci\u00f3 de balenes a partir de Cap Cana en un viatge privat amb guies ecologistes professionals. Si voleu contactar amb nosaltres per obtenir assessorament, envieu un correu electr\u00f2nic, Whatsapp o Trucades disponibles. Reserveu les vostres entrades amb antelaci\u00f3. A la temporada de balenes hi ha moltes reserves i ens agradaria tenir les teves entrades segures per a tu.<\/p>\n<p>Nota: aquest \u00e9s un tour privat amb un pagament m\u00ednim de 4 . Si sou menys de 4 persones, poseu-vos en contacte amb nosaltres i us enviarem un enlla\u00e7 on podreu reservar aquest Tour. Per unir-te a un grup d&#039;observaci\u00f3 de balenes amb recollida des del teu hotel, FES CLIC AQU\u00cd.<\/p>\n<p><strong>Atenci\u00f3: Nadons (0 \u2013 23 mesos) gratu\u00eft, Nens (2 \u2013 10 anys)<\/strong><\/p>\n<p><em><strong>Seleccioneu la data de l&#039;excursi\u00f3:<\/strong><\/em><\/p>","protected":false},"featured_media":13304,"template":"","meta":[],"product_cat":[948,655,854,855,971,968,856,662,942,664],"product_tag":[296,682,683,186,667,342,668,524,669,276,274,525,670],"class_list":["post-12004","product","type-product","status-publish","has-post-thumbnail","hentry","product_cat-1-punta-cana","product_cat-1-samana","product_cat-cap-cana-whale-watching","product_cat-outdoor-activities","product_cat-punta-cana-private-tours","product_cat-punta-cana-whale-watching","product_cat-water-activities","product_cat-whale-watching","product_cat-whale-watching-private-tours","product_cat-whale-watching-punta-cana","product_tag-day-trip-punta-cana","product_tag-private-punta-cana","product_tag-punta-cana-whale-watching","product_tag-samana","product_tag-samana-tour","product_tag-samana-whale-watching","product_tag-whale","product_tag-whale-punta-cana","product_tag-whale-sabana-de-la-mar","product_tag-whale-samana","product_tag-whale-watching-dominican-republic","product_tag-whale-watching-punta-cana","product_tag-whales-trips"],"_links":{"self":[{"href":"https:\/\/www.boattoursamana.com\/ca\/wp-json\/wp\/v2\/product\/12004","targetHints":{"allow":["GET"]}}],"collection":[{"href":"https:\/\/www.boattoursamana.com\/ca\/wp-json\/wp\/v2\/product"}],"about":[{"href":"https:\/\/www.boattoursamana.com\/ca\/wp-json\/wp\/v2\/types\/product"}],"wp:featuredmedia":[{"embeddable":true,"href":"https:\/\/www.boattoursamana.com\/ca\/wp-json\/wp\/v2\/media\/13304"}],"wp:attachment":[{"href":"https:\/\/www.boattoursamana.com\/ca\/wp-json\/wp\/v2\/media?parent=12004"}],"wp:term":[{"taxonomy":"product_cat","embeddable":true,"href":"https:\/\/www.boattoursamana.com\/ca\/wp-json\/wp\/v2\/product_cat?post=12004"},{"taxonomy":"product_tag","embeddable":true,"href":"https:\/\/www.boattoursamana.com\/ca\/wp-json\/wp\/v2\/product_tag?post=12004"}],"curies":[{"name":"wp","href":"https:\/\/api.w.org\/{rel}","templated":true}]}}