{"id":12043,"date":"2021-01-29T08:54:31","date_gmt":"2021-01-29T08:54:31","guid":{"rendered":"https:\/\/www.ticketswhales.com\/Tours-Excursions\/uncategorized\/import-placeholder-for-8649\/"},"modified":"2023-11-07T21:08:26","modified_gmt":"2023-11-07T21:08:26","slug":"excursion-whale-watching-samana-bay-cayo-levantado-from-puerto-plata-private-transportation","status":"publish","type":"product","link":"https:\/\/www.boattoursamana.com\/ca\/gira\/excursio-observacio-de-balenes-samana-bay-cayo-levantado-des-de-puerto-plata-transport-privat","title":{"rendered":"Excursi\u00f3 Observaci\u00f3 de balenes a la badia de Saman\u00e1 + Cayo Levantado des de Puerto Plata (transport privat)"},"content":{"rendered":"<div class=\"vc_row wpb_row vc_row-fluid\" ><\/div><div class=\"wpb_column vc_column_container vc_col-sm-12\"><div class=\"vc_column-inner\"><div class=\"wpb_wrapper\"><div class=\"vc_btn3-container vc_btn3-inline\" ><button class=\"vc_general vc_btn3 vc_btn3-size-md vc_btn3-shape-rounded vc_btn3-style-modern vc_btn3-color-green\">RESERVAR ARA<\/button><\/div><\/div><\/div><\/div>\n\t<div class=\"wpb_text_column wpb_content_element\" >\n\t\t<div class=\"wpb_wrapper\">\n\t\t\t\n\t\t<\/div>\n\t<\/div>\n<div class=\"vc_row wpb_row vc_row-fluid\" ><div class=\"wpb_column vc_column_container vc_col-sm-12\"><div class=\"vc_column-inner\"><div class=\"wpb_wrapper\"><div class=\"vc_btn3-container vc_btn3-inline\" ><button class=\"vc_general vc_btn3 vc_btn3-size-md vc_btn3-shape-rounded vc_btn3-style-modern vc_btn3-color-green\">RESERVAR ARA<\/button><\/div><\/div><\/div><\/div><\/div><div class=\"vc_row wpb_row vc_row-fluid\" ><div class=\"wpb_column vc_column_container vc_col-sm-12\"><div class=\"vc_column-inner\"><div class=\"wpb_wrapper\">\n\t<div class=\"wpb_text_column wpb_content_element\" >\n\t\t<div class=\"wpb_wrapper\">\n\t\t\t<div class=\"vc_row wpb_row vc_row-fluid\">\n<div class=\"wpb_column vc_column_container vc_col-sm-12\">\n<div class=\"vc_column-inner\">\n<div class=\"wpb_wrapper\">\n<div class=\"wpb_text_column wpb_content_element\">\n<div class=\"wpb_wrapper\">\n<h3>Excursi\u00f3 Observaci\u00f3 de balenes a la badia de Samana + Cayo Levantado des de Puerto Plata (transport privat)<\/h3>\n<p>Sortint de Puerto Plata, Sosua o Cabarete. Et recollirem al teu lloc i condu\u00efm fins a la badia de Saman\u00e1. Aquest viatge comen\u00e7a al port de Saman\u00e1 a les 9:00 i acaba a les 17:00, per\u00f2 podem ser flexibles amb l&#039;hora de portar-vos de tornada al vostre lloc.<\/p>\n<p>Despr\u00e9s d&#039;avortar el nostre Catamar\u00e0 o Embarcaci\u00f3 per visitar les balenes al seu h\u00e0bitat. Des de les 9:00 del mat\u00ed fins a les 12:00 del migdia Observatori de balenes i Despr\u00e9s d&#039;aquest viatge d&#039;observaci\u00f3 de balenes visitarem l&#039;illa Bacardi \/ Cayo Levantado. A l&#039;illa de Bacard\u00ed, s&#039;oferir\u00e0 un dinar bufet d&#039;estil t\u00edpic dominic\u00e0. Quan s&#039;acabi el dinar, podeu nedar fins a les 16:30. El recorregut s&#039;acabar\u00e0 al mateix port des d&#039;on comen\u00e7ar\u00e0 a les 17:00 h.<\/p>\n<p><em><strong>Nota: aquest tour no \u00e9s privat. Nom\u00e9s transport privat des de Puerto Plata. Per a una excursi\u00f3 privada en vaixell, poseu-vos en contacte amb nosaltres.<\/strong><\/em><\/p>\n<ul>\n<li>Viatge d&#039;observaci\u00f3 de balenes<\/li>\n<li>Recollida des de les zones de Puerto Plata.<\/li>\n<li>Preu d&#039;entrada a l&#039;Observatori<\/li>\n<li>Inclou dinar bufet a la platja<\/li>\n<li>Trasllat en vaixell<\/li>\n<li>El capit\u00e0 proporciona instrucci\u00f3 i supervisi\u00f3<\/li>\n<li>Guia tur\u00edstica<\/li>\n<\/ul>\n<p>&nbsp;<\/p>\n<h4><b>Inclusions i exclusions<\/b><\/h4>\n<p>&nbsp;<\/p>\n<p><b>Inclusions<\/b><\/p>\n<p>&nbsp;<\/p>\n<ol>\n<li>Dinar bufet a la platja<\/li>\n<li>Cotxe de trasllat<\/li>\n<li>Guia tur\u00edstic al viatge Whale Watching<\/li>\n<li>Excursi\u00f3 en catamar\u00e0 o vaixell<\/li>\n<li>Tots els impostos, taxes i despeses de gesti\u00f3<\/li>\n<li>Impostos locals<\/li>\n<li>Begudes<\/li>\n<\/ol>\n<p><b>Exclusions<\/b><\/p>\n<ol>\n<li>Propostes<\/li>\n<li>Begudes alcoh\u00f2liques<\/li>\n<\/ol>\n<p>&nbsp;<\/p>\n<h4><em><strong>Sortida i tornada<\/strong><\/em><\/h4>\n<p>El viatger obtindr\u00e0 una hora de punt de trobada despr\u00e9s del proc\u00e9s de reserva. Les visites comencen i acaben als nostres punts de trobada.<\/p>\n<p>&nbsp;<\/p>\n<h4><b><i>Qu\u00e8 esperar?<\/i><\/b><\/h4>\n<p>&nbsp;<\/p>\n<p><em><strong>Aconsegueix les teves entrades<\/strong><\/em>\u00a0per a un dia d&#039;observaci\u00f3 de balenes a la badia de Saman\u00e0 a partir de Sosua, Cabarete o qualsevol zona de Puerto Plata. eviteu el transport amb grans grups i gaudiu d&#039;un meravell\u00f3s dinar i una estona a la platja.<\/p>\n<p>El Daypass per a l&#039;observaci\u00f3 de balenes des de Puerto Plata est\u00e0 organitzat per \u201cBooking Adventures\u201d s&#039;inicia al punt de trobada establert amb el per whatsapp o correu. Dinar a la platja i pots quedar-te tot el temps que vulguis nedant. Si ets veg\u00e0 tamb\u00e9 et podem preparar una mica de menjar.<\/p>\n<p><strong>Horari:<\/strong><\/p>\n<p>5:45 AM \u2013 4:00 PM L&#039;hora pot canviar segons les vostres necessitats.<\/p>\n<p>&nbsp;<\/p>\n<h4><em><strong>Qu\u00e8 hauries de portar?<\/strong><\/em><\/h4>\n<ul>\n<li>C\u00e0mera<\/li>\n<li>Brots repel\u00b7lents<\/li>\n<li>crema per al sol<\/li>\n<li>Barret<\/li>\n<li>Pantalons c\u00f2modes<\/li>\n<li>Sand\u00e0lies a la platja<\/li>\n<li>Roba de bany<\/li>\n<li>Diners en efectiu per a records<\/li>\n<\/ul>\n<p>&nbsp;<\/p>\n<h4><b><i>Recollida a l&#039;hotel<\/i><\/b><\/h4>\n<p>S&#039;ofereix servei de recollida a l&#039;hotel per a aquesta excursi\u00f3.<\/p>\n<p>&nbsp;<\/p>\n<p><b>Nota:<\/b>\u00a0Si feu la reserva dins de les 24 hores posteriors a l&#039;hora de sortida de l&#039;excursi\u00f3\/excursi\u00f3, organitzarem la recollida a l&#039;hotel. Un cop completada la compra, us enviarem la informaci\u00f3 de contacte completa (n\u00famero de tel\u00e8fon, adre\u00e7a de correu electr\u00f2nic, etc.) perqu\u00e8 el nostre guia local organitzi la recollida.<\/p>\n<h4><b><i>Confirmaci\u00f3 d&#039;informaci\u00f3 addicional<\/i><\/b><\/h4>\n<ol>\n<li>Les entrades s\u00f3n el Rebut despr\u00e9s de pagar aquest Tour. Podeu mostrar el pagament al vostre tel\u00e8fon.<\/li>\n<li>El punt de trobada es rebr\u00e0 despr\u00e9s del proc\u00e9s de reserva.<\/li>\n<li>Els nens han d&#039;anar acompanyats d&#039;un adult.<\/li>\n<li>accessible amb cadira de rodes<\/li>\n<li>Els nadons han de seure a les faldes<\/li>\n<li>La majoria dels viatgers poden participar<\/li>\n<\/ol>\n<h4><b><i>Pol\u00edtica de cancel \u00b7 laci\u00f3<\/i><\/b><\/h4>\n<p>Per obtenir un reemborsament complet, cancel\u00b7leu almenys 24 hores abans de la data d&#039;inici de l&#039;experi\u00e8ncia.<\/p>\n<\/div>\n<\/div>\n<\/div>\n<\/div>\n<\/div>\n<\/div>\n<div class=\"vc_row wpb_row vc_row-fluid\">\n<div class=\"wpb_column vc_column_container vc_col-sm-12\">\n<div class=\"vc_column-inner\">\n<div class=\"wpb_wrapper\">\n<div class=\"wpb_text_column wpb_content_element\">\n<div class=\"wpb_wrapper\">\n<h4>Contactar amb nosaltres?<\/h4>\n<h5><b><i>TOUR A SAMANA BALENES<\/i><\/b><\/h5>\n<p><em><strong>Locals<\/strong>\u00a0i\u00a0<strong>Nacionals<\/strong>\u00a0Guies tur\u00edstics i serveis als convidats<\/em><\/p>\n<p><span class=\"text-turquoise\">Reserves:<\/span>\u00a0\u00a0Tours i Excursions a Dom. Rep.<\/p>\n<p>\ud83d\udcde Tel\/Whatsapp\u00a0\u00a0\u00a0<a href=\"tel: 1-809-720-6035\">+ 1-809-720-6035<\/a>\u00a0.<\/p>\n<p>\ud83d\udce9\u00a0<a href=\"mailto:info@bookingadventures.com.do\">info@bookingadventures.com.do<\/a><\/p>\n<p><strong>Som visites privades amb configuraci\u00f3 flexible per Whatsapp:\u00a0\u00a0<a href=\"tel: 18097206035\">+18097206035.<\/a><\/strong><\/p>\n<\/div>\n<\/div>\n<\/div>\n<\/div>\n<\/div>\n<\/div>\n\n\t\t<\/div>\n\t<\/div>\n<\/div><\/div><\/div><\/div>","protected":false},"excerpt":{"rendered":"<p>Des de Puerto Plata, Sosua o Cabarete fins al port de la badia de Saman\u00e1. Amb guies tur\u00edstics naturalistes professionals en observaci\u00f3 de balenes. Si vols contactar amb nosaltres per assessorament, correu electr\u00f2nic, Whatsapp o trucades disponibles.<\/p>\n<p>Reserveu les vostres entrades amb antelaci\u00f3. Durant la temporada de balenes hi ha moltes reserves i ens agradaria tenir les vostres entrades segures per a vosaltres. Establiu el lloc i l&#039;hora de recollida amb nosaltres.<\/p>\n<p><em><strong>Seleccioneu la data de l&#039;excursi\u00f3:<\/strong><\/em><\/p>\n<p>&nbsp;<\/p>","protected":false},"featured_media":13309,"template":"","meta":[],"product_cat":[947,655,859,657,658,659,660,661,662,663,664],"product_tag":[186,667,668,524,669,276,274,670],"class_list":["post-12043","product","type-product","status-publish","has-post-thumbnail","hentry","product_cat-1-puerto-plata","product_cat-1-samana","product_cat-puerto-plata-2021","product_cat-tours-excursions","product_cat-tours-excursions-whale-watching-samana-bay-dominican-republic","product_cat-whale-miches","product_cat-whale-sabana-de-la-mar","product_cat-whale-samana","product_cat-whale-watching","product_cat-whale-watching-puerto-plata","product_cat-whale-watching-punta-cana","product_tag-samana","product_tag-samana-tour","product_tag-whale","product_tag-whale-punta-cana","product_tag-whale-sabana-de-la-mar","product_tag-whale-samana","product_tag-whale-watching-dominican-republic","product_tag-whales-trips"],"_links":{"self":[{"href":"https:\/\/www.boattoursamana.com\/ca\/wp-json\/wp\/v2\/product\/12043","targetHints":{"allow":["GET"]}}],"collection":[{"href":"https:\/\/www.boattoursamana.com\/ca\/wp-json\/wp\/v2\/product"}],"about":[{"href":"https:\/\/www.boattoursamana.com\/ca\/wp-json\/wp\/v2\/types\/product"}],"wp:featuredmedia":[{"embeddable":true,"href":"https:\/\/www.boattoursamana.com\/ca\/wp-json\/wp\/v2\/media\/13309"}],"wp:attachment":[{"href":"https:\/\/www.boattoursamana.com\/ca\/wp-json\/wp\/v2\/media?parent=12043"}],"wp:term":[{"taxonomy":"product_cat","embeddable":true,"href":"https:\/\/www.boattoursamana.com\/ca\/wp-json\/wp\/v2\/product_cat?post=12043"},{"taxonomy":"product_tag","embeddable":true,"href":"https:\/\/www.boattoursamana.com\/ca\/wp-json\/wp\/v2\/product_tag?post=12043"}],"curies":[{"name":"wp","href":"https:\/\/api.w.org\/{rel}","templated":true}]}}