{"id":12561,"date":"2021-06-22T18:36:29","date_gmt":"2021-06-22T18:36:29","guid":{"rendered":"https:\/\/www.ticketswhales.com\/?post_type=product&#038;p=12561"},"modified":"2023-11-06T15:14:51","modified_gmt":"2023-11-06T15:14:51","slug":"27-waterfalls-from-punta-cana-private-or-small-group-trip","status":"publish","type":"product","link":"https:\/\/www.boattoursamana.com\/ca\/gira\/27-cascades-des-punta-cana-excursio-privada-o-grup-petit","title":{"rendered":"27 Cascades des de Punta Cana \u2013 Viatge privat o en grup redu\u00eft"},"content":{"rendered":"<div class=\"vc_row wpb_row vc_row-fluid\" ><div class=\"wpb_column vc_column_container vc_col-sm-12\"><div class=\"vc_column-inner\"><div class=\"wpb_wrapper\"><div class=\"vc_btn3-container vc_btn3-inline\" ><button class=\"vc_general vc_btn3 vc_btn3-size-md vc_btn3-shape-rounded vc_btn3-style-modern vc_btn3-color-green\">RESERVAR ARA<\/button><\/div>\n\t<div class=\"wpb_text_column wpb_content_element\" >\n\t\t<div class=\"wpb_wrapper\">\n\t\t\t<h2>27 cascades des de Punta Cana: viatge privat o en grup redu\u00eft Dinar i transport inclosos<\/h2>\n\n\t\t<\/div>\n\t<\/div>\n<\/div><\/div><\/div><\/div><div class=\"vc_row wpb_row vc_row-fluid\" ><div class=\"wpb_column vc_column_container vc_col-sm-12\"><div class=\"vc_column-inner\"><div class=\"wpb_wrapper\">\n\t<div class=\"wpb_text_column wpb_content_element\" >\n\t\t<div class=\"wpb_wrapper\">\n\t\t\t<h3 class=\"ui_header h1 attractions-product-info-ProductTitle__title--1qM0o\">27 Cascades des de Punta Cana \u2013 Viatge privat o en grup redu\u00eft<\/h3>\n<h4><b><i>Visi\u00f3 general <\/i><\/b><\/h4>\n<p>Aconsegueix les teves entrades per a una excursi\u00f3 d&#039;un dia complet des de Punta Cana fins a la cascada 27 de Damajagua. Entrades amb dinar i excursi\u00f3 Inclou salts i nataci\u00f3 a les cascades m\u00e9s boniques de la Rep\u00fablica Dominicana. Senderisme i nataci\u00f3 amb equip de seguretat per tenir la millor experi\u00e8ncia de sempre!!<\/p>\n<p>Despr\u00e9s d&#039;aquesta experi\u00e8ncia, tornar\u00e0s a Punta Cana a la ubicaci\u00f3 on et trobar\u00e0s amb el guia tur\u00edstic o l&#039;hotel.<\/p>\n<ul>\n<li style=\"font-weight: 400;\">Tarifes incloses<\/li>\n<li>Dinar<\/li>\n<li>Snacks<\/li>\n<li style=\"font-weight: 400;\">Guia local en angl\u00e8s<\/li>\n<\/ul>\n<p>&nbsp;<\/p>\n<h4><b>Inclusions i exclusions<\/b><\/h4>\n<p>&nbsp;<\/p>\n<p><b>Inclusions<\/b><\/p>\n<ol>\n<li style=\"font-weight: 400;\">27 Cascades de Damajagua<\/li>\n<li>Dinar<\/li>\n<li style=\"font-weight: 400;\"><span style=\"font-weight: 400;\">Tots els impostos, taxes i despeses de gesti\u00f3<\/span><\/li>\n<li style=\"font-weight: 400;\"><span style=\"font-weight: 400;\">Impostos locals<\/span><\/li>\n<li style=\"font-weight: 400;\"><span style=\"font-weight: 400;\">Begudes<\/span><\/li>\n<li>Snacks<\/li>\n<li style=\"font-weight: 400;\"><span style=\"font-weight: 400;\">Totes les activitats<\/span><\/li>\n<li style=\"font-weight: 400;\"><span style=\"font-weight: 400;\">Guia local<\/span><\/li>\n<li>Transport<\/li>\n<\/ol>\n<p><b> Exclusions<\/b><\/p>\n<ol>\n<li style=\"font-weight: 400;\"><span style=\"font-weight: 400;\">Propostes<\/span><\/li>\n<li style=\"font-weight: 400;\"><span style=\"font-weight: 400;\">Begudes alcoh\u00f2liques<\/span><\/li>\n<\/ol>\n<p>&nbsp;<\/p>\n<h4><em><strong>Sortida i tornada<\/strong><\/em><\/h4>\n<p><span style=\"font-weight: 400;\">El viatger ser\u00e0 recollit a Punta Cana o Bavaro Hotels. Les visites comencen i acaben als vostres punts de trobada.<\/span><\/p>\n<h4><\/h4>\n<h3 class=\"ui_header h1 attractions-product-info-ProductTitle__title--1qM0o\">Excursi\u00f3 27 Cascades de Damajagua des de Punta Cana.<\/h3>\n<h4><b><i>Qu\u00e8 esperar?<\/i><\/b><\/h4>\n<div class=\"apd_content_block\" data-tab=\"TABS_OVERVIEW\">\n<div class=\"ui_card section attractions-product-details-Overview__sectionMargin--uHktd attractions-product-details-Overview__cleanslateOverrideDT--39Ov7\"><strong>Nota:<\/strong> El viatge d&#039;anada de Punta Cana a Puerto Plata \u00e9s d&#039;unes 5 hores. Comencem des de Punta Cana cap a les 5:00 AM. Tornada a Punta Cana cap a les 21:00.<\/div>\n<\/div>\n<div data-tab=\"TABS_WHAT_TO_EXPECT\">\n<div class=\"ui_card attractions-card-CollapsibleProductDetailsCard__cardContainer--3r2wk attractions-card-CollapsibleProductDetailsCard__cleanslateOverrideDT--2AJh0\">\n<div class=\"attractions-card-CollapsibleCard__header--IDA3r\">\n<div class=\"attractions-card-CollapsibleCard__headerSection--3gTKb\"><\/div>\n<\/div>\n<div class=\"attractions-card-CollapsibleCard__content--2Ws8q\">\n<div class=\"attractions-card-CollapsibleCard__contentWrap--374jk attractions-card-CollapsibleCard__titleUnderline--1uHze\">\n<div>Descobriu les a\u00efllades cascades de Damajagua, encastades als turons del corredor nord de la Rep\u00fablica Dominicana, en aquest viatge d&#039;un dia complet des de Puerto Plata. Exploreu les vint-i-set cascades verges, que cauen sobre pedra calc\u00e0ria, amb el vostre guia local. Fes una breu sessi\u00f3 informativa de seguretat, despr\u00e9s salta, neda i llisca pels tobogans naturals.<\/div>\n<div><\/div>\n<div>Dinar, begudes incloses. Una pujada moderada de 40 minuts a trav\u00e9s d&#039;un bell paisatge selv\u00e0tic us porta a la 12a cascada o, si teniu una forma f\u00edsica excel\u00b7lent, opteu per caminar fins al cim de les 27 cascades (uns 70 minuts aproximadament) i ho experimenteu tot. .<\/div>\n<div class=\"attractions-card-CollapsibleProductDetailsCard__cardContent--23ext\">\n<div class=\"common-text-ReadMore__readMore--3Iu8c common-text-ReadMore__variantFadeOut--1tInd\">\n<div class=\"common-text-ReadMore__content--2X4LR\">\n<div class=\"ui_columns is-desktop\">\n<div><\/div>\n<div class=\"ui_column\">Sigui com sigui, la teva veritable diversi\u00f3 comen\u00e7a quan tornem riu avall i saltes, llisques i nedes per una s\u00e8rie d&#039;espectaculars cascades, canons i piscines de color blau, que emergeixen amb un somriure ximple a la cara i records incre\u00efbles per guardar! Els recorreguts inclouen salts de fins a 25 peus (8 metres), per\u00f2 no us preocupeu, els grans tenen una altra baixada si no voleu saltar.<\/div>\n<div><\/div>\n<div class=\"ui_column\">Despr\u00e9s d&#039;una caminada de 15 minuts de tornada al campament base i posar-se la roba seca, gaudeix d&#039;un dinar bufet dominic\u00e0 delici\u00f3s i variat, que inclou coses com pollastre i porc a la brasa, guisats, arr\u00f2s, pasta i amanides.<\/div>\n<div><\/div>\n<div class=\"ui_column\">Les begudes locals de rom, els refrescs i l&#039;aigua estan incloses (la cervesa est\u00e0 disponible per\u00f2 no inclosa). Despr\u00e9s de l&#039;\u00e0pat, digues ad\u00e9u als guies locals i es tindr\u00e0 en compte la teva millor experi\u00e8ncia i fotos o v\u00eddeos per a la resta de la teva vida.<\/div>\n<div class=\"ui_column\">Despr\u00e9s d&#039;aix\u00f2, tornarem a Punta Cana.<\/div>\n<\/div>\n<\/div>\n<\/div>\n<\/div>\n<\/div>\n<\/div>\n<\/div>\n<\/div>\n<h4><em><strong>Qu\u00e8 hauries de portar?<\/strong><\/em><\/h4>\n<ul>\n<li style=\"font-weight: 400;\"><span style=\"font-weight: 400;\">C\u00e0mera<\/span><\/li>\n<li style=\"font-weight: 400;\"><span style=\"font-weight: 400;\">Brots repel\u00b7lents<\/span><\/li>\n<li style=\"font-weight: 400;\"><span style=\"font-weight: 400;\">Crema per al sol<\/span><\/li>\n<li style=\"font-weight: 400;\"><span style=\"font-weight: 400;\">Barret<\/span><\/li>\n<li style=\"font-weight: 400;\"><span style=\"font-weight: 400;\">Pantalons c\u00f2modes<\/span><\/li>\n<li style=\"font-weight: 400;\"><span style=\"font-weight: 400;\">Sabates de muntanya per al bosc<\/span><\/li>\n<li style=\"font-weight: 400;\"><span style=\"font-weight: 400;\">Sand\u00e0lies a les zones de primavera.<\/span><\/li>\n<li style=\"font-weight: 400;\"><span style=\"font-weight: 400;\">Roba de bany<\/span><\/li>\n<\/ul>\n<p>&nbsp;<\/p>\n<h4><b><i>Recollida a l&#039;hotel <\/i><\/b><\/h4>\n<p><span style=\"font-weight: 400;\">S&#039;ofereix servei de recollida a l&#039;hotel per a aquesta excursi\u00f3. Configurem Pick up contactant-nos per Whatsapp.<\/span><\/p>\n<p>&nbsp;<\/p>\n<p><b>Nota:<\/b><span style=\"font-weight: 400;\"> Si feu la reserva dins de les 24 hores posteriors a l&#039;hora de sortida del tour o de l&#039;excursi\u00f3, podem organitzar la recollida a l&#039;hotel. Un cop completada la compra, us enviarem la informaci\u00f3 de contacte completa (n\u00famero de tel\u00e8fon, adre\u00e7a de correu electr\u00f2nic, etc.) perqu\u00e8 el nostre guia local organitzi la recollida.<\/span><\/p>\n<h4><b><i>Confirmaci\u00f3 d&#039;informaci\u00f3 addicional <\/i><\/b><\/h4>\n<ol>\n<li>Les entrades s\u00f3n el rebut despr\u00e9s de pagar aquest Tour. Podeu mostrar el pagament al vostre tel\u00e8fon.<\/li>\n<li style=\"font-weight: 400;\"><span style=\"font-weight: 400;\">El punt de trobada es rebr\u00e0 despr\u00e9s del proc\u00e9s de reserva.<\/span><\/li>\n<li style=\"font-weight: 400;\"><span style=\"font-weight: 400;\">Els nens han d&#039;anar acompanyats d&#039;un adult.<\/span><\/li>\n<li style=\"font-weight: 400;\"><span style=\"font-weight: 400;\"> No accessible amb cadira de rodes <\/span><\/li>\n<li style=\"font-weight: 400;\"><span style=\"font-weight: 400;\">Els nadons han de seure a les faldes <\/span><\/li>\n<li style=\"font-weight: 400;\"><span style=\"font-weight: 400;\">No recomanat per a viatgers amb problemes d&#039;esquena<\/span><\/li>\n<li style=\"font-weight: 400;\"><span style=\"font-weight: 400;\">No recomanat per a viatgers embarassades <\/span><\/li>\n<li style=\"font-weight: 400;\"><span style=\"font-weight: 400;\"> Sense problemes card\u00edacs ni altres afeccions m\u00e8diques greus <\/span><\/li>\n<li style=\"font-weight: 400;\"><span style=\"font-weight: 400;\">La majoria dels viatgers poden participar<\/span><\/li>\n<\/ol>\n<h4><b><i>Pol\u00edtica de cancel \u00b7 laci\u00f3<\/i><\/b><\/h4>\n<p>Per obtenir un reemborsament complet, llegiu les nostres pol\u00edtiques de cancel\u00b7lacions\u00a0<a href=\"https:\/\/www.boattoursamana.com\/ca\/reserva-en-linia\/\" target=\"_blank\" rel=\"noopener\" data-saferedirecturl=\"https:\/\/www.google.com\/url?q=https:\/\/www.boattoursamana.com\/online-booking\/&amp;source=gmail&amp;ust=1672449202351000&amp;usg=AOvVaw1yAeVAPktmaVCqDujgUn90\">Clica aqu\u00ed<\/a>. Els fons es perdran si la reserva es cancel\u00b7la el mateix dia del viatge.<\/p>\n\n\t\t<\/div>\n\t<\/div>\n<div class=\"vc_btn3-container vc_btn3-inline\" ><button class=\"vc_general vc_btn3 vc_btn3-size-md vc_btn3-shape-rounded vc_btn3-style-modern vc_btn3-color-green\">RESERVAR ARA<\/button><\/div><\/div><\/div><\/div><\/div><div class=\"vc_row wpb_row vc_row-fluid\" ><div class=\"wpb_column vc_column_container vc_col-sm-12\"><div class=\"vc_column-inner\"><div class=\"wpb_wrapper\">\n\t<div class=\"wpb_video_widget wpb_content_element vc_clearfix   vc_video-aspect-ratio-169 vc_video-el-width-100 vc_video-align-left\" >\n\t\t<div class=\"wpb_wrapper\">\n\t\t\t<h2 class=\"wpb_heading wpb_video_heading\">Excursi\u00f3 27 Cascades de Damajagua des de Puerto Plata:<\/h2>\n\t\t\t<div class=\"wpb_video_wrapper\"><iframe loading=\"lazy\" title=\"27 Cascades de Damajagua per Booking Adventures &amp; Travel Rep\u00fablica Dominicana\" width=\"1100\" height=\"619\" src=\"https:\/\/www.youtube.com\/embed\/AVNh_we_RQE?start=17&feature=oembed\" frameborder=\"0\" allow=\"accelerometer; autoplay; encrypted-media; gyroscope; picture-in-picture\" allowfullscreen><\/iframe><\/div>\n\t\t<\/div>\n\t<\/div>\n<\/div><\/div><\/div><\/div><div class=\"vc_row wpb_row vc_row-fluid\" ><\/div><div class=\"wpb_column vc_column_container vc_col-sm-12\"><div class=\"vc_column-inner\"><div class=\"wpb_wrapper\"><\/div><\/div><\/div><div class=\"vc_empty_space\"   style=\"height: 32px\"><span class=\"vc_empty_space_inner\"><\/span><\/div><div class=\"vc_empty_space\"   style=\"height: 32px\"><span class=\"vc_empty_space_inner\"><\/span><\/div><div class=\"vc_row wpb_row vc_row-fluid\" ><div class=\"wpb_column vc_column_container vc_col-sm-12\"><div class=\"vc_column-inner\"><div class=\"wpb_wrapper\"><div class=\"vc_btn3-container vc_btn3-inline\" ><button class=\"vc_general vc_btn3 vc_btn3-size-md vc_btn3-shape-rounded vc_btn3-style-modern vc_btn3-color-green\">RESERVAR ARA<\/button><\/div><\/div><\/div><\/div><\/div>","protected":false},"excerpt":{"rendered":"<p>Aquesta excursi\u00f3 de Punta Cana a les 27 cascades de Damajagua a Puerto Plata, dinar i visita a les 27 cascades, caminada i salt al riu.<\/p>\n<p>Viatge ecol\u00f2gic a les 27 cascades de Puerto Plata. Aconsegueix les teves entrades per a una excursi\u00f3 d&#039;un dia complet des de la zona de Punta Cana fins a la Cascada 27 des de Damajagua. Les entrades amb dinar i excursi\u00f3 inclouen salts i nataci\u00f3 a les cascades m\u00e9s boniques de la Rep\u00fablica Dominicana. Camineu i nedeu amb equip de seguretat per tenir la millor experi\u00e8ncia.<\/p>\n<p><strong>Seleccioneu la vostra data per al viatge:\u00a0<\/strong><\/p>","protected":false},"featured_media":9037,"template":"","meta":[],"product_cat":[282,947,948,281,283,159,178,160,1001,253,252],"product_tag":[286,284,292,401,290,291,406,405,404,403,288,402,287,293,285,407,289],"class_list":["post-12561","product","type-product","status-publish","has-post-thumbnail","hentry","product_cat-tours-excursions-27-waterfalls-puerto-plata-dominican-republic","product_cat-1-puerto-plata","product_cat-1-punta-cana","product_cat-27-waterfalls","product_cat-damajagua","product_cat-fees-entrace","product_cat-hiking","product_cat-lunch","product_cat-puerto-plata-27-waterfalls-hike","product_cat-tours-and-excursions","product_cat-waterfalls","product_tag-27-charcos-de-damajagua","product_tag-27-waterfalls","product_tag-27-waterfalls-dominican-republic","product_tag-27-waterfalls-dominican-republic-facts","product_tag-27-waterfalls-excursion","product_tag-27-waterfalls-puerto-plata","product_tag-amber-cove-cruise-terminal-27-waterfalls","product_tag-amber-cove-excursions","product_tag-damajagua-falls-tours","product_tag-damajagua-national-park","product_tag-excursion-27-waterfalls","product_tag-how-to-get-to-27-waterfalls-from-puerto-plata","product_tag-jumping-27-waterfalls","product_tag-los-27-charcos-de-puerto-plata","product_tag-puerto-plata","product_tag-things-to-do-in-amber-cove","product_tag-tour-27-waterfalls"],"_links":{"self":[{"href":"https:\/\/www.boattoursamana.com\/ca\/wp-json\/wp\/v2\/product\/12561","targetHints":{"allow":["GET"]}}],"collection":[{"href":"https:\/\/www.boattoursamana.com\/ca\/wp-json\/wp\/v2\/product"}],"about":[{"href":"https:\/\/www.boattoursamana.com\/ca\/wp-json\/wp\/v2\/types\/product"}],"wp:featuredmedia":[{"embeddable":true,"href":"https:\/\/www.boattoursamana.com\/ca\/wp-json\/wp\/v2\/media\/9037"}],"wp:attachment":[{"href":"https:\/\/www.boattoursamana.com\/ca\/wp-json\/wp\/v2\/media?parent=12561"}],"wp:term":[{"taxonomy":"product_cat","embeddable":true,"href":"https:\/\/www.boattoursamana.com\/ca\/wp-json\/wp\/v2\/product_cat?post=12561"},{"taxonomy":"product_tag","embeddable":true,"href":"https:\/\/www.boattoursamana.com\/ca\/wp-json\/wp\/v2\/product_tag?post=12561"}],"curies":[{"name":"wp","href":"https:\/\/api.w.org\/{rel}","templated":true}]}}