{"id":12652,"date":"2021-08-02T05:55:11","date_gmt":"2021-08-02T05:55:11","guid":{"rendered":"https:\/\/www.ticketswhales.com\/?post_type=product&#038;p=12652"},"modified":"2023-11-06T14:24:06","modified_gmt":"2023-11-06T14:24:06","slug":"el-limon-waterfalls-tour-private-from-las-galeras-horse-riding-lunch-swimming","status":"publish","type":"product","link":"https:\/\/www.boattoursamana.com\/ca\/gira\/el-limon-cascades-tour-privada-des-de-las-galeras-equitacio-dinar-natacio","title":{"rendered":"Las Galeras: Excursi\u00f3 privada a les cascades del Lim\u00f3n (equitaci\u00f3, dinar i bany)"},"content":{"rendered":"<div class=\"vc_row wpb_row vc_row-fluid\" ><div class=\"wpb_column vc_column_container vc_col-sm-12\"><div class=\"vc_column-inner\"><div class=\"wpb_wrapper\"><div class=\"vc_btn3-container vc_btn3-inline\" ><a class=\"vc_general vc_btn3 vc_btn3-size-md vc_btn3-shape-rounded vc_btn3-style-modern vc_btn3-color-green\" href=\"https:\/\/bookingadventures.tours\/booking.php?tour_id=bb6af51ba5f35561b927993a771999a0\" title=\"\" rel=\"noopener\">RESERVAR ARA<\/a><\/div>\n\t<div class=\"wpb_text_column wpb_content_element\" >\n\t\t<div class=\"wpb_wrapper\">\n\t\t\t<div class=\"vc_row wpb_row vc_row-fluid\">\n<div class=\"wpb_column vc_column_container vc_col-sm-12\">\n<div class=\"vc_column-inner\">\n<div class=\"wpb_wrapper\">\n<div class=\"mkdf-section-title-holder\">\n<div class=\"mkdf-st-inner\">\n<h5 class=\"mkdf-st-subtitle\">(equitaci\u00f3, dinar i nataci\u00f3)<\/h5>\n<h2 class=\"mkdf-st-title\">Excursi\u00f3 privada a les cascades del Lim\u00f3n des de Las Galeras<\/h2>\n<\/div>\n<\/div>\n<\/div>\n<\/div>\n<\/div>\n<\/div>\n<div class=\"vc_row wpb_row vc_row-fluid\"><\/div>\n<h4><a id=\"overview\" class=\"aal_anchor\" href=\"https:\/\/bookingadventures.com.do\/dominicantour\/el-limon-waterfalls-tour-private-from-las-galeras-horse-riding-lunch-swimming\/#overview\" aria-hidden=\"true\" rel=\"noopener\"><\/a><b><i>Visi\u00f3 general<\/i><\/b><\/h4>\n<p>Aquesta \u00e9s una visita privada a\u00a0<strong>Les Cascades El Lim\u00f3n<\/strong>\u00a0amb Equitaci\u00f3 o Senderisme. Visitant el bosc de cacau i caf\u00e8 sota Coconuts Palms Canopy. Quan arribeu a les Cascades, podeu nedar i establir l&#039;hora amb el vostre Local Guide. Despr\u00e9s de gaudir d&#039;un Dinar T\u00edpic a la Comunitat El Lim\u00f3n.<\/p>\n<p>Apreneu amb els locals i feu un viatge segur. Aconsegueix les teves entrades en oferta avui mateix.<\/p>\n<ul>\n<li>Inclou el dinar<\/li>\n<li>Rutes a cavall o senderisme<\/li>\n<li>La guia ofereix instruccions i supervisi\u00f3<\/li>\n<li>Tarifes al Parc Nacional<\/li>\n<\/ul>\n<p>&nbsp;<\/p>\n<h4><a id=\"inclusions-exclusions\" class=\"aal_anchor\" href=\"https:\/\/bookingadventures.com.do\/dominicantour\/el-limon-waterfalls-tour-private-from-las-galeras-horse-riding-lunch-swimming\/#inclusions-exclusions\" aria-hidden=\"true\" rel=\"noopener\"><\/a><b>Inclusions i exclusions<\/b><\/h4>\n<p>&nbsp;<\/p>\n<p><b>Inclusions<\/b><\/p>\n<ol>\n<li>Dinar bufet a El Lim\u00f3n<\/li>\n<li>Excursi\u00f3 a peu o a cavall<\/li>\n<li>Tots els impostos, taxes i despeses de gesti\u00f3<\/li>\n<li>Impostos locals<\/li>\n<li>Begudes<\/li>\n<li>Totes les activitats<\/li>\n<li>Guia local<\/li>\n<\/ol>\n<p><b>Exclusions<\/b><\/p>\n<ol>\n<li>Propostes<\/li>\n<li>Transfer\u00e8ncia<\/li>\n<li>Begudes alcoh\u00f2liques<\/li>\n<li>Menjar a la platja<\/li>\n<\/ol>\n<p>&nbsp;<\/p>\n<h4><a id=\"departure-return\" class=\"aal_anchor\" href=\"https:\/\/bookingadventures.com.do\/dominicantour\/el-limon-waterfalls-tour-private-from-las-galeras-horse-riding-lunch-swimming\/#departure-return\" aria-hidden=\"true\" rel=\"noopener\"><\/a><em><strong>Sortida i tornada<\/strong><\/em><\/h4>\n<p>El viatger obtindr\u00e0 un punt de trobada despr\u00e9s del proc\u00e9s de reserva. Les visites comencen i acaben als nostres punts de trobada.<\/p>\n<p>&nbsp;<\/p>\n<h4><a id=\"what-to-expect\" class=\"aal_anchor\" href=\"https:\/\/bookingadventures.com.do\/dominicantour\/el-limon-waterfalls-tour-private-from-las-galeras-horse-riding-lunch-swimming\/#what-to-expect\" aria-hidden=\"true\" rel=\"noopener\"><\/a><b><i>Qu\u00e8 esperar?<\/i><\/b><\/h4>\n<p>&nbsp;<\/p>\n<p><em><strong>Aconsegueix les teves entrades<\/strong><\/em>\u00a0per visitar Les Cascades El Lim\u00f3n a Saman\u00e1 i un meravell\u00f3s dinar al Restaurant El Lim\u00f3n.<\/p>\n<p>El recorregut, organitzat per \u201cBooking Adventures\u201d, comen\u00e7a al punt de trobada establert amb el Guia Tur\u00edstic.<\/p>\n<p>Els millors viatges privats a les cascades del Lim\u00f3n amb un guia local. Reserveu una excursi\u00f3 a cavall pel bosc recorrent la vora del riu Lim\u00f3n, visitant plantacions de cacau i caf\u00e8 sota les palmeres a l&#039;ombra dels cocos.<\/p>\n<p>Primer, aturar-se a la Petita cascada on normalment no hi ha molta gent i es pot nedar. Despr\u00e9s continuem cap a la gran cascada on ens quedarem una hora o m\u00e9s si voleu.<\/p>\n<p>Retorn dels cavalls al restaurant on gaudirem d&#039;un dinar t\u00edpic a la platja. Peix fregit amb Tostones i Amanida o podeu obtenir altres opcions a la carta amb c\u00e0rrecs addicionals.<\/p>\n<p>Dinar al Restaurant de la comunitat El Lim\u00f3n i pots quedar-te tot el temps que vulguis banyant-te. Si ets veg\u00e0 tamb\u00e9 et podem preparar una mica de menjar.<\/p>\n<p>&nbsp;<\/p>\n<h4><a id=\"what-you-should-bring\" class=\"aal_anchor\" href=\"https:\/\/bookingadventures.com.do\/dominicantour\/el-limon-waterfalls-tour-private-from-las-galeras-horse-riding-lunch-swimming\/#what-you-should-bring\" aria-hidden=\"true\" rel=\"noopener\"><\/a><em><strong>Qu\u00e8 hauries de portar?<\/strong><\/em><\/h4>\n<ul>\n<li>C\u00e0mera<\/li>\n<li>Brots repel\u00b7lents<\/li>\n<li>crema per al sol<\/li>\n<li>Barret<\/li>\n<li>Pantalons c\u00f2modes<\/li>\n<li>Sabates de muntanya per al bosc<\/li>\n<li>Roba de bany<\/li>\n<\/ul>\n<p>&nbsp;<\/p>\n<h4><a id=\"hotel-pickup\" class=\"aal_anchor\" href=\"https:\/\/bookingadventures.com.do\/dominicantour\/el-limon-waterfalls-tour-private-from-las-galeras-horse-riding-lunch-swimming\/#hotel-pickup\" aria-hidden=\"true\" rel=\"noopener\"><\/a><b><i>Recollida a l&#039;hotel<\/i><\/b><\/h4>\n<p>No s&#039;ofereix servei de recollida a l&#039;hotel per a aquesta excursi\u00f3.<\/p>\n<p>&nbsp;<\/p>\n<p><b>Nota:<\/b>\u00a0Si feu la reserva dins de les 24 hores posteriors a l&#039;hora de sortida de l&#039;excursi\u00f3\/excursi\u00f3, podem organitzar la recollida a l&#039;hotel amb c\u00e0rrecs addicionals. Un cop completada la compra, us enviarem la informaci\u00f3 de contacte completa (n\u00famero de tel\u00e8fon, adre\u00e7a de correu electr\u00f2nic, etc.) perqu\u00e8 el nostre guia local organitzi la recollida.<\/p>\n<h4><a id=\"additional-info-confirmation\" class=\"aal_anchor\" href=\"https:\/\/bookingadventures.com.do\/dominicantour\/el-limon-waterfalls-tour-private-from-las-galeras-horse-riding-lunch-swimming\/#additional-info-confirmation\" aria-hidden=\"true\" rel=\"noopener\"><\/a><b><i>Confirmaci\u00f3 d&#039;informaci\u00f3 addicional<\/i><\/b><\/h4>\n<ol>\n<li>Les entrades s\u00f3n el Rebut despr\u00e9s de pagar aquest Tour. Podeu mostrar el pagament al vostre tel\u00e8fon.<\/li>\n<li>El punt de trobada es rebr\u00e0 despr\u00e9s del proc\u00e9s de reserva.<\/li>\n<li>Els nens han d&#039;anar acompanyats d&#039;un adult.<\/li>\n<li>No accessible amb cadira de rodes<\/li>\n<li>Els nadons han de seure a les faldes<\/li>\n<li>No recomanat per a viatgers amb problemes d&#039;esquena<\/li>\n<li>No recomanat per a viatgers embarassades<\/li>\n<li>Sense problemes card\u00edacs ni altres afeccions m\u00e8diques greus<\/li>\n<li>La majoria dels viatgers poden participar<\/li>\n<\/ol>\n\n\t\t<\/div>\n\t<\/div>\n<\/div><\/div><\/div><\/div><div class=\"wpb_column vc_column_container vc_col-sm-12\"><div class=\"vc_column-inner\"><div class=\"wpb_wrapper\"><\/div><\/div><\/div><div class=\"wpb_column vc_column_container vc_col-sm-12\"><div class=\"vc_column-inner\"><div class=\"wpb_wrapper\"><\/div><\/div><\/div>","protected":false},"excerpt":{"rendered":"<p>Visitant les cascades des de Samana en un trasllat privat des de las Galeras. Despr\u00e9s arribar al punt de trobada per fer h\u00edpica fins a la zona de la cascada. El viatge a les cascades del Llim\u00f3 durar\u00e0 unes 3 hores.<\/p>\n<p><strong><span style=\"vertical-align: inherit;\"><span style=\"vertical-align: inherit;\"><span style=\"vertical-align: inherit;\"><span style=\"vertical-align: inherit;\">Seleccioneu la data per al tour\u00a0<\/span><\/span><\/span><\/span><\/strong><\/p>","protected":false},"featured_media":12594,"template":"","meta":[],"product_cat":[255,655,961,958,159,178,189,160,190,253,254],"product_tag":[183,185,902,202,201,903,186,187],"class_list":["post-12652","product","type-product","status-publish","has-post-thumbnail","hentry","product_cat-tours-excursions-samana-bay-dominican-republic","product_cat-1-samana","product_cat-el-limon-horseback-riding","product_cat-el-limon-las-galeras","product_cat-fees-entrace","product_cat-hiking","product_cat-horse-riding-to-waterfalls","product_cat-lunch","product_cat-safari-samana","product_cat-tours-and-excursions","product_cat-tours-excursions-los-haitises-national-park","product_tag-beach-time","product_tag-el-limon-waterfalls","product_tag-el-limon-waterfalls-tour-private-from-las-galeras-horse-riding","product_tag-hiking-el-limon","product_tag-horses-el-limon","product_tag-lunch-swimming","product_tag-samana","product_tag-samana-tours"],"_links":{"self":[{"href":"https:\/\/www.boattoursamana.com\/ca\/wp-json\/wp\/v2\/product\/12652","targetHints":{"allow":["GET"]}}],"collection":[{"href":"https:\/\/www.boattoursamana.com\/ca\/wp-json\/wp\/v2\/product"}],"about":[{"href":"https:\/\/www.boattoursamana.com\/ca\/wp-json\/wp\/v2\/types\/product"}],"wp:featuredmedia":[{"embeddable":true,"href":"https:\/\/www.boattoursamana.com\/ca\/wp-json\/wp\/v2\/media\/12594"}],"wp:attachment":[{"href":"https:\/\/www.boattoursamana.com\/ca\/wp-json\/wp\/v2\/media?parent=12652"}],"wp:term":[{"taxonomy":"product_cat","embeddable":true,"href":"https:\/\/www.boattoursamana.com\/ca\/wp-json\/wp\/v2\/product_cat?post=12652"},{"taxonomy":"product_tag","embeddable":true,"href":"https:\/\/www.boattoursamana.com\/ca\/wp-json\/wp\/v2\/product_tag?post=12652"}],"curies":[{"name":"wp","href":"https:\/\/api.w.org\/{rel}","templated":true}]}}