{"id":12749,"date":"2021-08-25T07:19:45","date_gmt":"2021-08-25T07:19:45","guid":{"rendered":"https:\/\/www.ticketswhales.com\/?post_type=product&#038;p=12749"},"modified":"2023-11-06T13:28:29","modified_gmt":"2023-11-06T13:28:29","slug":"las-7-playas-escondidas-de-samana-the-7-hidden-beaches-in-samana","status":"publish","type":"product","link":"https:\/\/www.boattoursamana.com\/ca\/gira\/les-7-playas-escondidas-de-samana-the-7-hidden-beaches-in-samana","title":{"rendered":"Las Galeras: Las 7 Platges Escondidas de Saman\u00e1 \u2013 Les 7 platges amagades de Saman\u00e1"},"content":{"rendered":"<div class=\"vc_row wpb_row vc_row-fluid\" ><div class=\"wpb_column vc_column_container vc_col-sm-12\"><div class=\"vc_column-inner\"><div class=\"wpb_wrapper\"><div class=\"vc_btn3-container vc_btn3-inline\" ><button class=\"vc_general vc_btn3 vc_btn3-size-md vc_btn3-shape-rounded vc_btn3-style-modern vc_btn3-color-green\">RESERVAR ARA<\/button><\/div><div class=\"mkdf-section-title-holder\" style=\"text-align: left\">\n\t<div class=\"mkdf-st-inner\">\n\t\t\t\t\t<h5 class=\"mkdf-st-subtitle\" >\n\t\t\t\tDinar, passeig en vaixell i transport privat des dels hotels.\t\t\t<\/h5>\n\t\t\t\t\t\t\t<h3 class=\"mkdf-st-title\" >\n\t\t\t\tPlaya Rinc\u00f3n, Playa Fronton + Playa Madame Beach, Saman\u00e1 - Rep\u00fablica Dominicana.\t\t\t<\/h3>\n\t\t\t\t\t<\/div>\n<\/div>\n\t<div class=\"wpb_text_column wpb_content_element\" >\n\t\t<div class=\"wpb_wrapper\">\n\t\t\t<h3>Playa Calet\u00f3n, Playa Escondida, Playa Colorado, Playa del Amor, Playa La Vaca, Playa la Playita Playa Brem\u00e1n.<\/h3>\n<h4><b><i>Visi\u00f3 general <\/i><\/b><\/h4>\n<p>Una de les excursions m\u00e9s boniques de la pen\u00ednsula de Saman\u00e1.<\/p>\n<p><span class=\"Y2IQFc\" lang=\"en\">Les 7 platges amagades de Saman\u00e1, situades a la pen\u00ednsula de Saman\u00e1 i guarden bells secrets de la hist\u00f2ria, i coneixent tamb\u00e9 aquests indrets contribu\u00efm a l&#039;economia local que \u00e9s vital per a la subsist\u00e8ncia d&#039;un poble.<\/span><\/p>\n<p>Entra a l&#039;atmosfera \u00fanic visitant 7 platges al vaixell, tamb\u00e9 caminant en una petita cova a la costa. A algunes platges nom\u00e9s s&#039;hi pot accedir amb vaixell envoltat d&#039;un escull de corall al voltant del qual es pot fer snorkel, nedar amb peixos i descobrir els seus corals i relaxar-se i gaudir d&#039;un paisatge incre\u00efble. Relaxaci\u00f3, bany, i despr\u00e9s sortida cap a Playa colorado, una altra platja a\u00efllada perfecta per fer snorkel, on tamb\u00e9 podeu visitar una cova i fer grans v\u00eddeos o fotos per a records incre\u00efbles.<\/p>\n<p>Dinareu amb els dits dels peus a la sorra al so del merengue i la bachata a \u201cEl Para\u00edso\u201d \u2013L\u2019\u00faltim restaurant abans de la selva\u2013 on se us servir\u00e0 un \u00e0pat complet que inclou un plat de peix, acompanyat de begudes locals i c\u00f2ctels. A la tornada ens aturarem a la Platja del Rinc\u00f3n, aqu\u00ed trobareu una perla natural que est\u00e0 considerada una de les platges m\u00e9s boniques del pa\u00eds. La sorra blanca i fina, el mar turquesa i les palmeres d&#039;un metre d&#039;al\u00e7ada parlen per si soles.<\/p>\n<p>&nbsp;<\/p>\n<ul>\n<li><span style=\"font-weight: 400;\">Guia local amb experi\u00e8ncia en seguretat a la zona.<\/span><\/li>\n<li style=\"font-weight: 400;\">Tarifes incloses<\/li>\n<li>Dinar a la Platja<\/li>\n<li>Passeig en vaixell<\/li>\n<li style=\"font-weight: 400;\">Guia local en castell\u00e0, angl\u00e8s o franc\u00e8s.<\/li>\n<li>Senderisme<\/li>\n<li>nataci\u00f3<\/li>\n<\/ul>\n<p>&nbsp;<\/p>\n<h4><b>Inclusions i exclusions<\/b><\/h4>\n<p>&nbsp;<\/p>\n<p><b>Inclusions<\/b><\/p>\n<ol>\n<li><span style=\"font-weight: 400;\">Guia local amb experi\u00e8ncia en seguretat a la zona.<\/span><\/li>\n<li style=\"font-weight: 400;\">Platja del Rinc\u00f3n<\/li>\n<li>Platja de Colorado<\/li>\n<li>Platja La Playita<\/li>\n<li>Platja La Vaca<\/li>\n<li>Platja de Breman<\/li>\n<li>Platja Mariano<\/li>\n<li>Platja de Caleton<\/li>\n<li style=\"font-weight: 400;\"><span style=\"font-weight: 400;\">Tots els impostos, taxes i despeses de gesti\u00f3<\/span><\/li>\n<li style=\"font-weight: 400;\"><span style=\"font-weight: 400;\">Impostos locals<\/span><\/li>\n<li>Dinar a la Platja<\/li>\n<li>Senderisme<\/li>\n<li style=\"font-weight: 400;\"><span style=\"font-weight: 400;\">Totes les activitats<\/span><\/li>\n<\/ol>\n<p><b> Exclusions<\/b><\/p>\n<ol>\n<li style=\"font-weight: 400;\"><span style=\"font-weight: 400;\">Propostes<\/span><\/li>\n<\/ol>\n<h4><em><strong>Sortida i tornada<\/strong><\/em><\/h4>\n<p><span style=\"font-weight: 400;\">El viatger obtindr\u00e0 un punt de trobada despr\u00e9s del proc\u00e9s de reserva. Les visites comencen i acaben als vostres punts de trobada.<\/span><\/p>\n<h3>Playa Calet\u00f3n, Playa Escondida, Playa Colorado, Playa del Amor, Playa La Vaca, Playa la Playita Playa Brem\u00e1n.<\/h3>\n<h4><b><i>Qu\u00e8 esperar?<\/i><\/b><\/h4>\n<p><em><strong>Aconsegueix les teves entrades<\/strong><\/em> per visitar 7 de les platges m\u00e9s singulars de la Rep\u00fablica Dominicana. El punt de trobada de sortida del viatge \u00e9s a la zona de Las Galeras senderisme i nataci\u00f3 en un dia 7 platges m\u00e9s la platja del Rinc\u00f3n. En primer lloc, visitem la Cova Duarte, fem senderisme, i veiem la cova m\u00e9s bonica de les Galeras. Aquesta cova t\u00e9 900 metres, amb 2 entrades diferents per evitar repetir el mateix paisatge.<\/p>\n<p>Despr\u00e9s de visitar la cova tornem a la llanxa r\u00e0pida per visitar la platja Caleton, una de les platges m\u00e9s esmentades de Saman\u00e0 per les aig\u00fces cristal\u00b7lines. Ens banyarem i gaudirem d&#039;aquesta platja primer per continuar el nostre viatge per Playa del Amor.<\/p>\n<p><strong>platja 7<\/strong><\/p>\n<p>Playa Rinc\u00f3n \u00e9s una franja verge de sorra blanca que s&#039;est\u00e9n al llarg d&#039;unes 2,5 milles (4 quil\u00f2metres) al llarg d&#039;una part no urbanitzada de la costa. Envoltada per una vora de palmeres de coco i tancada per cims de muntanyes i penya-segats als dos extrems, aquesta platja a\u00efllada sembla una aut\u00e8ntica utopia, allunyada de la civilitzaci\u00f3.<\/p>\n<p>Despr\u00e9s de la platja del Rinc\u00f3n tornarem a la llanxa r\u00e0pida fins al punt de trobada de Las Galeras!<\/p>\n<p>El recorregut, organitzat per \u201cBooking Adventures\u201d, comen\u00e7a al punt de trobada establert amb el nostre Guia Tur\u00edstic. Vine amb Booking Adventures i dina a la platja i gaudeix de les 7 platges m\u00e9s sorprenents de Samana, Rep\u00fablica Dominicana.<\/p>\n<div class=\"body-description secondary\">\n<p>&nbsp;<\/p>\n<\/div>\n<h4><em><strong>Qu\u00e8 hauries de portar?<\/strong><\/em><\/h4>\n<ul>\n<li style=\"font-weight: 400;\"><span style=\"font-weight: 400;\">C\u00e0mera<\/span><\/li>\n<li style=\"font-weight: 400;\"><span style=\"font-weight: 400;\">Brots repel\u00b7lents<\/span><\/li>\n<li style=\"font-weight: 400;\"><span style=\"font-weight: 400;\">Crema per al sol<\/span><\/li>\n<li>Aigua<\/li>\n<li style=\"font-weight: 400;\"><span style=\"font-weight: 400;\">Barret<\/span><\/li>\n<li style=\"font-weight: 400;\"><span style=\"font-weight: 400;\">Pantalons c\u00f2modes<\/span><\/li>\n<li style=\"font-weight: 400;\"><span style=\"font-weight: 400;\">Sabates de muntanya per al bosc<\/span><\/li>\n<li style=\"font-weight: 400;\"><span style=\"font-weight: 400;\">Sand\u00e0lies a les zones de primavera.<\/span><\/li>\n<li style=\"font-weight: 400;\"><span style=\"font-weight: 400;\">Roba de bany<\/span><\/li>\n<\/ul>\n<p>&nbsp;<\/p>\n<h4><b><i>Recollida a l&#039;hotel <\/i><\/b><\/h4>\n<p><span style=\"font-weight: 400;\">El servei de recollida a l&#039;hotel no est\u00e0 incl\u00f2s en aquest tour. <\/span><\/p>\n<p>&nbsp;<\/p>\n<p><b>Nota:<\/b><span style=\"font-weight: 400;\"> Si feu la reserva dins de les 24 hores posteriors a l&#039;hora de sortida de l&#039;excursi\u00f3\/excursi\u00f3, podem organitzar la recollida a l&#039;hotel amb un cost addicional. L&#039;acabem de recollir a la zona de Samana. Un cop completada la compra, us enviarem la informaci\u00f3 de contacte completa (n\u00famero de tel\u00e8fon, adre\u00e7a de correu electr\u00f2nic, etc.) perqu\u00e8 el nostre guia local organitzi la recollida.<\/span><\/p>\n<h4><b><i>Confirmaci\u00f3 d&#039;informaci\u00f3 addicional <\/i><\/b><\/h4>\n<ol>\n<li>Les entrades s\u00f3n el Rebut despr\u00e9s de pagar aquest Tour. Podeu mostrar el pagament al vostre tel\u00e8fon.<\/li>\n<li style=\"font-weight: 400;\"><span style=\"font-weight: 400;\">El punt de trobada es rebr\u00e0 despr\u00e9s del proc\u00e9s de reserva.<\/span><\/li>\n<li style=\"font-weight: 400;\"><span style=\"font-weight: 400;\">Els nens han d&#039;anar acompanyats d&#039;un adult.<\/span><\/li>\n<li style=\"font-weight: 400;\"><span style=\"font-weight: 400;\"> No accessible amb cadira de rodes <\/span><\/li>\n<li style=\"font-weight: 400;\"><span style=\"font-weight: 400;\">Els nadons han de seure a les faldes <\/span><\/li>\n<li style=\"font-weight: 400;\"><span style=\"font-weight: 400;\">No recomanat per a viatgers amb problemes d&#039;esquena<\/span><\/li>\n<li style=\"font-weight: 400;\"><span style=\"font-weight: 400;\">No recomanat per a viatgers embarassades <\/span><\/li>\n<li style=\"font-weight: 400;\"><span style=\"font-weight: 400;\"> Sense problemes card\u00edacs ni altres afeccions m\u00e8diques greus <\/span><\/li>\n<li style=\"font-weight: 400;\"><span style=\"font-weight: 400;\">La majoria dels viatgers poden participar<\/span><\/li>\n<\/ol>\n<h4><b><i>Pol\u00edtica de cancel \u00b7 laci\u00f3<\/i><\/b><\/h4>\n<p>Per obtenir un reemborsament complet, llegiu les nostres pol\u00edtiques de cancel\u00b7lacions\u00a0<a href=\"https:\/\/www.boattoursamana.com\/ca\/reserva-en-linia\/\" target=\"_blank\" rel=\"noopener\" data-saferedirecturl=\"https:\/\/www.google.com\/url?q=https:\/\/www.boattoursamana.com\/online-booking\/&amp;source=gmail&amp;ust=1672449202351000&amp;usg=AOvVaw1yAeVAPktmaVCqDujgUn90\">Clica aqu\u00ed<\/a>. Els fons es perdran si la reserva es cancel\u00b7la el mateix dia del viatge.<\/p>\n\n\t\t<\/div>\n\t<\/div>\n<div class=\"vc_btn3-container vc_btn3-inline\" ><button class=\"vc_general vc_btn3 vc_btn3-size-md vc_btn3-shape-rounded vc_btn3-style-modern vc_btn3-color-green\">RESERVAR ARA<\/button><\/div><\/div><\/div><\/div><\/div><div class=\"vc_row wpb_row vc_row-fluid\" ><div class=\"wpb_column vc_column_container vc_col-sm-12\"><div class=\"vc_column-inner\"><div class=\"wpb_wrapper\">\n\t<div class=\"wpb_video_widget wpb_content_element vc_clearfix   vc_video-aspect-ratio-169 vc_video-el-width-100 vc_video-align-left\" >\n\t\t<div class=\"wpb_wrapper\">\n\t\t\t<h2 class=\"wpb_heading wpb_video_heading\">Boca del diablo i platja del Front\u00f3n<\/h2>\n\t\t\t<div class=\"wpb_video_wrapper\"><iframe loading=\"lazy\" title=\"Pen\u00ednsula de Saman\u00e1, Rep\u00fablica Dominicana (DJI Phantom 4 4K)\" width=\"1100\" height=\"619\" src=\"https:\/\/www.youtube.com\/embed\/DYDXVm8Q_iM?feature=oembed\" frameborder=\"0\" allow=\"accelerometer; autoplay; encrypted-media; gyroscope; picture-in-picture\" allowfullscreen><\/iframe><\/div>\n\t\t<\/div>\n\t<\/div>\n<\/div><\/div><\/div><\/div><div class=\"vc_row wpb_row vc_row-fluid\" ><\/div><div class=\"wpb_column vc_column_container vc_col-sm-12\"><div class=\"vc_column-inner\"><div class=\"wpb_wrapper\"><\/div><\/div><\/div><div class=\"vc_empty_space\"   style=\"height: 32px\"><span class=\"vc_empty_space_inner\"><\/span><\/div><div class=\"vc_empty_space\"   style=\"height: 32px\"><span class=\"vc_empty_space_inner\"><\/span><\/div><div class=\"vc_row wpb_row vc_row-fluid\" ><div class=\"wpb_column vc_column_container vc_col-sm-12\"><div class=\"vc_column-inner\"><div class=\"wpb_wrapper\"><div class=\"vc_btn3-container vc_btn3-inline\" ><button class=\"vc_general vc_btn3 vc_btn3-size-md vc_btn3-shape-rounded vc_btn3-style-modern vc_btn3-color-green\">RESERVAR ARA<\/button><\/div><\/div><\/div><\/div><\/div>","protected":false},"excerpt":{"rendered":"<p>Si visiteu Samana i us agradaria viure una aut\u00e8ntica experi\u00e8ncia local de senderisme, un viatge en vaixell i un dinar a la platja de Rincon, aquest \u00e9s el viatge que heu de fer. Visiteu les 7 platges amagades de Samana a la zona de Las Galeras, on tamb\u00e9 podreu visitar una cova i fer grans v\u00eddeos o fotos per a records sorprenents.<\/p>\n<p><em><strong>Seleccioneu la data del Tour:\u00a0<\/strong><\/em><\/p>","protected":false},"featured_media":9382,"template":"","meta":[],"product_cat":[160,255],"product_tag":[925,204,378,924,923,279,912,377,913,915,916,914,374,918,917,373,379,327,376,375,200,187],"class_list":["post-12749","product","type-product","status-publish","has-post-thumbnail","hentry","product_cat-lunch","product_cat-tours-excursions-samana-bay-dominican-republic","product_tag-boat-trip-las-galeras","product_tag-el-rincon-beach","product_tag-fronton-beach","product_tag-hike-las-galeras","product_tag-hiking-las-galeras","product_tag-las-galeras","product_tag-las-galeras-tour","product_tag-madame-beach","product_tag-playa-caleton","product_tag-playa-colorado","product_tag-playa-del-amor","product_tag-playa-escondida","product_tag-playa-fronton-playa-madame-beach","product_tag-playa-la-playita-playa-breman","product_tag-playa-la-vaca","product_tag-playa-rincon","product_tag-playa-rincon-tours","product_tag-private-tours-samana","product_tag-rincon-beach-tour","product_tag-samana-dominican-republic","product_tag-samana-excursions","product_tag-samana-tours"],"_links":{"self":[{"href":"https:\/\/www.boattoursamana.com\/ca\/wp-json\/wp\/v2\/product\/12749","targetHints":{"allow":["GET"]}}],"collection":[{"href":"https:\/\/www.boattoursamana.com\/ca\/wp-json\/wp\/v2\/product"}],"about":[{"href":"https:\/\/www.boattoursamana.com\/ca\/wp-json\/wp\/v2\/types\/product"}],"wp:featuredmedia":[{"embeddable":true,"href":"https:\/\/www.boattoursamana.com\/ca\/wp-json\/wp\/v2\/media\/9382"}],"wp:attachment":[{"href":"https:\/\/www.boattoursamana.com\/ca\/wp-json\/wp\/v2\/media?parent=12749"}],"wp:term":[{"taxonomy":"product_cat","embeddable":true,"href":"https:\/\/www.boattoursamana.com\/ca\/wp-json\/wp\/v2\/product_cat?post=12749"},{"taxonomy":"product_tag","embeddable":true,"href":"https:\/\/www.boattoursamana.com\/ca\/wp-json\/wp\/v2\/product_tag?post=12749"}],"curies":[{"name":"wp","href":"https:\/\/api.w.org\/{rel}","templated":true}]}}