{"id":13517,"date":"2021-12-30T09:25:29","date_gmt":"2021-12-30T09:25:29","guid":{"rendered":"https:\/\/www.ticketswhales.com\/?post_type=product&#038;p=13517"},"modified":"2023-02-25T21:48:23","modified_gmt":"2023-02-25T21:48:23","slug":"zipline-punta-cana-ziplining-in-the-jungle","status":"publish","type":"product","link":"https:\/\/www.boattoursamana.com\/ca\/gira\/tirolina-punta-cana-tirolina-a-la-selva","title":{"rendered":"Tirolina Punta Cana \u2013 Tirolina a la selva"},"content":{"rendered":"<div class=\"vc_row wpb_row vc_row-fluid\" ><div class=\"wpb_column vc_column_container vc_col-sm-12\"><div class=\"vc_column-inner\"><div class=\"wpb_wrapper\"><div class=\"mkdf-section-title-holder\" style=\"text-align: left\">\n\t<div class=\"mkdf-st-inner\">\n\t\t\t\t\t<h5 class=\"mkdf-st-subtitle\" >\n\t\t\t\tDes dels hotels de Punta Cana\t\t\t<\/h5>\n\t\t\t\t\t\t\t<h3 class=\"mkdf-st-title\" >\n\t\t\t\tTirolina Punta Cana - Tirolina a la selva\t\t\t<\/h3>\n\t\t\t\t\t\t\t<p class=\"mkdf-st-text\" >\n\t\t\t\tNota: aquest recorregut comen\u00e7a a les 7:00 a. m. Depenent d&#039;on es trobi l&#039;hora de recollida de l&#039;hotel pot canviar. Cost addicional per a la recollida a les zones que no figuren a la nostra descripci\u00f3.\t\t\t<\/p>\n\t\t\t<\/div>\n<\/div><\/div><\/div><\/div><\/div><div class=\"vc_row wpb_row vc_row-fluid\" ><div class=\"wpb_column vc_column_container vc_col-sm-12\"><div class=\"vc_column-inner\"><div class=\"wpb_wrapper\"><div class=\"vc_empty_space\"   style=\"height: 32px\"><span class=\"vc_empty_space_inner\"><\/span><\/div><\/div><\/div><\/div><\/div><div class=\"vc_row wpb_row vc_row-fluid\" ><div class=\"wpb_column vc_column_container vc_col-sm-12\"><div class=\"vc_column-inner\"><div class=\"wpb_wrapper\"><div class=\"vc_btn3-container vc_btn3-inline\" ><button class=\"vc_general vc_btn3 vc_btn3-size-md vc_btn3-shape-rounded vc_btn3-style-modern vc_btn3-color-green\">RESERVAR ARA<\/button><\/div>\n\t<div class=\"wpb_text_column wpb_content_element\" >\n\t\t<div class=\"wpb_wrapper\">\n\t\t\t<h4><b><i>Visi\u00f3 general <\/i><\/b><\/h4>\n<div>\n<p>Vola per la coberta de la selva tropical en algunes de les tirolines m\u00e9s llargues del Carib. Travessa d&#039;una plataforma a una altra pel bosc a trav\u00e9s de 12 cables, col\u00b7locats un al costat de l&#039;altre perqu\u00e8 puguis fer cremallera amb un company.<\/p>\n<p>Els guies d&#039;aventures experts donen una sessi\u00f3 informativa de seguretat i realitzen un control de seguretat complet abans de volar. Durant el cam\u00ed, busqueu la flora i la fauna aut\u00f2ctones del bosc tropical.<\/p>\n<ul>\n<li>Vistes a\u00e8ries des d&#039;algunes de les tirolines m\u00e9s llargues del Carib<\/li>\n<li>Vegeu la flora i la fauna aut\u00f2ctones a la selva tropical<\/li>\n<li>Els guies professionals proporcionen informaci\u00f3 sobre seguretat i equipament<\/li>\n<li>Recollida i tornada a l&#039;hotel inclosa<\/li>\n<\/ul>\n<\/div>\n<p>&nbsp;<\/p>\n<h4><b>Inclusions i exclusions<\/b><\/h4>\n<p>&nbsp;<\/p>\n<p><b>Inclusions<\/b><\/p>\n<p>&nbsp;<\/p>\n<ol>\n<li>Tour en ZIPLINE<\/li>\n<li>Recollida d&#039;autob\u00fas des del vostre hotel<\/li>\n<li style=\"font-weight: 400;\"><span style=\"font-weight: 400;\">Tots els impostos, taxes i despeses de gesti\u00f3<\/span><\/li>\n<li style=\"font-weight: 400;\"><span style=\"font-weight: 400;\">Impostos locals<\/span><\/li>\n<li style=\"font-weight: 400;\"><span style=\"font-weight: 400;\">Begudes<\/span><\/li>\n<\/ol>\n<p><b> Exclusions<\/b><\/p>\n<ol>\n<li style=\"font-weight: 400;\"><span style=\"font-weight: 400;\">Propostes<\/span><\/li>\n<li>\n<div class=\"py-1 inclusions-exclusions-item d-flex\">\n<div class=\"d-inline-block inclusions-exclusions-text\">Begudes alcoh\u00f2liques (disponibles per comprar)<\/div>\n<\/div>\n<\/li>\n<li>Dinar<\/li>\n<\/ol>\n<p>&nbsp;<\/p>\n<h4><em><strong>Sortida i tornada<\/strong><\/em><\/h4>\n<p><span style=\"font-weight: 400;\">El viatger obtindr\u00e0 un punt de trobada despr\u00e9s del proc\u00e9s de reserva. Les visites comencen i acaben als nostres punts de trobada.<\/span><\/p>\n<p>&nbsp;<\/p>\n<h4><b><i>Qu\u00e8 esperar?<\/i><\/b><\/h4>\n<p>Visiteu el primer Zip Line Tour a la Rep\u00fablica Dominicana, constru\u00eft per un dels constructors de circuits Zip Lines m\u00e9s experimentat de Costa Rica i certificat per ACCT (Association for Challenge Courses Technology). Gaudeix dels bells paisatges i la cultura interessant en el viatge de 45 minuts fins a les nostres instal\u00b7lacions.<\/p>\n<p>All\u00e0 els nostres experts guies de canopy t&#039;informaran del que has de saber sobre l&#039;activitat i l&#039;equipament. Despr\u00e9s de la sessi\u00f3 informativa de seguretat i la nostra l\u00ednia escolar, esteu preparats per a la primera plataforma. Enganxat de manera segura amb material d&#039;escalada als cables de doble l\u00ednia, nom\u00e9s cal saltar i gaudir del passeig.<\/p>\n<p>El recorregut consta de 12 l\u00ednies repartides entre 18 andanes. Necessitar\u00e0s d&#039;una hora a una hora i 30 minuts per completar el curs, per\u00f2 no et preocupis, els primers cables no s\u00f3n gaire llargs ni r\u00e0pids per augmentar la teva confian\u00e7a.<\/p>\n<p>Quan arribeu al cable 6, podeu assolir una velocitat de 55 km per hora. El cable n\u00famero 9 \u00e9s el nostre m\u00e9s alt i el cable 11 \u00e9s l&#039;\u00fanic cable costat a costat del pa\u00eds amb 800 metres. Al final, servim fruita fresca.<\/p>\n<p><strong>Horari:<\/strong><\/p>\n<p>7:00 AM \u2013 2:00 PM\u2026 Canvi d&#039;hora en funci\u00f3 de si us trobeu a Punta Cana.<\/p>\n<p>&nbsp;<\/p>\n<h4><em><strong>Qu\u00e8 hauries de portar?<\/strong><\/em><\/h4>\n<ul>\n<li style=\"font-weight: 400;\"><span style=\"font-weight: 400;\">C\u00e0mera<\/span><\/li>\n<li style=\"font-weight: 400;\"><span style=\"font-weight: 400;\">Brots repel\u00b7lents<\/span><\/li>\n<li style=\"font-weight: 400;\"><span style=\"font-weight: 400;\">crema per al sol<\/span><\/li>\n<li style=\"font-weight: 400;\"><span style=\"font-weight: 400;\">Barret<\/span><\/li>\n<li style=\"font-weight: 400;\"><span style=\"font-weight: 400;\">Pantalons c\u00f2modes<\/span><\/li>\n<li style=\"font-weight: 400;\"><span style=\"font-weight: 400;\">Sabates de muntanya per al bosc<\/span><\/li>\n<li style=\"font-weight: 400;\"><span style=\"font-weight: 400;\">Sand\u00e0lies a la platja<\/span><\/li>\n<li style=\"font-weight: 400;\"><span style=\"font-weight: 400;\">Roba de bany<\/span><\/li>\n<li>Diners en efectiu per a records<\/li>\n<\/ul>\n<p>&nbsp;<\/p>\n<h4><b><i>Recollida a l&#039;hotel <\/i><\/b><\/h4>\n<p><span style=\"font-weight: 400;\">S&#039;ofereix recollida dels viatgers!<\/span><\/p>\n<p><span style=\"font-weight: 400;\">Fem recollida a tots els hotels de Punta Cana. La ubicaci\u00f3 de recollida \u00e9s el vest\u00edbul de l&#039;hotel<br \/>\nSi us allotgeu en un condominio de la zona, us recollirem al condominio o a l&#039;entrada del complex m\u00e9s proper.. Configurem Pick up contactant-nos per WhatsApp.<\/span><\/p>\n<p><b>Nota:<\/b><span style=\"font-weight: 400;\"> Si feu la reserva dins de les 24 hores posteriors a l&#039;hora de sortida del tour o de l&#039;excursi\u00f3, podem organitzar la recollida a l&#039;hotel. Un cop completada la compra, us enviarem la informaci\u00f3 de contacte completa (n\u00famero de tel\u00e8fon, adre\u00e7a de correu electr\u00f2nic, etc.) perqu\u00e8 el nostre guia local organitzi la recollida.<\/span><\/p>\n<h4><b><i>Confirmaci\u00f3 d&#039;informaci\u00f3 addicional <\/i><\/b><\/h4>\n<ol>\n<li>Les entrades s\u00f3n el Rebut despr\u00e9s de pagar aquest Tour. Podeu mostrar el pagament al vostre tel\u00e8fon.<\/li>\n<li style=\"font-weight: 400;\"><span style=\"font-weight: 400;\">El punt de trobada es rebr\u00e0 despr\u00e9s del proc\u00e9s de reserva.<\/span><\/li>\n<li style=\"font-weight: 400;\"><span style=\"font-weight: 400;\">accessible amb cadira de rodes <\/span><\/li>\n<li style=\"font-weight: 400;\"><span style=\"font-weight: 400;\">Els nadons han de seure a les faldes <\/span><\/li>\n<li style=\"font-weight: 400;\"><span style=\"font-weight: 400;\">La majoria dels viatgers poden participar<\/span><\/li>\n<li><strong>Dona embarassada<\/strong>\u00a0no podran participar en aquesta activitat.<\/li>\n<\/ol>\n<h4><b><i>Pol\u00edtica de cancel \u00b7 laci\u00f3<\/i><\/b><\/h4>\n<p>Per obtenir un reemborsament complet, llegiu les nostres pol\u00edtiques de cancel\u00b7lacions\u00a0<a href=\"https:\/\/www.boattoursamana.com\/ca\/reserva-en-linia\/\" target=\"_blank\" rel=\"noopener\" data-saferedirecturl=\"https:\/\/www.google.com\/url?q=https:\/\/www.boattoursamana.com\/online-booking\/&amp;source=gmail&amp;ust=1672449202351000&amp;usg=AOvVaw1yAeVAPktmaVCqDujgUn90\">Clica aqu\u00ed<\/a>. Els fons es perdran si la reserva es cancel\u00b7la el mateix dia del viatge.<\/p>\n\n\t\t<\/div>\n\t<\/div>\n<div class=\"vc_btn3-container vc_btn3-inline\" ><button class=\"vc_general vc_btn3 vc_btn3-size-md vc_btn3-shape-rounded vc_btn3-style-modern vc_btn3-color-green\">RESERVAR ARA<\/button><\/div><\/div><\/div><\/div><\/div><div class=\"vc_row wpb_row vc_row-fluid\" ><div class=\"wpb_column vc_column_container vc_col-sm-12\"><div class=\"vc_column-inner\"><div class=\"wpb_wrapper\">\n\t<div class=\"wpb_text_column wpb_content_element\" >\n\t\t<div class=\"wpb_wrapper\">\n\t\t\t<h4>Contactar amb nosaltres?<\/h4>\n<h5><em><strong>Reserves Aventures<\/strong><\/em><\/h5>\n<p><em><strong>Locals<\/strong> i <strong>Nacionals<\/strong> Guies tur\u00edstics i serveis als convidats<\/em><\/p>\n<p><span class=\"text-turquoise\">Reserves:<\/span> Tours i excursions a Dom. Rep.<\/p>\n\n\t\t<\/div>\n\t<\/div>\n<\/div><\/div><\/div><\/div><div class=\"vc_row wpb_row vc_row-fluid\" ><div class=\"wpb_column vc_column_container vc_col-sm-12\"><div class=\"vc_column-inner\"><div class=\"wpb_wrapper\"><div class=\"vc_empty_space\"   style=\"height: 32px\"><span class=\"vc_empty_space_inner\"><\/span><\/div>\n\t<div class=\"wpb_text_column wpb_content_element\" >\n\t\t<div class=\"wpb_wrapper\">\n\t\t\t<h4>Contactar amb nosaltres?<\/h4>\n<h5>Reserves Aventures<\/h5>\n<p><em><strong>Locals<\/strong>\u00a0i\u00a0<strong>Nacionals<\/strong>\u00a0Guies tur\u00edstics i serveis als convidats<\/em><\/p>\n<p><span class=\"text-turquoise\">Reserves:<\/span>\u00a0Tours i excursions a Dom. Rep.<\/p>\n<p><img decoding=\"async\" class=\"emoji\" draggable=\"false\" src=\"https:\/\/s.w.org\/images\/core\/emoji\/11.2.0\/svg\/1f4de.svg\" alt=\"\ud83d\udcde\" title=\"\">\u00a0Tel\/Whatsapp\u00a0\u00a0<a href=\"tel:+1-809-720-6035\">+1-809-720-6035<\/a>.<\/p>\n<p><img decoding=\"async\" class=\"emoji\" draggable=\"false\" src=\"https:\/\/s.w.org\/images\/core\/emoji\/11.2.0\/svg\/1f4e9.svg\" alt=\"\ud83d\udce9\" title=\"\">\u00a0<a href=\"mailto:info@bookingadventures.com.do\">info@bookingadventures.com.do<\/a><\/p>\n<p><strong>Som flexibles per configurar visites privades per Whatsapp:\u00a0<a href=\"tel:+18097206035\">+18097206035.<\/a><\/strong><\/p>\n\n\t\t<\/div>\n\t<\/div>\n<div class=\"vc_empty_space\"   style=\"height: 32px\"><span class=\"vc_empty_space_inner\"><\/span><\/div><\/div><\/div><\/div><\/div><div class=\"vc_row wpb_row vc_row-fluid\" ><div class=\"wpb_column vc_column_container vc_col-sm-12\"><div class=\"vc_column-inner\"><div class=\"wpb_wrapper\"><div class=\"vc_btn3-container vc_btn3-inline\" ><button class=\"vc_general vc_btn3 vc_btn3-size-md vc_btn3-shape-rounded vc_btn3-style-modern vc_btn3-color-green\">RESERVAR ARA<\/button><\/div><\/div><\/div><\/div><\/div>","protected":false},"excerpt":{"rendered":"<p>Per a l&#039;aventura definitiva a Punta Cana, prova el nostre curs de tirolina de 12 l\u00ednies! El nostre curs de muntanya tamb\u00e9 t\u00e9 18 andanes i acull les dues l\u00ednies m\u00e9s llargues de la Rep\u00fablica Dominicana i del Carib. Est\u00e0s connectat de manera segura amb material d&#039;escalada als cables de doble l\u00ednia amb el m\u00e9s llarg de 800 metres de llarg!<\/p>\n<p><em><strong>Seleccioneu la data per al Tour\u00a0<\/strong><\/em><\/p>","protected":false},"featured_media":13519,"template":"","meta":[],"product_cat":[253,948,808,972,969,349,294],"product_tag":[1039,1037,1038,222,471,1041,313,1040,1036,1042],"class_list":["post-13517","product","type-product","status-publish","has-post-thumbnail","hentry","product_cat-tours-and-excursions","product_cat-1-punta-cana","product_cat-punta-cana-buggy-tour","product_cat-punta-cana-group-tours","product_cat-punta-cana-buggies","product_cat-tours-and-excursion-punta-cana","product_cat-tours-excursions-punta-cana-dominican-republic","product_tag-atv-and-zipline-punta-cana","product_tag-best-zipline-in-punta-cana","product_tag-longest-zipline-in-punta-cana","product_tag-punta-cana","product_tag-punta-cana-catamaran-party-with-snorkeling-and-parasailing","product_tag-punta-cana-excursions","product_tag-punta-cana-tours","product_tag-zipline-dominican-republic","product_tag-zipline-punta-cana-ziplining-in-the-jungle","product_tag-ziplining"],"_links":{"self":[{"href":"https:\/\/www.boattoursamana.com\/ca\/wp-json\/wp\/v2\/product\/13517","targetHints":{"allow":["GET"]}}],"collection":[{"href":"https:\/\/www.boattoursamana.com\/ca\/wp-json\/wp\/v2\/product"}],"about":[{"href":"https:\/\/www.boattoursamana.com\/ca\/wp-json\/wp\/v2\/types\/product"}],"wp:featuredmedia":[{"embeddable":true,"href":"https:\/\/www.boattoursamana.com\/ca\/wp-json\/wp\/v2\/media\/13519"}],"wp:attachment":[{"href":"https:\/\/www.boattoursamana.com\/ca\/wp-json\/wp\/v2\/media?parent=13517"}],"wp:term":[{"taxonomy":"product_cat","embeddable":true,"href":"https:\/\/www.boattoursamana.com\/ca\/wp-json\/wp\/v2\/product_cat?post=13517"},{"taxonomy":"product_tag","embeddable":true,"href":"https:\/\/www.boattoursamana.com\/ca\/wp-json\/wp\/v2\/product_tag?post=13517"}],"curies":[{"name":"wp","href":"https:\/\/api.w.org\/{rel}","templated":true}]}}