{"id":14128,"date":"2022-07-23T07:29:30","date_gmt":"2022-07-23T07:29:30","guid":{"rendered":"https:\/\/www.ticketswhales.com\/?post_type=product&#038;p=14128"},"modified":"2023-02-24T13:37:48","modified_gmt":"2023-02-24T13:37:48","slug":"private-catamaran-samana-bay-rey-de-reyes-v","status":"publish","type":"product","link":"https:\/\/www.boattoursamana.com\/ca\/gira\/privat-catamara-samana-bay-rey-de-reyes-v-2","title":{"rendered":"Catamar\u00e0 privat Saman\u00e1 Bay \u2013 Rey De Reyes V"},"content":{"rendered":"<div class=\"vc_row wpb_row vc_row-fluid\" ><div class=\"wpb_column vc_column_container vc_col-sm-12\"><div class=\"vc_column-inner\"><div class=\"wpb_wrapper\"><div class=\"vc_tta-container\" data-vc-action=\"collapse\"><div class=\"vc_general vc_tta vc_tta-tabs vc_tta-color-sandy-brown vc_tta-style-modern vc_tta-shape-square vc_tta-spacing-1 vc_tta-tabs-position-top vc_tta-controls-align-left\"><div class=\"vc_tta-tabs-container\"><ul class=\"vc_tta-tabs-list\"><li class=\"vc_tta-tab vc_active\" data-vc-tab><a href=\"#1658558043421-55144174-f505\" data-vc-tabs data-vc-container=\".vc_tta\"><span class=\"vc_tta-title-text\">Sobre el vaixell<\/span><\/a><\/li><li class=\"vc_tta-tab\" data-vc-tab><a href=\"#1658558043429-9adef37c-3c9f\" data-vc-tabs data-vc-container=\".vc_tta\"><span class=\"vc_tta-title-text\">Equipament d&#039;embarcacions<\/span><\/a><\/li><li class=\"vc_tta-tab\" data-vc-tab><a href=\"#1658558311759-f1fb6ddd-50cd\" data-vc-tabs data-vc-container=\".vc_tta\"><span class=\"vc_tta-title-text\">M\u00e9s<\/span><\/a><\/li><\/ul><\/div><div class=\"vc_tta-panels-container\"><div class=\"vc_tta-panels\"><div class=\"vc_tta-panel vc_active\" id=\"1658558043421-55144174-f505\" data-vc-content=\".vc_tta-panel-body\"><div class=\"vc_tta-panel-heading\"><h4 class=\"vc_tta-panel-title\"><a href=\"#1658558043421-55144174-f505\" data-vc-accordion data-vc-container=\".vc_tta-container\"><span class=\"vc_tta-title-text\">Sobre el vaixell<\/span><\/a><\/h4><\/div><div class=\"vc_tta-panel-body\">\n\t<div class=\"wpb_text_column wpb_content_element\" >\n\t\t<div class=\"wpb_wrapper\">\n\t\t\t<h6>Nom: Rey De Reyes V<\/h6>\n<h6>Model:<\/h6>\n<h6>Curs:<\/h6>\n<h6>Durada:<\/h6>\n<h6>N\u00famero de motors: 2<\/h6>\n<h6>Pot\u00e8ncia: 400 CV<\/h6>\n\n\t\t<\/div>\n\t<\/div>\n<\/div><\/div><div class=\"vc_tta-panel\" id=\"1658558043429-9adef37c-3c9f\" data-vc-content=\".vc_tta-panel-body\"><div class=\"vc_tta-panel-heading\"><h4 class=\"vc_tta-panel-title\"><a href=\"#1658558043429-9adef37c-3c9f\" data-vc-accordion data-vc-container=\".vc_tta-container\"><span class=\"vc_tta-title-text\">Equipament d&#039;embarcacions<\/span><\/a><\/h4><\/div><div class=\"vc_tta-panel-body\">\n\t<div class=\"wpb_text_column wpb_content_element\" >\n\t\t<div class=\"wpb_wrapper\">\n\t\t\t<h6>R\u00e0dio VHS<\/h6>\n<h6>Lavabo<\/h6>\n<h6>Refrigerador de gel<\/h6>\n<h6>Armilles salvavides<\/h6>\n<h6>Equip de m\u00fasica<\/h6>\n\n\t\t<\/div>\n\t<\/div>\n<\/div><\/div><div class=\"vc_tta-panel\" id=\"1658558311759-f1fb6ddd-50cd\" data-vc-content=\".vc_tta-panel-body\"><div class=\"vc_tta-panel-heading\"><h4 class=\"vc_tta-panel-title\"><a href=\"#1658558311759-f1fb6ddd-50cd\" data-vc-accordion data-vc-container=\".vc_tta-container\"><span class=\"vc_tta-title-text\">M\u00e9s<\/span><\/a><\/h4><\/div><div class=\"vc_tta-panel-body\">\n\t<div class=\"wpb_text_column wpb_content_element\" >\n\t\t<div class=\"wpb_wrapper\">\n\t\t\t<div class=\"info_content_label\">\n<h4>Incl\u00f2s:<\/h4>\n<h6>Tripulaci\u00f3 a bord<\/h6>\n<h6>Combustible<\/h6>\n<h4>Altres informacions:<\/h4>\n<h6>El vaixell est\u00e0 disponible de 6:00 a 16:30.<\/h6>\n<p><strong>Les opcions de beguda i menjar estan disponibles per un cost addicional:<\/strong><\/p>\n<p>Detalls del dinar bufet tradicional a l&#039;illa de Cayo Levantado, $15 USD\/ pp.<\/p>\n<p>-Amanida verda<br \/>\n-Pa<br \/>\n-Moro de Guandule (arr\u00f2s a l&#039;estil dominic\u00e0) amb coco<br \/>\n\u2013 Pasta amb salsa de tom\u00e0quet<br \/>\n-Cassoles de Yuca<br \/>\n-Peix i pollastre a la planxa (dorado) + salsa de llet de coco opcional<br \/>\n-Fruita fresca<br \/>\n-1 beguda sense alcohol (aigua o refresc)<br \/>\n-Caf\u00e8<\/p>\n<p><strong>Servei addicional de llagosta + caramel de coco $19 USD (adicional).<\/strong><\/p>\n<\/div>\n<p>Tamb\u00e9 es poden oferir begudes i menjar a bord per un suplement.<\/p>\n\n\t\t<\/div>\n\t<\/div>\n<\/div><\/div><\/div><\/div><\/div><\/div>\n\t<div class=\"wpb_text_column wpb_content_element\" >\n\t\t<div class=\"wpb_wrapper\">\n\t\t\t<h4><b><i>Pol\u00edtica de cancel \u00b7 laci\u00f3<\/i><\/b><\/h4>\n<p>Per obtenir un reemborsament complet, llegiu les nostres pol\u00edtiques de cancel\u00b7lacions\u00a0<a href=\"https:\/\/www.boattoursamana.com\/ca\/reserva-en-linia\/\" target=\"_blank\" rel=\"noopener\" data-saferedirecturl=\"https:\/\/www.google.com\/url?q=https:\/\/www.boattoursamana.com\/online-booking\/&amp;source=gmail&amp;ust=1672449202351000&amp;usg=AOvVaw1yAeVAPktmaVCqDujgUn90\">Clica aqu\u00ed<\/a>. Els fons es perdran si la reserva es cancel\u00b7la el mateix dia del viatge.<\/p>\n<p>&nbsp;<\/p>\n<p><strong>Contacta amb nosaltres per Whatsapp: +1-809-720-6035 o xat en directe.<\/strong><\/p>\n<p><strong>La millor opci\u00f3 en l\u00ednia a Saman\u00e1!<\/strong><\/p>\n\n\t\t<\/div>\n\t<\/div>\n<\/div><\/div><\/div><\/div><div class=\"vc_row wpb_row vc_row-fluid\" ><div class=\"wpb_column vc_column_container vc_col-sm-12\"><div class=\"vc_column-inner\"><div class=\"wpb_wrapper\"><div class=\"vc_empty_space\"   style=\"height: 32px\"><span class=\"vc_empty_space_inner\"><\/span><\/div><\/div><\/div><\/div><\/div><div class=\"vc_row wpb_row vc_row-fluid\" ><div class=\"wpb_column vc_column_container vc_col-sm-12\"><div class=\"vc_column-inner\"><div class=\"wpb_wrapper\">\n\t<div class=\"wpb_video_widget wpb_content_element vc_clearfix   vc_video-aspect-ratio-169 vc_video-el-width-100 vc_video-align-left\" >\n\t\t<div class=\"wpb_wrapper\">\n\t\t\t<h2 class=\"wpb_heading wpb_video_heading\">Lloguer catamar\u00e0 a Samana, Rep\u00fablica Dominicana - V\u00eddeo curt<\/h2>\n\t\t\t<div class=\"wpb_video_wrapper\"><iframe loading=\"lazy\" title=\"Lloguer d&#039;embarcacions Samana Rep\u00fablica Dominicana i visites i excursions\" width=\"1100\" height=\"619\" src=\"https:\/\/www.youtube.com\/embed\/5HBs-SpXtoM?feature=oembed\" frameborder=\"0\" allow=\"accelerometer; autoplay; clipboard-write; encrypted-media; gyroscope; picture-in-picture\" allowfullscreen><\/iframe><\/div>\n\t\t<\/div>\n\t<\/div>\n<\/div><\/div><\/div><\/div><div class=\"vc_row wpb_row vc_row-fluid\" ><div class=\"wpb_column vc_column_container vc_col-sm-12\"><div class=\"vc_column-inner\"><div class=\"wpb_wrapper\"><div class=\"vc_empty_space\"   style=\"height: 32px\"><span class=\"vc_empty_space_inner\"><\/span><\/div><div class=\"mkdf-section-title-holder\" style=\"text-align: center\">\n\t<div class=\"mkdf-st-inner\">\n\t\t\t\t\t<h5 class=\"mkdf-st-subtitle\" >\n\t\t\t\tSamana, Rep\u00fablica Dominicana\t\t\t<\/h5>\n\t\t\t\t\t\t\t<h3 class=\"mkdf-st-title\" >\n\t\t\t\tM\u00e9s opcions de lloguer d&#039;embarcacions\t\t\t<\/h3>\n\t\t\t\t\t<\/div>\n<\/div><\/div><\/div><\/div><\/div><div class=\"vc_row wpb_row vc_row-fluid\" ><div class=\"wpb_column vc_column_container vc_col-sm-12\"><div class=\"vc_column-inner\"><div class=\"wpb_wrapper\"><div class=\"vc_empty_space\"   style=\"height: 32px\"><span class=\"vc_empty_space_inner\"><\/span><\/div><div class=\"mkdf-section-title-holder\" style=\"text-align: center\">\n\t<div class=\"mkdf-st-inner\">\n\t\t\t\t\t<h5 class=\"mkdf-st-subtitle\" >\n\t\t\t\tOpcions de grup i privades\t\t\t<\/h5>\n\t\t\t\t\t\t\t<h3 class=\"mkdf-st-title\" >\n\t\t\t\tTours I Excursions\t\t\t<\/h3>\n\t\t\t\t\t<\/div>\n<\/div><\/div><\/div><\/div><\/div>","protected":false},"excerpt":{"rendered":"About BoatBoat EquipmentMoreAbout Boat Name: Rey De Reyes V Model: Year: Lenght: Motors number: 2 Power: 400 HP Boat Equipment VHS Radio Toilet Ice Cooler Life Jackets Music Equipment More Included: Crew onboard Fuel Other info: Boat is available from 6 AM until 4:30 PM. Drink and Food options are available for an extra cost: Details of the Traditional Buffet lunch on Cayo Levantado Island, $15 USD\/ pp. -Green salad -Bread -Moro de Guandule (Rice Dominican Style) with Coconut \u2013 [...]","protected":false},"featured_media":14129,"template":"","meta":[],"product_cat":[655,841],"product_tag":[842,843,844,845],"class_list":["post-14128","product","type-product","status-publish","has-post-thumbnail","hentry","product_cat-1-samana","product_cat-rent-catamaran-or-boat-samana","product_tag-catamaran-for-renting-samana","product_tag-samana-boat-rentals","product_tag-samana-catamaran","product_tag-samana-rentals"],"_links":{"self":[{"href":"https:\/\/www.boattoursamana.com\/ca\/wp-json\/wp\/v2\/product\/14128","targetHints":{"allow":["GET"]}}],"collection":[{"href":"https:\/\/www.boattoursamana.com\/ca\/wp-json\/wp\/v2\/product"}],"about":[{"href":"https:\/\/www.boattoursamana.com\/ca\/wp-json\/wp\/v2\/types\/product"}],"wp:featuredmedia":[{"embeddable":true,"href":"https:\/\/www.boattoursamana.com\/ca\/wp-json\/wp\/v2\/media\/14129"}],"wp:attachment":[{"href":"https:\/\/www.boattoursamana.com\/ca\/wp-json\/wp\/v2\/media?parent=14128"}],"wp:term":[{"taxonomy":"product_cat","embeddable":true,"href":"https:\/\/www.boattoursamana.com\/ca\/wp-json\/wp\/v2\/product_cat?post=14128"},{"taxonomy":"product_tag","embeddable":true,"href":"https:\/\/www.boattoursamana.com\/ca\/wp-json\/wp\/v2\/product_tag?post=14128"}],"curies":[{"name":"wp","href":"https:\/\/api.w.org\/{rel}","templated":true}]}}