{"id":16643,"date":"2023-11-06T07:14:14","date_gmt":"2023-11-06T07:14:14","guid":{"rendered":"https:\/\/www.ticketswhales.com\/?post_type=product&#038;p=16643"},"modified":"2023-11-06T08:59:17","modified_gmt":"2023-11-06T08:59:17","slug":"los-haitises-cueva-el-naranjo-y-laguna-cristal-from-samana","status":"publish","type":"product","link":"https:\/\/www.boattoursamana.com\/ca\/gira\/los-haitises-cueva-el-naranjo-y-laguna-cristal-from-samana","title":{"rendered":"Los Haitises: Cueva el Naranjo y Laguna Cristal de Samana"},"content":{"rendered":"<div class=\"vc_row wpb_row vc_row-fluid\" ><div class=\"wpb_column vc_column_container vc_col-sm-12\"><div class=\"vc_column-inner\"><div class=\"wpb_wrapper\">\n\t<div class=\"wpb_text_column wpb_content_element\" >\n\t\t<div class=\"wpb_wrapper\">\n\t\t\t<h2><span style=\"font-weight: 400;\">Los Haitises: Cueva el Naranjo y Laguna Cristal<\/span><\/h2>\n<p>&nbsp;<\/p>\n<p><b>Visi\u00f3 general<\/b><span style=\"font-weight: 400;\">\u00a0<\/span><\/p>\n<p>&nbsp;<\/p>\n<p><span style=\"font-weight: 400;\">El Parc Nacional Los Haitises \u00e9s un tresor natural de la Rep\u00fablica Dominicana on es troben 25% d&#039;aigua dol\u00e7a a Hispaniola, durant aquesta experi\u00e8ncia estem recorrent alguns dels llocs m\u00e9s importants d&#039;aquest incre\u00efble parc. Aconsegueix el teu bitllet per explorar la cova Ojo de Cielo, Laguna Cristal, el riu Barracote i la badia de Samana.\u00a0<\/span><\/p>\n<p>&nbsp;<\/p>\n<p><span style=\"font-weight: 400;\">Des del punt de vista hidrogr\u00e0fic<\/span><span style=\"font-weight: 400;\">, Los Haitises i les seves \u00e0rees d&#039;influ\u00e8ncia compr\u00e8n dues regions: la conca baixa del riu Yuna i la zona de Miches i Sabana de la Mar. La Yuna desguassa per dues desembocadures: la del mateix Yuna i la del Barracote. A m\u00e9s, a la zona hi ha els rius Payabo, Los Cocos i Naranjo, i els canals Cabirma, Estero, Prieto i altres.<\/span><\/p>\n<p>&nbsp;<\/p>\n<p><span style=\"font-weight: 400;\">Sobre el paisatge de Los Haitises,<\/span><span style=\"font-weight: 400;\"> a m\u00e9s de les coves, es troben Ca\u00f1o Hondo, Punta Arena, Ca\u00f1o Salado, Bah\u00eda de San Lorenzo i Cayo de los P\u00e1jaros, que s\u00f3n elements paisatg\u00edstics molt impressionants. Aquest \u00faltim, situat entre Boca del Infierno i El Naranjo Arriba, es reconeix f\u00e0cilment per la pres\u00e8ncia quasi permanent de tiges i pelicans.<\/span><\/p>\n<p>&nbsp;<\/p>\n<p><span style=\"font-weight: 400;\">Sobre la ciutat de S\u00e1nchez,<\/span><span style=\"font-weight: 400;\"> Abans era un poble petit anomenat Las Ca\u00f1itas, per\u00f2 el 1888 va ser elevat a la condici\u00f3 de municipi que portava el nom d&#039;un dels fundadors de la Rep\u00fablica Dominicana, Francisco del Rosario S\u00e1nchez. Va cr\u00e9ixer en import\u00e0ncia i poblaci\u00f3 despr\u00e9s de l&#039;establiment del ferrocarril el 1865. Aquesta l\u00ednia es va estendre fins a la regi\u00f3 central del Cibao, convertint aquesta petita comunitat caribenya en el port m\u00e9s important del pa\u00eds des de finals del segle XIX fins a principis del segle XIX. segle vinent. .<\/span><\/p>\n<p>&nbsp;<\/p>\n<p><span style=\"font-weight: 400;\">Sobre Laguna Cristal,<\/span><span style=\"font-weight: 400;\"> Laguna Cristal \u00e9s una preciosa font d&#039;aigua dol\u00e7a a les portes del Parc Nacional Los Haitises, al nord de la prov\u00edncia de Monte Plata, que t\u00e9 una bellesa \u00fanica pels seus atractius naturals i la pau que ens proporciona. La llacuna s&#039;alimenta de les aig\u00fces subterr\u00e0nies que provenen del parc ve\u00ed. De la llacuna emergeix un petit riu navegable durant uns centenars de metres que alimenta el riu Barracote, que despr\u00e9s desemboca a la badia de San Lorenzo. Tindria uns 200 metres de profunditat i 70 metres de di\u00e0metre.\u00a0<\/span><\/p>\n<p>&nbsp;<\/p>\n<p><span style=\"font-weight: 400;\">Cova del Naranjo<\/span><span style=\"font-weight: 400;\">, El riu El Naranjo, navegable tot i la seva longitud de 120 metres, neix en una caverna i es pot considerar una joia de la natura al Parc Nacional Los Haitises, \u00c9s un atractiu que val la pena con\u00e8ixer, que permet apreciar el riu m\u00e9s curt de la zona. illa, En un vaixell pots arribar al final de la cova d&#039;on prov\u00e9 l&#039;aigua. La cova \u00e9s un embassament de ratpenats i ven\u00e7os i les seves aig\u00fces acullen esp\u00e8cies de peixos aut\u00f2ctons, que en altres rius i rieres s\u00f3n coses del passat, com ara guabines, dajaos, c\u00e0rpies, gambes i crancs.<\/span><\/p>\n<p>&nbsp;<\/p>\n<p><b>Inclusions<\/b><\/p>\n<p><span style=\"font-weight: 400;\">Tots els impostos, taxes i despeses de gesti\u00f3<\/span><\/p>\n<p><span style=\"font-weight: 400;\">Impostos locals<\/span><\/p>\n<p><span style=\"font-weight: 400;\">Funcionaris guies tur\u00edstics ecologistes angl\u00e8s\/espanyol<\/span><\/p>\n<p><span style=\"font-weight: 400;\">Transport local (recollida a l&#039;hotel)<\/span><\/p>\n<p><span style=\"font-weight: 400;\">Llanxa r\u00e0pida<\/span><\/p>\n<p><span style=\"font-weight: 400;\">Dinar local<\/span><\/p>\n<p><span style=\"font-weight: 400;\">Laguna Cristal\u00a0\u00a0<\/span><\/p>\n<p><span style=\"font-weight: 400;\">Cueva del Naranjo\u00a0<\/span><\/p>\n<p>&nbsp;<\/p>\n<p><b>Exclusions<\/b><\/p>\n<p>&nbsp;<\/p>\n<p><span style=\"font-weight: 400;\">Propostes<\/span><\/p>\n<p><span style=\"font-weight: 400;\">Beguda<\/span><\/p>\n<p><span style=\"font-weight: 400;\">\u00a0<\/span><\/p>\n<p>&nbsp;<\/p>\n<p><b>Sortida i tornada<\/b><\/p>\n<p><span style=\"font-weight: 400;\">El recorregut, organitzat per \u201cBooking Adventures\u201d, comen\u00e7a al punt de trobada establert amb el Guia Tur\u00edstic. El viatger obtindr\u00e0 un punt de trobada despr\u00e9s del proc\u00e9s de reserva. Les visites comencen i acaben als nostres punts de trobada.<\/span><\/p>\n<p>&nbsp;<\/p>\n<p><b>Qu\u00e8 esperar?<\/b><\/p>\n<p><span style=\"font-weight: 400;\">Aconsegueix la teva entrada per Searching For The Los Haitises: Los Haitises: Cueva el Naranjo y Laguna Cristal, aquesta experi\u00e8ncia et donar\u00e0 l&#039;oportunitat de veure la major part de la biodiversitat de l&#039;illa.\u00a0<\/span><\/p>\n<p>&nbsp;<\/p>\n<p><span style=\"font-weight: 400;\">Aquesta activitat s&#039;iniciar\u00e0 a partir de la recollida del vostre allotjament en qualsevol d&#039;aquestes zones:<\/span><\/p>\n<ul>\n<li style=\"font-weight: 400;\" aria-level=\"1\"><span style=\"font-weight: 400;\">Las Terrenas\u00a0<\/span><\/li>\n<li style=\"font-weight: 400;\" aria-level=\"1\"><span style=\"font-weight: 400;\">S\u00e1nchez\u00a0<\/span><\/li>\n<li style=\"font-weight: 400;\" aria-level=\"1\"><span style=\"font-weight: 400;\">Las Galeras<\/span><\/li>\n<li style=\"font-weight: 400;\" aria-level=\"1\"><span style=\"font-weight: 400;\">Santa B\u00e0rbara de Samana\u00a0<\/span><\/li>\n<\/ul>\n<h3><b>Horari<\/b><b>\u00a0<\/b><\/h3>\n<p><b>S\u00e1nchez Samana, Nedar a Laguna Cristal i El Naranjo River &amp; Caves\u00a0<\/b><\/p>\n<p>&nbsp;<\/p>\n<p><span style=\"font-weight: 400;\">Recollida a l&#039;hotel: comen\u00e7a a les 7:00 del mat\u00ed (depenent d&#039;on us trobeu). Hi ha diferents opcions de temps al formulari de reserva. El recorregut \u00e9s de 8 hores.\u00a0<\/span><\/p>\n<p>&nbsp;<\/p>\n<p><span style=\"font-weight: 400;\">Ser\u00e0 un mat\u00ed d&#039;hora per recollir-vos al vostre hotel i portar-vos al nostre punt de trobada a Sanchez Samana, on trobareu el vostre guia local abans de repassar l&#039;itinerari durant la resta del dia.\u00a0<\/span><\/p>\n<p>&nbsp;<\/p>\n<p><span style=\"font-weight: 400;\">Quan us prepareu estem pujant a la nostra llanxa r\u00e0pida per dirigir-nos a El Naranjo que \u00e9s la primera parada del dia, on ens endinsem a la cova amb vaixell i nedem a l&#039;aigua dol\u00e7a del riu m\u00e9s curt de l&#039;illa.\u00a0<\/span><\/p>\n<p>&nbsp;<\/p>\n<p><span style=\"font-weight: 400;\">El vostre segon viatge en vaixell ser\u00e0 pel riu Barracote per arribar a Laguna Cristal. Haurem de navegar per un dels rius m\u00e9s grans del nord-est del pa\u00eds. A Cristal Area farem una pausa per dinar abans de saltar a l&#039;aigua.<\/span><\/p>\n<p>&nbsp;<\/p>\n<p><span style=\"font-weight: 400;\">Despr\u00e9s de provar un dinar local farem una migdiada a la llacuna de Cristal i despr\u00e9s anem a nedar, abans de tornar a Sanchez Samana.\u00a0<\/span><\/p>\n<p>&nbsp;<\/p>\n<p><span style=\"font-weight: 400;\">Retorn a l&#039;hotel: 16:00 o m\u00e9s tard, depenent de l&#039;hora d&#039;inici del viatge. El recorregut \u00e9s d&#039;un total de 8 hores.\u00a0<\/span><\/p>\n<p>&nbsp;<\/p>\n<p><span style=\"font-weight: 400;\">Els dies d&#039;itinerari i les activitats estan subjectes a canvis sense previ av\u00eds per circumst\u00e0ncies o esdeveniments imprevistos. Consulteu els termes i condicions complets per obtenir m\u00e9s informaci\u00f3.<\/span><\/p>\n\n\t\t<\/div>\n\t<\/div>\n<\/div><\/div><\/div><\/div>","protected":false},"excerpt":{"rendered":"<p>Visita del riu Naranjo amb la cova i Cristal Lagun al Parc Nacional Los Haitises amb un guia local expert. El dinar i el transport estan inclosos a la prov\u00edncia de Saman\u00e1.<\/p>","protected":false},"featured_media":16644,"template":"","meta":[],"product_cat":[1096],"product_tag":[1097],"class_list":["post-16643","product","type-product","status-publish","has-post-thumbnail","hentry","product_cat-haitises","product_tag-haitises"],"_links":{"self":[{"href":"https:\/\/www.boattoursamana.com\/ca\/wp-json\/wp\/v2\/product\/16643","targetHints":{"allow":["GET"]}}],"collection":[{"href":"https:\/\/www.boattoursamana.com\/ca\/wp-json\/wp\/v2\/product"}],"about":[{"href":"https:\/\/www.boattoursamana.com\/ca\/wp-json\/wp\/v2\/types\/product"}],"wp:featuredmedia":[{"embeddable":true,"href":"https:\/\/www.boattoursamana.com\/ca\/wp-json\/wp\/v2\/media\/16644"}],"wp:attachment":[{"href":"https:\/\/www.boattoursamana.com\/ca\/wp-json\/wp\/v2\/media?parent=16643"}],"wp:term":[{"taxonomy":"product_cat","embeddable":true,"href":"https:\/\/www.boattoursamana.com\/ca\/wp-json\/wp\/v2\/product_cat?post=16643"},{"taxonomy":"product_tag","embeddable":true,"href":"https:\/\/www.boattoursamana.com\/ca\/wp-json\/wp\/v2\/product_tag?post=16643"}],"curies":[{"name":"wp","href":"https:\/\/api.w.org\/{rel}","templated":true}]}}