{"id":8856,"date":"2019-04-11T11:50:47","date_gmt":"2019-04-11T11:50:47","guid":{"rendered":"https:\/\/www.ticketswhales.com\/?post_type=product&#038;p=8856"},"modified":"2023-10-29T11:40:03","modified_gmt":"2023-10-29T11:40:03","slug":"los-haitises-national-park-lunch-at-cano-hondo-from-sabana-de-la-mar","status":"publish","type":"product","link":"https:\/\/www.boattoursamana.com\/ca\/gira\/dinar-parc-nacional-los-haitises-a-cano-hondo-des-sabana-de-la-mar-2","title":{"rendered":"Parc Nacional Los Haitises + Dinar al Ca\u00f1o Hondo de Sabana de la Mar"},"content":{"rendered":"<div class=\"vc_row wpb_row vc_row-fluid\" ><div class=\"wpb_column vc_column_container vc_col-sm-12\"><div class=\"vc_column-inner\"><div class=\"wpb_wrapper\"><div class=\"vc_btn3-container vc_btn3-inline\" ><a class=\"vc_general vc_btn3 vc_btn3-size-md vc_btn3-shape-rounded vc_btn3-style-modern vc_btn3-color-green\" href=\"https:\/\/bookingadventures.tours\/booking.php?tour_id=564682de5ff3fb75370322d9bb29062a\" title=\"\" rel=\"noopener\">RESERVAR ARA<\/a><\/div><div class=\"mkdf-section-title-holder\" style=\"text-align: left\">\n\t<div class=\"mkdf-st-inner\">\n\t\t\t\t\t<h5 class=\"mkdf-st-subtitle\" >\n\t\t\t\tDinar i bany a Natural Springs\t\t\t<\/h5>\n\t\t\t\t\t\t\t<h3 class=\"mkdf-st-title\" >\n\t\t\t\tParc Nacional Los Haitises + Dinar a Cano Hondo des de Sabana de la Mar\t\t\t<\/h3>\n\t\t\t\t\t<\/div>\n<\/div><div class=\"vc_empty_space\"   style=\"height: 32px\"><span class=\"vc_empty_space_inner\"><\/span><\/div>\n\t<div class=\"wpb_text_column wpb_content_element\" >\n\t\t<div class=\"wpb_wrapper\">\n\t\t\t<div class=\"mkdf-single-product-content\">\n<div class=\"woocommerce-product-gallery woocommerce-product-gallery--with-images woocommerce-product-gallery--columns-4 images\" data-columns=\"4\"><\/div>\n<\/div>\n<div class=\"woocommerce-tabs wc-tabs-wrapper\">\n<div id=\"tab-description\" class=\"woocommerce-Tabs-panel woocommerce-Tabs-panel--description panel entry-content wc-tab\" role=\"tabpanel\" aria-labelledby=\"tab-title-description\">\n<div class=\"vc_row wpb_row vc_row-fluid\"><a id=\"overview\" class=\"aal_anchor\" style=\"font-size: 25px; font-weight: bold; letter-spacing: -0.005em;\" href=\"https:\/\/bookingadventures.com.do\/dominicantour\/los-haitises-national-park-lunch-at-cano-hondo-from-sabana-de-la-mar\/#overview\" aria-hidden=\"true\" rel=\"noopener\"><\/a><b style=\"color: #303030; font-size: 25px; letter-spacing: -0.005em;\"><i>Visi\u00f3 general<\/i><\/b><\/div>\n<p>Excursi\u00f3 d&#039;un dia complet al Parc Nacional Los Haitises i dinar al Ca\u00f1o Hondo m\u00e9s bany a les fonts naturals. Vine amb nosaltres i visita el parc nacional m\u00e9s bonic de la Rep\u00fablica Dominicana, visitant manglars, coves i badia de San Lorenzo. Tornen al port de Ca\u00f1o Hondo per caminar 15 minuts per anar i gaudir d&#039;un dinar t\u00edpic amb vistes al mar al Parc Nacional Los Haitises. Despr\u00e9s d&#039;aquest Bany a la primavera natural fins a les 16:30h.<\/p>\n<p>Despr\u00e9s d&#039;aquesta experi\u00e8ncia, tindreu el vostre temps a la platja i un dinar local a la platja.<\/p>\n<ul>\n<li>Inclou dinar bufet<\/li>\n<li>Nedar a les fonts naturals<\/li>\n<li>Tarifes incloses<\/li>\n<li>La guia proporciona instrucci\u00f3 i supervisi\u00f3<\/li>\n<\/ul>\n<p>&nbsp;<\/p>\n<h4><a id=\"inclusions-exclusions\" class=\"aal_anchor\" href=\"https:\/\/bookingadventures.com.do\/dominicantour\/los-haitises-national-park-lunch-at-cano-hondo-from-sabana-de-la-mar\/#inclusions-exclusions\" aria-hidden=\"true\" rel=\"noopener\"><\/a><b>Inclusions i exclusions<\/b><\/h4>\n<p>&nbsp;<\/p>\n<p><b>Inclusions<\/b><\/p>\n<ol>\n<li>\u00a0dinar a l&#039;Ecolodge<\/li>\n<li>Visita Los Haitises + Coves i Pictogrames<\/li>\n<li>Tots els impostos, taxes i despeses de gesti\u00f3<\/li>\n<li>Impostos locals<\/li>\n<li>Begudes<\/li>\n<li>Totes les activitats<\/li>\n<li>Guia local<\/li>\n<\/ol>\n<p><b>Exclusions<\/b><\/p>\n<ol>\n<li>Propostes<\/li>\n<li>Transfer\u00e8ncia<\/li>\n<li>Begudes alcoh\u00f2liques<\/li>\n<\/ol>\n<p>&nbsp;<\/p>\n<h4><a id=\"departure-return\" class=\"aal_anchor\" href=\"https:\/\/bookingadventures.com.do\/dominicantour\/los-haitises-national-park-lunch-at-cano-hondo-from-sabana-de-la-mar\/#departure-return\" aria-hidden=\"true\" rel=\"noopener\"><\/a><em><strong>Sortida i tornada<\/strong><\/em><\/h4>\n<p>El viatger obtindr\u00e0 un punt de trobada despr\u00e9s del proc\u00e9s de reserva. Les visites comencen i acaben als nostres punts de trobada.<\/p>\n<p>&nbsp;<\/p>\n<h4><a id=\"what-to-expect\" class=\"aal_anchor\" href=\"https:\/\/bookingadventures.com.do\/dominicantour\/los-haitises-national-park-lunch-at-cano-hondo-from-sabana-de-la-mar\/#what-to-expect\" aria-hidden=\"true\" rel=\"noopener\"><\/a><b><i>Qu\u00e8 esperar?<\/i><\/b><\/h4>\n<p>&nbsp;<\/p>\n<p><em><strong>Aconsegueix les teves entrades<\/strong><\/em>\u00a0per visitar el Parc Nacional Los Haitises amb un meravell\u00f3s dinar a Cano Hondo i Nedar a les Fonts Naturals. Fes una excursi\u00f3 en vaixell per manglars, passant per antigues coves pirates i per boscos protegits d&#039;aquesta pintoresca reserva comen\u00e7ant des de la zona dels hotels de Ca\u00f1o Hondo o des de Sabana de la Mar.<\/p>\n<p>El recorregut, organitzat per \u201cBooking Adventures\u201d, comen\u00e7a al punt de trobada establert amb el Guia Tur\u00edstic. Vine amb Booking Adventures i comen\u00e7a a comprovar alguns manglars plens d&#039;ocells, turons ondulats de vegetaci\u00f3 exuberant i coves de\u00a0<em><strong>Parc Nacional Los Haitises<\/strong><\/em>. Excursi\u00f3 en barca des del riu Ca\u00f1o Hondo, Sabana de la Mar.<\/p>\n<p>A trav\u00e9s dels manglars i Terra a la badia oberta de San Lorenzo, des d&#039;on es pot fotografiar el paisatge forestal accidentat. Mireu l&#039;aigua per detectar-lo\u00a0<em><strong>Manat\u00eds<\/strong><\/em>, crustacis, i\u00a0<em><strong>dofins.<\/strong><\/em><\/p>\n<div class=\"body-description secondary\">\n<p>El nom del parc nacional prov\u00e9 dels seus habitants originals, els indis ta\u00efnos. En el seu idioma, &quot;Haitises&quot; es tradueix a les terres altes o turons, una refer\u00e8ncia a les escarpades formacions geol\u00f2giques de la costa amb calc\u00e0ries. Aventureu-vos m\u00e9s endins al parc per explorar coves com la\u00a0<em><strong>Cueva de la Arena<\/strong><\/em>\u00a0i\u00a0<strong><em>Cueva de la linea.<\/em><\/strong>\u00a0Les coves de la reserva van ser utilitzades com a refugi pels indis ta\u00efnos i, m\u00e9s tard, pels pirates amagats. Busca dibuixos d&#039;indis que decoren algunes de les parets. Despr\u00e9s de visitar el Parc Nacional Los Haitises anirem al Ca\u00f1o Hondo. A Ca\u00f1o Hondo coneixent la hist\u00f2ria d&#039;aquest ecolodge i dinar amb el menjar t\u00edpic de la Comunitat de Sabana de la Mar.<\/p>\n<p>El dinar ser\u00e0 delici\u00f3s per\u00f2 encara no hem acabat. Despr\u00e9s de dinar, ens banyarem a la font natural des del riu Jibales un riu perenne fins al riu Ca\u00f1o Hondo. Estada a Ca\u00f1o Hondo fins a les 18:00 si vols o menys.<\/p>\n<\/div>\n<p>A la Font Natural de les Piscines pots quedar-te tot el temps que vulguis nedant i fent senderisme. Si ets veg\u00e0 tamb\u00e9 et podem preparar una mica de menjar.<\/p>\n<p>&nbsp;<\/p>\n<h4><a id=\"what-you-should-bring\" class=\"aal_anchor\" href=\"https:\/\/bookingadventures.com.do\/dominicantour\/los-haitises-national-park-lunch-at-cano-hondo-from-sabana-de-la-mar\/#what-you-should-bring\" aria-hidden=\"true\" rel=\"noopener\"><\/a><em><strong>Qu\u00e8 hauries de portar?<\/strong><\/em><\/h4>\n<ul>\n<li>C\u00e0mera<\/li>\n<li>Brots repel\u00b7lents<\/li>\n<li>crema per al sol<\/li>\n<li>Barret<\/li>\n<li>Pantalons c\u00f2modes<\/li>\n<li>Sabates de muntanya per al bosc<\/li>\n<li>Sand\u00e0lies a les zones de primavera.<\/li>\n<li>Roba de bany<\/li>\n<\/ul>\n<p>&nbsp;<\/p>\n<h4><a id=\"hotel-pickup\" class=\"aal_anchor\" href=\"https:\/\/bookingadventures.com.do\/dominicantour\/los-haitises-national-park-lunch-at-cano-hondo-from-sabana-de-la-mar\/#hotel-pickup\" aria-hidden=\"true\" rel=\"noopener\"><\/a><b><i>Recollida a l&#039;hotel<\/i><\/b><\/h4>\n<p>No s&#039;ofereix servei de recollida a l&#039;hotel per a aquesta excursi\u00f3.<\/p>\n<p>&nbsp;<\/p>\n<p><b>Nota:<\/b>\u00a0Si feu la reserva dins de les 24 hores posteriors a l&#039;hora de sortida de l&#039;excursi\u00f3\/excursi\u00f3, podem organitzar la recollida a l&#039;hotel amb c\u00e0rrecs addicionals. Un cop completada la compra, us enviarem la informaci\u00f3 de contacte completa (n\u00famero de tel\u00e8fon, adre\u00e7a de correu electr\u00f2nic, etc.) perqu\u00e8 el nostre guia local organitzi la recollida.<\/p>\n<h4><a id=\"additional-info-confirmation\" class=\"aal_anchor\" href=\"https:\/\/bookingadventures.com.do\/dominicantour\/los-haitises-national-park-lunch-at-cano-hondo-from-sabana-de-la-mar\/#additional-info-confirmation\" aria-hidden=\"true\" rel=\"noopener\"><\/a><b><i>Confirmaci\u00f3 d&#039;informaci\u00f3 addicional<\/i><\/b><\/h4>\n<ol>\n<li>Les entrades s\u00f3n el Rebut despr\u00e9s de pagar aquest Tour. Podeu mostrar el pagament al vostre tel\u00e8fon.<\/li>\n<li>El punt de trobada es rebr\u00e0 despr\u00e9s del proc\u00e9s de reserva.<\/li>\n<li>Els nens han d&#039;anar acompanyats d&#039;un adult.<\/li>\n<li>No accessible amb cadira de rodes<\/li>\n<li>Els nadons han de seure a les faldes<\/li>\n<li>No recomanat per a viatgers amb problemes d&#039;esquena<\/li>\n<li>No recomanat per a viatgers embarassades<\/li>\n<li>Sense problemes card\u00edacs ni altres afeccions m\u00e8diques greus<\/li>\n<li>La majoria dels viatgers poden participar<\/li>\n<\/ol>\n<\/div>\n<\/div>\n\n\t\t<\/div>\n\t<\/div>\n<div class=\"vc_empty_space\"   style=\"height: 32px\"><span class=\"vc_empty_space_inner\"><\/span><\/div><\/div><\/div><\/div><\/div><div class=\"wpb_column vc_column_container vc_col-sm-12\"><div class=\"vc_column-inner\"><div class=\"wpb_wrapper\"><\/div><\/div><\/div><div class=\"wpb_column vc_column_container vc_col-sm-12\"><div class=\"vc_column-inner\"><div class=\"wpb_wrapper\"><\/div><\/div><\/div><div class=\"wpb_column vc_column_container vc_col-sm-12\"><div class=\"vc_column-inner\"><div class=\"wpb_wrapper\"><\/div><\/div><\/div>","protected":false},"excerpt":{"rendered":"<p>Excursi\u00f3 al Parc Nacional Los Haitises amb sortida des de Sabana de la Mar, Visita a manglars, Coves, Pictogrames + Dinar a Can\u00f1o Hondo tours i Piscines.<\/p>\n<p>Organitza aquesta excursi\u00f3 amb una ruta de senderisme i apr\u00e8n sobre la hist\u00f2ria del parc nacional de Los Haitises amb la gent local.<\/p>\n<p>&nbsp;<\/p>\n<p><strong>Seleccioneu la data de la visita:\u00a0<\/strong><\/p>","protected":false},"featured_media":12271,"template":"","meta":[],"product_cat":[254,946,928,933,255],"product_tag":[176,211,210,192,215,214,171,209,212,175,213],"class_list":["post-8856","product","type-product","status-publish","has-post-thumbnail","hentry","product_cat-tours-excursions-los-haitises-national-park","product_cat-1-sabana-de-la-mar","product_cat-boat-trip-los-haitises","product_cat-natural-pools-los-haitises","product_cat-tours-excursions-samana-bay-dominican-republic","product_tag-cano-hondo","product_tag-cano-hondo-hotel","product_tag-cano-hondo-tours","product_tag-day-tour-cano-hondo","product_tag-la-arena-cave","product_tag-line-cave","product_tag-los-haitises","product_tag-los-haitises-national-park","product_tag-mangroves-los-haitises","product_tag-sabana-de-la-mar","product_tag-san-lorenzo-bay"],"_links":{"self":[{"href":"https:\/\/www.boattoursamana.com\/ca\/wp-json\/wp\/v2\/product\/8856","targetHints":{"allow":["GET"]}}],"collection":[{"href":"https:\/\/www.boattoursamana.com\/ca\/wp-json\/wp\/v2\/product"}],"about":[{"href":"https:\/\/www.boattoursamana.com\/ca\/wp-json\/wp\/v2\/types\/product"}],"wp:featuredmedia":[{"embeddable":true,"href":"https:\/\/www.boattoursamana.com\/ca\/wp-json\/wp\/v2\/media\/12271"}],"wp:attachment":[{"href":"https:\/\/www.boattoursamana.com\/ca\/wp-json\/wp\/v2\/media?parent=8856"}],"wp:term":[{"taxonomy":"product_cat","embeddable":true,"href":"https:\/\/www.boattoursamana.com\/ca\/wp-json\/wp\/v2\/product_cat?post=8856"},{"taxonomy":"product_tag","embeddable":true,"href":"https:\/\/www.boattoursamana.com\/ca\/wp-json\/wp\/v2\/product_tag?post=8856"}],"curies":[{"name":"wp","href":"https:\/\/api.w.org\/{rel}","templated":true}]}}