{"id":8858,"date":"2019-06-11T12:10:51","date_gmt":"2019-06-11T12:10:51","guid":{"rendered":"https:\/\/www.ticketswhales.com\/?post_type=product&#038;p=8858"},"modified":"2023-03-27T18:55:34","modified_gmt":"2023-03-27T18:55:34","slug":"los-haitises-national-park-from-sabana-de-la-mar-hiking-2-hours","status":"publish","type":"product","link":"https:\/\/www.boattoursamana.com\/ca\/gira\/parc-nacional-los-haitis-des-sabana-de-la-mar-senderisme-2-hores","title":{"rendered":"Viatge en vaixell privat i 2 hores de senderisme a la selva tropical de Los Haitises"},"content":{"rendered":"<div class=\"vc_row wpb_row vc_row-fluid\" ><div class=\"wpb_column vc_column_container vc_col-sm-12\"><div class=\"vc_column-inner\"><div class=\"wpb_wrapper\"><div class=\"vc_btn3-container vc_btn3-inline\" ><button class=\"vc_general vc_btn3 vc_btn3-size-md vc_btn3-shape-rounded vc_btn3-style-modern vc_btn3-color-green\">RESERVAR ARA<\/button><\/div><div class=\"mkdf-section-title-holder\" style=\"text-align: left\">\n\t<div class=\"mkdf-st-inner\">\n\t\t\t\t\t<h5 class=\"mkdf-st-subtitle\" >\n\t\t\t\tBosc humit + Viatge normal a les coves\t\t\t<\/h5>\n\t\t\t\t\t\t\t<h3 class=\"mkdf-st-title\" >\n\t\t\t\tParc Nacional Los Haitises- Des de Sabana de la Mar + Senderisme 2 hores\t\t\t<\/h3>\n\t\t\t\t\t<\/div>\n<\/div><\/div><\/div><\/div><\/div><div class=\"vc_row wpb_row vc_row-fluid\" ><div class=\"wpb_column vc_column_container vc_col-sm-12\"><div class=\"vc_column-inner\"><div class=\"wpb_wrapper\">\n\t<div class=\"wpb_text_column wpb_content_element\" >\n\t\t<div class=\"wpb_wrapper\">\n\t\t\t<h4><b><i><span style=\"vertical-align: inherit;\"><span style=\"vertical-align: inherit;\">Visi\u00f3 general <\/span><\/span><\/i><\/b><\/h4>\n<p>Gaudeix d&#039;una caminada de dues hores pel bosc del parc nacional d&#039;Haitises. Apreneu sobre plantes medicinals i visiteu llocs locals. Despr\u00e9s de visitar <strong>Parc Nacional Los Haitises<\/strong> des de <strong>Sabana de la Mar<\/strong> o <strong>Hotels Ca\u00f1o Hondo<\/strong> amb els locals.<\/p>\n<p>Farem l&#039;excursi\u00f3 despr\u00e9s del viatge en vaixell. Un viatge normal privat al Parc Nacional Los Haitises. Vine amb nosaltres i visita el parc nacional m\u00e9s bonic de la Rep\u00fablica Dominicana, visitant els manglars, les 3 coves i la badia de San Lorenzo. Aquesta experi\u00e8ncia pot comen\u00e7ar des de la comunitat de Sabana de la Mar coneixent aquesta hist\u00f2ria de Sabana de la Mar.<\/p>\n<ul>\n<li>Senderisme 2 hores al bosc<\/li>\n<li>Hist\u00f2ria de Sabana de la Mar<\/li>\n<li style=\"font-weight: 400;\">Tarifes incloses<\/li>\n<li style=\"font-weight: 400;\"><span style=\"font-weight: 400;\">La guia proporciona instrucci\u00f3 i supervisi\u00f3<\/span><\/li>\n<li>El dinar no est\u00e0 incl\u00f2s per al dinar a Cano Hondo Trieu aquest tour: <a href=\"https:\/\/www.boattoursamana.com\/ca\/gira\/dinar-parc-nacional-los-haitises-a-cano-hondo-des-sabana-de-la-mar-2\/\">Los Haitises Plus Cano Hondo.<\/a><\/li>\n<\/ul>\n<p>&nbsp;<\/p>\n<h4><b>Inclusions i exclusions<\/b><\/h4>\n<p>&nbsp;<\/p>\n<p><b>Inclusions<\/b><\/p>\n<ol>\n<li style=\"font-weight: 400;\">Visita Los Haitises + Coves i Pictogrames<\/li>\n<li style=\"font-weight: 400;\"><span style=\"font-weight: 400;\">Tots els impostos, taxes i despeses de gesti\u00f3<\/span><\/li>\n<li style=\"font-weight: 400;\"><span style=\"font-weight: 400;\">Impostos locals<\/span><\/li>\n<li style=\"font-weight: 400;\"><span style=\"font-weight: 400;\">Totes les activitats<\/span><\/li>\n<li style=\"font-weight: 400;\"><span style=\"font-weight: 400;\">Guia local<\/span><\/li>\n<\/ol>\n<p><b> Exclusions<\/b><\/p>\n<ol>\n<li style=\"font-weight: 400;\"><span style=\"font-weight: 400;\">Propostes<\/span><\/li>\n<li>El dinar no est\u00e0 incl\u00f2s per al dinar a Cano Hondo Trieu aquest tour: <a href=\"https:\/\/www.boattoursamana.com\/ca\/gira\/dinar-parc-nacional-los-haitises-a-cano-hondo-des-sabana-de-la-mar-2\/\">Los Haitises Plus Cano Hondo.<\/a><\/li>\n<li style=\"font-weight: 400;\"><span style=\"font-weight: 400;\">Transfer\u00e8ncia<\/span><\/li>\n<li style=\"font-weight: 400;\"><span style=\"font-weight: 400;\">Begudes alcoh\u00f2liques<\/span><\/li>\n<\/ol>\n<p>&nbsp;<\/p>\n<h4><em><strong>Sortida i tornada<\/strong><\/em><\/h4>\n<p><span style=\"font-weight: 400;\">El viatger obtindr\u00e0 un punt de trobada despr\u00e9s del proc\u00e9s de reserva. Les visites comencen i acaben als nostres punts de trobada.<\/span><\/p>\n<p>&nbsp;<\/p>\n<h4><b><i>Qu\u00e8 esperar?<\/i><\/b><\/h4>\n<p>&nbsp;<\/p>\n<p><em><strong>Aconsegueix les teves entrades<\/strong><\/em> per visitar el Parc Nacional Los Haitises amb Coves, Manglars i la Badia de San Lorenzo despr\u00e9s d&#039;una caminada de dues hores pel bosc humit del Parc Nacional de Los Haitises.<\/p>\n<p><strong>Parc Nacional Los Haitises<\/strong> des de <strong>Sabana de la Mar<\/strong> o <strong>Hotels Ca\u00d1o Hondo<\/strong> amb els locals. El viatge comen\u00e7a al port principal del parc nacional d&#039;Haitises. Aquest viatge comen\u00e7a a les 10:00 h amb un guia local que coneix la hist\u00f2ria original del magn\u00edfic Parc Nacional.<\/p>\n<p>Despr\u00e9s comencem des del port principal del Parc Nacional Los Haitises nom Ca\u00f1o Hondo (Deep Creek) en un VAIXELL amb armilles salvavides. Gaudirem del bosc de manglars vermells fins arribar a la badia de San Lorenzo. Petita badia a la badia de Saman\u00e1. I aqu\u00ed anem! El primer sorprenent que podeu veure \u00e9s l&#039;enorme col\u00b7lecci\u00f3 d&#039;illa de muntanya de pedres calc\u00e0ries anomenada Mogotes. a sobre d&#039;ells m\u00e9s de 700 esp\u00e8cies de plantes i molts ocells dels aiguamolls que volen al voltant. M\u00e9s tard Visitant les Coves amb pictogrames de les nostres comunitats ind\u00edgenes de fa 750 anys.<\/p>\n<p>A trav\u00e9s dels manglars i Terra a la badia oberta de San Lorenzo, des d&#039;on es pot fotografiar el paisatge forestal accidentat. Mireu l&#039;aigua per detectar-lo <em><strong>Manat\u00eds<\/strong><\/em>, crustacis, i <em><strong>dofins.<\/strong><\/em><\/p>\n<div class=\"body-description secondary\">\n<p>El nom del parc nacional prov\u00e9 dels seus habitants originals, els indis ta\u00efnos. En el seu idioma, &quot;Haitises&quot; es tradueix a les terres altes o turons, una refer\u00e8ncia a les escarpades formacions geol\u00f2giques de la costa amb calc\u00e0ries. Aventureu-vos m\u00e9s endins al parc per explorar coves com la <em><strong>Cueva de la Arena<\/strong><\/em> i <strong><em>Cueva de la L\u00ednia.<\/em><\/strong> Les coves de la reserva van ser utilitzades com a refugi pels indis ta\u00efnos i, m\u00e9s tard, pels pirates amagats. Busca dibuixos d&#039;indis que decoren algunes de les parets. Despr\u00e9s de visitar el Parc Nacional Los Haitises anirem al bosc humit per fer una caminada de 2 hores i tornar al lloc on va comen\u00e7ar el nostre viatge.<\/p>\n<\/div>\n<p>&nbsp;<\/p>\n<h4><em><strong>Qu\u00e8 hauries de portar?<\/strong><\/em><\/h4>\n<ul>\n<li style=\"font-weight: 400;\"><span style=\"font-weight: 400;\">C\u00e0mera<\/span><\/li>\n<li style=\"font-weight: 400;\"><span style=\"font-weight: 400;\">Brots repel\u00b7lents<\/span><\/li>\n<li style=\"font-weight: 400;\"><span style=\"font-weight: 400;\">crema per al sol<\/span><\/li>\n<li style=\"font-weight: 400;\"><span style=\"font-weight: 400;\">Barret<\/span><\/li>\n<li style=\"font-weight: 400;\"><span style=\"font-weight: 400;\">Pantalons c\u00f2modes<\/span><\/li>\n<li style=\"font-weight: 400;\"><span style=\"font-weight: 400;\">Sabates de muntanya per al bosc<\/span><\/li>\n<li style=\"font-weight: 400;\"><span style=\"font-weight: 400;\">Sand\u00e0lies a les zones de primavera.<\/span><\/li>\n<li style=\"font-weight: 400;\"><span style=\"font-weight: 400;\">Roba de bany<\/span><\/li>\n<\/ul>\n<p>&nbsp;<\/p>\n<h4><b><i>Recollida a l&#039;hotel <\/i><\/b><\/h4>\n<p><span style=\"font-weight: 400;\">S&#039;ofereix servei de recollida a l&#039;hotel si hi esteu <a href=\"https:\/\/www.boattoursamana.com\/ca\/gira\/dinar-parc-nacional-los-haitises-a-cano-hondo-des-sabana-de-la-mar-2\/\">Paraiso Cano Hondo<\/a> o <a href=\"https:\/\/www.boattoursamana.com\/ca\/gira\/dinar-parc-nacional-los-haitises-a-cano-hondo-des-sabana-de-la-mar-2\/\">Hotel Altos Cano Hondo<\/a>. El nostre punt de trobada \u00e9s a 5 minuts caminant d&#039;aquests hotels.<\/span><\/p>\n<p>&nbsp;<\/p>\n<p><b>Nota:<\/b><span style=\"font-weight: 400;\"> si feu la reserva dins de les 24 hores posteriors a l&#039;hora de sortida del tour\/excursi\u00f3, podem organitzar la recollida a l&#039;hotel amb c\u00e0rrecs addicionals si no esteu als hotels de Cano Hondo. Un cop completada la compra, us enviarem la informaci\u00f3 de contacte completa (n\u00famero de tel\u00e8fon, adre\u00e7a de correu electr\u00f2nic, etc.) perqu\u00e8 el nostre guia local organitzi la recollida.<\/span><\/p>\n<h4><b><i>Confirmaci\u00f3 d&#039;informaci\u00f3 addicional <\/i><\/b><\/h4>\n<ol>\n<li>Les entrades s\u00f3n el Rebut despr\u00e9s de pagar aquest Tour. Podeu mostrar el pagament al vostre tel\u00e8fon.<\/li>\n<li style=\"font-weight: 400;\"><span style=\"font-weight: 400;\">El punt de trobada es rebr\u00e0 despr\u00e9s del proc\u00e9s de reserva.<\/span><\/li>\n<li style=\"font-weight: 400;\"><span style=\"font-weight: 400;\">Els nens han d&#039;anar acompanyats d&#039;un adult.<\/span><\/li>\n<li style=\"font-weight: 400;\"><span style=\"font-weight: 400;\"> No accessible amb cadira de rodes <\/span><\/li>\n<li style=\"font-weight: 400;\"><span style=\"font-weight: 400;\">Els nadons han de seure a les faldes <\/span><\/li>\n<li style=\"font-weight: 400;\"><span style=\"font-weight: 400;\">No recomanat per a viatgers amb problemes d&#039;esquena<\/span><\/li>\n<li style=\"font-weight: 400;\"><span style=\"font-weight: 400;\">No recomanat per a viatgers embarassades <\/span><\/li>\n<li style=\"font-weight: 400;\"><span style=\"font-weight: 400;\"> Sense problemes card\u00edacs ni altres afeccions m\u00e8diques greus <\/span><\/li>\n<li style=\"font-weight: 400;\"><span style=\"font-weight: 400;\">La majoria dels viatgers poden participar<\/span><\/li>\n<\/ol>\n<h4><b><i>Pol\u00edtica de cancel \u00b7 laci\u00f3<\/i><\/b><\/h4>\n<p>Per obtenir un reemborsament complet, llegiu les nostres pol\u00edtiques de cancel\u00b7lacions\u00a0<a href=\"https:\/\/www.boattoursamana.com\/ca\/reserva-en-linia\/\" target=\"_blank\" rel=\"noopener\" data-saferedirecturl=\"https:\/\/www.google.com\/url?q=https:\/\/www.boattoursamana.com\/online-booking\/&amp;source=gmail&amp;ust=1672529771100000&amp;usg=AOvVaw2NIGJBZ0qjB5RhPUl5Obc7\">Clica aqu\u00ed<\/a>. Els fons es perdran si la reserva es cancel\u00b7la el mateix dia del viatge.<\/p>\n\n\t\t<\/div>\n\t<\/div>\n<div class=\"vc_btn3-container vc_btn3-inline\" ><button class=\"vc_general vc_btn3 vc_btn3-size-md vc_btn3-shape-rounded vc_btn3-style-modern vc_btn3-color-green\">RESERVAR ARA<\/button><\/div><\/div><\/div><\/div><\/div><div class=\"vc_row wpb_row vc_row-fluid\" ><div class=\"wpb_column vc_column_container vc_col-sm-12\"><div class=\"vc_column-inner\"><div class=\"wpb_wrapper\"><div class=\"vc_empty_space\"   style=\"height: 32px\"><span class=\"vc_empty_space_inner\"><\/span><\/div>\n\t<div class=\"wpb_video_widget wpb_content_element vc_clearfix   vc_video-aspect-ratio-169 vc_video-el-width-100 vc_video-align-left\" >\n\t\t<div class=\"wpb_wrapper\">\n\t\t\t\n\t\t\t<div class=\"wpb_video_wrapper\"><iframe loading=\"lazy\" title=\"Parc Nacional Los Haitises, visites i excursions des de Samana o Sabana de la Mar. Reserva aqu\u00ed:\" src=\"https:\/\/player.vimeo.com\/video\/346508015?dnt=1&amp;app_id=122963\" width=\"1100\" height=\"619\" frameborder=\"0\" allow=\"autoplay; fullscreen\" allowfullscreen><\/iframe><\/div>\n\t\t<\/div>\n\t<\/div>\n<\/div><\/div><\/div><\/div><div class=\"vc_row wpb_row vc_row-fluid\" ><div class=\"wpb_column vc_column_container vc_col-sm-12\"><div class=\"vc_column-inner\"><div class=\"wpb_wrapper\"><div class=\"vc_empty_space\"   style=\"height: 32px\"><span class=\"vc_empty_space_inner\"><\/span><\/div>\n\t<div class=\"wpb_text_column wpb_content_element\" >\n\t\t<div class=\"wpb_wrapper\">\n\t\t\t<h4>Contactar amb nosaltres?<\/h4>\n<h5>Reserves Aventures<\/h5>\n<p><em><strong>Locals<\/strong>\u00a0i\u00a0<strong>Nacionals<\/strong>\u00a0Guies tur\u00edstics i serveis als convidats<\/em><\/p>\n<p><span class=\"text-turquoise\">Reserves:<\/span>\u00a0Tours i excursions a Dom. Rep.<\/p>\n<p><img decoding=\"async\" class=\"emoji\" draggable=\"false\" src=\"https:\/\/s.w.org\/images\/core\/emoji\/11.2.0\/svg\/1f4de.svg\" alt=\"\ud83d\udcde\" title=\"\">\u00a0Tel\/Whatsapp\u00a0\u00a0<a href=\"tel:+1-809-720-6035\">+1-809-720-6035<\/a>.<\/p>\n<p><img decoding=\"async\" class=\"emoji\" draggable=\"false\" src=\"https:\/\/s.w.org\/images\/core\/emoji\/11.2.0\/svg\/1f4e9.svg\" alt=\"\ud83d\udce9\" title=\"\">\u00a0<a href=\"mailto:info@bookingadventures.com.do\">info@bookingadventures.com.do<\/a><\/p>\n<p><strong>Som flexibles per configurar visites privades per Whatsapp:\u00a0<a href=\"tel:+18097206035\">+18097206035.<\/a><\/strong><\/p>\n\n\t\t<\/div>\n\t<\/div>\n<div class=\"vc_empty_space\"   style=\"height: 32px\"><span class=\"vc_empty_space_inner\"><\/span><\/div><\/div><\/div><\/div><\/div><div class=\"vc_row wpb_row vc_row-fluid\" ><div class=\"wpb_column vc_column_container vc_col-sm-12\"><div class=\"vc_column-inner\"><div class=\"wpb_wrapper\"><div class=\"vc_btn3-container vc_btn3-inline\" ><button class=\"vc_general vc_btn3 vc_btn3-size-md vc_btn3-shape-rounded vc_btn3-style-modern vc_btn3-color-green\">RESERVAR ARA<\/button><\/div><\/div><\/div><\/div><\/div>","protected":false},"excerpt":{"rendered":"<p><span style=\"vertical-align: inherit;\"><span style=\"vertical-align: inherit;\">\u00a1Y aqu\u00ed vamos! <\/span><span style=\"vertical-align: inherit;\">El primer que pots veure \u00e9s l&#039;enorme col\u00b7lecci\u00f3 d&#039;illa monta\u00f1osa de pedra calitza trucada Mogotes. <\/span><span style=\"vertical-align: inherit;\">encima de ellos m\u00e1s de 700 especies de plantas y muchas aves de los humedales que vuelan alrededor. <\/span><span style=\"vertical-align: inherit;\">Posteriorment Visitando Coves amb pictograf\u00edas de les nostres comunitats ind\u00edgenes fa 750 anys.<\/span><\/span><\/p>\n<p><span style=\"vertical-align: inherit;\"><span style=\"vertical-align: inherit;\">A m\u00e9s, aquest viatge mostra que son els llocs m\u00e9s importants per visitar al Parc Nacional Haitises. <\/span><span style=\"vertical-align: inherit;\">Las dos cuevas m\u00e1s visitadas son Line Cave y Sand Cave. <\/span><span style=\"vertical-align: inherit;\">Luego de unas horas visitando este hermoso Parque Nacional con rumbo al bosque h\u00famedo del Parque Nacional Los Haitises, luego de 2 horas de caminata, regresamos al lugar desde donde comenzamos nuestra excursi\u00f3n. <\/span><span style=\"vertical-align: inherit;\">Obteniu els seus bolets aqu\u00ed i deixeu-vos-hi entre els llocs que coneixeu la hist\u00f2ria del Parc Nacional Haitises.<\/span><\/span><\/p>\n<p>&nbsp;<\/p>\n<p><strong><span style=\"vertical-align: inherit;\"><span style=\"vertical-align: inherit;\">Seleccioneu la data per al tour\u00a0<\/span><\/span><\/strong><\/p>","protected":false},"featured_media":8192,"template":"","meta":[],"product_cat":[254,946,928,927,255],"product_tag":[584,172,176,174,173,180,571,177,171,580,603,320,499,212,175,181],"class_list":["post-8858","product","type-product","status-publish","has-post-thumbnail","hentry","product_cat-tours-excursions-los-haitises-national-park","product_cat-1-sabana-de-la-mar","product_cat-boat-trip-los-haitises","product_cat-hiking-los-haitises","product_cat-tours-excursions-samana-bay-dominican-republic","product_tag-birding-in-los-haitises","product_tag-boat-tour","product_tag-cano-hondo","product_tag-eco-tours","product_tag-excursion","product_tag-hiking","product_tag-hiking-los-haitises","product_tag-locals-guides","product_tag-los-haitises","product_tag-los-haitises-excursions","product_tag-los-haitises-from-samana","product_tag-los-haitises-national-park-tour","product_tag-los-haitises-sabana-de-la-mar","product_tag-mangroves-los-haitises","product_tag-sabana-de-la-mar","product_tag-trails"],"_links":{"self":[{"href":"https:\/\/www.boattoursamana.com\/ca\/wp-json\/wp\/v2\/product\/8858","targetHints":{"allow":["GET"]}}],"collection":[{"href":"https:\/\/www.boattoursamana.com\/ca\/wp-json\/wp\/v2\/product"}],"about":[{"href":"https:\/\/www.boattoursamana.com\/ca\/wp-json\/wp\/v2\/types\/product"}],"wp:featuredmedia":[{"embeddable":true,"href":"https:\/\/www.boattoursamana.com\/ca\/wp-json\/wp\/v2\/media\/8192"}],"wp:attachment":[{"href":"https:\/\/www.boattoursamana.com\/ca\/wp-json\/wp\/v2\/media?parent=8858"}],"wp:term":[{"taxonomy":"product_cat","embeddable":true,"href":"https:\/\/www.boattoursamana.com\/ca\/wp-json\/wp\/v2\/product_cat?post=8858"},{"taxonomy":"product_tag","embeddable":true,"href":"https:\/\/www.boattoursamana.com\/ca\/wp-json\/wp\/v2\/product_tag?post=8858"}],"curies":[{"name":"wp","href":"https:\/\/api.w.org\/{rel}","templated":true}]}}