{"id":9231,"date":"2019-07-21T20:02:25","date_gmt":"2019-07-21T20:02:25","guid":{"rendered":"https:\/\/www.ticketswhales.com\/?post_type=product&#038;p=9231"},"modified":"2023-03-21T10:41:54","modified_gmt":"2023-03-21T10:41:54","slug":"el-limon-waterfall-bacardi-island-cayo-levantado-from-punta-cana-hotels","status":"publish","type":"product","link":"https:\/\/www.boattoursamana.com\/ca\/gira\/el-limon-waterfall-illa-bacardi-cayo-levantado-des-hotels-punta-cana","title":{"rendered":"Excursi\u00f3 a la cascada El Lim\u00f3n i l&#039;illa Bacard\u00ed (Cayo Levantado) des dels hotels de Punta Cana"},"content":{"rendered":"<div class=\"vc_row wpb_row vc_row-fluid\" ><div class=\"wpb_column vc_column_container vc_col-sm-12\"><div class=\"vc_column-inner\"><div class=\"wpb_wrapper\"><div class=\"mkdf-section-title-holder\" style=\"text-align: left\">\n\t<div class=\"mkdf-st-inner\">\n\t\t\t\t\t<h5 class=\"mkdf-st-subtitle\" >\n\t\t\t\t(Recollida a Punta Cana)\t\t\t<\/h5>\n\t\t\t\t\t\t\t<h3 class=\"mkdf-st-title\" >\n\t\t\t\tCascada El Limon i illa Bacard\u00ed dels hotels de Punta Cana\t\t\t<\/h3>\n\t\t\t\t\t<\/div>\n<\/div><\/div><\/div><\/div><\/div><div class=\"vc_row wpb_row vc_row-fluid\" ><div class=\"wpb_column vc_column_container vc_col-sm-12\"><div class=\"vc_column-inner\"><div class=\"wpb_wrapper\"><div class=\"vc_btn3-container vc_btn3-inline\" ><button class=\"vc_general vc_btn3 vc_btn3-size-md vc_btn3-shape-rounded vc_btn3-style-modern vc_btn3-color-green\">RESERVAR ARA<\/button><\/div>\n\t<div class=\"wpb_text_column wpb_content_element\" >\n\t\t<div class=\"wpb_wrapper\">\n\t\t\t<h4><b><i>Visi\u00f3 general <\/i><\/b><\/h4>\n<p>Si esteu a Punta Cana o B\u00e0varo, busqueu una excursi\u00f3 d&#039;un dia pagant menys del normal. Reserva aquest viatge amb una recollida al teu hotel de Punta Cana. L&#039;autob\u00fas us portar\u00e0 a Sabana de la mar on agafarem el catamar\u00e0 per passar la badia de Saman\u00e0. Visitar la comunitat de Samana en Safari per arribar a la comunitat d&#039;El Lim\u00f3n, passejar a cavall o caminar a les cascades despr\u00e9s de creuar la badia de Samana i l&#039;hora del dinar a l&#039;illa de Bacardi. Aquest viatge comen\u00e7a a les 6:00 del mat\u00ed i acaba a les 18:30.<\/p>\n<p>Despr\u00e9s d&#039;aquesta experi\u00e8ncia, tornar\u00e0s al teu hotel.<\/p>\n<ul>\n<li style=\"font-weight: 400;\">Tarifes incloses<\/li>\n<li>Dinar a la platja incl\u00f2s<\/li>\n<li>Trasllat incl\u00f2s<\/li>\n<li style=\"font-weight: 400;\"><span style=\"font-weight: 400;\">La guia proporciona instrucci\u00f3 i supervisi\u00f3<\/span><\/li>\n<\/ul>\n<p>&nbsp;<\/p>\n<h4><b>Inclusions i exclusions<\/b><\/h4>\n<p>&nbsp;<\/p>\n<p><b>Inclusions<\/b><\/p>\n<p>&nbsp;<\/p>\n<ol>\n<li style=\"font-weight: 400;\">Recollida a l&#039;hotel<\/li>\n<li style=\"font-weight: 400;\">Badia de Saman\u00e1<\/li>\n<li>Illa Bacard\u00ed, platja i dinar<\/li>\n<li>Safari a El Lim\u00f3n<\/li>\n<li>Passejades a cavall o senderisme a les cascades<\/li>\n<li>C\u00f2ctels dominicans<\/li>\n<li style=\"font-weight: 400;\"><span style=\"font-weight: 400;\">Tots els impostos, taxes i despeses de gesti\u00f3<\/span><\/li>\n<li style=\"font-weight: 400;\"><span style=\"font-weight: 400;\">Impostos locals<\/span><\/li>\n<li style=\"font-weight: 400;\"><span style=\"font-weight: 400;\">Begudes<\/span><\/li>\n<li style=\"font-weight: 400;\"><span style=\"font-weight: 400;\">Totes les activitats<\/span><\/li>\n<li style=\"font-weight: 400;\"><span style=\"font-weight: 400;\">Guia local<\/span><\/li>\n<\/ol>\n<p><b> Exclusions<\/b><\/p>\n<ol>\n<li style=\"font-weight: 400;\"><span style=\"font-weight: 400;\">Propostes<\/span><\/li>\n<li style=\"font-weight: 400;\"><span style=\"font-weight: 400;\">Begudes alcoh\u00f2liques despr\u00e9s dels c\u00f2ctels\u00a0<\/span><\/li>\n<\/ol>\n<p>&nbsp;<\/p>\n<h4><em><strong>Sortida i tornada<\/strong><\/em><\/h4>\n<p><span style=\"font-weight: 400;\">El viatger obtindr\u00e0 un punt de trobada despr\u00e9s del proc\u00e9s de reserva. Les visites comencen i acaben als nostres punts de trobada.<\/span><\/p>\n<p>&nbsp;<\/p>\n<h4><b><i>Qu\u00e8 esperar?<\/i><\/b><\/h4>\n<p>&nbsp;<\/p>\n<p><em><strong>Aconsegueix les teves entrades<\/strong><\/em> per visitar The Waterfalls on Horses Riding o Senderisme, Safari Saman\u00e1, Nedant a les Fonts Naturals des del dinar de les cascades a l&#039;illa de Bacard\u00ed m\u00e9s Beach Time.<\/p>\n<p>Comen\u00e7ant des de Punta Cana en autob\u00fas ens dirigirem fins al port de la badia de Samana. Al port ens embarcam en un vaixell o catamar\u00e0 amb un guia local, passem la badia de Saman\u00e1 fins a la comunitat de Saman\u00e1. Fer un safari amb un guia local per parlar de la hist\u00f2ria de Saman\u00e1 fins arribar a la Comunitat del Lim\u00f3n. A la Comunitat del Lim\u00f3n comencem a fer senderisme o passejades a cavall pel bosc dels salts d&#039;aigua del Lim\u00f3n fins a les cascades del Lim\u00f3n. On quan arribem podem nedar! Despr\u00e9s de tornar a Safari per anar al port de Samana. Visita l&#039;illa de Bacard\u00ed per dinar a la platja i banyar-te en una de les illes m\u00e9s boniques de la Rep\u00fablica Dominicana.<\/p>\n<p>En cas que us agradi aquest viatge m\u00e9s llarg o m\u00e9s curt, poseu-vos en contacte amb nosaltres...<\/p>\n<p>&nbsp;<\/p>\n<p>&nbsp;<\/p>\n<h4><em><strong>Qu\u00e8 hauries de portar?<\/strong><\/em><\/h4>\n<ul>\n<li style=\"font-weight: 400;\"><span style=\"font-weight: 400;\">C\u00e0mera<\/span><\/li>\n<li style=\"font-weight: 400;\"><span style=\"font-weight: 400;\">Brots repel\u00b7lents<\/span><\/li>\n<li style=\"font-weight: 400;\"><span style=\"font-weight: 400;\">crema per al sol<\/span><\/li>\n<li style=\"font-weight: 400;\"><span style=\"font-weight: 400;\">Barret<\/span><\/li>\n<li style=\"font-weight: 400;\"><span style=\"font-weight: 400;\">Pantalons c\u00f2modes<\/span><\/li>\n<li style=\"font-weight: 400;\"><span style=\"font-weight: 400;\">Sabates de muntanya per al bosc<\/span><\/li>\n<li style=\"font-weight: 400;\"><span style=\"font-weight: 400;\">Sand\u00e0lies a les zones de primavera.<\/span><\/li>\n<li style=\"font-weight: 400;\"><span style=\"font-weight: 400;\">Roba de bany<\/span><\/li>\n<\/ul>\n<p>&nbsp;<\/p>\n<h4><b><i>Recollida a l&#039;hotel <\/i><\/b><\/h4>\n<p><span style=\"font-weight: 400;\">S&#039;ofereix recollida dels viatgers!<\/span><\/p>\n<p><span style=\"font-weight: 400;\">Fem recollida a tots els hotels de Punta Cana. La ubicaci\u00f3 de recollida \u00e9s el vest\u00edbul de l&#039;hotel<br \/>\nSi us allotgeu en un condomini de la zona, us recollirem al condominio o a l&#039;entrada del complex m\u00e9s proper.. Configurem Pick up contactant-nos per Whatsapp.<\/span><\/p>\n<p><b>Nota:<\/b><span style=\"font-weight: 400;\"> Si feu la reserva dins de les 24 hores posteriors a l&#039;hora de sortida del tour o de l&#039;excursi\u00f3, podem organitzar la recollida a l&#039;hotel. Un cop completada la compra, us enviarem la informaci\u00f3 de contacte completa (n\u00famero de tel\u00e8fon, adre\u00e7a de correu electr\u00f2nic, etc.) perqu\u00e8 el nostre guia local organitzi la recollida.<\/span><\/p>\n<h4><b><i>Confirmaci\u00f3 d&#039;informaci\u00f3 addicional <\/i><\/b><\/h4>\n<ol>\n<li>Les entrades s\u00f3n el Rebut despr\u00e9s de pagar aquest Tour. Podeu mostrar el pagament al vostre tel\u00e8fon.<\/li>\n<li style=\"font-weight: 400;\"><span style=\"font-weight: 400;\">El punt de trobada es rebr\u00e0 despr\u00e9s del proc\u00e9s de reserva.<\/span><\/li>\n<li style=\"font-weight: 400;\"><span style=\"font-weight: 400;\">Els nens han d&#039;anar acompanyats d&#039;un adult.<\/span><\/li>\n<li style=\"font-weight: 400;\"><span style=\"font-weight: 400;\"> No accessible amb cadira de rodes <\/span><\/li>\n<li style=\"font-weight: 400;\"><span style=\"font-weight: 400;\">Els nadons han de seure a les faldes <\/span><\/li>\n<li style=\"font-weight: 400;\"><span style=\"font-weight: 400;\">No recomanat per a viatgers amb problemes d&#039;esquena<\/span><\/li>\n<li style=\"font-weight: 400;\"><span style=\"font-weight: 400;\">No recomanat per a viatgers embarassades <\/span><\/li>\n<li style=\"font-weight: 400;\"><span style=\"font-weight: 400;\"> Sense problemes card\u00edacs ni altres afeccions m\u00e8diques greus <\/span><\/li>\n<li style=\"font-weight: 400;\"><span style=\"font-weight: 400;\">La majoria dels viatgers poden participar<\/span><\/li>\n<\/ol>\n<h4><b><i>Pol\u00edtica de cancel \u00b7 laci\u00f3<\/i><\/b><\/h4>\n<p>Per obtenir un reemborsament complet, llegiu les nostres pol\u00edtiques de cancel\u00b7lacions\u00a0<a href=\"https:\/\/www.boattoursamana.com\/ca\/reserva-en-linia\/\" target=\"_blank\" rel=\"noopener\" data-saferedirecturl=\"https:\/\/www.google.com\/url?q=https:\/\/www.boattoursamana.com\/online-booking\/&amp;source=gmail&amp;ust=1672449202351000&amp;usg=AOvVaw1yAeVAPktmaVCqDujgUn90\">Clica aqu\u00ed<\/a>. Els fons es perdran si la reserva es cancel\u00b7la el mateix dia del viatge.<\/p>\n\n\t\t<\/div>\n\t<\/div>\n<\/div><\/div><\/div><\/div><div class=\"vc_row wpb_row vc_row-fluid\" ><div class=\"wpb_column vc_column_container vc_col-sm-12\"><div class=\"vc_column-inner\"><div class=\"wpb_wrapper\"><div class=\"vc_empty_space\"   style=\"height: 32px\"><span class=\"vc_empty_space_inner\"><\/span><\/div>\n\t<div class=\"wpb_text_column wpb_content_element\" >\n\t\t<div class=\"wpb_wrapper\">\n\t\t\t<h4>Contactar amb nosaltres?<\/h4>\n<h5><em><strong>Reserves Aventures<\/strong><\/em><\/h5>\n<p><em><strong>Locals<\/strong> i <strong>Nacionals<\/strong> Guies tur\u00edstics i serveis als convidats<\/em><\/p>\n<p><span class=\"text-turquoise\">Reserves:<\/span> Tours i excursions a Dom. Rep.<\/p>\n<p><img decoding=\"async\" class=\"emoji\" draggable=\"false\" src=\"https:\/\/s.w.org\/images\/core\/emoji\/11.2.0\/svg\/1f4de.svg\" alt=\"\ud83d\udcde\" title=\"\"> Tel\/Whatsapp\u00a0 <a href=\"tel:+1-809-720-6035\">+1-809-720-6035<\/a>.<\/p>\n<p><img decoding=\"async\" class=\"emoji\" draggable=\"false\" src=\"https:\/\/s.w.org\/images\/core\/emoji\/11.2.0\/svg\/1f4e9.svg\" alt=\"\ud83d\udce9\" title=\"\"> <a href=\"mailto:info@bookingadventures.com.do\">info@bookingadventures.com.do<\/a><\/p>\n<p><strong>Som flexibles per configurar visites privades per Whatsapp: <a href=\"tel:+18097206035\">+18097206035.<\/a><\/strong><\/p>\n\n\t\t<\/div>\n\t<\/div>\n<div class=\"vc_empty_space\"   style=\"height: 32px\"><span class=\"vc_empty_space_inner\"><\/span><\/div><\/div><\/div><\/div><\/div><div class=\"vc_row wpb_row vc_row-fluid\" ><div class=\"wpb_column vc_column_container vc_col-sm-12\"><div class=\"vc_column-inner\"><div class=\"wpb_wrapper\"><div class=\"vc_btn3-container vc_btn3-inline\" ><button class=\"vc_general vc_btn3 vc_btn3-size-md vc_btn3-shape-rounded vc_btn3-style-modern vc_btn3-color-green\">RESERVAR ARA<\/button><\/div><\/div><\/div><\/div><\/div>","protected":false},"excerpt":{"rendered":"<p>Si esteu a Punta Cana o B\u00e0varo, busqueu una excursi\u00f3 d&#039;un dia pagant menys del normal. Reserva aquest viatge amb una recollida al teu hotel de Punta Cana. L&#039;autob\u00fas us portar\u00e0 a Sabana de la mar on agafarem un catamar\u00e0 per passar per la badia de Samana. Visitar la comunitat de Samana en Safari per arribar a la comunitat d&#039;El Lim\u00f3n, passejar a cavall o caminar a les cascades despr\u00e9s de creuar la badia de Samana i l&#039;hora del dinar a l&#039;illa de Bacardi. Aquest viatge comen\u00e7a a les 6:00 del mat\u00ed i acaba a les 18:30.<\/p>\n<p>&nbsp;<\/p>\n<p>&nbsp;<\/p>\n<p><strong>Seleccioneu la data per al Tour\u00a0<\/strong><\/p>","protected":false},"featured_media":12593,"template":"","meta":[],"product_cat":[307,948,961,959,178,189,972,963,190,253,254,255],"product_tag":[184,183,384,223,382,380,185,381,222,175,383,186,187],"class_list":["post-9231","product","type-product","status-publish","has-post-thumbnail","hentry","product_cat-salto-el-limon-and-bacardi-island","product_cat-1-punta-cana","product_cat-el-limon-horseback-riding","product_cat-el-limon-punta-cana","product_cat-hiking","product_cat-horse-riding-to-waterfalls","product_cat-punta-cana-group-tours","product_cat-punta-cana-samana-day-trips","product_cat-safari-samana","product_cat-tours-and-excursions","product_cat-tours-excursions-los-haitises-national-park","product_cat-tours-excursions-samana-bay-dominican-republic","product_tag-bacardi-island","product_tag-beach-time","product_tag-cascada-el-limon-salto-el-limon-samana-republica-dominicana","product_tag-cayo-levantado","product_tag-el-limon-waterfall-bacardi-island-from-punta-cana","product_tag-el-limon-waterfall-and-bacardi-island-tour-from-punta-cana","product_tag-el-limon-waterfalls","product_tag-guided-adventures","product_tag-punta-cana","product_tag-sabana-de-la-mar","product_tag-salto-de-limon-punta-cana","product_tag-samana","product_tag-samana-tours"],"_links":{"self":[{"href":"https:\/\/www.boattoursamana.com\/ca\/wp-json\/wp\/v2\/product\/9231","targetHints":{"allow":["GET"]}}],"collection":[{"href":"https:\/\/www.boattoursamana.com\/ca\/wp-json\/wp\/v2\/product"}],"about":[{"href":"https:\/\/www.boattoursamana.com\/ca\/wp-json\/wp\/v2\/types\/product"}],"wp:featuredmedia":[{"embeddable":true,"href":"https:\/\/www.boattoursamana.com\/ca\/wp-json\/wp\/v2\/media\/12593"}],"wp:attachment":[{"href":"https:\/\/www.boattoursamana.com\/ca\/wp-json\/wp\/v2\/media?parent=9231"}],"wp:term":[{"taxonomy":"product_cat","embeddable":true,"href":"https:\/\/www.boattoursamana.com\/ca\/wp-json\/wp\/v2\/product_cat?post=9231"},{"taxonomy":"product_tag","embeddable":true,"href":"https:\/\/www.boattoursamana.com\/ca\/wp-json\/wp\/v2\/product_tag?post=9231"}],"curies":[{"name":"wp","href":"https:\/\/api.w.org\/{rel}","templated":true}]}}