{"id":9314,"date":"2019-09-05T08:46:51","date_gmt":"2019-09-05T08:46:51","guid":{"rendered":"https:\/\/www.ticketswhales.com\/?post_type=product&#038;p=9314"},"modified":"2023-11-10T09:12:15","modified_gmt":"2023-11-10T09:12:15","slug":"santo-domingo-city-tour-from-punta-cana-all-inclusive-day-trip","status":"publish","type":"product","link":"https:\/\/www.boattoursamana.com\/ca\/gira\/visita-de-la-ciutat-de-santo-domingo-des-de-punta-cana-via-tot-inclos-2","title":{"rendered":"Visita a la ciutat de Santo Domingo des de Punta Cana. Excursi\u00f3 d&#039;un dia amb tot incl\u00f2s."},"content":{"rendered":"<div class=\"vc_row wpb_row vc_row-fluid\" ><div class=\"wpb_column vc_column_container vc_col-sm-12\"><div class=\"vc_column-inner\"><div class=\"wpb_wrapper\"><div class=\"mkdf-section-title-holder\" style=\"text-align: left\">\n\t<div class=\"mkdf-st-inner\">\n\t\t\t\t\t<h5 class=\"mkdf-st-subtitle\" >\n\t\t\t\tTransport i dinar inclosos\t\t\t<\/h5>\n\t\t\t\t\t\t\t<h3 class=\"mkdf-st-title\" >\n\t\t\t\tVisita a la ciutat de Santo Domingo des de Punta Cana. Excursi\u00f3 d&#039;un dia amb tot incl\u00f2s.\t\t\t<\/h3>\n\t\t\t\t\t<\/div>\n<\/div><\/div><\/div><\/div><\/div><div class=\"vc_row wpb_row vc_row-fluid\" ><div class=\"wpb_column vc_column_container vc_col-sm-12\"><div class=\"vc_column-inner\"><div class=\"wpb_wrapper\"><div class=\"vc_btn3-container vc_btn3-inline\" ><button class=\"vc_general vc_btn3 vc_btn3-size-md vc_btn3-shape-rounded vc_btn3-style-modern vc_btn3-color-green\">RESERVAR ARA<\/button><\/div>\n\t<div class=\"wpb_text_column wpb_content_element\" >\n\t\t<div class=\"wpb_wrapper\">\n\t\t\t<h3 class=\"ui_header h1 attractions-product-info-ProductTitle__title--1qM0o\"><\/h3>\n<h4><b><i>Visi\u00f3 general <\/i><\/b><\/h4>\n<p>Passeu un dia a la zona hist\u00f2rica colonial de la ciutat m\u00e9s antiga d&#039;Am\u00e8rica Llatina. Exploreu llocs emblem\u00e0tics i destacats com la pla\u00e7a d&#039;Espanya, el Palau Nacional, el far de Colom i la Zona Colonial.<\/p>\n<p>Atureu-vos al parc nacional Tree Eyes i vegeu les coves subterr\u00e0nies i els llacs utilitzats pels indis ta\u00efnos. Primer us recolliran al vostre hotel amb autob\u00fas.<\/p>\n<p>El recorregut comen\u00e7ar\u00e0 amb la trobada d&#039;un guia professional que us donar\u00e0 informaci\u00f3 sobre l&#039;illa i la cultura dominicana, menjar, m\u00fasica i molt m\u00e9s. El dinar en un restaurant t\u00edpic dominic\u00e0 est\u00e0 incl\u00f2s. Aquest tour us donar\u00e0 sens dubte la hist\u00f2ria real d&#039;aquesta illa!<\/p>\n<p>Despr\u00e9s d&#039;aquesta experi\u00e8ncia, tornareu a la ubicaci\u00f3 on us trobareu amb el guia tur\u00edstic<\/p>\n<p>&nbsp;<\/p>\n<h4><b>Inclusions i exclusions<\/b><\/h4>\n<p><b>Inclusions<\/b><\/p>\n<ol>\n<li>Dinar Bufet<\/li>\n<li>Far de Colom<\/li>\n<li>Excursi\u00f3 d&#039;un dia a Santo Domingo<\/li>\n<li>Parc Nacional Los Tres Ojos<\/li>\n<li>Passeig de la Zona Colonial<\/li>\n<li>El Palau Nacional<\/li>\n<li>\u00a0La pla\u00e7a d&#039;Espanya<\/li>\n<li style=\"font-weight: 400;\"><span style=\"font-weight: 400;\">Tots els impostos, taxes i despeses de gesti\u00f3<\/span><\/li>\n<li style=\"font-weight: 400;\"><span style=\"font-weight: 400;\">Impostos locals<\/span><\/li>\n<li style=\"font-weight: 400;\"><span style=\"font-weight: 400;\">Begudes<\/span><\/li>\n<li>Snacks<\/li>\n<li style=\"font-weight: 400;\"><span style=\"font-weight: 400;\">Guia local<\/span><\/li>\n<\/ol>\n<p><b> Exclusions<\/b><\/p>\n<ol>\n<li style=\"font-weight: 400;\"><span style=\"font-weight: 400;\">Propostes<\/span><\/li>\n<li style=\"font-weight: 400;\"><span style=\"font-weight: 400;\">Begudes alcoh\u00f2liques<\/span><\/li>\n<\/ol>\n<p>&nbsp;<\/p>\n<h4><em><strong>Sortida i tornada<\/strong><\/em><\/h4>\n<p><span style=\"font-weight: 400;\">El viatger obtindr\u00e0 un punt de trobada despr\u00e9s del proc\u00e9s de reserva. Les visites comencen i acaben als vostres punts de trobada.<\/span><\/p>\n<h3><\/h3>\n<h3 class=\"ui_header h1 attractions-product-info-ProductTitle__title--1qM0o\">Visita a la ciutat de Santo Domingo des de Punta Cana. Excursi\u00f3 d&#039;un dia amb tot incl\u00f2s.<\/h3>\n<h4><b><i>Qu\u00e8 esperar?<\/i><\/b><\/h4>\n<div class=\"apd_content_block\" data-tab=\"TABS_OVERVIEW\">\n<div class=\"ui_card section attractions-product-details-Overview__sectionMargin--uHktd attractions-product-details-Overview__cleanslateOverrideDT--39Ov7\"><\/div>\n<\/div>\n<div data-tab=\"TABS_WHAT_TO_EXPECT\">\n<div class=\"ui_card attractions-card-CollapsibleProductDetailsCard__cardContainer--3r2wk attractions-card-CollapsibleProductDetailsCard__cleanslateOverrideDT--2AJh0\">\n<div class=\"attractions-card-CollapsibleCard__header--IDA3r\">\n<div class=\"attractions-card-CollapsibleCard__headerSection--3gTKb\"><\/div>\n<\/div>\n<div class=\"attractions-card-CollapsibleCard__content--2Ws8q\">\n<div class=\"attractions-card-CollapsibleCard__contentWrap--374jk attractions-card-CollapsibleCard__titleUnderline--1uHze\">\n<div class=\"attractions-card-CollapsibleProductDetailsCard__cardContent--23ext\">\n<div class=\"common-text-ReadMore__readMore--3Iu8c common-text-ReadMore__variantFadeOut--1tInd\">\n<div class=\"common-text-ReadMore__content--2X4LR\">\n<div class=\"ui_columns is-desktop\">\n<div class=\"ui_column\">Santo Domingo \u00e9s una ciutat m\u00e0gica, plena d&#039;hist\u00f2ria, cultura i paisatges sorprenents. Passeja per la capital m\u00e9s antiga del &quot;Nou&quot; M\u00f3n; Santo Domingo \u00e9s la primera ciutat fundada a Am\u00e8rica.<\/div>\n<div>L&#039;any 1992 Santo Domingo, la ciutat m\u00e9s antiga d&#039;Am\u00e8rica, va celebrar el seu 500\u00e8 aniversari del seu descobriment per Crist\u00f2for Colom. Santo Domingo t\u00e9 la primera catedral, universitat i ajuntament del nou m\u00f3n. Tot el centre de la ciutat est\u00e0 ple d&#039;edificis colonials dels segles XV i XVI.<\/div>\n<div>En aquest recorregut no nom\u00e9s visitareu els edificis hist\u00f2rics m\u00e9s importants, sin\u00f3 tamb\u00e9 alguns museus i una cova fascinant. &quot;Los Tres Ojos&quot; \u00e9s la primera parada on veureu una cova aprendre sobre la vida dels indis ta\u00efnos.<\/div>\n<div><\/div>\n<\/div>\n<\/div>\n<\/div>\n<\/div>\n<\/div>\n<\/div>\n<\/div>\n<\/div>\n<h4><em><strong>Qu\u00e8 hauries de portar?<\/strong><\/em><\/h4>\n<ul>\n<li style=\"font-weight: 400;\"><span style=\"font-weight: 400;\">C\u00e0mera<\/span><\/li>\n<li style=\"font-weight: 400;\"><span style=\"font-weight: 400;\">Brots repel\u00b7lents<\/span><\/li>\n<li style=\"font-weight: 400;\"><span style=\"font-weight: 400;\">Crema per al sol<\/span><\/li>\n<li style=\"font-weight: 400;\"><span style=\"font-weight: 400;\">Barret<\/span><\/li>\n<li style=\"font-weight: 400;\"><span style=\"font-weight: 400;\">Pantalons c\u00f2modes<\/span><\/li>\n<li style=\"font-weight: 400;\"><span style=\"font-weight: 400;\">Sabates de senderisme\u00a0<\/span><\/li>\n<li style=\"font-weight: 400;\"><span style=\"font-weight: 400;\">Sand\u00e0lies a les zones de primavera.<\/span><\/li>\n<li style=\"font-weight: 400;\"><span style=\"font-weight: 400;\">Roba de bany<\/span><\/li>\n<\/ul>\n<p>&nbsp;<\/p>\n<h4><b><i>Recollida a l&#039;hotel <\/i><\/b><\/h4>\n<p><span style=\"font-weight: 400;\">S&#039;ofereix recollida dels viatgers!<\/span><\/p>\n<p><span style=\"font-weight: 400;\">Fem recollida a tots els hotels de Punta Cana. La ubicaci\u00f3 de recollida \u00e9s el vest\u00edbul de l&#039;hotel<br \/>\nSi us allotgeu en un condomini de la zona, us recollirem al condominio o a l&#039;entrada del complex m\u00e9s proper.. Configurem Pick up contactant-nos per Whatsapp.<\/span><\/p>\n<p><b>Nota:<\/b><span style=\"font-weight: 400;\"> Si feu la reserva dins de les 24 hores posteriors a l&#039;hora de sortida del tour o de l&#039;excursi\u00f3, podem organitzar la recollida a l&#039;hotel. Un cop completada la compra, us enviarem la informaci\u00f3 de contacte completa (n\u00famero de tel\u00e8fon, adre\u00e7a de correu electr\u00f2nic, etc.) perqu\u00e8 el nostre guia local organitzi la recollida.<\/span><\/p>\n<h4><b><i>Confirmaci\u00f3 d&#039;informaci\u00f3 addicional <\/i><\/b><\/h4>\n<ol>\n<li>Les entrades s\u00f3n el Rebut despr\u00e9s de pagar aquest Tour. Podeu mostrar el pagament al vostre tel\u00e8fon.<\/li>\n<li style=\"font-weight: 400;\"><span style=\"font-weight: 400;\">El punt de trobada es rebr\u00e0 despr\u00e9s del proc\u00e9s de reserva.<\/span><\/li>\n<li style=\"font-weight: 400;\"><span style=\"font-weight: 400;\">Els nens han d&#039;anar acompanyats d&#039;un adult.<\/span><\/li>\n<li style=\"font-weight: 400;\"><span style=\"font-weight: 400;\"> No accessible amb cadira de rodes <\/span><\/li>\n<li style=\"font-weight: 400;\"><span style=\"font-weight: 400;\">Els nadons han de seure a les faldes <\/span><\/li>\n<li style=\"font-weight: 400;\"><span style=\"font-weight: 400;\">No recomanat per a viatgers amb problemes d&#039;esquena<\/span><\/li>\n<li style=\"font-weight: 400;\"><span style=\"font-weight: 400;\">No recomanat per a viatgers embarassades <\/span><\/li>\n<li style=\"font-weight: 400;\"><span style=\"font-weight: 400;\"> Sense problemes card\u00edacs ni altres afeccions m\u00e8diques greus <\/span><\/li>\n<li style=\"font-weight: 400;\"><span style=\"font-weight: 400;\">La majoria dels viatgers poden participar<\/span><\/li>\n<\/ol>\n<h4><b><i>Pol\u00edtica de cancel \u00b7 laci\u00f3<\/i><\/b><\/h4>\n<p>Per obtenir un reemborsament complet, llegiu les nostres pol\u00edtiques de cancel\u00b7lacions\u00a0<a href=\"https:\/\/www.boattoursamana.com\/ca\/reserva-en-linia\/\" target=\"_blank\" rel=\"noopener\" data-saferedirecturl=\"https:\/\/www.google.com\/url?q=https:\/\/www.boattoursamana.com\/online-booking\/&amp;source=gmail&amp;ust=1672449202351000&amp;usg=AOvVaw1yAeVAPktmaVCqDujgUn90\">Clica aqu\u00ed<\/a>. Els fons es perdran si la reserva es cancel\u00b7la el mateix dia del viatge.<\/p>\n\n\t\t<\/div>\n\t<\/div>\n<div class=\"vc_btn3-container vc_btn3-inline\" ><button class=\"vc_general vc_btn3 vc_btn3-size-md vc_btn3-shape-rounded vc_btn3-style-modern vc_btn3-color-green\">RESERVAR ARA<\/button><\/div><\/div><\/div><\/div><\/div><div class=\"vc_row wpb_row vc_row-fluid\" ><div class=\"wpb_column vc_column_container vc_col-sm-12\"><div class=\"vc_column-inner\"><div class=\"wpb_wrapper\">\n\t<div class=\"wpb_video_widget wpb_content_element vc_clearfix   vc_video-aspect-ratio-169 vc_video-el-width-100 vc_video-align-left\" >\n\t\t<div class=\"wpb_wrapper\">\n\t\t\t<h2 class=\"wpb_heading wpb_video_heading\">V\u00eddeo de Santo Domingo:<\/h2>\n\t\t\t<div class=\"wpb_video_wrapper\"><iframe loading=\"lazy\" title=\"Santo Domingo, capital de la Rep\u00fablica Dominicana | DIARI DE VIATGE\" width=\"1100\" height=\"619\" src=\"https:\/\/www.youtube.com\/embed\/CixCl3alHJw?feature=oembed\" frameborder=\"0\" allow=\"accelerometer; autoplay; encrypted-media; gyroscope; picture-in-picture\" allowfullscreen><\/iframe><\/div>\n\t\t<\/div>\n\t<\/div>\n<\/div><\/div><\/div><\/div><div class=\"vc_row wpb_row vc_row-fluid\" ><\/div><div class=\"wpb_column vc_column_container vc_col-sm-12\"><div class=\"vc_column-inner\"><div class=\"wpb_wrapper\"><div class=\"vc_btn3-container vc_btn3-inline\" ><button class=\"vc_general vc_btn3 vc_btn3-size-md vc_btn3-shape-rounded vc_btn3-style-modern vc_btn3-color-green\">RESERVAR ARA<\/button><\/div><\/div><\/div><\/div><div class=\"vc_empty_space\"   style=\"height: 32px\"><span class=\"vc_empty_space_inner\"><\/span><\/div><div class=\"vc_empty_space\"   style=\"height: 32px\"><span class=\"vc_empty_space_inner\"><\/span><\/div><div class=\"vc_row wpb_row vc_row-fluid\" ><div class=\"wpb_column vc_column_container vc_col-sm-12\"><div class=\"vc_column-inner\"><div class=\"wpb_wrapper\"><\/div><\/div><\/div><\/div>","protected":false},"excerpt":{"rendered":"<p>Per experimentar realment la rica hist\u00f2ria i cultura de la Rep\u00fablica Dominicana, uneix-te a nosaltres en una excursi\u00f3 de tot el dia per Santo Domingo, la ciutat m\u00e9s antiga d&#039;Am\u00e8rica. Viatjant en un autob\u00fas modern, net i c\u00f2mode, ser\u00e0s entretingut per un guia professional que far\u00e0 que aquest viatge sigui animat i informatiu.<\/p>\n<p>Al llarg del cam\u00ed veureu molts llocs interessants, com ara el riu Chav\u00f3n, que ha aparegut a pel\u00b7l\u00edcules, com ara Apocalypse Now i Rambo.<\/p>\n<p>Visitant el Parc Nacional Los Tres Ojos i la Zona Colonial completa despr\u00e9s d&#039;un t\u00edpic dinar bufet.<\/p>\n<p><strong>Seleccioneu la data per al City Tour:\u00a0<\/strong><\/p>","protected":false},"featured_media":13410,"template":"","meta":[],"product_cat":[347,948,159,160,972,966,348,349,253],"product_tag":[352,355,356,358,354,633,632,357,353,351,350],"class_list":["post-9314","product","type-product","status-publish","has-post-thumbnail","hentry","product_cat-santo-domingo-from-punta-cana","product_cat-1-punta-cana","product_cat-fees-entrace","product_cat-lunch","product_cat-punta-cana-group-tours","product_cat-punta-cana-santo-domingo","product_cat-tours-excursion-santo-domingo","product_cat-tours-and-excursion-punta-cana","product_cat-tours-and-excursions","product_tag-columbus-lighthouse","product_tag-day-trip-santo-domingo","product_tag-los-tres-ojos-national-park","product_tag-los-tres-ojos-santo-domingo","product_tag-santo-domingo-city-tour","product_tag-santo-domingo-excursion","product_tag-santo-domingo-tour","product_tag-the-3-eyes","product_tag-the-colonial-zone","product_tag-the-national-palace","product_tag-the-plaza-de-espana"],"_links":{"self":[{"href":"https:\/\/www.boattoursamana.com\/ca\/wp-json\/wp\/v2\/product\/9314","targetHints":{"allow":["GET"]}}],"collection":[{"href":"https:\/\/www.boattoursamana.com\/ca\/wp-json\/wp\/v2\/product"}],"about":[{"href":"https:\/\/www.boattoursamana.com\/ca\/wp-json\/wp\/v2\/types\/product"}],"wp:featuredmedia":[{"embeddable":true,"href":"https:\/\/www.boattoursamana.com\/ca\/wp-json\/wp\/v2\/media\/13410"}],"wp:attachment":[{"href":"https:\/\/www.boattoursamana.com\/ca\/wp-json\/wp\/v2\/media?parent=9314"}],"wp:term":[{"taxonomy":"product_cat","embeddable":true,"href":"https:\/\/www.boattoursamana.com\/ca\/wp-json\/wp\/v2\/product_cat?post=9314"},{"taxonomy":"product_tag","embeddable":true,"href":"https:\/\/www.boattoursamana.com\/ca\/wp-json\/wp\/v2\/product_tag?post=9314"}],"curies":[{"name":"wp","href":"https:\/\/api.w.org\/{rel}","templated":true}]}}