{"id":9613,"date":"2019-10-11T07:35:12","date_gmt":"2019-10-11T07:35:12","guid":{"rendered":"https:\/\/www.ticketswhales.com\/?post_type=product&#038;p=9613"},"modified":"2023-11-04T16:43:25","modified_gmt":"2023-11-04T16:43:25","slug":"samana-day-trip-from-punta-cana-el-limon-waterfall-and-bacardi-island","status":"publish","type":"product","link":"https:\/\/www.boattoursamana.com\/ca\/gira\/excursio-di-samana-des-punta-cana-el-limon-cascada-i-illa-bacardi","title":{"rendered":"Punta Cana: Excursi\u00f3 d&#039;un dia a Saman\u00e1 \u2013 Cascada El Lim\u00f3n i Illa Bacard\u00ed"},"content":{"rendered":"<div class=\"vc_row wpb_row vc_row-fluid\" ><div class=\"wpb_column vc_column_container vc_col-sm-12\"><div class=\"vc_column-inner\"><div class=\"wpb_wrapper\"><div class=\"mkdf-section-title-holder\" style=\"text-align: left\">\n\t<div class=\"mkdf-st-inner\">\n\t\t\t\t\t<h5 class=\"mkdf-st-subtitle\" >\n\t\t\t\t(Recollida a Punta Cana)\t\t\t<\/h5>\n\t\t\t\t\t\t\t<h3 class=\"mkdf-st-title\" >\n\t\t\t\tExcursi\u00f3 d&#039;un dia a Samana des de Punta Cana - Cascada El Limon i illa Bacard\u00ed\t\t\t<\/h3>\n\t\t\t\t\t<\/div>\n<\/div><div class=\"vc_empty_space\"   style=\"height: 32px\"><span class=\"vc_empty_space_inner\"><\/span><\/div>\n\t<div class=\"wpb_text_column wpb_content_element\" >\n\t\t<div class=\"wpb_wrapper\">\n\t\t\t<div class=\"vc_row wpb_row vc_row-fluid\">\n<div class=\"wpb_column vc_column_container vc_col-sm-12\">\n<div class=\"vc_column-inner\">\n<div class=\"wpb_wrapper\">\n<div class=\"mkdf-section-title-holder\">\n<div class=\"mkdf-st-inner\">\n<h5 class=\"mkdf-st-subtitle\">(Recollida a Punta Cana)<\/h5>\n<h3 class=\"mkdf-st-title\">Excursi\u00f3 d&#039;un dia a Samana des de Punta Cana: cascada El Limon i illa Bacard\u00ed<\/h3>\n<\/div>\n<\/div>\n<\/div>\n<\/div>\n<\/div>\n<\/div>\n<div class=\"vc_row wpb_row vc_row-fluid\"><\/div>\n<div class=\"wpb_column vc_column_container vc_col-sm-12\">\n<div class=\"vc_column-inner\">\n<div class=\"wpb_wrapper\"><\/div>\n<\/div>\n<\/div>\n<div class=\"wpb_text_column wpb_content_element\">\n<div class=\"wpb_wrapper\"><\/div>\n<\/div>\n<h4><a id=\"overview\" class=\"aal_anchor\" href=\"https:\/\/bookingadventures.com.do\/dominicantour\/samana-day-trip-from-punta-cana-el-limon-waterfall-and-bacardi-island\/#overview\" aria-hidden=\"true\" rel=\"noopener\"><\/a><b><i>Visi\u00f3 general<\/i><\/b><\/h4>\n<p>Si esteu a Punta Cana o B\u00e0varo, i voleu fer una excursi\u00f3 d&#039;un dia pagant menys de l&#039;habitual, seguiu endavant i reserveu aquest viatge. Dins d&#039;aquest viatge, us portarem a Samana, on en un catamar\u00e0, us portaran a Sabana de la Mar, un municipi de Hato Mayor, la casa del Parc Nacional Los Haitises. Aquest viatge inclou la visita a les comunitats de Samana i El Limon on podreu fer h\u00edpica o senderisme fins a una cascada just despr\u00e9s de creuar la badia de Samana. El dinar se servir\u00e0 a l&#039;illa de Bacard\u00ed. Els viatges comencen a les 6:00 del mat\u00ed i acaben a les 18:30. Fes la teva reserva ara!<\/p>\n<p>Despr\u00e9s d&#039;aquesta experi\u00e8ncia, et deixarem al teu hotel.<\/p>\n<ul>\n<li>Tarifes incloses<\/li>\n<li>Dinar a la platja incl\u00f2s<\/li>\n<li>Trasllat incl\u00f2s<\/li>\n<li>La guia proporciona instrucci\u00f3 i supervisi\u00f3<\/li>\n<\/ul>\n<p>&nbsp;<\/p>\n<h4><a id=\"inclusions-exclusions\" class=\"aal_anchor\" href=\"https:\/\/bookingadventures.com.do\/dominicantour\/samana-day-trip-from-punta-cana-el-limon-waterfall-and-bacardi-island\/#inclusions-exclusions\" aria-hidden=\"true\" rel=\"noopener\"><\/a><b>Inclusions i exclusions<\/b><\/h4>\n<p>&nbsp;<\/p>\n<p><b>Inclusions<\/b><\/p>\n<p>&nbsp;<\/p>\n<ol>\n<li>Recollida a l&#039;hotel<\/li>\n<li>Badia de Saman\u00e1<\/li>\n<li>Illa Bacard\u00ed, platja i dinar<\/li>\n<li>Safari a El Lim\u00f3n<\/li>\n<li>Passejades a cavall o senderisme a les cascades<\/li>\n<li>C\u00f2ctels dominicans<\/li>\n<li>Tots els impostos, taxes i despeses de gesti\u00f3<\/li>\n<li>Impostos locals<\/li>\n<li>Begudes<\/li>\n<li>Totes les activitats<\/li>\n<li>Guia local<\/li>\n<\/ol>\n<p><b>Exclusions<\/b><\/p>\n<ol>\n<li>Propostes<\/li>\n<li>Begudes alcoh\u00f2liques despr\u00e9s dels c\u00f2ctels<\/li>\n<\/ol>\n<p>&nbsp;<\/p>\n<h4><a id=\"departure-return\" class=\"aal_anchor\" href=\"https:\/\/bookingadventures.com.do\/dominicantour\/samana-day-trip-from-punta-cana-el-limon-waterfall-and-bacardi-island\/#departure-return\" aria-hidden=\"true\" rel=\"noopener\"><\/a><em><strong>Sortida i tornada<\/strong><\/em><\/h4>\n<p>El viatger obtindr\u00e0 un punt de trobada despr\u00e9s del proc\u00e9s de reserva. Les visites comencen i acaben als nostres punts de trobada.<\/p>\n<p>&nbsp;<\/p>\n<h3><a id=\"samana-day-trip-from-punta-cana-el-limon-waterfall-and-bacardi-island\" class=\"aal_anchor\" href=\"https:\/\/bookingadventures.com.do\/dominicantour\/samana-day-trip-from-punta-cana-el-limon-waterfall-and-bacardi-island\/#samana-day-trip-from-punta-cana-el-limon-waterfall-and-bacardi-island\" aria-hidden=\"true\" rel=\"noopener\"><\/a>Excursi\u00f3 d&#039;un dia a Samana des de Punta Cana: cascada El Limon i illa Bacard\u00ed<\/h3>\n<h4><a id=\"what-to-expect\" class=\"aal_anchor\" href=\"https:\/\/bookingadventures.com.do\/dominicantour\/samana-day-trip-from-punta-cana-el-limon-waterfall-and-bacardi-island\/#what-to-expect\" aria-hidden=\"true\" rel=\"noopener\"><\/a><b><i>Qu\u00e8 esperar?<\/i><\/b><\/h4>\n<p>&nbsp;<\/p>\n<p><strong>Aconsegueix ara les teves entrades<\/strong>. Les cascades, passejades a cavall, senderisme i safari, nataci\u00f3 a Natural Springs, dinar a l&#039;illa de Bacardi i altres activitats divertides t&#039;esperen.<\/p>\n<p>Sortint de Punta Cana en autob\u00fas, ens dirigirem al port de la badia de Samana. Un cop al port, pujarem a bord d&#039;un vaixell o catamar\u00e0 amb guies tur\u00edstics locals que us dirigiran a la comunitat de Samana. En aquesta comunitat, un Safari Tour us portar\u00e0 per ensenyar-vos la hist\u00f2ria d&#039;aquesta ciutat. Per\u00f2 aix\u00f2 no \u00e9s tot, la cascada del Limon \u00e9s la seg\u00fcent, aqu\u00ed podreu nedar i fer senderisme o fer h\u00edpica. La cascada del Lim\u00f3n \u00e9s un monument natural fant\u00e0stic amb un bosc tropical i fonts naturals clares. De tornada a Samana farem una parada a l&#039;illa de Bacardi on se servir\u00e0 un dinar i podreu banyar-vos en una de les piscines m\u00e9s naturals de Rep\u00fablica Dominicana.<\/p>\n<p>&nbsp;<\/p>\n<p>Si voleu ajustar aquest viatge perqu\u00e8 sigui m\u00e9s curt o m\u00e9s llarg, poseu-vos en contacte amb nosaltres.<\/p>\n<p>&nbsp;<\/p>\n<h4><a id=\"what-you-should-bring\" class=\"aal_anchor\" href=\"https:\/\/bookingadventures.com.do\/dominicantour\/samana-day-trip-from-punta-cana-el-limon-waterfall-and-bacardi-island\/#what-you-should-bring\" aria-hidden=\"true\" rel=\"noopener\"><\/a><em><strong>Qu\u00e8 hauries de portar?<\/strong><\/em><\/h4>\n<ul>\n<li>C\u00e0mera<\/li>\n<li>Brots repel\u00b7lents<\/li>\n<li>crema per al sol<\/li>\n<li>Barret<\/li>\n<li>Pantalons c\u00f2modes<\/li>\n<li>Sabates de muntanya per al bosc<\/li>\n<li>Sand\u00e0lies a les zones de primavera.<\/li>\n<li>Roba de bany<\/li>\n<\/ul>\n<p>&nbsp;<\/p>\n<h4><a id=\"hotel-pickup\" class=\"aal_anchor\" href=\"https:\/\/bookingadventures.com.do\/dominicantour\/samana-day-trip-from-punta-cana-el-limon-waterfall-and-bacardi-island\/#hotel-pickup\" aria-hidden=\"true\" rel=\"noopener\"><\/a><b><i>Recollida a l&#039;hotel<\/i><\/b><\/h4>\n<p>S&#039;ofereix recollida dels viatgers!<\/p>\n<p>Fem recollida a tots els hotels de Punta Cana. La ubicaci\u00f3 de recollida \u00e9s el vest\u00edbul de l&#039;hotel<br \/>\nSi us allotgeu en un condomini de la zona, us recollirem al condominio o a l&#039;entrada del complex m\u00e9s proper.. Configurem Pick up contactant-nos per Whatsapp.<\/p>\n<p><b>Nota:<\/b>\u00a0Si feu la reserva dins de les 24 hores posteriors a l&#039;hora de sortida del tour o de l&#039;excursi\u00f3, podem organitzar la recollida a l&#039;hotel. Un cop completada la compra, us enviarem la informaci\u00f3 de contacte completa (n\u00famero de tel\u00e8fon, adre\u00e7a de correu electr\u00f2nic, etc.) perqu\u00e8 el nostre guia local organitzi la recollida.<\/p>\n<h4><a id=\"additional-info-confirmation\" class=\"aal_anchor\" href=\"https:\/\/bookingadventures.com.do\/dominicantour\/samana-day-trip-from-punta-cana-el-limon-waterfall-and-bacardi-island\/#additional-info-confirmation\" aria-hidden=\"true\" rel=\"noopener\"><\/a><b><i>Confirmaci\u00f3 d&#039;informaci\u00f3 addicional<\/i><\/b><\/h4>\n<ol>\n<li>Les entrades s\u00f3n el Rebut despr\u00e9s de pagar aquest Tour. Podeu mostrar el pagament al vostre tel\u00e8fon.<\/li>\n<li>El punt de trobada es rebr\u00e0 despr\u00e9s del proc\u00e9s de reserva.<\/li>\n<li>Els nens han d&#039;anar acompanyats d&#039;un adult.<\/li>\n<li>No accessible amb cadira de rodes<\/li>\n<li>Els nadons han de seure a les faldes<\/li>\n<li>No recomanat per a viatgers amb problemes d&#039;esquena<\/li>\n<li>No recomanat per a viatgers embarassades<\/li>\n<li>Sense problemes card\u00edacs ni altres afeccions m\u00e8diques greus<\/li>\n<li>La majoria dels viatgers poden participar<\/li>\n<\/ol>\n\n\t\t<\/div>\n\t<\/div>\n<\/div><\/div><\/div><\/div><div class=\"wpb_column vc_column_container vc_col-sm-12\"><div class=\"vc_column-inner\"><div class=\"wpb_wrapper\"><\/div><\/div><\/div><div class=\"wpb_column vc_column_container vc_col-sm-12\"><div class=\"vc_column-inner\"><div class=\"wpb_wrapper\"><\/div><\/div><\/div>","protected":false},"excerpt":{"rendered":"<p>Si esteu a Punta Cana o B\u00e0varo i voleu fer una excursi\u00f3 d&#039;un dia pagant menys de l&#039;habitual, reserveu aquest viatge. Dins d&#039;aquest viatge, us portarem a Samana, on en un catamar\u00e0, us portaran a Sabana de la Mar, un municipi d&#039;Hato Mayor, seu del Parc Nacional Los Haitises. Aquest viatge inclou Safari Tour, Catamar\u00e0, Waterfall &amp; Beach Swim, i molt m\u00e9s. El viatge comen\u00e7a a les 6:00 h i finalitza a les 18:30 h.<\/p>\n<p><strong>Seleccioneu la data de la gira\u00a0<\/strong><\/p>","protected":false},"featured_media":11580,"template":"","meta":[],"product_cat":[456,948,961,959,189,972,963,190,307,253,254,255],"product_tag":[184,183,384,223,382,380,185,381,222,175,383,186,458,457,200,187],"class_list":["post-9613","product","type-product","status-publish","has-post-thumbnail","hentry","product_cat-day-trips","product_cat-1-punta-cana","product_cat-el-limon-horseback-riding","product_cat-el-limon-punta-cana","product_cat-horse-riding-to-waterfalls","product_cat-punta-cana-group-tours","product_cat-punta-cana-samana-day-trips","product_cat-safari-samana","product_cat-salto-el-limon-and-bacardi-island","product_cat-tours-and-excursions","product_cat-tours-excursions-los-haitises-national-park","product_cat-tours-excursions-samana-bay-dominican-republic","product_tag-bacardi-island","product_tag-beach-time","product_tag-cascada-el-limon-salto-el-limon-samana-republica-dominicana","product_tag-cayo-levantado","product_tag-el-limon-waterfall-bacardi-island-from-punta-cana","product_tag-el-limon-waterfall-and-bacardi-island-tour-from-punta-cana","product_tag-el-limon-waterfalls","product_tag-guided-adventures","product_tag-punta-cana","product_tag-sabana-de-la-mar","product_tag-salto-de-limon-punta-cana","product_tag-samana","product_tag-samana-day-trip-from-punta-cana","product_tag-samana-day-trip-from-punta-cana-el-limon-waterfall-and-bacardi-island","product_tag-samana-excursions","product_tag-samana-tours"],"_links":{"self":[{"href":"https:\/\/www.boattoursamana.com\/ca\/wp-json\/wp\/v2\/product\/9613","targetHints":{"allow":["GET"]}}],"collection":[{"href":"https:\/\/www.boattoursamana.com\/ca\/wp-json\/wp\/v2\/product"}],"about":[{"href":"https:\/\/www.boattoursamana.com\/ca\/wp-json\/wp\/v2\/types\/product"}],"wp:featuredmedia":[{"embeddable":true,"href":"https:\/\/www.boattoursamana.com\/ca\/wp-json\/wp\/v2\/media\/11580"}],"wp:attachment":[{"href":"https:\/\/www.boattoursamana.com\/ca\/wp-json\/wp\/v2\/media?parent=9613"}],"wp:term":[{"taxonomy":"product_cat","embeddable":true,"href":"https:\/\/www.boattoursamana.com\/ca\/wp-json\/wp\/v2\/product_cat?post=9613"},{"taxonomy":"product_tag","embeddable":true,"href":"https:\/\/www.boattoursamana.com\/ca\/wp-json\/wp\/v2\/product_tag?post=9613"}],"curies":[{"name":"wp","href":"https:\/\/api.w.org\/{rel}","templated":true}]}}