{"id":9912,"date":"2020-03-29T08:08:03","date_gmt":"2020-03-29T08:08:03","guid":{"rendered":"https:\/\/www.ticketswhales.com\/Tours-Excursions\/uncategorized\/import-placeholder-for-9851\/"},"modified":"2023-11-10T15:24:20","modified_gmt":"2023-11-10T15:24:20","slug":"samana-whale-watching-cayo-levantado-bacardi-island-limon-waterfalls-from-punta-cana-hotels","status":"publish","type":"product","link":"https:\/\/www.boattoursamana.com\/ca\/gira\/samana-whale-watching-cayo-levantado-illa-bacardi-cascades-de-limon-des-hotels-punta-cana","title":{"rendered":"Punta Cana: Observaci\u00f3 de balenes de Saman\u00e1 + Cayo Levantado (illa Bacardi) + Cascades de Lim\u00f3n"},"content":{"rendered":"<div class=\"wpb_column vc_column_container vc_col-sm-12\"><div class=\"vc_column-inner\"><div class=\"wpb_wrapper\"><div class=\"vc_btn3-container vc_btn3-inline\" ><button class=\"vc_general vc_btn3 vc_btn3-size-md vc_btn3-shape-rounded vc_btn3-style-modern vc_btn3-color-green\">RESERVAR ARA<\/button><\/div>\n\t<div class=\"wpb_text_column wpb_content_element\" >\n\t\t<div class=\"wpb_wrapper\">\n\t\t\t<div class=\"vc_row wpb_row vc_row-fluid\">\n<div class=\"wpb_column vc_column_container vc_col-sm-12\">\n<div class=\"vc_column-inner\">\n<div class=\"wpb_wrapper\">\n<div class=\"mkdf-section-title-holder\">\n<div class=\"mkdf-st-inner\">\n<h5 class=\"mkdf-st-subtitle\">Cayo Levantado (illa Bacard\u00ed) + Cascades de Limon des dels hotels de Punta Cana.<\/h5>\n<h3 class=\"mkdf-st-title\">Observaci\u00f3 de balenes 2023 a Punta Cana fins a la badia de Samana<\/h3>\n<\/div>\n<\/div>\n<\/div>\n<\/div>\n<\/div>\n<\/div>\n<div class=\"vc_row wpb_row vc_row-fluid\"><\/div>\n<div class=\"wpb_column vc_column_container vc_col-sm-12\">\n<div class=\"vc_column-inner\">\n<div class=\"wpb_wrapper\"><\/div>\n<\/div>\n<\/div>\n<div class=\"wpb_text_column wpb_content_element\">\n<div class=\"wpb_wrapper\"><\/div>\n<\/div>\n<div class=\"vc_row wpb_row vc_row-fluid\">\n<div class=\"wpb_column vc_column_container vc_col-sm-12\">\n<div class=\"vc_column-inner\">\n<div class=\"wpb_wrapper\">\n<div class=\"wpb_text_column wpb_content_element\">\n<div class=\"wpb_wrapper\">\n<div class=\"vc_row wpb_row vc_row-fluid\">\n<div class=\"wpb_column vc_column_container vc_col-sm-12\">\n<div class=\"vc_column-inner\">\n<div class=\"wpb_wrapper\">\n<div class=\"wpb_text_column wpb_content_element\">\n<div class=\"wpb_wrapper\">\n<h4><b><i>Visi\u00f3 general \ud83d\udc33<\/i><\/b><\/h4>\n<p>Whale Punta Cana, observaci\u00f3 de balenes a la badia de Saman\u00e1 i visita a Cayo Levantado m\u00e9s Safari a les cascades d&#039;El limon durant aquesta excursi\u00f3 d&#039;un dia complet des dels hotels de Punta Cana. Viatge a la badia de Saman\u00e1 a bord d&#039;un c\u00f2mode autocar amb aire condicionat i despr\u00e9s trasllat a un vaixell Catamar\u00e0 a Miches. Navega a les aig\u00fces obertes per buscar les beines de balenes geperudes que visiten per criar i tenir els seus vedells a la zona. Obteniu informaci\u00f3 sobre el comportament i la biologia d&#039;aquests mam\u00edfers marins amb la vostra guia naturalista experta. Continueu cap a Cayo Levantado \/ Illa Bacardi, per dinar a la platja i capbussar-vos a les aig\u00fces blaves despr\u00e9s d&#039;aquest viatge de safari a les cascades del Limon amb cavalls a cavall pel bosc de cocots abans de tornar a Punta Cana.<\/p>\n<p>&nbsp;<\/p>\n<p><strong>Nota:<\/strong>\u00a0Aquest tour no \u00e9s privat. Aquest recorregut ha incl\u00f2s la parada a\u00a0<strong>Cascada de Llim\u00f3<\/strong>. Per reservar el mateix viatge i no anar a les cascades si us plau\u00a0<a href=\"https:\/\/www.boattoursamana.com\/ca\/Tours-Excursions\/tours-excursions-samana-bay-dominican-republic\/whale-watching-2020-in-punta-cana-to-samana-bay-cayo-levantado-bacardi-island-from-hotels\/\" data-mil=\"9912\">CLICA AQU\u00cd.<\/a><\/p>\n<ul>\n<li>Viatge d&#039;observaci\u00f3 de balenes<\/li>\n<li>Illa Bacard\u00ed \/ Cayo Levantado<\/li>\n<li>Preu d&#039;entrada a l&#039;Observatori<\/li>\n<li>Samana Safari<\/li>\n<li>Cascades del Limon Rutes a cavall<\/li>\n<li>Inclou dinar bufet a la platja<\/li>\n<li>Trasllat en vaixell<\/li>\n<li>El capit\u00e0 proporciona instrucci\u00f3 i supervisi\u00f3<\/li>\n<li>Guia tur\u00edstica<\/li>\n<\/ul>\n<p>&nbsp;<\/p>\n<h4><b>Inclusions i exclusions<\/b><\/h4>\n<p>&nbsp;<\/p>\n<p><b>Inclusions<\/b><\/p>\n<p>&nbsp;<\/p>\n<ol>\n<li>Dinar bufet a la platja<\/li>\n<li>Trasllat des dels hotels<\/li>\n<li>Guia tur\u00edstica<\/li>\n<li>Excursi\u00f3 en catamar\u00e0 o vaixell<\/li>\n<li>Tots els impostos, taxes i despeses de gesti\u00f3<\/li>\n<li>Impostos locals<\/li>\n<li>Begudes<\/li>\n<\/ol>\n<p><b>Exclusions<\/b><\/p>\n<ol>\n<li>Propostes<\/li>\n<\/ol>\n<p>&nbsp;<\/p>\n<h4><em><strong>Sortida i tornada<\/strong><\/em><\/h4>\n<p>S&#039;ofereix servei de recollida a l&#039;hotel per a aquesta excursi\u00f3. A Notes, nom\u00e9s cal que escriviu el nom de l&#039;hotel per venir a buscar-vos. Recollim a tots els hotels de Punta Cana.<\/p>\n<p>&nbsp;<\/p>\n<h3>Observaci\u00f3 de balenes de Samana + Cayo Levantado (illa Bacard\u00ed) + Cascades de Limon dels hotels de Punta Cana.<\/h3>\n<h4><b><i>Qu\u00e8 esperar?<\/i><\/b><\/h4>\n<p>Apropa&#039;t als gentils gegants del mar de la Rep\u00fablica Dominicana durant aquesta excursi\u00f3 de 12 hores d&#039;observaci\u00f3 de balenes geperudes a la badia de S\u00e1mana. Passeu un dia inoblidable observant els milers de balenes que acudeixen a l&#039;illa cada any per aparellar-se, alimentar-se i jugar a les seves c\u00e0lides aig\u00fces tropicals. Mentre observeu aquestes belles criatures, gaudireu de coneixements \u00fanics de la vostra guia experta en observaci\u00f3 de balenes. Acabeu el dia amb un dinar incl\u00f2s i una estona a la platja a la bonica illa de Cayo Levantado. Tamb\u00e9 s&#039;inclou el transport d&#039;anada i tornada a l&#039;hotel.<\/p>\n<p>Des de les 9:00 del mat\u00ed fins a les 12:00 del migdia Observatori d&#039;observaci\u00f3 de balenes i Despr\u00e9s d&#039;aquest viatge de balenes visitarem l&#039;illa Bacardi \/ Cayo Levantado. A l&#039;illa de Bacard\u00ed s&#039;oferir\u00e0 un dinar bufet d&#039;estil t\u00edpic dominic\u00e0 (arr\u00f2s, mongetes, peix, amanides...). Quan acabi el dinar, pots banyar-te i preparar-te per anar a les cascades del llim\u00f3 fins a les 16:30h. L&#039;excursi\u00f3 finalitzar\u00e0 a les 17:00 al mateix port des d&#039;on sortir\u00e0 a bord del nostre catamar\u00e0 i l&#039;autob\u00fas de tornada als hotels de Punta Cana.<\/p>\n<p><strong>Horari:<\/strong><\/p>\n<p>6:00 \u2013 7:00 Recollida dels clients dels diferents hotels<br \/>\n07:00 Sortida cap a Las Canitas de Sabana de la mar<br \/>\n08:15 Arribada al moll privat<br \/>\n08:15 \u2013 8:40 Hora d&#039;esmorzar (entrepans, magdalenes, te, caf\u00e8, sucs)<br \/>\n8:45 Embarcament per comen\u00e7ar el nostre viatge cap al santuari de les balenes geperudes a Saman\u00e0<br \/>\n11:00 Busqueu les balenes durant un per\u00edode de 45 minuts: aquest \u00e9s el temps seguit per les regles governamentals.<br \/>\n11:45 Cap a Cayo Levantado a la badia de Saman\u00e1<br \/>\n12:30 Arribada a Cayo Levantado<br \/>\n13:00 Hora de dinar (bufet de dinar, t\u00edpic dominic\u00e0)*<br \/>\n13:45 \u2013 15:30 Temps lliure a Cayo Levantado<br \/>\n15:00 \u2013 15:45 A bord de nou direcci\u00f3 de tornada a Miches<br \/>\n17:00 Arribada a Miches i sortida cap als hotels de Punta Cana<br \/>\n19:30 \u2013 20:00 Arribada als hotels de Punta Cana<\/p>\n<p><strong>*Men\u00fa migdia (t\u00edpic dominic\u00e0)<br \/>\n<\/strong>Arr\u00f2s, pollastre a la brasa o peix a la planxa, amanida, verdures, fruita fresca.<\/p>\n<p><strong>*Els clients que optin per afegir la parada a la cascada El Limon despr\u00e9s de l&#039;observaci\u00f3 de balenes es traslladaran a l&#039;anunci de la cascada tindran menys temps per passar a Cayo Levantado.<\/strong><\/p>\n<p>Aquest recorregut ha incl\u00f2s la parada a\u00a0<strong>Cascada de Llim\u00f3<\/strong>. Per reservar el mateix viatge i no anar a les cascades si us plau\u00a0<a href=\"https:\/\/www.boattoursamana.com\/ca\/Tours-Excursions\/tours-excursions-samana-bay-dominican-republic\/whale-watching-2020-in-punta-cana-to-samana-bay-cayo-levantado-bacardi-island-from-hotels\/\" data-mil=\"9912\">CLICA AQU\u00cd.<\/a><\/p>\n<p>&nbsp;<\/p>\n<h4><em><strong>Qu\u00e8 hauries de portar?<\/strong><\/em><\/h4>\n<ul>\n<li>C\u00e0mera<\/li>\n<li>Brots repel\u00b7lents<\/li>\n<li>crema per al sol<\/li>\n<li>Barret<\/li>\n<li>Pantalons c\u00f2modes<\/li>\n<li>Sand\u00e0lies a la platja<\/li>\n<li>Roba de bany<\/li>\n<li>Diners en efectiu per a records i propines<\/li>\n<\/ul>\n<p>&nbsp;<\/p>\n<h4><b><i>Recollida a l&#039;hotel<\/i><\/b><\/h4>\n<p>S&#039;ofereix servei de recollida a l&#039;hotel per a aquesta excursi\u00f3. A Notes, nom\u00e9s cal que escriviu el nom de l&#039;hotel per venir a buscar-vos. Recollim a tots els hotels de Punta Cana.<\/p>\n<p>&nbsp;<\/p>\n<p><b>Nota:<\/b>\u00a0si feu la reserva dins de les 24 hores posteriors a l&#039;hora de sortida del tour o de l&#039;excursi\u00f3, podem organitzar la recollida a l&#039;hotel. Un cop completada la compra, us enviarem la informaci\u00f3 de contacte completa (n\u00famero de tel\u00e8fon, adre\u00e7a de correu electr\u00f2nic, etc.) perqu\u00e8 el nostre guia local organitzi la recollida.<\/p>\n<h4><b><i>Confirmaci\u00f3 d&#039;informaci\u00f3 addicional<\/i><\/b><\/h4>\n<ol>\n<li>Les entrades s\u00f3n el Rebut despr\u00e9s de pagar aquest Tour. Podeu mostrar el pagament al vostre tel\u00e8fon.<\/li>\n<li>El punt de trobada es rebr\u00e0 despr\u00e9s del proc\u00e9s de reserva.<\/li>\n<li>Els nens han d&#039;anar acompanyats d&#039;un adult.<\/li>\n<li>accessible amb cadira de rodes<\/li>\n<li>Els nadons han de seure a les faldes<\/li>\n<li>La majoria dels viatgers poden participar<\/li>\n<\/ol>\n<h4><b><i>Pol\u00edtica de cancel \u00b7 laci\u00f3<\/i><\/b><\/h4>\n<p>Per obtenir un reemborsament complet, cancel\u00b7leu almenys 7 dies abans de la data d&#039;inici de l&#039;experi\u00e8ncia.<a href=\"https:\/\/www.boattoursamana.com\/ca\/reserva-en-linia\/\"> Clica aqu\u00ed<\/a> per veure les pol\u00edtiques.<\/p>\n<\/div>\n<\/div>\n<\/div>\n<\/div>\n<\/div>\n<\/div>\n<\/div>\n<\/div>\n<\/div>\n<\/div>\n<\/div>\n<\/div>\n<div class=\"vc_row wpb_row vc_row-fluid\">\n<div class=\"wpb_column vc_column_container vc_col-sm-12\">\n<div class=\"vc_column-inner\">\n<div class=\"wpb_wrapper\">\n<div class=\"vc_empty_space\"><\/div>\n<div class=\"wpb_text_column wpb_content_element\">\n<div class=\"wpb_wrapper\">\n<h4>Contactar amb nosaltres?<\/h4>\n<h5><b><i>TOUR LES BALENES SAMANA<\/i><\/b><\/h5>\n<p><em><strong>Locals<\/strong>\u00a0i\u00a0<strong>Nacionals<\/strong>\u00a0Guies tur\u00edstics i serveis als convidats<\/em><\/p>\n<p><span class=\"text-turquoise\">Reserves:<\/span>\u00a0\u00a0Tours y Excursiones en Dom. Reps.<\/p>\n<p>\ud83d\udcde Tel\/Whatsapp\u00a0\u00a0\u00a0<a href=\"tel:+1-809-720-6035\">+ 1-809-720-6035<\/a>\u00a0.<\/p>\n<p>\ud83d\udce9\u00a0<a href=\"mailto:info@bookingadventures.com.do\">info@bookingadventures.com.do<\/a><\/p>\n<p><strong>Som tours privats de configuraci\u00f3 flexible per Whatsapp:\u00a0\u00a0<a href=\"tel:+18097206035\">+18097206035.<\/a><\/strong><\/p>\n<\/div>\n<\/div>\n<\/div>\n<\/div>\n<\/div>\n<\/div>\n\n\t\t<\/div>\n\t<\/div>\n<div class=\"vc_btn3-container vc_btn3-inline\" ><a class=\"vc_general vc_btn3 vc_btn3-size-md vc_btn3-shape-rounded vc_btn3-style-modern vc_btn3-color-green\" href=\"https:\/\/bookingadventures.tours\/booking.php?tour_id=01ff052b441a674729c1b831875aa68f\" title=\"\" rel=\"noopener\">RESERVAR ARA<\/a><\/div><\/div><\/div><\/div><div class=\"vc_row wpb_row vc_row-fluid\" ><div class=\"wpb_column vc_column_container vc_col-sm-12\"><div class=\"vc_column-inner\"><div class=\"wpb_wrapper\"><div class=\"vc_btn3-container vc_btn3-inline\" ><a class=\"vc_general vc_btn3 vc_btn3-size-md vc_btn3-shape-rounded vc_btn3-style-modern vc_btn3-color-green\" href=\"https:\/\/bookingadventures.tours\/booking.php?tour_id=01ff052b441a674729c1b831875aa68f\" title=\"\" rel=\"noopener\">RESERVAR ARA<\/a><\/div><\/div><\/div><\/div><\/div>","protected":false},"excerpt":{"rendered":"<p>Des dels hotels de Punta Cana, gaudirem dels bells paisatges de la Serralada Oriental mentre condu\u00efm al nord de Punta Cana abans d&#039;arribar al petit poble pesquer de Miches, a la riba sud de la badia de Samana. All\u00e0 gaudireu d&#039;un esmorzar r\u00e0pid abans d&#039;embarcar en el vaixell cap a Samana. Creuarem a les profunditats de la badia per observar balenes. En primer lloc arribarem a Cayo Levantado, tamb\u00e9 coneguda com a illa Bacard\u00ed per la seva gran semblan\u00e7a amb les platges que el Ron Bacardi utilitzava abans per als seus famosos anuncis. Cayo Levantado \u00e9s ni m\u00e9s ni menys que un oasi tropical: una petita illa al mig de l&#039;oce\u00e0 amb aig\u00fces turqueses i sorra blanca. Despr\u00e9s d&#039;aix\u00f2, un safari a la comunitat de Samana fins a les cascades. A les Cascades, el Limon es prepara per a l&#039;equitaci\u00f3 o el Senderisme. Aquesta \u00e9s una aventura completa \u00fanica.<\/p>\n<p>Aquest recorregut ha incl\u00f2s una parada a la Cascada de Lim\u00f3n. Per reservar el mateix viatge i no anar a les cascades si us plau <a href=\"https:\/\/www.boattoursamana.com\/ca\/tours-excursions\/tours-excursions-samana-bay-dominican-republic\/observacio-de-balenes-a-punta-cana-a-samana-bay-cayo-levantado-illa-bacardi-des-hotels\/\">CLICA AQU\u00cd.<\/a><\/p>\n<p>&nbsp;<\/p>\n<p><strong>Seleccioneu la data de l&#039;excursi\u00f3:<\/strong><\/p>","protected":false},"featured_media":12008,"template":"","meta":[],"product_cat":[159,948,655,961,959,972,963,968,664],"product_tag":[631,184,328,480,296,380,428,649,327,222,527,313,199,526,458,342,650,524,276,529,528,274,525],"class_list":["post-9912","product","type-product","status-publish","has-post-thumbnail","hentry","product_cat-fees-entrace","product_cat-1-punta-cana","product_cat-1-samana","product_cat-el-limon-horseback-riding","product_cat-el-limon-punta-cana","product_cat-punta-cana-group-tours","product_cat-punta-cana-samana-day-trips","product_cat-punta-cana-whale-watching","product_cat-whale-watching-punta-cana","product_tag-631","product_tag-bacardi-island","product_tag-cayo-levantado-day-pass","product_tag-cheap-punta-cana-excursions","product_tag-day-trip-punta-cana","product_tag-el-limon-waterfall-and-bacardi-island-tour-from-punta-cana","product_tag-half-day-whale-watching-miches","product_tag-limon-from-punta-cana","product_tag-private-tours-samana","product_tag-punta-cana","product_tag-punta-cana-activities","product_tag-punta-cana-tours","product_tag-samana-bay","product_tag-samana-day-trip","product_tag-samana-day-trip-from-punta-cana","product_tag-samana-whale-watching","product_tag-waterfalls-punta-cana","product_tag-whale-punta-cana","product_tag-whale-samana","product_tag-whale-watching-2020","product_tag-whale-watching-2020-in-punta-cana-to-samana-bay-cayo-levantado-bacardi-island-from-hotels","product_tag-whale-watching-dominican-republic","product_tag-whale-watching-punta-cana"],"_links":{"self":[{"href":"https:\/\/www.boattoursamana.com\/ca\/wp-json\/wp\/v2\/product\/9912","targetHints":{"allow":["GET"]}}],"collection":[{"href":"https:\/\/www.boattoursamana.com\/ca\/wp-json\/wp\/v2\/product"}],"about":[{"href":"https:\/\/www.boattoursamana.com\/ca\/wp-json\/wp\/v2\/types\/product"}],"wp:featuredmedia":[{"embeddable":true,"href":"https:\/\/www.boattoursamana.com\/ca\/wp-json\/wp\/v2\/media\/12008"}],"wp:attachment":[{"href":"https:\/\/www.boattoursamana.com\/ca\/wp-json\/wp\/v2\/media?parent=9912"}],"wp:term":[{"taxonomy":"product_cat","embeddable":true,"href":"https:\/\/www.boattoursamana.com\/ca\/wp-json\/wp\/v2\/product_cat?post=9912"},{"taxonomy":"product_tag","embeddable":true,"href":"https:\/\/www.boattoursamana.com\/ca\/wp-json\/wp\/v2\/product_tag?post=9912"}],"curies":[{"name":"wp","href":"https:\/\/api.w.org\/{rel}","templated":true}]}}