{"id":9918,"date":"2020-03-29T08:08:03","date_gmt":"2020-03-29T08:08:03","guid":{"rendered":"https:\/\/www.ticketswhales.com\/Tours-Excursions\/uncategorized\/import-placeholder-for-9917\/"},"modified":"2023-11-10T16:12:30","modified_gmt":"2023-11-10T16:12:30","slug":"birdwatching-punta-cana-birding-tours-from-punta-cana-to-los-haitises-national-park","status":"publish","type":"product","link":"https:\/\/www.boattoursamana.com\/ca\/gira\/birdwatching-punta-cana-birding-tours-de-punta-cana-al-parc-nacional-los-haitises-2","title":{"rendered":"Observaci\u00f3 d&#039;aus a Punta Cana \u2013 Excursions d&#039;observaci\u00f3 d&#039;aus des de Punta Cana fins al Parc Nacional Los Haitises"},"content":{"rendered":"<div class=\"vc_row wpb_row vc_row-fluid\" ><div class=\"wpb_column vc_column_container vc_col-sm-12\"><div class=\"vc_column-inner\"><div class=\"wpb_wrapper\">\n\t<div class=\"wpb_text_column wpb_content_element\" >\n\t\t<div class=\"wpb_wrapper\">\n\t\t\t<div class=\"vc_row wpb_row vc_row-fluid\">\n<div class=\"wpb_column vc_column_container vc_col-sm-12\">\n<div class=\"vc_column-inner\">\n<div class=\"wpb_wrapper\">\n<div class=\"mkdf-section-title-holder\">\n<div class=\"mkdf-st-inner\">\n<h5 class=\"mkdf-st-subtitle\">Observaci\u00f3 d&#039;aus al Parc Nacional Los Haitises<\/h5>\n<h2 class=\"mkdf-st-title\">Excursions d&#039;observaci\u00f3 d&#039;aus de Punta Cana al Parc Nacional Los Haitises<\/h2>\n<\/div>\n<\/div>\n<\/div>\n<\/div>\n<\/div>\n<\/div>\n<div class=\"vc_row wpb_row vc_row-fluid\">\n<div class=\"wpb_column vc_column_container vc_col-sm-12\">\n<div class=\"vc_column-inner\">\n<div class=\"wpb_wrapper\">\n<div class=\"wpb_text_column wpb_content_element\">\n<div class=\"wpb_wrapper\">\n<h4><b><i>Visi\u00f3 general<\/i><\/b><\/h4>\n<section><\/section>\n<p>Nom\u00e9s s&#039;ofereixen visites a la Rep\u00fablica Dominicana amb guies tur\u00edstics nacionals i locals certificats pel Ministeri de Turisme de la Rep\u00fablica Dominicana. Poseu-vos en contacte amb experts locals directes i visiteu Los Haitises, Parc Nacional. Mentre que la majoria de la gent surt en vaixell per explorar el parc i les seves coves, illes. Ens centrarem en els estudis d&#039;ornit\u00f2legs al parc nacional de Los Haitises. Gaudir i con\u00e8ixer els Projectes de protecci\u00f3 de la fauna en viatges privats.<\/p>\n<p>Estem conservant 110 esp\u00e8cies d&#039;ocells que podeu trobar al Parc Nacional Los Haitises. Caminant per aquest bosc m\u00e0gic a la recerca de lloros, Todys, falcons de Ridgway, tanagers, colibr\u00eds i molt m\u00e9s. Oferint una hist\u00f2ria interessant de tots aquests ocells que podeu veure a la ruta Humit. Coneixem els h\u00e0bitats de les taques de Ridgway&#039;s, Ashy Faced Owls i altres esp\u00e8cies end\u00e8miques. Aquest tour se centra en la natura i es concentra m\u00e9s en la informaci\u00f3 sobre la vida salvatge amb guies tur\u00edstics locals certificats com a ornit\u00f2legs.<\/p>\n<p><strong>En general, \u00e9s un tour privat per a una experi\u00e8ncia realment d&#039;alta qualitat.<\/strong><\/p>\n<p>Consulta aqu\u00ed la llista dels ocells m\u00e9s comuns als nostres viatges:\u00a0<a href=\"https:\/\/avibase.bsc-eoc.org\/checklist.jsp?lang=ES&amp;p2=1&amp;list=clements&amp;synlang=EN&amp;region=DO0005&amp;version=text&amp;lifelist=&amp;highlight=0\" target=\"_blank\" rel=\"noopener\"><strong>CLICA AQU\u00cd<\/strong><\/a><\/p>\n<h4><\/h4>\n<h4><b>Inclusions i exclusions<\/b><\/h4>\n<p><b>Inclusions<\/b><\/p>\n<ol>\n<li>Passejada d&#039;ocells de 3 hores pels camins del parc<\/li>\n<li>Tots els impostos, taxes i despeses de gesti\u00f3<\/li>\n<li>Impostos locals<\/li>\n<li>Dinar<\/li>\n<li>Funcionaris guies tur\u00edstics ecologistes angl\u00e8s\/espanyol<\/li>\n<li>Trasllat des de Punta Cana<\/li>\n<\/ol>\n<p><b>Exclusions<\/b><\/p>\n<ol>\n<li>Propostes<\/li>\n<li>Begudes alcoh\u00f2liques<\/li>\n<\/ol>\n<p>&nbsp;<\/p>\n<h4><a id=\"departure-return\" class=\"aal_anchor\" href=\"https:\/\/www.boattoursamana.com\/ca\/tours-excursions\/fees-entrace\/birdwatching-punta-cana-birding-tours-de-punta-cana-al-parc-nacional-los-haitises-2\/#departure-return\" target=\"_blank\" rel=\"noopener\" aria-hidden=\"true\"><\/a><em><strong>Sortida i tornada<\/strong><\/em><\/h4>\n<p>L&#039;excursi\u00f3, organitzada per \u201cBooking Adventures locals Ornithologist tour Guides\u201d comen\u00e7a al punt de trobada establert amb el Guia Tur\u00edstic. El viatger obtindr\u00e0 un punt de trobada despr\u00e9s del proc\u00e9s de reserva. Les visites comencen i acaben als nostres punts de trobada.<\/p>\n<p>&nbsp;<\/p>\n<h4><a id=\"what-to-expect\" class=\"aal_anchor\" href=\"https:\/\/www.boattoursamana.com\/ca\/tours-excursions\/fees-entrace\/birdwatching-punta-cana-birding-tours-de-punta-cana-al-parc-nacional-los-haitises-2\/#what-to-expect\" target=\"_blank\" rel=\"noopener\" aria-hidden=\"true\"><\/a><b><i>Qu\u00e8 esperar?<\/i><\/b><\/h4>\n<p><em><strong>Aconsegueix el teu bitllet<\/strong><\/em>\u00a0per a l&#039;observaci\u00f3 d&#039;aus al Parc Nacional Los Haitises Des de Punta Cana. El viatge des de Punta Cana fins al Parc Nacional \u00e9s d&#039;uns 1:45 minuts. Quan arribeu al parc fem 30 minuts de senderisme i observant els falcons tenim l&#039;opci\u00f3 de continuar caminant i comprovar si hi ha lloros, piculets i altres esp\u00e8cies end\u00e8miques al parc nacional de Los Haitises.<\/p>\n<p>El Parc Nacional Los Haitises nom\u00e9s t\u00e9 dues rutes per a l&#039;observaci\u00f3 d&#039;aus a Sabana de la Mar. De cam\u00ed al Parc Nacional Los Hiatises, ens aturem en alguns llocs per veure m\u00e9s ocells.<\/p>\n<p>Despr\u00e9s de 4 hores i mitja d&#039;aprenentatge sobre les aus al Parc Nacional Los Haitises, aquesta excursi\u00f3 acaba al mateix lloc on va comen\u00e7ar.<\/p>\n<p><strong>Nota: Aquestes visites s\u00f3n amb guies tur\u00edstics oficials ecologistes. Reserveu amb temps perqu\u00e8 al parc no hi ha massa especialistes.<\/strong><\/p>\n<p>&nbsp;<\/p>\n<h4><a id=\"what-you-should-bring\" class=\"aal_anchor\" href=\"https:\/\/www.boattoursamana.com\/ca\/tours-excursions\/fees-entrace\/birdwatching-punta-cana-birding-tours-de-punta-cana-al-parc-nacional-los-haitises-2\/#what-you-should-bring\" target=\"_blank\" rel=\"noopener\" aria-hidden=\"true\"><\/a><em><strong>Qu\u00e8 hauries de portar?<\/strong><\/em><\/h4>\n<ul>\n<li>C\u00e0mera<\/li>\n<li>Binoculars<\/li>\n<li>Brots repel\u00b7lents<\/li>\n<li>crema per al sol<\/li>\n<li>Barret<\/li>\n<li>Pantalons c\u00f2modes<\/li>\n<li>Sabates de muntanya per al bosc<\/li>\n<li>Sand\u00e0lies a les zones de primavera.<\/li>\n<li>Roba de bany<\/li>\n<\/ul>\n<p>&nbsp;<\/p>\n<h4><a id=\"hotel-pickup\" class=\"aal_anchor\" href=\"https:\/\/www.boattoursamana.com\/ca\/tours-excursions\/fees-entrace\/birdwatching-punta-cana-birding-tours-de-punta-cana-al-parc-nacional-los-haitises-2\/#hotel-pickup\" target=\"_blank\" rel=\"noopener\" aria-hidden=\"true\"><\/a><b><i>Recollida a l&#039;hotel<\/i><\/b><\/h4>\n<p>S&#039;ofereix servei de recollida a l&#039;hotel per a aquesta excursi\u00f3.<\/p>\n<p><b>Nota:<\/b>\u00a0Si feu la reserva dins de les 24 hores posteriors a l&#039;hora de sortida del tour o de l&#039;excursi\u00f3, podem organitzar la recollida a l&#039;hotel a Punta Cana. Un cop completada la compra, us enviarem la informaci\u00f3 de contacte completa (n\u00famero de tel\u00e8fon, adre\u00e7a de correu electr\u00f2nic, etc.) perqu\u00e8 el nostre guia local organitzi la recollida.<\/p>\n<h4><a id=\"additional-info-confirmation\" class=\"aal_anchor\" href=\"https:\/\/www.boattoursamana.com\/ca\/tours-excursions\/fees-entrace\/birdwatching-punta-cana-birding-tours-de-punta-cana-al-parc-nacional-los-haitises-2\/#additional-info-confirmation\" target=\"_blank\" rel=\"noopener\" aria-hidden=\"true\"><\/a><b><i>Confirmaci\u00f3 d&#039;informaci\u00f3 addicional<\/i><\/b><\/h4>\n<ol>\n<li>Les entrades s\u00f3n el rebut despr\u00e9s de pagar aquest Tour. Podeu mostrar el pagament al vostre tel\u00e8fon.<\/li>\n<li>El punt de trobada es rebr\u00e0 despr\u00e9s del proc\u00e9s de reserva.<\/li>\n<li>Els nens han d&#039;anar acompanyats d&#039;un adult.<\/li>\n<li>No accessible amb cadira de rodes<\/li>\n<li>Els nadons han de seure a les faldes<\/li>\n<li>No recomanat per a viatgers amb problemes d&#039;esquena<\/li>\n<li>No recomanat per a viatgers embarassades<\/li>\n<li>Sense problemes card\u00edacs ni altres afeccions m\u00e8diques greus<\/li>\n<li>La majoria dels viatgers poden participar<\/li>\n<\/ol>\n<p>Aquest tour s&#039;ofereix a un m\u00ednim de 2 persones i un m\u00e0xim de 15 persones. En cas de menys gent, poseu-vos en contacte amb nosaltres.<\/p>\n<h4><a id=\"cancellation-policy\" class=\"aal_anchor\" href=\"https:\/\/www.boattoursamana.com\/ca\/tours-excursions\/fees-entrace\/birdwatching-punta-cana-birding-tours-de-punta-cana-al-parc-nacional-los-haitises-2\/#cancellation-policy\" target=\"_blank\" rel=\"noopener\" aria-hidden=\"true\"><\/a><b><i>Pol\u00edtica de cancel \u00b7 laci\u00f3<\/i><\/b><\/h4>\n<p>Per obtenir un reemborsament complet, cancel\u00b7leu almenys 24 hores abans de la data d&#039;inici de l&#039;experi\u00e8ncia.<\/p>\n<\/div>\n<\/div>\n<\/div>\n<\/div>\n<\/div>\n<\/div>\n<div class=\"vc_row wpb_row vc_row-fluid\">\n<div class=\"wpb_column vc_column_container vc_col-sm-12\">\n<div class=\"vc_column-inner\">\n<div class=\"wpb_wrapper\">\n<div class=\"wpb_text_column wpb_content_element\">\n<div class=\"wpb_wrapper\">\n<h4>Contactar amb nosaltres?<\/h4>\n<h5><em><strong>Reserves Aventures<\/strong><\/em><\/h5>\n<p><em><strong>Locals<\/strong>\u00a0i\u00a0<strong>Nacionals<\/strong>\u00a0Guies tur\u00edstics i serveis als convidats<\/em><\/p>\n<p><span class=\"text-turquoise\">Reserves:<\/span>\u00a0Tours i excursions a Dom. Rep.<\/p>\n<p>\ud83d\udcde Tel\/Whatsapp\u00a0\u00a0<a href=\"tel: 1-809-720-6035\">+1-809-720-6035<\/a>.<\/p>\n<p>\ud83d\udce9\u00a0<a href=\"mailto:info@bookingadventures.com.do\">info@bookingadventures.com.do<\/a><\/p>\n<p><strong>Som flexibles per configurar visites privades per Whatsapp:\u00a0<a href=\"tel: 18097206035\">+18097206035.<\/a><\/strong><\/p>\n<\/div>\n<\/div>\n<\/div>\n<\/div>\n<\/div>\n<\/div>\n\n\t\t<\/div>\n\t<\/div>\n<\/div><\/div><\/div><\/div><div class=\"wpb_column vc_column_container vc_col-sm-12\"><div class=\"vc_column-inner\"><div class=\"wpb_wrapper\"><\/div><\/div><\/div><div class=\"wpb_column vc_column_container vc_col-sm-12\"><div class=\"vc_column-inner\"><div class=\"wpb_wrapper\"><\/div><\/div><\/div>","protected":false},"excerpt":{"rendered":"<p><span style=\"vertical-align: inherit;\"><span style=\"vertical-align: inherit;\">Observaci\u00f3 d&#039;ocells: Mat\u00ed complet a les rutes de la selva tropical del Parc Nacional Los Haitises. Aquest parc t\u00e9 una gran varietat d&#039;esp\u00e8cies d&#039;ocells i animals i \u00e9s un dels preferits dels observadors d&#039;ocells. Tot i que la xifra observada pot ser m\u00e9s alta que en altres llocs, la ubicaci\u00f3 de Cano Hondo en una zona lleugerament humida del pa\u00eds fa que la selva tropical sigui m\u00e9s oberta amb menys plantacions de cacau i caf\u00e8, cosa que fa que sigui m\u00e9s f\u00e0cil detectar la vida salvatge.<\/span><\/span><\/p>\n<p>Aquest \u00e9s un viatge privat. Podeu triar un moment per comen\u00e7ar l&#039;experi\u00e8ncia d&#039;observaci\u00f3 d&#039;aus i quan tornareu a Punta Cana.<\/p>\n<p><strong>Seleccioneu la data de l&#039;activitat:<\/strong><\/p>","protected":false},"featured_media":9763,"template":"","meta":[],"product_cat":[178,948,946,932,168,159,927,170,169,773,971,964,253,254,255],"product_tag":[586,237,582,584,628,236,583,625,630,629,585,171,624,209,627,239,238,175,240],"class_list":["post-9918","product","type-product","status-publish","has-post-thumbnail","hentry","product_cat-hiking","product_cat-1-punta-cana","product_cat-1-sabana-de-la-mar","product_cat-birdwatching-los-haitises","product_cat-caves","product_cat-fees-entrace","product_cat-hiking-los-haitises","product_cat-local-tour-guides","product_cat-mangroves","product_cat-private-tours-excursions","product_cat-punta-cana-private-tours","product_cat-punta-cana-los-haitises","product_cat-tours-and-excursions","product_cat-tours-excursions-los-haitises-national-park","product_cat-tours-excursions-samana-bay-dominican-republic","product_tag-biding-sabana-de-la-mar","product_tag-birding","product_tag-birding-dominican-republic","product_tag-birding-in-los-haitises","product_tag-los-haitises-national-park-birding-tour-from-punta-cana","product_tag-birdwatching","product_tag-birdwatching-dominicana","product_tag-birdwtaching","product_tag-carretera-cano-hondo","product_tag-eco-lodge-paraiso-cano-hondo","product_tag-hire-a-guide-in-los-haitises","product_tag-los-haitises","product_tag-los-haitises-birding","product_tag-los-haitises-national-park","product_tag-los-haitises-national-park-cano-hondo","product_tag-nature","product_tag-ridgways-hawk","product_tag-sabana-de-la-mar","product_tag-wildlife"],"_links":{"self":[{"href":"https:\/\/www.boattoursamana.com\/ca\/wp-json\/wp\/v2\/product\/9918","targetHints":{"allow":["GET"]}}],"collection":[{"href":"https:\/\/www.boattoursamana.com\/ca\/wp-json\/wp\/v2\/product"}],"about":[{"href":"https:\/\/www.boattoursamana.com\/ca\/wp-json\/wp\/v2\/types\/product"}],"wp:featuredmedia":[{"embeddable":true,"href":"https:\/\/www.boattoursamana.com\/ca\/wp-json\/wp\/v2\/media\/9763"}],"wp:attachment":[{"href":"https:\/\/www.boattoursamana.com\/ca\/wp-json\/wp\/v2\/media?parent=9918"}],"wp:term":[{"taxonomy":"product_cat","embeddable":true,"href":"https:\/\/www.boattoursamana.com\/ca\/wp-json\/wp\/v2\/product_cat?post=9918"},{"taxonomy":"product_tag","embeddable":true,"href":"https:\/\/www.boattoursamana.com\/ca\/wp-json\/wp\/v2\/product_tag?post=9918"}],"curies":[{"name":"wp","href":"https:\/\/api.w.org\/{rel}","templated":true}]}}