{"id":9925,"date":"2020-03-29T08:08:21","date_gmt":"2020-03-29T08:08:21","guid":{"rendered":"https:\/\/www.ticketswhales.com\/Tours-Excursions\/uncategorized\/import-placeholder-for-10408\/"},"modified":"2023-11-10T14:42:19","modified_gmt":"2023-11-10T14:42:19","slug":"27-waterfalls-of-damajagua-tour-from-cabarete-sosua-and-puerto-plata-hotels-pick-up","status":"publish","type":"product","link":"https:\/\/www.boattoursamana.com\/ca\/gira\/27-cascades-de-damajagua-tour-des-cabarete-sosua-i-puerto-plata-recollida-hotels","title":{"rendered":"Excursi\u00f3 27 Cascades de Damajagua des de Cabarete, Sosua i Puerto Plata. Recollida d&#039;hotels."},"content":{"rendered":"<div class=\"vc_row wpb_row vc_row-fluid\" ><div class=\"wpb_column vc_column_container vc_col-sm-12\"><div class=\"vc_column-inner\"><div class=\"wpb_wrapper\"><div class=\"mkdf-section-title-holder\" style=\"text-align: left\">\n\t<div class=\"mkdf-st-inner\">\n\t\t\t\t\t<h5 class=\"mkdf-st-subtitle\" >\n\t\t\t\tTransport i dinar inclosos\t\t\t<\/h5>\n\t\t\t\t\t\t\t<h3 class=\"mkdf-st-title\" >\n\t\t\t\tExcursi\u00f3 27 Cascades de Damajagua des de Cabarete, Sosua i Puerto Plata.\t\t\t<\/h3>\n\t\t\t\t\t<\/div>\n<\/div><\/div><\/div><\/div><\/div><div class=\"vc_row wpb_row vc_row-fluid\" ><div class=\"wpb_column vc_column_container vc_col-sm-12\"><div class=\"vc_column-inner\"><div class=\"wpb_wrapper\"><div class=\"vc_btn3-container vc_btn3-inline\" ><a class=\"vc_general vc_btn3 vc_btn3-size-md vc_btn3-shape-rounded vc_btn3-style-modern vc_btn3-color-green\" href=\"https:\/\/bookingadventures.tours\/booking.php?tour_id=36f9705bcc61386d84e226d0c35f8a49\" title=\"\" rel=\"noopener\">RESERVAR ARA<\/a><\/div>\n\t<div class=\"wpb_text_column wpb_content_element\" >\n\t\t<div class=\"wpb_wrapper\">\n\t\t\t<h3 class=\"ui_header h1 attractions-product-info-ProductTitle__title--1qM0o\"><\/h3>\n<h4><b><i>Visi\u00f3 general <\/i><\/b><\/h4>\n<p>Aconsegueix les teves entrades per a una excursi\u00f3 de mig dia aqu\u00ed a la cascada 27 de Damajagua. Entrades amb dinar i excursi\u00f3 inclouen saltar i nedar a les cascades m\u00e9s boniques de la Rep\u00fablica Dominicana. Senderisme i nataci\u00f3 amb equip de seguretat per tenir la millor experi\u00e8ncia de sempre!!<\/p>\n<p>Despr\u00e9s d&#039;aquesta experi\u00e8ncia, tornareu a la ubicaci\u00f3 on us trobareu amb el guia tur\u00edstic.<\/p>\n<ul>\n<li style=\"font-weight: 400;\">Tarifes incloses<\/li>\n<li>Dinar<\/li>\n<li>Snacks<\/li>\n<li style=\"font-weight: 400;\">Guia local en angl\u00e8s<\/li>\n<\/ul>\n<p>&nbsp;<\/p>\n<h4><b>Inclusions i exclusions<\/b><\/h4>\n<p>&nbsp;<\/p>\n<p><b>Inclusions<\/b><\/p>\n<ol>\n<li>\u00a0 27 Cascades de Damajagua (avui en dia nom\u00e9s hi ha 12 i 7 cascades de viatges)<\/li>\n<li>\u00a0 Bufet que inclou begudes i begudes tropicals<\/li>\n<li>\u00a0 Tots els impostos, taxes i despeses de gesti\u00f3<\/li>\n<li>\u00a0 Impostos locals<\/li>\n<li>\u00a0 Totes les activitats<\/li>\n<li>\u00a0 Guia local<\/li>\n<li>\u00a0 Visita a la f\u00e0brica de cigars<\/li>\n<\/ol>\n<p><b> Exclusions<\/b><\/p>\n<ol>\n<li style=\"font-weight: 400;\"><span style=\"font-weight: 400;\">Propostes<\/span><\/li>\n<\/ol>\n<h4><em><strong>Sortida i tornada<\/strong><\/em><\/h4>\n<p><span style=\"font-weight: 400;\">Tenim un horari dissenyat per recollir-vos i deixar-vos en funci\u00f3 de la zona on us trobeu. Consulteu la informaci\u00f3 detallada a continuaci\u00f3 a la secci\u00f3 de recollida de l&#039;hotel. <\/span><\/p>\n<p>Aquest \u00e9s el programa que hem establert en funci\u00f3 de les vostres ubicacions. Si us plau, fes-nos saber el teu hotel espec\u00edfic i ens posarem en contacte amb tu per dir-te on ens trobarem.<\/p>\n<p>&nbsp;<\/p>\n<table style=\"height: 246px;\" width=\"237\">\n<tbody>\n<tr>\n<td><b>Lloc<\/b><\/td>\n<td><b>Temps<\/b><\/td>\n<\/tr>\n<tr>\n<td><b>Cabarete<\/b><\/td>\n<td><b>7:45 h<\/b><\/td>\n<\/tr>\n<tr>\n<td><b>Sosua<\/b><\/td>\n<td><b>8:10 h<\/b><\/td>\n<\/tr>\n<tr>\n<td><b>Platja Daurada<\/b><\/td>\n<td><b>8:50 h<\/b><\/td>\n<\/tr>\n<tr>\n<td><b>Costa Daurada<\/b><\/td>\n<td><b>09 a.m<\/b><\/td>\n<\/tr>\n<tr>\n<td><b>Cofresi (Estil de vida)<\/b><\/td>\n<td><b>9:20 h<\/b><\/td>\n<\/tr>\n<tr>\n<td><b>Senador<\/b><\/td>\n<td><b>9:30 h<\/b><\/td>\n<\/tr>\n<\/tbody>\n<\/table>\n<h4><\/h4>\n<h3 class=\"ui_header h1 attractions-product-info-ProductTitle__title--1qM0o\">Excursi\u00f3 27 Cascades de Damajagua des de Puerto Plata.<\/h3>\n<h4><b><i>Qu\u00e8 esperar?<\/i><\/b><\/h4>\n<div class=\"apd_content_block\" data-tab=\"TABS_OVERVIEW\">\n<div class=\"ui_card section attractions-product-details-Overview__sectionMargin--uHktd attractions-product-details-Overview__cleanslateOverrideDT--39Ov7\">\n<p>Descobriu les a\u00efllades cascades de Damajagua, encastades als turons del corredor nord de la Rep\u00fablica Dominicana, en aquest viatge d&#039;un dia complet des de Puerto Plata. Exploreu les vint-i-set cascades verges, que cauen sobre pedra calc\u00e0ria, amb el vostre guia local. Fes una breu sessi\u00f3 informativa de seguretat, despr\u00e9s salta, neda i llisca pels tobogans naturals.<\/p>\n<p>El dinar i les begudes estan inclosos. Una pujada moderada de 40 minuts a trav\u00e9s d&#039;un bell paisatge selv\u00e0tic us porta a la 12a cascada o, si teniu una forma f\u00edsica excel\u00b7lent, opteu per caminar fins al cim de les 27 cascades (uns 70 minuts aproximadament) i ho experimenteu tot. .<\/p>\n<p>Sigui com sigui, la vostra aut\u00e8ntica diversi\u00f3 comen\u00e7a quan tornem riu avall i salteu, llisquis i nedes per una s\u00e8rie d&#039;espectaculars cascades, canons i piscines de color blau, que emergeixen amb un somriure ximple a la cara i records incre\u00efbles per guardar! Els tours inclouen salts de fins a 25 peus (8 metres), per\u00f2 no us preocupeu, si no us trobeu a gust saltar, hi ha una baixada alternativa.<\/p>\n<p>Despr\u00e9s d&#039;una caminada de 15 minuts de tornada al campament base i vestir-se amb la roba seca, gaudeix d&#039;un delici\u00f3s i variat dinar bufet dominic\u00e0, que inclou pollastre i porc a la brasa, guisats, arr\u00f2s, pasta i amanides.<\/p>\n<p>Tamb\u00e9 s&#039;inclouen begudes locals de rom, refrescs i aigua (la cervesa est\u00e0 disponible per\u00f2 no inclosa). Despr\u00e9s de l&#039;\u00e0pat, us acomiadareu dels guies locals per\u00f2 els records d&#039;aquesta experi\u00e8ncia duraran tota la vida. I aix\u00f2 no \u00e9s tot, despr\u00e9s anir\u00e0s a una f\u00e0brica de cigars on veur\u00e0s com els preparen i tamb\u00e9 en podr\u00e0s aconseguir si t&#039;interessa. Recordeu que la Rep\u00fablica Dominicana \u00e9s un dels millors pa\u00efsos que fan cigars, aix\u00ed que aquesta \u00e9s la vostra oportunitat d&#039;aprendre dels millors professors de sempre.<\/p>\n<\/div>\n<\/div>\n<h4><em><strong>Qu\u00e8 hauries de portar?<\/strong><\/em><\/h4>\n<ul>\n<li style=\"font-weight: 400;\"><span style=\"font-weight: 400;\">C\u00e0mera<\/span><\/li>\n<li style=\"font-weight: 400;\"><span style=\"font-weight: 400;\">Brots repel\u00b7lents<\/span><\/li>\n<li style=\"font-weight: 400;\"><span style=\"font-weight: 400;\">Crema per al sol<\/span><\/li>\n<li style=\"font-weight: 400;\"><span style=\"font-weight: 400;\">Barret<\/span><\/li>\n<li style=\"font-weight: 400;\"><span style=\"font-weight: 400;\">Pantalons c\u00f2modes<\/span><\/li>\n<li style=\"font-weight: 400;\"><span style=\"font-weight: 400;\">Sabates de muntanya per al bosc<\/span><\/li>\n<li style=\"font-weight: 400;\"><span style=\"font-weight: 400;\">Sand\u00e0lies a les zones de primavera.<\/span><\/li>\n<li style=\"font-weight: 400;\"><span style=\"font-weight: 400;\">Roba de bany<\/span><\/li>\n<\/ul>\n<p>&nbsp;<\/p>\n<h4><b><i>Recollida a l&#039;hotel <\/i><\/b><\/h4>\n<p><span style=\"font-weight: 400;\">S&#039;ofereix servei de recollida a l&#039;hotel per a aquesta excursi\u00f3. Configurem Pick up contactant-nos per Whatsapp.<\/span><\/p>\n<p>&nbsp;<\/p>\n<p><b>Nota:<\/b><span style=\"font-weight: 400;\"> Si feu la reserva dins de les 24 hores posteriors a l&#039;hora de sortida del tour o de l&#039;excursi\u00f3, podem organitzar la recollida a l&#039;hotel. Un cop completada la compra, us enviarem la informaci\u00f3 de contacte completa (n\u00famero de tel\u00e8fon, adre\u00e7a de correu electr\u00f2nic, etc.) perqu\u00e8 el nostre guia local organitzi la recollida.<\/span><\/p>\n<h4><b><i>Confirmaci\u00f3 d&#039;informaci\u00f3 addicional <\/i><\/b><\/h4>\n<ol>\n<li>Les entrades s\u00f3n el Rebut despr\u00e9s de pagar aquest Tour. Podeu mostrar el pagament al vostre tel\u00e8fon.<\/li>\n<li style=\"font-weight: 400;\"><span style=\"font-weight: 400;\">El punt de trobada es rebr\u00e0 despr\u00e9s del proc\u00e9s de reserva.<\/span><\/li>\n<li style=\"font-weight: 400;\"><span style=\"font-weight: 400;\">Els nens han d&#039;anar acompanyats d&#039;un adult.<\/span><\/li>\n<li style=\"font-weight: 400;\"><span style=\"font-weight: 400;\"> No accessible amb cadira de rodes <\/span><\/li>\n<li style=\"font-weight: 400;\"><span style=\"font-weight: 400;\">Els nadons han de seure a les faldes <\/span><\/li>\n<li style=\"font-weight: 400;\"><span style=\"font-weight: 400;\">No recomanat per a viatgers amb problemes d&#039;esquena<\/span><\/li>\n<li style=\"font-weight: 400;\"><span style=\"font-weight: 400;\">No recomanat per a viatgers embarassades <\/span><\/li>\n<li style=\"font-weight: 400;\"><span style=\"font-weight: 400;\"> Sense problemes card\u00edacs ni altres afeccions m\u00e8diques greus <\/span><\/li>\n<li style=\"font-weight: 400;\"><span style=\"font-weight: 400;\">La majoria dels viatgers poden participar<\/span><\/li>\n<\/ol>\n<h4><b><i>Pol\u00edtica de cancel \u00b7 laci\u00f3<\/i><\/b><\/h4>\n<p>Per obtenir un reemborsament complet, llegiu les nostres pol\u00edtiques de cancel\u00b7lacions\u00a0<a href=\"https:\/\/www.boattoursamana.com\/ca\/reserva-en-linia\/\" target=\"_blank\" rel=\"noopener\" data-saferedirecturl=\"https:\/\/www.google.com\/url?q=https:\/\/www.boattoursamana.com\/online-booking\/&amp;source=gmail&amp;ust=1672449202351000&amp;usg=AOvVaw1yAeVAPktmaVCqDujgUn90\">Clica aqu\u00ed<\/a>. Els fons es perdran si la reserva es cancel\u00b7la el mateix dia del viatge.<\/p>\n\n\t\t<\/div>\n\t<\/div>\n<\/div><\/div><\/div><\/div><div class=\"vc_row wpb_row vc_row-fluid\" ><div class=\"wpb_column vc_column_container vc_col-sm-12\"><div class=\"vc_column-inner\"><div class=\"wpb_wrapper\"><div class=\"vc_btn3-container vc_btn3-inline\" ><a class=\"vc_general vc_btn3 vc_btn3-size-md vc_btn3-shape-rounded vc_btn3-style-modern vc_btn3-color-green\" href=\"https:\/\/bookingadventures.tours\/booking.php?tour_id=36f9705bcc61386d84e226d0c35f8a49\" title=\"\" rel=\"noopener\">RESERVAR ARA<\/a><\/div>\n\t<div class=\"wpb_video_widget wpb_content_element vc_clearfix   vc_video-aspect-ratio-169 vc_video-el-width-100 vc_video-align-left\" >\n\t\t<div class=\"wpb_wrapper\">\n\t\t\t<h2 class=\"wpb_heading wpb_video_heading\">Excursi\u00f3 27 Cascades de Damajagua des de Puerto Plata:<\/h2>\n\t\t\t<div class=\"wpb_video_wrapper\"><iframe loading=\"lazy\" title=\"27 Cascades de Damajagua per Booking Adventures &amp; Travel Rep\u00fablica Dominicana\" width=\"1100\" height=\"619\" src=\"https:\/\/www.youtube.com\/embed\/AVNh_we_RQE?start=17&feature=oembed\" frameborder=\"0\" allow=\"accelerometer; autoplay; encrypted-media; gyroscope; picture-in-picture\" allowfullscreen><\/iframe><\/div>\n\t\t<\/div>\n\t<\/div>\n<\/div><\/div><\/div><\/div><div class=\"vc_row wpb_row vc_row-fluid\" ><div class=\"wpb_column vc_column_container vc_col-sm-12\"><div class=\"vc_column-inner\"><div class=\"wpb_wrapper\"><div class=\"vc_empty_space\"   style=\"height: 32px\"><span class=\"vc_empty_space_inner\"><\/span><\/div>\n\t<div class=\"wpb_text_column wpb_content_element\" >\n\t\t<div class=\"wpb_wrapper\">\n\t\t\t<h4>Contactar amb nosaltres?<\/h4>\n<h5><em><strong>Reserves Aventures<\/strong><\/em><\/h5>\n<p><em><strong>Locals<\/strong>\u00a0i\u00a0<strong>Nacionals<\/strong>\u00a0Guies tur\u00edstics i serveis als convidats<\/em><\/p>\n<p><span class=\"text-turquoise\">Reserves:<\/span>\u00a0Tours i excursions a Dom. Rep.<\/p>\n<p><img decoding=\"async\" class=\"emoji\" draggable=\"false\" src=\"https:\/\/s.w.org\/images\/core\/emoji\/11.2.0\/svg\/1f4de.svg\" alt=\"\ud83d\udcde\" title=\"\">\u00a0Tel\/Whatsapp\u00a0\u00a0<a href=\"tel:+1-809-720-6035\">+1-809-720-6035<\/a>.<\/p>\n<p><img decoding=\"async\" class=\"emoji\" draggable=\"false\" src=\"https:\/\/s.w.org\/images\/core\/emoji\/11.2.0\/svg\/1f4e9.svg\" alt=\"\ud83d\udce9\" title=\"\">\u00a0<a href=\"mailto:info@bookingadventures.com.do\">info@bookingadventures.com.do<\/a><\/p>\n<p><strong>Som flexibles per configurar visites privades per Whatsapp:\u00a0<a href=\"tel:+18097206035\">+18097206035.<\/a><\/strong><\/p>\n\n\t\t<\/div>\n\t<\/div>\n<div class=\"vc_empty_space\"   style=\"height: 32px\"><span class=\"vc_empty_space_inner\"><\/span><\/div><\/div><\/div><\/div><\/div><div class=\"vc_row wpb_row vc_row-fluid\" ><div class=\"wpb_column vc_column_container vc_col-sm-12\"><div class=\"vc_column-inner\"><div class=\"wpb_wrapper\"><div class=\"vc_btn3-container vc_btn3-inline\" ><a class=\"vc_general vc_btn3 vc_btn3-size-md vc_btn3-shape-rounded vc_btn3-style-modern vc_btn3-color-green\" href=\"https:\/\/bookingadventures.tours\/booking.php?tour_id=36f9705bcc61386d84e226d0c35f8a49\" title=\"\" rel=\"noopener\">RESERVAR ARA<\/a><\/div><\/div><\/div><\/div><\/div>","protected":false},"excerpt":{"rendered":"<p>Des d&#039;Hotels a Cabarete, Sosua o Puerto Plata. Aquesta excursi\u00f3 des de les 27 cascades de Damajagua a Puerto Plata, dinar i excursi\u00f3 per les 27 cascades, senderisme i salt al riu.<\/p>\n<p>Viatge ecol\u00f2gic a les 27 cascades de Puerto Plata. Aconsegueix les teves entrades per a una excursi\u00f3 de mig dia aqu\u00ed a la cascada 27 de Damajagua. Entrades amb dinar i excursi\u00f3 inclouen saltar i nedar a les cascades m\u00e9s boniques de la Rep\u00fablica Dominicana. Senderisme i nataci\u00f3 amb equip de seguretat per tenir la millor experi\u00e8ncia de sempre!!<\/p>\n<p><em><strong>Seleccioneu la data del tour:\u00a0<\/strong><\/em><\/p>","protected":false},"featured_media":9040,"template":"","meta":[],"product_cat":[281,947,774,1001,252],"product_tag":[286,284,292,401,290,291,406,405,404,403,288,402,287,293,285,407,289],"class_list":["post-9925","product","type-product","status-publish","has-post-thumbnail","hentry","product_cat-27-waterfalls","product_cat-1-puerto-plata","product_cat-group-tours-excursions","product_cat-puerto-plata-27-waterfalls-hike","product_cat-waterfalls","product_tag-27-charcos-de-damajagua","product_tag-27-waterfalls","product_tag-27-waterfalls-dominican-republic","product_tag-27-waterfalls-dominican-republic-facts","product_tag-27-waterfalls-excursion","product_tag-27-waterfalls-puerto-plata","product_tag-amber-cove-cruise-terminal-27-waterfalls","product_tag-amber-cove-excursions","product_tag-damajagua-falls-tours","product_tag-damajagua-national-park","product_tag-excursion-27-waterfalls","product_tag-how-to-get-to-27-waterfalls-from-puerto-plata","product_tag-jumping-27-waterfalls","product_tag-los-27-charcos-de-puerto-plata","product_tag-puerto-plata","product_tag-things-to-do-in-amber-cove","product_tag-tour-27-waterfalls"],"_links":{"self":[{"href":"https:\/\/www.boattoursamana.com\/ca\/wp-json\/wp\/v2\/product\/9925","targetHints":{"allow":["GET"]}}],"collection":[{"href":"https:\/\/www.boattoursamana.com\/ca\/wp-json\/wp\/v2\/product"}],"about":[{"href":"https:\/\/www.boattoursamana.com\/ca\/wp-json\/wp\/v2\/types\/product"}],"wp:featuredmedia":[{"embeddable":true,"href":"https:\/\/www.boattoursamana.com\/ca\/wp-json\/wp\/v2\/media\/9040"}],"wp:attachment":[{"href":"https:\/\/www.boattoursamana.com\/ca\/wp-json\/wp\/v2\/media?parent=9925"}],"wp:term":[{"taxonomy":"product_cat","embeddable":true,"href":"https:\/\/www.boattoursamana.com\/ca\/wp-json\/wp\/v2\/product_cat?post=9925"},{"taxonomy":"product_tag","embeddable":true,"href":"https:\/\/www.boattoursamana.com\/ca\/wp-json\/wp\/v2\/product_tag?post=9925"}],"curies":[{"name":"wp","href":"https:\/\/api.w.org\/{rel}","templated":true}]}}