{"id":15730,"date":"2023-07-15T07:42:45","date_gmt":"2023-07-15T07:42:45","guid":{"rendered":"https:\/\/www.ticketswhales.com\/salto-la-jalda-hiking-and-swimming\/"},"modified":"2023-07-15T07:42:45","modified_gmt":"2023-07-15T07:42:45","slug":"salto-la-jalda-hiking-and-swimming","status":"publish","type":"page","link":"https:\/\/www.boattoursamana.com\/cs\/salto-la-jalda-turistika-a-koupani","title":{"rendered":"Salto La Jalda (turistika a plav\u00e1n\u00ed)"},"content":{"rendered":"<p>Extr\u00e9mn\u00ed dobrodru\u017estv\u00ed k vy\u0161\u0161\u00edmu vodop\u00e1du v Karibiku. Vydejte se s m\u00edstn\u00edmi na p\u011b\u0161\u00ed turistiku nebo j\u00edzdu na koni k vodop\u00e1du. Pozn\u00e1v\u00e1n\u00ed skute\u010dn\u00e9ho dominik\u00e1nsk\u00e9ho \u017eivotn\u00edho stylu lesa. N\u00e1v\u0161t\u011bva nejv\u011bt\u0161\u00edch plant\u00e1\u017e\u00ed kakaovn\u00edku v Dominik\u00e1nsk\u00e9 republice a sezn\u00e1men\u00ed se s t\u00edmto p\u0159\u00edb\u011bhem s pr\u016fvodci Natives Tour.<br \/>\nn<br \/>\nKdy\u017e si zarezervujete tento v\u00fdlet, podpo\u0159\u00edte rodiny z Maguy, komunity Sabana de la Mar. Tam, kde po cel\u00fd rok nejsou turist\u00e9. Pen\u00edze z\u016fst\u00e1vaj\u00ed u t\u011bchto m\u00edstn\u00edch obyvatel.<br \/>\nn<br \/>\nn&nbsp;<br \/>\nn<br \/>\nn<strong>Vyberte pros\u00edm datum turn\u00e9\u00a0<\/strong><\/p>\n<p>&nbsp;<\/p>\n<div class=\"vc_row wpb_row vc_row-fluid\" ><div class=\"wpb_column vc_column_container vc_col-sm-12\"><div class=\"vc_column-inner\"><div class=\"wpb_wrapper\"><div class=\"mkdf-section-title-holder\" style=\"text-align: left\">\n\t<div class=\"mkdf-st-inner\">\n\t\t\t\t\t<h5 class=\"mkdf-st-subtitle\" >\n\t\t\t\tNejvy\u0161\u0161\u00ed vodop\u00e1d v Karibiku 272 stop\t\t\t<\/h5>\n\t\t\t\t\t\t\t<h3 class=\"mkdf-st-title\" >\n\t\t\t\tN\u00e1rodn\u00ed park Salto de la Jalda\t\t\t<\/h3>\n\t\t\t\t\t\t\t<p class=\"mkdf-st-text\" >\n\t\t\t\tP\u011b\u0161\u00ed t\u00fara nebo j\u00edzda na koni.\t\t\t<\/p>\n\t\t\t<\/div>\n<\/div><\/div><\/div><\/div><\/div><div class=\"vc_row wpb_row vc_row-fluid\" ><div class=\"wpb_column vc_column_container vc_col-sm-12\"><div class=\"vc_column-inner\"><div class=\"wpb_wrapper\"><div class=\"vc_btn3-container vc_btn3-inline\" ><button class=\"vc_general vc_btn3 vc_btn3-size-md vc_btn3-shape-rounded vc_btn3-style-modern vc_btn3-color-green\">ZAREZERVOVAT HNED<\/button><\/div>\n\t<div class=\"wpb_text_column wpb_content_element\" >\n\t\t<div class=\"wpb_wrapper\">\n\t\t\t<p>\nn<\/p>\n<h4><b><i>P\u0159ehled <\/i><\/b><\/h4>\n<p>nToto je soukrom\u00e1 prohl\u00eddka\u00a0<strong>Vodop\u00e1dy Salto de la Jalda<\/strong> s j\u00edzdou na koni nebo turistikou. N\u00e1v\u0161t\u011bva kakaov\u00e9ho a k\u00e1vov\u00e9ho lesa pod Coconuts Palms Canopy. Kdy\u017e doraz\u00edte k vodop\u00e1d\u016fm, m\u016f\u017eete si zaplavat a nastavit \u010das se sv\u00fdm m\u00edstn\u00edm pr\u016fvodcem.<br \/>\nn<br \/>\nU\u010dte se s m\u00edstn\u00edmi obyvateli a z\u00edskejte bezpe\u010dn\u00fd v\u00fdlet. Z\u00edskejte sv\u00e9 vstupenky v nab\u00eddce je\u0161t\u011b dnes.<br \/>\nn<br \/>\nn&nbsp;<br \/>\nn<\/p>\n<ul>\nn \t<\/p>\n<li>J\u00edzda na koni nebo p\u011b\u0161\u00ed turistika<\/li>\n<p>n \t<\/p>\n<li style=\"font-weight: 400;\"><span style=\"font-weight: 400;\">Pr\u016fvodce poskytuje pokyny a dohled<\/span><\/li>\n<p>n \t<\/p>\n<li>Poplatky do n\u00e1rodn\u00edho parku<\/li>\n<p>n<\/ul>\n<p>n&nbsp;<br \/>\nn<\/p>\n<h4><b>Zahrnut\u00ed a vylou\u010den\u00ed<\/b><\/h4>\n<p>n&nbsp;<br \/>\nn<br \/>\nn<b>Inkluze<\/b><br \/>\nn<\/p>\n<ol>\nn \t<\/p>\n<li style=\"font-weight: 400;\"><span style=\"font-weight: 400;\">P\u011b\u0161\u00ed turistika nebo j\u00edzda na kon\u00edch<\/span><\/li>\n<p>n \t<\/p>\n<li style=\"font-weight: 400;\"><span style=\"font-weight: 400;\">V\u0161echny dan\u011b, poplatky a manipula\u010dn\u00ed poplatky<\/span><\/li>\n<p>n \t<\/p>\n<li style=\"font-weight: 400;\"><span style=\"font-weight: 400;\">M\u00edstn\u00ed dan\u011b<\/span><\/li>\n<p>n \t<\/p>\n<li style=\"font-weight: 400;\"><span style=\"font-weight: 400;\">N\u00e1poje<\/span><\/li>\n<p>n \t<\/p>\n<li style=\"font-weight: 400;\"><span style=\"font-weight: 400;\">V\u0161echny aktivity<\/span><\/li>\n<p>n \t<\/p>\n<li style=\"font-weight: 400;\"><span style=\"font-weight: 400;\">M\u00edstn\u00ed pr\u016fvodce<\/span><\/li>\n<p>n<\/ol>\n<p>n<b> V\u00fdluky<\/b><br \/>\nn<\/p>\n<ol>\nn \t<\/p>\n<li style=\"font-weight: 400;\"><span style=\"font-weight: 400;\">Spropitn\u00e9<\/span><\/li>\n<p>n \t<\/p>\n<li style=\"font-weight: 400;\"><span style=\"font-weight: 400;\">P\u0159evod<\/span><\/li>\n<p>n \t<\/p>\n<li>Ob\u011bd<\/li>\n<p>n \t<\/p>\n<li style=\"font-weight: 400;\"><span style=\"font-weight: 400;\">Alkoholick\u00e9 n\u00e1poje<\/span><\/li>\n<p>n<\/ol>\n<p>n&nbsp;<br \/>\nn<\/p>\n<h4><em><strong>Odjezd a n\u00e1vrat<\/strong><\/em><\/h4>\n<p>n<span style=\"font-weight: 400;\">Cestovatel z\u00edsk\u00e1 m\u00edsto setk\u00e1n\u00ed po procesu rezervace. Prohl\u00eddky za\u010d\u00ednaj\u00ed a kon\u010d\u00ed v m\u00edstech setk\u00e1n\u00ed.<\/span><br \/>\nn<br \/>\nn&nbsp;<br \/>\nn<\/p>\n<h2>V\u00fdlet do n\u00e1rodn\u00edho parku Salto de la Jalda<\/h2>\n<p>n<\/p>\n<h4><b><i>Co \u010dekat?<\/i><\/b><\/h4>\n<p>n<em><strong>Z\u00edskejte vstupenky<\/strong><\/em> za n\u00e1v\u0161t\u011bvu nejvy\u0161\u0161\u00edch vodop\u00e1d\u016f v Karibiku.\u00a0 <strong>El Salto la Jalda<\/strong> P\u011b\u0161\u00ed turistika a j\u00edzda na koni.<br \/>\nn<br \/>\nn<span style=\"font-weight: 400;\">Prohl\u00eddka organizovan\u00e1 \u201eBooking Adventures\u201c za\u010d\u00edn\u00e1 na m\u00edst\u011b setk\u00e1n\u00ed s pr\u016fvodcem. <\/span>Na za\u010d\u00e1tku na\u0161\u00ed prohl\u00eddky se sejdeme<strong> Sabana de la Mar<\/strong>. Pot\u00e9 nasedneme do vozidla a jedeme 25 minut do Magua Community. Kde se setk\u00e1me s m\u00edstn\u00edmi turistick\u00fdmi pr\u016fvodci. Bydl\u00edme na bezpe\u010dn\u00e9m parkovi\u0161ti a jezd\u00edme na koni nebo p\u011b\u0161ky do n\u00e1rodn\u00edho parku Salto de La Jalda, do kter\u00e9ho doraz\u00edme za t\u0159i hodiny.<br \/>\nn<br \/>\nCesta m\u00e1 6,5 km, je to dlouh\u00e1 zku\u0161enost p\u0159es Dominik\u00e1nsk\u00fd les, kolem kakaa, kokosov\u00fdch o\u0159ech\u016f a k\u00e1vov\u00e9ho lesa. B\u011bhem na\u0161eho pln\u00e9ho v\u00fdletu projedeme pobl\u00ed\u017e \u0159eky Magua a bez v\u011bt\u0161\u00edch pot\u00ed\u017e\u00ed ji p\u0159ekro\u010d\u00edme asi 8kr\u00e1t.<br \/>\nn<br \/>\nT\u00e9m\u011b\u0159 cel\u00e1 stezka m\u00e1 st\u00edn velk\u00e9ho mno\u017estv\u00ed kakaov\u00e9ho lesa vys\u00e1zen\u00e9ho p\u0159ed vyhl\u00e1\u0161en\u00edm oblasti Salto de La Jalda National Park. V t\u00e9to prvn\u00ed \u010d\u00e1sti ekoturistick\u00e9ho dobrodru\u017estv\u00ed si m\u016f\u017eete vychutnat zp\u011bv pt\u00e1k\u016f, zvuk vodn\u00edch proud\u016f, p\u0159ev\u00e1\u017en\u011b rovinat\u00fd ter\u00e9n a ve\u0161kerou zelenou vegetaci.<br \/>\nn<br \/>\nKrom\u011b kakaa v zemi n\u00e1rodn\u00edho parku La Jalda m\u016f\u017eete vid\u011bt i k\u00e1vov\u00e9 plant\u00e1\u017ee. T\u00e9m\u011b\u0159 p\u0159i p\u0159\u00edjezdu k vodop\u00e1du se zastavujeme u dom\u016f str\u00e1\u017ec\u016f parku poch\u00e1zej\u00edc\u00edch z m\u011bsta Magua, p\u0159id\u011blen\u00e9ho do n\u00e1rodn\u00edho parku Jalda. Tam si m\u016f\u017eete ud\u011blat kr\u00e1tkou pauzu, odkud m\u016f\u017eete vid\u011bt celkov\u011b \u00fa\u017easn\u00fd v\u00fdhled na Salto de La Jalda.<br \/>\nn<br \/>\nnPokra\u010dovat budeme a\u017e k vodop\u00e1d\u016fm. plavat tam a po n\u011bkolika hodin\u00e1ch se stejnou stezkou dostat zp\u011bt k vozidlu. Tohle je extr\u00e9mn\u00ed dobrodru\u017estv\u00ed. Pokud nem\u00e1te podm\u00ednky pro p\u011b\u0161\u00ed turistiku, mus\u00edte se projet na koni.<br \/>\nn<br \/>\nn&nbsp;<br \/>\nn<\/p>\n<h4><em><strong>Co byste m\u011bli p\u0159in\u00e9st?<\/strong><\/em><\/h4>\n<p>n<\/p>\n<ul>\nn \t<\/p>\n<li style=\"font-weight: 400;\"><span style=\"font-weight: 400;\">Fotoapar\u00e1t<\/span><\/li>\n<p>n \t<\/p>\n<li style=\"font-weight: 400;\"><span style=\"font-weight: 400;\">Repelentn\u00ed pupeny<\/span><\/li>\n<p>n \t<\/p>\n<li style=\"font-weight: 400;\"><span style=\"font-weight: 400;\">opalovac\u00ed kr\u00e9m<\/span><\/li>\n<p>n \t<\/p>\n<li style=\"font-weight: 400;\"><span style=\"font-weight: 400;\">\u010cepice<\/span><\/li>\n<p>n \t<\/p>\n<li style=\"font-weight: 400;\"><span style=\"font-weight: 400;\">Pohodln\u00e9 kalhoty<\/span><\/li>\n<p>n \t<\/p>\n<li style=\"font-weight: 400;\"><span style=\"font-weight: 400;\">Turistick\u00e9 boty do lesa<\/span><\/li>\n<p>n \t<\/p>\n<li style=\"font-weight: 400;\"><span style=\"font-weight: 400;\">Plavky<\/span><\/li>\n<p>n \t<\/p>\n<li>Extra l\u00e1hev na vodu<\/li>\n<p>n \t<\/p>\n<li>Ob\u011bd nebo sva\u010dina<\/li>\n<p>n<\/ul>\n<p>n&nbsp;<br \/>\nn<\/p>\n<h4><b><i>Hotel vyzvednut\u00ed <\/i><\/b><\/h4>\n<p>n<span style=\"font-weight: 400;\">Vyzvednut\u00ed v hotelu nen\u00ed pro tento z\u00e1jezd nab\u00edzeno. <\/span><br \/>\nn<br \/>\nn&nbsp;<br \/>\nn<br \/>\nn<b>Pozn\u00e1mka:<\/b><span style=\"font-weight: 400;\"> pokud prov\u00e1d\u00edte rezervaci do 24 hodin od \u010dasu odjezdu z\u00e1jezdu\/exkurze, m\u016f\u017eeme za\u0159\u00eddit vyzvednut\u00ed v hotelu za p\u0159\u00edplatek. Jakmile bude v\u00e1\u0161 n\u00e1kup dokon\u010den, za\u0161leme v\u00e1m kompletn\u00ed kontaktn\u00ed informace (telefonn\u00ed \u010d\u00edslo, e-mailovou adresu atd.) pro na\u0161eho m\u00edstn\u00edho pr\u016fvodce, abychom mohli zajistit vyzvednut\u00ed.<\/span><br \/>\nn<\/p>\n<h4><b><i>Potvrzen\u00ed dal\u0161\u00edch informac\u00ed <\/i><\/b><\/h4>\n<p>n<\/p>\n<ol>\nn \t<\/p>\n<li>Vstupenky jsou \u00fa\u010dtenkou po zaplacen\u00ed tohoto z\u00e1jezdu. Platbu m\u016f\u017eete zobrazit na telefonu.<\/li>\n<p>n \t<\/p>\n<li style=\"font-weight: 400;\"><span style=\"font-weight: 400;\">M\u00edsto setk\u00e1n\u00ed bude obdr\u017eeno po procesu rezervace.<\/span><\/li>\n<p>n \t<\/p>\n<li style=\"font-weight: 400;\"><span style=\"font-weight: 400;\">D\u011bti mus\u00ed b\u00fdt v doprovodu dosp\u011bl\u00e9 osoby.<\/span><\/li>\n<p>n \t<\/p>\n<li style=\"font-weight: 400;\"><span style=\"font-weight: 400;\"> Bezbari\u00e9rov\u00fd p\u0159\u00edstup <\/span><\/li>\n<p>n \t<\/p>\n<li style=\"font-weight: 400;\"><span style=\"font-weight: 400;\">Ne D\u011bti pro tento v\u00fdlet nejsou povoleny<\/span><\/li>\n<p>n \t<\/p>\n<li style=\"font-weight: 400;\"><span style=\"font-weight: 400;\">Nedoporu\u010duje se pro cestovatele s probl\u00e9my se z\u00e1dy<\/span><\/li>\n<p>n \t<\/p>\n<li style=\"font-weight: 400;\"><span style=\"font-weight: 400;\">Nedoporu\u010duje se t\u011bhotn\u00fdm cestovatel\u016fm <\/span><\/li>\n<p>n \t<\/p>\n<li style=\"font-weight: 400;\"><span style=\"font-weight: 400;\"> \u017d\u00e1dn\u00e9 probl\u00e9my se srdcem ani jin\u00e9 z\u00e1va\u017en\u00e9 zdravotn\u00ed stavy <\/span><\/li>\n<p>n \t<\/p>\n<li style=\"font-weight: 400;\"><span style=\"font-weight: 400;\">Z\u00fa\u010dastnit se m\u016f\u017ee v\u011bt\u0161ina cestovatel\u016f<\/span><\/li>\n<p>n<\/ol>\n<p>n<\/p>\n<h4><b><i>Storno podm\u00ednky<\/i><\/b><\/h4>\n<p>Chcete-li z\u00edskat plnou n\u00e1hradu, p\u0159e\u010dt\u011bte si na\u0161e storno podm\u00ednky\u00a0<a href=\"https:\/\/www.boattoursamana.com\/cs\/online-rezervace\/\" target=\"_blank\" rel=\"noopener\" data-saferedirecturl=\"https:\/\/www.google.com\/url?q=https:\/\/www.boattoursamana.com\/online-booking\/&amp;source=gmail&amp;ust=1672449202351000&amp;usg=AOvVaw1yAeVAPktmaVCqDujgUn90\">Klikn\u011bte zde<\/a>. Prost\u0159edky budou ztraceny, pokud bude rezervace zru\u0161ena ve stejn\u00fd den cesty.<\/p>\n\n\t\t<\/div>\n\t<\/div>\n<\/div><\/div><\/div><\/div><div class=\"vc_row wpb_row vc_row-fluid\" ><div class=\"wpb_column vc_column_container vc_col-sm-12\"><div class=\"vc_column-inner\"><div class=\"wpb_wrapper\">\n\t<div class=\"wpb_text_column wpb_content_element\" >\n\t\t<div class=\"wpb_wrapper\">\n\t\t\t<p>\nn<\/p>\n<h4>Kontaktujte n\u00e1s?<\/h4>\n<p>n<\/p>\n<h5><em><strong>Rezervace dobrodru\u017estv\u00ed<\/strong><\/em><\/h5>\n<p>n<em><strong>M\u00edstn\u00ed obyvatel\u00e9<\/strong> a <strong>st\u00e1tn\u00ed p\u0159\u00edslu\u0161n\u00edci<\/strong> Pr\u016fvodci a slu\u017eby pro hosty<\/em><br \/>\nn<br \/>\nn<span class=\"text-turquoise\">Rezervace:<\/span> Prohl\u00eddky a exkurze v Dom. Rep.<br \/>\nn<br \/>\nn<img decoding=\"async\" class=\"emoji\" draggable=\"false\" src=\"https:\/\/s.w.org\/images\/core\/emoji\/11.2.0\/svg\/1f4de.svg\" alt=\" \" title=\"\"> Tel \/ Whatsapp\u00a0 <a href=\"tel:+1-809-720-6035\">+1-809-720-6035<\/a>.<br \/>\nn<br \/>\nn<img decoding=\"async\" class=\"emoji\" draggable=\"false\" src=\"https:\/\/s.w.org\/images\/core\/emoji\/11.2.0\/svg\/1f4e9.svg\" alt=\" \" title=\"\"> <a href=\"mailto:info@bookingadventures.com.do\">info@bookingadventures.com.do<\/a><br \/>\nn<br \/>\nn<strong>Flexibiln\u011b nastavujeme soukrom\u00e9 prohl\u00eddky od Whatsapp: <a href=\"tel:+18097206035\">+18097206035.<\/a><\/strong><\/p>\n\n\t\t<\/div>\n\t<\/div>\n<\/div><\/div><\/div><\/div><div class=\"vc_row wpb_row vc_row-fluid\" ><div class=\"wpb_column vc_column_container vc_col-sm-12\"><div class=\"vc_column-inner\"><div class=\"wpb_wrapper\"><div class=\"vc_btn3-container vc_btn3-inline\" ><button class=\"vc_general vc_btn3 vc_btn3-size-md vc_btn3-shape-rounded vc_btn3-style-modern vc_btn3-color-green\">ZAREZERVOVAT HNED<\/button><\/div><\/div><\/div><\/div><\/div>","protected":false},"excerpt":{"rendered":"<p>An extreme adventure to the higher waterfall of the Caribbean. Come with locals hiking or Horse riding to the Waterfall. Learning about the real Dominican lifestyle of the forest. Visiting the biggest plantations of Cacao trees forest in the Dominican Republic and learning about this story with Natives Tour guides. n nWhen you book this trip you are supporting Families from Magua, Sabana de la Mar Comunity. Where there are not tourists all around the year. Money stays with these [&hellip;]<\/p>\n","protected":false},"author":2,"featured_media":0,"parent":0,"menu_order":0,"comment_status":"open","ping_status":"closed","template":"","meta":{"footnotes":""},"class_list":["post-15730","page","type-page","status-publish","hentry"],"_links":{"self":[{"href":"https:\/\/www.boattoursamana.com\/cs\/wp-json\/wp\/v2\/pages\/15730","targetHints":{"allow":["GET"]}}],"collection":[{"href":"https:\/\/www.boattoursamana.com\/cs\/wp-json\/wp\/v2\/pages"}],"about":[{"href":"https:\/\/www.boattoursamana.com\/cs\/wp-json\/wp\/v2\/types\/page"}],"author":[{"embeddable":true,"href":"https:\/\/www.boattoursamana.com\/cs\/wp-json\/wp\/v2\/users\/2"}],"replies":[{"embeddable":true,"href":"https:\/\/www.boattoursamana.com\/cs\/wp-json\/wp\/v2\/comments?post=15730"}],"version-history":[{"count":0,"href":"https:\/\/www.boattoursamana.com\/cs\/wp-json\/wp\/v2\/pages\/15730\/revisions"}],"wp:attachment":[{"href":"https:\/\/www.boattoursamana.com\/cs\/wp-json\/wp\/v2\/media?parent=15730"}],"curies":[{"name":"wp","href":"https:\/\/api.w.org\/{rel}","templated":true}]}}