{"id":15755,"date":"2023-07-15T07:43:13","date_gmt":"2023-07-15T07:43:13","guid":{"rendered":"https:\/\/www.ticketswhales.com\/samana-cayo-levantado-bacardi-island-and-whale-watching-from-miches-in-catamaran\/"},"modified":"2023-07-15T07:43:13","modified_gmt":"2023-07-15T07:43:13","slug":"samana-cayo-levantado-bacardi-island-and-whale-watching-from-miches-in-catamaran","status":"publish","type":"page","link":"https:\/\/www.boattoursamana.com\/cs\/ostrov-samana-cayo-levantado-bacardi-a-pozorovani-velryb-z-miches-v-katamaranu","title":{"rendered":"Saman\u00e1 Cayo Levantado (ostrov Bacardi) a pozorov\u00e1n\u00ed velryb z Michese v katamar\u00e1nu"},"content":{"rendered":"<p><span style=\"vertical-align: inherit;\"><span style=\"vertical-align: inherit;\">Whale Miches Tours &amp; Excursiones. <\/span><span style=\"vertical-align: inherit;\">Rezervujte sus boletos para el avistamiento de ballenas en la Bah\u00eda de Saman\u00e1, comenzando desde de Miches y visitando Cayo Levantado, tambi\u00e9n conocida como Isla Bacard\u00ed para una aventura con pase de un d\u00eda.<\/span><\/span><br \/>\nn<br \/>\nn&nbsp;<br \/>\nn<br \/>\nn<em><strong><span style=\"vertical-align: inherit;\"><span style=\"vertical-align: inherit;\">V\u00fdb\u011br v\u00fdletu:<\/span><\/span><\/strong><\/em><\/p>\n<p>&nbsp;<\/p>\n<div class=\"vc_row wpb_row vc_row-fluid\" ><div class=\"wpb_column vc_column_container vc_col-sm-12\"><div class=\"vc_column-inner\"><div class=\"wpb_wrapper\">\n\t<div class=\"wpb_text_column wpb_content_element\" >\n\t\t<div class=\"wpb_wrapper\">\n\t\t\t<p><span style=\"vertical-align: inherit;\"><span style=\"vertical-align: inherit;\"><\/p>\n\n\t\t<\/div>\n\t<\/div>\n<\/div><\/div><\/div><\/div><div class=\"vc_row wpb_row vc_row-fluid\" ><\/div><div class=\"wpb_column vc_column_container vc_col-sm-12\"><div class=\"vc_column-inner\"><div class=\"wpb_wrapper\"><\/div><\/div><\/div><div class=\"vc_row wpb_row vc_row-fluid\" ><\/div><div class=\"wpb_column vc_column_container vc_col-sm-12\"><div class=\"vc_column-inner\"><div class=\"wpb_wrapper\"><div class=\"vc_btn3-container vc_btn3-inline\" ><button class=\"vc_general vc_btn3 vc_btn3-size-md vc_btn3-shape-rounded vc_btn3-style-modern vc_btn3-color-green\">ZAREZERVOVAT HNED<\/button><\/div><\/div><\/div><\/div><div class=\"mkdf-section-title-holder\" style=\"text-align: left\">\n\t<div class=\"mkdf-st-inner\">\n\t\t\t\t\t\t\t<h3 class=\"mkdf-st-title\" >\n\t\t\t\tCayo Levantado + Avistamiento de ballenas de Miches a katamar\u00e1n\t\t\t<\/h3>\n\t\t\t\t\t<\/div>\n<\/div><div class=\"vc_empty_space\"   style=\"height: 32px\"><span class=\"vc_empty_space_inner\"><\/span><\/div>\n\t<div class=\"wpb_text_column wpb_content_element\" >\n\t\t<div class=\"wpb_wrapper\">\n\t\t\t<p>\u00a0<\/span><\/span><br \/>\nn<\/p>\n<div class=\"vc_empty_space\"><\/div>\n<p>n<\/p>\n<div class=\"wpb_text_column wpb_content_element\">\nn<\/p>\n<div class=\"wpb_wrapper\">\nn<\/p>\n<div class=\"vc_row wpb_row vc_row-fluid\">\nn<\/p>\n<div class=\"wpb_column vc_column_container vc_col-sm-12\">\nn<\/p>\n<div class=\"vc_column-inner\">\nn<\/p>\n<div class=\"wpb_wrapper\">\nn<\/p>\n<div class=\"wpb_text_column wpb_content_element\">\nn<\/p>\n<div class=\"wpb_wrapper\">\nn<\/p>\n<div class=\"vc_row wpb_row vc_row-fluid\">\nn<\/p>\n<div class=\"wpb_column vc_column_container vc_col-sm-12\">\nn<\/p>\n<div class=\"vc_column-inner\">\nn<\/p>\n<div class=\"wpb_wrapper\">\nn<\/p>\n<div class=\"wpb_text_column wpb_content_element\">\nn<\/p>\n<div class=\"wpb_wrapper\">\nn<\/p>\n<h4><a id=\"overview\" class=\"aal_anchor\" href=\"https:\/\/www.boattoursamana.com\/cs\/prohlidka\/ostrov-samana-cayo-levantado-bacardi-a-pozorovani-velryb-z-miches-v-katamaranu\/#overview\" aria-hidden=\"true\"><\/a><b><i>P\u0159ehled<\/i><\/b><\/h4>\n<p>nPozorov\u00e1n\u00ed velryb v z\u00e1toce Saman\u00e1 od p\u0159\u00edstavu Miches v katamar\u00e1nu. Tento v\u00fdlet za\u010d\u00edn\u00e1 v 9:00 a kon\u010d\u00ed v 17:00. Setk\u00e1n\u00ed p\u0159ed v na\u0161em p\u0159\u00edstavu v Miches. Po p\u0159eru\u0161en\u00ed na\u0161eho katamar\u00e1nu nebo lodi nav\u0161t\u00edvit velryby v jejich vlastn\u00edm prost\u0159ed\u00ed.<br \/>\nn<br \/>\nnOd 9:00 do 12:00 hodin Observato\u0159 pozorov\u00e1n\u00ed velryb a Po tomto v\u00fdletu za velrybami nav\u0161t\u00edv\u00edme ostrov Bacardi \/ Cayo Levantado. Na ostrov\u011b Bacardi bude zaji\u0161t\u011bn ob\u011bd formou bufetu v typick\u00e9m dominik\u00e1nsk\u00e9m stylu. Po ob\u011bd\u011b m\u016f\u017eete plavat do 16:30. Prohl\u00eddka bude ukon\u010dena v 17:00 ve stejn\u00e9m p\u0159\u00edstavu, kde bude zah\u00e1jena.<br \/>\nn<br \/>\nnPozn\u00e1mka: Tato prohl\u00eddka nen\u00ed soukrom\u00e1.<strong>\u00a0Pro soukromou prohl\u00eddku n\u00e1s pros\u00edm kontaktujte.<\/strong><br \/>\nn<\/p>\n<ul>\nn \t<\/p>\n<li>V\u00fdlet za pozorov\u00e1n\u00edm velryb<\/li>\n<p>n \t<\/p>\n<li>Vstupn\u00e9 do hv\u011bzd\u00e1rny<\/li>\n<p>n \t<\/p>\n<li>Zahrnuje ob\u011bd formou bufetu na pl\u00e1\u017ei<\/li>\n<p>n \t<\/p>\n<li>P\u0159eprava lod\u00ed<\/li>\n<p>n \t<\/p>\n<li>Kapit\u00e1n poskytuje instrukce a dohled<\/li>\n<p>n \t<\/p>\n<li>Pr\u016fvodce<\/li>\n<p>n<\/ul>\n<p>n&nbsp;<br \/>\nn<\/p>\n<h4><a id=\"inclusions-exclusions\" class=\"aal_anchor\" href=\"https:\/\/www.boattoursamana.com\/cs\/prohlidka\/ostrov-samana-cayo-levantado-bacardi-a-pozorovani-velryb-z-miches-v-katamaranu\/#inclusions-exclusions\" aria-hidden=\"true\"><\/a><b>Zahrnut\u00ed a vylou\u010den\u00ed<\/b><\/h4>\n<p>n&nbsp;<br \/>\nn<br \/>\nn<b>Inkluze<\/b><br \/>\nn<br \/>\nn&nbsp;<br \/>\nn<\/p>\n<ol>\nn \t<\/p>\n<li>Ob\u011bd formou bufetu na pl\u00e1\u017ei<\/li>\n<p>n \t<\/p>\n<li>Pozorov\u00e1n\u00ed velryb<\/li>\n<p>n \t<\/p>\n<li>Pr\u016fvodce<\/li>\n<p>n \t<\/p>\n<li>Katamar\u00e1n nebo v\u00fdlet lod\u00ed<\/li>\n<p>n \t<\/p>\n<li>V\u0161echny dan\u011b, poplatky a manipula\u010dn\u00ed poplatky<\/li>\n<p>n \t<\/p>\n<li>M\u00edstn\u00ed dan\u011b<\/li>\n<p>n \t<\/p>\n<li>N\u00e1poje<\/li>\n<p>n \t<\/p>\n<li>Alkoholick\u00e9 n\u00e1poje<\/li>\n<p>n<\/ol>\n<p>n<b>V\u00fdluky<\/b><br \/>\nn<\/p>\n<ol>\nn \t<\/p>\n<li>Spropitn\u00e9<\/li>\n<p>n \t<\/p>\n<li>Transfer Car<\/li>\n<p>n<\/ol>\n<p>n&nbsp;<br \/>\nn<\/p>\n<h4><a id=\"departure-return\" class=\"aal_anchor\" href=\"https:\/\/www.boattoursamana.com\/cs\/prohlidka\/ostrov-samana-cayo-levantado-bacardi-a-pozorovani-velryb-z-miches-v-katamaranu\/#departure-return\" aria-hidden=\"true\"><\/a><em><strong>Odjezd a n\u00e1vrat<\/strong><\/em><\/h4>\n<p>nCestuj\u00edc\u00ed z\u00edsk\u00e1 m\u00edsto setk\u00e1n\u00ed po procesu rezervace. Prohl\u00eddky za\u010d\u00ednaj\u00ed a kon\u010d\u00ed v na\u0161ich shroma\u017edi\u0161t\u00edch.<br \/>\nn<br \/>\nn&nbsp;<br \/>\nn<\/p>\n<h4><a id=\"what-to-expect\" class=\"aal_anchor\" href=\"https:\/\/www.boattoursamana.com\/cs\/prohlidka\/ostrov-samana-cayo-levantado-bacardi-a-pozorovani-velryb-z-miches-v-katamaranu\/#what-to-expect\" aria-hidden=\"true\"><\/a><b><i>Co \u010dekat?<\/i><\/b><\/h4>\n<p>n&nbsp;<br \/>\nn<br \/>\nn<em><strong>Z\u00edskejte vstupenky<\/strong><\/em>\u00a0jednodenn\u00ed prohl\u00eddka pozorov\u00e1n\u00ed velryb v z\u00e1toce Saman\u00e1 od Miches v katamar\u00e1nu s m\u00edstn\u00edmi n\u00e1poji a skv\u011bl\u00fdm ob\u011bdem a pl\u00e1\u017e\u00ed.<br \/>\nn<br \/>\nV\u00fdlety za pozorov\u00e1n\u00edm velryb organizuje \u201eBooking Adventures\u201c a za\u010d\u00edn\u00e1 na m\u00edst\u011b setk\u00e1n\u00ed s pr\u016fvodcem. Ob\u011bd na pl\u00e1\u017ei a m\u016f\u017eete z\u016fstat tak dlouho, jak chcete, koup\u00e1n\u00ed. Pokud jste vegan, m\u016f\u017eeme pro v\u00e1s tak\u00e9 p\u0159ipravit n\u011bjak\u00e9 j\u00eddlo.<br \/>\nn<br \/>\nn<strong>J\u00edzdn\u00ed \u0159\u00e1d:<\/strong><br \/>\nn<br \/>\nn8:45 \u2013 17:00<br \/>\nn<br \/>\nn&nbsp;<br \/>\nn<\/p>\n<h4><a id=\"what-you-should-bring\" class=\"aal_anchor\" href=\"https:\/\/www.boattoursamana.com\/cs\/prohlidka\/ostrov-samana-cayo-levantado-bacardi-a-pozorovani-velryb-z-miches-v-katamaranu\/#what-you-should-bring\" aria-hidden=\"true\"><\/a><em><strong>Co byste m\u011bli p\u0159in\u00e9st?<\/strong><\/em><\/h4>\n<p>n<\/p>\n<ul>\nn \t<\/p>\n<li>Fotoapar\u00e1t<\/li>\n<p>n \t<\/p>\n<li>Repelentn\u00ed pupeny<\/li>\n<p>n \t<\/p>\n<li>Opalovac\u00ed kr\u00e9m<\/li>\n<p>n \t<\/p>\n<li>\u010cepice<\/li>\n<p>n \t<\/p>\n<li>Pohodln\u00e9 kalhoty<\/li>\n<p>n \t<\/p>\n<li>Sand\u00e1ly na pl\u00e1\u017e<\/li>\n<p>n \t<\/p>\n<li>Plavky<\/li>\n<p>n \t<\/p>\n<li>Pen\u00edze za suven\u00fdry<\/li>\n<p>n<\/ul>\n<p>n&nbsp;<br \/>\nn<\/p>\n<h4><a id=\"hotel-pickup\" class=\"aal_anchor\" href=\"https:\/\/www.boattoursamana.com\/cs\/prohlidka\/ostrov-samana-cayo-levantado-bacardi-a-pozorovani-velryb-z-miches-v-katamaranu\/#hotel-pickup\" aria-hidden=\"true\"><\/a><b><i>Hotel vyzvednut\u00ed<\/i><\/b><\/h4>\n<p>nU tohoto z\u00e1jezdu nen\u00ed nab\u00edzeno vyzvednut\u00ed v hotelu.<br \/>\nn<br \/>\nn&nbsp;<br \/>\nn<br \/>\nn<b>Pozn\u00e1mka:<\/b>\u00a0pokud prov\u00e1d\u00edte rezervaci do 24 hodin od \u010dasu odjezdu z\u00e1jezdu\/exkurze, m\u016f\u017eeme za\u0159\u00eddit vyzvednut\u00ed v hotelu za p\u0159\u00edplatek. Jakmile bude v\u00e1\u0161 n\u00e1kup dokon\u010den, za\u0161leme v\u00e1m kompletn\u00ed kontaktn\u00ed informace (telefonn\u00ed \u010d\u00edslo, e-mailovou adresu atd.) pro na\u0161eho m\u00edstn\u00edho pr\u016fvodce, abychom mohli zajistit vyzvednut\u00ed.<br \/>\nn<\/p>\n<h4><a id=\"additional-info-confirmation\" class=\"aal_anchor\" href=\"https:\/\/www.boattoursamana.com\/cs\/prohlidka\/ostrov-samana-cayo-levantado-bacardi-a-pozorovani-velryb-z-miches-v-katamaranu\/#additional-info-confirmation\" aria-hidden=\"true\"><\/a><b><i>Potvrzen\u00ed dal\u0161\u00edch informac\u00ed<\/i><\/b><\/h4>\n<p>n<\/p>\n<ol>\nn \t<\/p>\n<li>Vstupenky jsou \u00fa\u010dtenkou po zaplacen\u00ed tohoto z\u00e1jezdu. Platbu m\u016f\u017eete zobrazit na telefonu.<\/li>\n<p>n \t<\/p>\n<li>M\u00edsto setk\u00e1n\u00ed bude obdr\u017eeno po procesu rezervace.<\/li>\n<p>n \t<\/p>\n<li>D\u011bti mus\u00ed b\u00fdt v doprovodu dosp\u011bl\u00e9 osoby.<\/li>\n<p>n \t<\/p>\n<li>bezbari\u00e9rov\u00fd<\/li>\n<p>n \t<\/p>\n<li>D\u011bti mus\u00ed sed\u011bt na kl\u00edn\u011b<\/li>\n<p>n \t<\/p>\n<li>Z\u00fa\u010dastnit se m\u016f\u017ee v\u011bt\u0161ina cestovatel\u016f<\/li>\n<p>n<\/ol>\n<p>n<\/p>\n<h4><a id=\"cancellation-policy\" class=\"aal_anchor\" href=\"https:\/\/www.boattoursamana.com\/cs\/prohlidka\/ostrov-samana-cayo-levantado-bacardi-a-pozorovani-velryb-z-miches-v-katamaranu\/#cancellation-policy\" aria-hidden=\"true\"><\/a><b><i>Storno podm\u00ednky<\/i><\/b><\/h4>\n<p>nPro vr\u00e1cen\u00ed pln\u00e9 \u010d\u00e1stky zru\u0161te alespo\u0148 24 hodin p\u0159ed datem zah\u00e1jen\u00ed z\u00e1\u017eitku.<br \/>\nn<br \/>\nn\n<\/div>\n<p>n\n<\/p><\/div>\n<p>n\n<\/p><\/div>\n<p>n\n<\/p><\/div>\n<p>n\n<\/p><\/div>\n<p>n\n<\/p><\/div>\n<p>n\n<\/p><\/div>\n<p>n\n<\/p><\/div>\n<p>n\n<\/p><\/div>\n<p>n\n<\/p><\/div>\n<p>n\n<\/p><\/div>\n<p>n\n<\/p><\/div>\n<p>n<\/p>\n<div class=\"vc_row wpb_row vc_row-fluid\">\nn<\/p>\n<div class=\"wpb_column vc_column_container vc_col-sm-12\">\nn<\/p>\n<div class=\"vc_column-inner\">\nn<\/p>\n<div class=\"wpb_wrapper\">\nn<\/p>\n<div class=\"vc_empty_space\"><\/div>\n<p>n<\/p>\n<div class=\"wpb_text_column wpb_content_element\">\nn<\/p>\n<div class=\"wpb_wrapper\">\nn<\/p>\n<h4><a id=\"contact-us\" class=\"aal_anchor\" href=\"https:\/\/www.boattoursamana.com\/cs\/prohlidka\/ostrov-samana-cayo-levantado-bacardi-a-pozorovani-velryb-z-miches-v-katamaranu\/#contact-us\" aria-hidden=\"true\"><\/a>Kontaktujte n\u00e1s?<\/h4>\n<p>n<\/p>\n<h5><\/h5>\n<p>n<em><strong>M\u00edstn\u00ed obyvatel\u00e9<\/strong>\u00a0a\u00a0<strong>st\u00e1tn\u00ed p\u0159\u00edslu\u0161n\u00edci<\/strong>\u00a0Pr\u016fvodci a slu\u017eby pro hosty<\/em><br \/>\nn<br \/>\nn<span class=\"text-turquoise\">Rezervace:<\/span>\u00a0Prohl\u00eddky a exkurze v Dom. Rep.<br \/>\nn<br \/>\nn<img decoding=\"async\" class=\"emoji\" title=\"Saman\u00e1 Cayo Levantado (ostrov Bacardi) a pozorov\u00e1n\u00ed velryb z Michese v katamar\u00e1nu\" draggable=\"false\" src=\"https:\/\/s.w.org\/images\/core\/emoji\/11.2.0\/svg\/1f4de.svg\" alt=\" \" \/> Tel \/ Whatsapp <strong><a href=\"tel:+1 (829) 318-9463\">+1 (829) 318-9463.<\/a><\/strong><br \/>\nn<br \/>\nn<img decoding=\"async\" class=\"emoji\" title=\"Saman\u00e1 Cayo Levantado (ostrov Bacardi) a pozorov\u00e1n\u00ed velryb z Michese v katamar\u00e1nu\" draggable=\"false\" src=\"https:\/\/s.w.org\/images\/core\/emoji\/11.2.0\/svg\/1f4e9.svg\" alt=\" \" \/>\u00a0<a href=\"mailto:reservabatour@gmail.com\">reservabatour@gmail.com<\/a><br \/>\nn<br \/>\nn<strong>Flexibiln\u011b nastavujeme soukrom\u00e9 prohl\u00eddky od Whatsapp:\u00a0<a href=\"tel:+1 (829) 318-9463\">+1 (829) 318-9463.<\/a><\/strong><br \/>\nn<br \/>\nn<\/div>\n<p>n\n<\/p><\/div>\n<p>n\n<\/p><\/div>\n<p>n\n<\/p><\/div>\n<p>n\n<\/p><\/div>\n<p>n\n<\/p><\/div>\n<p>n\n<\/p><\/div>\n<p>n\n<\/p><\/div>\n<p>n<\/p>\n\n\t\t<\/div>\n\t<\/div>\n<div class=\"vc_row wpb_row vc_row-fluid\" ><div class=\"wpb_column vc_column_container vc_col-sm-12\"><div class=\"vc_column-inner\"><div class=\"wpb_wrapper\"><div class=\"vc_btn3-container vc_btn3-inline\" ><button class=\"vc_general vc_btn3 vc_btn3-size-md vc_btn3-shape-rounded vc_btn3-style-modern vc_btn3-color-green\">ZAREZERVOVAT HNED<\/button><\/div><\/div><\/div><\/div><\/div>","protected":false},"excerpt":{"rendered":"<p>Whale Miches Tours &amp; Excursiones. Reserve sus boletos para el avistamiento de ballenas en la Bah\u00eda de Saman\u00e1, comenzando desde Miches y visitando Cayo Levantado, tambi\u00e9n conocida como Isla Bacard\u00ed para una aventura con pase de un d\u00eda. n n&nbsp; n nSeleccione la fecha de la excursi\u00f3n: &nbsp;<\/p>","protected":false},"author":2,"featured_media":0,"parent":0,"menu_order":0,"comment_status":"open","ping_status":"closed","template":"","meta":{"footnotes":""},"class_list":["post-15755","page","type-page","status-publish","hentry"],"_links":{"self":[{"href":"https:\/\/www.boattoursamana.com\/cs\/wp-json\/wp\/v2\/pages\/15755","targetHints":{"allow":["GET"]}}],"collection":[{"href":"https:\/\/www.boattoursamana.com\/cs\/wp-json\/wp\/v2\/pages"}],"about":[{"href":"https:\/\/www.boattoursamana.com\/cs\/wp-json\/wp\/v2\/types\/page"}],"author":[{"embeddable":true,"href":"https:\/\/www.boattoursamana.com\/cs\/wp-json\/wp\/v2\/users\/2"}],"replies":[{"embeddable":true,"href":"https:\/\/www.boattoursamana.com\/cs\/wp-json\/wp\/v2\/comments?post=15755"}],"version-history":[{"count":0,"href":"https:\/\/www.boattoursamana.com\/cs\/wp-json\/wp\/v2\/pages\/15755\/revisions"}],"wp:attachment":[{"href":"https:\/\/www.boattoursamana.com\/cs\/wp-json\/wp\/v2\/media?parent=15755"}],"curies":[{"name":"wp","href":"https:\/\/api.w.org\/{rel}","templated":true}]}}