{"id":15778,"date":"2023-07-15T07:43:40","date_gmt":"2023-07-15T07:43:40","guid":{"rendered":"https:\/\/www.ticketswhales.com\/punta-cana-samana-whale-watching-cayo-levantado-bacardi-island-limon-waterfalls\/"},"modified":"2023-07-15T07:43:40","modified_gmt":"2023-07-15T07:43:40","slug":"punta-cana-samana-whale-watching-cayo-levantado-bacardi-island-limon-waterfalls","status":"publish","type":"page","link":"https:\/\/www.boattoursamana.com\/cs\/punta-cana-samana-pozorovani-velryb-cayo-levantado-bacardi-ostrov-limon-vodopady","title":{"rendered":"Punta Cana: Pozorov\u00e1n\u00ed velryb Saman\u00e1 + Cayo Levantado (ostrov Bacardi) + vodop\u00e1dy Lim\u00f3n"},"content":{"rendered":"<p>Z hotel\u016f v Punta Cana si vychutn\u00e1me kr\u00e1snou krajinu Orient\u00e1ln\u00edho poho\u0159\u00ed, kdy\u017e pojedeme severn\u011b od Punta Cana, ne\u017e p\u0159ijedeme do mal\u00e9 ryb\u00e1\u0159sk\u00e9 vesnice Miches na ji\u017en\u00edm pob\u0159e\u017e\u00ed z\u00e1livu Samana. Tam si vychutn\u00e1te rychlou sn\u00eddani p\u0159ed n\u00e1stupem na lo\u010f do Samany. Poplujeme hluboko do z\u00e1livu, abychom mohli pozorovat velryby. Nejprve doraz\u00edme na Cayo Levantado, zn\u00e1m\u00e9 tak\u00e9 jako Bacardi Island, proto\u017ee je velmi podobn\u00e9 pl\u00e1\u017e\u00edm Bacardi Rum, kter\u00e9 kdysi vyu\u017e\u00edvaly pro sv\u00e9 slavn\u00e9 reklamy. Cayo Levantado nen\u00ed nic men\u0161\u00edho ne\u017e tropick\u00e1 o\u00e1za \u2013 mal\u00fd ostrov uprost\u0159ed oce\u00e1nu s tyrkysovou vodou a b\u00edl\u00fdm p\u00edskem. Po tomto Safari v komunit\u011b Samana k vodop\u00e1d\u016fm. Ve vodop\u00e1dech se el Limon p\u0159ipravuje na j\u00edzdu na koni nebo p\u011b\u0161\u00ed turistiku. Toto je jedine\u010dn\u00e9 kompletn\u00ed dobrodru\u017estv\u00ed.<br \/>\nn<br \/>\nn<span style=\"vertical-align: inherit;\"><span style=\"vertical-align: inherit;\">Este tour ha incluido la parada en la <\/span><\/span><strong><span style=\"vertical-align: inherit;\"><span style=\"vertical-align: inherit;\">Cascada de Lim\u00f3n<\/span><\/span><\/strong><span style=\"vertical-align: inherit;\"><span style=\"vertical-align: inherit;\"> . <\/span><span style=\"vertical-align: inherit;\">Para reservar el mismo viaje y no ir a las cascadas por favor <\/span><\/span><a href=\"https:\/\/www.boattoursamana.com\/cs\/Tours-Excursions\/tours-excursions-samana-bay-dominican-republic\/whale-watching-2020-in-punta-cana-to-samana-bay-cayo-levantado-bacardi-island-from-hotels\/\"><span style=\"vertical-align: inherit;\"><span style=\"vertical-align: inherit;\">HAGA CLIC AQU\u00cd.<\/span><\/span><\/a><br \/>\nn<br \/>\nn&nbsp;<br \/>\nn<br \/>\nn<em><strong><span style=\"vertical-align: inherit;\"><span style=\"vertical-align: inherit;\">V\u00fdb\u011br v\u00fdletu:<\/span><\/span><\/strong><\/em><\/p>\n<p>&nbsp;<\/p>\n<div class=\"wpb_column vc_column_container vc_col-sm-12\"><div class=\"vc_column-inner\"><div class=\"wpb_wrapper\"><div class=\"vc_btn3-container vc_btn3-inline\" ><button class=\"vc_general vc_btn3 vc_btn3-size-md vc_btn3-shape-rounded vc_btn3-style-modern vc_btn3-color-green\">ZAREZERVOVAT HNED<\/button><\/div>\n\t<div class=\"wpb_text_column wpb_content_element\" >\n\t\t<div class=\"wpb_wrapper\">\n\t\t\t<p>\nn<\/p>\n<div class=\"vc_row wpb_row vc_row-fluid\">\nn<\/p>\n<div class=\"wpb_column vc_column_container vc_col-sm-12\">\nn<\/p>\n<div class=\"vc_column-inner\">\nn<\/p>\n<div class=\"wpb_wrapper\">\nn<\/p>\n<div class=\"mkdf-section-title-holder\">\nn<\/p>\n<div class=\"mkdf-st-inner\">\nn<\/p>\n<h5 class=\"mkdf-st-subtitle\">Cayo Levantado (ostrov Bacardi) + vodop\u00e1dy Limon z hotel\u016f Punta Cana.<\/h5>\n<p>n<\/p>\n<h3 class=\"mkdf-st-title\">Pozorov\u00e1n\u00ed velryb 2023 v Punta Cana do Samana Bay<\/h3>\n<p>n\n<\/p><\/div>\n<p>n\n<\/p><\/div>\n<p>n\n<\/p><\/div>\n<p>n\n<\/p><\/div>\n<p>n\n<\/p><\/div>\n<p>n\n<\/p><\/div>\n<p>n<\/p>\n<div class=\"vc_row wpb_row vc_row-fluid\"><\/div>\n<p>n<\/p>\n<div class=\"wpb_column vc_column_container vc_col-sm-12\">\nn<\/p>\n<div class=\"vc_column-inner\">\nn<\/p>\n<div class=\"wpb_wrapper\"><\/div>\n<p>n\n<\/p><\/div>\n<p>n\n<\/p><\/div>\n<p>n<\/p>\n<div class=\"wpb_text_column wpb_content_element\">\nn<\/p>\n<div class=\"wpb_wrapper\"><\/div>\n<p>n\n<\/p><\/div>\n<p>n<\/p>\n<div class=\"vc_row wpb_row vc_row-fluid\">\nn<\/p>\n<div class=\"wpb_column vc_column_container vc_col-sm-12\">\nn<\/p>\n<div class=\"vc_column-inner\">\nn<\/p>\n<div class=\"wpb_wrapper\">\nn<\/p>\n<div class=\"wpb_text_column wpb_content_element\">\nn<\/p>\n<div class=\"wpb_wrapper\">\nn<\/p>\n<div class=\"vc_row wpb_row vc_row-fluid\">\nn<\/p>\n<div class=\"wpb_column vc_column_container vc_col-sm-12\">\nn<\/p>\n<div class=\"vc_column-inner\">\nn<\/p>\n<div class=\"wpb_wrapper\">\nn<\/p>\n<div class=\"wpb_text_column wpb_content_element\">\nn<\/p>\n<div class=\"wpb_wrapper\">\nn<\/p>\n<h4><b><i>P\u0159ehled <\/i><\/b><\/h4>\n<p>nWhale Punta Cana, pozorov\u00e1n\u00ed velryb v z\u00e1livu Saman\u00e1 a n\u00e1v\u0161t\u011bva Cayo Levantado plus Safari k vodop\u00e1d\u016fm El limon b\u011bhem t\u00e9to celodenn\u00ed exkurze z hotel\u016f Punta Cana. Cestujte do z\u00e1livu Saman\u00e1 na palub\u011b pohodln\u00e9ho klimatizovan\u00e9ho autobusu a pot\u00e9 se p\u0159esu\u0148te na lodn\u00ed katamar\u00e1n v Miches. Vydejte se na otev\u0159en\u00e9 vody a hledejte lusky keporkak\u016f, kte\u0159\u00ed se v t\u00e9to oblasti nav\u0161t\u011bvuj\u00ed, aby se rozmno\u017eili a nechali sv\u00e1 telata. Zjist\u011bte o chov\u00e1n\u00ed a biologii t\u011bchto mo\u0159sk\u00fdch savc\u016f od sv\u00e9ho odborn\u00e9ho p\u0159\u00edrodov\u011bdeck\u00e9ho pr\u016fvodce. Po tomto safari k vodop\u00e1d\u016fm el Limon s j\u00edzdou na kon\u00edch v kokosov\u00e9m lese pokra\u010dujte na Cayo Levantado \/ ostrov Bacardi, na ob\u011bd na pl\u00e1\u017ei a pono\u0159te se do azurov\u00fdch vod, ne\u017e se vr\u00e1t\u00edte do Punta Cana.<br \/>\nn<br \/>\nn&nbsp;<br \/>\nn<br \/>\nn<strong>Pozn\u00e1mka:<\/strong>\u00a0Tato prohl\u00eddka nen\u00ed soukrom\u00e1. Tato prohl\u00eddka zahrnovala zast\u00e1vku v\u00a0<strong>Limonsk\u00fd vodop\u00e1d<\/strong>. Chcete-li si rezervovat stejn\u00fd v\u00fdlet a nej\u00edt k vodop\u00e1d\u016fm, pros\u00edm\u00a0<a href=\"https:\/\/www.boattoursamana.com\/cs\/Tours-Excursions\/tours-excursions-samana-bay-dominican-republic\/whale-watching-2020-in-punta-cana-to-samana-bay-cayo-levantado-bacardi-island-from-hotels\/\" data-mil=\"9912\">KLIKN\u011aTE ZDE.<\/a><br \/>\nn<\/p>\n<ul>\nn \t<\/p>\n<li>V\u00fdlet za pozorov\u00e1n\u00edm velryb<\/li>\n<p>n \t<\/p>\n<li>Ostrov Bacardi \/ Cayo Levantado<\/li>\n<p>n \t<\/p>\n<li>Vstupn\u00e9 do hv\u011bzd\u00e1rny<\/li>\n<p>n \t<\/p>\n<li>Samana Safari<\/li>\n<p>n \t<\/p>\n<li>Vodop\u00e1dy El Limon J\u00edzda na kon\u00edch<\/li>\n<p>n \t<\/p>\n<li>Zahrnuje ob\u011bd formou bufetu na pl\u00e1\u017ei<\/li>\n<p>n \t<\/p>\n<li>P\u0159eprava lod\u00ed<\/li>\n<p>n \t<\/p>\n<li>Kapit\u00e1n poskytuje instrukce a dohled<\/li>\n<p>n \t<\/p>\n<li>Pr\u016fvodce<\/li>\n<p>n<\/ul>\n<p>n&nbsp;<br \/>\nn<\/p>\n<h4><b>Zahrnut\u00ed a vylou\u010den\u00ed<\/b><\/h4>\n<p>n&nbsp;<br \/>\nn<br \/>\nn<b>Inkluze<\/b><br \/>\nn<br \/>\nn&nbsp;<br \/>\nn<\/p>\n<ol>\nn \t<\/p>\n<li>Ob\u011bd formou bufetu na pl\u00e1\u017ei<\/li>\n<p>n \t<\/p>\n<li>Transfer z hotel\u016f<\/li>\n<p>n \t<\/p>\n<li>Pr\u016fvodce<\/li>\n<p>n \t<\/p>\n<li>Katamar\u00e1n nebo v\u00fdlet lod\u00ed<\/li>\n<p>n \t<\/p>\n<li>V\u0161echny dan\u011b, poplatky a manipula\u010dn\u00ed poplatky<\/li>\n<p>n \t<\/p>\n<li>M\u00edstn\u00ed dan\u011b<\/li>\n<p>n \t<\/p>\n<li>N\u00e1poje<\/li>\n<p>n<\/ol>\n<p>n<b>V\u00fdluky<\/b><br \/>\nn<\/p>\n<ol>\nn \t<\/p>\n<li>Spropitn\u00e9<\/li>\n<p>n<\/ol>\n<p>n&nbsp;<br \/>\nn<\/p>\n<h4><em><strong>Odjezd a n\u00e1vrat<\/strong><\/em><\/h4>\n<p>nPro tento z\u00e1jezd je nab\u00edzeno vyzvednut\u00ed v hotelu. Do pozn\u00e1mek napi\u0161te n\u00e1zev hotelu, kter\u00fd v\u00e1s vyzvedne. Vyzved\u00e1v\u00e1me ve v\u0161ech hotelech Punta Cana.<br \/>\nn<br \/>\nn&nbsp;<br \/>\nn<\/p>\n<h3>Pozorov\u00e1n\u00ed velryb Samana + Cayo Levantado (ostrov Bacardi) + vodop\u00e1dy Limon z hotel\u016f Punta Cana.<\/h3>\n<p>n<\/p>\n<h4><b><i>Co \u010dekat?<\/i><\/b><\/h4>\n<p>B\u011bhem t\u00e9to 12hodinov\u00e9 exkurze za pozorov\u00e1n\u00edm keporkak\u016f v z\u00e1toce S\u00e1mana se poznejte zbl\u00edzka s jemn\u00fdmi mo\u0159sk\u00fdmi obry Dominik\u00e1nsk\u00e9 republiky. Pro\u017eijte nezapomenuteln\u00fd den pozorov\u00e1n\u00edm tis\u00edc\u016f velryb, kter\u00e9 se ka\u017ed\u00fd rok sl\u00e9taj\u00ed na ostrov, aby se p\u00e1\u0159ily, krmily a hr\u00e1ly si v jeho tepl\u00fdch tropick\u00fdch vod\u00e1ch. P\u0159i pozorov\u00e1n\u00ed t\u011bchto kr\u00e1sn\u00fdch tvor\u016f si u\u017eijete jedine\u010dn\u00e9 poznatky od va\u0161eho odborn\u00e9ho pr\u016fvodce pozorov\u00e1n\u00edm velryb. Zakon\u010dete den ob\u011bdem a pl\u00e1\u017e\u00ed na kr\u00e1sn\u00e9m ostrov\u011b Cayo Levantado v cen\u011b. V cen\u011b je tak\u00e9 zp\u00e1te\u010dn\u00ed hotelov\u00e1 doprava.<br \/>\nn<br \/>\nnOd 9:00 do 12:00 hodin Observato\u0159 pozorov\u00e1n\u00ed velryb a Po tomto v\u00fdletu za velrybami nav\u0161t\u00edv\u00edme ostrov Bacardi \/ Cayo Levantado. Na ostrov\u011b Bacardi bude zaji\u0161t\u011bn ob\u011bd formou bufetu v typick\u00e9m dominik\u00e1nsk\u00e9m stylu (r\u00fd\u017ee, fazole, ryby, sal\u00e1ty\u2026). Po ob\u011bd\u011b si m\u016f\u017eete zaplavat a p\u0159ipravit se na cestu k vodop\u00e1d\u016fm El limon do 16:30. Prohl\u00eddka bude ukon\u010dena v 17:00 ve stejn\u00e9m p\u0159\u00edstavu, odkud odstartuje na na\u0161em katamar\u00e1nu a jejich autobusem zp\u011bt do Punta Cana Hotels.<br \/>\nn<br \/>\nn<strong>J\u00edzdn\u00ed \u0159\u00e1d:<\/strong><br \/>\nn<br \/>\nn6:00 \u2013 7:00 Vyzvednut\u00ed z\u00e1kazn\u00edk\u016f z r\u016fzn\u00fdch hotel\u016f<br \/>\nn07:00 Odjezd do Las Canitas v Sabana de la Mar<br \/>\nn08:15 P\u0159\u00edjezd do soukrom\u00e9ho doku<br \/>\nn08:15 \u2013 8:40 \u010cas na sn\u00eddani (sendvi\u010de, muffiny, \u010daj, k\u00e1va, d\u017eusy)<br \/>\n8:45 Nalod\u011bn\u00ed a zah\u00e1jen\u00ed na\u0161\u00ed cesty do \u00fato\u010di\u0161t\u011b keporkak\u016f v Saman\u011b<br \/>\nn11:00 Hledejte velryby po dobu 45 minut \u2013 Toto je na\u010dasov\u00e1n\u00ed podle vl\u00e1dn\u00edch pravidel.<br \/>\nn11:45 Vydejte se na Cayo Levantado v z\u00e1livu Samana<br \/>\nn12:30 P\u0159\u00edlet do Cayo Levantado<br \/>\nn13:00 Ob\u011bd (ob\u011bd formou bufetu, typick\u00fd Dominik\u00e1nsk\u00fd)*<br \/>\nn13:45 \u2013 15:30 Voln\u00fd \u010das na Cayo Levantado<br \/>\nn15:00 \u2013 15:45 Na palub\u011b op\u011bt sm\u011br zp\u011bt do Miches<br \/>\nn17:00 P\u0159\u00edlet do Miches a odjezd do hotel\u016f v Punta Cana<br \/>\nn19:30 \u2013 20:00 P\u0159\u00edjezd do hotel\u016f v Punta Cana<br \/>\nn<br \/>\nn<strong>*Poledn\u00ed menu (typick\u00e9 dominik\u00e1nsk\u00e9)<br \/>\nn<\/strong>R\u00fd\u017ee, grilovan\u00e9 ku\u0159e nebo grilovan\u00e1 ryba, sal\u00e1t, zelenina, \u010derstv\u00e9 ovoce.<br \/>\nn<br \/>\nn<strong>*Z\u00e1kazn\u00edci, kte\u0159\u00ed se po sledov\u00e1n\u00ed velryb rozhodnou p\u0159idat zast\u00e1vku u vodop\u00e1du El Limon, p\u0159ejdou na reklamu vodop\u00e1du, budou m\u00edt m\u00e9n\u011b \u010dasu na str\u00e1ven\u00ed na Cayo Levantado.<\/strong><br \/>\nn<br \/>\nnTato prohl\u00eddka zahrnovala zast\u00e1vku v\u00a0<strong>Limonsk\u00fd vodop\u00e1d<\/strong>. Chcete-li si rezervovat stejn\u00fd v\u00fdlet a nej\u00edt k vodop\u00e1d\u016fm, pros\u00edm\u00a0<a href=\"https:\/\/www.boattoursamana.com\/cs\/Tours-Excursions\/tours-excursions-samana-bay-dominican-republic\/whale-watching-2020-in-punta-cana-to-samana-bay-cayo-levantado-bacardi-island-from-hotels\/\" data-mil=\"9912\">KLIKN\u011aTE ZDE.<\/a><br \/>\nn<br \/>\nn&nbsp;<br \/>\nn<\/p>\n<h4><em><strong>Co byste m\u011bli p\u0159in\u00e9st?<\/strong><\/em><\/h4>\n<p>n<\/p>\n<ul>\nn \t<\/p>\n<li>Fotoapar\u00e1t<\/li>\n<p>n \t<\/p>\n<li>Repelentn\u00ed pupeny<\/li>\n<p>n \t<\/p>\n<li>opalovac\u00ed kr\u00e9m<\/li>\n<p>n \t<\/p>\n<li>\u010cepice<\/li>\n<p>n \t<\/p>\n<li>Pohodln\u00e9 kalhoty<\/li>\n<p>n \t<\/p>\n<li>Sand\u00e1ly na pl\u00e1\u017e<\/li>\n<p>n \t<\/p>\n<li>Plavky<\/li>\n<p>n \t<\/p>\n<li>Pen\u00edze za suven\u00fdry a tipy<\/li>\n<p>n<\/ul>\n<p>n&nbsp;<br \/>\nn<\/p>\n<h4><b><i>Hotel vyzvednut\u00ed<\/i><\/b><\/h4>\n<p>nPro tento z\u00e1jezd je nab\u00edzeno vyzvednut\u00ed v hotelu. Do pozn\u00e1mek napi\u0161te n\u00e1zev hotelu, kter\u00fd v\u00e1s vyzvedne. Vyzved\u00e1v\u00e1me ve v\u0161ech hotelech Punta Cana.<br \/>\nn<br \/>\nn&nbsp;<br \/>\nn<br \/>\nn<b>Pozn\u00e1mka:<\/b>\u00a0pokud prov\u00e1d\u00edte rezervaci do 24 hodin od \u010dasu odjezdu z\u00e1jezdu\/exkurze, m\u016f\u017eeme za\u0159\u00eddit vyzvednut\u00ed v hotelu za p\u0159\u00edplatek. Jakmile bude v\u00e1\u0161 n\u00e1kup dokon\u010den, za\u0161leme v\u00e1m kompletn\u00ed kontaktn\u00ed informace (telefonn\u00ed \u010d\u00edslo, e-mailovou adresu atd.) pro na\u0161eho m\u00edstn\u00edho pr\u016fvodce, abychom mohli zajistit vyzvednut\u00ed.<br \/>\nn<\/p>\n<h4><b><i>Potvrzen\u00ed dal\u0161\u00edch informac\u00ed<\/i><\/b><\/h4>\n<p>n<\/p>\n<ol>\nn \t<\/p>\n<li>Vstupenky jsou \u00fa\u010dtenkou po zaplacen\u00ed tohoto z\u00e1jezdu. Platbu m\u016f\u017eete zobrazit na telefonu.<\/li>\n<p>n \t<\/p>\n<li>M\u00edsto setk\u00e1n\u00ed bude obdr\u017eeno po procesu rezervace.<\/li>\n<p>n \t<\/p>\n<li>D\u011bti mus\u00ed b\u00fdt v doprovodu dosp\u011bl\u00e9 osoby.<\/li>\n<p>n \t<\/p>\n<li>bezbari\u00e9rov\u00fd<\/li>\n<p>n \t<\/p>\n<li>D\u011bti mus\u00ed sed\u011bt na kl\u00edn\u011b<\/li>\n<p>n \t<\/p>\n<li>Z\u00fa\u010dastnit se m\u016f\u017ee v\u011bt\u0161ina cestovatel\u016f<\/li>\n<p>n<\/ol>\n<p>n<\/p>\n<h4><b><i>Storno podm\u00ednky<\/i><\/b><\/h4>\n<p>nPro vr\u00e1cen\u00ed pln\u00e9 \u010d\u00e1stky zru\u0161te alespo\u0148 7 dn\u00ed p\u0159ed datem zah\u00e1jen\u00ed z\u00e1\u017eitku.<a href=\"https:\/\/www.boattoursamana.com\/cs\/online-rezervace\/\"> Klikn\u011bte zde<\/a> vid\u011bt z\u00e1sady.<br \/>\nn<br \/>\nn<\/div>\n<p>n\n<\/p><\/div>\n<p>n\n<\/p><\/div>\n<p>n\n<\/p><\/div>\n<p>n\n<\/p><\/div>\n<p>n\n<\/p><\/div>\n<p>n\n<\/p><\/div>\n<p>n\n<\/p><\/div>\n<p>n\n<\/p><\/div>\n<p>n\n<\/p><\/div>\n<p>n\n<\/p><\/div>\n<p>n\n<\/p><\/div>\n<p>n<\/p>\n<div class=\"vc_row wpb_row vc_row-fluid\">\nn<\/p>\n<div class=\"wpb_column vc_column_container vc_col-sm-12\">\nn<\/p>\n<div class=\"vc_column-inner\">\nn<\/p>\n<div class=\"wpb_wrapper\">\nn<\/p>\n<div class=\"vc_empty_space\"><\/div>\n<p>n<\/p>\n<div class=\"wpb_text_column wpb_content_element\">\nn<\/p>\n<div class=\"wpb_wrapper\">\nn<\/p>\n<h4>Kontaktujte n\u00e1s?<\/h4>\n<p>n<\/p>\n<h5><b><i>PROHL\u00cdDKA VELRYB SAMANA<\/i><\/b><\/h5>\n<p>n<em><strong>M\u00edstn\u00ed obyvatel\u00e9<\/strong>\u00a0a\u00a0<strong>st\u00e1tn\u00ed p\u0159\u00edslu\u0161n\u00edci<\/strong>\u00a0Pr\u016fvodci a slu\u017eby pro hosty<\/em><br \/>\nn<br \/>\nn<span class=\"text-turquoise\">Rezervace:<\/span>\u00a0\u00a0Tours y Excursiones en Dom. Z\u00e1stupci.<br \/>\nn<br \/>\nn Tel \/ Whatsapp\u00a0\u00a0\u00a0<a href=\"tel:+1-809-720-6035\">+ 1-809-720-6035<\/a>\u00a0.<br \/>\nn<br \/>\nn \u00a0<a href=\"mailto:info@bookingadventures.com.do\">info@bookingadventures.com.do<\/a><br \/>\nn<br \/>\nn<strong>Somos tours soukrom\u00e9 flexibiln\u00ed konfigurace p\u0159es Whatsapp:\u00a0\u00a0<a href=\"tel:+18097206035\">+18097206035.<\/a><\/strong><br \/>\nn<br \/>\nn<\/div>\n<p>n\n<\/p><\/div>\n<p>n\n<\/p><\/div>\n<p>n\n<\/p><\/div>\n<p>n\n<\/p><\/div>\n<p>n\n<\/p><\/div>\n<p>n<\/p>\n\n\t\t<\/div>\n\t<\/div>\n<\/div><\/div><\/div><div class=\"vc_row wpb_row vc_row-fluid\" ><div class=\"wpb_column vc_column_container vc_col-sm-12\"><div class=\"vc_column-inner\"><div class=\"wpb_wrapper\"><div class=\"vc_btn3-container vc_btn3-inline\" ><button class=\"vc_general vc_btn3 vc_btn3-size-md vc_btn3-shape-rounded vc_btn3-style-modern vc_btn3-color-green\">ZAREZERVOVAT HNED<\/button><\/div><\/div><\/div><\/div><\/div>","protected":false},"excerpt":{"rendered":"<p>From the Punta Cana hotels, we&#8217;ll enjoy the beautiful landscapes of the Oriental Mountain Range as we drive north of Punta Cana before arriving in the small fishing village of Miches at the southern shores of Samana Bay. There you will enjoy a quick breakfast prior to boarding the boat to Samana. We&#8217;ll cruise deep into the bay to whale watch. We will first reach Cayo Levantado, also known as Bacardi Island because of its close resemblance to the beaches [&hellip;]<\/p>\n","protected":false},"author":2,"featured_media":0,"parent":0,"menu_order":0,"comment_status":"open","ping_status":"closed","template":"","meta":{"footnotes":""},"class_list":["post-15778","page","type-page","status-publish","hentry"],"_links":{"self":[{"href":"https:\/\/www.boattoursamana.com\/cs\/wp-json\/wp\/v2\/pages\/15778","targetHints":{"allow":["GET"]}}],"collection":[{"href":"https:\/\/www.boattoursamana.com\/cs\/wp-json\/wp\/v2\/pages"}],"about":[{"href":"https:\/\/www.boattoursamana.com\/cs\/wp-json\/wp\/v2\/types\/page"}],"author":[{"embeddable":true,"href":"https:\/\/www.boattoursamana.com\/cs\/wp-json\/wp\/v2\/users\/2"}],"replies":[{"embeddable":true,"href":"https:\/\/www.boattoursamana.com\/cs\/wp-json\/wp\/v2\/comments?post=15778"}],"version-history":[{"count":0,"href":"https:\/\/www.boattoursamana.com\/cs\/wp-json\/wp\/v2\/pages\/15778\/revisions"}],"wp:attachment":[{"href":"https:\/\/www.boattoursamana.com\/cs\/wp-json\/wp\/v2\/media?parent=15778"}],"curies":[{"name":"wp","href":"https:\/\/api.w.org\/{rel}","templated":true}]}}