{"id":15782,"date":"2023-07-15T07:43:40","date_gmt":"2023-07-15T07:43:40","guid":{"rendered":"https:\/\/www.ticketswhales.com\/27-waterfalls-of-damajagua-tour-from-cabarete-sosua-and-puerto-plata-hotels-pick-up\/"},"modified":"2023-07-15T07:43:40","modified_gmt":"2023-07-15T07:43:40","slug":"27-waterfalls-of-damajagua-tour-from-cabarete-sosua-and-puerto-plata-hotels-pick-up","status":"publish","type":"page","link":"https:\/\/www.boattoursamana.com\/cs\/prohlidka-27-vodopadu-damajaguy-z-hotelu-cabarete-sosua-a-puerto-plata","title":{"rendered":"27 vodop\u00e1d\u016f Damajagua V\u00fdlet z Cabarete, Sosua a Puerto Plata. Hotely Pick-up."},"content":{"rendered":"<p>From Hotels in Cabarete, Sosua or Puerto Plata. This excursion from 27 waterfalls of Damajagua in Puerto Plata,\u00a0 Lunch and Excursion by the 27 waterfalls, hiking and jumping into the river.<br \/>\nn<br \/>\nnEkologick\u00fd v\u00fdlet k 27 vodop\u00e1d\u016fm Puerto Plata. Z\u00edskejte vstupenky na p\u016fldenn\u00ed v\u00fdlet zde ve vodop\u00e1du 27 z Damajaguy. Vstupenky s ob\u011bdem a exkurz\u00ed zahrnuj\u00ed skok a koup\u00e1n\u00ed v nejkr\u00e1sn\u011bj\u0161\u00edch vodop\u00e1dech Dominik\u00e1nsk\u00e9 republiky. Turistika a plav\u00e1n\u00ed s bezpe\u010dnostn\u00edm vybaven\u00edm, abyste m\u011bli ten nejlep\u0161\u00ed z\u00e1\u017eitek!<br \/>\nn<br \/>\nn<em><strong>Vyberte pros\u00edm datum prohl\u00eddky:\u00a0<\/strong><\/em><\/p>\n<p>&nbsp;<\/p>\n<div class=\"vc_row wpb_row vc_row-fluid\" ><div class=\"wpb_column vc_column_container vc_col-sm-12\"><div class=\"vc_column-inner\"><div class=\"wpb_wrapper\"><div class=\"mkdf-section-title-holder\" style=\"text-align: left\">\n\t<div class=\"mkdf-st-inner\">\n\t\t\t\t\t<h5 class=\"mkdf-st-subtitle\" >\n\t\t\t\tDoprava a ob\u011bd v cen\u011b\t\t\t<\/h5>\n\t\t\t\t\t\t\t<h3 class=\"mkdf-st-title\" >\n\t\t\t\t27 vodop\u00e1d\u016f Damajagua V\u00fdlet z Cabarete, Sosua a Puerto Plata.\t\t\t<\/h3>\n\t\t\t\t\t<\/div>\n<\/div><\/div><\/div><\/div><\/div><div class=\"vc_row wpb_row vc_row-fluid\" ><div class=\"wpb_column vc_column_container vc_col-sm-12\"><div class=\"vc_column-inner\"><div class=\"wpb_wrapper\"><div class=\"vc_btn3-container vc_btn3-inline\" ><a class=\"vc_general vc_btn3 vc_btn3-size-md vc_btn3-shape-rounded vc_btn3-style-modern vc_btn3-color-green\" href=\"https:\/\/bookingadventures.tours\/booking.php?tour_id=36f9705bcc61386d84e226d0c35f8a49\" title=\"\" rel=\"noopener\">ZAREZERVOVAT HNED<\/a><\/div>\n\t<div class=\"wpb_text_column wpb_content_element\" >\n\t\t<div class=\"wpb_wrapper\">\n\t\t\t<p>\nn<\/p>\n<h3 class=\"ui_header h1 attractions-product-info-ProductTitle__title--1qM0o\"><\/h3>\n<p>n<\/p>\n<h4><b><i>P\u0159ehled <\/i><\/b><\/h4>\n<p>Z\u00edskejte vstupenky na p\u016fldenn\u00ed v\u00fdlet zde ve vodop\u00e1du 27 z Damajaguy. Vstupenky s ob\u011bdem a exkurz\u00ed zahrnuj\u00ed skok a koup\u00e1n\u00ed v nejkr\u00e1sn\u011bj\u0161\u00edch vodop\u00e1dech Dominik\u00e1nsk\u00e9 republiky. Turistika a plav\u00e1n\u00ed s bezpe\u010dnostn\u00edm vybaven\u00edm, abyste m\u011bli ten nejlep\u0161\u00ed z\u00e1\u017eitek!<br \/>\nn<br \/>\nnPo t\u00e9to zku\u0161enosti se dostanete zp\u011bt na m\u00edsto, kde se setk\u00e1te s pr\u016fvodcem.<br \/>\nn<\/p>\n<ul>\nn \t<\/p>\n<li style=\"font-weight: 400;\">Poplatky v cen\u011b<\/li>\n<p>n \t<\/p>\n<li>Ob\u011bd<\/li>\n<p>n \t<\/p>\n<li>Ob\u010derstven\u00ed<\/li>\n<p>n \t<\/p>\n<li style=\"font-weight: 400;\">M\u00edstn\u00ed pr\u016fvodce v angli\u010dtin\u011b<\/li>\n<p>n<\/ul>\n<p>n&nbsp;<br \/>\nn<\/p>\n<h4><b>Zahrnut\u00ed a vylou\u010den\u00ed<\/b><\/h4>\n<p>n&nbsp;<br \/>\nn<br \/>\nn<b>Inkluze<\/b><br \/>\nn<\/p>\n<ol>\nn \t<\/p>\n<li>\u00a0 27 vodop\u00e1d\u016f Damajagua (dnes existuje pouze 12 a 7 kask\u00e1dov\u00fdch v\u00fdlet\u016f)<\/li>\n<p>n \t<\/p>\n<li>\u00a0 Bufet v\u010detn\u011b n\u00e1poj\u016f a tropick\u00fdch n\u00e1poj\u016f<\/li>\n<p>n \t<\/p>\n<li>\u00a0 V\u0161echny dan\u011b, poplatky a manipula\u010dn\u00ed poplatky<\/li>\n<p>n \t<\/p>\n<li>\u00a0 M\u00edstn\u00ed dan\u011b<\/li>\n<p>n \t<\/p>\n<li>\u00a0 V\u0161echny aktivity<\/li>\n<p>n \t<\/p>\n<li>\u00a0 M\u00edstn\u00ed pr\u016fvodce<\/li>\n<p>n \t<\/p>\n<li>\u00a0 N\u00e1v\u0161t\u011bva tov\u00e1rny na doutn\u00edky<\/li>\n<p>n<\/ol>\n<p>n<b> V\u00fdluky<\/b><br \/>\nn<\/p>\n<ol>\nn \t<\/p>\n<li style=\"font-weight: 400;\"><span style=\"font-weight: 400;\">Spropitn\u00e9<\/span><\/li>\n<p>n<\/ol>\n<p>n<\/p>\n<h4><em><strong>Odjezd a n\u00e1vrat<\/strong><\/em><\/h4>\n<p>n<span style=\"font-weight: 400;\">M\u00e1me rozvrh navr\u017een\u00fd tak, abychom v\u00e1s vyzvedli a odvezli na z\u00e1klad\u011b oblasti, ve kter\u00e9 se nach\u00e1z\u00edte. Podrobn\u00e9 informace naleznete n\u00ed\u017ee v \u010d\u00e1sti vyzvednut\u00ed hotelu. <\/span><br \/>\nn<br \/>\nnThis is the program we have set based on your locations. Please let us know your specific hotel and we will contact you to tell you where we will meet you.<br \/>\nn<br \/>\nn&nbsp;<br \/>\nn<\/p>\n<table style=\"height: 246px;\" width=\"237\">\nn<\/p>\n<tbody>\nn<\/p>\n<tr>\nn<\/p>\n<td><b>M\u00edsto<\/b><\/td>\n<p>n<\/p>\n<td><b>\u010cas<\/b><\/td>\n<p>n<\/tr>\n<p>n<\/p>\n<tr>\nn<\/p>\n<td><b>Cabarete<\/b><\/td>\n<p>n<\/p>\n<td><b>7:45 r\u00e1no<\/b><\/td>\n<p>n<\/tr>\n<p>n<\/p>\n<tr>\nn<\/p>\n<td><b>Sosua<\/b><\/td>\n<p>n<\/p>\n<td><b>8:10<\/b><\/td>\n<p>n<\/tr>\n<p>n<\/p>\n<tr>\nn<\/p>\n<td><b>Playa Dorada<\/b><\/td>\n<p>n<\/p>\n<td><b>8:50<\/b><\/td>\n<p>n<\/tr>\n<p>n<\/p>\n<tr>\nn<\/p>\n<td><b>Costa Dorada<\/b><\/td>\n<p>n<\/p>\n<td><b>9:00<\/b><\/td>\n<p>n<\/tr>\n<p>n<\/p>\n<tr>\nn<\/p>\n<td><b>Cofresi (\u017eivotn\u00ed styl)<\/b><\/td>\n<p>n<\/p>\n<td><b>9:20<\/b><\/td>\n<p>n<\/tr>\n<p>n<\/p>\n<tr>\nn<\/p>\n<td><b>Sen\u00e1tor<\/b><\/td>\n<p>n<\/p>\n<td><b>9:30<\/b><\/td>\n<p>n<\/tr>\n<p>n<\/tbody>\n<p>n<\/table>\n<p>n<\/p>\n<h4><\/h4>\n<p>n<\/p>\n<h3 class=\"ui_header h1 attractions-product-info-ProductTitle__title--1qM0o\">27 vodop\u00e1d\u016f Damajagua V\u00fdlet z Puerto Plata.<\/h3>\n<p>n<\/p>\n<h4><b><i>Co \u010dekat?<\/i><\/b><\/h4>\n<p>n<\/p>\n<div class=\"apd_content_block\" data-tab=\"TABS_OVERVIEW\">\nn<\/p>\n<div class=\"ui_card section attractions-product-details-Overview__sectionMargin--uHktd attractions-product-details-Overview__cleanslateOverrideDT--39Ov7\">\nn<br \/>\nnDiscover the secluded Damajagua Waterfalls, tucked in the hills of the Dominican Republic\u2019s Northern Corridor, on this full-day trip from Puerto Plata.\u00a0 Explore the twenty-seven pristine falls, cascading over limestone, with your local guide. Get a short safety briefing, then jump, swim and slide down natural waterslides.<br \/>\nn<br \/>\nnLunch and beverages are included. A moderate 40-minute uphill hike through a beautiful jungle landscape gets you to the 12th waterfall or, if you are in excellent physical shape, choose to hike all the way to the top of the 27 waterfalls (approximately 70 minutes) and experience it all.<br \/>\nn<br \/>\nnEither way, your real fun begins as we head back down-river and you jump, slide and swim your way through a series of spectacular waterfalls, canyons, and azure pools, emerging with a silly grin on your face and incredible memories to cherish! The tours include jumps of up to 25 feet (8 meters) but don\u2019t worry,\u00a0 if you are uncomfortable with jumping there is an alternative way down.<br \/>\nn<br \/>\nnAfter a 15-minute walk back to base camp and changing into your dry clothes enjoy a delicious and varied Dominican buffet lunch, which includes barbecued chicken and pork, stews, rice, pasta, and salads.<br \/>\nn<br \/>\nM\u00edstn\u00ed rumov\u00e9 n\u00e1poje, limon\u00e1dy a voda jsou tak\u00e9 zahrnuty (pivo je k dispozici, ale nen\u00ed zahrnuto). Po j\u00eddle se rozlou\u010d\u00edte s m\u00edstn\u00edmi pr\u016fvodci, ale vzpom\u00ednky na tento z\u00e1\u017eitek v\u00e1m z\u016fstanou na cel\u00fd \u017eivot. A to nen\u00ed v\u0161e, pak p\u016fjdete do tov\u00e1rny na doutn\u00edky, kde uvid\u00edte, jak je p\u0159ipravuj\u00ed, a tak\u00e9 si je m\u016f\u017eete v p\u0159\u00edpad\u011b z\u00e1jmu sehnat. Pamatujte, \u017ee Dominik\u00e1nsk\u00e1 republika je jednou z nejlep\u0161\u00edch zem\u00ed na v\u00fdrobu doutn\u00edk\u016f, tak\u017ee toto je va\u0161e \u0161ance u\u010dit se od nejlep\u0161\u00edch u\u010ditel\u016f v\u0161ech dob.<br \/>\nn<br \/>\nn<\/div>\n<p>n\n<\/p><\/div>\n<p>n<\/p>\n<h4><em><strong>Co byste m\u011bli p\u0159in\u00e9st?<\/strong><\/em><\/h4>\n<p>n<\/p>\n<ul>\nn \t<\/p>\n<li style=\"font-weight: 400;\"><span style=\"font-weight: 400;\">Fotoapar\u00e1t<\/span><\/li>\n<p>n \t<\/p>\n<li style=\"font-weight: 400;\"><span style=\"font-weight: 400;\">Repelentn\u00ed pupeny<\/span><\/li>\n<p>n \t<\/p>\n<li style=\"font-weight: 400;\"><span style=\"font-weight: 400;\">Opalovac\u00ed kr\u00e9m<\/span><\/li>\n<p>n \t<\/p>\n<li style=\"font-weight: 400;\"><span style=\"font-weight: 400;\">\u010cepice<\/span><\/li>\n<p>n \t<\/p>\n<li style=\"font-weight: 400;\"><span style=\"font-weight: 400;\">Pohodln\u00e9 kalhoty<\/span><\/li>\n<p>n \t<\/p>\n<li style=\"font-weight: 400;\"><span style=\"font-weight: 400;\">Turistick\u00e9 boty do lesa<\/span><\/li>\n<p>n \t<\/p>\n<li style=\"font-weight: 400;\"><span style=\"font-weight: 400;\">Sand\u00e1ly do jarn\u00edch oblast\u00ed.<\/span><\/li>\n<p>n \t<\/p>\n<li style=\"font-weight: 400;\"><span style=\"font-weight: 400;\">Plavky<\/span><\/li>\n<p>n<\/ul>\n<p>n&nbsp;<br \/>\nn<\/p>\n<h4><b><i>Hotel vyzvednut\u00ed <\/i><\/b><\/h4>\n<p>n<span style=\"font-weight: 400;\">Pro tento z\u00e1jezd je nab\u00edzeno vyzvednut\u00ed v hotelu. Nastavili jsme Pick up, aby n\u00e1s kontaktoval p\u0159es Whatsapp.<\/span><br \/>\nn<br \/>\nn&nbsp;<br \/>\nn<br \/>\nn<b>Pozn\u00e1mka:<\/b><span style=\"font-weight: 400;\"> pokud prov\u00e1d\u00edte rezervaci do 24 hodin od \u010dasu odjezdu z\u00e1jezdu\/exkurze, m\u016f\u017eeme za\u0159\u00eddit vyzvednut\u00ed v hotelu za p\u0159\u00edplatek. Jakmile bude v\u00e1\u0161 n\u00e1kup dokon\u010den, za\u0161leme v\u00e1m kompletn\u00ed kontaktn\u00ed informace (telefonn\u00ed \u010d\u00edslo, e-mailovou adresu atd.) pro na\u0161eho m\u00edstn\u00edho pr\u016fvodce, abychom mohli zajistit vyzvednut\u00ed.<\/span><br \/>\nn<\/p>\n<h4><b><i>Potvrzen\u00ed dal\u0161\u00edch informac\u00ed <\/i><\/b><\/h4>\n<p>n<\/p>\n<ol>\nn \t<\/p>\n<li>Vstupenky jsou \u00fa\u010dtenkou po zaplacen\u00ed tohoto z\u00e1jezdu. Platbu m\u016f\u017eete zobrazit na telefonu.<\/li>\n<p>n \t<\/p>\n<li style=\"font-weight: 400;\"><span style=\"font-weight: 400;\">M\u00edsto setk\u00e1n\u00ed bude obdr\u017eeno po procesu rezervace.<\/span><\/li>\n<p>n \t<\/p>\n<li style=\"font-weight: 400;\"><span style=\"font-weight: 400;\">D\u011bti mus\u00ed b\u00fdt v doprovodu dosp\u011bl\u00e9 osoby.<\/span><\/li>\n<p>n \t<\/p>\n<li style=\"font-weight: 400;\"><span style=\"font-weight: 400;\"> Bezbari\u00e9rov\u00fd p\u0159\u00edstup <\/span><\/li>\n<p>n \t<\/p>\n<li style=\"font-weight: 400;\"><span style=\"font-weight: 400;\">D\u011bti mus\u00ed sed\u011bt na kl\u00edn\u011b <\/span><\/li>\n<p>n \t<\/p>\n<li style=\"font-weight: 400;\"><span style=\"font-weight: 400;\">Nedoporu\u010duje se pro cestovatele s probl\u00e9my se z\u00e1dy<\/span><\/li>\n<p>n \t<\/p>\n<li style=\"font-weight: 400;\"><span style=\"font-weight: 400;\">Nedoporu\u010duje se t\u011bhotn\u00fdm cestovatel\u016fm <\/span><\/li>\n<p>n \t<\/p>\n<li style=\"font-weight: 400;\"><span style=\"font-weight: 400;\"> \u017d\u00e1dn\u00e9 probl\u00e9my se srdcem ani jin\u00e9 z\u00e1va\u017en\u00e9 zdravotn\u00ed stavy <\/span><\/li>\n<p>n \t<\/p>\n<li style=\"font-weight: 400;\"><span style=\"font-weight: 400;\">Z\u00fa\u010dastnit se m\u016f\u017ee v\u011bt\u0161ina cestovatel\u016f<\/span><\/li>\n<p>n<\/ol>\n<p>n<\/p>\n<h4><b><i>Storno podm\u00ednky<\/i><\/b><\/h4>\n<p>Chcete-li z\u00edskat plnou n\u00e1hradu, p\u0159e\u010dt\u011bte si na\u0161e storno podm\u00ednky\u00a0<a href=\"https:\/\/www.boattoursamana.com\/cs\/online-rezervace\/\" target=\"_blank\" rel=\"noopener\" data-saferedirecturl=\"https:\/\/www.google.com\/url?q=https:\/\/www.boattoursamana.com\/online-booking\/&amp;source=gmail&amp;ust=1672449202351000&amp;usg=AOvVaw1yAeVAPktmaVCqDujgUn90\">Klikn\u011bte zde<\/a>. Prost\u0159edky budou ztraceny, pokud bude rezervace zru\u0161ena ve stejn\u00fd den cesty.<\/p>\n\n\t\t<\/div>\n\t<\/div>\n<\/div><\/div><\/div><\/div><div class=\"vc_row wpb_row vc_row-fluid\" ><div class=\"wpb_column vc_column_container vc_col-sm-12\"><div class=\"vc_column-inner\"><div class=\"wpb_wrapper\"><div class=\"vc_btn3-container vc_btn3-inline\" ><a class=\"vc_general vc_btn3 vc_btn3-size-md vc_btn3-shape-rounded vc_btn3-style-modern vc_btn3-color-green\" href=\"https:\/\/bookingadventures.tours\/booking.php?tour_id=36f9705bcc61386d84e226d0c35f8a49\" title=\"\" rel=\"noopener\">ZAREZERVOVAT HNED<\/a><\/div>\n\t<div class=\"wpb_video_widget wpb_content_element vc_clearfix   vc_video-aspect-ratio-169 vc_video-el-width-100 vc_video-align-left\" >\n\t\t<div class=\"wpb_wrapper\">\n\t\t\t<h2 class=\"wpb_heading wpb_video_heading\">Prohl\u00eddka 27 vodop\u00e1d\u016f Damajagua z Puerto Plata:<\/h2>\n\t\t\t<div class=\"wpb_video_wrapper\"><iframe loading=\"lazy\" title=\"27 vodop\u00e1d\u016f Damajagua od Booking Adventures &amp; Travel Dominik\u00e1nsk\u00e1 republika\" width=\"1100\" height=\"619\" src=\"https:\/\/www.youtube.com\/embed\/AVNh_we_RQE?start=17&feature=oembed\" frameborder=\"0\" allow=\"accelerometer; autoplay; clipboard-write; encrypted-media; gyroscope; picture-in-picture; web-share\" allowfullscreen><\/iframe><\/div>\n\t\t<\/div>\n\t<\/div>\n<\/div><\/div><\/div><\/div><div class=\"vc_row wpb_row vc_row-fluid\" ><div class=\"wpb_column vc_column_container vc_col-sm-12\"><div class=\"vc_column-inner\"><div class=\"wpb_wrapper\"><div class=\"vc_empty_space\"   style=\"height: 32px\"><span class=\"vc_empty_space_inner\"><\/span><\/div>\n\t<div class=\"wpb_text_column wpb_content_element\" >\n\t\t<div class=\"wpb_wrapper\">\n\t\t\t<p>\nn<\/p>\n<h4>Kontaktujte n\u00e1s?<\/h4>\n<p>n<\/p>\n<h5><em><strong>Rezervace dobrodru\u017estv\u00ed<\/strong><\/em><\/h5>\n<p>n<em><strong>M\u00edstn\u00ed obyvatel\u00e9<\/strong>\u00a0a\u00a0<strong>st\u00e1tn\u00ed p\u0159\u00edslu\u0161n\u00edci<\/strong>\u00a0Pr\u016fvodci a slu\u017eby pro hosty<\/em><br \/>\nn<br \/>\nn<span class=\"text-turquoise\">Rezervace:<\/span>\u00a0Prohl\u00eddky a exkurze v Dom. Rep.<br \/>\nn<br \/>\nn<img decoding=\"async\" class=\"emoji\" draggable=\"false\" src=\"https:\/\/s.w.org\/images\/core\/emoji\/11.2.0\/svg\/1f4de.svg\" alt=\" \" title=\"\">\u00a0Tel \/ Whatsapp\u00a0\u00a0<a href=\"tel:+1-809-720-6035\">+1-809-720-6035<\/a>.<br \/>\nn<br \/>\nn<img decoding=\"async\" class=\"emoji\" draggable=\"false\" src=\"https:\/\/s.w.org\/images\/core\/emoji\/11.2.0\/svg\/1f4e9.svg\" alt=\" \" title=\"\">\u00a0<a href=\"mailto:info@bookingadventures.com.do\">info@bookingadventures.com.do<\/a><br \/>\nn<br \/>\nn<strong>Flexibiln\u011b nastavujeme soukrom\u00e9 prohl\u00eddky od Whatsapp:\u00a0<a href=\"tel:+18097206035\">+18097206035.<\/a><\/strong><\/p>\n\n\t\t<\/div>\n\t<\/div>\n<div class=\"vc_empty_space\"   style=\"height: 32px\"><span class=\"vc_empty_space_inner\"><\/span><\/div><\/div><\/div><\/div><\/div><div class=\"vc_row wpb_row vc_row-fluid\" ><div class=\"wpb_column vc_column_container vc_col-sm-12\"><div class=\"vc_column-inner\"><div class=\"wpb_wrapper\"><div class=\"vc_btn3-container vc_btn3-inline\" ><a class=\"vc_general vc_btn3 vc_btn3-size-md vc_btn3-shape-rounded vc_btn3-style-modern vc_btn3-color-green\" href=\"https:\/\/bookingadventures.tours\/booking.php?tour_id=36f9705bcc61386d84e226d0c35f8a49\" title=\"\" rel=\"noopener\">ZAREZERVOVAT HNED<\/a><\/div><\/div><\/div><\/div><\/div>","protected":false},"excerpt":{"rendered":"<p>From Hotels in Cabarete, Sosua or Puerto Plata. This excursion from 27 waterfalls of Damajagua in Puerto Plata,\u00a0 Lunch and Excursion by the 27 waterfalls, hiking and jumping into the river. n nEcological Trip to the 27 waterfalls of Puerto Plata. Get your Tickets for a half day excursion here in the 27 Waterfall from Damajagua. Entrance tickets with Lunch and Excursion Include to Jump and swimming in the most beautiful waterfalls of the Dominican Republic. Hiking and Swimming with [&hellip;]<\/p>\n","protected":false},"author":2,"featured_media":0,"parent":0,"menu_order":0,"comment_status":"open","ping_status":"closed","template":"","meta":{"footnotes":""},"class_list":["post-15782","page","type-page","status-publish","hentry"],"_links":{"self":[{"href":"https:\/\/www.boattoursamana.com\/cs\/wp-json\/wp\/v2\/pages\/15782","targetHints":{"allow":["GET"]}}],"collection":[{"href":"https:\/\/www.boattoursamana.com\/cs\/wp-json\/wp\/v2\/pages"}],"about":[{"href":"https:\/\/www.boattoursamana.com\/cs\/wp-json\/wp\/v2\/types\/page"}],"author":[{"embeddable":true,"href":"https:\/\/www.boattoursamana.com\/cs\/wp-json\/wp\/v2\/users\/2"}],"replies":[{"embeddable":true,"href":"https:\/\/www.boattoursamana.com\/cs\/wp-json\/wp\/v2\/comments?post=15782"}],"version-history":[{"count":0,"href":"https:\/\/www.boattoursamana.com\/cs\/wp-json\/wp\/v2\/pages\/15782\/revisions"}],"wp:attachment":[{"href":"https:\/\/www.boattoursamana.com\/cs\/wp-json\/wp\/v2\/media?parent=15782"}],"curies":[{"name":"wp","href":"https:\/\/api.w.org\/{rel}","templated":true}]}}